{"id":22964,"date":"2018-05-23T11:31:53","date_gmt":"2018-05-23T10:31:53","guid":{"rendered":"https:\/\/www.babcock-wanson.com\/industries\/brasseries-distilleries\/"},"modified":"2021-08-24T08:05:11","modified_gmt":"2021-08-24T07:05:11","slug":"brasseries-distilleries","status":"publish","type":"page","link":"https:\/\/www.babcock-wanson.com\/fr\/industries\/brasseries-distilleries\/","title":{"rendered":"Brasseries Distilleries"},"content":{"rendered":"<div class=\"vgblk-rw-wrapper limit-wrapper\"><h2>\n\t\tChaudi\u00e8res pour <strong>l&rsquo;industrie des boissons<\/strong>\n\t<\/h2>\n\t<p>L&rsquo;industrie des boissons comprend deux cat\u00e9gories :<\/p>\n<ul>\n<li>Cat\u00e9gories non alcoolis\u00e9es\u00a0 : mise en bouteille et mise en conserve de boissons rafra\u00eechissantes et d&rsquo;eau ; mise en bouteille de jus de fruits, mise en conserve et mise en bo\u00eete ; industrie du caf\u00e9 et du th\u00e9.<\/li>\n<li>Cat\u00e9gories alcoolis\u00e9es : eaux-de-vie distill\u00e9es, vin et brasserie<\/li>\n<\/ul>\n<p>Ce secteur exige un contr\u00f4le pr\u00e9cis et des charges thermiques tr\u00e8s variables. L&rsquo;apport de chaleur doit \u00eatre r\u00e9glable pour r\u00e9agir aux variations soudaines de la charge du process.<\/p>\n<p>Un autre aspect important du process de fabrication des boissons est la pr\u00e9vention de la contamination des produits. Par cons\u00e9quent, une surveillance et un contr\u00f4le de s\u00e9curit\u00e9 pr\u00e9cis sont n\u00e9cessaires pour assurer la qualit\u00e9 du produit.<\/p>\n<h3>Produits recommand\u00e9s<\/h3>\n<p>Babcock Wanson fournit l&rsquo;\u00e9quipement, les technologies et l&rsquo;expertise pour rendre les proc\u00e9d\u00e9s de fabrication de boissons plus s\u00fbr et plus efficace.<\/p>\n<p>Babcock Wanson, gr\u00e2ce \u00e0 ses connaissances internes dans la fabrication de chaudi\u00e8res et de br\u00fbleurs, fournit un \u00e9quipement fiable et robuste pour cette industrie. Les g\u00e9n\u00e9rateurs \u00e0 <a href=\"https:\/\/www.babcock-wanson.com\/fr\/categorie-produit\/chaudieres-serpentins\/\" rel=\"noopener\" target=\"_blank\">vaporisation rapide<\/a> et les <a href=\"https:\/\/www.babcock-wanson.com\/fr\/categorie-produit\/chaudieres-tubes-de-fumees\/\" rel=\"noopener\" target=\"_blank\">chaudi\u00e8res \u00e0 tubes de fum\u00e9es<\/a> sont tous deux bien adapt\u00e9s au process de fabrication des boissons.<\/p>\n<p>Dans le secteur des brasseries, la vapeur est traditionnellement utilis\u00e9e comme m\u00e9thode de chauffage. La vapeur est \u00e9galement utilis\u00e9e pour le lavage des bouteilles et le nettoyage de l&rsquo;\u00e9quipement. Ces applications exigent une utilisation cons\u00e9quente de vapeur et donc une eau de haute qualit\u00e9 qui peut \u00eatre assur\u00e9e par les solutions de traitement de l&rsquo;eau de Babcock Wanson. Babcock Wanson offre une vaste gamme d&rsquo;\u00e9quipements complets de <a href=\"https:\/\/www.babcock-wanson.com\/fr\/categorie-produit\/traitement-de-leau\/\" rel=\"noopener\" target=\"_blank\">traitement de l&rsquo;eau<\/a> pour clarifier, filtrer, st\u00e9riliser et d\u00e9chlorer l&rsquo;eau pour fournir une eau d&rsquo;alimentation de chaudi\u00e8re de haute qualit\u00e9.<\/p>\n<p>L&rsquo;expertise de Babcock Wanson garantit des co\u00fbts d&rsquo;entretien minimaux tout en contr\u00f4lant la corrosion et les d\u00e9p\u00f4ts chimiques dans la chaudi\u00e8re et le syst\u00e8me.<\/p>\n<p>Le chauffage par fluide thermique est une bonne alternative aux syst\u00e8mes \u00e0 vapeur classiques. Les syst\u00e8mes \u00e0 fluide thermique fonctionnent \u00e0 des temp\u00e9ratures \u00e9lev\u00e9es (jusqu&rsquo;\u00e0 350\u00b0C en version standard) en boucle ferm\u00e9e simple et sont utilis\u00e9s avec succ\u00e8s et de mani\u00e8re tr\u00e8s \u00e9conomique pour des proc\u00e9d\u00e9s de brassage tels que l&rsquo;\u00e9bullition du mo\u00fbt.<\/p>\n<h3>Services disponibles<\/h3>\n<p>Babcock Wanson assure un service sur mesure et une assistance technique adapt\u00e9e aux besoins de chaque client et application.<\/p>\n<ul>\n<li><strong>Service t\u00e9l\u00e9phonique et temps de r\u00e9ponse :<\/strong> La mise en \u0153uvre d&rsquo;un plan d&rsquo;entretien et de maintenance rigoureux et planifi\u00e9 accro\u00eet la fiabilit\u00e9 et l&rsquo;efficacit\u00e9 des \u00e9quipements.<\/li>\n<li><strong>Engagement de disponibilit\u00e9 :<\/strong> Le vaste r\u00e9seau de techniciens de maintenance de Babcock Wanson est enti\u00e8rement qualifi\u00e9 et form\u00e9 pour r\u00e9pondre \u00e0 tous les besoins de service.<\/li>\n<\/ul>\n<h3>\n\t\t<strong>Clients<\/strong> dans l\u2019industrie des boissons\n\t<\/h3>\n\t\t\t\t\t\t\t<img loading=\"lazy\" decoding=\"async\" src=\"https:\/\/www.babcock-wanson.com\/wp-content\/uploads\/2019\/02\/Remy_Cointreau_logo.png\" data-srcset=\"https:\/\/www.babcock-wanson.com\/wp-content\/uploads\/2019\/02\/Remy_Cointreau_logo.png\" alt=\"Remy_Cointreau_logo\" height=\"50\" width=\"126\" title=\"Remy_Cointreau_logo\" \/>\t\t\t\t\t\t\t\n\t\t\t\t\t\t\t<img loading=\"lazy\" decoding=\"async\" src=\"https:\/\/www.babcock-wanson.com\/wp-content\/uploads\/2019\/02\/roxane-water-logo.png\" data-srcset=\"https:\/\/www.babcock-wanson.com\/wp-content\/uploads\/2019\/02\/roxane-water-logo.png\" alt=\"roxane-water-logo\" height=\"50\" width=\"64\" title=\"roxane-water-logo\" \/>\t\t\t\t\t\t\t\n\t\t\t\t\t\t\t<img loading=\"lazy\" decoding=\"async\" src=\"https:\/\/www.babcock-wanson.com\/wp-content\/uploads\/2019\/02\/bacardi-martini-logo.png\" alt=\"bacardi-martini-logo\" height=\"50\" width=\"154\" title=\"bacardi-martini-logo\" data-srcset=\"https:\/\/www.babcock-wanson.com\/wp-content\/uploads\/2019\/02\/bacardi-martini-logo.png 154w, https:\/\/www.babcock-wanson.com\/wp-content\/uploads\/2019\/02\/bacardi-martini-logo-150x50.png 150w\" \/>\t\t\t\t\t\t\t\n\t\t\t\t\t\t\t<img loading=\"lazy\" decoding=\"async\" src=\"https:\/\/www.babcock-wanson.com\/wp-content\/uploads\/2019\/02\/Coca-Cola_logo.png\" alt=\"Coca-Cola_logo\" height=\"50\" width=\"151\" title=\"Coca-Cola_logo\" data-srcset=\"https:\/\/www.babcock-wanson.com\/wp-content\/uploads\/2019\/02\/Coca-Cola_logo.png 151w, https:\/\/www.babcock-wanson.com\/wp-content\/uploads\/2019\/02\/Coca-Cola_logo-150x50.png 150w\" \/>\t\t\t\t\t\t\t\n\t\t\t\t\t\t\t<img loading=\"lazy\" decoding=\"async\" src=\"https:\/\/www.babcock-wanson.com\/wp-content\/uploads\/2019\/02\/Heineken-Logo.png\" data-srcset=\"https:\/\/www.babcock-wanson.com\/wp-content\/uploads\/2019\/02\/Heineken-Logo.png\" alt=\"Heineken-Logo\" height=\"50\" width=\"88\" title=\"Heineken-Logo\" \/>\t\t\t\t\t\t\t\n\t\t\t\t\t\t\t<img loading=\"lazy\" decoding=\"async\" src=\"https:\/\/www.babcock-wanson.com\/wp-content\/uploads\/2019\/02\/nestle-waters-logo.png\" data-srcset=\"https:\/\/www.babcock-wanson.com\/wp-content\/uploads\/2019\/02\/nestle-waters-logo.png\" alt=\"nestle-waters-logo\" height=\"50\" width=\"78\" title=\"nestle-waters-logo\" \/>\t\t\t\t\t\t\t\n<h2>\n\t<b>Produits<\/b> Associ\u00e9s\n\t<\/h2>\n\t\t\t\t\t\t<a href=\"https:\/\/www.babcock-wanson.com\/fr\/produits\/chaudieres-fluide-thermique\/tpc-b\/\"><img loading=\"lazy\" decoding=\"async\" width=\"315\" height=\"211\" src=\"https:\/\/www.babcock-wanson.com\/wp-content\/uploads\/2018\/08\/TC-B-Series-side-by-side-315x211.jpg\" alt=\"Leon Wanson et Alfred Parent\" data-attachment-id=\"22981\" data-permalink=\"https:\/\/www.babcock-wanson.com\/fr\/?attachment_id=22981\" data-orig-file=\"https:\/\/www.babcock-wanson.com\/wp-content\/uploads\/2018\/08\/TC-B-Series-side-by-side.jpg\" data-orig-size=\"600,401\" data-comments-opened=\"0\" data-image-meta=\"{&quot;aperture&quot;:&quot;0&quot;,&quot;credit&quot;:&quot;&quot;,&quot;camera&quot;:&quot;&quot;,&quot;caption&quot;:&quot;&quot;,&quot;created_timestamp&quot;:&quot;0&quot;,&quot;copyright&quot;:&quot;&quot;,&quot;focal_length&quot;:&quot;0&quot;,&quot;iso&quot;:&quot;0&quot;,&quot;shutter_speed&quot;:&quot;0&quot;,&quot;title&quot;:&quot;&quot;,&quot;orientation&quot;:&quot;1&quot;}\" data-image-title=\"Serie TPC-B\" data-image-description=\"\" data-medium-file=\"https:\/\/www.babcock-wanson.com\/wp-content\/uploads\/2018\/08\/TC-B-Series-side-by-side-300x201.jpg\" data-large-file=\"https:\/\/www.babcock-wanson.com\/wp-content\/uploads\/2018\/08\/TC-B-Series-side-by-side.jpg\" \/><\/a><a href=\"https:\/\/www.babcock-wanson.com\/fr\/produits\/chaudieres-fluide-thermique\/tpc-b\/\" data-quantity=\"1\" data-product_id=\"23539\" data-product_sku=\"TPC-B Series\" aria-label=\"En savoir plus sur &ldquo;TPC-B&rdquo;\" rel=\"nofollow\">En savoir plus<\/a><a href=\"https:\/\/www.babcock-wanson.com\/fr\/produits\/chaudieres-fluide-thermique\/tpc-b\/\"><h3>TPC-B<\/h3>\n\t\t<\/a>\n\t\t\t\t\t\t<a href=\"https:\/\/www.babcock-wanson.com\/fr\/produits\/chaudieres-tubes-de-fumees\/nbwb\/\"><img loading=\"lazy\" decoding=\"async\" width=\"315\" height=\"210\" src=\"https:\/\/www.babcock-wanson.com\/wp-content\/uploads\/2018\/08\/NBWB-Fire-Tube-Boiler-3-315x210.png\" alt=\"NBWB Tubes de Fum\u00e9es\" data-attachment-id=\"22979\" data-permalink=\"https:\/\/www.babcock-wanson.com\/fr\/?attachment_id=22979\" data-orig-file=\"https:\/\/www.babcock-wanson.com\/wp-content\/uploads\/2018\/08\/NBWB-Fire-Tube-Boiler-3.png\" data-orig-size=\"600,400\" data-comments-opened=\"0\" data-image-meta=\"{&quot;aperture&quot;:&quot;0&quot;,&quot;credit&quot;:&quot;&quot;,&quot;camera&quot;:&quot;&quot;,&quot;caption&quot;:&quot;&quot;,&quot;created_timestamp&quot;:&quot;0&quot;,&quot;copyright&quot;:&quot;&quot;,&quot;focal_length&quot;:&quot;0&quot;,&quot;iso&quot;:&quot;0&quot;,&quot;shutter_speed&quot;:&quot;0&quot;,&quot;title&quot;:&quot;&quot;,&quot;orientation&quot;:&quot;0&quot;}\" data-image-title=\"NBWB Tubes de Fum\u00e9es 3\" data-image-description=\"\" data-medium-file=\"https:\/\/www.babcock-wanson.com\/wp-content\/uploads\/2018\/08\/NBWB-Fire-Tube-Boiler-3-300x200.png\" data-large-file=\"https:\/\/www.babcock-wanson.com\/wp-content\/uploads\/2018\/08\/NBWB-Fire-Tube-Boiler-3.png\" \/><\/a><a href=\"https:\/\/www.babcock-wanson.com\/fr\/produits\/chaudieres-tubes-de-fumees\/nbwb\/\" data-quantity=\"1\" data-product_id=\"23465\" data-product_sku=\"\" aria-label=\"En savoir plus sur &ldquo;NBWB&rdquo;\" rel=\"nofollow\">En savoir plus<\/a><a href=\"https:\/\/www.babcock-wanson.com\/fr\/produits\/chaudieres-tubes-de-fumees\/nbwb\/\"><h3>NBWB<\/h3>\n\t\t<\/a>\n\t\t\t\t\t\t<a href=\"https:\/\/www.babcock-wanson.com\/fr\/produits\/traitement-de-leau\/demineralisation-par-osmose-inverse\/\"><img loading=\"lazy\" decoding=\"async\" width=\"315\" height=\"210\" src=\"https:\/\/www.babcock-wanson.com\/wp-content\/uploads\/2018\/09\/demineralisation-by-reverse-osmosis-2-315x210.jpg\" alt=\"demin\u00e9ralisation-par-osmose-inverse\" data-attachment-id=\"22977\" data-permalink=\"https:\/\/www.babcock-wanson.com\/fr\/?attachment_id=22977\" data-orig-file=\"https:\/\/www.babcock-wanson.com\/wp-content\/uploads\/2018\/09\/demineralisation-by-reverse-osmosis-2.jpg\" data-orig-size=\"600,400\" data-comments-opened=\"0\" data-image-meta=\"{&quot;aperture&quot;:&quot;0&quot;,&quot;credit&quot;:&quot;&quot;,&quot;camera&quot;:&quot;&quot;,&quot;caption&quot;:&quot;&quot;,&quot;created_timestamp&quot;:&quot;0&quot;,&quot;copyright&quot;:&quot;&quot;,&quot;focal_length&quot;:&quot;0&quot;,&quot;iso&quot;:&quot;0&quot;,&quot;shutter_speed&quot;:&quot;0&quot;,&quot;title&quot;:&quot;&quot;,&quot;orientation&quot;:&quot;0&quot;}\" data-image-title=\"demin\u00e9ralisation-par-osmose-inverse-2\" data-image-description=\"\" data-medium-file=\"https:\/\/www.babcock-wanson.com\/wp-content\/uploads\/2018\/09\/demineralisation-by-reverse-osmosis-2-300x200.jpg\" data-large-file=\"https:\/\/www.babcock-wanson.com\/wp-content\/uploads\/2018\/09\/demineralisation-by-reverse-osmosis-2.jpg\" \/><\/a><a href=\"https:\/\/www.babcock-wanson.com\/fr\/produits\/traitement-de-leau\/demineralisation-par-osmose-inverse\/\" data-quantity=\"1\" data-product_id=\"23641\" data-product_sku=\"\" aria-label=\"En savoir plus sur &ldquo;D\u00e9min\u00e9ralisation par Osmose Inverse&rdquo;\" rel=\"nofollow\">En savoir plus<\/a><a href=\"https:\/\/www.babcock-wanson.com\/fr\/produits\/traitement-de-leau\/demineralisation-par-osmose-inverse\/\"><h3>D\u00e9min\u00e9ralisation par Osmose Inverse<\/h3>\n\t\t<\/a>\n\t\t\t\t\t\t<a href=\"https:\/\/www.babcock-wanson.com\/fr\/produits\/chaudieres-tubes-de-fumees\/bwd\/\"><img loading=\"lazy\" decoding=\"async\" width=\"315\" height=\"210\" src=\"https:\/\/www.babcock-wanson.com\/wp-content\/uploads\/2018\/08\/BWD-Fire-Tube-Boilers-4-315x210.png\" alt=\"NBWB Tubes de Fum\u00e9es\" data-attachment-id=\"22983\" data-permalink=\"https:\/\/www.babcock-wanson.com\/fr\/?attachment_id=22983\" data-orig-file=\"https:\/\/www.babcock-wanson.com\/wp-content\/uploads\/2018\/08\/BWD-Fire-Tube-Boilers-4.png\" data-orig-size=\"600,400\" data-comments-opened=\"0\" data-image-meta=\"{&quot;aperture&quot;:&quot;0&quot;,&quot;credit&quot;:&quot;&quot;,&quot;camera&quot;:&quot;&quot;,&quot;caption&quot;:&quot;&quot;,&quot;created_timestamp&quot;:&quot;0&quot;,&quot;copyright&quot;:&quot;&quot;,&quot;focal_length&quot;:&quot;0&quot;,&quot;iso&quot;:&quot;0&quot;,&quot;shutter_speed&quot;:&quot;0&quot;,&quot;title&quot;:&quot;&quot;,&quot;orientation&quot;:&quot;0&quot;}\" data-image-title=\"NBWB Tubes de Fum\u00e9es 4\" data-image-description=\"\" data-medium-file=\"https:\/\/www.babcock-wanson.com\/wp-content\/uploads\/2018\/08\/BWD-Fire-Tube-Boilers-4-300x200.png\" data-large-file=\"https:\/\/www.babcock-wanson.com\/wp-content\/uploads\/2018\/08\/BWD-Fire-Tube-Boilers-4.png\" \/><\/a><a href=\"https:\/\/www.babcock-wanson.com\/fr\/produits\/chaudieres-tubes-de-fumees\/bwd\/\" data-quantity=\"1\" data-product_id=\"23473\" data-product_sku=\"\" aria-label=\"En savoir plus sur &ldquo;BWD&rdquo;\" rel=\"nofollow\">En savoir plus<\/a><a href=\"https:\/\/www.babcock-wanson.com\/fr\/produits\/chaudieres-tubes-de-fumees\/bwd\/\"><h3>BWD<\/h3>\n\t\t<\/a>\n<\/div><!-- .vgblk-rw-wrapper -->","protected":false},"excerpt":{"rendered":"<p>Chaudi\u00e8res pour l&rsquo;industrie des boissons L&rsquo;industrie des boissons comprend deux cat\u00e9gories : Cat\u00e9gories non alcoolis\u00e9es\u00a0 : mise en bouteille et mise en conserve de boissons rafra\u00eechissantes et d&rsquo;eau ; mise en bouteille de jus de fruits, mise en conserve et mise en bo\u00eete ; industrie du caf\u00e9 et du th\u00e9. Cat\u00e9gories alcoolis\u00e9es : eaux-de-vie distill\u00e9es,&#8230;<\/p>\n","protected":false},"author":1,"featured_media":0,"parent":22945,"menu_order":0,"comment_status":"closed","ping_status":"closed","template":"","meta":{"_acf_changed":false,"_relevanssi_hide_post":"","_relevanssi_hide_content":"","_relevanssi_pin_for_all":"","_relevanssi_pin_keywords":"","_relevanssi_unpin_keywords":"","_relevanssi_related_keywords":"","_relevanssi_related_include_ids":"","_relevanssi_related_exclude_ids":"","_relevanssi_related_no_append":"","_relevanssi_related_not_related":"","_relevanssi_related_posts":"","_relevanssi_noindex_reason":"","footnotes":""},"class_list":["post-22964","page","type-page","status-publish","hentry"],"acf":[],"yoast_head":"<!-- This site is optimized with the Yoast SEO Premium plugin v27.4 (Yoast SEO v27.4) - https:\/\/yoast.com\/product\/yoast-seo-premium-wordpress\/ -->\n<title>Brasseries Distilleries - Babcock Wanson<\/title>\n<meta name=\"description\" content=\"L&#039;industrie des boissons exige un contr\u00f4le pr\u00e9cis et des charges thermiques tr\u00e8s variables. Nos chaudi\u00e8res pour l&#039;industrie des boissons permettent ce contr\u00f4le. Visitez notre site pour pour en savoir plus\" \/>\n<meta name=\"robots\" content=\"index, follow, max-snippet:-1, max-image-preview:large, max-video-preview:-1\" \/>\n<link rel=\"canonical\" href=\"https:\/\/www.babcock-wanson.com\/fr\/industries\/brasseries-distilleries\/\" \/>\n<meta property=\"og:locale\" content=\"fr_FR\" \/>\n<meta property=\"og:type\" content=\"article\" \/>\n<meta property=\"og:title\" content=\"Brasseries Distilleries\" \/>\n<meta property=\"og:description\" content=\"L&#039;industrie des boissons exige un contr\u00f4le pr\u00e9cis et des charges thermiques tr\u00e8s variables. Nos chaudi\u00e8res pour l&#039;industrie des boissons permettent ce contr\u00f4le. Visitez notre site pour pour en savoir plus\" \/>\n<meta property=\"og:url\" content=\"https:\/\/www.babcock-wanson.com\/fr\/industries\/brasseries-distilleries\/\" \/>\n<meta property=\"og:site_name\" content=\"Babcock Wanson\" \/>\n<meta property=\"article:modified_time\" content=\"2021-08-24T07:05:11+00:00\" \/>\n<meta property=\"og:image\" content=\"https:\/\/www.babcock-wanson.com\/wp-content\/uploads\/2019\/02\/Remy_Cointreau_logo.png\" \/>\n<meta name=\"twitter:card\" content=\"summary_large_image\" \/>\n<meta name=\"twitter:label1\" content=\"Est. reading time\" \/>\n\t<meta name=\"twitter:data1\" content=\"3 minutes\" \/>\n<script type=\"application\/ld+json\" class=\"yoast-schema-graph\">{\"@context\":\"https:\\\/\\\/schema.org\",\"@graph\":[{\"@type\":\"WebPage\",\"@id\":\"https:\\\/\\\/www.babcock-wanson.com\\\/fr\\\/industries\\\/brasseries-distilleries\\\/\",\"url\":\"https:\\\/\\\/www.babcock-wanson.com\\\/fr\\\/industries\\\/brasseries-distilleries\\\/\",\"name\":\"Brasseries Distilleries - Babcock Wanson\",\"isPartOf\":{\"@id\":\"https:\\\/\\\/www.babcock-wanson.com\\\/fr\\\/#website\"},\"primaryImageOfPage\":{\"@id\":\"https:\\\/\\\/www.babcock-wanson.com\\\/fr\\\/industries\\\/brasseries-distilleries\\\/#primaryimage\"},\"image\":{\"@id\":\"https:\\\/\\\/www.babcock-wanson.com\\\/fr\\\/industries\\\/brasseries-distilleries\\\/#primaryimage\"},\"thumbnailUrl\":\"https:\\\/\\\/www.babcock-wanson.com\\\/wp-content\\\/uploads\\\/2019\\\/02\\\/Remy_Cointreau_logo.png\",\"datePublished\":\"2018-05-23T10:31:53+00:00\",\"dateModified\":\"2021-08-24T07:05:11+00:00\",\"description\":\"L'industrie des boissons exige un contr\u00f4le pr\u00e9cis et des charges thermiques tr\u00e8s variables. Nos chaudi\u00e8res pour l'industrie des boissons permettent ce contr\u00f4le. Visitez notre site pour pour en savoir plus\",\"breadcrumb\":{\"@id\":\"https:\\\/\\\/www.babcock-wanson.com\\\/fr\\\/industries\\\/brasseries-distilleries\\\/#breadcrumb\"},\"inLanguage\":\"fr-FR\",\"potentialAction\":[{\"@type\":\"ReadAction\",\"target\":[\"https:\\\/\\\/www.babcock-wanson.com\\\/fr\\\/industries\\\/brasseries-distilleries\\\/\"]}]},{\"@type\":\"ImageObject\",\"inLanguage\":\"fr-FR\",\"@id\":\"https:\\\/\\\/www.babcock-wanson.com\\\/fr\\\/industries\\\/brasseries-distilleries\\\/#primaryimage\",\"url\":\"https:\\\/\\\/www.babcock-wanson.com\\\/wp-content\\\/uploads\\\/2019\\\/02\\\/Remy_Cointreau_logo.png\",\"contentUrl\":\"https:\\\/\\\/www.babcock-wanson.com\\\/wp-content\\\/uploads\\\/2019\\\/02\\\/Remy_Cointreau_logo.png\"},{\"@type\":\"BreadcrumbList\",\"@id\":\"https:\\\/\\\/www.babcock-wanson.com\\\/fr\\\/industries\\\/brasseries-distilleries\\\/#breadcrumb\",\"itemListElement\":[{\"@type\":\"ListItem\",\"position\":1,\"name\":\"Accueil\",\"item\":\"https:\\\/\\\/www.babcock-wanson.com\\\/fr\\\/\"},{\"@type\":\"ListItem\",\"position\":2,\"name\":\"Nos industries\",\"item\":\"https:\\\/\\\/www.babcock-wanson.com\\\/fr\\\/industries\\\/\"},{\"@type\":\"ListItem\",\"position\":3,\"name\":\"Brasseries Distilleries\"}]},{\"@type\":\"WebSite\",\"@id\":\"https:\\\/\\\/www.babcock-wanson.com\\\/fr\\\/#website\",\"url\":\"https:\\\/\\\/www.babcock-wanson.com\\\/fr\\\/\",\"name\":\"Babcock Wanson\",\"description\":\"\",\"publisher\":{\"@id\":\"https:\\\/\\\/www.babcock-wanson.com\\\/fr\\\/#organization\"},\"potentialAction\":[{\"@type\":\"SearchAction\",\"target\":{\"@type\":\"EntryPoint\",\"urlTemplate\":\"https:\\\/\\\/www.babcock-wanson.com\\\/fr\\\/?s={search_term_string}\"},\"query-input\":{\"@type\":\"PropertyValueSpecification\",\"valueRequired\":true,\"valueName\":\"search_term_string\"}}],\"inLanguage\":\"fr-FR\"},{\"@type\":\"Organization\",\"@id\":\"https:\\\/\\\/www.babcock-wanson.com\\\/fr\\\/#organization\",\"name\":\"Babcock Wanson\",\"url\":\"https:\\\/\\\/www.babcock-wanson.com\\\/fr\\\/\",\"logo\":{\"@type\":\"ImageObject\",\"inLanguage\":\"fr-FR\",\"@id\":\"https:\\\/\\\/www.babcock-wanson.com\\\/fr\\\/#\\\/schema\\\/logo\\\/image\\\/\",\"url\":\"https:\\\/\\\/www.babcock-wanson.com\\\/wp-content\\\/uploads\\\/2024\\\/02\\\/Babcock-Wanson-1200x1200-1.png\",\"contentUrl\":\"https:\\\/\\\/www.babcock-wanson.com\\\/wp-content\\\/uploads\\\/2024\\\/02\\\/Babcock-Wanson-1200x1200-1.png\",\"width\":1200,\"height\":1200,\"caption\":\"Babcock Wanson\"},\"image\":{\"@id\":\"https:\\\/\\\/www.babcock-wanson.com\\\/fr\\\/#\\\/schema\\\/logo\\\/image\\\/\"},\"sameAs\":[\"https:\\\/\\\/www.linkedin.com\\\/company\\\/babcock-wanson\\\/\",\"https:\\\/\\\/www.youtube.com\\\/channel\\\/UCtxl25VieBBsP2kYmtlyv7A\"]}]}<\/script>\n<!-- \/ Yoast SEO Premium plugin. -->","yoast_head_json":{"title":"Brasseries Distilleries - Babcock Wanson","description":"L'industrie des boissons exige un contr\u00f4le pr\u00e9cis et des charges thermiques tr\u00e8s variables. Nos chaudi\u00e8res pour l'industrie des boissons permettent ce contr\u00f4le. Visitez notre site pour pour en savoir plus","robots":{"index":"index","follow":"follow","max-snippet":"max-snippet:-1","max-image-preview":"max-image-preview:large","max-video-preview":"max-video-preview:-1"},"canonical":"https:\/\/www.babcock-wanson.com\/fr\/industries\/brasseries-distilleries\/","og_locale":"fr_FR","og_type":"article","og_title":"Brasseries Distilleries","og_description":"L'industrie des boissons exige un contr\u00f4le pr\u00e9cis et des charges thermiques tr\u00e8s variables. Nos chaudi\u00e8res pour l'industrie des boissons permettent ce contr\u00f4le. Visitez notre site pour pour en savoir plus","og_url":"https:\/\/www.babcock-wanson.com\/fr\/industries\/brasseries-distilleries\/","og_site_name":"Babcock Wanson","article_modified_time":"2021-08-24T07:05:11+00:00","og_image":[{"url":"https:\/\/www.babcock-wanson.com\/wp-content\/uploads\/2019\/02\/Remy_Cointreau_logo.png","type":"","width":"","height":""}],"twitter_card":"summary_large_image","twitter_misc":{"Est. reading time":"3 minutes"},"schema":{"@context":"https:\/\/schema.org","@graph":[{"@type":"WebPage","@id":"https:\/\/www.babcock-wanson.com\/fr\/industries\/brasseries-distilleries\/","url":"https:\/\/www.babcock-wanson.com\/fr\/industries\/brasseries-distilleries\/","name":"Brasseries Distilleries - Babcock Wanson","isPartOf":{"@id":"https:\/\/www.babcock-wanson.com\/fr\/#website"},"primaryImageOfPage":{"@id":"https:\/\/www.babcock-wanson.com\/fr\/industries\/brasseries-distilleries\/#primaryimage"},"image":{"@id":"https:\/\/www.babcock-wanson.com\/fr\/industries\/brasseries-distilleries\/#primaryimage"},"thumbnailUrl":"https:\/\/www.babcock-wanson.com\/wp-content\/uploads\/2019\/02\/Remy_Cointreau_logo.png","datePublished":"2018-05-23T10:31:53+00:00","dateModified":"2021-08-24T07:05:11+00:00","description":"L'industrie des boissons exige un contr\u00f4le pr\u00e9cis et des charges thermiques tr\u00e8s variables. Nos chaudi\u00e8res pour l'industrie des boissons permettent ce contr\u00f4le. Visitez notre site pour pour en savoir plus","breadcrumb":{"@id":"https:\/\/www.babcock-wanson.com\/fr\/industries\/brasseries-distilleries\/#breadcrumb"},"inLanguage":"fr-FR","potentialAction":[{"@type":"ReadAction","target":["https:\/\/www.babcock-wanson.com\/fr\/industries\/brasseries-distilleries\/"]}]},{"@type":"ImageObject","inLanguage":"fr-FR","@id":"https:\/\/www.babcock-wanson.com\/fr\/industries\/brasseries-distilleries\/#primaryimage","url":"https:\/\/www.babcock-wanson.com\/wp-content\/uploads\/2019\/02\/Remy_Cointreau_logo.png","contentUrl":"https:\/\/www.babcock-wanson.com\/wp-content\/uploads\/2019\/02\/Remy_Cointreau_logo.png"},{"@type":"BreadcrumbList","@id":"https:\/\/www.babcock-wanson.com\/fr\/industries\/brasseries-distilleries\/#breadcrumb","itemListElement":[{"@type":"ListItem","position":1,"name":"Accueil","item":"https:\/\/www.babcock-wanson.com\/fr\/"},{"@type":"ListItem","position":2,"name":"Nos industries","item":"https:\/\/www.babcock-wanson.com\/fr\/industries\/"},{"@type":"ListItem","position":3,"name":"Brasseries Distilleries"}]},{"@type":"WebSite","@id":"https:\/\/www.babcock-wanson.com\/fr\/#website","url":"https:\/\/www.babcock-wanson.com\/fr\/","name":"Babcock Wanson","description":"","publisher":{"@id":"https:\/\/www.babcock-wanson.com\/fr\/#organization"},"potentialAction":[{"@type":"SearchAction","target":{"@type":"EntryPoint","urlTemplate":"https:\/\/www.babcock-wanson.com\/fr\/?s={search_term_string}"},"query-input":{"@type":"PropertyValueSpecification","valueRequired":true,"valueName":"search_term_string"}}],"inLanguage":"fr-FR"},{"@type":"Organization","@id":"https:\/\/www.babcock-wanson.com\/fr\/#organization","name":"Babcock Wanson","url":"https:\/\/www.babcock-wanson.com\/fr\/","logo":{"@type":"ImageObject","inLanguage":"fr-FR","@id":"https:\/\/www.babcock-wanson.com\/fr\/#\/schema\/logo\/image\/","url":"https:\/\/www.babcock-wanson.com\/wp-content\/uploads\/2024\/02\/Babcock-Wanson-1200x1200-1.png","contentUrl":"https:\/\/www.babcock-wanson.com\/wp-content\/uploads\/2024\/02\/Babcock-Wanson-1200x1200-1.png","width":1200,"height":1200,"caption":"Babcock Wanson"},"image":{"@id":"https:\/\/www.babcock-wanson.com\/fr\/#\/schema\/logo\/image\/"},"sameAs":["https:\/\/www.linkedin.com\/company\/babcock-wanson\/","https:\/\/www.youtube.com\/channel\/UCtxl25VieBBsP2kYmtlyv7A"]}]}},"jetpack_sharing_enabled":true,"_links":{"self":[{"href":"https:\/\/www.babcock-wanson.com\/fr\/wp-json\/wp\/v2\/pages\/22964","targetHints":{"allow":["GET"]}}],"collection":[{"href":"https:\/\/www.babcock-wanson.com\/fr\/wp-json\/wp\/v2\/pages"}],"about":[{"href":"https:\/\/www.babcock-wanson.com\/fr\/wp-json\/wp\/v2\/types\/page"}],"author":[{"embeddable":true,"href":"https:\/\/www.babcock-wanson.com\/fr\/wp-json\/wp\/v2\/users\/1"}],"replies":[{"embeddable":true,"href":"https:\/\/www.babcock-wanson.com\/fr\/wp-json\/wp\/v2\/comments?post=22964"}],"version-history":[{"count":8,"href":"https:\/\/www.babcock-wanson.com\/fr\/wp-json\/wp\/v2\/pages\/22964\/revisions"}],"predecessor-version":[{"id":39831,"href":"https:\/\/www.babcock-wanson.com\/fr\/wp-json\/wp\/v2\/pages\/22964\/revisions\/39831"}],"up":[{"embeddable":true,"href":"https:\/\/www.babcock-wanson.com\/fr\/wp-json\/wp\/v2\/pages\/22945"}],"wp:attachment":[{"href":"https:\/\/www.babcock-wanson.com\/fr\/wp-json\/wp\/v2\/media?parent=22964"}],"curies":[{"name":"wp","href":"https:\/\/api.w.org\/{rel}","templated":true}]}}