{"id":23008,"date":"2020-02-08T20:31:49","date_gmt":"2020-02-08T20:31:49","guid":{"rendered":"https:\/\/www.babcock-wanson.com\/industries\/industrie-des-materiaux-de-construction\/"},"modified":"2021-08-24T07:51:40","modified_gmt":"2021-08-24T06:51:40","slug":"industrie-des-materiaux-de-construction","status":"publish","type":"page","link":"https:\/\/www.babcock-wanson.com\/fr\/industries\/industrie-des-materiaux-de-construction\/","title":{"rendered":"Industrie des mat\u00e9riaux de construction"},"content":{"rendered":"<div class=\"vgblk-rw-wrapper limit-wrapper\"><h2>\n\t\tChaudi\u00e8res pour <\/strong>l&rsquo;industrie des mat\u00e9riaux de construction<\/strong>\n\t<\/h2>\n\t<p>Les besoins en chaleur des proc\u00e9d\u00e9s de fabrication des mat\u00e9riaux de construction sont tr\u00e8s vari\u00e9s. Du besoin de stockage \u00e0 haute temp\u00e9rature pour les usines d&rsquo;enrobages (production de bitume et d&rsquo;asphalte) jusqu&rsquo;\u00e0 la fabrication d&rsquo;isolants ou la production de peinture, Babcock Wanson a une solution pour r\u00e9pondre aux besoins de chaque process.<\/p>\n<p>L&rsquo;un des facteurs les plus importants dans la gestion du bitume est le processus de chauffage des r\u00e9servoirs de stockage des produits. La temp\u00e9rature du bitume doit \u00eatre maintenue \u00e0 un niveau suffisamment \u00e9lev\u00e9 &#8211; une temp\u00e9rature constante de 165\u00b0C en r\u00e8gle g\u00e9n\u00e9rale &#8211; pour maintenir sa fluidit\u00e9 afin d&rsquo;assurer que le produit puisse encore \u00eatre pomp\u00e9 quand il arrive sur site. Lorsque la temp\u00e9rature du bitume est trop basse, il devient difficile, voire impossible, de le pomper et donc de l&rsquo;utiliser.<\/p>\n<h3>Produits recommand\u00e9s<\/h3>\n<p>Il existe trois sources de chaleur de base qui sont couramment utilis\u00e9es pour chauffer les r\u00e9servoirs de stockage de bitume. La premi\u00e8re de ces sources, et la plus fondamentale, est l&rsquo;eau chaude, qui, lorsqu&rsquo;elle est utilis\u00e9e dans un syst\u00e8me ferm\u00e9 \u00e0 haute pression, peut fournir des taux \u00e9lev\u00e9s de transfert de chaleur &#8211; mais seulement avec de l&rsquo;eau \u00e0 haute pression et avec des possibilit\u00e9s limit\u00e9es de faire monter la temp\u00e9rature de quelques degr\u00e9s si n\u00e9cessaire.<\/p>\n<p>La deuxi\u00e8me source de chauffage utilis\u00e9e est la vapeur. Cette forme la plus traditionnelle de chauffage par proc\u00e9d\u00e9 utilisant de la vapeur, produite \u00e0 l&rsquo;aide de <a href=\"https:\/\/www.babcock-wanson.com\/fr\/categorie-produit\/chaudieres-tubes-de-fumees\/\" rel=\"noopener\" target=\"_blank\">chaudi\u00e8res \u00e0 tubes de fum\u00e9es<\/a> ou de <a href=\"https:\/\/www.babcock-wanson.com\/fr\/categorie-produit\/chaudieres-serpentins\/\" rel=\"noopener\" target=\"_blank\">g\u00e9n\u00e9rateurs de vapeur \u00e0 serpentins<\/a>, pr\u00e9sente un certain nombre d&rsquo;avantages, notamment un coefficient de transfert thermique \u00e9lev\u00e9, et la capacit\u00e9 de maintenir le transfert thermique \u00e0 temp\u00e9rature constante. Cette m\u00e9thode de chauffage des r\u00e9servoirs de stockage de bitume est encore largement utilis\u00e9e, mais elle est souvent remplac\u00e9e par l&rsquo;utilisation de <a href=\"https:\/\/www.babcock-wanson.com\/fr\/categorie-produit\/chaudieres-fluide-thermique\/\" rel=\"noopener\" target=\"_blank\">chaudi\u00e8res fluide thermique<\/a> en raison de leur fonctionnement tr\u00e8s simple \u00e0 haute temp\u00e9rature, en boucle ferm\u00e9e et \u00e0 basse pression.<\/p>\n<p>Un syst\u00e8me \u00e0 fluide thermique fonctionne comme un circuit ferm\u00e9 \u00e0 basse pression. Les pertes de chaleur sont minimes, ce qui en fait la m\u00e9thode la plus efficace pour chauffer les r\u00e9servoirs de bitume. Contrairement aux syst\u00e8mes \u00e0 vapeur qui, en raison de leur taille, doivent g\u00e9n\u00e9ralement se trouver dans un local s\u00e9par\u00e9, les syst\u00e8mes \u00e0 fluide thermique sont de taille compacte et ne n\u00e9cessitent pas d\u2019am\u00e9nagements particuliers sur site.<\/p>\n<h3>Services disponibles<\/h3>\n<p>Afin d\u2019assurer une disponibilit\u00e9 op\u00e9rationnelle maximum des \u00e9quipements, Babcock Wanson s\u2019engage \u00e0 offrir un <a href=\"https:\/\/www.babcock-wanson.com\/fr\/nos-services\/\">service et une assistance technique<\/a> personnalis\u00e9s en fonction des besoins du client.<\/p>\n<ul>\n<li><strong>Service t\u00e9l\u00e9phonique et r\u00e9activit\u00e9 :<\/strong> La mise en \u0153uvre d\u2019un plan rigoureux de maintenance planifi\u00e9e assurera une fiabilit\u00e9 et une efficacit\u00e9 accrues des \u00e9quipements.<\/li>\n<li><strong>Engagement de disponibilit\u00e9 :<\/strong> Notre vaste r\u00e9seau de techniciens de maintenance est enti\u00e8rement qualifi\u00e9 et form\u00e9 pour r\u00e9pondre \u00e0 tous les besoins de service li\u00e9s \u00e0 votre chaufferie ou \u00e0 votre chaudi\u00e8re.<\/li>\n<\/ul>\n<h3>\n\t\t<\/strong>Clients<\/strong> dans l\u2019industrie des mat\u00e9riaux de construction\n\t<\/h3>\n\t\t\t\t\t\t\t<img loading=\"lazy\" decoding=\"async\" src=\"https:\/\/www.babcock-wanson.com\/wp-content\/uploads\/2019\/02\/ALSTOM-logo.png\" data-srcset=\"https:\/\/www.babcock-wanson.com\/wp-content\/uploads\/2019\/02\/ALSTOM-logo.png\" alt=\"ALSTOM-logo\" height=\"50\" width=\"184\" title=\"ALSTOM-logo\" \/>\t\t\t\t\t\t\t\n\t\t\t\t\t\t\t<img loading=\"lazy\" decoding=\"async\" src=\"https:\/\/www.babcock-wanson.com\/wp-content\/uploads\/2019\/02\/ARCELOR-MITTAL-logo.png\" data-srcset=\"https:\/\/www.babcock-wanson.com\/wp-content\/uploads\/2019\/02\/ARCELOR-MITTAL-logo.png\" alt=\"ARCELOR-MITTAL-logo\" height=\"50\" width=\"97\" title=\"ARCELOR-MITTAL-logo\" \/>\t\t\t\t\t\t\t\n\t\t\t\t\t\t\t<img loading=\"lazy\" decoding=\"async\" src=\"https:\/\/www.babcock-wanson.com\/wp-content\/uploads\/2019\/02\/BOUYGUES-CONSTRUCTION-logo.png\" data-srcset=\"https:\/\/www.babcock-wanson.com\/wp-content\/uploads\/2019\/02\/BOUYGUES-CONSTRUCTION-logo.png\" alt=\"BOUYGUES-CONSTRUCTION-logo\" height=\"50\" width=\"98\" title=\"BOUYGUES-CONSTRUCTION-logo\" \/>\t\t\t\t\t\t\t\n\t\t\t\t\t\t\t<img loading=\"lazy\" decoding=\"async\" src=\"https:\/\/www.babcock-wanson.com\/wp-content\/uploads\/2019\/02\/Gurit-logo.png\" data-srcset=\"https:\/\/www.babcock-wanson.com\/wp-content\/uploads\/2019\/02\/Gurit-logo.png\" alt=\"Gurit-logo\" height=\"50\" width=\"133\" title=\"Gurit-logo\" \/>\t\t\t\t\t\t\t\n\t\t\t\t\t\t\t<img loading=\"lazy\" decoding=\"async\" src=\"https:\/\/www.babcock-wanson.com\/wp-content\/uploads\/2019\/02\/jaguar-land-rover-logo.png\" data-srcset=\"https:\/\/www.babcock-wanson.com\/wp-content\/uploads\/2019\/02\/jaguar-land-rover-logo.png\" alt=\"jaguar-land-rover-logo\" height=\"50\" width=\"140\" title=\"jaguar-land-rover-logo\" \/>\t\t\t\t\t\t\t\n\t\t\t\t\t\t\t<img loading=\"lazy\" decoding=\"async\" src=\"https:\/\/www.babcock-wanson.com\/wp-content\/uploads\/2019\/02\/PSA-PEUGEOT-CITROEN-logo.png\" data-srcset=\"https:\/\/www.babcock-wanson.com\/wp-content\/uploads\/2019\/02\/PSA-PEUGEOT-CITROEN-logo.png\" alt=\"PSA-PEUGEOT-CITROEN-logo\" height=\"50\" width=\"271\" title=\"PSA-PEUGEOT-CITROEN-logo\" \/>\t\t\t\t\t\t\t\n<h2>\n\t<\/b>Produits<\/b> Associ\u00e9s\n\t<\/h2>\n\t\t\t\t\t\t<a href=\"https:\/\/www.babcock-wanson.com\/fr\/produits\/chaudieres-tubes-de-fumees\/nbwb\/\"><img loading=\"lazy\" decoding=\"async\" width=\"315\" height=\"210\" src=\"https:\/\/www.babcock-wanson.com\/wp-content\/uploads\/2018\/08\/NBWB-Fire-Tube-Boiler-3-315x210.png\" alt=\"NBWB Tubes de Fum\u00e9es\" data-attachment-id=\"22979\" data-permalink=\"https:\/\/www.babcock-wanson.com\/fr\/?attachment_id=22979\" data-orig-file=\"https:\/\/www.babcock-wanson.com\/wp-content\/uploads\/2018\/08\/NBWB-Fire-Tube-Boiler-3.png\" data-orig-size=\"600,400\" data-comments-opened=\"0\" data-image-meta=\"{&quot;aperture&quot;:&quot;0&quot;,&quot;credit&quot;:&quot;&quot;,&quot;camera&quot;:&quot;&quot;,&quot;caption&quot;:&quot;&quot;,&quot;created_timestamp&quot;:&quot;0&quot;,&quot;copyright&quot;:&quot;&quot;,&quot;focal_length&quot;:&quot;0&quot;,&quot;iso&quot;:&quot;0&quot;,&quot;shutter_speed&quot;:&quot;0&quot;,&quot;title&quot;:&quot;&quot;,&quot;orientation&quot;:&quot;0&quot;}\" data-image-title=\"NBWB Tubes de Fum\u00e9es 3\" data-image-description=\"\" data-medium-file=\"https:\/\/www.babcock-wanson.com\/wp-content\/uploads\/2018\/08\/NBWB-Fire-Tube-Boiler-3-300x200.png\" data-large-file=\"https:\/\/www.babcock-wanson.com\/wp-content\/uploads\/2018\/08\/NBWB-Fire-Tube-Boiler-3.png\" \/><\/a><a href=\"https:\/\/www.babcock-wanson.com\/fr\/produits\/chaudieres-tubes-de-fumees\/nbwb\/\" data-quantity=\"1\" data-product_id=\"23465\" data-product_sku=\"\" aria-label=\"En savoir plus sur &ldquo;NBWB&rdquo;\" rel=\"nofollow\">En savoir plus<\/a><a href=\"https:\/\/www.babcock-wanson.com\/fr\/produits\/chaudieres-tubes-de-fumees\/nbwb\/\"><h3>NBWB<\/h3>\n\t\t<\/a>\n\t\t\t\t\t\t<a href=\"https:\/\/www.babcock-wanson.com\/fr\/produits\/chaudieres-fluide-thermique\/tpc-b\/\"><img loading=\"lazy\" decoding=\"async\" width=\"315\" height=\"211\" src=\"https:\/\/www.babcock-wanson.com\/wp-content\/uploads\/2018\/08\/TC-B-Series-side-by-side-315x211.jpg\" alt=\"Leon Wanson et Alfred Parent\" data-attachment-id=\"22981\" data-permalink=\"https:\/\/www.babcock-wanson.com\/fr\/?attachment_id=22981\" data-orig-file=\"https:\/\/www.babcock-wanson.com\/wp-content\/uploads\/2018\/08\/TC-B-Series-side-by-side.jpg\" data-orig-size=\"600,401\" data-comments-opened=\"0\" data-image-meta=\"{&quot;aperture&quot;:&quot;0&quot;,&quot;credit&quot;:&quot;&quot;,&quot;camera&quot;:&quot;&quot;,&quot;caption&quot;:&quot;&quot;,&quot;created_timestamp&quot;:&quot;0&quot;,&quot;copyright&quot;:&quot;&quot;,&quot;focal_length&quot;:&quot;0&quot;,&quot;iso&quot;:&quot;0&quot;,&quot;shutter_speed&quot;:&quot;0&quot;,&quot;title&quot;:&quot;&quot;,&quot;orientation&quot;:&quot;1&quot;}\" data-image-title=\"Serie TPC-B\" data-image-description=\"\" data-medium-file=\"https:\/\/www.babcock-wanson.com\/wp-content\/uploads\/2018\/08\/TC-B-Series-side-by-side-300x201.jpg\" data-large-file=\"https:\/\/www.babcock-wanson.com\/wp-content\/uploads\/2018\/08\/TC-B-Series-side-by-side.jpg\" \/><\/a><a href=\"https:\/\/www.babcock-wanson.com\/fr\/produits\/chaudieres-fluide-thermique\/tpc-b\/\" data-quantity=\"1\" data-product_id=\"23539\" data-product_sku=\"TPC-B Series\" aria-label=\"En savoir plus sur &ldquo;TPC-B&rdquo;\" rel=\"nofollow\">En savoir plus<\/a><a href=\"https:\/\/www.babcock-wanson.com\/fr\/produits\/chaudieres-fluide-thermique\/tpc-b\/\"><h3>TPC-B<\/h3>\n\t\t<\/a>\n\t\t\t\t\t\t<a href=\"https:\/\/www.babcock-wanson.com\/fr\/produits\/chaudieres-tubes-de-fumees\/bwd\/\"><img loading=\"lazy\" decoding=\"async\" width=\"315\" height=\"210\" src=\"https:\/\/www.babcock-wanson.com\/wp-content\/uploads\/2018\/08\/BWD-Fire-Tube-Boilers-4-315x210.png\" alt=\"NBWB Tubes de Fum\u00e9es\" data-attachment-id=\"22983\" data-permalink=\"https:\/\/www.babcock-wanson.com\/fr\/?attachment_id=22983\" data-orig-file=\"https:\/\/www.babcock-wanson.com\/wp-content\/uploads\/2018\/08\/BWD-Fire-Tube-Boilers-4.png\" data-orig-size=\"600,400\" data-comments-opened=\"0\" data-image-meta=\"{&quot;aperture&quot;:&quot;0&quot;,&quot;credit&quot;:&quot;&quot;,&quot;camera&quot;:&quot;&quot;,&quot;caption&quot;:&quot;&quot;,&quot;created_timestamp&quot;:&quot;0&quot;,&quot;copyright&quot;:&quot;&quot;,&quot;focal_length&quot;:&quot;0&quot;,&quot;iso&quot;:&quot;0&quot;,&quot;shutter_speed&quot;:&quot;0&quot;,&quot;title&quot;:&quot;&quot;,&quot;orientation&quot;:&quot;0&quot;}\" data-image-title=\"NBWB Tubes de Fum\u00e9es 4\" data-image-description=\"\" data-medium-file=\"https:\/\/www.babcock-wanson.com\/wp-content\/uploads\/2018\/08\/BWD-Fire-Tube-Boilers-4-300x200.png\" data-large-file=\"https:\/\/www.babcock-wanson.com\/wp-content\/uploads\/2018\/08\/BWD-Fire-Tube-Boilers-4.png\" \/><\/a><a href=\"https:\/\/www.babcock-wanson.com\/fr\/produits\/chaudieres-tubes-de-fumees\/bwd\/\" data-quantity=\"1\" data-product_id=\"23473\" data-product_sku=\"\" aria-label=\"En savoir plus sur &ldquo;BWD&rdquo;\" rel=\"nofollow\">En savoir plus<\/a><a href=\"https:\/\/www.babcock-wanson.com\/fr\/produits\/chaudieres-tubes-de-fumees\/bwd\/\"><h3>BWD<\/h3>\n\t\t<\/a>\n\t\t\t\t\t\t<a href=\"https:\/\/www.babcock-wanson.com\/fr\/produits\/chaudieres-fluide-thermique\/epc-es\/\"><img loading=\"lazy\" decoding=\"async\" width=\"315\" height=\"210\" src=\"https:\/\/www.babcock-wanson.com\/wp-content\/uploads\/2018\/08\/EPC-ES-Thermal-Fluid-Heater-2-315x210.png\" alt=\"EPC-ES Chaudi\u00e8re fluide thermique\" data-attachment-id=\"22935\" data-permalink=\"https:\/\/www.babcock-wanson.com\/fr\/?attachment_id=22935\" data-orig-file=\"https:\/\/www.babcock-wanson.com\/wp-content\/uploads\/2018\/08\/EPC-ES-Thermal-Fluid-Heater-2.png\" data-orig-size=\"600,400\" data-comments-opened=\"0\" data-image-meta=\"{&quot;aperture&quot;:&quot;0&quot;,&quot;credit&quot;:&quot;&quot;,&quot;camera&quot;:&quot;&quot;,&quot;caption&quot;:&quot;&quot;,&quot;created_timestamp&quot;:&quot;0&quot;,&quot;copyright&quot;:&quot;&quot;,&quot;focal_length&quot;:&quot;0&quot;,&quot;iso&quot;:&quot;0&quot;,&quot;shutter_speed&quot;:&quot;0&quot;,&quot;title&quot;:&quot;&quot;,&quot;orientation&quot;:&quot;0&quot;}\" data-image-title=\"EPC-ES Chaudi\u00e8re fluide thermique 2\" data-image-description=\"\" data-medium-file=\"https:\/\/www.babcock-wanson.com\/wp-content\/uploads\/2018\/08\/EPC-ES-Thermal-Fluid-Heater-2-300x200.png\" data-large-file=\"https:\/\/www.babcock-wanson.com\/wp-content\/uploads\/2018\/08\/EPC-ES-Thermal-Fluid-Heater-2.png\" \/><\/a><a href=\"https:\/\/www.babcock-wanson.com\/fr\/produits\/chaudieres-fluide-thermique\/epc-es\/\" data-quantity=\"1\" data-product_id=\"23528\" data-product_sku=\"\" aria-label=\"En savoir plus sur &ldquo;EPC-ES&rdquo;\" rel=\"nofollow\">En savoir plus<\/a><a href=\"https:\/\/www.babcock-wanson.com\/fr\/produits\/chaudieres-fluide-thermique\/epc-es\/\"><h3>EPC-ES<\/h3>\n\t\t<\/a>\n<\/div><!-- .vgblk-rw-wrapper -->","protected":false},"excerpt":{"rendered":"<p>Chaudi\u00e8res pour l&rsquo;industrie des mat\u00e9riaux de construction Les besoins en chaleur des proc\u00e9d\u00e9s de fabrication des mat\u00e9riaux de construction sont tr\u00e8s vari\u00e9s. Du besoin de stockage \u00e0 haute temp\u00e9rature pour les usines d&rsquo;enrobages (production de bitume et d&rsquo;asphalte) jusqu&rsquo;\u00e0 la fabrication d&rsquo;isolants ou la production de peinture, Babcock Wanson a une solution pour r\u00e9pondre aux&#8230;<\/p>\n","protected":false},"author":1,"featured_media":0,"parent":22945,"menu_order":0,"comment_status":"closed","ping_status":"closed","template":"","meta":{"_acf_changed":false,"_relevanssi_hide_post":"","_relevanssi_hide_content":"","_relevanssi_pin_for_all":"","_relevanssi_pin_keywords":"","_relevanssi_unpin_keywords":"","_relevanssi_related_keywords":"","_relevanssi_related_include_ids":"","_relevanssi_related_exclude_ids":"","_relevanssi_related_no_append":"","_relevanssi_related_not_related":"","_relevanssi_related_posts":"","_relevanssi_noindex_reason":"","footnotes":""},"class_list":["post-23008","page","type-page","status-publish","hentry"],"acf":[],"yoast_head":"<!-- This site is optimized with the Yoast SEO Premium plugin v27.4 (Yoast SEO v27.4) - https:\/\/yoast.com\/product\/yoast-seo-premium-wordpress\/ -->\n<title>Industrie des mat\u00e9riaux de construction - Babcock Wanson<\/title>\n<meta name=\"description\" content=\"Nos chaudi\u00e8res pour l&#039;industrie des mat\u00e9riaux de construction sont con\u00e7ues pour r\u00e9pondre aux besoins vari\u00e9s de l&#039;industrie. Visitez notre site web pour en savoir plus\" \/>\n<meta name=\"robots\" content=\"index, follow, max-snippet:-1, max-image-preview:large, max-video-preview:-1\" \/>\n<link rel=\"canonical\" href=\"https:\/\/www.babcock-wanson.com\/fr\/industries\/industrie-des-materiaux-de-construction\/\" \/>\n<meta property=\"og:locale\" content=\"fr_FR\" \/>\n<meta property=\"og:type\" content=\"article\" \/>\n<meta property=\"og:title\" content=\"Industrie des mat\u00e9riaux de construction\" \/>\n<meta property=\"og:description\" content=\"Nos chaudi\u00e8res pour l&#039;industrie des mat\u00e9riaux de construction sont con\u00e7ues pour r\u00e9pondre aux besoins vari\u00e9s de l&#039;industrie. Visitez notre site web pour en savoir plus\" \/>\n<meta property=\"og:url\" content=\"https:\/\/www.babcock-wanson.com\/fr\/industries\/industrie-des-materiaux-de-construction\/\" \/>\n<meta property=\"og:site_name\" content=\"Babcock Wanson\" \/>\n<meta property=\"article:modified_time\" content=\"2021-08-24T06:51:40+00:00\" \/>\n<meta property=\"og:image\" content=\"https:\/\/www.babcock-wanson.com\/wp-content\/uploads\/2019\/02\/ALSTOM-logo.png\" \/>\n<meta name=\"twitter:card\" content=\"summary_large_image\" \/>\n<meta name=\"twitter:label1\" content=\"Est. reading time\" \/>\n\t<meta name=\"twitter:data1\" content=\"3 minutes\" \/>\n<script type=\"application\/ld+json\" class=\"yoast-schema-graph\">{\"@context\":\"https:\\\/\\\/schema.org\",\"@graph\":[{\"@type\":\"WebPage\",\"@id\":\"https:\\\/\\\/www.babcock-wanson.com\\\/fr\\\/industries\\\/industrie-des-materiaux-de-construction\\\/\",\"url\":\"https:\\\/\\\/www.babcock-wanson.com\\\/fr\\\/industries\\\/industrie-des-materiaux-de-construction\\\/\",\"name\":\"Industrie des mat\u00e9riaux de construction - Babcock Wanson\",\"isPartOf\":{\"@id\":\"https:\\\/\\\/www.babcock-wanson.com\\\/fr\\\/#website\"},\"primaryImageOfPage\":{\"@id\":\"https:\\\/\\\/www.babcock-wanson.com\\\/fr\\\/industries\\\/industrie-des-materiaux-de-construction\\\/#primaryimage\"},\"image\":{\"@id\":\"https:\\\/\\\/www.babcock-wanson.com\\\/fr\\\/industries\\\/industrie-des-materiaux-de-construction\\\/#primaryimage\"},\"thumbnailUrl\":\"https:\\\/\\\/www.babcock-wanson.com\\\/wp-content\\\/uploads\\\/2019\\\/02\\\/ALSTOM-logo.png\",\"datePublished\":\"2020-02-08T20:31:49+00:00\",\"dateModified\":\"2021-08-24T06:51:40+00:00\",\"description\":\"Nos chaudi\u00e8res pour l'industrie des mat\u00e9riaux de construction sont con\u00e7ues pour r\u00e9pondre aux besoins vari\u00e9s de l'industrie. Visitez notre site web pour en savoir plus\",\"breadcrumb\":{\"@id\":\"https:\\\/\\\/www.babcock-wanson.com\\\/fr\\\/industries\\\/industrie-des-materiaux-de-construction\\\/#breadcrumb\"},\"inLanguage\":\"fr-FR\",\"potentialAction\":[{\"@type\":\"ReadAction\",\"target\":[\"https:\\\/\\\/www.babcock-wanson.com\\\/fr\\\/industries\\\/industrie-des-materiaux-de-construction\\\/\"]}]},{\"@type\":\"ImageObject\",\"inLanguage\":\"fr-FR\",\"@id\":\"https:\\\/\\\/www.babcock-wanson.com\\\/fr\\\/industries\\\/industrie-des-materiaux-de-construction\\\/#primaryimage\",\"url\":\"https:\\\/\\\/www.babcock-wanson.com\\\/wp-content\\\/uploads\\\/2019\\\/02\\\/ALSTOM-logo.png\",\"contentUrl\":\"https:\\\/\\\/www.babcock-wanson.com\\\/wp-content\\\/uploads\\\/2019\\\/02\\\/ALSTOM-logo.png\"},{\"@type\":\"BreadcrumbList\",\"@id\":\"https:\\\/\\\/www.babcock-wanson.com\\\/fr\\\/industries\\\/industrie-des-materiaux-de-construction\\\/#breadcrumb\",\"itemListElement\":[{\"@type\":\"ListItem\",\"position\":1,\"name\":\"Accueil\",\"item\":\"https:\\\/\\\/www.babcock-wanson.com\\\/fr\\\/\"},{\"@type\":\"ListItem\",\"position\":2,\"name\":\"Nos industries\",\"item\":\"https:\\\/\\\/www.babcock-wanson.com\\\/fr\\\/industries\\\/\"},{\"@type\":\"ListItem\",\"position\":3,\"name\":\"Industrie des mat\u00e9riaux de construction\"}]},{\"@type\":\"WebSite\",\"@id\":\"https:\\\/\\\/www.babcock-wanson.com\\\/fr\\\/#website\",\"url\":\"https:\\\/\\\/www.babcock-wanson.com\\\/fr\\\/\",\"name\":\"Babcock Wanson\",\"description\":\"\",\"publisher\":{\"@id\":\"https:\\\/\\\/www.babcock-wanson.com\\\/fr\\\/#organization\"},\"potentialAction\":[{\"@type\":\"SearchAction\",\"target\":{\"@type\":\"EntryPoint\",\"urlTemplate\":\"https:\\\/\\\/www.babcock-wanson.com\\\/fr\\\/?s={search_term_string}\"},\"query-input\":{\"@type\":\"PropertyValueSpecification\",\"valueRequired\":true,\"valueName\":\"search_term_string\"}}],\"inLanguage\":\"fr-FR\"},{\"@type\":\"Organization\",\"@id\":\"https:\\\/\\\/www.babcock-wanson.com\\\/fr\\\/#organization\",\"name\":\"Babcock Wanson\",\"url\":\"https:\\\/\\\/www.babcock-wanson.com\\\/fr\\\/\",\"logo\":{\"@type\":\"ImageObject\",\"inLanguage\":\"fr-FR\",\"@id\":\"https:\\\/\\\/www.babcock-wanson.com\\\/fr\\\/#\\\/schema\\\/logo\\\/image\\\/\",\"url\":\"https:\\\/\\\/www.babcock-wanson.com\\\/wp-content\\\/uploads\\\/2024\\\/02\\\/Babcock-Wanson-1200x1200-1.png\",\"contentUrl\":\"https:\\\/\\\/www.babcock-wanson.com\\\/wp-content\\\/uploads\\\/2024\\\/02\\\/Babcock-Wanson-1200x1200-1.png\",\"width\":1200,\"height\":1200,\"caption\":\"Babcock Wanson\"},\"image\":{\"@id\":\"https:\\\/\\\/www.babcock-wanson.com\\\/fr\\\/#\\\/schema\\\/logo\\\/image\\\/\"},\"sameAs\":[\"https:\\\/\\\/www.linkedin.com\\\/company\\\/babcock-wanson\\\/\",\"https:\\\/\\\/www.youtube.com\\\/channel\\\/UCtxl25VieBBsP2kYmtlyv7A\"]}]}<\/script>\n<!-- \/ Yoast SEO Premium plugin. -->","yoast_head_json":{"title":"Industrie des mat\u00e9riaux de construction - Babcock Wanson","description":"Nos chaudi\u00e8res pour l'industrie des mat\u00e9riaux de construction sont con\u00e7ues pour r\u00e9pondre aux besoins vari\u00e9s de l'industrie. Visitez notre site web pour en savoir plus","robots":{"index":"index","follow":"follow","max-snippet":"max-snippet:-1","max-image-preview":"max-image-preview:large","max-video-preview":"max-video-preview:-1"},"canonical":"https:\/\/www.babcock-wanson.com\/fr\/industries\/industrie-des-materiaux-de-construction\/","og_locale":"fr_FR","og_type":"article","og_title":"Industrie des mat\u00e9riaux de construction","og_description":"Nos chaudi\u00e8res pour l'industrie des mat\u00e9riaux de construction sont con\u00e7ues pour r\u00e9pondre aux besoins vari\u00e9s de l'industrie. Visitez notre site web pour en savoir plus","og_url":"https:\/\/www.babcock-wanson.com\/fr\/industries\/industrie-des-materiaux-de-construction\/","og_site_name":"Babcock Wanson","article_modified_time":"2021-08-24T06:51:40+00:00","og_image":[{"url":"https:\/\/www.babcock-wanson.com\/wp-content\/uploads\/2019\/02\/ALSTOM-logo.png","type":"","width":"","height":""}],"twitter_card":"summary_large_image","twitter_misc":{"Est. reading time":"3 minutes"},"schema":{"@context":"https:\/\/schema.org","@graph":[{"@type":"WebPage","@id":"https:\/\/www.babcock-wanson.com\/fr\/industries\/industrie-des-materiaux-de-construction\/","url":"https:\/\/www.babcock-wanson.com\/fr\/industries\/industrie-des-materiaux-de-construction\/","name":"Industrie des mat\u00e9riaux de construction - Babcock Wanson","isPartOf":{"@id":"https:\/\/www.babcock-wanson.com\/fr\/#website"},"primaryImageOfPage":{"@id":"https:\/\/www.babcock-wanson.com\/fr\/industries\/industrie-des-materiaux-de-construction\/#primaryimage"},"image":{"@id":"https:\/\/www.babcock-wanson.com\/fr\/industries\/industrie-des-materiaux-de-construction\/#primaryimage"},"thumbnailUrl":"https:\/\/www.babcock-wanson.com\/wp-content\/uploads\/2019\/02\/ALSTOM-logo.png","datePublished":"2020-02-08T20:31:49+00:00","dateModified":"2021-08-24T06:51:40+00:00","description":"Nos chaudi\u00e8res pour l'industrie des mat\u00e9riaux de construction sont con\u00e7ues pour r\u00e9pondre aux besoins vari\u00e9s de l'industrie. Visitez notre site web pour en savoir plus","breadcrumb":{"@id":"https:\/\/www.babcock-wanson.com\/fr\/industries\/industrie-des-materiaux-de-construction\/#breadcrumb"},"inLanguage":"fr-FR","potentialAction":[{"@type":"ReadAction","target":["https:\/\/www.babcock-wanson.com\/fr\/industries\/industrie-des-materiaux-de-construction\/"]}]},{"@type":"ImageObject","inLanguage":"fr-FR","@id":"https:\/\/www.babcock-wanson.com\/fr\/industries\/industrie-des-materiaux-de-construction\/#primaryimage","url":"https:\/\/www.babcock-wanson.com\/wp-content\/uploads\/2019\/02\/ALSTOM-logo.png","contentUrl":"https:\/\/www.babcock-wanson.com\/wp-content\/uploads\/2019\/02\/ALSTOM-logo.png"},{"@type":"BreadcrumbList","@id":"https:\/\/www.babcock-wanson.com\/fr\/industries\/industrie-des-materiaux-de-construction\/#breadcrumb","itemListElement":[{"@type":"ListItem","position":1,"name":"Accueil","item":"https:\/\/www.babcock-wanson.com\/fr\/"},{"@type":"ListItem","position":2,"name":"Nos industries","item":"https:\/\/www.babcock-wanson.com\/fr\/industries\/"},{"@type":"ListItem","position":3,"name":"Industrie des mat\u00e9riaux de construction"}]},{"@type":"WebSite","@id":"https:\/\/www.babcock-wanson.com\/fr\/#website","url":"https:\/\/www.babcock-wanson.com\/fr\/","name":"Babcock Wanson","description":"","publisher":{"@id":"https:\/\/www.babcock-wanson.com\/fr\/#organization"},"potentialAction":[{"@type":"SearchAction","target":{"@type":"EntryPoint","urlTemplate":"https:\/\/www.babcock-wanson.com\/fr\/?s={search_term_string}"},"query-input":{"@type":"PropertyValueSpecification","valueRequired":true,"valueName":"search_term_string"}}],"inLanguage":"fr-FR"},{"@type":"Organization","@id":"https:\/\/www.babcock-wanson.com\/fr\/#organization","name":"Babcock Wanson","url":"https:\/\/www.babcock-wanson.com\/fr\/","logo":{"@type":"ImageObject","inLanguage":"fr-FR","@id":"https:\/\/www.babcock-wanson.com\/fr\/#\/schema\/logo\/image\/","url":"https:\/\/www.babcock-wanson.com\/wp-content\/uploads\/2024\/02\/Babcock-Wanson-1200x1200-1.png","contentUrl":"https:\/\/www.babcock-wanson.com\/wp-content\/uploads\/2024\/02\/Babcock-Wanson-1200x1200-1.png","width":1200,"height":1200,"caption":"Babcock Wanson"},"image":{"@id":"https:\/\/www.babcock-wanson.com\/fr\/#\/schema\/logo\/image\/"},"sameAs":["https:\/\/www.linkedin.com\/company\/babcock-wanson\/","https:\/\/www.youtube.com\/channel\/UCtxl25VieBBsP2kYmtlyv7A"]}]}},"jetpack_sharing_enabled":true,"_links":{"self":[{"href":"https:\/\/www.babcock-wanson.com\/fr\/wp-json\/wp\/v2\/pages\/23008","targetHints":{"allow":["GET"]}}],"collection":[{"href":"https:\/\/www.babcock-wanson.com\/fr\/wp-json\/wp\/v2\/pages"}],"about":[{"href":"https:\/\/www.babcock-wanson.com\/fr\/wp-json\/wp\/v2\/types\/page"}],"author":[{"embeddable":true,"href":"https:\/\/www.babcock-wanson.com\/fr\/wp-json\/wp\/v2\/users\/1"}],"replies":[{"embeddable":true,"href":"https:\/\/www.babcock-wanson.com\/fr\/wp-json\/wp\/v2\/comments?post=23008"}],"version-history":[{"count":2,"href":"https:\/\/www.babcock-wanson.com\/fr\/wp-json\/wp\/v2\/pages\/23008\/revisions"}],"predecessor-version":[{"id":39826,"href":"https:\/\/www.babcock-wanson.com\/fr\/wp-json\/wp\/v2\/pages\/23008\/revisions\/39826"}],"up":[{"embeddable":true,"href":"https:\/\/www.babcock-wanson.com\/fr\/wp-json\/wp\/v2\/pages\/22945"}],"wp:attachment":[{"href":"https:\/\/www.babcock-wanson.com\/fr\/wp-json\/wp\/v2\/media?parent=23008"}],"curies":[{"name":"wp","href":"https:\/\/api.w.org\/{rel}","templated":true}]}}