{"id":23084,"date":"2020-02-08T21:06:37","date_gmt":"2020-02-08T21:06:37","guid":{"rendered":"https:\/\/www.babcock-wanson.com\/industries\/autres-industries\/"},"modified":"2021-08-27T16:10:56","modified_gmt":"2021-08-27T15:10:56","slug":"autres-industries","status":"publish","type":"page","link":"https:\/\/www.babcock-wanson.com\/fr\/industries\/autres-industries\/","title":{"rendered":"Autres Industries"},"content":{"rendered":"<div class=\"vgblk-rw-wrapper limit-wrapper\"><h2>\n\t\tChaudi\u00e8res pour <\/strong>d&rsquo;autres industries<\/strong>\n\t<\/h2>\n\t<p>Pour tous types d&rsquo;industries, Babcock Wanson poss\u00e8de le savoir-faire pour adapter ses solutions, produits et services afin d&rsquo;assurer la fiabilit\u00e9 et l&rsquo;efficacit\u00e9 des process industriels.<\/p>\n<p>Les \u00e9quipements thermiques et services Babcock Wanson permettent de r\u00e9duire la maintenance et d&rsquo;offrir le meilleur retour sur investissement :<\/p>\n<ul>\n<li>Production d&rsquo;\u00e9nergie (vapeur, eau \u00e0 haute temp\u00e9rature, chauffage \u00e0 fluide thermique).<\/li>\n<li>Syst\u00e8me de combustion (<a href=\"https:\/\/www.babcock-wanson.com\/fr\/categorie-produit\/bruleurs-industriels\/\" rel=\"noopener\" target=\"_blank\">br\u00fbleurs industriels<\/a> \u00e0 haut rendement et \u00e0 faibles \u00e9missions de NOx, br\u00fbleurs veines d&rsquo;air, r\u00e9chauffeurs d&rsquo;air process)<\/li>\n<li><a href=\"https:\/\/www.babcock-wanson.com\/fr\/categorie-produit\/traitement-de-leau\/\" rel=\"noopener\" target=\"_blank\">Traitement de l&rsquo;eau<\/a> (industrielle et pour l&rsquo;alimentation des chaudi\u00e8res).<\/li>\n<li>Traitement des effluents gazeux (compos\u00e9s organiques volatils (COV) et odeurs).<\/li>\n<\/ul>\n<h2>\n\t\t<\/strong>Clients<\/strong> dans d\u2019autres types d\u2019industries\n\t<\/h2>\n\t\t\t\t\t\t\t<img loading=\"lazy\" decoding=\"async\" src=\"https:\/\/www.babcock-wanson.com\/wp-content\/uploads\/2019\/02\/SOFITEL-logo.png\" data-srcset=\"https:\/\/www.babcock-wanson.com\/wp-content\/uploads\/2019\/02\/SOFITEL-logo.png\" alt=\"SOFITEL-logo\" height=\"50\" width=\"170\" title=\"SOFITEL-logo\" \/>\t\t\t\t\t\t\t\n\t\t\t\t\t\t\t<img loading=\"lazy\" decoding=\"async\" src=\"https:\/\/www.babcock-wanson.com\/wp-content\/uploads\/2019\/02\/gemey-maybelline-logo.png\" data-srcset=\"https:\/\/www.babcock-wanson.com\/wp-content\/uploads\/2019\/02\/gemey-maybelline-logo.png\" alt=\"gemey-maybelline-logo\" height=\"50\" width=\"258\" title=\"gemey-maybelline-logo\" \/>\t\t\t\t\t\t\t\n\t\t\t\t\t\t\t<img loading=\"lazy\" decoding=\"async\" src=\"https:\/\/www.babcock-wanson.com\/wp-content\/uploads\/2019\/02\/loreal-logo.png\" data-srcset=\"https:\/\/www.babcock-wanson.com\/wp-content\/uploads\/2019\/02\/loreal-logo.png\" alt=\"loreal-logo\" height=\"50\" width=\"141\" title=\"loreal-logo\" \/>\t\t\t\t\t\t\t\n\t\t\t\t\t\t\t<img loading=\"lazy\" decoding=\"async\" src=\"https:\/\/www.babcock-wanson.com\/wp-content\/uploads\/2019\/02\/PHILIP-MORRIS-logo.png\" data-srcset=\"https:\/\/www.babcock-wanson.com\/wp-content\/uploads\/2019\/02\/PHILIP-MORRIS-logo.png\" alt=\"PHILIP-MORRIS-logo\" height=\"50\" width=\"63\" title=\"PHILIP-MORRIS-logo\" \/>\t\t\t\t\t\t\t\n\t\t\t\t\t\t\t<img loading=\"lazy\" decoding=\"async\" src=\"https:\/\/www.babcock-wanson.com\/wp-content\/uploads\/2019\/02\/philips-logo.png\" data-srcset=\"https:\/\/www.babcock-wanson.com\/wp-content\/uploads\/2019\/02\/philips-logo.png\" alt=\"philips-logo\" height=\"50\" width=\"249\" title=\"philips-logo\" \/>\t\t\t\t\t\t\t\n\t\t\t\t\t\t\t<img loading=\"lazy\" decoding=\"async\" src=\"https:\/\/www.babcock-wanson.com\/wp-content\/uploads\/2019\/02\/quercy-confort-logo.png\" data-srcset=\"https:\/\/www.babcock-wanson.com\/wp-content\/uploads\/2019\/02\/quercy-confort-logo.png\" alt=\"quercy-confort-logo\" height=\"50\" width=\"112\" title=\"quercy-confort-logo\" \/>\t\t\t\t\t\t\t\n<\/div><!-- .vgblk-rw-wrapper -->","protected":false},"excerpt":{"rendered":"<p>Chaudi\u00e8res pour d&rsquo;autres industries Pour tous types d&rsquo;industries, Babcock Wanson poss\u00e8de le savoir-faire pour adapter ses solutions, produits et services afin d&rsquo;assurer la fiabilit\u00e9 et l&rsquo;efficacit\u00e9 des process industriels. Les \u00e9quipements thermiques et services Babcock Wanson permettent de r\u00e9duire la maintenance et d&rsquo;offrir le meilleur retour sur investissement : Production d&rsquo;\u00e9nergie (vapeur, eau \u00e0 haute&#8230;<\/p>\n","protected":false},"author":1,"featured_media":0,"parent":22945,"menu_order":0,"comment_status":"closed","ping_status":"closed","template":"","meta":{"_acf_changed":false,"_relevanssi_hide_post":"","_relevanssi_hide_content":"","_relevanssi_pin_for_all":"","_relevanssi_pin_keywords":"","_relevanssi_unpin_keywords":"","_relevanssi_related_keywords":"","_relevanssi_related_include_ids":"","_relevanssi_related_exclude_ids":"","_relevanssi_related_no_append":"","_relevanssi_related_not_related":"","_relevanssi_related_posts":"","_relevanssi_noindex_reason":"","footnotes":""},"class_list":["post-23084","page","type-page","status-publish","hentry"],"acf":[],"yoast_head":"<!-- This site is optimized with the Yoast SEO Premium plugin v27.4 (Yoast SEO v27.4) - https:\/\/yoast.com\/product\/yoast-seo-premium-wordpress\/ -->\n<title>Autres Industries - Babcock Wanson<\/title>\n<meta name=\"description\" content=\"Les \u00e9quipements et services Babcock Wanson permettent de r\u00e9duire la maintenance et assurent le meilleur retour sur investissement possible. Visitez notre site pour en savoir plus\" \/>\n<meta name=\"robots\" content=\"index, follow, max-snippet:-1, max-image-preview:large, max-video-preview:-1\" \/>\n<link rel=\"canonical\" href=\"https:\/\/www.babcock-wanson.com\/fr\/industries\/autres-industries\/\" \/>\n<meta property=\"og:locale\" content=\"fr_FR\" \/>\n<meta property=\"og:type\" content=\"article\" \/>\n<meta property=\"og:title\" content=\"Autres Industries\" \/>\n<meta property=\"og:description\" content=\"Les \u00e9quipements et services Babcock Wanson permettent de r\u00e9duire la maintenance et assurent le meilleur retour sur investissement possible. Visitez notre site pour en savoir plus\" \/>\n<meta property=\"og:url\" content=\"https:\/\/www.babcock-wanson.com\/fr\/industries\/autres-industries\/\" \/>\n<meta property=\"og:site_name\" content=\"Babcock Wanson\" \/>\n<meta property=\"article:modified_time\" content=\"2021-08-27T15:10:56+00:00\" \/>\n<meta property=\"og:image\" content=\"https:\/\/www.babcock-wanson.com\/wp-content\/uploads\/2019\/02\/SOFITEL-logo.png\" \/>\n<meta name=\"twitter:card\" content=\"summary_large_image\" \/>\n<meta name=\"twitter:label1\" content=\"Est. reading time\" \/>\n\t<meta name=\"twitter:data1\" content=\"1 minute\" \/>\n<script type=\"application\/ld+json\" class=\"yoast-schema-graph\">{\"@context\":\"https:\\\/\\\/schema.org\",\"@graph\":[{\"@type\":\"WebPage\",\"@id\":\"https:\\\/\\\/www.babcock-wanson.com\\\/fr\\\/industries\\\/autres-industries\\\/\",\"url\":\"https:\\\/\\\/www.babcock-wanson.com\\\/fr\\\/industries\\\/autres-industries\\\/\",\"name\":\"Autres Industries - Babcock Wanson\",\"isPartOf\":{\"@id\":\"https:\\\/\\\/www.babcock-wanson.com\\\/fr\\\/#website\"},\"primaryImageOfPage\":{\"@id\":\"https:\\\/\\\/www.babcock-wanson.com\\\/fr\\\/industries\\\/autres-industries\\\/#primaryimage\"},\"image\":{\"@id\":\"https:\\\/\\\/www.babcock-wanson.com\\\/fr\\\/industries\\\/autres-industries\\\/#primaryimage\"},\"thumbnailUrl\":\"https:\\\/\\\/www.babcock-wanson.com\\\/wp-content\\\/uploads\\\/2019\\\/02\\\/SOFITEL-logo.png\",\"datePublished\":\"2020-02-08T21:06:37+00:00\",\"dateModified\":\"2021-08-27T15:10:56+00:00\",\"description\":\"Les \u00e9quipements et services Babcock Wanson permettent de r\u00e9duire la maintenance et assurent le meilleur retour sur investissement possible. Visitez notre site pour en savoir plus\",\"breadcrumb\":{\"@id\":\"https:\\\/\\\/www.babcock-wanson.com\\\/fr\\\/industries\\\/autres-industries\\\/#breadcrumb\"},\"inLanguage\":\"fr-FR\",\"potentialAction\":[{\"@type\":\"ReadAction\",\"target\":[\"https:\\\/\\\/www.babcock-wanson.com\\\/fr\\\/industries\\\/autres-industries\\\/\"]}]},{\"@type\":\"ImageObject\",\"inLanguage\":\"fr-FR\",\"@id\":\"https:\\\/\\\/www.babcock-wanson.com\\\/fr\\\/industries\\\/autres-industries\\\/#primaryimage\",\"url\":\"https:\\\/\\\/www.babcock-wanson.com\\\/wp-content\\\/uploads\\\/2019\\\/02\\\/SOFITEL-logo.png\",\"contentUrl\":\"https:\\\/\\\/www.babcock-wanson.com\\\/wp-content\\\/uploads\\\/2019\\\/02\\\/SOFITEL-logo.png\"},{\"@type\":\"BreadcrumbList\",\"@id\":\"https:\\\/\\\/www.babcock-wanson.com\\\/fr\\\/industries\\\/autres-industries\\\/#breadcrumb\",\"itemListElement\":[{\"@type\":\"ListItem\",\"position\":1,\"name\":\"Accueil\",\"item\":\"https:\\\/\\\/www.babcock-wanson.com\\\/fr\\\/\"},{\"@type\":\"ListItem\",\"position\":2,\"name\":\"Nos industries\",\"item\":\"https:\\\/\\\/www.babcock-wanson.com\\\/fr\\\/industries\\\/\"},{\"@type\":\"ListItem\",\"position\":3,\"name\":\"Autres Industries\"}]},{\"@type\":\"WebSite\",\"@id\":\"https:\\\/\\\/www.babcock-wanson.com\\\/fr\\\/#website\",\"url\":\"https:\\\/\\\/www.babcock-wanson.com\\\/fr\\\/\",\"name\":\"Babcock Wanson\",\"description\":\"\",\"publisher\":{\"@id\":\"https:\\\/\\\/www.babcock-wanson.com\\\/fr\\\/#organization\"},\"potentialAction\":[{\"@type\":\"SearchAction\",\"target\":{\"@type\":\"EntryPoint\",\"urlTemplate\":\"https:\\\/\\\/www.babcock-wanson.com\\\/fr\\\/?s={search_term_string}\"},\"query-input\":{\"@type\":\"PropertyValueSpecification\",\"valueRequired\":true,\"valueName\":\"search_term_string\"}}],\"inLanguage\":\"fr-FR\"},{\"@type\":\"Organization\",\"@id\":\"https:\\\/\\\/www.babcock-wanson.com\\\/fr\\\/#organization\",\"name\":\"Babcock Wanson\",\"url\":\"https:\\\/\\\/www.babcock-wanson.com\\\/fr\\\/\",\"logo\":{\"@type\":\"ImageObject\",\"inLanguage\":\"fr-FR\",\"@id\":\"https:\\\/\\\/www.babcock-wanson.com\\\/fr\\\/#\\\/schema\\\/logo\\\/image\\\/\",\"url\":\"https:\\\/\\\/www.babcock-wanson.com\\\/wp-content\\\/uploads\\\/2024\\\/02\\\/Babcock-Wanson-1200x1200-1.png\",\"contentUrl\":\"https:\\\/\\\/www.babcock-wanson.com\\\/wp-content\\\/uploads\\\/2024\\\/02\\\/Babcock-Wanson-1200x1200-1.png\",\"width\":1200,\"height\":1200,\"caption\":\"Babcock Wanson\"},\"image\":{\"@id\":\"https:\\\/\\\/www.babcock-wanson.com\\\/fr\\\/#\\\/schema\\\/logo\\\/image\\\/\"},\"sameAs\":[\"https:\\\/\\\/www.linkedin.com\\\/company\\\/babcock-wanson\\\/\",\"https:\\\/\\\/www.youtube.com\\\/channel\\\/UCtxl25VieBBsP2kYmtlyv7A\"]}]}<\/script>\n<!-- \/ Yoast SEO Premium plugin. -->","yoast_head_json":{"title":"Autres Industries - Babcock Wanson","description":"Les \u00e9quipements et services Babcock Wanson permettent de r\u00e9duire la maintenance et assurent le meilleur retour sur investissement possible. Visitez notre site pour en savoir plus","robots":{"index":"index","follow":"follow","max-snippet":"max-snippet:-1","max-image-preview":"max-image-preview:large","max-video-preview":"max-video-preview:-1"},"canonical":"https:\/\/www.babcock-wanson.com\/fr\/industries\/autres-industries\/","og_locale":"fr_FR","og_type":"article","og_title":"Autres Industries","og_description":"Les \u00e9quipements et services Babcock Wanson permettent de r\u00e9duire la maintenance et assurent le meilleur retour sur investissement possible. Visitez notre site pour en savoir plus","og_url":"https:\/\/www.babcock-wanson.com\/fr\/industries\/autres-industries\/","og_site_name":"Babcock Wanson","article_modified_time":"2021-08-27T15:10:56+00:00","og_image":[{"url":"https:\/\/www.babcock-wanson.com\/wp-content\/uploads\/2019\/02\/SOFITEL-logo.png","type":"","width":"","height":""}],"twitter_card":"summary_large_image","twitter_misc":{"Est. reading time":"1 minute"},"schema":{"@context":"https:\/\/schema.org","@graph":[{"@type":"WebPage","@id":"https:\/\/www.babcock-wanson.com\/fr\/industries\/autres-industries\/","url":"https:\/\/www.babcock-wanson.com\/fr\/industries\/autres-industries\/","name":"Autres Industries - Babcock Wanson","isPartOf":{"@id":"https:\/\/www.babcock-wanson.com\/fr\/#website"},"primaryImageOfPage":{"@id":"https:\/\/www.babcock-wanson.com\/fr\/industries\/autres-industries\/#primaryimage"},"image":{"@id":"https:\/\/www.babcock-wanson.com\/fr\/industries\/autres-industries\/#primaryimage"},"thumbnailUrl":"https:\/\/www.babcock-wanson.com\/wp-content\/uploads\/2019\/02\/SOFITEL-logo.png","datePublished":"2020-02-08T21:06:37+00:00","dateModified":"2021-08-27T15:10:56+00:00","description":"Les \u00e9quipements et services Babcock Wanson permettent de r\u00e9duire la maintenance et assurent le meilleur retour sur investissement possible. Visitez notre site pour en savoir plus","breadcrumb":{"@id":"https:\/\/www.babcock-wanson.com\/fr\/industries\/autres-industries\/#breadcrumb"},"inLanguage":"fr-FR","potentialAction":[{"@type":"ReadAction","target":["https:\/\/www.babcock-wanson.com\/fr\/industries\/autres-industries\/"]}]},{"@type":"ImageObject","inLanguage":"fr-FR","@id":"https:\/\/www.babcock-wanson.com\/fr\/industries\/autres-industries\/#primaryimage","url":"https:\/\/www.babcock-wanson.com\/wp-content\/uploads\/2019\/02\/SOFITEL-logo.png","contentUrl":"https:\/\/www.babcock-wanson.com\/wp-content\/uploads\/2019\/02\/SOFITEL-logo.png"},{"@type":"BreadcrumbList","@id":"https:\/\/www.babcock-wanson.com\/fr\/industries\/autres-industries\/#breadcrumb","itemListElement":[{"@type":"ListItem","position":1,"name":"Accueil","item":"https:\/\/www.babcock-wanson.com\/fr\/"},{"@type":"ListItem","position":2,"name":"Nos industries","item":"https:\/\/www.babcock-wanson.com\/fr\/industries\/"},{"@type":"ListItem","position":3,"name":"Autres Industries"}]},{"@type":"WebSite","@id":"https:\/\/www.babcock-wanson.com\/fr\/#website","url":"https:\/\/www.babcock-wanson.com\/fr\/","name":"Babcock Wanson","description":"","publisher":{"@id":"https:\/\/www.babcock-wanson.com\/fr\/#organization"},"potentialAction":[{"@type":"SearchAction","target":{"@type":"EntryPoint","urlTemplate":"https:\/\/www.babcock-wanson.com\/fr\/?s={search_term_string}"},"query-input":{"@type":"PropertyValueSpecification","valueRequired":true,"valueName":"search_term_string"}}],"inLanguage":"fr-FR"},{"@type":"Organization","@id":"https:\/\/www.babcock-wanson.com\/fr\/#organization","name":"Babcock Wanson","url":"https:\/\/www.babcock-wanson.com\/fr\/","logo":{"@type":"ImageObject","inLanguage":"fr-FR","@id":"https:\/\/www.babcock-wanson.com\/fr\/#\/schema\/logo\/image\/","url":"https:\/\/www.babcock-wanson.com\/wp-content\/uploads\/2024\/02\/Babcock-Wanson-1200x1200-1.png","contentUrl":"https:\/\/www.babcock-wanson.com\/wp-content\/uploads\/2024\/02\/Babcock-Wanson-1200x1200-1.png","width":1200,"height":1200,"caption":"Babcock Wanson"},"image":{"@id":"https:\/\/www.babcock-wanson.com\/fr\/#\/schema\/logo\/image\/"},"sameAs":["https:\/\/www.linkedin.com\/company\/babcock-wanson\/","https:\/\/www.youtube.com\/channel\/UCtxl25VieBBsP2kYmtlyv7A"]}]}},"jetpack_sharing_enabled":true,"_links":{"self":[{"href":"https:\/\/www.babcock-wanson.com\/fr\/wp-json\/wp\/v2\/pages\/23084","targetHints":{"allow":["GET"]}}],"collection":[{"href":"https:\/\/www.babcock-wanson.com\/fr\/wp-json\/wp\/v2\/pages"}],"about":[{"href":"https:\/\/www.babcock-wanson.com\/fr\/wp-json\/wp\/v2\/types\/page"}],"author":[{"embeddable":true,"href":"https:\/\/www.babcock-wanson.com\/fr\/wp-json\/wp\/v2\/users\/1"}],"replies":[{"embeddable":true,"href":"https:\/\/www.babcock-wanson.com\/fr\/wp-json\/wp\/v2\/comments?post=23084"}],"version-history":[{"count":2,"href":"https:\/\/www.babcock-wanson.com\/fr\/wp-json\/wp\/v2\/pages\/23084\/revisions"}],"predecessor-version":[{"id":39866,"href":"https:\/\/www.babcock-wanson.com\/fr\/wp-json\/wp\/v2\/pages\/23084\/revisions\/39866"}],"up":[{"embeddable":true,"href":"https:\/\/www.babcock-wanson.com\/fr\/wp-json\/wp\/v2\/pages\/22945"}],"wp:attachment":[{"href":"https:\/\/www.babcock-wanson.com\/fr\/wp-json\/wp\/v2\/media?parent=23084"}],"curies":[{"name":"wp","href":"https:\/\/api.w.org\/{rel}","templated":true}]}}