{"id":23099,"date":"2020-02-08T21:22:56","date_gmt":"2020-02-08T21:22:56","guid":{"rendered":"https:\/\/www.babcock-wanson.com\/industries\/petrochimie-energie\/"},"modified":"2025-12-11T14:35:26","modified_gmt":"2025-12-11T14:35:26","slug":"petrochimie-energie","status":"publish","type":"page","link":"https:\/\/www.babcock-wanson.com\/fr\/industries\/petrochimie-energie\/","title":{"rendered":"P\u00e9trochimie &amp; \u00c9nergie"},"content":{"rendered":"<div class=\"vgblk-rw-wrapper limit-wrapper\">\n<h2>\n\t\tChaudi\u00e8res pour l&rsquo;industrie de la p\u00e9trochimie et de l&rsquo;\u00e9nergie\n\t<\/h2>\n\t<p>L&rsquo;industrie p\u00e9trochimique est bas\u00e9e sur la transformation et le stockage des hydrocarbures. Les process de cette industrie fournissent des mat\u00e9riaux interm\u00e9diaires qui servent de base \u00e0 la fabrication de nombreux objets du quotidien. Ce sont des process lourds et complexes tout comme le sont ceux des diff\u00e9rentes centrales de production d&rsquo;\u00e9lectricit\u00e9 qui convertissent une \u00e9nergie stock\u00e9e (p\u00e9trole, gaz naturel, charbon, uranium) ou renouvelable (vent, mer, cours d&rsquo;eau, rayonnement solaire) en \u00e9lectricit\u00e9.<\/p>\n<h3>Produits recommand\u00e9s<\/h3>\n<p>Babcock Wanson offre des produits adapt\u00e9s \u00e0 l&rsquo;industrie p\u00e9trochimique et aux centrales \u00e9lectriques tels que les chaudi\u00e8res \u00e0 tubes d&rsquo;eau, les <a href=\"https:\/\/www.babcock-wanson.com\/fr\/categorie-produit\/chaudieres-tubes-de-fumees\/\" rel=\"noopener\" target=\"_blank\">chaudi\u00e8res \u00e0 tubes de fum\u00e9e<\/a>, les <a href=\"https:\/\/www.babcock-wanson.com\/fr\/produits\/chaudieres-vapeur\/surchauffeurs-vapeur\/\" rel=\"noopener\" target=\"_blank\">surchauffeurs \u00e0 vapeur<\/a> ainsi que les <a href=\"https:\/\/www.babcock-wanson.com\/fr\/categorie-produit\/bruleurs-industriels\/\" rel=\"noopener\" target=\"_blank\">br\u00fbleurs industriels<\/a>.<\/p>\n<p>Babcock Wanson poss\u00e8de la technologie n\u00e9cessaire pour concevoir et fabriquer des centrales \u00e0 vapeur industrielles \u00e0 haut rendement et \u00e0 haute pression pour les nouvelles constructions ou les am\u00e9liorations d&rsquo;installations n\u00e9cessitant des chaudi\u00e8res \u00e0 tubes d&rsquo;eau de grande capacit\u00e9.<\/p>\n<h3>Services disponibles<\/h3>\n<ul>\n<li><b>R\u00e9paration et r\u00e9novation de chaudi\u00e8res et br\u00fbleurs : <\/b>nous avons les connaissances et l&rsquo;exp\u00e9rience n\u00e9cessaires pour r\u00e9viser des \u00e9quipements et proc\u00e9d\u00e9s de chaufferie et fournir la solution technologique la plus appropri\u00e9e et la plus moderne.<\/li>\n<li>Babcock Wanson poss\u00e8de une expertise dans la r\u00e9paration et l&rsquo;<strong>optimisation de chaudi\u00e8res<\/strong> de grande puissance. Nous pouvons r\u00e9aliser des audits \u00e9nerg\u00e9tiques dans un premier temps pour optimiser ou entretenir les installations, puis effectuer des travaux d&rsquo;am\u00e9lioration ou de maintenance dans les conditions les plus exigeantes.<\/li>\n<li><b><a href=\"https:\/\/www.babcock-wanson.com\/fr\/nos-services\/location-de-chaudieres\/\" rel=\"noopener\" target=\"_blank\">Location de chaudi\u00e8res<\/a> :<\/b> Babcock Wanson dispose d&rsquo;une flotte de chaudi\u00e8res vapeur \u00e0 louer afin de r\u00e9pondre aux besoins sp\u00e9cifiques d&rsquo;approvisionnement en vapeur pendant la maintenance ou l&rsquo;arr\u00eat d&rsquo;une usine. De la production de vapeur de base aux besoins de vapeur surchauff\u00e9e, Babcock Wanson est en mesure de fournir une solution temporaire.<\/li>\n<\/ul>\n<h3>\n\t\tClients dans l&rsquo;industrie p\u00e9trochimie et de l&rsquo;\u00e9nergie\n\t<\/h3>\n\t\t\t\t\t\t\t<img loading=\"lazy\" decoding=\"async\" src=\"https:\/\/www.babcock-wanson.com\/wp-content\/uploads\/2019\/02\/schneider-logo.png\" alt=\"schneider-logo\" itemprop=\"image\" height=\"50\" width=\"125\" title=\"schneider-logo\" onerror=\"this.style.display='none'\"  sizes=\"auto, (max-width: 768px) 100vw, 100vw\"\/>\t\t\t\t\t\t\t\n\t\t\t\t\t\t\t<img loading=\"lazy\" decoding=\"async\" src=\"https:\/\/www.babcock-wanson.com\/wp-content\/uploads\/2019\/02\/shell-logo1.png\" alt=\"shell-logo\" itemprop=\"image\" height=\"50\" width=\"169\" title=\"shell-logo1\" onerror=\"this.style.display='none'\"  sizes=\"auto, (max-width: 768px) 100vw, 100vw\"\/>\t\t\t\t\t\t\t\n\t\t\t\t\t\t\t<img loading=\"lazy\" decoding=\"async\" src=\"https:\/\/www.babcock-wanson.com\/wp-content\/uploads\/2019\/02\/veolia-logo.png\" alt=\"veolia-logo\" itemprop=\"image\" height=\"50\" width=\"178\" title=\"veolia-logo\" onerror=\"this.style.display='none'\"  sizes=\"auto, (max-width: 768px) 100vw, 100vw\"\/>\t\t\t\t\t\t\t\n\t\t\t\t\t\t\t<img loading=\"lazy\" decoding=\"async\" src=\"https:\/\/www.babcock-wanson.com\/wp-content\/uploads\/2019\/02\/engie-cofely-logo.png\" alt=\"engie-cofely-logo\" itemprop=\"image\" height=\"50\" width=\"106\" title=\"engie-cofely-logo\" onerror=\"this.style.display='none'\"  sizes=\"auto, (max-width: 768px) 100vw, 100vw\"\/>\t\t\t\t\t\t\t\n\t\t\t\t\t\t\t<img loading=\"lazy\" decoding=\"async\" src=\"https:\/\/www.babcock-wanson.com\/wp-content\/uploads\/2019\/02\/sara-logo.png\" alt=\"sara-logo\" itemprop=\"image\" height=\"50\" width=\"74\" title=\"sara-logo\" onerror=\"this.style.display='none'\" \/>\t\t\t\t\t\t\t\n<h2>\n\tProduits Associ\u00e9s\n\t<\/h2>\n\t\t\t\t\t\t<a href=\"https:\/\/www.babcock-wanson.com\/fr\/produits\/chaudieres-tubes-de-fumees\/bwd\/\"><img width=\"420\" height=\"280\" src=\"https:\/\/www.babcock-wanson.com\/wp-content\/uploads\/2018\/08\/BWD-Fire-Tube-Boilers-4-420x280.png\" alt=\"NBWB Tubes de Fum\u00e9es\" decoding=\"async\" loading=\"lazy\" srcset=\"https:\/\/www.babcock-wanson.com\/wp-content\/uploads\/2018\/08\/BWD-Fire-Tube-Boilers-4-420x280.png 420w, https:\/\/www.babcock-wanson.com\/wp-content\/uploads\/2018\/08\/BWD-Fire-Tube-Boilers-4-300x200.png 300w, https:\/\/www.babcock-wanson.com\/wp-content\/uploads\/2018\/08\/BWD-Fire-Tube-Boilers-4-315x210.png 315w, https:\/\/www.babcock-wanson.com\/wp-content\/uploads\/2018\/08\/BWD-Fire-Tube-Boilers-4-350x233.png 350w, https:\/\/www.babcock-wanson.com\/wp-content\/uploads\/2018\/08\/BWD-Fire-Tube-Boilers-4.png 600w\" sizes=\"auto, (min-width: 900px) 50vw, 100vw\" data-attachment-id=\"22983\" data-permalink=\"https:\/\/www.babcock-wanson.com\/fr\/?attachment_id=22983\" data-orig-file=\"https:\/\/www.babcock-wanson.com\/wp-content\/uploads\/2018\/08\/BWD-Fire-Tube-Boilers-4.png\" data-orig-size=\"600,400\" data-comments-opened=\"0\" data-image-meta=\"{&quot;aperture&quot;:&quot;0&quot;,&quot;credit&quot;:&quot;&quot;,&quot;camera&quot;:&quot;&quot;,&quot;caption&quot;:&quot;&quot;,&quot;created_timestamp&quot;:&quot;0&quot;,&quot;copyright&quot;:&quot;&quot;,&quot;focal_length&quot;:&quot;0&quot;,&quot;iso&quot;:&quot;0&quot;,&quot;shutter_speed&quot;:&quot;0&quot;,&quot;title&quot;:&quot;&quot;,&quot;orientation&quot;:&quot;0&quot;}\" data-image-title=\"NBWB Tubes de Fum\u00e9es 4\" data-image-description=\"\" data-image-caption=\"\" data-medium-file=\"https:\/\/www.babcock-wanson.com\/wp-content\/uploads\/2018\/08\/BWD-Fire-Tube-Boilers-4-300x200.png\" data-large-file=\"https:\/\/www.babcock-wanson.com\/wp-content\/uploads\/2018\/08\/BWD-Fire-Tube-Boilers-4.png\" tabindex=\"0\" role=\"button\" \/><\/a><a href=\"https:\/\/www.babcock-wanson.com\/fr\/produits\/chaudieres-tubes-de-fumees\/bwd\/\" data-quantity=\"1\" data-product_id=\"23473\" data-product_sku=\"\" aria-label=\"En savoir plus sur &ldquo;BWD&rdquo;\" rel=\"nofollow\" data-success_message=\"\">En savoir plus<\/a><a href=\"https:\/\/www.babcock-wanson.com\/fr\/produits\/chaudieres-tubes-de-fumees\/bwd\/\"><h3>BWD<\/h3>\n\t\t<\/a>\n\t\t\t\t\t\t<a href=\"https:\/\/www.babcock-wanson.com\/fr\/produits\/chaudieres-fluide-thermique\/epc-es\/\"><img width=\"420\" height=\"280\" src=\"https:\/\/www.babcock-wanson.com\/wp-content\/uploads\/2018\/08\/EPC-ES-Thermal-Fluid-Heater-2-420x280.png\" alt=\"EPC-ES Chaudi\u00e8re fluide thermique\" decoding=\"async\" loading=\"lazy\" srcset=\"https:\/\/www.babcock-wanson.com\/wp-content\/uploads\/2018\/08\/EPC-ES-Thermal-Fluid-Heater-2-420x280.png 420w, https:\/\/www.babcock-wanson.com\/wp-content\/uploads\/2018\/08\/EPC-ES-Thermal-Fluid-Heater-2-300x200.png 300w, https:\/\/www.babcock-wanson.com\/wp-content\/uploads\/2018\/08\/EPC-ES-Thermal-Fluid-Heater-2-315x210.png 315w, https:\/\/www.babcock-wanson.com\/wp-content\/uploads\/2018\/08\/EPC-ES-Thermal-Fluid-Heater-2.png 600w\" sizes=\"auto, (min-width: 900px) 50vw, 100vw\" data-attachment-id=\"22935\" data-permalink=\"https:\/\/www.babcock-wanson.com\/fr\/?attachment_id=22935\" data-orig-file=\"https:\/\/www.babcock-wanson.com\/wp-content\/uploads\/2018\/08\/EPC-ES-Thermal-Fluid-Heater-2.png\" data-orig-size=\"600,400\" data-comments-opened=\"0\" data-image-meta=\"{&quot;aperture&quot;:&quot;0&quot;,&quot;credit&quot;:&quot;&quot;,&quot;camera&quot;:&quot;&quot;,&quot;caption&quot;:&quot;&quot;,&quot;created_timestamp&quot;:&quot;0&quot;,&quot;copyright&quot;:&quot;&quot;,&quot;focal_length&quot;:&quot;0&quot;,&quot;iso&quot;:&quot;0&quot;,&quot;shutter_speed&quot;:&quot;0&quot;,&quot;title&quot;:&quot;&quot;,&quot;orientation&quot;:&quot;0&quot;}\" data-image-title=\"EPC-ES Chaudi\u00e8re fluide thermique 2\" data-image-description=\"\" data-image-caption=\"&lt;p&gt;Illustration \u00e9tincelles&lt;\/p&gt;\n\" data-medium-file=\"https:\/\/www.babcock-wanson.com\/wp-content\/uploads\/2018\/08\/EPC-ES-Thermal-Fluid-Heater-2-300x200.png\" data-large-file=\"https:\/\/www.babcock-wanson.com\/wp-content\/uploads\/2018\/08\/EPC-ES-Thermal-Fluid-Heater-2.png\" tabindex=\"0\" role=\"button\" \/><\/a><a href=\"https:\/\/www.babcock-wanson.com\/fr\/produits\/chaudieres-fluide-thermique\/epc-es\/\" data-quantity=\"1\" data-product_id=\"23528\" data-product_sku=\"\" aria-label=\"En savoir plus sur &ldquo;EPC-ES&rdquo;\" rel=\"nofollow\" data-success_message=\"\">En savoir plus<\/a><a href=\"https:\/\/www.babcock-wanson.com\/fr\/produits\/chaudieres-fluide-thermique\/epc-es\/\"><h3>EPC-ES<\/h3>\n\t\t<\/a>\n\t\t\t\t\t\t<a href=\"https:\/\/www.babcock-wanson.com\/fr\/produits\/chaudieres-tubes-de-fumees\/bwr\/\"><img width=\"420\" height=\"280\" src=\"https:\/\/www.babcock-wanson.com\/wp-content\/uploads\/2018\/08\/BWR-Fire-Tube-Boilers-2-420x280.png\" alt=\"BWR Tubes de Fum\u00e9es\" decoding=\"async\" loading=\"lazy\" srcset=\"https:\/\/www.babcock-wanson.com\/wp-content\/uploads\/2018\/08\/BWR-Fire-Tube-Boilers-2-420x280.png 420w, https:\/\/www.babcock-wanson.com\/wp-content\/uploads\/2018\/08\/BWR-Fire-Tube-Boilers-2-300x200.png 300w, https:\/\/www.babcock-wanson.com\/wp-content\/uploads\/2018\/08\/BWR-Fire-Tube-Boilers-2-315x210.png 315w, https:\/\/www.babcock-wanson.com\/wp-content\/uploads\/2018\/08\/BWR-Fire-Tube-Boilers-2.png 600w\" sizes=\"auto, (min-width: 900px) 50vw, 100vw\" data-attachment-id=\"23481\" data-permalink=\"https:\/\/www.babcock-wanson.com\/fr\/?attachment_id=23481\" data-orig-file=\"https:\/\/www.babcock-wanson.com\/wp-content\/uploads\/2018\/08\/BWR-Fire-Tube-Boilers-2.png\" data-orig-size=\"600,400\" data-comments-opened=\"0\" data-image-meta=\"{&quot;aperture&quot;:&quot;0&quot;,&quot;credit&quot;:&quot;&quot;,&quot;camera&quot;:&quot;&quot;,&quot;caption&quot;:&quot;&quot;,&quot;created_timestamp&quot;:&quot;0&quot;,&quot;copyright&quot;:&quot;&quot;,&quot;focal_length&quot;:&quot;0&quot;,&quot;iso&quot;:&quot;0&quot;,&quot;shutter_speed&quot;:&quot;0&quot;,&quot;title&quot;:&quot;&quot;,&quot;orientation&quot;:&quot;0&quot;}\" data-image-title=\"BWR Tubes de Fum\u00e9es 2\" data-image-description=\"\" data-image-caption=\"&lt;p&gt;Illustration \u00e9tincelles&lt;\/p&gt;\n\" data-medium-file=\"https:\/\/www.babcock-wanson.com\/wp-content\/uploads\/2018\/08\/BWR-Fire-Tube-Boilers-2-300x200.png\" data-large-file=\"https:\/\/www.babcock-wanson.com\/wp-content\/uploads\/2018\/08\/BWR-Fire-Tube-Boilers-2.png\" tabindex=\"0\" role=\"button\" \/><\/a><a href=\"https:\/\/www.babcock-wanson.com\/fr\/produits\/chaudieres-tubes-de-fumees\/bwr\/\" data-quantity=\"1\" data-product_id=\"23477\" data-product_sku=\"\" aria-label=\"En savoir plus sur &ldquo;BWR&rdquo;\" rel=\"nofollow\" data-success_message=\"\">En savoir plus<\/a><a href=\"https:\/\/www.babcock-wanson.com\/fr\/produits\/chaudieres-tubes-de-fumees\/bwr\/\"><h3>BWR<\/h3>\n\t\t<\/a>\n\t\t\t\t\t\t<a href=\"https:\/\/www.babcock-wanson.com\/fr\/produits\/chaudieres-fluide-thermique\/epc-h\/\"><img width=\"420\" height=\"280\" src=\"https:\/\/www.babcock-wanson.com\/wp-content\/uploads\/2018\/08\/EPC-H-Thermal-Fluid-Heater-3-420x280.jpg\" alt=\"EPC-H Chaudi\u00e8re Fluide Thermique\" decoding=\"async\" loading=\"lazy\" srcset=\"https:\/\/www.babcock-wanson.com\/wp-content\/uploads\/2018\/08\/EPC-H-Thermal-Fluid-Heater-3-420x280.jpg 420w, https:\/\/www.babcock-wanson.com\/wp-content\/uploads\/2018\/08\/EPC-H-Thermal-Fluid-Heater-3-300x200.jpg 300w, https:\/\/www.babcock-wanson.com\/wp-content\/uploads\/2018\/08\/EPC-H-Thermal-Fluid-Heater-3-315x210.jpg 315w, https:\/\/www.babcock-wanson.com\/wp-content\/uploads\/2018\/08\/EPC-H-Thermal-Fluid-Heater-3.jpg 600w\" sizes=\"auto, (min-width: 900px) 50vw, 100vw\" data-attachment-id=\"23112\" data-permalink=\"https:\/\/www.babcock-wanson.com\/fr\/?attachment_id=23112\" data-orig-file=\"https:\/\/www.babcock-wanson.com\/wp-content\/uploads\/2018\/08\/EPC-H-Thermal-Fluid-Heater-3.jpg\" data-orig-size=\"600,400\" data-comments-opened=\"0\" data-image-meta=\"{&quot;aperture&quot;:&quot;0&quot;,&quot;credit&quot;:&quot;&quot;,&quot;camera&quot;:&quot;&quot;,&quot;caption&quot;:&quot;&quot;,&quot;created_timestamp&quot;:&quot;0&quot;,&quot;copyright&quot;:&quot;&quot;,&quot;focal_length&quot;:&quot;0&quot;,&quot;iso&quot;:&quot;0&quot;,&quot;shutter_speed&quot;:&quot;0&quot;,&quot;title&quot;:&quot;&quot;,&quot;orientation&quot;:&quot;0&quot;}\" data-image-title=\"EPC-H Chaudi\u00e8re Fluide Thermique 3\" data-image-description=\"\" data-image-caption=\"&lt;p&gt;Nuage fum\u00e9e Arri\u00e8re plan&lt;\/p&gt;\n\" data-medium-file=\"https:\/\/www.babcock-wanson.com\/wp-content\/uploads\/2018\/08\/EPC-H-Thermal-Fluid-Heater-3-300x200.jpg\" data-large-file=\"https:\/\/www.babcock-wanson.com\/wp-content\/uploads\/2018\/08\/EPC-H-Thermal-Fluid-Heater-3.jpg\" tabindex=\"0\" role=\"button\" \/><\/a><a href=\"https:\/\/www.babcock-wanson.com\/fr\/produits\/chaudieres-fluide-thermique\/epc-h\/\" data-quantity=\"1\" data-product_id=\"23525\" data-product_sku=\"\" aria-label=\"En savoir plus sur &ldquo;EPC-H&rdquo;\" rel=\"nofollow\" data-success_message=\"\">En savoir plus<\/a><a href=\"https:\/\/www.babcock-wanson.com\/fr\/produits\/chaudieres-fluide-thermique\/epc-h\/\"><h3>EPC-H<\/h3>\n\t\t<\/a>\n\n<\/div><!-- .vgblk-rw-wrapper -->","protected":false},"excerpt":{"rendered":"<p>Chaudi\u00e8res pour l&rsquo;industrie de la p\u00e9trochimie et de l&rsquo;\u00e9nergie L&rsquo;industrie p\u00e9trochimique est bas\u00e9e sur la transformation et le stockage des hydrocarbures. Les process de cette industrie fournissent des mat\u00e9riaux interm\u00e9diaires qui servent de base \u00e0 la fabrication de nombreux objets du quotidien. Ce sont des process lourds et complexes tout comme le sont ceux des&#8230;<\/p>\n","protected":false},"author":1,"featured_media":0,"parent":22945,"menu_order":0,"comment_status":"closed","ping_status":"closed","template":"","meta":{"_acf_changed":false,"_relevanssi_hide_post":"","_relevanssi_hide_content":"","_relevanssi_pin_for_all":"","_relevanssi_pin_keywords":"","_relevanssi_unpin_keywords":"","_relevanssi_related_keywords":"","_relevanssi_related_include_ids":"","_relevanssi_related_exclude_ids":"","_relevanssi_related_no_append":"","_relevanssi_related_not_related":"","_relevanssi_related_posts":"","_relevanssi_noindex_reason":"","footnotes":""},"class_list":["post-23099","page","type-page","status-publish","hentry"],"acf":[],"yoast_head":"<!-- This site is optimized with the Yoast SEO Premium plugin v27.4 (Yoast SEO v27.4) - https:\/\/yoast.com\/product\/yoast-seo-premium-wordpress\/ -->\n<title>P\u00e9trochimie &amp; \u00c9nergie - Babcock Wanson<\/title>\n<meta name=\"description\" content=\"Babcock Wanson propose des chaudi\u00e8res pour l&#039;industrie de la p\u00e9trochimie et de l&#039;\u00e9nergie adapt\u00e9es aux besoins et \u00e0 aux demandes sp\u00e9cifiques.\" \/>\n<meta name=\"robots\" content=\"index, follow, max-snippet:-1, max-image-preview:large, max-video-preview:-1\" \/>\n<link rel=\"canonical\" href=\"https:\/\/www.babcock-wanson.com\/fr\/industries\/petrochimie-energie\/\" \/>\n<meta property=\"og:locale\" content=\"fr_FR\" \/>\n<meta property=\"og:type\" content=\"article\" \/>\n<meta property=\"og:title\" content=\"P\u00e9trochimie &amp; \u00c9nergie\" \/>\n<meta property=\"og:description\" content=\"Babcock Wanson propose des chaudi\u00e8res pour l&#039;industrie de la p\u00e9trochimie et de l&#039;\u00e9nergie adapt\u00e9es aux besoins et \u00e0 aux demandes sp\u00e9cifiques.\" \/>\n<meta property=\"og:url\" content=\"https:\/\/www.babcock-wanson.com\/fr\/industries\/petrochimie-energie\/\" \/>\n<meta property=\"og:site_name\" content=\"Babcock Wanson\" \/>\n<meta property=\"article:modified_time\" content=\"2025-12-11T14:35:26+00:00\" \/>\n<meta property=\"og:image\" content=\"https:\/\/www.babcock-wanson.com\/wp-content\/uploads\/2019\/02\/schneider-logo.png\" \/>\n<meta name=\"twitter:card\" content=\"summary_large_image\" \/>\n<meta name=\"twitter:label1\" content=\"Est. reading time\" \/>\n\t<meta name=\"twitter:data1\" content=\"2 minutes\" \/>\n<script type=\"application\/ld+json\" class=\"yoast-schema-graph\">{\"@context\":\"https:\\\/\\\/schema.org\",\"@graph\":[{\"@type\":\"WebPage\",\"@id\":\"https:\\\/\\\/www.babcock-wanson.com\\\/fr\\\/industries\\\/petrochimie-energie\\\/\",\"url\":\"https:\\\/\\\/www.babcock-wanson.com\\\/fr\\\/industries\\\/petrochimie-energie\\\/\",\"name\":\"P\u00e9trochimie &amp; \u00c9nergie - Babcock Wanson\",\"isPartOf\":{\"@id\":\"https:\\\/\\\/www.babcock-wanson.com\\\/fr\\\/#website\"},\"primaryImageOfPage\":{\"@id\":\"https:\\\/\\\/www.babcock-wanson.com\\\/fr\\\/industries\\\/petrochimie-energie\\\/#primaryimage\"},\"image\":{\"@id\":\"https:\\\/\\\/www.babcock-wanson.com\\\/fr\\\/industries\\\/petrochimie-energie\\\/#primaryimage\"},\"thumbnailUrl\":\"https:\\\/\\\/www.babcock-wanson.com\\\/wp-content\\\/uploads\\\/2019\\\/02\\\/schneider-logo.png\",\"datePublished\":\"2020-02-08T21:22:56+00:00\",\"dateModified\":\"2025-12-11T14:35:26+00:00\",\"description\":\"Babcock Wanson propose des chaudi\u00e8res pour l'industrie de la p\u00e9trochimie et de l'\u00e9nergie adapt\u00e9es aux besoins et \u00e0 aux demandes sp\u00e9cifiques.\",\"breadcrumb\":{\"@id\":\"https:\\\/\\\/www.babcock-wanson.com\\\/fr\\\/industries\\\/petrochimie-energie\\\/#breadcrumb\"},\"inLanguage\":\"fr-FR\",\"potentialAction\":[{\"@type\":\"ReadAction\",\"target\":[\"https:\\\/\\\/www.babcock-wanson.com\\\/fr\\\/industries\\\/petrochimie-energie\\\/\"]}]},{\"@type\":\"ImageObject\",\"inLanguage\":\"fr-FR\",\"@id\":\"https:\\\/\\\/www.babcock-wanson.com\\\/fr\\\/industries\\\/petrochimie-energie\\\/#primaryimage\",\"url\":\"https:\\\/\\\/www.babcock-wanson.com\\\/wp-content\\\/uploads\\\/2019\\\/02\\\/schneider-logo.png\",\"contentUrl\":\"https:\\\/\\\/www.babcock-wanson.com\\\/wp-content\\\/uploads\\\/2019\\\/02\\\/schneider-logo.png\"},{\"@type\":\"BreadcrumbList\",\"@id\":\"https:\\\/\\\/www.babcock-wanson.com\\\/fr\\\/industries\\\/petrochimie-energie\\\/#breadcrumb\",\"itemListElement\":[{\"@type\":\"ListItem\",\"position\":1,\"name\":\"Accueil\",\"item\":\"https:\\\/\\\/www.babcock-wanson.com\\\/fr\\\/\"},{\"@type\":\"ListItem\",\"position\":2,\"name\":\"Nos industries\",\"item\":\"https:\\\/\\\/www.babcock-wanson.com\\\/fr\\\/industries\\\/\"},{\"@type\":\"ListItem\",\"position\":3,\"name\":\"P\u00e9trochimie &amp; \u00c9nergie\"}]},{\"@type\":\"WebSite\",\"@id\":\"https:\\\/\\\/www.babcock-wanson.com\\\/fr\\\/#website\",\"url\":\"https:\\\/\\\/www.babcock-wanson.com\\\/fr\\\/\",\"name\":\"Babcock Wanson\",\"description\":\"\",\"publisher\":{\"@id\":\"https:\\\/\\\/www.babcock-wanson.com\\\/fr\\\/#organization\"},\"potentialAction\":[{\"@type\":\"SearchAction\",\"target\":{\"@type\":\"EntryPoint\",\"urlTemplate\":\"https:\\\/\\\/www.babcock-wanson.com\\\/fr\\\/?s={search_term_string}\"},\"query-input\":{\"@type\":\"PropertyValueSpecification\",\"valueRequired\":true,\"valueName\":\"search_term_string\"}}],\"inLanguage\":\"fr-FR\"},{\"@type\":\"Organization\",\"@id\":\"https:\\\/\\\/www.babcock-wanson.com\\\/fr\\\/#organization\",\"name\":\"Babcock Wanson\",\"url\":\"https:\\\/\\\/www.babcock-wanson.com\\\/fr\\\/\",\"logo\":{\"@type\":\"ImageObject\",\"inLanguage\":\"fr-FR\",\"@id\":\"https:\\\/\\\/www.babcock-wanson.com\\\/fr\\\/#\\\/schema\\\/logo\\\/image\\\/\",\"url\":\"https:\\\/\\\/www.babcock-wanson.com\\\/wp-content\\\/uploads\\\/2024\\\/02\\\/Babcock-Wanson-1200x1200-1.png\",\"contentUrl\":\"https:\\\/\\\/www.babcock-wanson.com\\\/wp-content\\\/uploads\\\/2024\\\/02\\\/Babcock-Wanson-1200x1200-1.png\",\"width\":1200,\"height\":1200,\"caption\":\"Babcock Wanson\"},\"image\":{\"@id\":\"https:\\\/\\\/www.babcock-wanson.com\\\/fr\\\/#\\\/schema\\\/logo\\\/image\\\/\"},\"sameAs\":[\"https:\\\/\\\/www.linkedin.com\\\/company\\\/babcock-wanson\\\/\",\"https:\\\/\\\/www.youtube.com\\\/channel\\\/UCtxl25VieBBsP2kYmtlyv7A\"]}]}<\/script>\n<!-- \/ Yoast SEO Premium plugin. -->","yoast_head_json":{"title":"P\u00e9trochimie &amp; \u00c9nergie - Babcock Wanson","description":"Babcock Wanson propose des chaudi\u00e8res pour l'industrie de la p\u00e9trochimie et de l'\u00e9nergie adapt\u00e9es aux besoins et \u00e0 aux demandes sp\u00e9cifiques.","robots":{"index":"index","follow":"follow","max-snippet":"max-snippet:-1","max-image-preview":"max-image-preview:large","max-video-preview":"max-video-preview:-1"},"canonical":"https:\/\/www.babcock-wanson.com\/fr\/industries\/petrochimie-energie\/","og_locale":"fr_FR","og_type":"article","og_title":"P\u00e9trochimie &amp; \u00c9nergie","og_description":"Babcock Wanson propose des chaudi\u00e8res pour l'industrie de la p\u00e9trochimie et de l'\u00e9nergie adapt\u00e9es aux besoins et \u00e0 aux demandes sp\u00e9cifiques.","og_url":"https:\/\/www.babcock-wanson.com\/fr\/industries\/petrochimie-energie\/","og_site_name":"Babcock Wanson","article_modified_time":"2025-12-11T14:35:26+00:00","og_image":[{"url":"https:\/\/www.babcock-wanson.com\/wp-content\/uploads\/2019\/02\/schneider-logo.png","type":"","width":"","height":""}],"twitter_card":"summary_large_image","twitter_misc":{"Est. reading time":"2 minutes"},"schema":{"@context":"https:\/\/schema.org","@graph":[{"@type":"WebPage","@id":"https:\/\/www.babcock-wanson.com\/fr\/industries\/petrochimie-energie\/","url":"https:\/\/www.babcock-wanson.com\/fr\/industries\/petrochimie-energie\/","name":"P\u00e9trochimie &amp; \u00c9nergie - Babcock Wanson","isPartOf":{"@id":"https:\/\/www.babcock-wanson.com\/fr\/#website"},"primaryImageOfPage":{"@id":"https:\/\/www.babcock-wanson.com\/fr\/industries\/petrochimie-energie\/#primaryimage"},"image":{"@id":"https:\/\/www.babcock-wanson.com\/fr\/industries\/petrochimie-energie\/#primaryimage"},"thumbnailUrl":"https:\/\/www.babcock-wanson.com\/wp-content\/uploads\/2019\/02\/schneider-logo.png","datePublished":"2020-02-08T21:22:56+00:00","dateModified":"2025-12-11T14:35:26+00:00","description":"Babcock Wanson propose des chaudi\u00e8res pour l'industrie de la p\u00e9trochimie et de l'\u00e9nergie adapt\u00e9es aux besoins et \u00e0 aux demandes sp\u00e9cifiques.","breadcrumb":{"@id":"https:\/\/www.babcock-wanson.com\/fr\/industries\/petrochimie-energie\/#breadcrumb"},"inLanguage":"fr-FR","potentialAction":[{"@type":"ReadAction","target":["https:\/\/www.babcock-wanson.com\/fr\/industries\/petrochimie-energie\/"]}]},{"@type":"ImageObject","inLanguage":"fr-FR","@id":"https:\/\/www.babcock-wanson.com\/fr\/industries\/petrochimie-energie\/#primaryimage","url":"https:\/\/www.babcock-wanson.com\/wp-content\/uploads\/2019\/02\/schneider-logo.png","contentUrl":"https:\/\/www.babcock-wanson.com\/wp-content\/uploads\/2019\/02\/schneider-logo.png"},{"@type":"BreadcrumbList","@id":"https:\/\/www.babcock-wanson.com\/fr\/industries\/petrochimie-energie\/#breadcrumb","itemListElement":[{"@type":"ListItem","position":1,"name":"Accueil","item":"https:\/\/www.babcock-wanson.com\/fr\/"},{"@type":"ListItem","position":2,"name":"Nos industries","item":"https:\/\/www.babcock-wanson.com\/fr\/industries\/"},{"@type":"ListItem","position":3,"name":"P\u00e9trochimie &amp; \u00c9nergie"}]},{"@type":"WebSite","@id":"https:\/\/www.babcock-wanson.com\/fr\/#website","url":"https:\/\/www.babcock-wanson.com\/fr\/","name":"Babcock Wanson","description":"","publisher":{"@id":"https:\/\/www.babcock-wanson.com\/fr\/#organization"},"potentialAction":[{"@type":"SearchAction","target":{"@type":"EntryPoint","urlTemplate":"https:\/\/www.babcock-wanson.com\/fr\/?s={search_term_string}"},"query-input":{"@type":"PropertyValueSpecification","valueRequired":true,"valueName":"search_term_string"}}],"inLanguage":"fr-FR"},{"@type":"Organization","@id":"https:\/\/www.babcock-wanson.com\/fr\/#organization","name":"Babcock Wanson","url":"https:\/\/www.babcock-wanson.com\/fr\/","logo":{"@type":"ImageObject","inLanguage":"fr-FR","@id":"https:\/\/www.babcock-wanson.com\/fr\/#\/schema\/logo\/image\/","url":"https:\/\/www.babcock-wanson.com\/wp-content\/uploads\/2024\/02\/Babcock-Wanson-1200x1200-1.png","contentUrl":"https:\/\/www.babcock-wanson.com\/wp-content\/uploads\/2024\/02\/Babcock-Wanson-1200x1200-1.png","width":1200,"height":1200,"caption":"Babcock Wanson"},"image":{"@id":"https:\/\/www.babcock-wanson.com\/fr\/#\/schema\/logo\/image\/"},"sameAs":["https:\/\/www.linkedin.com\/company\/babcock-wanson\/","https:\/\/www.youtube.com\/channel\/UCtxl25VieBBsP2kYmtlyv7A"]}]}},"jetpack_sharing_enabled":true,"_links":{"self":[{"href":"https:\/\/www.babcock-wanson.com\/fr\/wp-json\/wp\/v2\/pages\/23099","targetHints":{"allow":["GET"]}}],"collection":[{"href":"https:\/\/www.babcock-wanson.com\/fr\/wp-json\/wp\/v2\/pages"}],"about":[{"href":"https:\/\/www.babcock-wanson.com\/fr\/wp-json\/wp\/v2\/types\/page"}],"author":[{"embeddable":true,"href":"https:\/\/www.babcock-wanson.com\/fr\/wp-json\/wp\/v2\/users\/1"}],"replies":[{"embeddable":true,"href":"https:\/\/www.babcock-wanson.com\/fr\/wp-json\/wp\/v2\/comments?post=23099"}],"version-history":[{"count":6,"href":"https:\/\/www.babcock-wanson.com\/fr\/wp-json\/wp\/v2\/pages\/23099\/revisions"}],"predecessor-version":[{"id":53190,"href":"https:\/\/www.babcock-wanson.com\/fr\/wp-json\/wp\/v2\/pages\/23099\/revisions\/53190"}],"up":[{"embeddable":true,"href":"https:\/\/www.babcock-wanson.com\/fr\/wp-json\/wp\/v2\/pages\/22945"}],"wp:attachment":[{"href":"https:\/\/www.babcock-wanson.com\/fr\/wp-json\/wp\/v2\/media?parent=23099"}],"curies":[{"name":"wp","href":"https:\/\/api.w.org\/{rel}","templated":true}]}}