{"id":23136,"date":"2020-02-08T21:31:19","date_gmt":"2020-02-08T21:31:19","guid":{"rendered":"https:\/\/www.babcock-wanson.com\/industries\/imprimerie\/"},"modified":"2021-08-24T08:06:53","modified_gmt":"2021-08-24T07:06:53","slug":"imprimerie","status":"publish","type":"page","link":"https:\/\/www.babcock-wanson.com\/fr\/industries\/imprimerie\/","title":{"rendered":"Imprimerie"},"content":{"rendered":"<div class=\"vgblk-rw-wrapper limit-wrapper\"><h2>\n\t\tChaudi\u00e8res pour <\/strong>l&rsquo;industrie de l&rsquo;imprimerie<\/strong>\n\t<\/h2>\n\t<p>L&rsquo;industrie de l&rsquo;imprimerie est vaste et diversifi\u00e9e et produit une vaste gamme de produits, notamment des livres, des catalogues, des journaux, des magazines, des papiers d&#8217;emballage, etc.<\/p>\n<h3>Produits recommand\u00e9s<\/h3>\n<p>Dans les imprimeries, la vapeur convient parfaitement aux proc\u00e9d\u00e9s n\u00e9cessitant des temp\u00e9ratures allant jusqu&rsquo;\u00e0 200 \u00b0C lorsque les contr\u00f4les de temp\u00e9rature sont simples. Dans ce cas, le chauffage par des <a href=\"https:\/\/www.babcock-wanson.com\/fr\/categorie-produit\/chaudieres-serpentins\/\" rel=\"noopener\" target=\"_blank\">chaudi\u00e8res \u00e0 serpentins<\/a> ou des <a href=\"https:\/\/www.babcock-wanson.com\/fr\/categorie-produit\/chaudieres-tubes-de-fumees\/\" rel=\"noopener\" target=\"_blank\">chaudi\u00e8res \u00e0 tubes de fum\u00e9es<\/a> est appropri\u00e9.<\/p>\n<p>Les syst\u00e8mes \u00e0 fluide thermique doivent \u00e9galement \u00eatre pris en compte, car il ont la capacit\u00e9 de fournir des temp\u00e9ratures contr\u00f4lables jusqu&rsquo;\u00e0 350 \u00b0C. Cette polyvalence est d&rsquo;une importance primordiale lorsqu&rsquo;une pr\u00e9cision de +\/- 1 \u00b0C est requise dans le process de s\u00e9chage.<\/p>\n<p>Les compos\u00e9s organiques volatiles g\u00e9n\u00e9r\u00e9s lors de l\u2019impression ou le filmage contaminent les gaz d&rsquo;\u00e9chappement des proc\u00e9d\u00e9s de fabrication et peuvent \u00eatre trait\u00e9s par oxydation thermique. Ce type d&rsquo;installation d&rsquo;oxydation peut \u00eatre r\u00e9g\u00e9n\u00e9rative avec r\u00e9cup\u00e9ration de chaleur interne (jusqu\u2019\u00e0 des process autothermique) ou r\u00e9cup\u00e9rative et adapt\u00e9e \u00e0 la r\u00e9cup\u00e9ration de chaleur externe par chauffage de l&rsquo;air, de l&rsquo;eau, de la vapeur ou du fluide thermique.<\/p>\n<h3>Services disponibles<\/h3>\n<p>Afin d\u2019assurer une disponibilit\u00e9 op\u00e9rationnelle maximum des \u00e9quipements, Babcock Wanson s\u2019engage \u00e0 offrir un <a href=\"https:\/\/www.babcock-wanson.com\/fr\/nos-services\/\">service et une assistance technique<\/a> personnalis\u00e9s en fonction des besoins du client.<\/p>\n<ul>\n<li><strong>Service t\u00e9l\u00e9phonique et r\u00e9activit\u00e9 :<\/strong> La mise en \u0153uvre d\u2019un plan rigoureux de maintenance planifi\u00e9e assurera une fiabilit\u00e9 et une efficacit\u00e9 accrues des \u00e9quipements.<\/li>\n<li><strong>Engagement de disponibilit\u00e9 :<\/strong> Notre vaste r\u00e9seau de techniciens de maintenance est enti\u00e8rement qualifi\u00e9 et form\u00e9 pour r\u00e9pondre \u00e0 tous les besoins de service li\u00e9s \u00e0 votre chaufferie ou \u00e0 votre chaudi\u00e8re.<\/li>\n<\/ul>\n<h3>\n\t\t<\/strong>Clients<\/strong> dans l&rsquo;industrie de l&rsquo;imprimerie \n\t<\/h3>\n\t\t\t\t\t\t\t<img loading=\"lazy\" decoding=\"async\" src=\"https:\/\/www.babcock-wanson.com\/wp-content\/uploads\/2019\/02\/akzonobel-logo.png\" data-srcset=\"https:\/\/www.babcock-wanson.com\/wp-content\/uploads\/2019\/02\/akzonobel-logo.png\" alt=\"akzonobel-logo\" height=\"50\" width=\"212\" title=\"akzonobel-logo\" \/>\t\t\t\t\t\t\t\n\t\t\t\t\t\t\t<img loading=\"lazy\" decoding=\"async\" src=\"https:\/\/www.babcock-wanson.com\/wp-content\/uploads\/2019\/02\/Quebecor_logo.png\" alt=\"Quebecor_logo\" height=\"50\" width=\"152\" title=\"Quebecor_logo\" data-srcset=\"https:\/\/www.babcock-wanson.com\/wp-content\/uploads\/2019\/02\/Quebecor_logo.png 152w, https:\/\/www.babcock-wanson.com\/wp-content\/uploads\/2019\/02\/Quebecor_logo-150x50.png 150w\" \/>\t\t\t\t\t\t\t\n\t\t\t\t\t\t\t<img loading=\"lazy\" decoding=\"async\" src=\"https:\/\/www.babcock-wanson.com\/wp-content\/uploads\/2019\/02\/amcor-logo.png\" data-srcset=\"https:\/\/www.babcock-wanson.com\/wp-content\/uploads\/2019\/02\/amcor-logo.png\" alt=\"amcor-logo\" height=\"50\" width=\"161\" title=\"amcor-logo\" \/>\t\t\t\t\t\t\t\n\t\t\t\t\t\t\t<img loading=\"lazy\" decoding=\"async\" src=\"https:\/\/www.babcock-wanson.com\/wp-content\/uploads\/2019\/02\/ColorMatrix-logo.png\" data-srcset=\"https:\/\/www.babcock-wanson.com\/wp-content\/uploads\/2019\/02\/ColorMatrix-logo.png\" alt=\"ColorMatrix-logo\" height=\"50\" width=\"184\" title=\"ColorMatrix-logo\" \/>\t\t\t\t\t\t\t\n\t\t\t\t\t\t\t<img loading=\"lazy\" decoding=\"async\" src=\"https:\/\/www.babcock-wanson.com\/wp-content\/uploads\/2019\/02\/Fuji-Buriot-logo.png\" data-srcset=\"https:\/\/www.babcock-wanson.com\/wp-content\/uploads\/2019\/02\/Fuji-Buriot-logo.png\" alt=\"Fuji-Buriot-logo\" height=\"50\" width=\"62\" title=\"Fuji-Buriot-logo\" \/>\t\t\t\t\t\t\t\n\t\t\t\t\t\t\t<img loading=\"lazy\" decoding=\"async\" src=\"https:\/\/www.babcock-wanson.com\/wp-content\/uploads\/2019\/02\/henkel-logo.png\" data-srcset=\"https:\/\/www.babcock-wanson.com\/wp-content\/uploads\/2019\/02\/henkel-logo.png\" alt=\"henkel-logo\" height=\"50\" width=\"89\" title=\"henkel-logo\" \/>\t\t\t\t\t\t\t\n<h2>\n\t<\/b>Produits<\/b> Associ\u00e9s\n\t<\/h2>\n\t\t\t\t\t\t<a href=\"https:\/\/www.babcock-wanson.com\/fr\/produits\/chaudieres-tubes-de-fumees\/nbwb\/\"><img loading=\"lazy\" decoding=\"async\" width=\"315\" height=\"210\" src=\"https:\/\/www.babcock-wanson.com\/wp-content\/uploads\/2018\/08\/NBWB-Fire-Tube-Boiler-3-315x210.png\" alt=\"NBWB Tubes de Fum\u00e9es\" data-attachment-id=\"22979\" data-permalink=\"https:\/\/www.babcock-wanson.com\/fr\/?attachment_id=22979\" data-orig-file=\"https:\/\/www.babcock-wanson.com\/wp-content\/uploads\/2018\/08\/NBWB-Fire-Tube-Boiler-3.png\" data-orig-size=\"600,400\" data-comments-opened=\"0\" data-image-meta=\"{&quot;aperture&quot;:&quot;0&quot;,&quot;credit&quot;:&quot;&quot;,&quot;camera&quot;:&quot;&quot;,&quot;caption&quot;:&quot;&quot;,&quot;created_timestamp&quot;:&quot;0&quot;,&quot;copyright&quot;:&quot;&quot;,&quot;focal_length&quot;:&quot;0&quot;,&quot;iso&quot;:&quot;0&quot;,&quot;shutter_speed&quot;:&quot;0&quot;,&quot;title&quot;:&quot;&quot;,&quot;orientation&quot;:&quot;0&quot;}\" data-image-title=\"NBWB Tubes de Fum\u00e9es 3\" data-image-description=\"\" data-medium-file=\"https:\/\/www.babcock-wanson.com\/wp-content\/uploads\/2018\/08\/NBWB-Fire-Tube-Boiler-3-300x200.png\" data-large-file=\"https:\/\/www.babcock-wanson.com\/wp-content\/uploads\/2018\/08\/NBWB-Fire-Tube-Boiler-3.png\" \/><\/a><a href=\"https:\/\/www.babcock-wanson.com\/fr\/produits\/chaudieres-tubes-de-fumees\/nbwb\/\" data-quantity=\"1\" data-product_id=\"23465\" data-product_sku=\"\" aria-label=\"En savoir plus sur &ldquo;NBWB&rdquo;\" rel=\"nofollow\">En savoir plus<\/a><a href=\"https:\/\/www.babcock-wanson.com\/fr\/produits\/chaudieres-tubes-de-fumees\/nbwb\/\"><h3>NBWB<\/h3>\n\t\t<\/a>\n\t\t\t\t\t\t<a href=\"https:\/\/www.babcock-wanson.com\/fr\/produits\/chaudieres-fluide-thermique\/tpc-b\/\"><img loading=\"lazy\" decoding=\"async\" width=\"315\" height=\"211\" src=\"https:\/\/www.babcock-wanson.com\/wp-content\/uploads\/2018\/08\/TC-B-Series-side-by-side-315x211.jpg\" alt=\"Leon Wanson et Alfred Parent\" data-attachment-id=\"22981\" data-permalink=\"https:\/\/www.babcock-wanson.com\/fr\/?attachment_id=22981\" data-orig-file=\"https:\/\/www.babcock-wanson.com\/wp-content\/uploads\/2018\/08\/TC-B-Series-side-by-side.jpg\" data-orig-size=\"600,401\" data-comments-opened=\"0\" data-image-meta=\"{&quot;aperture&quot;:&quot;0&quot;,&quot;credit&quot;:&quot;&quot;,&quot;camera&quot;:&quot;&quot;,&quot;caption&quot;:&quot;&quot;,&quot;created_timestamp&quot;:&quot;0&quot;,&quot;copyright&quot;:&quot;&quot;,&quot;focal_length&quot;:&quot;0&quot;,&quot;iso&quot;:&quot;0&quot;,&quot;shutter_speed&quot;:&quot;0&quot;,&quot;title&quot;:&quot;&quot;,&quot;orientation&quot;:&quot;1&quot;}\" data-image-title=\"Serie TPC-B\" data-image-description=\"\" data-medium-file=\"https:\/\/www.babcock-wanson.com\/wp-content\/uploads\/2018\/08\/TC-B-Series-side-by-side-300x201.jpg\" data-large-file=\"https:\/\/www.babcock-wanson.com\/wp-content\/uploads\/2018\/08\/TC-B-Series-side-by-side.jpg\" \/><\/a><a href=\"https:\/\/www.babcock-wanson.com\/fr\/produits\/chaudieres-fluide-thermique\/tpc-b\/\" data-quantity=\"1\" data-product_id=\"23539\" data-product_sku=\"TPC-B Series\" aria-label=\"En savoir plus sur &ldquo;TPC-B&rdquo;\" rel=\"nofollow\">En savoir plus<\/a><a href=\"https:\/\/www.babcock-wanson.com\/fr\/produits\/chaudieres-fluide-thermique\/tpc-b\/\"><h3>TPC-B<\/h3>\n\t\t<\/a>\n\t\t\t\t\t\t<a href=\"https:\/\/www.babcock-wanson.com\/fr\/produits\/oxydateurs-thermiques\/oxydateurs-regeneratifs\/\"><img loading=\"lazy\" decoding=\"async\" width=\"315\" height=\"210\" src=\"https:\/\/www.babcock-wanson.com\/wp-content\/uploads\/2018\/09\/Regenerative-Oxidisers-12-315x210.jpg\" alt=\"Oxydateurs R\u00e9g\u00e9n\u00e9ratifs\" data-attachment-id=\"23002\" data-permalink=\"https:\/\/www.babcock-wanson.com\/fr\/?attachment_id=23002\" data-orig-file=\"https:\/\/www.babcock-wanson.com\/wp-content\/uploads\/2018\/09\/Regenerative-Oxidisers-12.jpg\" data-orig-size=\"600,400\" data-comments-opened=\"0\" data-image-meta=\"{&quot;aperture&quot;:&quot;0&quot;,&quot;credit&quot;:&quot;&quot;,&quot;camera&quot;:&quot;&quot;,&quot;caption&quot;:&quot;&quot;,&quot;created_timestamp&quot;:&quot;0&quot;,&quot;copyright&quot;:&quot;&quot;,&quot;focal_length&quot;:&quot;0&quot;,&quot;iso&quot;:&quot;0&quot;,&quot;shutter_speed&quot;:&quot;0&quot;,&quot;title&quot;:&quot;&quot;,&quot;orientation&quot;:&quot;0&quot;}\" data-image-title=\"Oxydateurs R\u00e9g\u00e9n\u00e9ratifs\" data-image-description=\"\" data-medium-file=\"https:\/\/www.babcock-wanson.com\/wp-content\/uploads\/2018\/09\/Regenerative-Oxidisers-12-300x200.jpg\" data-large-file=\"https:\/\/www.babcock-wanson.com\/wp-content\/uploads\/2018\/09\/Regenerative-Oxidisers-12.jpg\" \/><\/a><a href=\"https:\/\/www.babcock-wanson.com\/fr\/produits\/oxydateurs-thermiques\/oxydateurs-regeneratifs\/\" data-quantity=\"1\" data-product_id=\"23610\" data-product_sku=\"\" aria-label=\"En savoir plus sur &ldquo;Oxydateurs R\u00e9g\u00e9n\u00e9ratifs&rdquo;\" rel=\"nofollow\">En savoir plus<\/a><a href=\"https:\/\/www.babcock-wanson.com\/fr\/produits\/oxydateurs-thermiques\/oxydateurs-regeneratifs\/\"><h3>Oxydateurs R\u00e9g\u00e9n\u00e9ratifs<\/h3>\n\t\t<\/a>\n\t\t\t\t\t\t<a href=\"https:\/\/www.babcock-wanson.com\/fr\/produits\/chaudieres-tubes-de-fumees\/bwd\/\"><img loading=\"lazy\" decoding=\"async\" width=\"315\" height=\"210\" src=\"https:\/\/www.babcock-wanson.com\/wp-content\/uploads\/2018\/08\/BWD-Fire-Tube-Boilers-4-315x210.png\" alt=\"NBWB Tubes de Fum\u00e9es\" data-attachment-id=\"22983\" data-permalink=\"https:\/\/www.babcock-wanson.com\/fr\/?attachment_id=22983\" data-orig-file=\"https:\/\/www.babcock-wanson.com\/wp-content\/uploads\/2018\/08\/BWD-Fire-Tube-Boilers-4.png\" data-orig-size=\"600,400\" data-comments-opened=\"0\" data-image-meta=\"{&quot;aperture&quot;:&quot;0&quot;,&quot;credit&quot;:&quot;&quot;,&quot;camera&quot;:&quot;&quot;,&quot;caption&quot;:&quot;&quot;,&quot;created_timestamp&quot;:&quot;0&quot;,&quot;copyright&quot;:&quot;&quot;,&quot;focal_length&quot;:&quot;0&quot;,&quot;iso&quot;:&quot;0&quot;,&quot;shutter_speed&quot;:&quot;0&quot;,&quot;title&quot;:&quot;&quot;,&quot;orientation&quot;:&quot;0&quot;}\" data-image-title=\"NBWB Tubes de Fum\u00e9es 4\" data-image-description=\"\" data-medium-file=\"https:\/\/www.babcock-wanson.com\/wp-content\/uploads\/2018\/08\/BWD-Fire-Tube-Boilers-4-300x200.png\" data-large-file=\"https:\/\/www.babcock-wanson.com\/wp-content\/uploads\/2018\/08\/BWD-Fire-Tube-Boilers-4.png\" \/><\/a><a href=\"https:\/\/www.babcock-wanson.com\/fr\/produits\/chaudieres-tubes-de-fumees\/bwd\/\" data-quantity=\"1\" data-product_id=\"23473\" data-product_sku=\"\" aria-label=\"En savoir plus sur &ldquo;BWD&rdquo;\" rel=\"nofollow\">En savoir plus<\/a><a href=\"https:\/\/www.babcock-wanson.com\/fr\/produits\/chaudieres-tubes-de-fumees\/bwd\/\"><h3>BWD<\/h3>\n\t\t<\/a>\n<\/div><!-- .vgblk-rw-wrapper -->","protected":false},"excerpt":{"rendered":"<p>Chaudi\u00e8res pour l&rsquo;industrie de l&rsquo;imprimerie L&rsquo;industrie de l&rsquo;imprimerie est vaste et diversifi\u00e9e et produit une vaste gamme de produits, notamment des livres, des catalogues, des journaux, des magazines, des papiers d&#8217;emballage, etc. Produits recommand\u00e9s Dans les imprimeries, la vapeur convient parfaitement aux proc\u00e9d\u00e9s n\u00e9cessitant des temp\u00e9ratures allant jusqu&rsquo;\u00e0 200 \u00b0C lorsque les contr\u00f4les de temp\u00e9rature&#8230;<\/p>\n","protected":false},"author":1,"featured_media":0,"parent":22945,"menu_order":0,"comment_status":"closed","ping_status":"closed","template":"","meta":{"_acf_changed":false,"_relevanssi_hide_post":"","_relevanssi_hide_content":"","_relevanssi_pin_for_all":"","_relevanssi_pin_keywords":"","_relevanssi_unpin_keywords":"","_relevanssi_related_keywords":"","_relevanssi_related_include_ids":"","_relevanssi_related_exclude_ids":"","_relevanssi_related_no_append":"","_relevanssi_related_not_related":"","_relevanssi_related_posts":"","_relevanssi_noindex_reason":"","footnotes":""},"class_list":["post-23136","page","type-page","status-publish","hentry"],"acf":[],"yoast_head":"<!-- This site is optimized with the Yoast SEO Premium plugin v27.4 (Yoast SEO v27.4) - https:\/\/yoast.com\/product\/yoast-seo-premium-wordpress\/ -->\n<title>Imprimerie - Babcock Wanson<\/title>\n<meta name=\"description\" content=\"L&#039;industrie de l&#039;imprimerie est vaste et diversifi\u00e9e et produit une large gamme de produits. Nos chaudi\u00e8res pour l&#039;industrie de l&#039;imprimerie sont parfaitement adapt\u00e9es \u00e0 chaque besoin.\" \/>\n<meta name=\"robots\" content=\"index, follow, max-snippet:-1, max-image-preview:large, max-video-preview:-1\" \/>\n<link rel=\"canonical\" href=\"https:\/\/www.babcock-wanson.com\/fr\/industries\/imprimerie\/\" \/>\n<meta property=\"og:locale\" content=\"fr_FR\" \/>\n<meta property=\"og:type\" content=\"article\" \/>\n<meta property=\"og:title\" content=\"Imprimerie\" \/>\n<meta property=\"og:description\" content=\"L&#039;industrie de l&#039;imprimerie est vaste et diversifi\u00e9e et produit une large gamme de produits. Nos chaudi\u00e8res pour l&#039;industrie de l&#039;imprimerie sont parfaitement adapt\u00e9es \u00e0 chaque besoin.\" \/>\n<meta property=\"og:url\" content=\"https:\/\/www.babcock-wanson.com\/fr\/industries\/imprimerie\/\" \/>\n<meta property=\"og:site_name\" content=\"Babcock Wanson\" \/>\n<meta property=\"article:modified_time\" content=\"2021-08-24T07:06:53+00:00\" \/>\n<meta property=\"og:image\" content=\"https:\/\/www.babcock-wanson.com\/wp-content\/uploads\/2019\/02\/akzonobel-logo.png\" \/>\n<meta name=\"twitter:card\" content=\"summary_large_image\" \/>\n<meta name=\"twitter:label1\" content=\"Est. reading time\" \/>\n\t<meta name=\"twitter:data1\" content=\"2 minutes\" \/>\n<script type=\"application\/ld+json\" class=\"yoast-schema-graph\">{\"@context\":\"https:\\\/\\\/schema.org\",\"@graph\":[{\"@type\":\"WebPage\",\"@id\":\"https:\\\/\\\/www.babcock-wanson.com\\\/fr\\\/industries\\\/imprimerie\\\/\",\"url\":\"https:\\\/\\\/www.babcock-wanson.com\\\/fr\\\/industries\\\/imprimerie\\\/\",\"name\":\"Imprimerie - Babcock Wanson\",\"isPartOf\":{\"@id\":\"https:\\\/\\\/www.babcock-wanson.com\\\/fr\\\/#website\"},\"primaryImageOfPage\":{\"@id\":\"https:\\\/\\\/www.babcock-wanson.com\\\/fr\\\/industries\\\/imprimerie\\\/#primaryimage\"},\"image\":{\"@id\":\"https:\\\/\\\/www.babcock-wanson.com\\\/fr\\\/industries\\\/imprimerie\\\/#primaryimage\"},\"thumbnailUrl\":\"https:\\\/\\\/www.babcock-wanson.com\\\/wp-content\\\/uploads\\\/2019\\\/02\\\/akzonobel-logo.png\",\"datePublished\":\"2020-02-08T21:31:19+00:00\",\"dateModified\":\"2021-08-24T07:06:53+00:00\",\"description\":\"L'industrie de l'imprimerie est vaste et diversifi\u00e9e et produit une large gamme de produits. Nos chaudi\u00e8res pour l'industrie de l'imprimerie sont parfaitement adapt\u00e9es \u00e0 chaque besoin.\",\"breadcrumb\":{\"@id\":\"https:\\\/\\\/www.babcock-wanson.com\\\/fr\\\/industries\\\/imprimerie\\\/#breadcrumb\"},\"inLanguage\":\"fr-FR\",\"potentialAction\":[{\"@type\":\"ReadAction\",\"target\":[\"https:\\\/\\\/www.babcock-wanson.com\\\/fr\\\/industries\\\/imprimerie\\\/\"]}]},{\"@type\":\"ImageObject\",\"inLanguage\":\"fr-FR\",\"@id\":\"https:\\\/\\\/www.babcock-wanson.com\\\/fr\\\/industries\\\/imprimerie\\\/#primaryimage\",\"url\":\"https:\\\/\\\/www.babcock-wanson.com\\\/wp-content\\\/uploads\\\/2019\\\/02\\\/akzonobel-logo.png\",\"contentUrl\":\"https:\\\/\\\/www.babcock-wanson.com\\\/wp-content\\\/uploads\\\/2019\\\/02\\\/akzonobel-logo.png\"},{\"@type\":\"BreadcrumbList\",\"@id\":\"https:\\\/\\\/www.babcock-wanson.com\\\/fr\\\/industries\\\/imprimerie\\\/#breadcrumb\",\"itemListElement\":[{\"@type\":\"ListItem\",\"position\":1,\"name\":\"Accueil\",\"item\":\"https:\\\/\\\/www.babcock-wanson.com\\\/fr\\\/\"},{\"@type\":\"ListItem\",\"position\":2,\"name\":\"Nos industries\",\"item\":\"https:\\\/\\\/www.babcock-wanson.com\\\/fr\\\/industries\\\/\"},{\"@type\":\"ListItem\",\"position\":3,\"name\":\"Imprimerie\"}]},{\"@type\":\"WebSite\",\"@id\":\"https:\\\/\\\/www.babcock-wanson.com\\\/fr\\\/#website\",\"url\":\"https:\\\/\\\/www.babcock-wanson.com\\\/fr\\\/\",\"name\":\"Babcock Wanson\",\"description\":\"\",\"publisher\":{\"@id\":\"https:\\\/\\\/www.babcock-wanson.com\\\/fr\\\/#organization\"},\"potentialAction\":[{\"@type\":\"SearchAction\",\"target\":{\"@type\":\"EntryPoint\",\"urlTemplate\":\"https:\\\/\\\/www.babcock-wanson.com\\\/fr\\\/?s={search_term_string}\"},\"query-input\":{\"@type\":\"PropertyValueSpecification\",\"valueRequired\":true,\"valueName\":\"search_term_string\"}}],\"inLanguage\":\"fr-FR\"},{\"@type\":\"Organization\",\"@id\":\"https:\\\/\\\/www.babcock-wanson.com\\\/fr\\\/#organization\",\"name\":\"Babcock Wanson\",\"url\":\"https:\\\/\\\/www.babcock-wanson.com\\\/fr\\\/\",\"logo\":{\"@type\":\"ImageObject\",\"inLanguage\":\"fr-FR\",\"@id\":\"https:\\\/\\\/www.babcock-wanson.com\\\/fr\\\/#\\\/schema\\\/logo\\\/image\\\/\",\"url\":\"https:\\\/\\\/www.babcock-wanson.com\\\/wp-content\\\/uploads\\\/2024\\\/02\\\/Babcock-Wanson-1200x1200-1.png\",\"contentUrl\":\"https:\\\/\\\/www.babcock-wanson.com\\\/wp-content\\\/uploads\\\/2024\\\/02\\\/Babcock-Wanson-1200x1200-1.png\",\"width\":1200,\"height\":1200,\"caption\":\"Babcock Wanson\"},\"image\":{\"@id\":\"https:\\\/\\\/www.babcock-wanson.com\\\/fr\\\/#\\\/schema\\\/logo\\\/image\\\/\"},\"sameAs\":[\"https:\\\/\\\/www.linkedin.com\\\/company\\\/babcock-wanson\\\/\",\"https:\\\/\\\/www.youtube.com\\\/channel\\\/UCtxl25VieBBsP2kYmtlyv7A\"]}]}<\/script>\n<!-- \/ Yoast SEO Premium plugin. -->","yoast_head_json":{"title":"Imprimerie - Babcock Wanson","description":"L'industrie de l'imprimerie est vaste et diversifi\u00e9e et produit une large gamme de produits. Nos chaudi\u00e8res pour l'industrie de l'imprimerie sont parfaitement adapt\u00e9es \u00e0 chaque besoin.","robots":{"index":"index","follow":"follow","max-snippet":"max-snippet:-1","max-image-preview":"max-image-preview:large","max-video-preview":"max-video-preview:-1"},"canonical":"https:\/\/www.babcock-wanson.com\/fr\/industries\/imprimerie\/","og_locale":"fr_FR","og_type":"article","og_title":"Imprimerie","og_description":"L'industrie de l'imprimerie est vaste et diversifi\u00e9e et produit une large gamme de produits. Nos chaudi\u00e8res pour l'industrie de l'imprimerie sont parfaitement adapt\u00e9es \u00e0 chaque besoin.","og_url":"https:\/\/www.babcock-wanson.com\/fr\/industries\/imprimerie\/","og_site_name":"Babcock Wanson","article_modified_time":"2021-08-24T07:06:53+00:00","og_image":[{"url":"https:\/\/www.babcock-wanson.com\/wp-content\/uploads\/2019\/02\/akzonobel-logo.png","type":"","width":"","height":""}],"twitter_card":"summary_large_image","twitter_misc":{"Est. reading time":"2 minutes"},"schema":{"@context":"https:\/\/schema.org","@graph":[{"@type":"WebPage","@id":"https:\/\/www.babcock-wanson.com\/fr\/industries\/imprimerie\/","url":"https:\/\/www.babcock-wanson.com\/fr\/industries\/imprimerie\/","name":"Imprimerie - Babcock Wanson","isPartOf":{"@id":"https:\/\/www.babcock-wanson.com\/fr\/#website"},"primaryImageOfPage":{"@id":"https:\/\/www.babcock-wanson.com\/fr\/industries\/imprimerie\/#primaryimage"},"image":{"@id":"https:\/\/www.babcock-wanson.com\/fr\/industries\/imprimerie\/#primaryimage"},"thumbnailUrl":"https:\/\/www.babcock-wanson.com\/wp-content\/uploads\/2019\/02\/akzonobel-logo.png","datePublished":"2020-02-08T21:31:19+00:00","dateModified":"2021-08-24T07:06:53+00:00","description":"L'industrie de l'imprimerie est vaste et diversifi\u00e9e et produit une large gamme de produits. Nos chaudi\u00e8res pour l'industrie de l'imprimerie sont parfaitement adapt\u00e9es \u00e0 chaque besoin.","breadcrumb":{"@id":"https:\/\/www.babcock-wanson.com\/fr\/industries\/imprimerie\/#breadcrumb"},"inLanguage":"fr-FR","potentialAction":[{"@type":"ReadAction","target":["https:\/\/www.babcock-wanson.com\/fr\/industries\/imprimerie\/"]}]},{"@type":"ImageObject","inLanguage":"fr-FR","@id":"https:\/\/www.babcock-wanson.com\/fr\/industries\/imprimerie\/#primaryimage","url":"https:\/\/www.babcock-wanson.com\/wp-content\/uploads\/2019\/02\/akzonobel-logo.png","contentUrl":"https:\/\/www.babcock-wanson.com\/wp-content\/uploads\/2019\/02\/akzonobel-logo.png"},{"@type":"BreadcrumbList","@id":"https:\/\/www.babcock-wanson.com\/fr\/industries\/imprimerie\/#breadcrumb","itemListElement":[{"@type":"ListItem","position":1,"name":"Accueil","item":"https:\/\/www.babcock-wanson.com\/fr\/"},{"@type":"ListItem","position":2,"name":"Nos industries","item":"https:\/\/www.babcock-wanson.com\/fr\/industries\/"},{"@type":"ListItem","position":3,"name":"Imprimerie"}]},{"@type":"WebSite","@id":"https:\/\/www.babcock-wanson.com\/fr\/#website","url":"https:\/\/www.babcock-wanson.com\/fr\/","name":"Babcock Wanson","description":"","publisher":{"@id":"https:\/\/www.babcock-wanson.com\/fr\/#organization"},"potentialAction":[{"@type":"SearchAction","target":{"@type":"EntryPoint","urlTemplate":"https:\/\/www.babcock-wanson.com\/fr\/?s={search_term_string}"},"query-input":{"@type":"PropertyValueSpecification","valueRequired":true,"valueName":"search_term_string"}}],"inLanguage":"fr-FR"},{"@type":"Organization","@id":"https:\/\/www.babcock-wanson.com\/fr\/#organization","name":"Babcock Wanson","url":"https:\/\/www.babcock-wanson.com\/fr\/","logo":{"@type":"ImageObject","inLanguage":"fr-FR","@id":"https:\/\/www.babcock-wanson.com\/fr\/#\/schema\/logo\/image\/","url":"https:\/\/www.babcock-wanson.com\/wp-content\/uploads\/2024\/02\/Babcock-Wanson-1200x1200-1.png","contentUrl":"https:\/\/www.babcock-wanson.com\/wp-content\/uploads\/2024\/02\/Babcock-Wanson-1200x1200-1.png","width":1200,"height":1200,"caption":"Babcock Wanson"},"image":{"@id":"https:\/\/www.babcock-wanson.com\/fr\/#\/schema\/logo\/image\/"},"sameAs":["https:\/\/www.linkedin.com\/company\/babcock-wanson\/","https:\/\/www.youtube.com\/channel\/UCtxl25VieBBsP2kYmtlyv7A"]}]}},"jetpack_sharing_enabled":true,"_links":{"self":[{"href":"https:\/\/www.babcock-wanson.com\/fr\/wp-json\/wp\/v2\/pages\/23136","targetHints":{"allow":["GET"]}}],"collection":[{"href":"https:\/\/www.babcock-wanson.com\/fr\/wp-json\/wp\/v2\/pages"}],"about":[{"href":"https:\/\/www.babcock-wanson.com\/fr\/wp-json\/wp\/v2\/types\/page"}],"author":[{"embeddable":true,"href":"https:\/\/www.babcock-wanson.com\/fr\/wp-json\/wp\/v2\/users\/1"}],"replies":[{"embeddable":true,"href":"https:\/\/www.babcock-wanson.com\/fr\/wp-json\/wp\/v2\/comments?post=23136"}],"version-history":[{"count":2,"href":"https:\/\/www.babcock-wanson.com\/fr\/wp-json\/wp\/v2\/pages\/23136\/revisions"}],"predecessor-version":[{"id":39832,"href":"https:\/\/www.babcock-wanson.com\/fr\/wp-json\/wp\/v2\/pages\/23136\/revisions\/39832"}],"up":[{"embeddable":true,"href":"https:\/\/www.babcock-wanson.com\/fr\/wp-json\/wp\/v2\/pages\/22945"}],"wp:attachment":[{"href":"https:\/\/www.babcock-wanson.com\/fr\/wp-json\/wp\/v2\/media?parent=23136"}],"curies":[{"name":"wp","href":"https:\/\/api.w.org\/{rel}","templated":true}]}}