{"id":23151,"date":"2020-02-08T21:35:35","date_gmt":"2020-02-08T21:35:35","guid":{"rendered":"https:\/\/www.babcock-wanson.com\/industries\/industrie-du-plastique-et-des-emballages-rigides\/"},"modified":"2021-08-30T10:19:02","modified_gmt":"2021-08-30T09:19:02","slug":"emballages-et-films-plastiques","status":"publish","type":"page","link":"https:\/\/www.babcock-wanson.com\/fr\/industries\/emballages-et-films-plastiques\/","title":{"rendered":"Emballages et films plastiques"},"content":{"rendered":"<div class=\"vgblk-rw-wrapper limit-wrapper\"><h2>\n\t\t Chaudi\u00e8res pour <\/strong>l&rsquo;industrie du plastique et des emballages rigides<\/strong>\n\t<\/h2>\n\t<p>L&#8217;emballage rigide et la fabrication de films plastiques n\u00e9cessitent souvent des temp\u00e9ratures variables tout au long du process, ce qui rend n\u00e9cessaire l&rsquo;utilisation d&rsquo;\u00e9quipements efficaces qui fournissent une source de chaleur flexible. Cela comprend :<\/p>\n<ul>\n<li>Bouteilles en verre et en plastique<\/li>\n<li>Plateaux, pots et bacs alimentaires et pharmaceutiques<\/li>\n<li>Gobelets en carton et en plastique<\/li>\n<li>Bo\u00eetes<\/li>\n<li>Fermetures, vis, capuchon, bouchon<\/li>\n<li>Papier, carton et carton ondul\u00e9, bo\u00eetes, plateaux ou caisses<\/li>\n<\/ul>\n<h3>Produits recommand\u00e9s<\/h3>\n<p>La fabrication d\u2019emballages rigides implique souvent de grandes variations dans la demande de chaleur. L\u00e0 o\u00f9 la vapeur sera la m\u00e9thode de chauffage privil\u00e9gi\u00e9e, Babcock Wanson propose des <a href=\"https:\/\/www.babcock-wanson.com\/fr\/categorie-produit\/chaudieres-tubes-de-fumees\/\" rel=\"noopener\" target=\"_blank\">chaudi\u00e8res \u00e0 tubes de fum\u00e9es<\/a> qui sont particuli\u00e8rement bien adapt\u00e9es \u00e0 ce type d&rsquo;application. Pour des variations de charge plus extr\u00eames, nous pouvons proposer la conception et l&rsquo;installation d&rsquo;accumulateurs de vapeur sur mesure.<\/p>\n<p>Ce type de proc\u00e9d\u00e9 de fabrication peut consommer une grande quantit\u00e9 de vapeur satur\u00e9e, ce qui entra\u00eene bien s\u00fbr une forte consommation d&rsquo;eau. Cela peut entra\u00eener des concentrations \u00e9lev\u00e9s dans la chaudi\u00e8re, avec par cons\u00e9quents des niveaux \u00e9lev\u00e9s de purge pour \u00e9viter d\u2019endommager l\u2019\u00e9quipement, mais elles provoquent des pertes \u00e9nerg\u00e9tiques \u00e9lev\u00e9es. L&rsquo;effet de la qualit\u00e9 de l&rsquo;eau entrante sur le bilan thermique de la chaufferie est donc tr\u00e8s important. Babcock Wanson peut donc proposer des solutions de traitement d&rsquo;eau adapt\u00e9es pr\u00e9cis\u00e9ment \u00e0 ce type d\u2019application.<\/p>\n<p>Dans l&rsquo;industrie de la fabrication de films plastiques, les chaudi\u00e8res \u00e0 fluide thermique peuvent offrir une excellente solution pour les besoins en haute temp\u00e9rature et lorsque des temp\u00e9ratures variables sont requises tout au long du process.<\/p>\n<p>Les compos\u00e9s organiques volatiles contenus dans les effluents gazeux g\u00e9n\u00e9r\u00e9s lors du rev\u00eatement des films adh\u00e9sifs peuvent \u00eatre trait\u00e9s par oxydation thermique. Il s&rsquo;agit d&rsquo;une solution int\u00e9ressante lorsque cet \u00e9quipement est coupl\u00e9 \u00e0 une<a href=\"https:\/\/www.babcock-wanson.com\/fr\/categorie-produit\/chaudieres-de-recuperation\/\" rel=\"noopener\" target=\"_blank\"> chaudi\u00e8re de r\u00e9cup\u00e9ration de chaleur<\/a> ou \u00e0 un syst\u00e8me de r\u00e9cup\u00e9ration de chaleur par fluide thermique, ou bien lorsque l&rsquo;oxydation thermique r\u00e9g\u00e9n\u00e9rative est possible.<\/p>\n<h3>Services disponibles<\/h3>\n<p>Afin d\u2019assurer une disponibilit\u00e9 op\u00e9rationnelle maximum des \u00e9quipements, Babcock Wanson s\u2019engage \u00e0 offrir un <a href=\"https:\/\/www.babcock-wanson.com\/fr\/nos-services\/\">service et une assistance technique<\/a> personnalis\u00e9s en fonction des besoins du client.<\/p>\n<ul>\n<li><strong>Service t\u00e9l\u00e9phonique et r\u00e9activit\u00e9 :<\/strong> La mise en \u0153uvre d\u2019un plan rigoureux de maintenance planifi\u00e9e assurera une fiabilit\u00e9 et une efficacit\u00e9 accrues des \u00e9quipements.<\/li>\n<li><strong>Engagement de disponibilit\u00e9 :<\/strong> Notre vaste r\u00e9seau de techniciens de maintenance est enti\u00e8rement qualifi\u00e9 et form\u00e9 pour r\u00e9pondre \u00e0 tous les besoins de service li\u00e9s \u00e0 votre chaufferie ou \u00e0 votre chaudi\u00e8re.<\/li>\n<\/ul>\n<h3>\n\t\t <\/strong>Clients<\/strong> dans l\u2019industrie du plastique et des emballages rigides\n\t<\/h3>\n\t\t\t\t\t\t\t<img loading=\"lazy\" decoding=\"async\" src=\"https:\/\/www.babcock-wanson.com\/wp-content\/uploads\/2019\/02\/storopack-logo.png\" data-srcset=\"https:\/\/www.babcock-wanson.com\/wp-content\/uploads\/2019\/02\/storopack-logo.png\" alt=\"storopack-logo\" height=\"50\" width=\"130\" title=\"storopack-logo\" \/>\t\t\t\t\t\t\t\n\t\t\t\t\t\t\t<img loading=\"lazy\" decoding=\"async\" src=\"https:\/\/www.babcock-wanson.com\/wp-content\/uploads\/2019\/02\/UNIPAK-S-logo.png\" data-srcset=\"https:\/\/www.babcock-wanson.com\/wp-content\/uploads\/2019\/02\/UNIPAK-S-logo.png\" alt=\"UNIPAK-S-logo\" height=\"50\" width=\"219\" title=\"UNIPAK-S-logo\" \/>\t\t\t\t\t\t\t\n\t\t\t\t\t\t\t<img loading=\"lazy\" decoding=\"async\" src=\"https:\/\/www.babcock-wanson.com\/wp-content\/uploads\/2019\/02\/GE-Plastics-logo.png\" data-srcset=\"https:\/\/www.babcock-wanson.com\/wp-content\/uploads\/2019\/02\/GE-Plastics-logo.png\" alt=\"GE-Plastics-logo\" height=\"50\" width=\"94\" title=\"GE-Plastics-logo\" \/>\t\t\t\t\t\t\t\n\t\t\t\t\t\t\t<img loading=\"lazy\" decoding=\"async\" src=\"https:\/\/www.babcock-wanson.com\/wp-content\/uploads\/2019\/02\/kodak-polychrome-graphics-logo1.png\" alt=\"kodak-polychrome-graphics-logo\" height=\"50\" width=\"303\" title=\"kodak-polychrome-graphics-logo1\" data-srcset=\"https:\/\/www.babcock-wanson.com\/wp-content\/uploads\/2019\/02\/kodak-polychrome-graphics-logo1.png 303w, https:\/\/www.babcock-wanson.com\/wp-content\/uploads\/2019\/02\/kodak-polychrome-graphics-logo1-300x50.png 300w\" \/>\t\t\t\t\t\t\t\n\t\t\t\t\t\t\t<img loading=\"lazy\" decoding=\"async\" src=\"https:\/\/www.babcock-wanson.com\/wp-content\/uploads\/2019\/02\/Mondi_Group-logo.png\" data-srcset=\"https:\/\/www.babcock-wanson.com\/wp-content\/uploads\/2019\/02\/Mondi_Group-logo.png\" alt=\"Mondi_Group-logo\" height=\"50\" width=\"123\" title=\"Mondi_Group-logo\" \/>\t\t\t\t\t\t\t\n\t\t\t\t\t\t\t<img loading=\"lazy\" decoding=\"async\" src=\"https:\/\/www.babcock-wanson.com\/wp-content\/uploads\/2019\/02\/SCA-logo.png\" data-srcset=\"https:\/\/www.babcock-wanson.com\/wp-content\/uploads\/2019\/02\/SCA-logo.png\" alt=\"SCA-logo\" height=\"50\" width=\"42\" title=\"SCA-logo\" \/>\t\t\t\t\t\t\t\n<h2>\n\t<\/b>Produits<\/b> Associ\u00e9s\n\t<\/h2>\n\t\t\t\t\t\t<a href=\"https:\/\/www.babcock-wanson.com\/fr\/produits\/chaudieres-fluide-thermique\/tpc-b\/\"><img loading=\"lazy\" decoding=\"async\" width=\"315\" height=\"211\" src=\"https:\/\/www.babcock-wanson.com\/wp-content\/uploads\/2018\/08\/TC-B-Series-side-by-side-315x211.jpg\" alt=\"Leon Wanson et Alfred Parent\" data-attachment-id=\"22981\" data-permalink=\"https:\/\/www.babcock-wanson.com\/fr\/?attachment_id=22981\" data-orig-file=\"https:\/\/www.babcock-wanson.com\/wp-content\/uploads\/2018\/08\/TC-B-Series-side-by-side.jpg\" data-orig-size=\"600,401\" data-comments-opened=\"0\" data-image-meta=\"{&quot;aperture&quot;:&quot;0&quot;,&quot;credit&quot;:&quot;&quot;,&quot;camera&quot;:&quot;&quot;,&quot;caption&quot;:&quot;&quot;,&quot;created_timestamp&quot;:&quot;0&quot;,&quot;copyright&quot;:&quot;&quot;,&quot;focal_length&quot;:&quot;0&quot;,&quot;iso&quot;:&quot;0&quot;,&quot;shutter_speed&quot;:&quot;0&quot;,&quot;title&quot;:&quot;&quot;,&quot;orientation&quot;:&quot;1&quot;}\" data-image-title=\"Serie TPC-B\" data-image-description=\"\" data-medium-file=\"https:\/\/www.babcock-wanson.com\/wp-content\/uploads\/2018\/08\/TC-B-Series-side-by-side-300x201.jpg\" data-large-file=\"https:\/\/www.babcock-wanson.com\/wp-content\/uploads\/2018\/08\/TC-B-Series-side-by-side.jpg\" \/><\/a><a href=\"https:\/\/www.babcock-wanson.com\/fr\/produits\/chaudieres-fluide-thermique\/tpc-b\/\" data-quantity=\"1\" data-product_id=\"23539\" data-product_sku=\"TPC-B Series\" aria-label=\"En savoir plus sur &ldquo;TPC-B&rdquo;\" rel=\"nofollow\">En savoir plus<\/a><a href=\"https:\/\/www.babcock-wanson.com\/fr\/produits\/chaudieres-fluide-thermique\/tpc-b\/\"><h3>TPC-B<\/h3>\n\t\t<\/a>\n\t\t\t\t\t\t<a href=\"https:\/\/www.babcock-wanson.com\/fr\/produits\/oxydateurs-thermiques\/oxydateurs-regeneratifs\/\"><img loading=\"lazy\" decoding=\"async\" width=\"315\" height=\"210\" src=\"https:\/\/www.babcock-wanson.com\/wp-content\/uploads\/2018\/09\/Regenerative-Oxidisers-12-315x210.jpg\" alt=\"Oxydateurs R\u00e9g\u00e9n\u00e9ratifs\" data-attachment-id=\"23002\" data-permalink=\"https:\/\/www.babcock-wanson.com\/fr\/?attachment_id=23002\" data-orig-file=\"https:\/\/www.babcock-wanson.com\/wp-content\/uploads\/2018\/09\/Regenerative-Oxidisers-12.jpg\" data-orig-size=\"600,400\" data-comments-opened=\"0\" data-image-meta=\"{&quot;aperture&quot;:&quot;0&quot;,&quot;credit&quot;:&quot;&quot;,&quot;camera&quot;:&quot;&quot;,&quot;caption&quot;:&quot;&quot;,&quot;created_timestamp&quot;:&quot;0&quot;,&quot;copyright&quot;:&quot;&quot;,&quot;focal_length&quot;:&quot;0&quot;,&quot;iso&quot;:&quot;0&quot;,&quot;shutter_speed&quot;:&quot;0&quot;,&quot;title&quot;:&quot;&quot;,&quot;orientation&quot;:&quot;0&quot;}\" data-image-title=\"Oxydateurs R\u00e9g\u00e9n\u00e9ratifs\" data-image-description=\"\" data-medium-file=\"https:\/\/www.babcock-wanson.com\/wp-content\/uploads\/2018\/09\/Regenerative-Oxidisers-12-300x200.jpg\" data-large-file=\"https:\/\/www.babcock-wanson.com\/wp-content\/uploads\/2018\/09\/Regenerative-Oxidisers-12.jpg\" \/><\/a><a href=\"https:\/\/www.babcock-wanson.com\/fr\/produits\/oxydateurs-thermiques\/oxydateurs-regeneratifs\/\" data-quantity=\"1\" data-product_id=\"23610\" data-product_sku=\"\" aria-label=\"En savoir plus sur &ldquo;Oxydateurs R\u00e9g\u00e9n\u00e9ratifs&rdquo;\" rel=\"nofollow\">En savoir plus<\/a><a href=\"https:\/\/www.babcock-wanson.com\/fr\/produits\/oxydateurs-thermiques\/oxydateurs-regeneratifs\/\"><h3>Oxydateurs R\u00e9g\u00e9n\u00e9ratifs<\/h3>\n\t\t<\/a>\n\t\t\t\t\t\t<a href=\"https:\/\/www.babcock-wanson.com\/fr\/produits\/chaudieres-tubes-de-fumees\/bwd\/\"><img loading=\"lazy\" decoding=\"async\" width=\"315\" height=\"210\" src=\"https:\/\/www.babcock-wanson.com\/wp-content\/uploads\/2018\/08\/BWD-Fire-Tube-Boilers-4-315x210.png\" alt=\"NBWB Tubes de Fum\u00e9es\" data-attachment-id=\"22983\" data-permalink=\"https:\/\/www.babcock-wanson.com\/fr\/?attachment_id=22983\" data-orig-file=\"https:\/\/www.babcock-wanson.com\/wp-content\/uploads\/2018\/08\/BWD-Fire-Tube-Boilers-4.png\" data-orig-size=\"600,400\" data-comments-opened=\"0\" data-image-meta=\"{&quot;aperture&quot;:&quot;0&quot;,&quot;credit&quot;:&quot;&quot;,&quot;camera&quot;:&quot;&quot;,&quot;caption&quot;:&quot;&quot;,&quot;created_timestamp&quot;:&quot;0&quot;,&quot;copyright&quot;:&quot;&quot;,&quot;focal_length&quot;:&quot;0&quot;,&quot;iso&quot;:&quot;0&quot;,&quot;shutter_speed&quot;:&quot;0&quot;,&quot;title&quot;:&quot;&quot;,&quot;orientation&quot;:&quot;0&quot;}\" data-image-title=\"NBWB Tubes de Fum\u00e9es 4\" data-image-description=\"\" data-medium-file=\"https:\/\/www.babcock-wanson.com\/wp-content\/uploads\/2018\/08\/BWD-Fire-Tube-Boilers-4-300x200.png\" data-large-file=\"https:\/\/www.babcock-wanson.com\/wp-content\/uploads\/2018\/08\/BWD-Fire-Tube-Boilers-4.png\" \/><\/a><a href=\"https:\/\/www.babcock-wanson.com\/fr\/produits\/chaudieres-tubes-de-fumees\/bwd\/\" data-quantity=\"1\" data-product_id=\"23473\" data-product_sku=\"\" aria-label=\"En savoir plus sur &ldquo;BWD&rdquo;\" rel=\"nofollow\">En savoir plus<\/a><a href=\"https:\/\/www.babcock-wanson.com\/fr\/produits\/chaudieres-tubes-de-fumees\/bwd\/\"><h3>BWD<\/h3>\n\t\t<\/a>\n\t\t\t\t\t\t<a href=\"https:\/\/www.babcock-wanson.com\/fr\/produits\/chaudieres-fluide-thermique\/epc-es\/\"><img loading=\"lazy\" decoding=\"async\" width=\"315\" height=\"210\" src=\"https:\/\/www.babcock-wanson.com\/wp-content\/uploads\/2018\/08\/EPC-ES-Thermal-Fluid-Heater-2-315x210.png\" alt=\"EPC-ES Chaudi\u00e8re fluide thermique\" data-attachment-id=\"22935\" data-permalink=\"https:\/\/www.babcock-wanson.com\/fr\/?attachment_id=22935\" data-orig-file=\"https:\/\/www.babcock-wanson.com\/wp-content\/uploads\/2018\/08\/EPC-ES-Thermal-Fluid-Heater-2.png\" data-orig-size=\"600,400\" data-comments-opened=\"0\" data-image-meta=\"{&quot;aperture&quot;:&quot;0&quot;,&quot;credit&quot;:&quot;&quot;,&quot;camera&quot;:&quot;&quot;,&quot;caption&quot;:&quot;&quot;,&quot;created_timestamp&quot;:&quot;0&quot;,&quot;copyright&quot;:&quot;&quot;,&quot;focal_length&quot;:&quot;0&quot;,&quot;iso&quot;:&quot;0&quot;,&quot;shutter_speed&quot;:&quot;0&quot;,&quot;title&quot;:&quot;&quot;,&quot;orientation&quot;:&quot;0&quot;}\" data-image-title=\"EPC-ES Chaudi\u00e8re fluide thermique 2\" data-image-description=\"\" data-medium-file=\"https:\/\/www.babcock-wanson.com\/wp-content\/uploads\/2018\/08\/EPC-ES-Thermal-Fluid-Heater-2-300x200.png\" data-large-file=\"https:\/\/www.babcock-wanson.com\/wp-content\/uploads\/2018\/08\/EPC-ES-Thermal-Fluid-Heater-2.png\" \/><\/a><a href=\"https:\/\/www.babcock-wanson.com\/fr\/produits\/chaudieres-fluide-thermique\/epc-es\/\" data-quantity=\"1\" data-product_id=\"23528\" data-product_sku=\"\" aria-label=\"En savoir plus sur &ldquo;EPC-ES&rdquo;\" rel=\"nofollow\">En savoir plus<\/a><a href=\"https:\/\/www.babcock-wanson.com\/fr\/produits\/chaudieres-fluide-thermique\/epc-es\/\"><h3>EPC-ES<\/h3>\n\t\t<\/a>\n<\/div><!-- .vgblk-rw-wrapper -->","protected":false},"excerpt":{"rendered":"<p>Chaudi\u00e8res pour l&rsquo;industrie du plastique et des emballages rigides L&#8217;emballage rigide et la fabrication de films plastiques n\u00e9cessitent souvent des temp\u00e9ratures variables tout au long du process, ce qui rend n\u00e9cessaire l&rsquo;utilisation d&rsquo;\u00e9quipements efficaces qui fournissent une source de chaleur flexible. Cela comprend : Bouteilles en verre et en plastique Plateaux, pots et bacs alimentaires&#8230;<\/p>\n","protected":false},"author":1,"featured_media":0,"parent":22945,"menu_order":0,"comment_status":"closed","ping_status":"closed","template":"","meta":{"_acf_changed":false,"_relevanssi_hide_post":"","_relevanssi_hide_content":"","_relevanssi_pin_for_all":"","_relevanssi_pin_keywords":"","_relevanssi_unpin_keywords":"","_relevanssi_related_keywords":"","_relevanssi_related_include_ids":"","_relevanssi_related_exclude_ids":"","_relevanssi_related_no_append":"","_relevanssi_related_not_related":"","_relevanssi_related_posts":"","_relevanssi_noindex_reason":"","footnotes":""},"class_list":["post-23151","page","type-page","status-publish","hentry"],"acf":[],"yoast_head":"<!-- This site is optimized with the Yoast SEO Premium plugin v27.4 (Yoast SEO v27.4) - https:\/\/yoast.com\/product\/yoast-seo-premium-wordpress\/ -->\n<title>Emballages et films plastiques - Babcock Wanson<\/title>\n<meta name=\"description\" content=\"Les chaudi\u00e8res pour l&#039;industrie des emballages rigides en plastique fournissent une source de chaleur flexible et efficace souvent n\u00e9cessaire dans cette industrie. Visitez notre site pour en savoir plus\" \/>\n<meta name=\"robots\" content=\"index, follow, max-snippet:-1, max-image-preview:large, max-video-preview:-1\" \/>\n<link rel=\"canonical\" href=\"https:\/\/www.babcock-wanson.com\/fr\/industries\/emballages-et-films-plastiques\/\" \/>\n<meta property=\"og:locale\" content=\"fr_FR\" \/>\n<meta property=\"og:type\" content=\"article\" \/>\n<meta property=\"og:title\" content=\"Emballages et films plastiques\" \/>\n<meta property=\"og:description\" content=\"Les chaudi\u00e8res pour l&#039;industrie des emballages rigides en plastique fournissent une source de chaleur flexible et efficace souvent n\u00e9cessaire dans cette industrie. Visitez notre site pour en savoir plus\" \/>\n<meta property=\"og:url\" content=\"https:\/\/www.babcock-wanson.com\/fr\/industries\/emballages-et-films-plastiques\/\" \/>\n<meta property=\"og:site_name\" content=\"Babcock Wanson\" \/>\n<meta property=\"article:modified_time\" content=\"2021-08-30T09:19:02+00:00\" \/>\n<meta property=\"og:image\" content=\"https:\/\/www.babcock-wanson.com\/wp-content\/uploads\/2019\/02\/storopack-logo.png\" \/>\n<meta name=\"twitter:card\" content=\"summary_large_image\" \/>\n<meta name=\"twitter:label1\" content=\"Est. reading time\" \/>\n\t<meta name=\"twitter:data1\" content=\"2 minutes\" \/>\n<script type=\"application\/ld+json\" class=\"yoast-schema-graph\">{\"@context\":\"https:\\\/\\\/schema.org\",\"@graph\":[{\"@type\":\"WebPage\",\"@id\":\"https:\\\/\\\/www.babcock-wanson.com\\\/fr\\\/industries\\\/emballages-et-films-plastiques\\\/\",\"url\":\"https:\\\/\\\/www.babcock-wanson.com\\\/fr\\\/industries\\\/emballages-et-films-plastiques\\\/\",\"name\":\"Emballages et films plastiques - Babcock Wanson\",\"isPartOf\":{\"@id\":\"https:\\\/\\\/www.babcock-wanson.com\\\/fr\\\/#website\"},\"primaryImageOfPage\":{\"@id\":\"https:\\\/\\\/www.babcock-wanson.com\\\/fr\\\/industries\\\/emballages-et-films-plastiques\\\/#primaryimage\"},\"image\":{\"@id\":\"https:\\\/\\\/www.babcock-wanson.com\\\/fr\\\/industries\\\/emballages-et-films-plastiques\\\/#primaryimage\"},\"thumbnailUrl\":\"https:\\\/\\\/www.babcock-wanson.com\\\/wp-content\\\/uploads\\\/2019\\\/02\\\/storopack-logo.png\",\"datePublished\":\"2020-02-08T21:35:35+00:00\",\"dateModified\":\"2021-08-30T09:19:02+00:00\",\"description\":\"Les chaudi\u00e8res pour l'industrie des emballages rigides en plastique fournissent une source de chaleur flexible et efficace souvent n\u00e9cessaire dans cette industrie. Visitez notre site pour en savoir plus\",\"breadcrumb\":{\"@id\":\"https:\\\/\\\/www.babcock-wanson.com\\\/fr\\\/industries\\\/emballages-et-films-plastiques\\\/#breadcrumb\"},\"inLanguage\":\"fr-FR\",\"potentialAction\":[{\"@type\":\"ReadAction\",\"target\":[\"https:\\\/\\\/www.babcock-wanson.com\\\/fr\\\/industries\\\/emballages-et-films-plastiques\\\/\"]}]},{\"@type\":\"ImageObject\",\"inLanguage\":\"fr-FR\",\"@id\":\"https:\\\/\\\/www.babcock-wanson.com\\\/fr\\\/industries\\\/emballages-et-films-plastiques\\\/#primaryimage\",\"url\":\"https:\\\/\\\/www.babcock-wanson.com\\\/wp-content\\\/uploads\\\/2019\\\/02\\\/storopack-logo.png\",\"contentUrl\":\"https:\\\/\\\/www.babcock-wanson.com\\\/wp-content\\\/uploads\\\/2019\\\/02\\\/storopack-logo.png\"},{\"@type\":\"BreadcrumbList\",\"@id\":\"https:\\\/\\\/www.babcock-wanson.com\\\/fr\\\/industries\\\/emballages-et-films-plastiques\\\/#breadcrumb\",\"itemListElement\":[{\"@type\":\"ListItem\",\"position\":1,\"name\":\"Accueil\",\"item\":\"https:\\\/\\\/www.babcock-wanson.com\\\/fr\\\/\"},{\"@type\":\"ListItem\",\"position\":2,\"name\":\"Nos industries\",\"item\":\"https:\\\/\\\/www.babcock-wanson.com\\\/fr\\\/industries\\\/\"},{\"@type\":\"ListItem\",\"position\":3,\"name\":\"Emballages et films plastiques\"}]},{\"@type\":\"WebSite\",\"@id\":\"https:\\\/\\\/www.babcock-wanson.com\\\/fr\\\/#website\",\"url\":\"https:\\\/\\\/www.babcock-wanson.com\\\/fr\\\/\",\"name\":\"Babcock Wanson\",\"description\":\"\",\"publisher\":{\"@id\":\"https:\\\/\\\/www.babcock-wanson.com\\\/fr\\\/#organization\"},\"potentialAction\":[{\"@type\":\"SearchAction\",\"target\":{\"@type\":\"EntryPoint\",\"urlTemplate\":\"https:\\\/\\\/www.babcock-wanson.com\\\/fr\\\/?s={search_term_string}\"},\"query-input\":{\"@type\":\"PropertyValueSpecification\",\"valueRequired\":true,\"valueName\":\"search_term_string\"}}],\"inLanguage\":\"fr-FR\"},{\"@type\":\"Organization\",\"@id\":\"https:\\\/\\\/www.babcock-wanson.com\\\/fr\\\/#organization\",\"name\":\"Babcock Wanson\",\"url\":\"https:\\\/\\\/www.babcock-wanson.com\\\/fr\\\/\",\"logo\":{\"@type\":\"ImageObject\",\"inLanguage\":\"fr-FR\",\"@id\":\"https:\\\/\\\/www.babcock-wanson.com\\\/fr\\\/#\\\/schema\\\/logo\\\/image\\\/\",\"url\":\"https:\\\/\\\/www.babcock-wanson.com\\\/wp-content\\\/uploads\\\/2024\\\/02\\\/Babcock-Wanson-1200x1200-1.png\",\"contentUrl\":\"https:\\\/\\\/www.babcock-wanson.com\\\/wp-content\\\/uploads\\\/2024\\\/02\\\/Babcock-Wanson-1200x1200-1.png\",\"width\":1200,\"height\":1200,\"caption\":\"Babcock Wanson\"},\"image\":{\"@id\":\"https:\\\/\\\/www.babcock-wanson.com\\\/fr\\\/#\\\/schema\\\/logo\\\/image\\\/\"},\"sameAs\":[\"https:\\\/\\\/www.linkedin.com\\\/company\\\/babcock-wanson\\\/\",\"https:\\\/\\\/www.youtube.com\\\/channel\\\/UCtxl25VieBBsP2kYmtlyv7A\"]}]}<\/script>\n<!-- \/ Yoast SEO Premium plugin. -->","yoast_head_json":{"title":"Emballages et films plastiques - Babcock Wanson","description":"Les chaudi\u00e8res pour l'industrie des emballages rigides en plastique fournissent une source de chaleur flexible et efficace souvent n\u00e9cessaire dans cette industrie. Visitez notre site pour en savoir plus","robots":{"index":"index","follow":"follow","max-snippet":"max-snippet:-1","max-image-preview":"max-image-preview:large","max-video-preview":"max-video-preview:-1"},"canonical":"https:\/\/www.babcock-wanson.com\/fr\/industries\/emballages-et-films-plastiques\/","og_locale":"fr_FR","og_type":"article","og_title":"Emballages et films plastiques","og_description":"Les chaudi\u00e8res pour l'industrie des emballages rigides en plastique fournissent une source de chaleur flexible et efficace souvent n\u00e9cessaire dans cette industrie. Visitez notre site pour en savoir plus","og_url":"https:\/\/www.babcock-wanson.com\/fr\/industries\/emballages-et-films-plastiques\/","og_site_name":"Babcock Wanson","article_modified_time":"2021-08-30T09:19:02+00:00","og_image":[{"url":"https:\/\/www.babcock-wanson.com\/wp-content\/uploads\/2019\/02\/storopack-logo.png","type":"","width":"","height":""}],"twitter_card":"summary_large_image","twitter_misc":{"Est. reading time":"2 minutes"},"schema":{"@context":"https:\/\/schema.org","@graph":[{"@type":"WebPage","@id":"https:\/\/www.babcock-wanson.com\/fr\/industries\/emballages-et-films-plastiques\/","url":"https:\/\/www.babcock-wanson.com\/fr\/industries\/emballages-et-films-plastiques\/","name":"Emballages et films plastiques - Babcock Wanson","isPartOf":{"@id":"https:\/\/www.babcock-wanson.com\/fr\/#website"},"primaryImageOfPage":{"@id":"https:\/\/www.babcock-wanson.com\/fr\/industries\/emballages-et-films-plastiques\/#primaryimage"},"image":{"@id":"https:\/\/www.babcock-wanson.com\/fr\/industries\/emballages-et-films-plastiques\/#primaryimage"},"thumbnailUrl":"https:\/\/www.babcock-wanson.com\/wp-content\/uploads\/2019\/02\/storopack-logo.png","datePublished":"2020-02-08T21:35:35+00:00","dateModified":"2021-08-30T09:19:02+00:00","description":"Les chaudi\u00e8res pour l'industrie des emballages rigides en plastique fournissent une source de chaleur flexible et efficace souvent n\u00e9cessaire dans cette industrie. Visitez notre site pour en savoir plus","breadcrumb":{"@id":"https:\/\/www.babcock-wanson.com\/fr\/industries\/emballages-et-films-plastiques\/#breadcrumb"},"inLanguage":"fr-FR","potentialAction":[{"@type":"ReadAction","target":["https:\/\/www.babcock-wanson.com\/fr\/industries\/emballages-et-films-plastiques\/"]}]},{"@type":"ImageObject","inLanguage":"fr-FR","@id":"https:\/\/www.babcock-wanson.com\/fr\/industries\/emballages-et-films-plastiques\/#primaryimage","url":"https:\/\/www.babcock-wanson.com\/wp-content\/uploads\/2019\/02\/storopack-logo.png","contentUrl":"https:\/\/www.babcock-wanson.com\/wp-content\/uploads\/2019\/02\/storopack-logo.png"},{"@type":"BreadcrumbList","@id":"https:\/\/www.babcock-wanson.com\/fr\/industries\/emballages-et-films-plastiques\/#breadcrumb","itemListElement":[{"@type":"ListItem","position":1,"name":"Accueil","item":"https:\/\/www.babcock-wanson.com\/fr\/"},{"@type":"ListItem","position":2,"name":"Nos industries","item":"https:\/\/www.babcock-wanson.com\/fr\/industries\/"},{"@type":"ListItem","position":3,"name":"Emballages et films plastiques"}]},{"@type":"WebSite","@id":"https:\/\/www.babcock-wanson.com\/fr\/#website","url":"https:\/\/www.babcock-wanson.com\/fr\/","name":"Babcock Wanson","description":"","publisher":{"@id":"https:\/\/www.babcock-wanson.com\/fr\/#organization"},"potentialAction":[{"@type":"SearchAction","target":{"@type":"EntryPoint","urlTemplate":"https:\/\/www.babcock-wanson.com\/fr\/?s={search_term_string}"},"query-input":{"@type":"PropertyValueSpecification","valueRequired":true,"valueName":"search_term_string"}}],"inLanguage":"fr-FR"},{"@type":"Organization","@id":"https:\/\/www.babcock-wanson.com\/fr\/#organization","name":"Babcock Wanson","url":"https:\/\/www.babcock-wanson.com\/fr\/","logo":{"@type":"ImageObject","inLanguage":"fr-FR","@id":"https:\/\/www.babcock-wanson.com\/fr\/#\/schema\/logo\/image\/","url":"https:\/\/www.babcock-wanson.com\/wp-content\/uploads\/2024\/02\/Babcock-Wanson-1200x1200-1.png","contentUrl":"https:\/\/www.babcock-wanson.com\/wp-content\/uploads\/2024\/02\/Babcock-Wanson-1200x1200-1.png","width":1200,"height":1200,"caption":"Babcock Wanson"},"image":{"@id":"https:\/\/www.babcock-wanson.com\/fr\/#\/schema\/logo\/image\/"},"sameAs":["https:\/\/www.linkedin.com\/company\/babcock-wanson\/","https:\/\/www.youtube.com\/channel\/UCtxl25VieBBsP2kYmtlyv7A"]}]}},"jetpack_sharing_enabled":true,"_links":{"self":[{"href":"https:\/\/www.babcock-wanson.com\/fr\/wp-json\/wp\/v2\/pages\/23151","targetHints":{"allow":["GET"]}}],"collection":[{"href":"https:\/\/www.babcock-wanson.com\/fr\/wp-json\/wp\/v2\/pages"}],"about":[{"href":"https:\/\/www.babcock-wanson.com\/fr\/wp-json\/wp\/v2\/types\/page"}],"author":[{"embeddable":true,"href":"https:\/\/www.babcock-wanson.com\/fr\/wp-json\/wp\/v2\/users\/1"}],"replies":[{"embeddable":true,"href":"https:\/\/www.babcock-wanson.com\/fr\/wp-json\/wp\/v2\/comments?post=23151"}],"version-history":[{"count":3,"href":"https:\/\/www.babcock-wanson.com\/fr\/wp-json\/wp\/v2\/pages\/23151\/revisions"}],"predecessor-version":[{"id":39874,"href":"https:\/\/www.babcock-wanson.com\/fr\/wp-json\/wp\/v2\/pages\/23151\/revisions\/39874"}],"up":[{"embeddable":true,"href":"https:\/\/www.babcock-wanson.com\/fr\/wp-json\/wp\/v2\/pages\/22945"}],"wp:attachment":[{"href":"https:\/\/www.babcock-wanson.com\/fr\/wp-json\/wp\/v2\/media?parent=23151"}],"curies":[{"name":"wp","href":"https:\/\/api.w.org\/{rel}","templated":true}]}}