{"id":23168,"date":"2020-02-08T21:40:29","date_gmt":"2020-02-08T21:40:29","guid":{"rendered":"https:\/\/www.babcock-wanson.com\/industries\/industrie-des-polymeres-et-des-composites\/"},"modified":"2021-08-24T07:54:04","modified_gmt":"2021-08-24T06:54:04","slug":"caoutchouc-plastiques-et-composites","status":"publish","type":"page","link":"https:\/\/www.babcock-wanson.com\/fr\/industries\/caoutchouc-plastiques-et-composites\/","title":{"rendered":"Caoutchouc, plastiques et composites"},"content":{"rendered":"<div class=\"vgblk-rw-wrapper limit-wrapper\"><h2>\n\t\tChaudi\u00e8res pour <\/strong>l&rsquo;industrie des polym\u00e8res et des composites<\/strong>\n\t<\/h2>\n\t<p>Dans la fabrication du caoutchouc, du plastique ou des composites, il est souvent n\u00e9cessaire d&rsquo;utiliser des pressions et des temp\u00e9ratures \u00e9lev\u00e9es pour la prise et le durcissement du produit. Un contr\u00f4le pr\u00e9cis de la temp\u00e9rature est donc primordial pour assurer la qualit\u00e9 des mat\u00e9riaux fabriqu\u00e9s. Babcock Wanson r\u00e9pond \u00e0 ces besoins avec des solutions et des services d&rsquo;ing\u00e9nierie sp\u00e9cialement adapt\u00e9s pour assurer un fonctionnement efficace, fluide et s\u00e9curis\u00e9.<\/p>\n<h3>Produits recommand\u00e9s<\/h3>\n<p>Pour l&rsquo;industrie des polym\u00e8res et des composites il peut \u00eatre n\u00e9cessaire d&rsquo;avoir une production de vapeur tr\u00e8s flexible car l&rsquo;utilisation d&rsquo;autoclaves exige souvent une alimentation en vapeur intermittente. Babcock Wanson r\u00e9pond \u00e0 cette exigence avec des chaudi\u00e8res int\u00e9grant des boucles de contr\u00f4le innovantes.<\/p>\n<p>Les \u00e9quipements utilis\u00e9s dans cette industrie comprennent les <a href=\"https:\/\/www.babcock-wanson.com\/fr\/categorie-produit\/chaudieres-tubes-de-fumees\/\" rel=\"noopener\" target=\"_blank\">chaudi\u00e8res \u00e0 tubes de fum\u00e9es<\/a>, les <a href=\"https:\/\/www.babcock-wanson.com\/fr\/categorie-produit\/chaudieres-serpentins\/\" rel=\"noopener\" target=\"_blank\">chaudi\u00e8res \u00e0 vaporisation rapide<\/a> et les <a href=\"https:\/\/www.babcock-wanson.com\/fr\/categorie-produit\/chaudieres-fluide-thermique\/\" rel=\"noopener\" target=\"_blank\">chaudi\u00e8res fluide thermique<\/a> ainsi que les \u00e9quipement et services de traitement de l&rsquo;eau.<\/p>\n<p>Pour la production de vapeur, l&rsquo;effet de la qualit\u00e9 de l&rsquo;eau sur le bilan thermique de la chaufferie est d&rsquo;une importance primordiale, en particulier en cas de faibles taux de retour de condensat.<\/p>\n<p>Pour les applications de moulage, Babcock Wanson a con\u00e7u des syst\u00e8mes complets assurant le chauffage et le refroidissement \u00e0 partir de fluide thermique. Le process de production est aliment\u00e9 avec des billes de polym\u00e8res m\u00e9lang\u00e9s et pulv\u00e9ris\u00e9s; il n\u00e9cessite un chauffage suivant un profil fixe pour faire fondre les billes, un maintien \u00e0 une temp\u00e9rature constante pendant un certain temps, puis refroidi \u00e0 un profil fixe pour assurer un produit parfait.<\/p>\n<h3>Services disponibles<\/h3>\n<p>Afin d\u2019assurer une disponibilit\u00e9 op\u00e9rationnelle maximum des \u00e9quipements, Babcock Wanson s\u2019engage \u00e0 offrir un <a href=\"https:\/\/www.babcock-wanson.com\/fr\/nos-services\/\">service et une assistance technique<\/a> personnalis\u00e9s en fonction des besoins du client.<\/p>\n<ul>\n<li><strong>Service t\u00e9l\u00e9phonique et r\u00e9activit\u00e9 :<\/strong> La mise en \u0153uvre d\u2019un plan rigoureux de maintenance planifi\u00e9e assurera une fiabilit\u00e9 et une efficacit\u00e9 accrues des \u00e9quipements.<\/li>\n<li><strong>Engagement de disponibilit\u00e9 :<\/strong> Notre vaste r\u00e9seau de techniciens de maintenance est enti\u00e8rement qualifi\u00e9 et form\u00e9 pour r\u00e9pondre \u00e0 tous les besoins de service li\u00e9s \u00e0 votre chaufferie ou \u00e0 votre chaudi\u00e8re.<\/li>\n<\/ul>\n<h3>\n\t\t<\/strong>Clients<\/strong> dans l&rsquo;industrie du caoutchouc, des plastiques et des composites\n\t<\/h3>\n\t\t\t\t\t\t\t<img loading=\"lazy\" decoding=\"async\" src=\"https:\/\/www.babcock-wanson.com\/wp-content\/uploads\/2019\/02\/Formica-logo.png\" data-srcset=\"https:\/\/www.babcock-wanson.com\/wp-content\/uploads\/2019\/02\/Formica-logo.png\" alt=\"Formica-logo\" height=\"50\" width=\"96\" title=\"Formica-logo\" \/>\t\t\t\t\t\t\t\n\t\t\t\t\t\t\t<img loading=\"lazy\" decoding=\"async\" src=\"https:\/\/www.babcock-wanson.com\/wp-content\/uploads\/2019\/02\/Dunlopillo-logo.png\" data-srcset=\"https:\/\/www.babcock-wanson.com\/wp-content\/uploads\/2019\/02\/Dunlopillo-logo.png\" alt=\"Dunlopillo-logo\" height=\"50\" width=\"128\" title=\"Dunlopillo-logo\" \/>\t\t\t\t\t\t\t\n\t\t\t\t\t\t\t<img loading=\"lazy\" decoding=\"async\" src=\"https:\/\/www.babcock-wanson.com\/wp-content\/uploads\/2019\/02\/Bcontinenta-logol.png\" data-srcset=\"https:\/\/www.babcock-wanson.com\/wp-content\/uploads\/2019\/02\/Bcontinenta-logol.png\" alt=\"continental-logo\" height=\"50\" width=\"195\" title=\"continental-logo\" \/>\t\t\t\t\t\t\t\n\t\t\t\t\t\t\t<img loading=\"lazy\" decoding=\"async\" src=\"https:\/\/www.babcock-wanson.com\/wp-content\/uploads\/2019\/02\/michelin-logo.png\" data-srcset=\"https:\/\/www.babcock-wanson.com\/wp-content\/uploads\/2019\/02\/michelin-logo.png\" alt=\"michelin-logo\" height=\"50\" width=\"236\" title=\"michelin-logo\" \/>\t\t\t\t\t\t\t\n\t\t\t\t\t\t\t<img loading=\"lazy\" decoding=\"async\" src=\"https:\/\/www.babcock-wanson.com\/wp-content\/uploads\/2019\/02\/hutchinso-logon.png\" data-srcset=\"https:\/\/www.babcock-wanson.com\/wp-content\/uploads\/2019\/02\/hutchinso-logon.png\" alt=\"hutchinso-logon\" height=\"50\" width=\"159\" title=\"hutchinso-logon\" \/>\t\t\t\t\t\t\t\n\t\t\t\t\t\t\t<img loading=\"lazy\" decoding=\"async\" src=\"https:\/\/www.babcock-wanson.com\/wp-content\/uploads\/2019\/02\/plastic-omnium-logo.png\" data-srcset=\"https:\/\/www.babcock-wanson.com\/wp-content\/uploads\/2019\/02\/plastic-omnium-logo.png\" alt=\"plastic-omnium-logo\" height=\"50\" width=\"50\" title=\"plastic-omnium-logo\" \/>\t\t\t\t\t\t\t\n<h2>\n\t<\/b>Produits<\/b> Associ\u00e9s\n\t<\/h2>\n\t\t\t\t\t\t<a href=\"https:\/\/www.babcock-wanson.com\/fr\/produits\/chaudieres-eau-chaude\/heb\/\"><img loading=\"lazy\" decoding=\"async\" width=\"315\" height=\"210\" src=\"https:\/\/www.babcock-wanson.com\/wp-content\/uploads\/2018\/08\/HEB-Hot-Water-Boiler-1-315x210.jpg\" alt=\"HEB-Chaudi\u00e8re-Eau-Chaude\" data-attachment-id=\"23183\" data-permalink=\"https:\/\/www.babcock-wanson.com\/fr\/?attachment_id=23183\" data-orig-file=\"https:\/\/www.babcock-wanson.com\/wp-content\/uploads\/2018\/08\/HEB-Hot-Water-Boiler-1.jpg\" data-orig-size=\"600,400\" data-comments-opened=\"0\" data-image-meta=\"{&quot;aperture&quot;:&quot;0&quot;,&quot;credit&quot;:&quot;&quot;,&quot;camera&quot;:&quot;&quot;,&quot;caption&quot;:&quot;&quot;,&quot;created_timestamp&quot;:&quot;0&quot;,&quot;copyright&quot;:&quot;&quot;,&quot;focal_length&quot;:&quot;0&quot;,&quot;iso&quot;:&quot;0&quot;,&quot;shutter_speed&quot;:&quot;0&quot;,&quot;title&quot;:&quot;&quot;,&quot;orientation&quot;:&quot;0&quot;}\" data-image-title=\"HEB-Chaudi\u00e8re-Eau-Chaude-1\" data-image-description=\"\" data-medium-file=\"https:\/\/www.babcock-wanson.com\/wp-content\/uploads\/2018\/08\/HEB-Hot-Water-Boiler-1-300x200.jpg\" data-large-file=\"https:\/\/www.babcock-wanson.com\/wp-content\/uploads\/2018\/08\/HEB-Hot-Water-Boiler-1.jpg\" \/><\/a><a href=\"https:\/\/www.babcock-wanson.com\/fr\/produits\/chaudieres-eau-chaude\/heb\/\" data-quantity=\"1\" data-product_id=\"23549\" data-product_sku=\"\" aria-label=\"En savoir plus sur &ldquo;HEB&rdquo;\" rel=\"nofollow\">En savoir plus<\/a><a href=\"https:\/\/www.babcock-wanson.com\/fr\/produits\/chaudieres-eau-chaude\/heb\/\"><h3>HEB<\/h3>\n\t\t<\/a>\n\t\t\t\t\t\t<a href=\"https:\/\/www.babcock-wanson.com\/fr\/produits\/oxydateurs-thermiques\/oxydateurs-regeneratifs\/\"><img loading=\"lazy\" decoding=\"async\" width=\"315\" height=\"210\" src=\"https:\/\/www.babcock-wanson.com\/wp-content\/uploads\/2018\/09\/Regenerative-Oxidisers-12-315x210.jpg\" alt=\"Oxydateurs R\u00e9g\u00e9n\u00e9ratifs\" data-attachment-id=\"23002\" data-permalink=\"https:\/\/www.babcock-wanson.com\/fr\/?attachment_id=23002\" data-orig-file=\"https:\/\/www.babcock-wanson.com\/wp-content\/uploads\/2018\/09\/Regenerative-Oxidisers-12.jpg\" data-orig-size=\"600,400\" data-comments-opened=\"0\" data-image-meta=\"{&quot;aperture&quot;:&quot;0&quot;,&quot;credit&quot;:&quot;&quot;,&quot;camera&quot;:&quot;&quot;,&quot;caption&quot;:&quot;&quot;,&quot;created_timestamp&quot;:&quot;0&quot;,&quot;copyright&quot;:&quot;&quot;,&quot;focal_length&quot;:&quot;0&quot;,&quot;iso&quot;:&quot;0&quot;,&quot;shutter_speed&quot;:&quot;0&quot;,&quot;title&quot;:&quot;&quot;,&quot;orientation&quot;:&quot;0&quot;}\" data-image-title=\"Oxydateurs R\u00e9g\u00e9n\u00e9ratifs\" data-image-description=\"\" data-medium-file=\"https:\/\/www.babcock-wanson.com\/wp-content\/uploads\/2018\/09\/Regenerative-Oxidisers-12-300x200.jpg\" data-large-file=\"https:\/\/www.babcock-wanson.com\/wp-content\/uploads\/2018\/09\/Regenerative-Oxidisers-12.jpg\" \/><\/a><a href=\"https:\/\/www.babcock-wanson.com\/fr\/produits\/oxydateurs-thermiques\/oxydateurs-regeneratifs\/\" data-quantity=\"1\" data-product_id=\"23610\" data-product_sku=\"\" aria-label=\"En savoir plus sur &ldquo;Oxydateurs R\u00e9g\u00e9n\u00e9ratifs&rdquo;\" rel=\"nofollow\">En savoir plus<\/a><a href=\"https:\/\/www.babcock-wanson.com\/fr\/produits\/oxydateurs-thermiques\/oxydateurs-regeneratifs\/\"><h3>Oxydateurs R\u00e9g\u00e9n\u00e9ratifs<\/h3>\n\t\t<\/a>\n\t\t\t\t\t\t<a href=\"https:\/\/www.babcock-wanson.com\/fr\/produits\/chaudieres-tubes-de-fumees\/nbwb\/\"><img loading=\"lazy\" decoding=\"async\" width=\"315\" height=\"210\" src=\"https:\/\/www.babcock-wanson.com\/wp-content\/uploads\/2018\/08\/NBWB-Fire-Tube-Boiler-3-315x210.png\" alt=\"NBWB Tubes de Fum\u00e9es\" data-attachment-id=\"22979\" data-permalink=\"https:\/\/www.babcock-wanson.com\/fr\/?attachment_id=22979\" data-orig-file=\"https:\/\/www.babcock-wanson.com\/wp-content\/uploads\/2018\/08\/NBWB-Fire-Tube-Boiler-3.png\" data-orig-size=\"600,400\" data-comments-opened=\"0\" data-image-meta=\"{&quot;aperture&quot;:&quot;0&quot;,&quot;credit&quot;:&quot;&quot;,&quot;camera&quot;:&quot;&quot;,&quot;caption&quot;:&quot;&quot;,&quot;created_timestamp&quot;:&quot;0&quot;,&quot;copyright&quot;:&quot;&quot;,&quot;focal_length&quot;:&quot;0&quot;,&quot;iso&quot;:&quot;0&quot;,&quot;shutter_speed&quot;:&quot;0&quot;,&quot;title&quot;:&quot;&quot;,&quot;orientation&quot;:&quot;0&quot;}\" data-image-title=\"NBWB Tubes de Fum\u00e9es 3\" data-image-description=\"\" data-medium-file=\"https:\/\/www.babcock-wanson.com\/wp-content\/uploads\/2018\/08\/NBWB-Fire-Tube-Boiler-3-300x200.png\" data-large-file=\"https:\/\/www.babcock-wanson.com\/wp-content\/uploads\/2018\/08\/NBWB-Fire-Tube-Boiler-3.png\" \/><\/a><a href=\"https:\/\/www.babcock-wanson.com\/fr\/produits\/chaudieres-tubes-de-fumees\/nbwb\/\" data-quantity=\"1\" data-product_id=\"23465\" data-product_sku=\"\" aria-label=\"En savoir plus sur &ldquo;NBWB&rdquo;\" rel=\"nofollow\">En savoir plus<\/a><a href=\"https:\/\/www.babcock-wanson.com\/fr\/produits\/chaudieres-tubes-de-fumees\/nbwb\/\"><h3>NBWB<\/h3>\n\t\t<\/a>\n\t\t\t\t\t\t<a href=\"https:\/\/www.babcock-wanson.com\/fr\/produits\/chaudieres-fluide-thermique\/tpc-b\/\"><img loading=\"lazy\" decoding=\"async\" width=\"315\" height=\"211\" src=\"https:\/\/www.babcock-wanson.com\/wp-content\/uploads\/2018\/08\/TC-B-Series-side-by-side-315x211.jpg\" alt=\"Leon Wanson et Alfred Parent\" data-attachment-id=\"22981\" data-permalink=\"https:\/\/www.babcock-wanson.com\/fr\/?attachment_id=22981\" data-orig-file=\"https:\/\/www.babcock-wanson.com\/wp-content\/uploads\/2018\/08\/TC-B-Series-side-by-side.jpg\" data-orig-size=\"600,401\" data-comments-opened=\"0\" data-image-meta=\"{&quot;aperture&quot;:&quot;0&quot;,&quot;credit&quot;:&quot;&quot;,&quot;camera&quot;:&quot;&quot;,&quot;caption&quot;:&quot;&quot;,&quot;created_timestamp&quot;:&quot;0&quot;,&quot;copyright&quot;:&quot;&quot;,&quot;focal_length&quot;:&quot;0&quot;,&quot;iso&quot;:&quot;0&quot;,&quot;shutter_speed&quot;:&quot;0&quot;,&quot;title&quot;:&quot;&quot;,&quot;orientation&quot;:&quot;1&quot;}\" data-image-title=\"Serie TPC-B\" data-image-description=\"\" data-medium-file=\"https:\/\/www.babcock-wanson.com\/wp-content\/uploads\/2018\/08\/TC-B-Series-side-by-side-300x201.jpg\" data-large-file=\"https:\/\/www.babcock-wanson.com\/wp-content\/uploads\/2018\/08\/TC-B-Series-side-by-side.jpg\" \/><\/a><a href=\"https:\/\/www.babcock-wanson.com\/fr\/produits\/chaudieres-fluide-thermique\/tpc-b\/\" data-quantity=\"1\" data-product_id=\"23539\" data-product_sku=\"TPC-B Series\" aria-label=\"En savoir plus sur &ldquo;TPC-B&rdquo;\" rel=\"nofollow\">En savoir plus<\/a><a href=\"https:\/\/www.babcock-wanson.com\/fr\/produits\/chaudieres-fluide-thermique\/tpc-b\/\"><h3>TPC-B<\/h3>\n\t\t<\/a>\n<\/div><!-- .vgblk-rw-wrapper -->","protected":false},"excerpt":{"rendered":"<p>Chaudi\u00e8res pour l&rsquo;industrie des polym\u00e8res et des composites Dans la fabrication du caoutchouc, du plastique ou des composites, il est souvent n\u00e9cessaire d&rsquo;utiliser des pressions et des temp\u00e9ratures \u00e9lev\u00e9es pour la prise et le durcissement du produit. Un contr\u00f4le pr\u00e9cis de la temp\u00e9rature est donc primordial pour assurer la qualit\u00e9 des mat\u00e9riaux fabriqu\u00e9s. Babcock Wanson&#8230;<\/p>\n","protected":false},"author":1,"featured_media":0,"parent":22945,"menu_order":0,"comment_status":"closed","ping_status":"closed","template":"","meta":{"_acf_changed":false,"_relevanssi_hide_post":"","_relevanssi_hide_content":"","_relevanssi_pin_for_all":"","_relevanssi_pin_keywords":"","_relevanssi_unpin_keywords":"","_relevanssi_related_keywords":"","_relevanssi_related_include_ids":"","_relevanssi_related_exclude_ids":"","_relevanssi_related_no_append":"","_relevanssi_related_not_related":"","_relevanssi_related_posts":"","_relevanssi_noindex_reason":"","footnotes":""},"class_list":["post-23168","page","type-page","status-publish","hentry"],"acf":[],"yoast_head":"<!-- This site is optimized with the Yoast SEO Premium plugin v27.4 (Yoast SEO v27.4) - https:\/\/yoast.com\/product\/yoast-seo-premium-wordpress\/ -->\n<title>Caoutchouc, plastiques et composites - Babcock Wanson<\/title>\n<meta name=\"description\" content=\"Nos chaudi\u00e8res pour l&#039;industrie du caoutchouc, du plastique et des composites sont con\u00e7ues pour fonctionner sous les hautes pressions requises dans cette industrie. Visitez notre site pour en savoir plus\" \/>\n<meta name=\"robots\" content=\"index, follow, max-snippet:-1, max-image-preview:large, max-video-preview:-1\" \/>\n<link rel=\"canonical\" href=\"https:\/\/www.babcock-wanson.com\/fr\/industries\/caoutchouc-plastiques-et-composites\/\" \/>\n<meta property=\"og:locale\" content=\"fr_FR\" \/>\n<meta property=\"og:type\" content=\"article\" \/>\n<meta property=\"og:title\" content=\"Caoutchouc, plastiques et composites\" \/>\n<meta property=\"og:description\" content=\"Nos chaudi\u00e8res pour l&#039;industrie du caoutchouc, du plastique et des composites sont con\u00e7ues pour fonctionner sous les hautes pressions requises dans cette industrie. Visitez notre site pour en savoir plus\" \/>\n<meta property=\"og:url\" content=\"https:\/\/www.babcock-wanson.com\/fr\/industries\/caoutchouc-plastiques-et-composites\/\" \/>\n<meta property=\"og:site_name\" content=\"Babcock Wanson\" \/>\n<meta property=\"article:modified_time\" content=\"2021-08-24T06:54:04+00:00\" \/>\n<meta property=\"og:image\" content=\"https:\/\/www.babcock-wanson.com\/wp-content\/uploads\/2019\/02\/Formica-logo.png\" \/>\n<meta name=\"twitter:card\" content=\"summary_large_image\" \/>\n<meta name=\"twitter:label1\" content=\"Est. reading time\" \/>\n\t<meta name=\"twitter:data1\" content=\"2 minutes\" \/>\n<script type=\"application\/ld+json\" class=\"yoast-schema-graph\">{\"@context\":\"https:\\\/\\\/schema.org\",\"@graph\":[{\"@type\":\"WebPage\",\"@id\":\"https:\\\/\\\/www.babcock-wanson.com\\\/fr\\\/industries\\\/caoutchouc-plastiques-et-composites\\\/\",\"url\":\"https:\\\/\\\/www.babcock-wanson.com\\\/fr\\\/industries\\\/caoutchouc-plastiques-et-composites\\\/\",\"name\":\"Caoutchouc, plastiques et composites - Babcock Wanson\",\"isPartOf\":{\"@id\":\"https:\\\/\\\/www.babcock-wanson.com\\\/fr\\\/#website\"},\"primaryImageOfPage\":{\"@id\":\"https:\\\/\\\/www.babcock-wanson.com\\\/fr\\\/industries\\\/caoutchouc-plastiques-et-composites\\\/#primaryimage\"},\"image\":{\"@id\":\"https:\\\/\\\/www.babcock-wanson.com\\\/fr\\\/industries\\\/caoutchouc-plastiques-et-composites\\\/#primaryimage\"},\"thumbnailUrl\":\"https:\\\/\\\/www.babcock-wanson.com\\\/wp-content\\\/uploads\\\/2019\\\/02\\\/Formica-logo.png\",\"datePublished\":\"2020-02-08T21:40:29+00:00\",\"dateModified\":\"2021-08-24T06:54:04+00:00\",\"description\":\"Nos chaudi\u00e8res pour l'industrie du caoutchouc, du plastique et des composites sont con\u00e7ues pour fonctionner sous les hautes pressions requises dans cette industrie. Visitez notre site pour en savoir plus\",\"breadcrumb\":{\"@id\":\"https:\\\/\\\/www.babcock-wanson.com\\\/fr\\\/industries\\\/caoutchouc-plastiques-et-composites\\\/#breadcrumb\"},\"inLanguage\":\"fr-FR\",\"potentialAction\":[{\"@type\":\"ReadAction\",\"target\":[\"https:\\\/\\\/www.babcock-wanson.com\\\/fr\\\/industries\\\/caoutchouc-plastiques-et-composites\\\/\"]}]},{\"@type\":\"ImageObject\",\"inLanguage\":\"fr-FR\",\"@id\":\"https:\\\/\\\/www.babcock-wanson.com\\\/fr\\\/industries\\\/caoutchouc-plastiques-et-composites\\\/#primaryimage\",\"url\":\"https:\\\/\\\/www.babcock-wanson.com\\\/wp-content\\\/uploads\\\/2019\\\/02\\\/Formica-logo.png\",\"contentUrl\":\"https:\\\/\\\/www.babcock-wanson.com\\\/wp-content\\\/uploads\\\/2019\\\/02\\\/Formica-logo.png\"},{\"@type\":\"BreadcrumbList\",\"@id\":\"https:\\\/\\\/www.babcock-wanson.com\\\/fr\\\/industries\\\/caoutchouc-plastiques-et-composites\\\/#breadcrumb\",\"itemListElement\":[{\"@type\":\"ListItem\",\"position\":1,\"name\":\"Accueil\",\"item\":\"https:\\\/\\\/www.babcock-wanson.com\\\/fr\\\/\"},{\"@type\":\"ListItem\",\"position\":2,\"name\":\"Nos industries\",\"item\":\"https:\\\/\\\/www.babcock-wanson.com\\\/fr\\\/industries\\\/\"},{\"@type\":\"ListItem\",\"position\":3,\"name\":\"Caoutchouc, plastiques et composites\"}]},{\"@type\":\"WebSite\",\"@id\":\"https:\\\/\\\/www.babcock-wanson.com\\\/fr\\\/#website\",\"url\":\"https:\\\/\\\/www.babcock-wanson.com\\\/fr\\\/\",\"name\":\"Babcock Wanson\",\"description\":\"\",\"publisher\":{\"@id\":\"https:\\\/\\\/www.babcock-wanson.com\\\/fr\\\/#organization\"},\"potentialAction\":[{\"@type\":\"SearchAction\",\"target\":{\"@type\":\"EntryPoint\",\"urlTemplate\":\"https:\\\/\\\/www.babcock-wanson.com\\\/fr\\\/?s={search_term_string}\"},\"query-input\":{\"@type\":\"PropertyValueSpecification\",\"valueRequired\":true,\"valueName\":\"search_term_string\"}}],\"inLanguage\":\"fr-FR\"},{\"@type\":\"Organization\",\"@id\":\"https:\\\/\\\/www.babcock-wanson.com\\\/fr\\\/#organization\",\"name\":\"Babcock Wanson\",\"url\":\"https:\\\/\\\/www.babcock-wanson.com\\\/fr\\\/\",\"logo\":{\"@type\":\"ImageObject\",\"inLanguage\":\"fr-FR\",\"@id\":\"https:\\\/\\\/www.babcock-wanson.com\\\/fr\\\/#\\\/schema\\\/logo\\\/image\\\/\",\"url\":\"https:\\\/\\\/www.babcock-wanson.com\\\/wp-content\\\/uploads\\\/2024\\\/02\\\/Babcock-Wanson-1200x1200-1.png\",\"contentUrl\":\"https:\\\/\\\/www.babcock-wanson.com\\\/wp-content\\\/uploads\\\/2024\\\/02\\\/Babcock-Wanson-1200x1200-1.png\",\"width\":1200,\"height\":1200,\"caption\":\"Babcock Wanson\"},\"image\":{\"@id\":\"https:\\\/\\\/www.babcock-wanson.com\\\/fr\\\/#\\\/schema\\\/logo\\\/image\\\/\"},\"sameAs\":[\"https:\\\/\\\/www.linkedin.com\\\/company\\\/babcock-wanson\\\/\",\"https:\\\/\\\/www.youtube.com\\\/channel\\\/UCtxl25VieBBsP2kYmtlyv7A\"]}]}<\/script>\n<!-- \/ Yoast SEO Premium plugin. -->","yoast_head_json":{"title":"Caoutchouc, plastiques et composites - Babcock Wanson","description":"Nos chaudi\u00e8res pour l'industrie du caoutchouc, du plastique et des composites sont con\u00e7ues pour fonctionner sous les hautes pressions requises dans cette industrie. Visitez notre site pour en savoir plus","robots":{"index":"index","follow":"follow","max-snippet":"max-snippet:-1","max-image-preview":"max-image-preview:large","max-video-preview":"max-video-preview:-1"},"canonical":"https:\/\/www.babcock-wanson.com\/fr\/industries\/caoutchouc-plastiques-et-composites\/","og_locale":"fr_FR","og_type":"article","og_title":"Caoutchouc, plastiques et composites","og_description":"Nos chaudi\u00e8res pour l'industrie du caoutchouc, du plastique et des composites sont con\u00e7ues pour fonctionner sous les hautes pressions requises dans cette industrie. Visitez notre site pour en savoir plus","og_url":"https:\/\/www.babcock-wanson.com\/fr\/industries\/caoutchouc-plastiques-et-composites\/","og_site_name":"Babcock Wanson","article_modified_time":"2021-08-24T06:54:04+00:00","og_image":[{"url":"https:\/\/www.babcock-wanson.com\/wp-content\/uploads\/2019\/02\/Formica-logo.png","type":"","width":"","height":""}],"twitter_card":"summary_large_image","twitter_misc":{"Est. reading time":"2 minutes"},"schema":{"@context":"https:\/\/schema.org","@graph":[{"@type":"WebPage","@id":"https:\/\/www.babcock-wanson.com\/fr\/industries\/caoutchouc-plastiques-et-composites\/","url":"https:\/\/www.babcock-wanson.com\/fr\/industries\/caoutchouc-plastiques-et-composites\/","name":"Caoutchouc, plastiques et composites - Babcock Wanson","isPartOf":{"@id":"https:\/\/www.babcock-wanson.com\/fr\/#website"},"primaryImageOfPage":{"@id":"https:\/\/www.babcock-wanson.com\/fr\/industries\/caoutchouc-plastiques-et-composites\/#primaryimage"},"image":{"@id":"https:\/\/www.babcock-wanson.com\/fr\/industries\/caoutchouc-plastiques-et-composites\/#primaryimage"},"thumbnailUrl":"https:\/\/www.babcock-wanson.com\/wp-content\/uploads\/2019\/02\/Formica-logo.png","datePublished":"2020-02-08T21:40:29+00:00","dateModified":"2021-08-24T06:54:04+00:00","description":"Nos chaudi\u00e8res pour l'industrie du caoutchouc, du plastique et des composites sont con\u00e7ues pour fonctionner sous les hautes pressions requises dans cette industrie. Visitez notre site pour en savoir plus","breadcrumb":{"@id":"https:\/\/www.babcock-wanson.com\/fr\/industries\/caoutchouc-plastiques-et-composites\/#breadcrumb"},"inLanguage":"fr-FR","potentialAction":[{"@type":"ReadAction","target":["https:\/\/www.babcock-wanson.com\/fr\/industries\/caoutchouc-plastiques-et-composites\/"]}]},{"@type":"ImageObject","inLanguage":"fr-FR","@id":"https:\/\/www.babcock-wanson.com\/fr\/industries\/caoutchouc-plastiques-et-composites\/#primaryimage","url":"https:\/\/www.babcock-wanson.com\/wp-content\/uploads\/2019\/02\/Formica-logo.png","contentUrl":"https:\/\/www.babcock-wanson.com\/wp-content\/uploads\/2019\/02\/Formica-logo.png"},{"@type":"BreadcrumbList","@id":"https:\/\/www.babcock-wanson.com\/fr\/industries\/caoutchouc-plastiques-et-composites\/#breadcrumb","itemListElement":[{"@type":"ListItem","position":1,"name":"Accueil","item":"https:\/\/www.babcock-wanson.com\/fr\/"},{"@type":"ListItem","position":2,"name":"Nos industries","item":"https:\/\/www.babcock-wanson.com\/fr\/industries\/"},{"@type":"ListItem","position":3,"name":"Caoutchouc, plastiques et composites"}]},{"@type":"WebSite","@id":"https:\/\/www.babcock-wanson.com\/fr\/#website","url":"https:\/\/www.babcock-wanson.com\/fr\/","name":"Babcock Wanson","description":"","publisher":{"@id":"https:\/\/www.babcock-wanson.com\/fr\/#organization"},"potentialAction":[{"@type":"SearchAction","target":{"@type":"EntryPoint","urlTemplate":"https:\/\/www.babcock-wanson.com\/fr\/?s={search_term_string}"},"query-input":{"@type":"PropertyValueSpecification","valueRequired":true,"valueName":"search_term_string"}}],"inLanguage":"fr-FR"},{"@type":"Organization","@id":"https:\/\/www.babcock-wanson.com\/fr\/#organization","name":"Babcock Wanson","url":"https:\/\/www.babcock-wanson.com\/fr\/","logo":{"@type":"ImageObject","inLanguage":"fr-FR","@id":"https:\/\/www.babcock-wanson.com\/fr\/#\/schema\/logo\/image\/","url":"https:\/\/www.babcock-wanson.com\/wp-content\/uploads\/2024\/02\/Babcock-Wanson-1200x1200-1.png","contentUrl":"https:\/\/www.babcock-wanson.com\/wp-content\/uploads\/2024\/02\/Babcock-Wanson-1200x1200-1.png","width":1200,"height":1200,"caption":"Babcock Wanson"},"image":{"@id":"https:\/\/www.babcock-wanson.com\/fr\/#\/schema\/logo\/image\/"},"sameAs":["https:\/\/www.linkedin.com\/company\/babcock-wanson\/","https:\/\/www.youtube.com\/channel\/UCtxl25VieBBsP2kYmtlyv7A"]}]}},"jetpack_sharing_enabled":true,"_links":{"self":[{"href":"https:\/\/www.babcock-wanson.com\/fr\/wp-json\/wp\/v2\/pages\/23168","targetHints":{"allow":["GET"]}}],"collection":[{"href":"https:\/\/www.babcock-wanson.com\/fr\/wp-json\/wp\/v2\/pages"}],"about":[{"href":"https:\/\/www.babcock-wanson.com\/fr\/wp-json\/wp\/v2\/types\/page"}],"author":[{"embeddable":true,"href":"https:\/\/www.babcock-wanson.com\/fr\/wp-json\/wp\/v2\/users\/1"}],"replies":[{"embeddable":true,"href":"https:\/\/www.babcock-wanson.com\/fr\/wp-json\/wp\/v2\/comments?post=23168"}],"version-history":[{"count":3,"href":"https:\/\/www.babcock-wanson.com\/fr\/wp-json\/wp\/v2\/pages\/23168\/revisions"}],"predecessor-version":[{"id":39827,"href":"https:\/\/www.babcock-wanson.com\/fr\/wp-json\/wp\/v2\/pages\/23168\/revisions\/39827"}],"up":[{"embeddable":true,"href":"https:\/\/www.babcock-wanson.com\/fr\/wp-json\/wp\/v2\/pages\/22945"}],"wp:attachment":[{"href":"https:\/\/www.babcock-wanson.com\/fr\/wp-json\/wp\/v2\/media?parent=23168"}],"curies":[{"name":"wp","href":"https:\/\/api.w.org\/{rel}","templated":true}]}}