{"id":23204,"date":"2020-02-08T21:50:19","date_gmt":"2020-02-08T21:50:19","guid":{"rendered":"https:\/\/www.babcock-wanson.com\/industries\/industrie-du-bois-du-papier-et-du-carton\/"},"modified":"2021-08-30T10:23:55","modified_gmt":"2021-08-30T09:23:55","slug":"industrie-du-bois-du-papier-et-du-carton","status":"publish","type":"page","link":"https:\/\/www.babcock-wanson.com\/fr\/industries\/industrie-du-bois-du-papier-et-du-carton\/","title":{"rendered":"Industrie du bois, du papier et du carton"},"content":{"rendered":"<div class=\"vgblk-rw-wrapper limit-wrapper\"><h2>\n\t\tChaudi\u00e8res pour <\/strong>l&rsquo;industrie du bois, du papier et du carton<\/strong>\n\t<\/h2>\n\t<p>Les industries du bois, du papier et du carton comprennent principalement la fabrication de p\u00e2te et de papier \u00e0 partir de bois, de papier de r\u00e9cup\u00e9ration et de carton.<\/p>\n<h3>Produits recommand\u00e9s<\/h3>\n<p>L&rsquo;industrie du bois a besoin de quantit\u00e9s consid\u00e9rables d&rsquo;\u00e9nergie pour la fabrication de panneaux agglom\u00e9r\u00e9s de fibres ou de copeaux. Les installations utilisent fr\u00e9quemment la biomasse disponible localement avec des <a href=\"https:\/\/www.babcock-wanson.com\/fr\/categorie-produit\/chaudieres-de-recuperation\/\" rel=\"noopener\" target=\"_blank\">chaudi\u00e8res de r\u00e9cup\u00e9ration<\/a> de chaleur compl\u00e9t\u00e9es par des g\u00e9n\u00e9rateurs de vapeur ou des <a href=\"https:\/\/www.babcock-wanson.com\/fr\/categorie-produit\/chaudieres-tubes-de-fumees\/\" rel=\"noopener\" target=\"_blank\">chaudi\u00e8res \u00e0 tubes de fum\u00e9es<\/a> lorsque la demande de vapeur est plus \u00e9lev\u00e9e.<\/p>\n<p>Pour des finitions de haute qualit\u00e9, l&rsquo;utilisation de <a href=\"https:\/\/www.babcock-wanson.com\/fr\/categorie-produit\/chaudieres-fluide-thermique\/\" rel=\"noopener\" target=\"_blank\">chaudi\u00e8res \u00e0 fluide thermique<\/a> facilite un contr\u00f4le plus strict et plus souple.<\/p>\n<p>Dans l&rsquo;industrie du papier et du carton, les besoins en vapeur peuvent changer rapidement, en particulier si la bande de papier se casse. Le flux de vapeur peut \u00eatre arr\u00eat\u00e9 brusquement et la chaudi\u00e8re doit r\u00e9agir rapidement pour s&rsquo;adapter aux nouvelles conditions de fonctionnement. Babcock Wanson conna\u00eet bien ce ph\u00e9nom\u00e8ne et utilise des algorithmes de contr\u00f4le adapt\u00e9s \u00e0 chaque situations, permettant ainsi d&rsquo;assurer la s\u00e9curit\u00e9 des chaudi\u00e8res et des installations associ\u00e9es.<\/p>\n<p>Pour le carton ondul\u00e9, Babcock Wanson recommande les chaudi\u00e8res \u00e0 tubes de fum\u00e9es pour contr\u00f4ler pr\u00e9cis\u00e9ment le s\u00e9chage de l&rsquo;eau et la prise de l&rsquo;adh\u00e9sif lors de l&rsquo;\u00e9tape du s\u00e9chage. Souvent, ces process collectent du condensat \u00e0 haute pression et l&rsquo;\u00e9nergie contenue dans ce condensat est conserv\u00e9e en le renvoyant directement \u00e0 la chaudi\u00e8re ; une caract\u00e9ristique disponible sur les chaudi\u00e8res \u00e0 tubes de fum\u00e9es Babcock Wanson.<\/p>\n<p>Lors du rev\u00eatement de certains types de vernis et d&rsquo;adh\u00e9sifs, les \u00e9missions de compos\u00e9s organiques volatils (COV) n\u00e9cessitent l&rsquo;installation d&rsquo;un syst\u00e8me d&rsquo;oxydation thermique avec r\u00e9cup\u00e9ration de chaleur.<\/p>\n<h3>Services disponibles<\/h3>\n<p>Afin d\u2019assurer une disponibilit\u00e9 op\u00e9rationnelle maximum des \u00e9quipements, Babcock Wanson s\u2019engage \u00e0 offrir un <a href=\"https:\/\/www.babcock-wanson.com\/fr\/nos-services\/\">service et une assistance technique<\/a> personnalis\u00e9s en fonction des besoins du client.<\/p>\n<ul>\n<li><strong>Service t\u00e9l\u00e9phonique et r\u00e9activit\u00e9 :<\/strong> La mise en \u0153uvre d\u2019un plan rigoureux de maintenance planifi\u00e9e assurera une fiabilit\u00e9 et une efficacit\u00e9 accrues des \u00e9quipements.<\/li>\n<li><strong>Engagement de disponibilit\u00e9 :<\/strong> Notre vaste r\u00e9seau de techniciens de maintenance est enti\u00e8rement qualifi\u00e9 et form\u00e9 pour r\u00e9pondre \u00e0 tous les besoins de service li\u00e9s \u00e0 votre chaufferie ou \u00e0 votre chaudi\u00e8re.<\/li>\n<\/ul>\n<h3>\n\t\t<\/strong>Clients<\/strong> dans l&rsquo;industrie du bois, du papier et du carton\n\t<\/h3>\n\t\t\t\t\t\t\t<img loading=\"lazy\" decoding=\"async\" src=\"https:\/\/www.babcock-wanson.com\/wp-content\/uploads\/2018\/01\/smurfit-kappa-logo.jpg\" data-srcset=\"https:\/\/www.babcock-wanson.com\/wp-content\/uploads\/2018\/01\/smurfit-kappa-logo.jpg\" alt=\"smurfit-kappa-logo\" height=\"50\" width=\"146\" title=\"smurfit-kappa-logo\" \/>\t\t\t\t\t\t\t\n\t\t\t\t\t\t\t<img loading=\"lazy\" decoding=\"async\" src=\"https:\/\/www.babcock-wanson.com\/wp-content\/uploads\/2018\/01\/Kingspan-Logo.jpg\" alt=\"Kingspan-Logo\" height=\"50\" width=\"102\" title=\"Kingspan-Logo\" data-srcset=\"https:\/\/www.babcock-wanson.com\/wp-content\/uploads\/2018\/01\/Kingspan-Logo.jpg 102w, https:\/\/www.babcock-wanson.com\/wp-content\/uploads\/2018\/01\/Kingspan-Logo-100x50.jpg 100w\" \/>\t\t\t\t\t\t\t\n\t\t\t\t\t\t\t<img loading=\"lazy\" decoding=\"async\" src=\"https:\/\/www.babcock-wanson.com\/wp-content\/uploads\/2018\/01\/corenso-logo.jpg\" data-srcset=\"https:\/\/www.babcock-wanson.com\/wp-content\/uploads\/2018\/01\/corenso-logo.jpg\" alt=\"corenso-logo\" height=\"50\" width=\"167\" title=\"corenso-logo\" \/>\t\t\t\t\t\t\t\n\t\t\t\t\t\t\t<img loading=\"lazy\" decoding=\"async\" src=\"https:\/\/www.babcock-wanson.com\/wp-content\/uploads\/2018\/01\/cellbond-logo.jpg\" data-srcset=\"https:\/\/www.babcock-wanson.com\/wp-content\/uploads\/2018\/01\/cellbond-logo.jpg\" alt=\"cellbond-logo\" height=\"50\" width=\"139\" title=\"cellbond-logo\" \/>\t\t\t\t\t\t\t\n\t\t\t\t\t\t\t<img loading=\"lazy\" decoding=\"async\" src=\"https:\/\/www.babcock-wanson.com\/wp-content\/uploads\/2018\/01\/Canson-logo.jpg\" data-srcset=\"https:\/\/www.babcock-wanson.com\/wp-content\/uploads\/2018\/01\/Canson-logo.jpg\" alt=\"Canson-logo\" height=\"50\" width=\"85\" title=\"Canson-logo\" \/>\t\t\t\t\t\t\t\n\t\t\t\t\t\t\t<img loading=\"lazy\" decoding=\"async\" src=\"https:\/\/www.babcock-wanson.com\/wp-content\/uploads\/2019\/02\/ArjoWiggins_Logo.png\" data-srcset=\"https:\/\/www.babcock-wanson.com\/wp-content\/uploads\/2019\/02\/ArjoWiggins_Logo.png\" alt=\"ArjoWiggins_Logo\" height=\"50\" width=\"133\" title=\"ArjoWiggins_Logo\" \/>\t\t\t\t\t\t\t\n<h2>\n\t<\/b>Produits<\/b> Associ\u00e9s\n\t<\/h2>\n\t\t\t\t\t\t<a href=\"https:\/\/www.babcock-wanson.com\/fr\/produits\/bruleurs-industriels\/optimo\/\"><img loading=\"lazy\" decoding=\"async\" width=\"315\" height=\"210\" src=\"https:\/\/www.babcock-wanson.com\/wp-content\/uploads\/2019\/02\/optimo-1-315x210.jpg\" alt=\"optimo\" data-attachment-id=\"23681\" data-permalink=\"https:\/\/www.babcock-wanson.com\/fr\/?attachment_id=23681\" data-orig-file=\"https:\/\/www.babcock-wanson.com\/wp-content\/uploads\/2019\/02\/optimo-1.jpg\" data-orig-size=\"600,400\" data-comments-opened=\"0\" data-image-meta=\"{&quot;aperture&quot;:&quot;0&quot;,&quot;credit&quot;:&quot;&quot;,&quot;camera&quot;:&quot;&quot;,&quot;caption&quot;:&quot;&quot;,&quot;created_timestamp&quot;:&quot;0&quot;,&quot;copyright&quot;:&quot;&quot;,&quot;focal_length&quot;:&quot;0&quot;,&quot;iso&quot;:&quot;0&quot;,&quot;shutter_speed&quot;:&quot;0&quot;,&quot;title&quot;:&quot;&quot;,&quot;orientation&quot;:&quot;0&quot;}\" data-image-title=\"optimo-1\" data-image-description=\"\" data-medium-file=\"https:\/\/www.babcock-wanson.com\/wp-content\/uploads\/2019\/02\/optimo-1-300x200.jpg\" data-large-file=\"https:\/\/www.babcock-wanson.com\/wp-content\/uploads\/2019\/02\/optimo-1.jpg\" \/><\/a><a href=\"https:\/\/www.babcock-wanson.com\/fr\/produits\/bruleurs-industriels\/optimo\/\" data-quantity=\"1\" data-product_id=\"23676\" data-product_sku=\"\" aria-label=\"En savoir plus sur &ldquo;OPTIMO&rdquo;\" rel=\"nofollow\">En savoir plus<\/a><a href=\"https:\/\/www.babcock-wanson.com\/fr\/produits\/bruleurs-industriels\/optimo\/\"><h3>OPTIMO<\/h3>\n\t\t<\/a>\n\t\t\t\t\t\t<a href=\"https:\/\/www.babcock-wanson.com\/fr\/produits\/chaudieres-tubes-de-fumees\/bwd\/\"><img loading=\"lazy\" decoding=\"async\" width=\"315\" height=\"210\" src=\"https:\/\/www.babcock-wanson.com\/wp-content\/uploads\/2018\/08\/BWD-Fire-Tube-Boilers-4-315x210.png\" alt=\"NBWB Tubes de Fum\u00e9es\" data-attachment-id=\"22983\" data-permalink=\"https:\/\/www.babcock-wanson.com\/fr\/?attachment_id=22983\" data-orig-file=\"https:\/\/www.babcock-wanson.com\/wp-content\/uploads\/2018\/08\/BWD-Fire-Tube-Boilers-4.png\" data-orig-size=\"600,400\" data-comments-opened=\"0\" data-image-meta=\"{&quot;aperture&quot;:&quot;0&quot;,&quot;credit&quot;:&quot;&quot;,&quot;camera&quot;:&quot;&quot;,&quot;caption&quot;:&quot;&quot;,&quot;created_timestamp&quot;:&quot;0&quot;,&quot;copyright&quot;:&quot;&quot;,&quot;focal_length&quot;:&quot;0&quot;,&quot;iso&quot;:&quot;0&quot;,&quot;shutter_speed&quot;:&quot;0&quot;,&quot;title&quot;:&quot;&quot;,&quot;orientation&quot;:&quot;0&quot;}\" data-image-title=\"NBWB Tubes de Fum\u00e9es 4\" data-image-description=\"\" data-medium-file=\"https:\/\/www.babcock-wanson.com\/wp-content\/uploads\/2018\/08\/BWD-Fire-Tube-Boilers-4-300x200.png\" data-large-file=\"https:\/\/www.babcock-wanson.com\/wp-content\/uploads\/2018\/08\/BWD-Fire-Tube-Boilers-4.png\" \/><\/a><a href=\"https:\/\/www.babcock-wanson.com\/fr\/produits\/chaudieres-tubes-de-fumees\/bwd\/\" data-quantity=\"1\" data-product_id=\"23473\" data-product_sku=\"\" aria-label=\"En savoir plus sur &ldquo;BWD&rdquo;\" rel=\"nofollow\">En savoir plus<\/a><a href=\"https:\/\/www.babcock-wanson.com\/fr\/produits\/chaudieres-tubes-de-fumees\/bwd\/\"><h3>BWD<\/h3>\n\t\t<\/a>\n\t\t\t\t\t\t<a href=\"https:\/\/www.babcock-wanson.com\/fr\/produits\/chaudieres-fluide-thermique\/epc-es\/\"><img loading=\"lazy\" decoding=\"async\" width=\"315\" height=\"210\" src=\"https:\/\/www.babcock-wanson.com\/wp-content\/uploads\/2018\/08\/EPC-ES-Thermal-Fluid-Heater-2-315x210.png\" alt=\"EPC-ES Chaudi\u00e8re fluide thermique\" data-attachment-id=\"22935\" data-permalink=\"https:\/\/www.babcock-wanson.com\/fr\/?attachment_id=22935\" data-orig-file=\"https:\/\/www.babcock-wanson.com\/wp-content\/uploads\/2018\/08\/EPC-ES-Thermal-Fluid-Heater-2.png\" data-orig-size=\"600,400\" data-comments-opened=\"0\" data-image-meta=\"{&quot;aperture&quot;:&quot;0&quot;,&quot;credit&quot;:&quot;&quot;,&quot;camera&quot;:&quot;&quot;,&quot;caption&quot;:&quot;&quot;,&quot;created_timestamp&quot;:&quot;0&quot;,&quot;copyright&quot;:&quot;&quot;,&quot;focal_length&quot;:&quot;0&quot;,&quot;iso&quot;:&quot;0&quot;,&quot;shutter_speed&quot;:&quot;0&quot;,&quot;title&quot;:&quot;&quot;,&quot;orientation&quot;:&quot;0&quot;}\" data-image-title=\"EPC-ES Chaudi\u00e8re fluide thermique 2\" data-image-description=\"\" data-medium-file=\"https:\/\/www.babcock-wanson.com\/wp-content\/uploads\/2018\/08\/EPC-ES-Thermal-Fluid-Heater-2-300x200.png\" data-large-file=\"https:\/\/www.babcock-wanson.com\/wp-content\/uploads\/2018\/08\/EPC-ES-Thermal-Fluid-Heater-2.png\" \/><\/a><a href=\"https:\/\/www.babcock-wanson.com\/fr\/produits\/chaudieres-fluide-thermique\/epc-es\/\" data-quantity=\"1\" data-product_id=\"23528\" data-product_sku=\"\" aria-label=\"En savoir plus sur &ldquo;EPC-ES&rdquo;\" rel=\"nofollow\">En savoir plus<\/a><a href=\"https:\/\/www.babcock-wanson.com\/fr\/produits\/chaudieres-fluide-thermique\/epc-es\/\"><h3>EPC-ES<\/h3>\n\t\t<\/a>\n\t\t\t\t\t\t<a href=\"https:\/\/www.babcock-wanson.com\/fr\/produits\/chaudieres-tubes-de-fumees\/bwr\/\"><img loading=\"lazy\" decoding=\"async\" width=\"315\" height=\"210\" src=\"https:\/\/www.babcock-wanson.com\/wp-content\/uploads\/2018\/08\/BWR-Fire-Tube-Boilers-2-315x210.png\" alt=\"BWR Tubes de Fum\u00e9es\" data-attachment-id=\"23481\" data-permalink=\"https:\/\/www.babcock-wanson.com\/fr\/?attachment_id=23481\" data-orig-file=\"https:\/\/www.babcock-wanson.com\/wp-content\/uploads\/2018\/08\/BWR-Fire-Tube-Boilers-2.png\" data-orig-size=\"600,400\" data-comments-opened=\"0\" data-image-meta=\"{&quot;aperture&quot;:&quot;0&quot;,&quot;credit&quot;:&quot;&quot;,&quot;camera&quot;:&quot;&quot;,&quot;caption&quot;:&quot;&quot;,&quot;created_timestamp&quot;:&quot;0&quot;,&quot;copyright&quot;:&quot;&quot;,&quot;focal_length&quot;:&quot;0&quot;,&quot;iso&quot;:&quot;0&quot;,&quot;shutter_speed&quot;:&quot;0&quot;,&quot;title&quot;:&quot;&quot;,&quot;orientation&quot;:&quot;0&quot;}\" data-image-title=\"BWR Tubes de Fum\u00e9es 2\" data-image-description=\"\" data-medium-file=\"https:\/\/www.babcock-wanson.com\/wp-content\/uploads\/2018\/08\/BWR-Fire-Tube-Boilers-2-300x200.png\" data-large-file=\"https:\/\/www.babcock-wanson.com\/wp-content\/uploads\/2018\/08\/BWR-Fire-Tube-Boilers-2.png\" \/><\/a><a href=\"https:\/\/www.babcock-wanson.com\/fr\/produits\/chaudieres-tubes-de-fumees\/bwr\/\" data-quantity=\"1\" data-product_id=\"23477\" data-product_sku=\"\" aria-label=\"En savoir plus sur &ldquo;BWR&rdquo;\" rel=\"nofollow\">En savoir plus<\/a><a href=\"https:\/\/www.babcock-wanson.com\/fr\/produits\/chaudieres-tubes-de-fumees\/bwr\/\"><h3>BWR<\/h3>\n\t\t<\/a>\n<\/div><!-- .vgblk-rw-wrapper -->","protected":false},"excerpt":{"rendered":"<p>Chaudi\u00e8res pour l&rsquo;industrie du bois, du papier et du carton Les industries du bois, du papier et du carton comprennent principalement la fabrication de p\u00e2te et de papier \u00e0 partir de bois, de papier de r\u00e9cup\u00e9ration et de carton. Produits recommand\u00e9s L&rsquo;industrie du bois a besoin de quantit\u00e9s consid\u00e9rables d&rsquo;\u00e9nergie pour la fabrication de panneaux&#8230;<\/p>\n","protected":false},"author":1,"featured_media":0,"parent":22945,"menu_order":0,"comment_status":"closed","ping_status":"closed","template":"","meta":{"_acf_changed":false,"_relevanssi_hide_post":"","_relevanssi_hide_content":"","_relevanssi_pin_for_all":"","_relevanssi_pin_keywords":"","_relevanssi_unpin_keywords":"","_relevanssi_related_keywords":"","_relevanssi_related_include_ids":"","_relevanssi_related_exclude_ids":"","_relevanssi_related_no_append":"","_relevanssi_related_not_related":"","_relevanssi_related_posts":"","_relevanssi_noindex_reason":"","footnotes":""},"class_list":["post-23204","page","type-page","status-publish","hentry"],"acf":[],"yoast_head":"<!-- This site is optimized with the Yoast SEO Premium plugin v27.4 (Yoast SEO v27.4) - https:\/\/yoast.com\/product\/yoast-seo-premium-wordpress\/ -->\n<title>Chaudi\u00e8res pour l&#039;industrie du bois, du papier et du carton - Babcock Wanson<\/title>\n<meta name=\"description\" content=\"L&#039;industrie du bois, du bois d&#039;\u0153uvre, du papier et du carton a besoin de quantit\u00e9s consid\u00e9rables d&#039;\u00e9nergie et nos chaudi\u00e8res sont con\u00e7ues \u00e0 cet effet\" \/>\n<meta name=\"robots\" content=\"index, follow, max-snippet:-1, max-image-preview:large, max-video-preview:-1\" \/>\n<link rel=\"canonical\" href=\"https:\/\/www.babcock-wanson.com\/fr\/industries\/industrie-du-bois-du-papier-et-du-carton\/\" \/>\n<meta property=\"og:locale\" content=\"fr_FR\" \/>\n<meta property=\"og:type\" content=\"article\" \/>\n<meta property=\"og:title\" content=\"Industrie du bois, du papier et du carton\" \/>\n<meta property=\"og:description\" content=\"L&#039;industrie du bois, du bois d&#039;\u0153uvre, du papier et du carton a besoin de quantit\u00e9s consid\u00e9rables d&#039;\u00e9nergie et nos chaudi\u00e8res sont con\u00e7ues \u00e0 cet effet\" \/>\n<meta property=\"og:url\" content=\"https:\/\/www.babcock-wanson.com\/fr\/industries\/industrie-du-bois-du-papier-et-du-carton\/\" \/>\n<meta property=\"og:site_name\" content=\"Babcock Wanson\" \/>\n<meta property=\"article:modified_time\" content=\"2021-08-30T09:23:55+00:00\" \/>\n<meta property=\"og:image\" content=\"https:\/\/www.babcock-wanson.com\/wp-content\/uploads\/2018\/01\/smurfit-kappa-logo.jpg\" \/>\n<meta name=\"twitter:card\" content=\"summary_large_image\" \/>\n<meta name=\"twitter:label1\" content=\"Est. reading time\" \/>\n\t<meta name=\"twitter:data1\" content=\"2 minutes\" \/>\n<script type=\"application\/ld+json\" class=\"yoast-schema-graph\">{\"@context\":\"https:\\\/\\\/schema.org\",\"@graph\":[{\"@type\":\"WebPage\",\"@id\":\"https:\\\/\\\/www.babcock-wanson.com\\\/fr\\\/industries\\\/industrie-du-bois-du-papier-et-du-carton\\\/\",\"url\":\"https:\\\/\\\/www.babcock-wanson.com\\\/fr\\\/industries\\\/industrie-du-bois-du-papier-et-du-carton\\\/\",\"name\":\"Chaudi\u00e8res pour l'industrie du bois, du papier et du carton - Babcock Wanson\",\"isPartOf\":{\"@id\":\"https:\\\/\\\/www.babcock-wanson.com\\\/fr\\\/#website\"},\"primaryImageOfPage\":{\"@id\":\"https:\\\/\\\/www.babcock-wanson.com\\\/fr\\\/industries\\\/industrie-du-bois-du-papier-et-du-carton\\\/#primaryimage\"},\"image\":{\"@id\":\"https:\\\/\\\/www.babcock-wanson.com\\\/fr\\\/industries\\\/industrie-du-bois-du-papier-et-du-carton\\\/#primaryimage\"},\"thumbnailUrl\":\"https:\\\/\\\/www.babcock-wanson.com\\\/wp-content\\\/uploads\\\/2018\\\/01\\\/smurfit-kappa-logo.jpg\",\"datePublished\":\"2020-02-08T21:50:19+00:00\",\"dateModified\":\"2021-08-30T09:23:55+00:00\",\"description\":\"L'industrie du bois, du bois d'\u0153uvre, du papier et du carton a besoin de quantit\u00e9s consid\u00e9rables d'\u00e9nergie et nos chaudi\u00e8res sont con\u00e7ues \u00e0 cet effet\",\"breadcrumb\":{\"@id\":\"https:\\\/\\\/www.babcock-wanson.com\\\/fr\\\/industries\\\/industrie-du-bois-du-papier-et-du-carton\\\/#breadcrumb\"},\"inLanguage\":\"fr-FR\",\"potentialAction\":[{\"@type\":\"ReadAction\",\"target\":[\"https:\\\/\\\/www.babcock-wanson.com\\\/fr\\\/industries\\\/industrie-du-bois-du-papier-et-du-carton\\\/\"]}]},{\"@type\":\"ImageObject\",\"inLanguage\":\"fr-FR\",\"@id\":\"https:\\\/\\\/www.babcock-wanson.com\\\/fr\\\/industries\\\/industrie-du-bois-du-papier-et-du-carton\\\/#primaryimage\",\"url\":\"https:\\\/\\\/www.babcock-wanson.com\\\/wp-content\\\/uploads\\\/2018\\\/01\\\/smurfit-kappa-logo.jpg\",\"contentUrl\":\"https:\\\/\\\/www.babcock-wanson.com\\\/wp-content\\\/uploads\\\/2018\\\/01\\\/smurfit-kappa-logo.jpg\"},{\"@type\":\"BreadcrumbList\",\"@id\":\"https:\\\/\\\/www.babcock-wanson.com\\\/fr\\\/industries\\\/industrie-du-bois-du-papier-et-du-carton\\\/#breadcrumb\",\"itemListElement\":[{\"@type\":\"ListItem\",\"position\":1,\"name\":\"Accueil\",\"item\":\"https:\\\/\\\/www.babcock-wanson.com\\\/fr\\\/\"},{\"@type\":\"ListItem\",\"position\":2,\"name\":\"Nos industries\",\"item\":\"https:\\\/\\\/www.babcock-wanson.com\\\/fr\\\/industries\\\/\"},{\"@type\":\"ListItem\",\"position\":3,\"name\":\"Industrie du bois, du papier et du carton\"}]},{\"@type\":\"WebSite\",\"@id\":\"https:\\\/\\\/www.babcock-wanson.com\\\/fr\\\/#website\",\"url\":\"https:\\\/\\\/www.babcock-wanson.com\\\/fr\\\/\",\"name\":\"Babcock Wanson\",\"description\":\"\",\"publisher\":{\"@id\":\"https:\\\/\\\/www.babcock-wanson.com\\\/fr\\\/#organization\"},\"potentialAction\":[{\"@type\":\"SearchAction\",\"target\":{\"@type\":\"EntryPoint\",\"urlTemplate\":\"https:\\\/\\\/www.babcock-wanson.com\\\/fr\\\/?s={search_term_string}\"},\"query-input\":{\"@type\":\"PropertyValueSpecification\",\"valueRequired\":true,\"valueName\":\"search_term_string\"}}],\"inLanguage\":\"fr-FR\"},{\"@type\":\"Organization\",\"@id\":\"https:\\\/\\\/www.babcock-wanson.com\\\/fr\\\/#organization\",\"name\":\"Babcock Wanson\",\"url\":\"https:\\\/\\\/www.babcock-wanson.com\\\/fr\\\/\",\"logo\":{\"@type\":\"ImageObject\",\"inLanguage\":\"fr-FR\",\"@id\":\"https:\\\/\\\/www.babcock-wanson.com\\\/fr\\\/#\\\/schema\\\/logo\\\/image\\\/\",\"url\":\"https:\\\/\\\/www.babcock-wanson.com\\\/wp-content\\\/uploads\\\/2024\\\/02\\\/Babcock-Wanson-1200x1200-1.png\",\"contentUrl\":\"https:\\\/\\\/www.babcock-wanson.com\\\/wp-content\\\/uploads\\\/2024\\\/02\\\/Babcock-Wanson-1200x1200-1.png\",\"width\":1200,\"height\":1200,\"caption\":\"Babcock Wanson\"},\"image\":{\"@id\":\"https:\\\/\\\/www.babcock-wanson.com\\\/fr\\\/#\\\/schema\\\/logo\\\/image\\\/\"},\"sameAs\":[\"https:\\\/\\\/www.linkedin.com\\\/company\\\/babcock-wanson\\\/\",\"https:\\\/\\\/www.youtube.com\\\/channel\\\/UCtxl25VieBBsP2kYmtlyv7A\"]}]}<\/script>\n<!-- \/ Yoast SEO Premium plugin. -->","yoast_head_json":{"title":"Chaudi\u00e8res pour l'industrie du bois, du papier et du carton - Babcock Wanson","description":"L'industrie du bois, du bois d'\u0153uvre, du papier et du carton a besoin de quantit\u00e9s consid\u00e9rables d'\u00e9nergie et nos chaudi\u00e8res sont con\u00e7ues \u00e0 cet effet","robots":{"index":"index","follow":"follow","max-snippet":"max-snippet:-1","max-image-preview":"max-image-preview:large","max-video-preview":"max-video-preview:-1"},"canonical":"https:\/\/www.babcock-wanson.com\/fr\/industries\/industrie-du-bois-du-papier-et-du-carton\/","og_locale":"fr_FR","og_type":"article","og_title":"Industrie du bois, du papier et du carton","og_description":"L'industrie du bois, du bois d'\u0153uvre, du papier et du carton a besoin de quantit\u00e9s consid\u00e9rables d'\u00e9nergie et nos chaudi\u00e8res sont con\u00e7ues \u00e0 cet effet","og_url":"https:\/\/www.babcock-wanson.com\/fr\/industries\/industrie-du-bois-du-papier-et-du-carton\/","og_site_name":"Babcock Wanson","article_modified_time":"2021-08-30T09:23:55+00:00","og_image":[{"url":"https:\/\/www.babcock-wanson.com\/wp-content\/uploads\/2018\/01\/smurfit-kappa-logo.jpg","type":"","width":"","height":""}],"twitter_card":"summary_large_image","twitter_misc":{"Est. reading time":"2 minutes"},"schema":{"@context":"https:\/\/schema.org","@graph":[{"@type":"WebPage","@id":"https:\/\/www.babcock-wanson.com\/fr\/industries\/industrie-du-bois-du-papier-et-du-carton\/","url":"https:\/\/www.babcock-wanson.com\/fr\/industries\/industrie-du-bois-du-papier-et-du-carton\/","name":"Chaudi\u00e8res pour l'industrie du bois, du papier et du carton - Babcock Wanson","isPartOf":{"@id":"https:\/\/www.babcock-wanson.com\/fr\/#website"},"primaryImageOfPage":{"@id":"https:\/\/www.babcock-wanson.com\/fr\/industries\/industrie-du-bois-du-papier-et-du-carton\/#primaryimage"},"image":{"@id":"https:\/\/www.babcock-wanson.com\/fr\/industries\/industrie-du-bois-du-papier-et-du-carton\/#primaryimage"},"thumbnailUrl":"https:\/\/www.babcock-wanson.com\/wp-content\/uploads\/2018\/01\/smurfit-kappa-logo.jpg","datePublished":"2020-02-08T21:50:19+00:00","dateModified":"2021-08-30T09:23:55+00:00","description":"L'industrie du bois, du bois d'\u0153uvre, du papier et du carton a besoin de quantit\u00e9s consid\u00e9rables d'\u00e9nergie et nos chaudi\u00e8res sont con\u00e7ues \u00e0 cet effet","breadcrumb":{"@id":"https:\/\/www.babcock-wanson.com\/fr\/industries\/industrie-du-bois-du-papier-et-du-carton\/#breadcrumb"},"inLanguage":"fr-FR","potentialAction":[{"@type":"ReadAction","target":["https:\/\/www.babcock-wanson.com\/fr\/industries\/industrie-du-bois-du-papier-et-du-carton\/"]}]},{"@type":"ImageObject","inLanguage":"fr-FR","@id":"https:\/\/www.babcock-wanson.com\/fr\/industries\/industrie-du-bois-du-papier-et-du-carton\/#primaryimage","url":"https:\/\/www.babcock-wanson.com\/wp-content\/uploads\/2018\/01\/smurfit-kappa-logo.jpg","contentUrl":"https:\/\/www.babcock-wanson.com\/wp-content\/uploads\/2018\/01\/smurfit-kappa-logo.jpg"},{"@type":"BreadcrumbList","@id":"https:\/\/www.babcock-wanson.com\/fr\/industries\/industrie-du-bois-du-papier-et-du-carton\/#breadcrumb","itemListElement":[{"@type":"ListItem","position":1,"name":"Accueil","item":"https:\/\/www.babcock-wanson.com\/fr\/"},{"@type":"ListItem","position":2,"name":"Nos industries","item":"https:\/\/www.babcock-wanson.com\/fr\/industries\/"},{"@type":"ListItem","position":3,"name":"Industrie du bois, du papier et du carton"}]},{"@type":"WebSite","@id":"https:\/\/www.babcock-wanson.com\/fr\/#website","url":"https:\/\/www.babcock-wanson.com\/fr\/","name":"Babcock Wanson","description":"","publisher":{"@id":"https:\/\/www.babcock-wanson.com\/fr\/#organization"},"potentialAction":[{"@type":"SearchAction","target":{"@type":"EntryPoint","urlTemplate":"https:\/\/www.babcock-wanson.com\/fr\/?s={search_term_string}"},"query-input":{"@type":"PropertyValueSpecification","valueRequired":true,"valueName":"search_term_string"}}],"inLanguage":"fr-FR"},{"@type":"Organization","@id":"https:\/\/www.babcock-wanson.com\/fr\/#organization","name":"Babcock Wanson","url":"https:\/\/www.babcock-wanson.com\/fr\/","logo":{"@type":"ImageObject","inLanguage":"fr-FR","@id":"https:\/\/www.babcock-wanson.com\/fr\/#\/schema\/logo\/image\/","url":"https:\/\/www.babcock-wanson.com\/wp-content\/uploads\/2024\/02\/Babcock-Wanson-1200x1200-1.png","contentUrl":"https:\/\/www.babcock-wanson.com\/wp-content\/uploads\/2024\/02\/Babcock-Wanson-1200x1200-1.png","width":1200,"height":1200,"caption":"Babcock Wanson"},"image":{"@id":"https:\/\/www.babcock-wanson.com\/fr\/#\/schema\/logo\/image\/"},"sameAs":["https:\/\/www.linkedin.com\/company\/babcock-wanson\/","https:\/\/www.youtube.com\/channel\/UCtxl25VieBBsP2kYmtlyv7A"]}]}},"jetpack_sharing_enabled":true,"_links":{"self":[{"href":"https:\/\/www.babcock-wanson.com\/fr\/wp-json\/wp\/v2\/pages\/23204","targetHints":{"allow":["GET"]}}],"collection":[{"href":"https:\/\/www.babcock-wanson.com\/fr\/wp-json\/wp\/v2\/pages"}],"about":[{"href":"https:\/\/www.babcock-wanson.com\/fr\/wp-json\/wp\/v2\/types\/page"}],"author":[{"embeddable":true,"href":"https:\/\/www.babcock-wanson.com\/fr\/wp-json\/wp\/v2\/users\/1"}],"replies":[{"embeddable":true,"href":"https:\/\/www.babcock-wanson.com\/fr\/wp-json\/wp\/v2\/comments?post=23204"}],"version-history":[{"count":2,"href":"https:\/\/www.babcock-wanson.com\/fr\/wp-json\/wp\/v2\/pages\/23204\/revisions"}],"predecessor-version":[{"id":39875,"href":"https:\/\/www.babcock-wanson.com\/fr\/wp-json\/wp\/v2\/pages\/23204\/revisions\/39875"}],"up":[{"embeddable":true,"href":"https:\/\/www.babcock-wanson.com\/fr\/wp-json\/wp\/v2\/pages\/22945"}],"wp:attachment":[{"href":"https:\/\/www.babcock-wanson.com\/fr\/wp-json\/wp\/v2\/media?parent=23204"}],"curies":[{"name":"wp","href":"https:\/\/api.w.org\/{rel}","templated":true}]}}