{"id":23244,"date":"2020-02-08T22:11:49","date_gmt":"2020-02-08T22:11:49","guid":{"rendered":"https:\/\/www.babcock-wanson.com\/nos-produits\/installation-cles-en-main\/"},"modified":"2022-01-06T13:44:27","modified_gmt":"2022-01-06T13:44:27","slug":"solutions-cles-en-main","status":"publish","type":"page","link":"https:\/\/www.babcock-wanson.com\/fr\/produits\/solutions-cles-en-main\/","title":{"rendered":"Solutions cl\u00e9s en main"},"content":{"rendered":"<div class=\"vgblk-rw-wrapper limit-wrapper\">\n\t\t\t\t\t\t\t<img loading=\"lazy\" decoding=\"async\" src=\"https:\/\/www.babcock-wanson.com\/wp-content\/uploads\/2019\/02\/LNTA-TA-4.jpg\" alt=\"LNTA-TA\" height=\"400\" width=\"600\" title=\"LNTA-TA-4\" data-srcset=\"https:\/\/www.babcock-wanson.com\/wp-content\/uploads\/2019\/02\/LNTA-TA-4.jpg 600w, https:\/\/www.babcock-wanson.com\/wp-content\/uploads\/2019\/02\/LNTA-TA-4-300x200.jpg 300w, https:\/\/www.babcock-wanson.com\/wp-content\/uploads\/2019\/02\/LNTA-TA-4-420x280.jpg 420w, https:\/\/www.babcock-wanson.com\/wp-content\/uploads\/2019\/02\/LNTA-TA-4-315x210.jpg 315w\" \/>\t\t\t\t\t\t\t\n<h2>\n\t\t<strong>Solutions<strong> cl\u00e9s en main\n\t<\/h2>\n\t<p>L\u2019exp\u00e9rience de Babcock Wanson va bien au-del\u00e0 de la fabrication de chaudi\u00e8res. C\u2019est parce que chaque installation est diff\u00e9rente que nous adaptons et int\u00e9grons nos syst\u00e8mes pour atteindre une efficacit\u00e9 maximale. Il y a tr\u00e8s peu de d\u00e9fis que nous n\u2019avons pas relev\u00e9s et surmont\u00e9s !<\/p>\n<p>C\u2019est ainsi que les concepteurs, les ing\u00e9nieurs et les \u00e9quipes de gestion de Babcock Wanson ont acquis de multiples comp\u00e9tences qui leur permettent aujourd\u2019hui de mettre en \u0153uvre des projets cl\u00e9s en main. De la conception de skids \u00e0 la mise en oeuvre de solutions cl\u00e9s en main pour de grands process industriels complexes, nous adoptons la m\u00eame approche professionnelle : r\u00e9alisation d\u2019\u00e9tudes initiales, ing\u00e9nierie d\u00e9taill\u00e9e, \u00e9valuation de la conception, fabrication, installation et mise en service.<\/p>\n<p>Chaque \u00e9l\u00e9ment du cahier des charges est pris en compte, jusqu\u2019au <a href=\"https:\/\/www.babcock-wanson.com\/fr\/nos-services\/services-apres-vente\/\" rel=\"noopener\" target=\"_blank\">service apr\u00e8s-vente<\/a>.<\/p>\n<p>Si vous avez un projet de chaufferie ou de chauffage de proc\u00e9d\u00e9s qui n\u00e9cessite une solution cl\u00e9s en main, contactez Babcock Wanson pour en savoir plus sur certains de nos projets r\u00e9cents dans votre secteur d&rsquo;activit\u00e9.<\/p>\n<h3>\n\t<\/h3>\n<h2>\n\t\tPack <\/strong>pr\u00e9-assembl\u00e9s<\/strong>\n\t<\/h2>\n\t<p>Que ce soit pour satisfaire une demande nouvelle ou pour compl\u00e9ter un besoin existant, un syst\u00e8me de chaudi\u00e8res Babcock Wanson (fourni sous forme d\u2019emballage) mont\u00e9 sur skids ou en contenair peut \u00eatre une solution tr\u00e8s rentable. Facile et rapide \u00e0 installer, l\u2019\u00e9quipement assembl\u00e9 et test\u00e9 en usine est fourni certifi\u00e9 et pr\u00eat \u00e0 l\u2019emploi.<\/p>\n<p>Tous nos syst\u00e8mes de chauffage de proc\u00e9d\u00e9 sont disponibles dans ce format assembl\u00e9 en usine, bien que les g\u00e9n\u00e9rateurs de vapeur et les chaudi\u00e8res \u00e0 fluide thermiques \u00e0 sortie verticale ou horizontale soient les plus populaires. Ce type de solution est \u00e0 privil\u00e9gier sur les sites o\u00f9 la dur\u00e9e du chantier de mise en place doit \u00eatre r\u00e9duite au strict minimum, ou encore dans le cadre d\u2019une installation temporaire.<\/p>\n<h3>\n\t<\/h3>\n\t\t\t\t\t\t\t<img loading=\"lazy\" decoding=\"async\" src=\"https:\/\/www.babcock-wanson.com\/wp-content\/uploads\/2019\/04\/Pre-assembled-packages-1.jpg\" alt=\"Pack pr\u00e9-assembl\u00e9s\" height=\"400\" width=\"600\" title=\"Pack pr\u00e9-assembl\u00e9s-1\" data-srcset=\"https:\/\/www.babcock-wanson.com\/wp-content\/uploads\/2019\/04\/Pre-assembled-packages-1.jpg 600w, https:\/\/www.babcock-wanson.com\/wp-content\/uploads\/2019\/04\/Pre-assembled-packages-1-300x200.jpg 300w, https:\/\/www.babcock-wanson.com\/wp-content\/uploads\/2019\/04\/Pre-assembled-packages-1-420x280.jpg 420w, https:\/\/www.babcock-wanson.com\/wp-content\/uploads\/2019\/04\/Pre-assembled-packages-1-315x210.jpg 315w\" \/>\t\t\t\t\t\t\t\n\t\t\t\t\t\t\t<img loading=\"lazy\" decoding=\"async\" src=\"https:\/\/www.babcock-wanson.com\/wp-content\/uploads\/2019\/03\/turnkey-advantages.jpg\" alt=\"Solutions cl\u00e9s en main\" height=\"400\" width=\"600\" title=\"Solutions cl\u00e9s en main\" data-srcset=\"https:\/\/www.babcock-wanson.com\/wp-content\/uploads\/2019\/03\/turnkey-advantages.jpg 600w, https:\/\/www.babcock-wanson.com\/wp-content\/uploads\/2019\/03\/turnkey-advantages-300x200.jpg 300w, https:\/\/www.babcock-wanson.com\/wp-content\/uploads\/2019\/03\/turnkey-advantages-420x280.jpg 420w, https:\/\/www.babcock-wanson.com\/wp-content\/uploads\/2019\/03\/turnkey-advantages-315x210.jpg 315w\" \/>\t\t\t\t\t\t\t\n<h2>\n\t\tAvantages\n\t<\/h2>\n\t<ul>\n<li>Exigences souvent simplifi\u00e9es en mati\u00e8re de travaux de g\u00e9nie civil<\/li>\n<li>Transport facile (contenair standard conforme aux normes du transport routier classique)<\/li>\n<li>Installation, raccordement et d\u00e9marrage tr\u00e8s rapides<\/li>\n<li>Contr\u00f4le des co\u00fbts avec possibilit\u00e9 de financement complet<\/li>\n<li>\u00c9quipement pour une utilisation temporaire<\/li>\n<li>Chaufferie pr\u00e9fabriqu\u00e9e, \u00e9quip\u00e9e et test\u00e9e avec garantie du fabricant<\/li>\n<\/ul>\n<h3>\n\t<\/h3>\n<h2>\n\t\tChaufferies <\/strong>mobiles en container<\/strong>\n\t<\/h2>\n\t<p>Un syst\u00e8me complet de chauffage de proc\u00e9d\u00e9 peut \u00eatre assembl\u00e9e dans un conteneur d\u2019exp\u00e9dition modifi\u00e9 avec des sorties allant de 150 kg\/h \u00e0 2000 kg\/h dans un conteneur d\u2019usage g\u00e9n\u00e9ral de 20 pieds de norme ISO ou jusqu\u2019\u00e0 6000 kg\/h dans la taille de 40 pieds.<\/p>\n<p>De s\u00e9rie, les r\u00e9cipients sont \u00e9quip\u00e9s des grilles de ventilation, de l\u2019\u00e9clairage et du chauffage antigel n\u00e9cessaires, ainsi que de tout rev\u00eatement sp\u00e9cial de levage\/empilage\/peinture pouvant \u00eatre sp\u00e9cifi\u00e9.<\/p>\n<p>Une section de conduit courte peut \u00eatre fournie pour une utilisation imm\u00e9diate, mais pour une utilisation \u00e0 plus long terme, une chemin\u00e9e conforme aux exigences des autorit\u00e9s locales peut \u00e9galement \u00eatre fournie.<\/p>\n<h3>\n\t<\/h3>\n\t\t\t\t\t\t\t<img loading=\"lazy\" decoding=\"async\" src=\"https:\/\/www.babcock-wanson.com\/wp-content\/uploads\/2019\/03\/Portable-Contanerised-Boiler-Houses-2.jpg\" alt=\"Chaufferies mobiles en container\" height=\"400\" width=\"600\" title=\"Chaufferies mobiles en container-2\" data-srcset=\"https:\/\/www.babcock-wanson.com\/wp-content\/uploads\/2019\/03\/Portable-Contanerised-Boiler-Houses-2.jpg 600w, https:\/\/www.babcock-wanson.com\/wp-content\/uploads\/2019\/03\/Portable-Contanerised-Boiler-Houses-2-300x200.jpg 300w, https:\/\/www.babcock-wanson.com\/wp-content\/uploads\/2019\/03\/Portable-Contanerised-Boiler-Houses-2-420x280.jpg 420w, https:\/\/www.babcock-wanson.com\/wp-content\/uploads\/2019\/03\/Portable-Contanerised-Boiler-Houses-2-315x210.jpg 315w\" \/>\t\t\t\t\t\t\t\n\t\t\t\t\t\t\t<img loading=\"lazy\" decoding=\"async\" src=\"https:\/\/www.babcock-wanson.com\/wp-content\/uploads\/2019\/03\/Skid-Mounted-Packages-4.jpg\" alt=\"Chaudi\u00e8res sur Skid\" height=\"400\" width=\"600\" title=\"Chaudi\u00e8res sur Skid-4\" data-srcset=\"https:\/\/www.babcock-wanson.com\/wp-content\/uploads\/2019\/03\/Skid-Mounted-Packages-4.jpg 600w, https:\/\/www.babcock-wanson.com\/wp-content\/uploads\/2019\/03\/Skid-Mounted-Packages-4-300x200.jpg 300w, https:\/\/www.babcock-wanson.com\/wp-content\/uploads\/2019\/03\/Skid-Mounted-Packages-4-420x280.jpg 420w, https:\/\/www.babcock-wanson.com\/wp-content\/uploads\/2019\/03\/Skid-Mounted-Packages-4-315x210.jpg 315w\" \/>\t\t\t\t\t\t\t\n<h2>\n\t\tChaudi\u00e8res sur <\/strong>Skid<\/strong>\n\t<\/h2>\n\t<p>Les syst\u00e8mes de chauffage de proc\u00e9d\u00e9 mont\u00e9s sur skids b\u00e9n\u00e9ficient non seulement d\u2019une installation simple et rapide, mais \u00e9galement d\u2019un faible encombrement gr\u00e2ce \u00e0 l\u2019optimisation de l\u2019espace d\u00e8s le stade de la conception. Cela pr\u00e9sente d\u2019autres avantages en ce sens qu\u2019il est possible d\u2019avoir un syst\u00e8me \u00e0 plus grande capacit\u00e9 dans un espace plus petit.<\/p>\n<p>Pour les g\u00e9n\u00e9rateurs de vapeur mont\u00e9s sur skids ou les chaudi\u00e8res vapeur \u00e0 tubes de fum\u00e9e, quand la hauteur disponible sur le site est limit\u00e9e, Babcock Wanson peut fournir un r\u00e9servoir d\u2019eau d\u2019alimentation \u00e0 faible niveau ou au sol avec une simple pompe d\u2019appoint pour fournir la t\u00eate requise \u00e0 la pompe d\u2019eau d\u2019alimentation de la chaudi\u00e8re principale.<\/p>\n<p>Cela garantit que l\u2019eau d\u2019alimentation peut \u00eatre utilis\u00e9e \u00e0 la temp\u00e9rature optimale pour chasser l\u2019oxyg\u00e8ne dissous, ce qui contribue \u00e0 r\u00e9duire au maximum la consommation de produits chimiques de traitement de l\u2019eau.<\/p>\n<h3>\n\t<\/h3>\n<h2>\n\tBESOIN D\u2019AIDE?\n\t<\/h2>\n\t<h4 style=\"text-align: center\">Pour obtenir de l\u2019aide, contactez <a href=\"https:\/\/www.babcock-wanson.com\/fr\/nous-contacter\/emplacements-mondiaux\/\">l\u2019agence Babcock Wanson<\/a> la plus proche de chez vous.<\/h4>\n<h2>\n\t\u00catre <b>rappel\u00e9 &#8230; <\/b>\n\t<\/h2>\n<h4>\n\tLa conception de nos produits et l\u2019organisation de nos services sont pens\u00e9es pour r\u00e9pondre aux besoins de nos clients.\n\t<\/h4>\n    Remarque \u2013 JavaScript est requis pour ce contenu.\n        <!-- TODO: Move to Template File. -->\n        <\/div><!-- .vgblk-rw-wrapper -->","protected":false},"excerpt":{"rendered":"<p>Solutions cl\u00e9s en main L\u2019exp\u00e9rience de Babcock Wanson va bien au-del\u00e0 de la fabrication de chaudi\u00e8res. C\u2019est parce que chaque installation est diff\u00e9rente que nous adaptons et int\u00e9grons nos syst\u00e8mes pour atteindre une efficacit\u00e9 maximale. Il y a tr\u00e8s peu de d\u00e9fis que nous n\u2019avons pas relev\u00e9s et surmont\u00e9s ! C\u2019est ainsi que les concepteurs,&#8230;<\/p>\n","protected":false},"author":1,"featured_media":0,"parent":23221,"menu_order":0,"comment_status":"closed","ping_status":"closed","template":"","meta":{"_acf_changed":false,"_relevanssi_hide_post":"","_relevanssi_hide_content":"","_relevanssi_pin_for_all":"","_relevanssi_pin_keywords":"","_relevanssi_unpin_keywords":"","_relevanssi_related_keywords":"","_relevanssi_related_include_ids":"","_relevanssi_related_exclude_ids":"","_relevanssi_related_no_append":"","_relevanssi_related_not_related":"","_relevanssi_related_posts":"","_relevanssi_noindex_reason":"","footnotes":""},"class_list":["post-23244","page","type-page","status-publish","hentry"],"acf":[],"yoast_head":"<!-- This site is optimized with the Yoast SEO Premium plugin v27.4 (Yoast SEO v27.4) - https:\/\/yoast.com\/product\/yoast-seo-premium-wordpress\/ -->\n<title>Solutions de chaufferies industrielles cl\u00e9s en main - Babcock Wanson<\/title>\n<meta name=\"description\" content=\"Si vous avez un projet de chaufferie ou de chauffage industriel qui n\u00e9cessite une solution cl\u00e9s en main, visitez notre site web pour trouver la solution qu&#039;il vous faut\" \/>\n<meta name=\"robots\" content=\"index, follow, max-snippet:-1, max-image-preview:large, max-video-preview:-1\" \/>\n<link rel=\"canonical\" href=\"https:\/\/www.babcock-wanson.com\/fr\/produits\/solutions-cles-en-main\/\" \/>\n<meta property=\"og:locale\" content=\"fr_FR\" \/>\n<meta property=\"og:type\" content=\"article\" \/>\n<meta property=\"og:title\" content=\"Solutions cl\u00e9s en main\" \/>\n<meta property=\"og:description\" content=\"Si vous avez un projet de chaufferie ou de chauffage industriel qui n\u00e9cessite une solution cl\u00e9s en main, visitez notre site web pour trouver la solution qu&#039;il vous faut\" \/>\n<meta property=\"og:url\" content=\"https:\/\/www.babcock-wanson.com\/fr\/produits\/solutions-cles-en-main\/\" \/>\n<meta property=\"og:site_name\" content=\"Babcock Wanson\" \/>\n<meta property=\"article:modified_time\" content=\"2022-01-06T13:44:27+00:00\" \/>\n<meta property=\"og:image\" content=\"https:\/\/www.babcock-wanson.com\/wp-content\/uploads\/2019\/02\/LNTA-TA-4.jpg\" \/>\n<meta name=\"twitter:card\" content=\"summary_large_image\" \/>\n<meta name=\"twitter:label1\" content=\"Est. reading time\" \/>\n\t<meta name=\"twitter:data1\" content=\"4 minutes\" \/>\n<script type=\"application\/ld+json\" class=\"yoast-schema-graph\">{\"@context\":\"https:\\\/\\\/schema.org\",\"@graph\":[{\"@type\":\"WebPage\",\"@id\":\"https:\\\/\\\/www.babcock-wanson.com\\\/fr\\\/produits\\\/solutions-cles-en-main\\\/\",\"url\":\"https:\\\/\\\/www.babcock-wanson.com\\\/fr\\\/produits\\\/solutions-cles-en-main\\\/\",\"name\":\"Solutions de chaufferies industrielles cl\u00e9s en main - Babcock Wanson\",\"isPartOf\":{\"@id\":\"https:\\\/\\\/www.babcock-wanson.com\\\/fr\\\/#website\"},\"primaryImageOfPage\":{\"@id\":\"https:\\\/\\\/www.babcock-wanson.com\\\/fr\\\/produits\\\/solutions-cles-en-main\\\/#primaryimage\"},\"image\":{\"@id\":\"https:\\\/\\\/www.babcock-wanson.com\\\/fr\\\/produits\\\/solutions-cles-en-main\\\/#primaryimage\"},\"thumbnailUrl\":\"https:\\\/\\\/www.babcock-wanson.com\\\/wp-content\\\/uploads\\\/2019\\\/02\\\/LNTA-TA-4.jpg\",\"datePublished\":\"2020-02-08T22:11:49+00:00\",\"dateModified\":\"2022-01-06T13:44:27+00:00\",\"description\":\"Si vous avez un projet de chaufferie ou de chauffage industriel qui n\u00e9cessite une solution cl\u00e9s en main, visitez notre site web pour trouver la solution qu'il vous faut\",\"breadcrumb\":{\"@id\":\"https:\\\/\\\/www.babcock-wanson.com\\\/fr\\\/produits\\\/solutions-cles-en-main\\\/#breadcrumb\"},\"inLanguage\":\"fr-FR\",\"potentialAction\":[{\"@type\":\"ReadAction\",\"target\":[\"https:\\\/\\\/www.babcock-wanson.com\\\/fr\\\/produits\\\/solutions-cles-en-main\\\/\"]}]},{\"@type\":\"ImageObject\",\"inLanguage\":\"fr-FR\",\"@id\":\"https:\\\/\\\/www.babcock-wanson.com\\\/fr\\\/produits\\\/solutions-cles-en-main\\\/#primaryimage\",\"url\":\"https:\\\/\\\/www.babcock-wanson.com\\\/wp-content\\\/uploads\\\/2019\\\/02\\\/LNTA-TA-4.jpg\",\"contentUrl\":\"https:\\\/\\\/www.babcock-wanson.com\\\/wp-content\\\/uploads\\\/2019\\\/02\\\/LNTA-TA-4.jpg\"},{\"@type\":\"BreadcrumbList\",\"@id\":\"https:\\\/\\\/www.babcock-wanson.com\\\/fr\\\/produits\\\/solutions-cles-en-main\\\/#breadcrumb\",\"itemListElement\":[{\"@type\":\"ListItem\",\"position\":1,\"name\":\"Accueil\",\"item\":\"https:\\\/\\\/www.babcock-wanson.com\\\/fr\\\/\"},{\"@type\":\"ListItem\",\"position\":2,\"name\":\"Nos Produits\",\"item\":\"https:\\\/\\\/www.babcock-wanson.com\\\/fr\\\/produits\\\/\"},{\"@type\":\"ListItem\",\"position\":3,\"name\":\"Solutions cl\u00e9s en main\"}]},{\"@type\":\"WebSite\",\"@id\":\"https:\\\/\\\/www.babcock-wanson.com\\\/fr\\\/#website\",\"url\":\"https:\\\/\\\/www.babcock-wanson.com\\\/fr\\\/\",\"name\":\"Babcock Wanson\",\"description\":\"\",\"publisher\":{\"@id\":\"https:\\\/\\\/www.babcock-wanson.com\\\/fr\\\/#organization\"},\"potentialAction\":[{\"@type\":\"SearchAction\",\"target\":{\"@type\":\"EntryPoint\",\"urlTemplate\":\"https:\\\/\\\/www.babcock-wanson.com\\\/fr\\\/?s={search_term_string}\"},\"query-input\":{\"@type\":\"PropertyValueSpecification\",\"valueRequired\":true,\"valueName\":\"search_term_string\"}}],\"inLanguage\":\"fr-FR\"},{\"@type\":\"Organization\",\"@id\":\"https:\\\/\\\/www.babcock-wanson.com\\\/fr\\\/#organization\",\"name\":\"Babcock Wanson\",\"url\":\"https:\\\/\\\/www.babcock-wanson.com\\\/fr\\\/\",\"logo\":{\"@type\":\"ImageObject\",\"inLanguage\":\"fr-FR\",\"@id\":\"https:\\\/\\\/www.babcock-wanson.com\\\/fr\\\/#\\\/schema\\\/logo\\\/image\\\/\",\"url\":\"https:\\\/\\\/www.babcock-wanson.com\\\/wp-content\\\/uploads\\\/2024\\\/02\\\/Babcock-Wanson-1200x1200-1.png\",\"contentUrl\":\"https:\\\/\\\/www.babcock-wanson.com\\\/wp-content\\\/uploads\\\/2024\\\/02\\\/Babcock-Wanson-1200x1200-1.png\",\"width\":1200,\"height\":1200,\"caption\":\"Babcock Wanson\"},\"image\":{\"@id\":\"https:\\\/\\\/www.babcock-wanson.com\\\/fr\\\/#\\\/schema\\\/logo\\\/image\\\/\"},\"sameAs\":[\"https:\\\/\\\/www.linkedin.com\\\/company\\\/babcock-wanson\\\/\",\"https:\\\/\\\/www.youtube.com\\\/channel\\\/UCtxl25VieBBsP2kYmtlyv7A\"]}]}<\/script>\n<!-- \/ Yoast SEO Premium plugin. -->","yoast_head_json":{"title":"Solutions de chaufferies industrielles cl\u00e9s en main - Babcock Wanson","description":"Si vous avez un projet de chaufferie ou de chauffage industriel qui n\u00e9cessite une solution cl\u00e9s en main, visitez notre site web pour trouver la solution qu'il vous faut","robots":{"index":"index","follow":"follow","max-snippet":"max-snippet:-1","max-image-preview":"max-image-preview:large","max-video-preview":"max-video-preview:-1"},"canonical":"https:\/\/www.babcock-wanson.com\/fr\/produits\/solutions-cles-en-main\/","og_locale":"fr_FR","og_type":"article","og_title":"Solutions cl\u00e9s en main","og_description":"Si vous avez un projet de chaufferie ou de chauffage industriel qui n\u00e9cessite une solution cl\u00e9s en main, visitez notre site web pour trouver la solution qu'il vous faut","og_url":"https:\/\/www.babcock-wanson.com\/fr\/produits\/solutions-cles-en-main\/","og_site_name":"Babcock Wanson","article_modified_time":"2022-01-06T13:44:27+00:00","og_image":[{"url":"https:\/\/www.babcock-wanson.com\/wp-content\/uploads\/2019\/02\/LNTA-TA-4.jpg","type":"","width":"","height":""}],"twitter_card":"summary_large_image","twitter_misc":{"Est. reading time":"4 minutes"},"schema":{"@context":"https:\/\/schema.org","@graph":[{"@type":"WebPage","@id":"https:\/\/www.babcock-wanson.com\/fr\/produits\/solutions-cles-en-main\/","url":"https:\/\/www.babcock-wanson.com\/fr\/produits\/solutions-cles-en-main\/","name":"Solutions de chaufferies industrielles cl\u00e9s en main - Babcock Wanson","isPartOf":{"@id":"https:\/\/www.babcock-wanson.com\/fr\/#website"},"primaryImageOfPage":{"@id":"https:\/\/www.babcock-wanson.com\/fr\/produits\/solutions-cles-en-main\/#primaryimage"},"image":{"@id":"https:\/\/www.babcock-wanson.com\/fr\/produits\/solutions-cles-en-main\/#primaryimage"},"thumbnailUrl":"https:\/\/www.babcock-wanson.com\/wp-content\/uploads\/2019\/02\/LNTA-TA-4.jpg","datePublished":"2020-02-08T22:11:49+00:00","dateModified":"2022-01-06T13:44:27+00:00","description":"Si vous avez un projet de chaufferie ou de chauffage industriel qui n\u00e9cessite une solution cl\u00e9s en main, visitez notre site web pour trouver la solution qu'il vous faut","breadcrumb":{"@id":"https:\/\/www.babcock-wanson.com\/fr\/produits\/solutions-cles-en-main\/#breadcrumb"},"inLanguage":"fr-FR","potentialAction":[{"@type":"ReadAction","target":["https:\/\/www.babcock-wanson.com\/fr\/produits\/solutions-cles-en-main\/"]}]},{"@type":"ImageObject","inLanguage":"fr-FR","@id":"https:\/\/www.babcock-wanson.com\/fr\/produits\/solutions-cles-en-main\/#primaryimage","url":"https:\/\/www.babcock-wanson.com\/wp-content\/uploads\/2019\/02\/LNTA-TA-4.jpg","contentUrl":"https:\/\/www.babcock-wanson.com\/wp-content\/uploads\/2019\/02\/LNTA-TA-4.jpg"},{"@type":"BreadcrumbList","@id":"https:\/\/www.babcock-wanson.com\/fr\/produits\/solutions-cles-en-main\/#breadcrumb","itemListElement":[{"@type":"ListItem","position":1,"name":"Accueil","item":"https:\/\/www.babcock-wanson.com\/fr\/"},{"@type":"ListItem","position":2,"name":"Nos Produits","item":"https:\/\/www.babcock-wanson.com\/fr\/produits\/"},{"@type":"ListItem","position":3,"name":"Solutions cl\u00e9s en main"}]},{"@type":"WebSite","@id":"https:\/\/www.babcock-wanson.com\/fr\/#website","url":"https:\/\/www.babcock-wanson.com\/fr\/","name":"Babcock Wanson","description":"","publisher":{"@id":"https:\/\/www.babcock-wanson.com\/fr\/#organization"},"potentialAction":[{"@type":"SearchAction","target":{"@type":"EntryPoint","urlTemplate":"https:\/\/www.babcock-wanson.com\/fr\/?s={search_term_string}"},"query-input":{"@type":"PropertyValueSpecification","valueRequired":true,"valueName":"search_term_string"}}],"inLanguage":"fr-FR"},{"@type":"Organization","@id":"https:\/\/www.babcock-wanson.com\/fr\/#organization","name":"Babcock Wanson","url":"https:\/\/www.babcock-wanson.com\/fr\/","logo":{"@type":"ImageObject","inLanguage":"fr-FR","@id":"https:\/\/www.babcock-wanson.com\/fr\/#\/schema\/logo\/image\/","url":"https:\/\/www.babcock-wanson.com\/wp-content\/uploads\/2024\/02\/Babcock-Wanson-1200x1200-1.png","contentUrl":"https:\/\/www.babcock-wanson.com\/wp-content\/uploads\/2024\/02\/Babcock-Wanson-1200x1200-1.png","width":1200,"height":1200,"caption":"Babcock Wanson"},"image":{"@id":"https:\/\/www.babcock-wanson.com\/fr\/#\/schema\/logo\/image\/"},"sameAs":["https:\/\/www.linkedin.com\/company\/babcock-wanson\/","https:\/\/www.youtube.com\/channel\/UCtxl25VieBBsP2kYmtlyv7A"]}]}},"jetpack_sharing_enabled":true,"_links":{"self":[{"href":"https:\/\/www.babcock-wanson.com\/fr\/wp-json\/wp\/v2\/pages\/23244","targetHints":{"allow":["GET"]}}],"collection":[{"href":"https:\/\/www.babcock-wanson.com\/fr\/wp-json\/wp\/v2\/pages"}],"about":[{"href":"https:\/\/www.babcock-wanson.com\/fr\/wp-json\/wp\/v2\/types\/page"}],"author":[{"embeddable":true,"href":"https:\/\/www.babcock-wanson.com\/fr\/wp-json\/wp\/v2\/users\/1"}],"replies":[{"embeddable":true,"href":"https:\/\/www.babcock-wanson.com\/fr\/wp-json\/wp\/v2\/comments?post=23244"}],"version-history":[{"count":3,"href":"https:\/\/www.babcock-wanson.com\/fr\/wp-json\/wp\/v2\/pages\/23244\/revisions"}],"predecessor-version":[{"id":41491,"href":"https:\/\/www.babcock-wanson.com\/fr\/wp-json\/wp\/v2\/pages\/23244\/revisions\/41491"}],"up":[{"embeddable":true,"href":"https:\/\/www.babcock-wanson.com\/fr\/wp-json\/wp\/v2\/pages\/23221"}],"wp:attachment":[{"href":"https:\/\/www.babcock-wanson.com\/fr\/wp-json\/wp\/v2\/media?parent=23244"}],"curies":[{"name":"wp","href":"https:\/\/api.w.org\/{rel}","templated":true}]}}