{"id":23261,"date":"2020-02-08T23:19:55","date_gmt":"2020-02-08T23:19:55","guid":{"rendered":"https:\/\/www.babcock-wanson.com\/documentation\/reglementations\/modes-dexploitation\/"},"modified":"2021-08-30T16:14:51","modified_gmt":"2021-08-30T15:14:51","slug":"mode-dexploitation","status":"publish","type":"page","link":"https:\/\/www.babcock-wanson.com\/fr\/documentation\/reglementations\/mode-dexploitation\/","title":{"rendered":"Mode d&rsquo;exploitation"},"content":{"rendered":"<div class=\"vgblk-rw-wrapper limit-wrapper\"><h2>\n\t\t<strong>Modes d\u2019exploitation<\/strong>\n\t<\/h2>\n\t<p>Une chaufferie est g\u00e9n\u00e9ralement le point de d\u00e9part d\u2019un process industriel qui a besoin de chaleur pour fonctionner. Des exigences sp\u00e9cifiques s\u2019appliquent donc \u00e0 certaines caract\u00e9ristiques d\u2019une chaufferie industrielle, telles que la temp\u00e9rature, la pression, l\u2019apport d\u2019\u00e9nergie, les limites d\u2019\u00e9missions de particules et de gaz, etc. Ces conditions doivent \u00eatre mesur\u00e9es pour s\u2019assurer que le rendement et la s\u00e9curit\u00e9 de la chaufferie sont conformes aux param\u00e8tres \u00e9tablis. Dans la plupart des pays, ces conditions sont p\u00e9riodiquement contr\u00f4l\u00e9es par les autorit\u00e9s publiques pour assurer la s\u00e9curit\u00e9 de l\u2019\u00e9quipement et de son fonctionnement.<\/p>\n<p>Par cons\u00e9quent, la surveillance des chaudi\u00e8res est essentielle et doit \u00eatre optimis\u00e9e afin de respecter les normes de s\u00e9curit\u00e9, de maintenir un fonctionnement fiable, de r\u00e9duire les co\u00fbts d\u2019exploitation et d\u2019am\u00e9liorer leurs performances globales.<\/p>\n<p>Babcock Wanson m\u00e8ne continuellement des activit\u00e9s de recherche et de d\u00e9veloppement pour mettre au point des modes d\u2019exploitation qui r\u00e9pondent aux besoins de nos clients. Babcock Wanson a d\u00e9velopp\u00e9 un ensemble de principes de surveillance et de r\u00e9gulation couvrant tous les \u00e9quipements de la chaufferie, y compris le br\u00fbleur, la chaudi\u00e8re, les \u00e9missions de gaz et le <a href=\"https:\/\/www.babcock-wanson.com\/fr\/categorie-produit\/traitement-de-leau\/\" rel=\"noopener\" target=\"_blank\">traitement de l\u2019eau<\/a>. Les modes d\u2019exploitation de Babcock Wanson peuvent \u00e9galement permettre une surveillance en temps r\u00e9el et la consignation des donn\u00e9es de tous les param\u00e8tres pertinents de la chaudi\u00e8re \u00e0 l\u2019aide de notre Module d\u2019Assistance \u00e0 l\u2019Exploitation (MAE).<\/p>\n<h3>Modes d\u2019exploitation exclusifs Babcock Wanson<\/h3>\n<ul>\n<li>BW 72H : c\u2019est le premier mode op\u00e9ratoire mis en place par Babcock Wanson, avec des tests tous les 3 jours.<\/li>\n<li>BW 3 JOURS, une \u00e9volution du syst\u00e8me d\u2019exploitation BW 72H, d\u00e9velopp\u00e9 pour surpasser des exigences locales sp\u00e9cifiques.<\/li>\n<li>BW 7 JOURS, une nouvelle \u00e9volution du syst\u00e8me BW 3 JOURS, pour permettre une exploitation sans surveillance pendant jusqu\u2019\u00e0 7 jours.<\/li>\n<li>BW720 : Ce mode d\u2019exploitation permet le fonctionnement continu sans surveillance de la chaudi\u00e8re \u00e0 vapeur pendant 720 heures, c.-\u00e0-d. jusqu\u2019\u00e0 30 jours ; Ceci a \u00e9t\u00e9 d\u00e9velopp\u00e9 conform\u00e9ment \u00e0 la norme internationale EN-12953 et est d\u00e9j\u00e0 op\u00e9rationnel dans une grande vari\u00e9t\u00e9 d\u2019industries.<\/li>\n<\/ul>\n<h3>Avantages des modes d\u2019exploitation exclusifs Babcock Wanson<\/h3>\n<ul>\n<li>Fonctionnement simplifi\u00e9 avec maintenance programm\u00e9e pour r\u00e9pondre aux besoins de la chaudi\u00e8re.<\/li>\n<li>R\u00e9duction du r\u00e9gime d\u2019essai tout en maintenant un fonctionnement s\u00fbr et fiable.<\/li>\n<li>Possibilit\u00e9 d\u2019utiliser des outils de surveillance d\u00e9port\u00e9s.<\/li>\n<li>Disponibilit\u00e9 et fiabilit\u00e9 accrues.<\/li>\n<li>R\u00e9duction des co\u00fbts d\u2019exploitation.<\/li>\n<\/ul>\n<h2>\n\tBESOIN D\u2019AIDE?\n\t<\/h2>\n\t<h4 style=\"text-align: center\">Pour obtenir de l\u2019aide, contactez <a href=\"https:\/\/www.babcock-wanson.com\/fr\/nous-contacter\/emplacements-mondiaux\/\">l\u2019agence Babcock Wanson<\/a> la plus proche de chez vous.<\/h4>\n<h2>\n\tNotre <b> expertise <\/b>\n\t<\/h2>\n\t\t\tCOMMERCIALE\n\t\t\nNos conseillers techniques guident le client tout au long du processus de sp\u00e9cification et d\u2019achat. Notre \u00e9quipe de vente veille \u00e0 ce que chaque projet se d\u00e9roule sans probl\u00e8me, de la sp\u00e9cification jusqu\u2019\u00e0 la livraison et la mise en service.\n\n\n<strong>Babcock Wanson<\/strong> est reconnue pour ses solutions de chaufferie industrielle, de la fabrication jusqu\u2019\u00e0 l\u2019entretien et l\u2019assistance \u00e0 l\u2019exploitation.\n\n\n<strong>Babcock Wanson<\/strong> tire son succ\u00e8s de sa capacit\u00e9 \u00e0 proposer une gamme compl\u00e8te de <a href=\"https:\/\/www.babcock-wanson.com\/fr\/produits\/\">produits<\/a> et <a href=\"https:\/\/www.babcock-wanson.com\/fr\/nos-services\/\">services<\/a> pour les chaudi\u00e8res et chauffages des proc\u00e9d\u00e9s, tous adapt\u00e9s aux besoins individuels des clients.\n\n\nTous les produits fournis par <strong>Babcock Wanson<\/strong> sont enti\u00e8rement pris en charge, notamment gr\u00e2ce aux contrats de service et de maintenance sur mesure.\n\n\nEn plus d&rsquo;une gamme de produits de qualit\u00e9, <strong>Babcock Wanson Fournit \u00e9galement des solutions cl\u00e9 en main. Nous avons l&rsquo;expertise et l&rsquo;exp\u00e9rience pour personnaliser nos produits et nos syst\u00e8mes afin de d\u00e9velopper des solutions innovantes.<\/strong>\n\n\t\t\tTECHNIQUE\n\t\t\nNous sommes fiers d\u2019\u00eatre l\u2019un des principaux fournisseurs mondiaux d\u2019\u00e9quipements de chauffage industriel. Nous offrons \u00e0 nos clients industriels :\n\n<ul>\n<li> Efficacit\u00e9 \u00e9nerg\u00e9tique et performances environnementales<\/li>\n<li>Une gamme de produits \u00e0 l\u2019avant-garde de l\u2019innovation<\/li>\n<li>La force d\u2019un r\u00e9seau international, soutenu par un service local<\/li>\n<li>Une gamme exceptionnellement large de solutions de chauffage pour r\u00e9pondre aux besoins des clients<\/li>\n<li>Plus d\u2019un si\u00e8cle d\u2019expertise et d\u2019exp\u00e9rience en ing\u00e9nierie<\/li>\n<li>Solutions sur mesure, du produit aux contrats de service et de maintenance<\/li>\n<li>Assistance apr\u00e8s-vente compl\u00e8te<\/li>\n<li>Une approche ax\u00e9e sur les solutions<\/li>\n<li>Des milliers d\u2019installations et des clients satisfaits<\/li>\n<\/ul>\n\t\t\tIMPLANTATION\n\t\t<p>Depuis <a href=\"https:\/\/www.babcock-wanson.com\/fr\/qui-sommes-nous\/notre-histoire\/\">ses d\u00e9buts \u00e0 la fin du 19e si\u00e8cle<\/a>, <strong>Babcock Wanson<\/strong> s\u2019est impos\u00e9 comme un fournisseur international majeur d\u2019\u00e9quipements et de solutions de chauffage industriel.<\/p>\n<ul>\n<li>Une organisation internationale avec huit soci\u00e9t\u00e9s op\u00e9rant en Europe et dans le monde<\/li>\n<li>Deux usines principales en Europe, ainsi que d\u2019autres installations d\u2019ing\u00e9nierie et d\u2019assemblage<\/li>\n<li>Plus de 600 employ\u00e9s, dont plus de la moiti\u00e9 sont d\u00e9di\u00e9s \u00e0 la maintenance et au service apr\u00e8s-vente<\/li>\n<li>Un r\u00e9seau mondial de partenaires commerciaux et techniques<\/li>\n<li>Plus de 300 techniciens de maintenance \u00e0 travers l\u2019Europe<\/li>\n<\/ul>\n<h4>\n\t\tPolitique d\u2019innovation\n\t<\/h4>\n<h2>\n\t\tEngagement <strong>\u00e9co-responsable<\/strong>\n\t<\/h2>\n\t<p>En tant qu\u2019acteur de la transition \u00e9nerg\u00e9tique, <strong>Babcock Wanson<\/strong> s\u2019engage sur le long terme pour une industrie \u00e9co-responsable et durable.<\/p>\n\t\t\t<a href=\"https:\/\/www.babcock-wanson.com\/fr\/qui-sommes-nous\/developpement-durable\/\" target=\"_self\" role=\"button\" rel=\"noopener\">\n\t\t\t\t\t\t\tEn savoir plus\n\t\t\t<\/a>\n<h2>\n\t\u00catre <b>rappel\u00e9 &#8230; <\/b>\n\t<\/h2>\n<h4>\n\tLa conception de nos produits et l\u2019organisation de nos services sont pens\u00e9es pour r\u00e9pondre aux besoins de nos clients.\n\t<\/h4>\n    Remarque \u2013 JavaScript est requis pour ce contenu.\n        <!-- TODO: Move to Template File. -->\n        <\/div><!-- .vgblk-rw-wrapper -->","protected":false},"excerpt":{"rendered":"<p>Modes d\u2019exploitation Une chaufferie est g\u00e9n\u00e9ralement le point de d\u00e9part d\u2019un process industriel qui a besoin de chaleur pour fonctionner. Des exigences sp\u00e9cifiques s\u2019appliquent donc \u00e0 certaines caract\u00e9ristiques d\u2019une chaufferie industrielle, telles que la temp\u00e9rature, la pression, l\u2019apport d\u2019\u00e9nergie, les limites d\u2019\u00e9missions de particules et de gaz, etc. Ces conditions doivent \u00eatre mesur\u00e9es pour s\u2019assurer&#8230;<\/p>\n","protected":false},"author":1,"featured_media":0,"parent":23259,"menu_order":0,"comment_status":"closed","ping_status":"closed","template":"","meta":{"_acf_changed":false,"_relevanssi_hide_post":"","_relevanssi_hide_content":"","_relevanssi_pin_for_all":"","_relevanssi_pin_keywords":"","_relevanssi_unpin_keywords":"","_relevanssi_related_keywords":"","_relevanssi_related_include_ids":"","_relevanssi_related_exclude_ids":"","_relevanssi_related_no_append":"","_relevanssi_related_not_related":"","_relevanssi_related_posts":"","_relevanssi_noindex_reason":"","footnotes":""},"class_list":["post-23261","page","type-page","status-publish","hentry"],"acf":[],"yoast_head":"<!-- This site is optimized with the Yoast SEO Premium plugin v27.4 (Yoast SEO v27.4) - https:\/\/yoast.com\/product\/yoast-seo-premium-wordpress\/ -->\n<title>Mode d&#039;exploitation - Babcock Wanson<\/title>\n<meta name=\"description\" content=\"Babcock Wanson entreprend une recherche et un d\u00e9veloppement continus afin de cr\u00e9er des modes de fonctionnement des chaudi\u00e8res qui r\u00e9pondent aux besoins vari\u00e9s de nos clients.\" \/>\n<meta name=\"robots\" content=\"index, follow, max-snippet:-1, max-image-preview:large, max-video-preview:-1\" \/>\n<link rel=\"canonical\" href=\"https:\/\/www.babcock-wanson.com\/fr\/documentation\/reglementations\/mode-dexploitation\/\" \/>\n<meta property=\"og:locale\" content=\"fr_FR\" \/>\n<meta property=\"og:type\" content=\"article\" \/>\n<meta property=\"og:title\" content=\"Mode d&#039;exploitation\" \/>\n<meta property=\"og:description\" content=\"Babcock Wanson entreprend une recherche et un d\u00e9veloppement continus afin de cr\u00e9er des modes de fonctionnement des chaudi\u00e8res qui r\u00e9pondent aux besoins vari\u00e9s de nos clients.\" \/>\n<meta property=\"og:url\" content=\"https:\/\/www.babcock-wanson.com\/fr\/documentation\/reglementations\/mode-dexploitation\/\" \/>\n<meta property=\"og:site_name\" content=\"Babcock Wanson\" \/>\n<meta property=\"article:modified_time\" content=\"2021-08-30T15:14:51+00:00\" \/>\n<meta property=\"og:image\" content=\"https:\/\/www.babcock-wanson.com\/wp-content\/uploads\/2024\/02\/Babcock-Wanson-1200x1200-1.png\" \/>\n\t<meta property=\"og:image:width\" content=\"1200\" \/>\n\t<meta property=\"og:image:height\" content=\"1200\" \/>\n\t<meta property=\"og:image:type\" content=\"image\/png\" \/>\n<meta name=\"twitter:card\" content=\"summary_large_image\" \/>\n<meta name=\"twitter:label1\" content=\"Est. reading time\" \/>\n\t<meta name=\"twitter:data1\" content=\"4 minutes\" \/>\n<script type=\"application\/ld+json\" class=\"yoast-schema-graph\">{\"@context\":\"https:\\\/\\\/schema.org\",\"@graph\":[{\"@type\":\"WebPage\",\"@id\":\"https:\\\/\\\/www.babcock-wanson.com\\\/fr\\\/documentation\\\/reglementations\\\/mode-dexploitation\\\/\",\"url\":\"https:\\\/\\\/www.babcock-wanson.com\\\/fr\\\/documentation\\\/reglementations\\\/mode-dexploitation\\\/\",\"name\":\"Mode d'exploitation - Babcock Wanson\",\"isPartOf\":{\"@id\":\"https:\\\/\\\/www.babcock-wanson.com\\\/fr\\\/#website\"},\"datePublished\":\"2020-02-08T23:19:55+00:00\",\"dateModified\":\"2021-08-30T15:14:51+00:00\",\"description\":\"Babcock Wanson entreprend une recherche et un d\u00e9veloppement continus afin de cr\u00e9er des modes de fonctionnement des chaudi\u00e8res qui r\u00e9pondent aux besoins vari\u00e9s de nos clients.\",\"breadcrumb\":{\"@id\":\"https:\\\/\\\/www.babcock-wanson.com\\\/fr\\\/documentation\\\/reglementations\\\/mode-dexploitation\\\/#breadcrumb\"},\"inLanguage\":\"fr-FR\",\"potentialAction\":[{\"@type\":\"ReadAction\",\"target\":[\"https:\\\/\\\/www.babcock-wanson.com\\\/fr\\\/documentation\\\/reglementations\\\/mode-dexploitation\\\/\"]}]},{\"@type\":\"BreadcrumbList\",\"@id\":\"https:\\\/\\\/www.babcock-wanson.com\\\/fr\\\/documentation\\\/reglementations\\\/mode-dexploitation\\\/#breadcrumb\",\"itemListElement\":[{\"@type\":\"ListItem\",\"position\":1,\"name\":\"Accueil\",\"item\":\"https:\\\/\\\/www.babcock-wanson.com\\\/fr\\\/\"},{\"@type\":\"ListItem\",\"position\":2,\"name\":\"Documentation\",\"item\":\"https:\\\/\\\/www.babcock-wanson.com\\\/fr\\\/documentation\\\/\"},{\"@type\":\"ListItem\",\"position\":3,\"name\":\"R\u00e8glementations\",\"item\":\"https:\\\/\\\/www.babcock-wanson.com\\\/fr\\\/documentation\\\/reglementations\\\/\"},{\"@type\":\"ListItem\",\"position\":4,\"name\":\"Mode d&rsquo;exploitation\"}]},{\"@type\":\"WebSite\",\"@id\":\"https:\\\/\\\/www.babcock-wanson.com\\\/fr\\\/#website\",\"url\":\"https:\\\/\\\/www.babcock-wanson.com\\\/fr\\\/\",\"name\":\"Babcock Wanson\",\"description\":\"\",\"publisher\":{\"@id\":\"https:\\\/\\\/www.babcock-wanson.com\\\/fr\\\/#organization\"},\"potentialAction\":[{\"@type\":\"SearchAction\",\"target\":{\"@type\":\"EntryPoint\",\"urlTemplate\":\"https:\\\/\\\/www.babcock-wanson.com\\\/fr\\\/?s={search_term_string}\"},\"query-input\":{\"@type\":\"PropertyValueSpecification\",\"valueRequired\":true,\"valueName\":\"search_term_string\"}}],\"inLanguage\":\"fr-FR\"},{\"@type\":\"Organization\",\"@id\":\"https:\\\/\\\/www.babcock-wanson.com\\\/fr\\\/#organization\",\"name\":\"Babcock Wanson\",\"url\":\"https:\\\/\\\/www.babcock-wanson.com\\\/fr\\\/\",\"logo\":{\"@type\":\"ImageObject\",\"inLanguage\":\"fr-FR\",\"@id\":\"https:\\\/\\\/www.babcock-wanson.com\\\/fr\\\/#\\\/schema\\\/logo\\\/image\\\/\",\"url\":\"https:\\\/\\\/www.babcock-wanson.com\\\/wp-content\\\/uploads\\\/2024\\\/02\\\/Babcock-Wanson-1200x1200-1.png\",\"contentUrl\":\"https:\\\/\\\/www.babcock-wanson.com\\\/wp-content\\\/uploads\\\/2024\\\/02\\\/Babcock-Wanson-1200x1200-1.png\",\"width\":1200,\"height\":1200,\"caption\":\"Babcock Wanson\"},\"image\":{\"@id\":\"https:\\\/\\\/www.babcock-wanson.com\\\/fr\\\/#\\\/schema\\\/logo\\\/image\\\/\"},\"sameAs\":[\"https:\\\/\\\/www.linkedin.com\\\/company\\\/babcock-wanson\\\/\",\"https:\\\/\\\/www.youtube.com\\\/channel\\\/UCtxl25VieBBsP2kYmtlyv7A\"]}]}<\/script>\n<!-- \/ Yoast SEO Premium plugin. -->","yoast_head_json":{"title":"Mode d'exploitation - Babcock Wanson","description":"Babcock Wanson entreprend une recherche et un d\u00e9veloppement continus afin de cr\u00e9er des modes de fonctionnement des chaudi\u00e8res qui r\u00e9pondent aux besoins vari\u00e9s de nos clients.","robots":{"index":"index","follow":"follow","max-snippet":"max-snippet:-1","max-image-preview":"max-image-preview:large","max-video-preview":"max-video-preview:-1"},"canonical":"https:\/\/www.babcock-wanson.com\/fr\/documentation\/reglementations\/mode-dexploitation\/","og_locale":"fr_FR","og_type":"article","og_title":"Mode d'exploitation","og_description":"Babcock Wanson entreprend une recherche et un d\u00e9veloppement continus afin de cr\u00e9er des modes de fonctionnement des chaudi\u00e8res qui r\u00e9pondent aux besoins vari\u00e9s de nos clients.","og_url":"https:\/\/www.babcock-wanson.com\/fr\/documentation\/reglementations\/mode-dexploitation\/","og_site_name":"Babcock Wanson","article_modified_time":"2021-08-30T15:14:51+00:00","og_image":[{"width":1200,"height":1200,"url":"https:\/\/www.babcock-wanson.com\/wp-content\/uploads\/2024\/02\/Babcock-Wanson-1200x1200-1.png","type":"image\/png"}],"twitter_card":"summary_large_image","twitter_misc":{"Est. reading time":"4 minutes"},"schema":{"@context":"https:\/\/schema.org","@graph":[{"@type":"WebPage","@id":"https:\/\/www.babcock-wanson.com\/fr\/documentation\/reglementations\/mode-dexploitation\/","url":"https:\/\/www.babcock-wanson.com\/fr\/documentation\/reglementations\/mode-dexploitation\/","name":"Mode d'exploitation - Babcock Wanson","isPartOf":{"@id":"https:\/\/www.babcock-wanson.com\/fr\/#website"},"datePublished":"2020-02-08T23:19:55+00:00","dateModified":"2021-08-30T15:14:51+00:00","description":"Babcock Wanson entreprend une recherche et un d\u00e9veloppement continus afin de cr\u00e9er des modes de fonctionnement des chaudi\u00e8res qui r\u00e9pondent aux besoins vari\u00e9s de nos clients.","breadcrumb":{"@id":"https:\/\/www.babcock-wanson.com\/fr\/documentation\/reglementations\/mode-dexploitation\/#breadcrumb"},"inLanguage":"fr-FR","potentialAction":[{"@type":"ReadAction","target":["https:\/\/www.babcock-wanson.com\/fr\/documentation\/reglementations\/mode-dexploitation\/"]}]},{"@type":"BreadcrumbList","@id":"https:\/\/www.babcock-wanson.com\/fr\/documentation\/reglementations\/mode-dexploitation\/#breadcrumb","itemListElement":[{"@type":"ListItem","position":1,"name":"Accueil","item":"https:\/\/www.babcock-wanson.com\/fr\/"},{"@type":"ListItem","position":2,"name":"Documentation","item":"https:\/\/www.babcock-wanson.com\/fr\/documentation\/"},{"@type":"ListItem","position":3,"name":"R\u00e8glementations","item":"https:\/\/www.babcock-wanson.com\/fr\/documentation\/reglementations\/"},{"@type":"ListItem","position":4,"name":"Mode d&rsquo;exploitation"}]},{"@type":"WebSite","@id":"https:\/\/www.babcock-wanson.com\/fr\/#website","url":"https:\/\/www.babcock-wanson.com\/fr\/","name":"Babcock Wanson","description":"","publisher":{"@id":"https:\/\/www.babcock-wanson.com\/fr\/#organization"},"potentialAction":[{"@type":"SearchAction","target":{"@type":"EntryPoint","urlTemplate":"https:\/\/www.babcock-wanson.com\/fr\/?s={search_term_string}"},"query-input":{"@type":"PropertyValueSpecification","valueRequired":true,"valueName":"search_term_string"}}],"inLanguage":"fr-FR"},{"@type":"Organization","@id":"https:\/\/www.babcock-wanson.com\/fr\/#organization","name":"Babcock Wanson","url":"https:\/\/www.babcock-wanson.com\/fr\/","logo":{"@type":"ImageObject","inLanguage":"fr-FR","@id":"https:\/\/www.babcock-wanson.com\/fr\/#\/schema\/logo\/image\/","url":"https:\/\/www.babcock-wanson.com\/wp-content\/uploads\/2024\/02\/Babcock-Wanson-1200x1200-1.png","contentUrl":"https:\/\/www.babcock-wanson.com\/wp-content\/uploads\/2024\/02\/Babcock-Wanson-1200x1200-1.png","width":1200,"height":1200,"caption":"Babcock Wanson"},"image":{"@id":"https:\/\/www.babcock-wanson.com\/fr\/#\/schema\/logo\/image\/"},"sameAs":["https:\/\/www.linkedin.com\/company\/babcock-wanson\/","https:\/\/www.youtube.com\/channel\/UCtxl25VieBBsP2kYmtlyv7A"]}]}},"jetpack_sharing_enabled":true,"_links":{"self":[{"href":"https:\/\/www.babcock-wanson.com\/fr\/wp-json\/wp\/v2\/pages\/23261","targetHints":{"allow":["GET"]}}],"collection":[{"href":"https:\/\/www.babcock-wanson.com\/fr\/wp-json\/wp\/v2\/pages"}],"about":[{"href":"https:\/\/www.babcock-wanson.com\/fr\/wp-json\/wp\/v2\/types\/page"}],"author":[{"embeddable":true,"href":"https:\/\/www.babcock-wanson.com\/fr\/wp-json\/wp\/v2\/users\/1"}],"replies":[{"embeddable":true,"href":"https:\/\/www.babcock-wanson.com\/fr\/wp-json\/wp\/v2\/comments?post=23261"}],"version-history":[{"count":3,"href":"https:\/\/www.babcock-wanson.com\/fr\/wp-json\/wp\/v2\/pages\/23261\/revisions"}],"predecessor-version":[{"id":39884,"href":"https:\/\/www.babcock-wanson.com\/fr\/wp-json\/wp\/v2\/pages\/23261\/revisions\/39884"}],"up":[{"embeddable":true,"href":"https:\/\/www.babcock-wanson.com\/fr\/wp-json\/wp\/v2\/pages\/23259"}],"wp:attachment":[{"href":"https:\/\/www.babcock-wanson.com\/fr\/wp-json\/wp\/v2\/media?parent=23261"}],"curies":[{"name":"wp","href":"https:\/\/api.w.org\/{rel}","templated":true}]}}