{"id":23262,"date":"2020-02-08T23:23:07","date_gmt":"2020-02-08T23:23:07","guid":{"rendered":"https:\/\/www.babcock-wanson.com\/documentation\/reglementations\/controle-periodiques-des-performances\/"},"modified":"2020-09-24T11:33:36","modified_gmt":"2020-09-24T10:33:36","slug":"controle-periodiques-des-performances","status":"publish","type":"page","link":"https:\/\/www.babcock-wanson.com\/fr\/documentation\/reglementations\/controle-periodiques-des-performances\/","title":{"rendered":"Contr\u00f4le p\u00e9riodiques des performances"},"content":{"rendered":"","protected":false},"excerpt":{"rendered":"","protected":false},"author":1,"featured_media":0,"parent":23259,"menu_order":0,"comment_status":"closed","ping_status":"closed","template":"","meta":{"_acf_changed":false,"_relevanssi_hide_post":"","_relevanssi_hide_content":"","_relevanssi_pin_for_all":"","_relevanssi_pin_keywords":"","_relevanssi_unpin_keywords":"","_relevanssi_related_keywords":"","_relevanssi_related_include_ids":"","_relevanssi_related_exclude_ids":"","_relevanssi_related_no_append":"","_relevanssi_related_not_related":"","_relevanssi_related_posts":"","_relevanssi_noindex_reason":"","footnotes":""},"class_list":["post-23262","page","type-page","status-publish","hentry"],"acf":[],"yoast_head":"<!-- This site is optimized with the Yoast SEO Premium plugin v27.4 (Yoast SEO v27.4) - https:\/\/yoast.com\/product\/yoast-seo-premium-wordpress\/ -->\n<title>Contr\u00f4le p\u00e9riodiques des performances - Babcock Wanson<\/title>\n<meta name=\"description\" content=\"Les installations de combustion industrielles ont une empreinte \u00e9cologique importante. Nos chaudi\u00e8res sont con\u00e7ues pour permettre un contr\u00f4le des performances en fonction de la r\u00e9glementation\" \/>\n<meta name=\"robots\" content=\"index, follow, max-snippet:-1, max-image-preview:large, max-video-preview:-1\" \/>\n<link rel=\"canonical\" href=\"https:\/\/www.babcock-wanson.com\/fr\/documentation\/reglementations\/controle-periodiques-des-performances\/\" \/>\n<meta property=\"og:locale\" content=\"fr_FR\" \/>\n<meta property=\"og:type\" content=\"article\" \/>\n<meta property=\"og:title\" content=\"Contr\u00f4le p\u00e9riodiques des performances\" \/>\n<meta property=\"og:description\" content=\"Les installations de combustion industrielles ont une empreinte \u00e9cologique importante. Nos chaudi\u00e8res sont con\u00e7ues pour permettre un contr\u00f4le des performances en fonction de la r\u00e9glementation\" \/>\n<meta property=\"og:url\" content=\"https:\/\/www.babcock-wanson.com\/fr\/documentation\/reglementations\/controle-periodiques-des-performances\/\" \/>\n<meta property=\"og:site_name\" content=\"Babcock Wanson\" \/>\n<meta property=\"article:modified_time\" content=\"2020-09-24T10:33:36+00:00\" \/>\n<meta property=\"og:image\" content=\"https:\/\/www.babcock-wanson.com\/wp-content\/uploads\/2024\/02\/Babcock-Wanson-1200x1200-1.png\" \/>\n\t<meta property=\"og:image:width\" content=\"1200\" \/>\n\t<meta property=\"og:image:height\" content=\"1200\" \/>\n\t<meta property=\"og:image:type\" content=\"image\/png\" \/>\n<meta name=\"twitter:card\" content=\"summary_large_image\" \/>\n<script type=\"application\/ld+json\" class=\"yoast-schema-graph\">{\"@context\":\"https:\\\/\\\/schema.org\",\"@graph\":[{\"@type\":\"WebPage\",\"@id\":\"https:\\\/\\\/www.babcock-wanson.com\\\/fr\\\/documentation\\\/reglementations\\\/controle-periodiques-des-performances\\\/\",\"url\":\"https:\\\/\\\/www.babcock-wanson.com\\\/fr\\\/documentation\\\/reglementations\\\/controle-periodiques-des-performances\\\/\",\"name\":\"Contr\u00f4le p\u00e9riodiques des performances - Babcock Wanson\",\"isPartOf\":{\"@id\":\"https:\\\/\\\/www.babcock-wanson.com\\\/fr\\\/#website\"},\"datePublished\":\"2020-02-08T23:23:07+00:00\",\"dateModified\":\"2020-09-24T10:33:36+00:00\",\"description\":\"Les installations de combustion industrielles ont une empreinte \u00e9cologique importante. Nos chaudi\u00e8res sont con\u00e7ues pour permettre un contr\u00f4le des performances en fonction de la r\u00e9glementation\",\"breadcrumb\":{\"@id\":\"https:\\\/\\\/www.babcock-wanson.com\\\/fr\\\/documentation\\\/reglementations\\\/controle-periodiques-des-performances\\\/#breadcrumb\"},\"inLanguage\":\"fr-FR\",\"potentialAction\":[{\"@type\":\"ReadAction\",\"target\":[\"https:\\\/\\\/www.babcock-wanson.com\\\/fr\\\/documentation\\\/reglementations\\\/controle-periodiques-des-performances\\\/\"]}]},{\"@type\":\"BreadcrumbList\",\"@id\":\"https:\\\/\\\/www.babcock-wanson.com\\\/fr\\\/documentation\\\/reglementations\\\/controle-periodiques-des-performances\\\/#breadcrumb\",\"itemListElement\":[{\"@type\":\"ListItem\",\"position\":1,\"name\":\"Accueil\",\"item\":\"https:\\\/\\\/www.babcock-wanson.com\\\/fr\\\/\"},{\"@type\":\"ListItem\",\"position\":2,\"name\":\"Documentation\",\"item\":\"https:\\\/\\\/www.babcock-wanson.com\\\/fr\\\/documentation\\\/\"},{\"@type\":\"ListItem\",\"position\":3,\"name\":\"R\u00e8glementations\",\"item\":\"https:\\\/\\\/www.babcock-wanson.com\\\/fr\\\/documentation\\\/reglementations\\\/\"},{\"@type\":\"ListItem\",\"position\":4,\"name\":\"Contr\u00f4le p\u00e9riodiques des performances\"}]},{\"@type\":\"WebSite\",\"@id\":\"https:\\\/\\\/www.babcock-wanson.com\\\/fr\\\/#website\",\"url\":\"https:\\\/\\\/www.babcock-wanson.com\\\/fr\\\/\",\"name\":\"Babcock Wanson\",\"description\":\"\",\"publisher\":{\"@id\":\"https:\\\/\\\/www.babcock-wanson.com\\\/fr\\\/#organization\"},\"potentialAction\":[{\"@type\":\"SearchAction\",\"target\":{\"@type\":\"EntryPoint\",\"urlTemplate\":\"https:\\\/\\\/www.babcock-wanson.com\\\/fr\\\/?s={search_term_string}\"},\"query-input\":{\"@type\":\"PropertyValueSpecification\",\"valueRequired\":true,\"valueName\":\"search_term_string\"}}],\"inLanguage\":\"fr-FR\"},{\"@type\":\"Organization\",\"@id\":\"https:\\\/\\\/www.babcock-wanson.com\\\/fr\\\/#organization\",\"name\":\"Babcock Wanson\",\"url\":\"https:\\\/\\\/www.babcock-wanson.com\\\/fr\\\/\",\"logo\":{\"@type\":\"ImageObject\",\"inLanguage\":\"fr-FR\",\"@id\":\"https:\\\/\\\/www.babcock-wanson.com\\\/fr\\\/#\\\/schema\\\/logo\\\/image\\\/\",\"url\":\"https:\\\/\\\/www.babcock-wanson.com\\\/wp-content\\\/uploads\\\/2024\\\/02\\\/Babcock-Wanson-1200x1200-1.png\",\"contentUrl\":\"https:\\\/\\\/www.babcock-wanson.com\\\/wp-content\\\/uploads\\\/2024\\\/02\\\/Babcock-Wanson-1200x1200-1.png\",\"width\":1200,\"height\":1200,\"caption\":\"Babcock Wanson\"},\"image\":{\"@id\":\"https:\\\/\\\/www.babcock-wanson.com\\\/fr\\\/#\\\/schema\\\/logo\\\/image\\\/\"},\"sameAs\":[\"https:\\\/\\\/www.linkedin.com\\\/company\\\/babcock-wanson\\\/\",\"https:\\\/\\\/www.youtube.com\\\/channel\\\/UCtxl25VieBBsP2kYmtlyv7A\"]}]}<\/script>\n<!-- \/ Yoast SEO Premium plugin. -->","yoast_head_json":{"title":"Contr\u00f4le p\u00e9riodiques des performances - Babcock Wanson","description":"Les installations de combustion industrielles ont une empreinte \u00e9cologique importante. Nos chaudi\u00e8res sont con\u00e7ues pour permettre un contr\u00f4le des performances en fonction de la r\u00e9glementation","robots":{"index":"index","follow":"follow","max-snippet":"max-snippet:-1","max-image-preview":"max-image-preview:large","max-video-preview":"max-video-preview:-1"},"canonical":"https:\/\/www.babcock-wanson.com\/fr\/documentation\/reglementations\/controle-periodiques-des-performances\/","og_locale":"fr_FR","og_type":"article","og_title":"Contr\u00f4le p\u00e9riodiques des performances","og_description":"Les installations de combustion industrielles ont une empreinte \u00e9cologique importante. Nos chaudi\u00e8res sont con\u00e7ues pour permettre un contr\u00f4le des performances en fonction de la r\u00e9glementation","og_url":"https:\/\/www.babcock-wanson.com\/fr\/documentation\/reglementations\/controle-periodiques-des-performances\/","og_site_name":"Babcock Wanson","article_modified_time":"2020-09-24T10:33:36+00:00","og_image":[{"width":1200,"height":1200,"url":"https:\/\/www.babcock-wanson.com\/wp-content\/uploads\/2024\/02\/Babcock-Wanson-1200x1200-1.png","type":"image\/png"}],"twitter_card":"summary_large_image","schema":{"@context":"https:\/\/schema.org","@graph":[{"@type":"WebPage","@id":"https:\/\/www.babcock-wanson.com\/fr\/documentation\/reglementations\/controle-periodiques-des-performances\/","url":"https:\/\/www.babcock-wanson.com\/fr\/documentation\/reglementations\/controle-periodiques-des-performances\/","name":"Contr\u00f4le p\u00e9riodiques des performances - Babcock Wanson","isPartOf":{"@id":"https:\/\/www.babcock-wanson.com\/fr\/#website"},"datePublished":"2020-02-08T23:23:07+00:00","dateModified":"2020-09-24T10:33:36+00:00","description":"Les installations de combustion industrielles ont une empreinte \u00e9cologique importante. Nos chaudi\u00e8res sont con\u00e7ues pour permettre un contr\u00f4le des performances en fonction de la r\u00e9glementation","breadcrumb":{"@id":"https:\/\/www.babcock-wanson.com\/fr\/documentation\/reglementations\/controle-periodiques-des-performances\/#breadcrumb"},"inLanguage":"fr-FR","potentialAction":[{"@type":"ReadAction","target":["https:\/\/www.babcock-wanson.com\/fr\/documentation\/reglementations\/controle-periodiques-des-performances\/"]}]},{"@type":"BreadcrumbList","@id":"https:\/\/www.babcock-wanson.com\/fr\/documentation\/reglementations\/controle-periodiques-des-performances\/#breadcrumb","itemListElement":[{"@type":"ListItem","position":1,"name":"Accueil","item":"https:\/\/www.babcock-wanson.com\/fr\/"},{"@type":"ListItem","position":2,"name":"Documentation","item":"https:\/\/www.babcock-wanson.com\/fr\/documentation\/"},{"@type":"ListItem","position":3,"name":"R\u00e8glementations","item":"https:\/\/www.babcock-wanson.com\/fr\/documentation\/reglementations\/"},{"@type":"ListItem","position":4,"name":"Contr\u00f4le p\u00e9riodiques des performances"}]},{"@type":"WebSite","@id":"https:\/\/www.babcock-wanson.com\/fr\/#website","url":"https:\/\/www.babcock-wanson.com\/fr\/","name":"Babcock Wanson","description":"","publisher":{"@id":"https:\/\/www.babcock-wanson.com\/fr\/#organization"},"potentialAction":[{"@type":"SearchAction","target":{"@type":"EntryPoint","urlTemplate":"https:\/\/www.babcock-wanson.com\/fr\/?s={search_term_string}"},"query-input":{"@type":"PropertyValueSpecification","valueRequired":true,"valueName":"search_term_string"}}],"inLanguage":"fr-FR"},{"@type":"Organization","@id":"https:\/\/www.babcock-wanson.com\/fr\/#organization","name":"Babcock Wanson","url":"https:\/\/www.babcock-wanson.com\/fr\/","logo":{"@type":"ImageObject","inLanguage":"fr-FR","@id":"https:\/\/www.babcock-wanson.com\/fr\/#\/schema\/logo\/image\/","url":"https:\/\/www.babcock-wanson.com\/wp-content\/uploads\/2024\/02\/Babcock-Wanson-1200x1200-1.png","contentUrl":"https:\/\/www.babcock-wanson.com\/wp-content\/uploads\/2024\/02\/Babcock-Wanson-1200x1200-1.png","width":1200,"height":1200,"caption":"Babcock Wanson"},"image":{"@id":"https:\/\/www.babcock-wanson.com\/fr\/#\/schema\/logo\/image\/"},"sameAs":["https:\/\/www.linkedin.com\/company\/babcock-wanson\/","https:\/\/www.youtube.com\/channel\/UCtxl25VieBBsP2kYmtlyv7A"]}]}},"jetpack_sharing_enabled":true,"_links":{"self":[{"href":"https:\/\/www.babcock-wanson.com\/fr\/wp-json\/wp\/v2\/pages\/23262","targetHints":{"allow":["GET"]}}],"collection":[{"href":"https:\/\/www.babcock-wanson.com\/fr\/wp-json\/wp\/v2\/pages"}],"about":[{"href":"https:\/\/www.babcock-wanson.com\/fr\/wp-json\/wp\/v2\/types\/page"}],"author":[{"embeddable":true,"href":"https:\/\/www.babcock-wanson.com\/fr\/wp-json\/wp\/v2\/users\/1"}],"replies":[{"embeddable":true,"href":"https:\/\/www.babcock-wanson.com\/fr\/wp-json\/wp\/v2\/comments?post=23262"}],"version-history":[{"count":1,"href":"https:\/\/www.babcock-wanson.com\/fr\/wp-json\/wp\/v2\/pages\/23262\/revisions"}],"predecessor-version":[{"id":24534,"href":"https:\/\/www.babcock-wanson.com\/fr\/wp-json\/wp\/v2\/pages\/23262\/revisions\/24534"}],"up":[{"embeddable":true,"href":"https:\/\/www.babcock-wanson.com\/fr\/wp-json\/wp\/v2\/pages\/23259"}],"wp:attachment":[{"href":"https:\/\/www.babcock-wanson.com\/fr\/wp-json\/wp\/v2\/media?parent=23262"}],"curies":[{"name":"wp","href":"https:\/\/api.w.org\/{rel}","templated":true}]}}