{"id":23725,"date":"2020-02-12T14:25:01","date_gmt":"2020-02-12T14:25:01","guid":{"rendered":"https:\/\/www.babcock-wanson.com\/documentation\/espace-telechargement\/"},"modified":"2026-03-24T16:41:18","modified_gmt":"2026-03-24T16:41:18","slug":"espace-telechargement","status":"publish","type":"page","link":"https:\/\/www.babcock-wanson.com\/fr\/documentation\/espace-telechargement\/","title":{"rendered":"Espace T\u00e9l\u00e9chargement"},"content":{"rendered":"<div class=\"vgblk-rw-wrapper limit-wrapper\">\n\n\t<h2><strong>L&rsquo;engagement de Babcock Wanson<\/strong> envers la qualit\u00e9 s&rsquo;\u00e9tend bien au-del\u00e0 du produit.<\/h2>\n<h4>Notre gamme de services est con\u00e7ue pour vous garantir le meilleur service apr\u00e8s-vente possible, que vous ayez simplement besoin d&rsquo;une pi\u00e8ce de rechange, d&rsquo;un contrat de service de maintenance ou d&rsquo;une formation, jusqu&rsquo;\u00e0 une r\u00e9novation compl\u00e8te de la chaufferie.<\/h4>\n\t<h4>Notre objectif est de garantir que votre \u00e9quipement <strong>Babcock Wanson<\/strong> fonctionne aussi efficacement que possible le plus longtemps possible, avec un temps d&rsquo;arr\u00eat minimal.<\/h4>\n<h4>Nous avons une s\u00e9lection de nos brochures disponibles en t\u00e9l\u00e9chargement. Cliquez simplement sur le lien ci-dessous et t\u00e9l\u00e9chargez le PDF dont vous avez besoin.<\/h4>\n<h3>\n\tBrochures de produits\n\t<\/h3>\n\t<h4>La Solution Chaufferie <\/h4>\n<ul>\n<li><a href=\"https:\/\/www.babcock-wanson.com\/wp-content\/uploads\/2021\/10\/La_Solution_Chaufferie_FR_Aout_2021_issue_1.pdf\" target=\"_blank\" rel=\"noopener\">La Solution Chaufferie (PDF)<\/a><\/li>\n<\/ul>\n\t<h4>Chauffage de Proc\u00e9d\u00e9s et Locaux<\/h4>\n<ul>\n<li><a href=\"https:\/\/www.babcock-wanson.com\/wp-content\/uploads\/2020\/10\/Brochure_Chauffage-de-proc%C3%A9d%C3%A9s-et-Locaux.pdf\" target=\"_blank\" rel=\"noopener\">Chauffage de proc\u00e9d\u00e9s et locaux (PDF)<\/a><\/li>\n<\/ul>\n\t<h4>Chaudi\u00e8res Electriques Industrielles<\/h4>\n<ul>\n<li><a href=\"https:\/\/www.babcock-wanson.com\/wp-content\/uploads\/2021\/11\/Chaudieres-industrielles-electriques-e-Pack-Octobre-2021-Issue-2.pdf\" target=\"_blank\" rel=\"noopener\">Chaudi\u00e8res Electriques Industrielles e-Pack (PDF)<\/a><\/li>\n<li><a href=\"https:\/\/www.babcock-wanson.com\/wp-content\/uploads\/2024\/03\/Chaudieres-Electriques-LV-Pack-Mars-2024-Issue-2-Web.pdf\" target=\"_blank\" rel=\"noopener\">Chaudi\u00e8res Electriques Industrielles LV-Pack (PDF)<\/a><\/li>\n<li><a href=\"https:\/\/www.babcock-wanson.com\/wp-content\/uploads\/2020\/06\/Chaudi\u00e8re_\u00c9lectrique_VAP_EL-1.pdf\" target=\"_blank\" rel=\"noopener\">Chaudi\u00e8res Electriques Industrielles VAP EL (PDF)<\/a><\/li>\n<\/ul>\n\t<h4>Chaudi\u00e8res Fluide Thermique<\/h4>\n<ul>\n<li><a href=\"https:\/\/www.babcock-wanson.com\/wp-content\/uploads\/2021\/10\/Brochure-Solution-Fluide-thermique-Juillet-2021-issue1.pdf\" target=\"_blank\" rel=\"noopener\">Solutions Fluide Thermique (PDF)<\/a><\/li>\n<li><a href=\"https:\/\/www.babcock-wanson.com\/wp-content\/uploads\/2020\/02\/Chaudi%C3%A8re_Fluide_Thermique_TPC-B.pdf\" target=\"_blank\" rel=\"noopener\">Chaudi\u00e8re Fluide Thermique TPC-B (PDF)<\/a><\/li>\n<li><a href=\"https:\/\/www.babcock-wanson.com\/wp-content\/uploads\/2020\/02\/Chaudi%C3%A8re_Fluide_Thermique_EPC-ES_HRV.pdf\" target=\"_blank\" rel=\"noopener\">Chaudi\u00e8res Fluide Thermique EPC-ES (PDF)<\/a><\/li>\n<\/ul>\n\t<h4>Chaudi\u00e8res Serpentins<\/h4>\n<ul>\n<li><a href=\"https:\/\/www.babcock-wanson.com\/wp-content\/uploads\/2021\/03\/VAP_Premium_chaudiere_a_vaporisation_rapide.pdf\" target=\"_blank\" rel=\"noopener\">Chaudi\u00e8res Serpentins VAP Premium (PDF)<\/a><\/li>\n<li><a href=\"https:\/\/www.babcock-wanson.com\/wp-content\/uploads\/2021\/03\/VAP_RR_Chaudiere_a_vaporisation_rapide.pdf\" target=\"_blank\" rel=\"noopener\">Chaudi\u00e8res Serpentins VAP RR (PDF)<\/a><\/li>\n<li><a href=\"https:\/\/www.babcock-wanson.com\/wp-content\/uploads\/2023\/01\/E-VAP-FR-Decembre-2022-Issue-1.pdf\" target=\"_blank\" rel=\"noopener\">Chaudi\u00e8res Serpentins E-VAP (PDF)<\/a><\/li>\n<\/ul>\n\t<h4>Services<\/h4>\n<ul>\n<li><a href=\"https:\/\/www.babcock-wanson.com\/wp-content\/uploads\/2026\/03\/catalogue-formation-2026-web.pdf\" target=\"_blank\" rel=\"noopener\">Catalogue FORMATION 2026 (PDF)<\/a><\/li>\n<\/ul>\n\t<h4>Chaudi\u00e8res Tubes de Fum\u00e9es<\/h4>\n<ul>\n<li><a href=\"https:\/\/www.babcock-wanson.com\/wp-content\/uploads\/2020\/02\/Chaudieres_Tubes_de_Fumees_NBWB-aout-2021-issue-2.pdf\" target=\"_blank\" rel=\"noopener\">Chaudi\u00e8res Tubes de Fum\u00e9es NBWB (PDF)<\/a><\/li>\n<li><a href=\"https:\/\/www.babcock-wanson.com\/wp-content\/uploads\/2020\/02\/Chaudi\u00e8res_Tubes_de_Fum\u00e9es_BWR.pdf\" target=\"_blank\" rel=\"noopener\">Chaudi\u00e8res Tubes de Fum\u00e9es BWR (PDF)<\/a><\/li>\n<li><a href=\"https:\/\/www.babcock-wanson.com\/wp-content\/uploads\/2020\/02\/BWD-FRANCE-aout-2021-Issue-2-no-cropmarks.pdf\" target=\"_blank\" rel=\"noopener\">Chaudi\u00e8res Tubes de Fum\u00e9es BWD (PDF)<\/a><\/li>\n<li><a href=\"https:\/\/www.babcock-wanson.com\/wp-content\/uploads\/2020\/07\/chaudiere_tubes_de_fumees_STEAMPACK-REV2.pdf\">Chaudi\u00e8res Tubes de Fum\u00e9es SteamPack (PDF)<\/a><\/li>\n<li><a href=\"https:\/\/www.babcock-wanson.com\/wp-content\/uploads\/2021\/05\/Chaudieres_Tubes_de_Fumees_TwinPack_Mai-2021_Issue2-1.pdf\" target=\"_blank\" rel=\"noopener\">Chaudi\u00e8res Tubes de Fum\u00e9es TwinPack (PDF)<\/a><\/li>\n<li><a href=\"https:\/\/www.babcock-wanson.com\/wp-content\/uploads\/2023\/10\/Chaudiere-Tube-de-fumees-Powerpack-1.pdf\" target=\"_blank\" rel=\"noopener\">Chaudi\u00e8res Tubes de Fum\u00e9es PowerPack (PDF)<\/a><\/li>\n<\/ul>\n\t<h4>Br\u00fbleurs Industriels<\/h4>\n<ul>\n<li><a href=\"https:\/\/www.babcock-wanson.com\/wp-content\/uploads\/2022\/04\/Solutions-Combustion-FR-version-web.pdf\" target=\"_blank\" rel=\"noopener\">Solutions Combustion (PDF)<\/a><\/li>\n<\/ul>\n\t<h4>Oxydateurs Thermiques<\/h4>\n<ul>\n<li><a href=\"https:\/\/www.babcock-wanson.com\/wp-content\/uploads\/2023\/11\/Brochure-Oxydateurs-Jul-2023.pdf\" target=\"_blank\" rel=\"noopener\">Solutions Oxydation Thermique (PDF)<\/a><\/li>\n<\/ul>\n\t<h4>Traitement de l&rsquo;Eau<\/h4>\n<ul>\n<li><a href=\"https:\/\/www.babcock-wanson.com\/wp-content\/uploads\/2022\/09\/Brochure-Traitement-de-lEau-FR-Septembre-2022.pdf\" target=\"_blank\" rel=\"noopener\">Solutions Traitement de l&rsquo;Eau (PDF)<\/a><\/li>\n<li><a href=\"https:\/\/www.babcock-wanson.com\/wp-content\/uploads\/2021\/03\/Adoucisseur-ACS-issue-3-fevrier-2022.pdf\" target=\"_blank\" rel=\"noopener\">Adoucisseur Industriel (PDF)<\/a><\/li>\n<li><a href=\"https:\/\/www.babcock-wanson.com\/wp-content\/uploads\/2021\/03\/Traitement_Eau_BWO_Osmose_Inverse.pdf\" target=\"_blank\" rel=\"noopener\">Osmose Inverse BWO (PDF)<\/a><\/li>\n<li><a href=\"https:\/\/www.babcock-wanson.com\/wp-content\/uploads\/2021\/08\/Bache_Degazante_juillet_2021_issue2.pdf\" target=\"_blank\" rel=\"noopener\">B\u00e2che D\u00e9gazante (PDF)<\/a><\/li>\n<li><a href=\"https:\/\/www.babcock-wanson.com\/wp-content\/uploads\/2018\/09\/Brochure-Produits-Conditionnement-FR-avril-2024-issue-2-1.pdf\" target=\"_blank\" rel=\"noopener\">Produits de Conditionnement (PDF)<\/a><\/li>\n<li><a href=\"https:\/\/www.babcock-wanson.com\/wp-content\/uploads\/2021\/03\/Traitement_Eau_Filtration.pdf\" target=\"_blank\" rel=\"noopener\">Filtration (PDF)<\/a><\/li>\n<\/ul>\n<h5>\n\tMAIS AUSSI\n\t<\/h5>\n<h2>\n\t<strong>Services<\/strong> Suppl\u00e9mentaires<br \/>\n\t<\/h2>\n<h4>\n\t\t\t<a href=\"https:\/\/www.babcock-wanson.com\/fr\/nos-services\/location-de-chaudieres\/\" title=\"Location de chaudi\u00e8res\" target=\"_self\">\n\tLocation de chaudi\u00e8res\n\t\t\t<\/a>\n\t<\/h4>\n\t<p><strong>Babcock Wanson<\/strong> propose une large gamme de chaudi\u00e8res \u00e0 la location, apte \u00e0 r\u00e9pondre \u00e0 tous les besoins \u00e9nerg\u00e9tiques, quelle que soit la situation (urgence, arr\u00eat programm\u00e9, pic d&rsquo;activit\u00e9&#8230;).<\/p>\n\t<a href=\"https:\/\/www.babcock-wanson.com\/fr\/nos-services\/location-de-chaudieres\/\" target=\"_self\" role=\"button\">\n\t\t\t\t\tEn savoir plus\n\t<\/a>\n<h4>\n\t\t\t<a href=\"https:\/\/www.babcock-wanson.com\/fr\/nos-services\/formations-en-conduite-de-chaudiere\/\" title=\"Formation en conduite de chaufferie\" target=\"_self\">\n\tFormation en conduite de chaufferie\n\t\t\t<\/a>\n\t<\/h4>\n\t<p>Afin de tirer le meilleur parti des \u00e9quipements\u00a0<strong>Babcock Wanson<\/strong>, nous proposons un large \u00e9ventail de formations, flexibles et individualis\u00e9es, sur les chaudi\u00e8res industrielles.<\/p>\n\t<a href=\"https:\/\/www.babcock-wanson.com\/fr\/nos-services\/formations-en-conduite-de-chaudiere\/\" target=\"_self\" role=\"button\">\n\t\t\t\t\tEn savoir plus\n\t<\/a>\n<h4>\n\t\t\t<a href=\"https:\/\/www.babcock-wanson.com\/fr\/nos-services\/reparation-et-modernisation\/optimisation-de-chaufferie-industrielle\/\" title=\"Optimisation de chaufferies\" target=\"_self\">\n\tOptimisation de chaufferies\n\t\t\t<\/a>\n\t<\/h4>\n\t<p>Les experts <strong>Babcock Wanson<\/strong> sont en mesure de fournir un audit de la chaufferie et de pr\u00e9coniser des solutions permettant de maximiser les performances de l&rsquo;\u00e9quipement.<\/p>\n\t<a href=\"https:\/\/www.babcock-wanson.com\/fr\/nos-services\/reparation-et-modernisation\/optimisation-de-chaufferie-industrielle\/\" target=\"_self\" role=\"button\">\n\t\t\t\t\tEn savoir plus\n\t<\/a>\n<h4>\n\t\t\t<a href=\"https:\/\/www.babcock-wanson.com\/fr\/nous-contacter\/\" title=\"Besoin d&#039;aide?\" target=\"_self\">\n\tBesoin d&rsquo;aide?\n\t\t\t<\/a>\n\t<\/h4>\n\t<p>Pour obtenir de l&rsquo;aide, contactez <a href=\"https:\/\/www.babcock-wanson.com\/fr\/nous-contacter\/filiales-internationales\/\"> l&rsquo;agence Babcock Wanson le plus pr\u00e8s de chez vous<\/a>.<\/p>\n\t<a href=\"https:\/\/www.babcock-wanson.com\/fr\/nous-contacter\/nos-agences\/\" target=\"_self\" role=\"button\">\n\t\t\t\t\tEn savoir plus\n\t<\/a>\n<h2>\n\t\u00catre <b>rappel\u00e9 &#8230; <\/b>\n\t<\/h2>\n<h4>\n\tLa conception de nos produits et l&rsquo;organisation de nos services sont pens\u00e9es pour r\u00e9pondre aux besoins de nos clients.\n\t<\/h4>\n\tRemarque &#8211; JavaScript est requis pour ce contenu.\n        <!-- That data is being printed as a workaround to page builders reordering the order of the scripts loaded-->\n        \n<\/div><!-- .vgblk-rw-wrapper -->","protected":false},"excerpt":{"rendered":"<p>L&rsquo;engagement de Babcock Wanson envers la qualit\u00e9 s&rsquo;\u00e9tend bien au-del\u00e0 du produit. Notre gamme de services est con\u00e7ue pour vous garantir le meilleur service apr\u00e8s-vente possible, que vous ayez simplement besoin d&rsquo;une pi\u00e8ce de rechange, d&rsquo;un contrat de service de maintenance ou d&rsquo;une formation, jusqu&rsquo;\u00e0 une r\u00e9novation compl\u00e8te de la chaufferie. Notre objectif est de&#8230;<\/p>\n","protected":false},"author":1,"featured_media":0,"parent":22930,"menu_order":0,"comment_status":"closed","ping_status":"closed","template":"","meta":{"_acf_changed":false,"_relevanssi_hide_post":"","_relevanssi_hide_content":"","_relevanssi_pin_for_all":"","_relevanssi_pin_keywords":"","_relevanssi_unpin_keywords":"","_relevanssi_related_keywords":"","_relevanssi_related_include_ids":"","_relevanssi_related_exclude_ids":"","_relevanssi_related_no_append":"","_relevanssi_related_not_related":"","_relevanssi_related_posts":"","_relevanssi_noindex_reason":"","footnotes":""},"class_list":["post-23725","page","type-page","status-publish","hentry"],"acf":[],"yoast_head":"<!-- This site is optimized with the Yoast SEO Premium plugin v27.4 (Yoast SEO v27.4) - https:\/\/yoast.com\/product\/yoast-seo-premium-wordpress\/ -->\n<title>Espace T\u00e9l\u00e9chargement - Babcock Wanson<\/title>\n<meta name=\"description\" content=\"Nos brochures techniques et commerciales sont disponibles en t\u00e9l\u00e9chargement libre. Visitez notre site web pour trouver l&#039;information dont vous avez besoin ou pour nous contacter directement\" \/>\n<meta name=\"robots\" content=\"index, follow, max-snippet:-1, max-image-preview:large, max-video-preview:-1\" \/>\n<link rel=\"canonical\" href=\"https:\/\/www.babcock-wanson.com\/fr\/documentation\/espace-telechargement\/\" \/>\n<meta property=\"og:locale\" content=\"fr_FR\" \/>\n<meta property=\"og:type\" content=\"article\" \/>\n<meta property=\"og:title\" content=\"Espace T\u00e9l\u00e9chargement\" \/>\n<meta property=\"og:description\" content=\"Nos brochures techniques et commerciales sont disponibles en t\u00e9l\u00e9chargement libre. Visitez notre site web pour trouver l&#039;information dont vous avez besoin ou pour nous contacter directement\" \/>\n<meta property=\"og:url\" content=\"https:\/\/www.babcock-wanson.com\/fr\/documentation\/espace-telechargement\/\" \/>\n<meta property=\"og:site_name\" content=\"Babcock Wanson\" \/>\n<meta property=\"article:modified_time\" content=\"2026-03-24T16:41:18+00:00\" \/>\n<meta property=\"og:image\" content=\"https:\/\/www.babcock-wanson.com\/wp-content\/uploads\/2024\/02\/Babcock-Wanson-1200x1200-1.png\" \/>\n\t<meta property=\"og:image:width\" content=\"1200\" \/>\n\t<meta property=\"og:image:height\" content=\"1200\" \/>\n\t<meta property=\"og:image:type\" content=\"image\/png\" \/>\n<meta name=\"twitter:card\" content=\"summary_large_image\" \/>\n<meta name=\"twitter:label1\" content=\"Est. reading time\" \/>\n\t<meta name=\"twitter:data1\" content=\"2 minutes\" \/>\n<script type=\"application\/ld+json\" class=\"yoast-schema-graph\">{\"@context\":\"https:\\\/\\\/schema.org\",\"@graph\":[{\"@type\":\"WebPage\",\"@id\":\"https:\\\/\\\/www.babcock-wanson.com\\\/fr\\\/documentation\\\/espace-telechargement\\\/\",\"url\":\"https:\\\/\\\/www.babcock-wanson.com\\\/fr\\\/documentation\\\/espace-telechargement\\\/\",\"name\":\"Espace T\u00e9l\u00e9chargement - Babcock Wanson\",\"isPartOf\":{\"@id\":\"https:\\\/\\\/www.babcock-wanson.com\\\/fr\\\/#website\"},\"datePublished\":\"2020-02-12T14:25:01+00:00\",\"dateModified\":\"2026-03-24T16:41:18+00:00\",\"description\":\"Nos brochures techniques et commerciales sont disponibles en t\u00e9l\u00e9chargement libre. Visitez notre site web pour trouver l'information dont vous avez besoin ou pour nous contacter directement\",\"breadcrumb\":{\"@id\":\"https:\\\/\\\/www.babcock-wanson.com\\\/fr\\\/documentation\\\/espace-telechargement\\\/#breadcrumb\"},\"inLanguage\":\"fr-FR\",\"potentialAction\":[{\"@type\":\"ReadAction\",\"target\":[\"https:\\\/\\\/www.babcock-wanson.com\\\/fr\\\/documentation\\\/espace-telechargement\\\/\"]}]},{\"@type\":\"BreadcrumbList\",\"@id\":\"https:\\\/\\\/www.babcock-wanson.com\\\/fr\\\/documentation\\\/espace-telechargement\\\/#breadcrumb\",\"itemListElement\":[{\"@type\":\"ListItem\",\"position\":1,\"name\":\"Accueil\",\"item\":\"https:\\\/\\\/www.babcock-wanson.com\\\/fr\\\/\"},{\"@type\":\"ListItem\",\"position\":2,\"name\":\"Documentation\",\"item\":\"https:\\\/\\\/www.babcock-wanson.com\\\/fr\\\/documentation\\\/\"},{\"@type\":\"ListItem\",\"position\":3,\"name\":\"Espace T\u00e9l\u00e9chargement\"}]},{\"@type\":\"WebSite\",\"@id\":\"https:\\\/\\\/www.babcock-wanson.com\\\/fr\\\/#website\",\"url\":\"https:\\\/\\\/www.babcock-wanson.com\\\/fr\\\/\",\"name\":\"Babcock Wanson\",\"description\":\"\",\"publisher\":{\"@id\":\"https:\\\/\\\/www.babcock-wanson.com\\\/fr\\\/#organization\"},\"potentialAction\":[{\"@type\":\"SearchAction\",\"target\":{\"@type\":\"EntryPoint\",\"urlTemplate\":\"https:\\\/\\\/www.babcock-wanson.com\\\/fr\\\/?s={search_term_string}\"},\"query-input\":{\"@type\":\"PropertyValueSpecification\",\"valueRequired\":true,\"valueName\":\"search_term_string\"}}],\"inLanguage\":\"fr-FR\"},{\"@type\":\"Organization\",\"@id\":\"https:\\\/\\\/www.babcock-wanson.com\\\/fr\\\/#organization\",\"name\":\"Babcock Wanson\",\"url\":\"https:\\\/\\\/www.babcock-wanson.com\\\/fr\\\/\",\"logo\":{\"@type\":\"ImageObject\",\"inLanguage\":\"fr-FR\",\"@id\":\"https:\\\/\\\/www.babcock-wanson.com\\\/fr\\\/#\\\/schema\\\/logo\\\/image\\\/\",\"url\":\"https:\\\/\\\/www.babcock-wanson.com\\\/wp-content\\\/uploads\\\/2024\\\/02\\\/Babcock-Wanson-1200x1200-1.png\",\"contentUrl\":\"https:\\\/\\\/www.babcock-wanson.com\\\/wp-content\\\/uploads\\\/2024\\\/02\\\/Babcock-Wanson-1200x1200-1.png\",\"width\":1200,\"height\":1200,\"caption\":\"Babcock Wanson\"},\"image\":{\"@id\":\"https:\\\/\\\/www.babcock-wanson.com\\\/fr\\\/#\\\/schema\\\/logo\\\/image\\\/\"},\"sameAs\":[\"https:\\\/\\\/www.linkedin.com\\\/company\\\/babcock-wanson\\\/\",\"https:\\\/\\\/www.youtube.com\\\/channel\\\/UCtxl25VieBBsP2kYmtlyv7A\"]}]}<\/script>\n<!-- \/ Yoast SEO Premium plugin. -->","yoast_head_json":{"title":"Espace T\u00e9l\u00e9chargement - Babcock Wanson","description":"Nos brochures techniques et commerciales sont disponibles en t\u00e9l\u00e9chargement libre. Visitez notre site web pour trouver l'information dont vous avez besoin ou pour nous contacter directement","robots":{"index":"index","follow":"follow","max-snippet":"max-snippet:-1","max-image-preview":"max-image-preview:large","max-video-preview":"max-video-preview:-1"},"canonical":"https:\/\/www.babcock-wanson.com\/fr\/documentation\/espace-telechargement\/","og_locale":"fr_FR","og_type":"article","og_title":"Espace T\u00e9l\u00e9chargement","og_description":"Nos brochures techniques et commerciales sont disponibles en t\u00e9l\u00e9chargement libre. Visitez notre site web pour trouver l'information dont vous avez besoin ou pour nous contacter directement","og_url":"https:\/\/www.babcock-wanson.com\/fr\/documentation\/espace-telechargement\/","og_site_name":"Babcock Wanson","article_modified_time":"2026-03-24T16:41:18+00:00","og_image":[{"width":1200,"height":1200,"url":"https:\/\/www.babcock-wanson.com\/wp-content\/uploads\/2024\/02\/Babcock-Wanson-1200x1200-1.png","type":"image\/png"}],"twitter_card":"summary_large_image","twitter_misc":{"Est. reading time":"2 minutes"},"schema":{"@context":"https:\/\/schema.org","@graph":[{"@type":"WebPage","@id":"https:\/\/www.babcock-wanson.com\/fr\/documentation\/espace-telechargement\/","url":"https:\/\/www.babcock-wanson.com\/fr\/documentation\/espace-telechargement\/","name":"Espace T\u00e9l\u00e9chargement - Babcock Wanson","isPartOf":{"@id":"https:\/\/www.babcock-wanson.com\/fr\/#website"},"datePublished":"2020-02-12T14:25:01+00:00","dateModified":"2026-03-24T16:41:18+00:00","description":"Nos brochures techniques et commerciales sont disponibles en t\u00e9l\u00e9chargement libre. Visitez notre site web pour trouver l'information dont vous avez besoin ou pour nous contacter directement","breadcrumb":{"@id":"https:\/\/www.babcock-wanson.com\/fr\/documentation\/espace-telechargement\/#breadcrumb"},"inLanguage":"fr-FR","potentialAction":[{"@type":"ReadAction","target":["https:\/\/www.babcock-wanson.com\/fr\/documentation\/espace-telechargement\/"]}]},{"@type":"BreadcrumbList","@id":"https:\/\/www.babcock-wanson.com\/fr\/documentation\/espace-telechargement\/#breadcrumb","itemListElement":[{"@type":"ListItem","position":1,"name":"Accueil","item":"https:\/\/www.babcock-wanson.com\/fr\/"},{"@type":"ListItem","position":2,"name":"Documentation","item":"https:\/\/www.babcock-wanson.com\/fr\/documentation\/"},{"@type":"ListItem","position":3,"name":"Espace T\u00e9l\u00e9chargement"}]},{"@type":"WebSite","@id":"https:\/\/www.babcock-wanson.com\/fr\/#website","url":"https:\/\/www.babcock-wanson.com\/fr\/","name":"Babcock Wanson","description":"","publisher":{"@id":"https:\/\/www.babcock-wanson.com\/fr\/#organization"},"potentialAction":[{"@type":"SearchAction","target":{"@type":"EntryPoint","urlTemplate":"https:\/\/www.babcock-wanson.com\/fr\/?s={search_term_string}"},"query-input":{"@type":"PropertyValueSpecification","valueRequired":true,"valueName":"search_term_string"}}],"inLanguage":"fr-FR"},{"@type":"Organization","@id":"https:\/\/www.babcock-wanson.com\/fr\/#organization","name":"Babcock Wanson","url":"https:\/\/www.babcock-wanson.com\/fr\/","logo":{"@type":"ImageObject","inLanguage":"fr-FR","@id":"https:\/\/www.babcock-wanson.com\/fr\/#\/schema\/logo\/image\/","url":"https:\/\/www.babcock-wanson.com\/wp-content\/uploads\/2024\/02\/Babcock-Wanson-1200x1200-1.png","contentUrl":"https:\/\/www.babcock-wanson.com\/wp-content\/uploads\/2024\/02\/Babcock-Wanson-1200x1200-1.png","width":1200,"height":1200,"caption":"Babcock Wanson"},"image":{"@id":"https:\/\/www.babcock-wanson.com\/fr\/#\/schema\/logo\/image\/"},"sameAs":["https:\/\/www.linkedin.com\/company\/babcock-wanson\/","https:\/\/www.youtube.com\/channel\/UCtxl25VieBBsP2kYmtlyv7A"]}]}},"jetpack_sharing_enabled":true,"_links":{"self":[{"href":"https:\/\/www.babcock-wanson.com\/fr\/wp-json\/wp\/v2\/pages\/23725","targetHints":{"allow":["GET"]}}],"collection":[{"href":"https:\/\/www.babcock-wanson.com\/fr\/wp-json\/wp\/v2\/pages"}],"about":[{"href":"https:\/\/www.babcock-wanson.com\/fr\/wp-json\/wp\/v2\/types\/page"}],"author":[{"embeddable":true,"href":"https:\/\/www.babcock-wanson.com\/fr\/wp-json\/wp\/v2\/users\/1"}],"replies":[{"embeddable":true,"href":"https:\/\/www.babcock-wanson.com\/fr\/wp-json\/wp\/v2\/comments?post=23725"}],"version-history":[{"count":45,"href":"https:\/\/www.babcock-wanson.com\/fr\/wp-json\/wp\/v2\/pages\/23725\/revisions"}],"predecessor-version":[{"id":53813,"href":"https:\/\/www.babcock-wanson.com\/fr\/wp-json\/wp\/v2\/pages\/23725\/revisions\/53813"}],"up":[{"embeddable":true,"href":"https:\/\/www.babcock-wanson.com\/fr\/wp-json\/wp\/v2\/pages\/22930"}],"wp:attachment":[{"href":"https:\/\/www.babcock-wanson.com\/fr\/wp-json\/wp\/v2\/media?parent=23725"}],"curies":[{"name":"wp","href":"https:\/\/api.w.org\/{rel}","templated":true}]}}