{"id":24501,"date":"2020-03-03T14:01:50","date_gmt":"2020-03-03T14:01:50","guid":{"rendered":"https:\/\/www.babcock-wanson.com\/?page_id=24501"},"modified":"2026-01-26T09:43:05","modified_gmt":"2026-01-26T09:43:05","slug":"nos-agences","status":"publish","type":"page","link":"https:\/\/www.babcock-wanson.com\/fr\/nous-contacter\/nos-agences\/","title":{"rendered":"Nos agences"},"content":{"rendered":"<div class=\"vgblk-rw-wrapper limit-wrapper\">\n<h3>\n\tRegion Est\n\t<\/h3>\n\t<strong>Agence De Nancy<\/strong><br \/>\nZ. I. Heillecourt Est<br \/>\n10 All\u00e9e des Grands Paquis<br \/>\n54180 HEILLECOURT\n\t<strong>Agence Alsace<\/strong><br \/>\nCentre CIRSUD &#8211; 1, All\u00e9e Georges Charpak<br \/>\n67600 SELESTAT\n\t<p><strong>T\u00e9l. :<\/strong> 03.83.57.93.93<\/p>\n<p>&nbsp;<\/p>\n\t&nbsp;<br \/>\n<strong>T\u00e9l :<\/strong> 03.68.74.32.10\n\t<p><img loading=\"lazy\" decoding=\"async\" src=\"https:\/\/www.babcock-wanson.com\/wp-content\/uploads\/2020\/03\/region-est-location.jpg\" alt=\"region-est-location\" width=\"300\" height=\"200\" \/><\/p>\n<h3>\n\tRegion Ouest\n\t<\/h3>\n\t<strong>Agence De Rennes<\/strong><br \/>\nZ. A. de la Hallerais &#8211; All\u00e9e du Blosne &#8211; BP 71.17<br \/>\n35770 VERN SUR SEICHE\n\t<p><strong>T\u00e9l :<\/strong> 02.99.53.86.86<\/p>\n\t<p><img loading=\"lazy\" decoding=\"async\" src=\"https:\/\/www.babcock-wanson.com\/wp-content\/uploads\/2020\/03\/region-ouest-location.jpg\" alt=\"region-ouest-location\" width=\"300\" height=\"200\" \/><\/p>\n<h3>\n\tRegion Sud-Est\n\t<\/h3>\n\t<strong>Agence De Lyon<\/strong><br \/>\n12 rue Jacquard<br \/>\n69680 CHASSIEU\n\t<strong>Agence De Marseille<\/strong><br \/>\n82 Boulevard de l&rsquo;Europe &#8211; Z.I. l&rsquo;Anjoly<br \/>\n13127 VITROLLES\n\t<p><strong>T\u00e9l :<\/strong> 04.78.90.62.22<\/p>\n<p>&nbsp;<\/p>\n\t<p><strong>T\u00e9l :<\/strong> 04.42.76.02.02<\/p>\n\t<p><img loading=\"lazy\" decoding=\"async\" src=\"https:\/\/www.babcock-wanson.com\/wp-content\/uploads\/2020\/03\/region-sud-est-location.jpg\" alt=\"region-sud-est-location\" width=\"300\" height=\"200\" \/><\/p>\n<h3>\n\tRegion Centre Paris Nord\n\t<\/h3>\n\t<strong>Agence De Paris<\/strong><br \/>\n106\/110 Rue Lt Petit Leroy<br \/>\n94669 CHEVILLY-LARUE CEDEX\n\t<strong>Agence De Rouen<\/strong><br \/>\n3 Place de Caillemare &#8211; Z.A. de Caillemare<br \/>\n27310 SAINT OUEN DE THOUBERVILLE\n\t<strong>Agence Nord<br \/>\n<\/strong>321 Route d&rsquo;Hazebrouck<br \/>\n59190 Ca\u00ebstre\n\t<strong>Agence d&rsquo;Orl\u00e9ans<br \/>\n<\/strong>Immeuble Val de Loire, 4 Passage de la R\u00e2pe<br \/>\n45000 Orl\u00e9ans\n\t<p><strong>T\u00e9l :<\/strong> 01.49.78.22.00<\/p>\n<p>&nbsp;<\/p>\n\t<p><strong>T\u00e9l :<\/strong> 02.32.82.43.32<\/p>\n<p>&nbsp;<\/p>\n\t<p><strong>T\u00e9l :<\/strong> 01.49.78.44.55<\/p>\n<p>&nbsp;<\/p>\n\t<p><strong>T\u00e9l :<\/strong> 07.88.31.18.01<\/p>\n<p>&nbsp;<\/p>\n\t<p><img loading=\"lazy\" decoding=\"async\" src=\"https:\/\/www.babcock-wanson.com\/wp-content\/uploads\/2020\/03\/R\u00e9gion-CPN-location.png\" alt=\"R\u00e9gion CPN location\" width=\"300\" height=\"200\" \/><\/p>\n<h3>\n\tRegion Sud-Ouest\n\t<\/h3>\n\t<strong>Agence De Nerac<\/strong><br \/>\n7 Boulevard Alfred Parent &#8211; BP 52<br \/>\n47600 NERAC\n\t<strong>Agence De Castres<br \/>\n<\/strong>7 rue Jean Perrin &#8211; ZI de M\u00e9lou<br \/>\n81100 Castres\n\t<p><strong>T\u00e9l :<\/strong> 05.53.65.48.15<\/p>\n<p>&nbsp;<\/p>\n\t<p><strong>T\u00e9l :<\/strong> 05.63.61.77.04<\/p>\n\t<p><img loading=\"lazy\" decoding=\"async\" src=\"https:\/\/www.babcock-wanson.com\/wp-content\/uploads\/2020\/03\/region-sud-ouest-location.jpg\" alt=\"region-sud-ouest-location\" width=\"300\" height=\"200\" \/><\/p>\n\n<\/div><!-- .vgblk-rw-wrapper -->","protected":false},"excerpt":{"rendered":"<p>Region Est Agence De Nancy Z. I. Heillecourt Est 10 All\u00e9e des Grands Paquis 54180 HEILLECOURT Agence Alsace Centre CIRSUD &#8211; 1, All\u00e9e Georges Charpak 67600 SELESTAT T\u00e9l. : 03.83.57.93.93 &nbsp; &nbsp; T\u00e9l : 03.68.74.32.10 Region Ouest Agence De Rennes Z. A. de la Hallerais &#8211; All\u00e9e du Blosne &#8211; BP 71.17 35770 VERN SUR&#8230;<\/p>\n","protected":false},"author":1,"featured_media":0,"parent":22783,"menu_order":0,"comment_status":"closed","ping_status":"closed","template":"","meta":{"_acf_changed":false,"_relevanssi_hide_post":"","_relevanssi_hide_content":"","_relevanssi_pin_for_all":"","_relevanssi_pin_keywords":"","_relevanssi_unpin_keywords":"","_relevanssi_related_keywords":"","_relevanssi_related_include_ids":"","_relevanssi_related_exclude_ids":"","_relevanssi_related_no_append":"","_relevanssi_related_not_related":"","_relevanssi_related_posts":"","_relevanssi_noindex_reason":"","footnotes":""},"class_list":["post-24501","page","type-page","status-publish","hentry"],"acf":[],"yoast_head":"<!-- This site is optimized with the Yoast SEO Premium plugin v27.1 (Yoast SEO v27.1.1) - https:\/\/yoast.com\/product\/yoast-seo-premium-wordpress\/ -->\n<title>Nos agences - Babcock Wanson<\/title>\n<meta name=\"description\" content=\"Babcock Wanson est pr\u00e9sent dans toute l&#039;Europe, en Afrique du Nord et en Am\u00e9rique du Nord. Localisez ici l&#039;\u00e9tablissement le plus proche de chez vous.\" \/>\n<meta name=\"robots\" content=\"index, follow, max-snippet:-1, max-image-preview:large, max-video-preview:-1\" \/>\n<link rel=\"canonical\" href=\"https:\/\/www.babcock-wanson.com\/fr\/nous-contacter\/nos-agences\/\" \/>\n<meta property=\"og:locale\" content=\"fr_FR\" \/>\n<meta property=\"og:type\" content=\"article\" \/>\n<meta property=\"og:title\" content=\"Nos agences\" \/>\n<meta property=\"og:description\" content=\"Babcock Wanson est pr\u00e9sent dans toute l&#039;Europe, en Afrique du Nord et en Am\u00e9rique du Nord. Localisez ici l&#039;\u00e9tablissement le plus proche de chez vous.\" \/>\n<meta property=\"og:url\" content=\"https:\/\/www.babcock-wanson.com\/fr\/nous-contacter\/nos-agences\/\" \/>\n<meta property=\"og:site_name\" content=\"Babcock Wanson\" \/>\n<meta property=\"article:modified_time\" content=\"2026-01-26T09:43:05+00:00\" \/>\n<meta property=\"og:image\" content=\"https:\/\/www.babcock-wanson.com\/wp-content\/uploads\/2020\/03\/region-est-location.jpg\" \/>\n<meta name=\"twitter:card\" content=\"summary_large_image\" \/>\n<meta name=\"twitter:label1\" content=\"Est. reading time\" \/>\n\t<meta name=\"twitter:data1\" content=\"1 minute\" \/>\n<script type=\"application\/ld+json\" class=\"yoast-schema-graph\">{\"@context\":\"https:\/\/schema.org\",\"@graph\":[{\"@type\":\"WebPage\",\"@id\":\"https:\/\/www.babcock-wanson.com\/fr\/nous-contacter\/nos-agences\/\",\"url\":\"https:\/\/www.babcock-wanson.com\/fr\/nous-contacter\/nos-agences\/\",\"name\":\"Nos agences - Babcock Wanson\",\"isPartOf\":{\"@id\":\"https:\/\/www.babcock-wanson.com\/fr\/#website\"},\"primaryImageOfPage\":{\"@id\":\"https:\/\/www.babcock-wanson.com\/fr\/nous-contacter\/nos-agences\/#primaryimage\"},\"image\":{\"@id\":\"https:\/\/www.babcock-wanson.com\/fr\/nous-contacter\/nos-agences\/#primaryimage\"},\"thumbnailUrl\":\"https:\/\/www.babcock-wanson.com\/wp-content\/uploads\/2020\/03\/region-est-location.jpg\",\"datePublished\":\"2020-03-03T14:01:50+00:00\",\"dateModified\":\"2026-01-26T09:43:05+00:00\",\"description\":\"Babcock Wanson est pr\u00e9sent dans toute l'Europe, en Afrique du Nord et en Am\u00e9rique du Nord. Localisez ici l'\u00e9tablissement le plus proche de chez vous.\",\"breadcrumb\":{\"@id\":\"https:\/\/www.babcock-wanson.com\/fr\/nous-contacter\/nos-agences\/#breadcrumb\"},\"inLanguage\":\"fr-FR\",\"potentialAction\":[{\"@type\":\"ReadAction\",\"target\":[\"https:\/\/www.babcock-wanson.com\/fr\/nous-contacter\/nos-agences\/\"]}]},{\"@type\":\"ImageObject\",\"inLanguage\":\"fr-FR\",\"@id\":\"https:\/\/www.babcock-wanson.com\/fr\/nous-contacter\/nos-agences\/#primaryimage\",\"url\":\"https:\/\/www.babcock-wanson.com\/wp-content\/uploads\/2020\/03\/region-est-location.jpg\",\"contentUrl\":\"https:\/\/www.babcock-wanson.com\/wp-content\/uploads\/2020\/03\/region-est-location.jpg\"},{\"@type\":\"BreadcrumbList\",\"@id\":\"https:\/\/www.babcock-wanson.com\/fr\/nous-contacter\/nos-agences\/#breadcrumb\",\"itemListElement\":[{\"@type\":\"ListItem\",\"position\":1,\"name\":\"Accueil\",\"item\":\"https:\/\/www.babcock-wanson.com\/fr\/\"},{\"@type\":\"ListItem\",\"position\":2,\"name\":\"Nous contacter\",\"item\":\"https:\/\/www.babcock-wanson.com\/fr\/nous-contacter\/\"},{\"@type\":\"ListItem\",\"position\":3,\"name\":\"Nos agences\"}]},{\"@type\":\"WebSite\",\"@id\":\"https:\/\/www.babcock-wanson.com\/fr\/#website\",\"url\":\"https:\/\/www.babcock-wanson.com\/fr\/\",\"name\":\"Babcock Wanson\",\"description\":\"\",\"publisher\":{\"@id\":\"https:\/\/www.babcock-wanson.com\/fr\/#organization\"},\"potentialAction\":[{\"@type\":\"SearchAction\",\"target\":{\"@type\":\"EntryPoint\",\"urlTemplate\":\"https:\/\/www.babcock-wanson.com\/fr\/?s={search_term_string}\"},\"query-input\":{\"@type\":\"PropertyValueSpecification\",\"valueRequired\":true,\"valueName\":\"search_term_string\"}}],\"inLanguage\":\"fr-FR\"},{\"@type\":\"Organization\",\"@id\":\"https:\/\/www.babcock-wanson.com\/fr\/#organization\",\"name\":\"Babcock Wanson\",\"url\":\"https:\/\/www.babcock-wanson.com\/fr\/\",\"logo\":{\"@type\":\"ImageObject\",\"inLanguage\":\"fr-FR\",\"@id\":\"https:\/\/www.babcock-wanson.com\/fr\/#\/schema\/logo\/image\/\",\"url\":\"https:\/\/www.babcock-wanson.com\/wp-content\/uploads\/2024\/02\/Babcock-Wanson-1200x1200-1.png\",\"contentUrl\":\"https:\/\/www.babcock-wanson.com\/wp-content\/uploads\/2024\/02\/Babcock-Wanson-1200x1200-1.png\",\"width\":1200,\"height\":1200,\"caption\":\"Babcock Wanson\"},\"image\":{\"@id\":\"https:\/\/www.babcock-wanson.com\/fr\/#\/schema\/logo\/image\/\"},\"sameAs\":[\"https:\/\/www.linkedin.com\/company\/babcock-wanson\/\",\"https:\/\/www.youtube.com\/channel\/UCtxl25VieBBsP2kYmtlyv7A\"]}]}<\/script>\n<!-- \/ Yoast SEO Premium plugin. -->","yoast_head_json":{"title":"Nos agences - Babcock Wanson","description":"Babcock Wanson est pr\u00e9sent dans toute l'Europe, en Afrique du Nord et en Am\u00e9rique du Nord. Localisez ici l'\u00e9tablissement le plus proche de chez vous.","robots":{"index":"index","follow":"follow","max-snippet":"max-snippet:-1","max-image-preview":"max-image-preview:large","max-video-preview":"max-video-preview:-1"},"canonical":"https:\/\/www.babcock-wanson.com\/fr\/nous-contacter\/nos-agences\/","og_locale":"fr_FR","og_type":"article","og_title":"Nos agences","og_description":"Babcock Wanson est pr\u00e9sent dans toute l'Europe, en Afrique du Nord et en Am\u00e9rique du Nord. Localisez ici l'\u00e9tablissement le plus proche de chez vous.","og_url":"https:\/\/www.babcock-wanson.com\/fr\/nous-contacter\/nos-agences\/","og_site_name":"Babcock Wanson","article_modified_time":"2026-01-26T09:43:05+00:00","og_image":[{"url":"https:\/\/www.babcock-wanson.com\/wp-content\/uploads\/2020\/03\/region-est-location.jpg","type":"","width":"","height":""}],"twitter_card":"summary_large_image","twitter_misc":{"Est. reading time":"1 minute"},"schema":{"@context":"https:\/\/schema.org","@graph":[{"@type":"WebPage","@id":"https:\/\/www.babcock-wanson.com\/fr\/nous-contacter\/nos-agences\/","url":"https:\/\/www.babcock-wanson.com\/fr\/nous-contacter\/nos-agences\/","name":"Nos agences - Babcock Wanson","isPartOf":{"@id":"https:\/\/www.babcock-wanson.com\/fr\/#website"},"primaryImageOfPage":{"@id":"https:\/\/www.babcock-wanson.com\/fr\/nous-contacter\/nos-agences\/#primaryimage"},"image":{"@id":"https:\/\/www.babcock-wanson.com\/fr\/nous-contacter\/nos-agences\/#primaryimage"},"thumbnailUrl":"https:\/\/www.babcock-wanson.com\/wp-content\/uploads\/2020\/03\/region-est-location.jpg","datePublished":"2020-03-03T14:01:50+00:00","dateModified":"2026-01-26T09:43:05+00:00","description":"Babcock Wanson est pr\u00e9sent dans toute l'Europe, en Afrique du Nord et en Am\u00e9rique du Nord. Localisez ici l'\u00e9tablissement le plus proche de chez vous.","breadcrumb":{"@id":"https:\/\/www.babcock-wanson.com\/fr\/nous-contacter\/nos-agences\/#breadcrumb"},"inLanguage":"fr-FR","potentialAction":[{"@type":"ReadAction","target":["https:\/\/www.babcock-wanson.com\/fr\/nous-contacter\/nos-agences\/"]}]},{"@type":"ImageObject","inLanguage":"fr-FR","@id":"https:\/\/www.babcock-wanson.com\/fr\/nous-contacter\/nos-agences\/#primaryimage","url":"https:\/\/www.babcock-wanson.com\/wp-content\/uploads\/2020\/03\/region-est-location.jpg","contentUrl":"https:\/\/www.babcock-wanson.com\/wp-content\/uploads\/2020\/03\/region-est-location.jpg"},{"@type":"BreadcrumbList","@id":"https:\/\/www.babcock-wanson.com\/fr\/nous-contacter\/nos-agences\/#breadcrumb","itemListElement":[{"@type":"ListItem","position":1,"name":"Accueil","item":"https:\/\/www.babcock-wanson.com\/fr\/"},{"@type":"ListItem","position":2,"name":"Nous contacter","item":"https:\/\/www.babcock-wanson.com\/fr\/nous-contacter\/"},{"@type":"ListItem","position":3,"name":"Nos agences"}]},{"@type":"WebSite","@id":"https:\/\/www.babcock-wanson.com\/fr\/#website","url":"https:\/\/www.babcock-wanson.com\/fr\/","name":"Babcock Wanson","description":"","publisher":{"@id":"https:\/\/www.babcock-wanson.com\/fr\/#organization"},"potentialAction":[{"@type":"SearchAction","target":{"@type":"EntryPoint","urlTemplate":"https:\/\/www.babcock-wanson.com\/fr\/?s={search_term_string}"},"query-input":{"@type":"PropertyValueSpecification","valueRequired":true,"valueName":"search_term_string"}}],"inLanguage":"fr-FR"},{"@type":"Organization","@id":"https:\/\/www.babcock-wanson.com\/fr\/#organization","name":"Babcock Wanson","url":"https:\/\/www.babcock-wanson.com\/fr\/","logo":{"@type":"ImageObject","inLanguage":"fr-FR","@id":"https:\/\/www.babcock-wanson.com\/fr\/#\/schema\/logo\/image\/","url":"https:\/\/www.babcock-wanson.com\/wp-content\/uploads\/2024\/02\/Babcock-Wanson-1200x1200-1.png","contentUrl":"https:\/\/www.babcock-wanson.com\/wp-content\/uploads\/2024\/02\/Babcock-Wanson-1200x1200-1.png","width":1200,"height":1200,"caption":"Babcock Wanson"},"image":{"@id":"https:\/\/www.babcock-wanson.com\/fr\/#\/schema\/logo\/image\/"},"sameAs":["https:\/\/www.linkedin.com\/company\/babcock-wanson\/","https:\/\/www.youtube.com\/channel\/UCtxl25VieBBsP2kYmtlyv7A"]}]}},"jetpack_sharing_enabled":true,"_links":{"self":[{"href":"https:\/\/www.babcock-wanson.com\/fr\/wp-json\/wp\/v2\/pages\/24501","targetHints":{"allow":["GET"]}}],"collection":[{"href":"https:\/\/www.babcock-wanson.com\/fr\/wp-json\/wp\/v2\/pages"}],"about":[{"href":"https:\/\/www.babcock-wanson.com\/fr\/wp-json\/wp\/v2\/types\/page"}],"author":[{"embeddable":true,"href":"https:\/\/www.babcock-wanson.com\/fr\/wp-json\/wp\/v2\/users\/1"}],"replies":[{"embeddable":true,"href":"https:\/\/www.babcock-wanson.com\/fr\/wp-json\/wp\/v2\/comments?post=24501"}],"version-history":[{"count":15,"href":"https:\/\/www.babcock-wanson.com\/fr\/wp-json\/wp\/v2\/pages\/24501\/revisions"}],"predecessor-version":[{"id":53439,"href":"https:\/\/www.babcock-wanson.com\/fr\/wp-json\/wp\/v2\/pages\/24501\/revisions\/53439"}],"up":[{"embeddable":true,"href":"https:\/\/www.babcock-wanson.com\/fr\/wp-json\/wp\/v2\/pages\/22783"}],"wp:attachment":[{"href":"https:\/\/www.babcock-wanson.com\/fr\/wp-json\/wp\/v2\/media?parent=24501"}],"curies":[{"name":"wp","href":"https:\/\/api.w.org\/{rel}","templated":true}]}}