{"id":23445,"date":"2018-11-27T16:17:22","date_gmt":"2018-11-27T16:17:22","guid":{"rendered":"https:\/\/www.babcock-wanson.com\/products\/non%20class\u00e9\/vap-el\/"},"modified":"2023-05-22T16:32:44","modified_gmt":"2023-05-22T15:32:44","slug":"vap-el","status":"publish","type":"product","link":"https:\/\/www.babcock-wanson.com\/fr\/produits\/chaudieres-electriques\/vap-el\/","title":{"rendered":"VAP-EL"},"content":{"rendered":"<div class=\"vgblk-rw-wrapper limit-wrapper\">\r\n<h3>Installation facile<\/h3>\r\n<ul>\r\n<li>La chaudi\u00e8re \u00e9lectrique VAP EL est simple \u00e0 installer et ne n\u00e9cessite ni espace de stockage du combustible, ni tuyauterie d\u2019amen\u00e9e de combustible<\/li>\r\n<li>Conception robuste qui assure une exploitation s\u00e9curis\u00e9e et une longue dur\u00e9e de vie<\/li>\r\n<li>Syst\u00e8me de contr\u00f4le enti\u00e8rement int\u00e9gr\u00e9 et test\u00e9 en usine pour un fonctionnement simple et fiable<\/li>\r\n<li>Enti\u00e8rement certifi\u00e9 conforme pour une exploitation dans toute l\u2019Europe<\/li>\r\n<\/ul>\r\n<h3>Haute Performance<\/h3>\r\n<ul>\r\n<li>La chaudi\u00e8re d\u00e9marre rapidement sur demande et r\u00e9agit bien au changement de charge. La vapeur peut \u00eatre produite en quelques minutes selon la capacit\u00e9 de la chaudi\u00e8re<\/li>\r\n<li>Pas de gaspillage d\u2019\u00e9nergie. La perte de chaleur sur le process de chauffage est minimale<\/li>\r\n<li>Rendement approchant 100%<\/li>\r\n<\/ul>\r\n<h3>Respect de l&rsquo;Environnement<\/h3>\r\n<ul>\r\n<li>La chaudi\u00e8re \u00e9lectrique ne produit pas de gaz de combustion, offre des avantages environnementaux substantiels et des \u00e9missions globales tr\u00e8s faibles<\/li>\r\n<li>Fonctionnement silencieux<\/li>\r\n<li>Contr\u00f4le pr\u00e9cis de la pression de vapeur avec entr\u00e9e de puissance multi-\u00e9tape et enti\u00e8rement modulable<\/li>\r\n<\/ul>\r\n<h3>Gamme compl\u00e8te d&rsquo;Accessoires et Services<\/h3>\r\n<ul>\r\n<li><a href=\"https:\/\/www.babcock-wanson.com\/fr\/categorie-produit\/traitement-de-leau\/\" target=\"_blank\" rel=\"noopener\">Traitement de l&rsquo;eau<\/a><\/li>\r\n<li>B\u00e2che d\u2019alimentation &amp; <a href=\"https:\/\/www.babcock-wanson.com\/fr\/produits\/traitement-de-leau\/degazage-thermique\/\" target=\"_blank\" rel=\"noopener\">d\u00e9gazeurs thermiques<\/a> et atmosph\u00e9riques sous pression<\/li>\r\n<li>Stations de r\u00e9duction de pression et vannes de r\u00e9gulation de vapeur<\/li>\r\n<li>Service complet de conception et d\u2019installation cl\u00e9s en main<\/li>\r\n<li>Mise en services et <a href=\"https:\/\/www.babcock-wanson.com\/fr\/nos-services\/services-apres-vente\/\" target=\"_blank\" rel=\"noopener\">service apr\u00e8s-vente<\/a> complet<\/li>\r\n<\/ul>\r\n<h2>Chaudi\u00e8res \u00e9lectriques VAP-EL<\/h2>\r\n<table>\r\n<tbody>\r\n<tr>\r\n<th>Mod\u00e8le VAP-EL<\/th>\r\n<th>vapeur (kg\/h) eau \u00e0 70\u00b0C<\/th>\r\n<th>Pression vapeur (bar)<\/th>\r\n<th>Puissance (kW)<\/th>\r\n<th>Capacit\u00e9 en eau (l)<\/th>\r\n<th>Poids (kg)<\/th>\r\n<th>Largeur (mm)<\/th>\r\n<th>Hauteur (mm)<\/th>\r\n<th>Longueur (mm)<\/th>\r\n<\/tr>\r\n<tr>\r\n<th>16<\/th>\r\n<td>20<\/td>\r\n<td>4.5<\/td>\r\n<td>15<\/td>\r\n<td>16<\/td>\r\n<td>72<\/td>\r\n<td>445<\/td>\r\n<td>983<\/td>\r\n<td>615<\/td>\r\n<\/tr>\r\n<tr>\r\n<th>24<\/th>\r\n<td>32<\/td>\r\n<td>4.5 or 7<\/td>\r\n<td>24<\/td>\r\n<td>24<\/td>\r\n<td>85<\/td>\r\n<td>586<\/td>\r\n<td>776<\/td>\r\n<td>752<\/td>\r\n<\/tr>\r\n<tr>\r\n<th>60<\/th>\r\n<td>80<\/td>\r\n<td>4.5, 7 ou 8.5<\/td>\r\n<td>60<\/td>\r\n<td>55<\/td>\r\n<td>114<\/td>\r\n<td>835<\/td>\r\n<td>629<\/td>\r\n<td>844<\/td>\r\n<\/tr>\r\n<tr>\r\n<th>120<\/th>\r\n<td>160<\/td>\r\n<td>4.5, 7 ou 8.5<\/td>\r\n<td>120<\/td>\r\n<td>2 x 55<\/td>\r\n<td>237<\/td>\r\n<td>1155<\/td>\r\n<td>1158<\/td>\r\n<td>948<\/td>\r\n<\/tr>\r\n<tr>\r\n<th>180<\/th>\r\n<td>240<\/td>\r\n<td>4.5, 7 ou 8.5<\/td>\r\n<td>180<\/td>\r\n<td>3 x 55<\/td>\r\n<td>325<\/td>\r\n<td>1155<\/td>\r\n<td>1718<\/td>\r\n<td>948<\/td>\r\n<\/tr>\r\n<tr>\r\n<th>240<\/th>\r\n<td>320<\/td>\r\n<td>4.5, 7 ou 8.5<\/td>\r\n<td>240<\/td>\r\n<td>4 x 55<\/td>\r\n<td>237 x 2<\/td>\r\n<td>1155 x 2<\/td>\r\n<td>1158<\/td>\r\n<td>948 x 2<\/td>\r\n<\/tr>\r\n<tr>\r\n<th>360<\/th>\r\n<td>480<\/td>\r\n<td>4.5, 7 ou 8.5<\/td>\r\n<td>360<\/td>\r\n<td>6 x 55<\/td>\r\n<td>325 x 2<\/td>\r\n<td>1155 x 2<\/td>\r\n<td>1718<\/td>\r\n<td>948 x 2<\/td>\r\n<\/tr>\r\n<\/tbody>\r\n<\/table>\r\n<\/div><!-- .vgblk-rw-wrapper -->","protected":false},"excerpt":{"rendered":"<p><strong>De 16 \u00e0 360 kW \u2013 400 V triphas\u00e9 \u2013 50 Hz<\/strong> La chaudi\u00e8re vapeur \u00e9lectrique VAP EL utilise l\u2019\u00e9nergie \u00e9lectrique pour faire bouillir l\u2019eau et produire de la vapeur pour les chauffages de proc\u00e9d\u00e9s. La configuration d\u2019une chaudi\u00e8re \u00e9lectrique assure un haut rendement et un process de chauffage abordable. Ce type de chaudi\u00e8re \u00e0 vapeur peut \u00eatre une tr\u00e8s bonne solution pour r\u00e9pondre aux besoins de chauffage, en particulier l\u00e0 o\u00f9 l\u2019\u00e9lectricit\u00e9 est une ressource facilement disponible et peu co\u00fbteuse. Elle est \u00e9galement pratique de par son faible encombrement et son emprise au sol r\u00e9duite. Babcock Wanson propose un large choix de solutions de chaudi\u00e8res \u00e9lectriques qui peuvent \u00eatre adapt\u00e9es aux besoins des clients. La chaudi\u00e8re \u00e9lectrique VAP EL a \u00e9t\u00e9 con\u00e7ue pour fonctionner dans diverses industries, telles que la transformation des aliments, le s\u00e9chage, les industries chimiques, cosm\u00e9tiques, pharmaceutiques et alimentaires\u00a0; en fait, toute industrie qui a besoin de vapeur et qui a une source \u00e9conomique d\u2019\u00e9nergie \u00e9lectrique ou qui ne peut pas installer une chaudi\u00e8re traditionnelle aliment\u00e9e aux combustibles fossiles. Pression de service maximale standard de 4,5, 7 ou 8,5 barg avec des pressions plus \u00e9lev\u00e9es disponibles sur demande.<\/p>\n","protected":false},"featured_media":41375,"comment_status":"closed","ping_status":"closed","template":"","meta":{"_acf_changed":false,"_relevanssi_hide_post":"","_relevanssi_hide_content":"","_relevanssi_pin_for_all":"","_relevanssi_pin_keywords":"","_relevanssi_unpin_keywords":"","_relevanssi_related_keywords":"","_relevanssi_related_include_ids":"","_relevanssi_related_exclude_ids":"","_relevanssi_related_no_append":"","_relevanssi_related_not_related":"","_relevanssi_related_posts":"","_relevanssi_noindex_reason":""},"product_brand":[],"product_cat":[2649,2656],"product_tag":[],"class_list":{"0":"post-23445","1":"product","2":"type-product","3":"status-publish","4":"has-post-thumbnail","6":"product_cat-chaudieres-electriques","7":"product_cat-chaudieres-vapeur","9":"first","10":"instock","11":"shipping-taxable","12":"product-type-simple"},"acf":[],"yoast_head":"<!-- This site is optimized with the Yoast SEO Premium plugin v27.4 (Yoast SEO v27.4) - https:\/\/yoast.com\/product\/yoast-seo-premium-wordpress\/ -->\n<title>VAP-EL - Babcock Wanson<\/title>\n<meta name=\"description\" content=\"Babcock Wanson propose une large s\u00e9lection de solutions de chaudi\u00e8res \u00e9lectriques VAP EL qui peuvent \u00eatre adapt\u00e9es aux besoins de nos clients. Cliquez ici pour en savoir plus\" \/>\n<meta name=\"robots\" content=\"index, follow, max-snippet:-1, max-image-preview:large, max-video-preview:-1\" \/>\n<link rel=\"canonical\" href=\"https:\/\/www.babcock-wanson.com\/fr\/produits\/chaudieres-electriques\/vap-el\/\" \/>\n<meta property=\"og:locale\" content=\"fr_FR\" \/>\n<meta property=\"og:type\" content=\"article\" \/>\n<meta property=\"og:title\" content=\"VAP-EL\" \/>\n<meta property=\"og:description\" content=\"Babcock Wanson propose une large s\u00e9lection de solutions de chaudi\u00e8res \u00e9lectriques VAP EL qui peuvent \u00eatre adapt\u00e9es aux besoins de nos clients. Cliquez ici pour en savoir plus\" \/>\n<meta property=\"og:url\" content=\"https:\/\/www.babcock-wanson.com\/fr\/produits\/chaudieres-electriques\/vap-el\/\" \/>\n<meta property=\"og:site_name\" content=\"Babcock Wanson\" \/>\n<meta property=\"article:modified_time\" content=\"2023-05-22T15:32:44+00:00\" \/>\n<meta property=\"og:image\" content=\"https:\/\/www.babcock-wanson.com\/wp-content\/uploads\/2021\/12\/VAP-El-Category_image_2021.jpg\" \/>\n\t<meta property=\"og:image:width\" content=\"600\" \/>\n\t<meta property=\"og:image:height\" content=\"400\" \/>\n\t<meta property=\"og:image:type\" content=\"image\/jpeg\" \/>\n<meta name=\"twitter:card\" content=\"summary_large_image\" \/>\n<meta name=\"twitter:label1\" content=\"Est. reading time\" \/>\n\t<meta name=\"twitter:data1\" content=\"2 minutes\" \/>\n<script type=\"application\/ld+json\" class=\"yoast-schema-graph\">{\"@context\":\"https:\\\/\\\/schema.org\",\"@graph\":[{\"@type\":\"WebPage\",\"@id\":\"https:\\\/\\\/www.babcock-wanson.com\\\/fr\\\/produits\\\/chaudieres-electriques\\\/vap-el\\\/\",\"url\":\"https:\\\/\\\/www.babcock-wanson.com\\\/fr\\\/produits\\\/chaudieres-electriques\\\/vap-el\\\/\",\"name\":\"VAP-EL - Babcock Wanson\",\"isPartOf\":{\"@id\":\"https:\\\/\\\/www.babcock-wanson.com\\\/fr\\\/#website\"},\"primaryImageOfPage\":{\"@id\":\"https:\\\/\\\/www.babcock-wanson.com\\\/fr\\\/produits\\\/chaudieres-electriques\\\/vap-el\\\/#primaryimage\"},\"image\":{\"@id\":\"https:\\\/\\\/www.babcock-wanson.com\\\/fr\\\/produits\\\/chaudieres-electriques\\\/vap-el\\\/#primaryimage\"},\"thumbnailUrl\":\"https:\\\/\\\/www.babcock-wanson.com\\\/wp-content\\\/uploads\\\/2021\\\/12\\\/VAP-El-Category_image_2021.jpg\",\"datePublished\":\"2018-11-27T16:17:22+00:00\",\"dateModified\":\"2023-05-22T15:32:44+00:00\",\"description\":\"Babcock Wanson propose une large s\u00e9lection de solutions de chaudi\u00e8res \u00e9lectriques VAP EL qui peuvent \u00eatre adapt\u00e9es aux besoins de nos clients. Cliquez ici pour en savoir plus\",\"breadcrumb\":{\"@id\":\"https:\\\/\\\/www.babcock-wanson.com\\\/fr\\\/produits\\\/chaudieres-electriques\\\/vap-el\\\/#breadcrumb\"},\"inLanguage\":\"fr-FR\",\"potentialAction\":[{\"@type\":\"ReadAction\",\"target\":[\"https:\\\/\\\/www.babcock-wanson.com\\\/fr\\\/produits\\\/chaudieres-electriques\\\/vap-el\\\/\"]}]},{\"@type\":\"ImageObject\",\"inLanguage\":\"fr-FR\",\"@id\":\"https:\\\/\\\/www.babcock-wanson.com\\\/fr\\\/produits\\\/chaudieres-electriques\\\/vap-el\\\/#primaryimage\",\"url\":\"https:\\\/\\\/www.babcock-wanson.com\\\/wp-content\\\/uploads\\\/2021\\\/12\\\/VAP-El-Category_image_2021.jpg\",\"contentUrl\":\"https:\\\/\\\/www.babcock-wanson.com\\\/wp-content\\\/uploads\\\/2021\\\/12\\\/VAP-El-Category_image_2021.jpg\",\"width\":600,\"height\":400,\"caption\":\"VAP El Category_image_2021\"},{\"@type\":\"BreadcrumbList\",\"@id\":\"https:\\\/\\\/www.babcock-wanson.com\\\/fr\\\/produits\\\/chaudieres-electriques\\\/vap-el\\\/#breadcrumb\",\"itemListElement\":[{\"@type\":\"ListItem\",\"position\":1,\"name\":\"Accueil\",\"item\":\"https:\\\/\\\/www.babcock-wanson.com\\\/fr\\\/\"},{\"@type\":\"ListItem\",\"position\":2,\"name\":\"Produits\",\"item\":\"https:\\\/\\\/www.babcock-wanson.com\\\/fr\\\/shop\\\/\"},{\"@type\":\"ListItem\",\"position\":3,\"name\":\"Chaudi\u00e8res \u00e9lectriques industrielles\",\"item\":\"https:\\\/\\\/www.babcock-wanson.com\\\/fr\\\/categorie-produit\\\/chaudieres-electriques\\\/\"},{\"@type\":\"ListItem\",\"position\":4,\"name\":\"VAP-EL\"}]},{\"@type\":\"WebSite\",\"@id\":\"https:\\\/\\\/www.babcock-wanson.com\\\/fr\\\/#website\",\"url\":\"https:\\\/\\\/www.babcock-wanson.com\\\/fr\\\/\",\"name\":\"Babcock Wanson\",\"description\":\"\",\"publisher\":{\"@id\":\"https:\\\/\\\/www.babcock-wanson.com\\\/fr\\\/#organization\"},\"potentialAction\":[{\"@type\":\"SearchAction\",\"target\":{\"@type\":\"EntryPoint\",\"urlTemplate\":\"https:\\\/\\\/www.babcock-wanson.com\\\/fr\\\/?s={search_term_string}\"},\"query-input\":{\"@type\":\"PropertyValueSpecification\",\"valueRequired\":true,\"valueName\":\"search_term_string\"}}],\"inLanguage\":\"fr-FR\"},{\"@type\":\"Organization\",\"@id\":\"https:\\\/\\\/www.babcock-wanson.com\\\/fr\\\/#organization\",\"name\":\"Babcock Wanson\",\"url\":\"https:\\\/\\\/www.babcock-wanson.com\\\/fr\\\/\",\"logo\":{\"@type\":\"ImageObject\",\"inLanguage\":\"fr-FR\",\"@id\":\"https:\\\/\\\/www.babcock-wanson.com\\\/fr\\\/#\\\/schema\\\/logo\\\/image\\\/\",\"url\":\"https:\\\/\\\/www.babcock-wanson.com\\\/wp-content\\\/uploads\\\/2024\\\/02\\\/Babcock-Wanson-1200x1200-1.png\",\"contentUrl\":\"https:\\\/\\\/www.babcock-wanson.com\\\/wp-content\\\/uploads\\\/2024\\\/02\\\/Babcock-Wanson-1200x1200-1.png\",\"width\":1200,\"height\":1200,\"caption\":\"Babcock Wanson\"},\"image\":{\"@id\":\"https:\\\/\\\/www.babcock-wanson.com\\\/fr\\\/#\\\/schema\\\/logo\\\/image\\\/\"},\"sameAs\":[\"https:\\\/\\\/www.linkedin.com\\\/company\\\/babcock-wanson\\\/\",\"https:\\\/\\\/www.youtube.com\\\/channel\\\/UCtxl25VieBBsP2kYmtlyv7A\"]}]}<\/script>\n<!-- \/ Yoast SEO Premium plugin. -->","yoast_head_json":{"title":"VAP-EL - Babcock Wanson","description":"Babcock Wanson propose une large s\u00e9lection de solutions de chaudi\u00e8res \u00e9lectriques VAP EL qui peuvent \u00eatre adapt\u00e9es aux besoins de nos clients. Cliquez ici pour en savoir plus","robots":{"index":"index","follow":"follow","max-snippet":"max-snippet:-1","max-image-preview":"max-image-preview:large","max-video-preview":"max-video-preview:-1"},"canonical":"https:\/\/www.babcock-wanson.com\/fr\/produits\/chaudieres-electriques\/vap-el\/","og_locale":"fr_FR","og_type":"article","og_title":"VAP-EL","og_description":"Babcock Wanson propose une large s\u00e9lection de solutions de chaudi\u00e8res \u00e9lectriques VAP EL qui peuvent \u00eatre adapt\u00e9es aux besoins de nos clients. Cliquez ici pour en savoir plus","og_url":"https:\/\/www.babcock-wanson.com\/fr\/produits\/chaudieres-electriques\/vap-el\/","og_site_name":"Babcock Wanson","article_modified_time":"2023-05-22T15:32:44+00:00","og_image":[{"width":600,"height":400,"url":"https:\/\/www.babcock-wanson.com\/wp-content\/uploads\/2021\/12\/VAP-El-Category_image_2021.jpg","type":"image\/jpeg"}],"twitter_card":"summary_large_image","twitter_misc":{"Est. reading time":"2 minutes"},"schema":{"@context":"https:\/\/schema.org","@graph":[{"@type":"WebPage","@id":"https:\/\/www.babcock-wanson.com\/fr\/produits\/chaudieres-electriques\/vap-el\/","url":"https:\/\/www.babcock-wanson.com\/fr\/produits\/chaudieres-electriques\/vap-el\/","name":"VAP-EL - Babcock Wanson","isPartOf":{"@id":"https:\/\/www.babcock-wanson.com\/fr\/#website"},"primaryImageOfPage":{"@id":"https:\/\/www.babcock-wanson.com\/fr\/produits\/chaudieres-electriques\/vap-el\/#primaryimage"},"image":{"@id":"https:\/\/www.babcock-wanson.com\/fr\/produits\/chaudieres-electriques\/vap-el\/#primaryimage"},"thumbnailUrl":"https:\/\/www.babcock-wanson.com\/wp-content\/uploads\/2021\/12\/VAP-El-Category_image_2021.jpg","datePublished":"2018-11-27T16:17:22+00:00","dateModified":"2023-05-22T15:32:44+00:00","description":"Babcock Wanson propose une large s\u00e9lection de solutions de chaudi\u00e8res \u00e9lectriques VAP EL qui peuvent \u00eatre adapt\u00e9es aux besoins de nos clients. Cliquez ici pour en savoir plus","breadcrumb":{"@id":"https:\/\/www.babcock-wanson.com\/fr\/produits\/chaudieres-electriques\/vap-el\/#breadcrumb"},"inLanguage":"fr-FR","potentialAction":[{"@type":"ReadAction","target":["https:\/\/www.babcock-wanson.com\/fr\/produits\/chaudieres-electriques\/vap-el\/"]}]},{"@type":"ImageObject","inLanguage":"fr-FR","@id":"https:\/\/www.babcock-wanson.com\/fr\/produits\/chaudieres-electriques\/vap-el\/#primaryimage","url":"https:\/\/www.babcock-wanson.com\/wp-content\/uploads\/2021\/12\/VAP-El-Category_image_2021.jpg","contentUrl":"https:\/\/www.babcock-wanson.com\/wp-content\/uploads\/2021\/12\/VAP-El-Category_image_2021.jpg","width":600,"height":400,"caption":"VAP El Category_image_2021"},{"@type":"BreadcrumbList","@id":"https:\/\/www.babcock-wanson.com\/fr\/produits\/chaudieres-electriques\/vap-el\/#breadcrumb","itemListElement":[{"@type":"ListItem","position":1,"name":"Accueil","item":"https:\/\/www.babcock-wanson.com\/fr\/"},{"@type":"ListItem","position":2,"name":"Produits","item":"https:\/\/www.babcock-wanson.com\/fr\/shop\/"},{"@type":"ListItem","position":3,"name":"Chaudi\u00e8res \u00e9lectriques industrielles","item":"https:\/\/www.babcock-wanson.com\/fr\/categorie-produit\/chaudieres-electriques\/"},{"@type":"ListItem","position":4,"name":"VAP-EL"}]},{"@type":"WebSite","@id":"https:\/\/www.babcock-wanson.com\/fr\/#website","url":"https:\/\/www.babcock-wanson.com\/fr\/","name":"Babcock Wanson","description":"","publisher":{"@id":"https:\/\/www.babcock-wanson.com\/fr\/#organization"},"potentialAction":[{"@type":"SearchAction","target":{"@type":"EntryPoint","urlTemplate":"https:\/\/www.babcock-wanson.com\/fr\/?s={search_term_string}"},"query-input":{"@type":"PropertyValueSpecification","valueRequired":true,"valueName":"search_term_string"}}],"inLanguage":"fr-FR"},{"@type":"Organization","@id":"https:\/\/www.babcock-wanson.com\/fr\/#organization","name":"Babcock Wanson","url":"https:\/\/www.babcock-wanson.com\/fr\/","logo":{"@type":"ImageObject","inLanguage":"fr-FR","@id":"https:\/\/www.babcock-wanson.com\/fr\/#\/schema\/logo\/image\/","url":"https:\/\/www.babcock-wanson.com\/wp-content\/uploads\/2024\/02\/Babcock-Wanson-1200x1200-1.png","contentUrl":"https:\/\/www.babcock-wanson.com\/wp-content\/uploads\/2024\/02\/Babcock-Wanson-1200x1200-1.png","width":1200,"height":1200,"caption":"Babcock Wanson"},"image":{"@id":"https:\/\/www.babcock-wanson.com\/fr\/#\/schema\/logo\/image\/"},"sameAs":["https:\/\/www.linkedin.com\/company\/babcock-wanson\/","https:\/\/www.youtube.com\/channel\/UCtxl25VieBBsP2kYmtlyv7A"]}]}},"jetpack_sharing_enabled":true,"_links":{"self":[{"href":"https:\/\/www.babcock-wanson.com\/fr\/wp-json\/wp\/v2\/product\/23445","targetHints":{"allow":["GET"]}}],"collection":[{"href":"https:\/\/www.babcock-wanson.com\/fr\/wp-json\/wp\/v2\/product"}],"about":[{"href":"https:\/\/www.babcock-wanson.com\/fr\/wp-json\/wp\/v2\/types\/product"}],"replies":[{"embeddable":true,"href":"https:\/\/www.babcock-wanson.com\/fr\/wp-json\/wp\/v2\/comments?post=23445"}],"wp:featuredmedia":[{"embeddable":true,"href":"https:\/\/www.babcock-wanson.com\/fr\/wp-json\/wp\/v2\/media\/41375"}],"wp:attachment":[{"href":"https:\/\/www.babcock-wanson.com\/fr\/wp-json\/wp\/v2\/media?parent=23445"}],"wp:term":[{"taxonomy":"product_brand","embeddable":true,"href":"https:\/\/www.babcock-wanson.com\/fr\/wp-json\/wp\/v2\/product_brand?post=23445"},{"taxonomy":"product_cat","embeddable":true,"href":"https:\/\/www.babcock-wanson.com\/fr\/wp-json\/wp\/v2\/product_cat?post=23445"},{"taxonomy":"product_tag","embeddable":true,"href":"https:\/\/www.babcock-wanson.com\/fr\/wp-json\/wp\/v2\/product_tag?post=23445"}],"curies":[{"name":"wp","href":"https:\/\/api.w.org\/{rel}","templated":true}]}}