{"id":23456,"date":"2019-02-12T11:14:04","date_gmt":"2019-02-12T11:14:04","guid":{"rendered":"https:\/\/www.babcock-wanson.com\/products\/non%20class\u00e9\/vap-bp\/"},"modified":"2022-06-29T13:36:17","modified_gmt":"2022-06-29T12:36:17","slug":"vap-bp","status":"publish","type":"product","link":"https:\/\/www.babcock-wanson.com\/fr\/produits\/chaudieres-tubes-de-fumees\/vap-bp\/","title":{"rendered":"VAP-BP"},"content":{"rendered":"<div class=\"vgblk-rw-wrapper limit-wrapper\">\n<h3>Production de vapeur basse pression<\/h3>\n<p>La s\u00e9rie VAP BP est con\u00e7ue pour produire de la vapeur \u00e0 basse pression (0,5 barg) et pour satisfaire une vari\u00e9t\u00e9 de process industriels qui ne n\u00e9cessitent pas de haute pression. La VAP BP \u00e9vite de consommer inutilement de l\u2019\u00e9nergie en fournissant de la vapeur \u00e0 la pression d\u2019utilisation souhait\u00e9e, sans avoir besoin d\u2019\u00e9quipement co\u00fbteux de r\u00e9duction de la pression de vapeur.<\/p>\n<p>La chaudi\u00e8re VAP BP est une chaudi\u00e8re \u00e0 3 parcours dot\u00e9e d\u2019une chambre de combustion importante et d\u2019une grande quantit\u00e9 d\u2019eau, ce qui l\u2019aide \u00e0 composer avec des charges de vapeur changeantes et des pics de demande \u00e9lev\u00e9s. Une efficacit\u00e9 de fonctionnement \u00e9lev\u00e9e allant jusqu\u2019\u00e0 92% bas\u00e9e sur la valeur calorifique nette du combustible peut \u00eatre obtenue gr\u00e2ce \u00e0 sa basse temp\u00e9rature de fonctionnement et sa surface de chauffage g\u00e9n\u00e9reuse.<\/p>\n<p>La technologie de br\u00fbleur la plus r\u00e9cente garantit que la gamme VAP BP est conforme \u00e0 toutes les r\u00e9glementations concernant les \u00e9missions.<\/p>\n<h3>Caract\u00e9ristiques de la VAP BP<\/h3>\n<ul>\n<li>Pression de service \/ Temp\u00e9rature 0,5 bar \/ 110 \u00b0C<\/li>\n<li>Tr\u00e8s faibles pertes de chaleur<\/li>\n<li>Conception \u00e0 grand volume d\u2019eau pour g\u00e9rer les charges de vapeur continues et intermittentes<\/li>\n<li>Simple \u00e0 installer et \u00e0 utiliser gr\u00e2ce au fonctionnement \u00e0 basse pression<\/li>\n<li>Exclue du contr\u00f4le r\u00e9glementaire de la vapeur dans de nombreux pays europ\u00e9ens<\/li>\n<li>Con\u00e7ue pour fonctionner avec des combustibles gazeux et liquide<\/li>\n<li>Faibles \u00e9missions de Nox et de CO<\/li>\n<li>Capable de fonctionner sans pompe &#8211; directement \u00e0 partir de la pression d\u2019alimentation en eau du r\u00e9seau<\/li>\n<li>Exigences de maintenance simplifi\u00e9es<\/li>\n<\/ul>\n<p>La VAP BP est parfaitement adapt\u00e9 aux proc\u00e9d\u00e9s tels que les blanchisseries industrielles, certains proc\u00e9d\u00e9s alimentaires ou toute simple demande de vapeur \u00e0 basse pression.<\/p>\n<h2>VAP BP Chaudi\u00e8re Vapeur Basse Pression<\/h2>\n<div class=\"table-responsive\">\n<table>\n<tbody>\n<tr>\n<th class=\"bg-primary text-white\">Mod\u00e8le<\/th>\n<th class=\"bg-primary text-white\"><\/th>\n<th>140<\/th>\n<th>200<\/th>\n<th>300<\/th>\n<th>400<\/th>\n<th>500<\/th>\n<th>700<\/th>\n<th>800<\/th>\n<th>1000<\/th>\n<\/tr>\n<tr>\n<th>Production Vapeur (1)<\/th>\n<th>Kg\/h<\/th>\n<td>140<\/td>\n<td>200<\/td>\n<td>300<\/td>\n<td>400<\/td>\n<td>500<\/td>\n<td>700<\/td>\n<td>800<\/td>\n<td>1000<\/td>\n<\/tr>\n<tr>\n<th>Puissance net<\/th>\n<th>kW<\/th>\n<td>94<\/td>\n<td>134<\/td>\n<td>201<\/td>\n<td>268<\/td>\n<td>335<\/td>\n<td>469<\/td>\n<td>536<\/td>\n<td>670<\/td>\n<\/tr>\n<tr class=\"table-secondary\">\n<th class=\"bg-secondary text-white\">Largeur A<\/th>\n<th class=\"bg-secondary text-white\">mm<\/th>\n<td>1658<\/td>\n<td>1658<\/td>\n<td>1743<\/td>\n<td>1743<\/td>\n<td>1865<\/td>\n<td>1865<\/td>\n<td>2050<\/td>\n<td>2050<\/td>\n<\/tr>\n<tr class=\"table-dark\">\n<th class=\"bg-dark text-white\">Longueur B (2)<\/th>\n<th class=\"bg-dark text-white\">mm<\/th>\n<td>1739<\/td>\n<td>1809<\/td>\n<td>2057<\/td>\n<td>2057<\/td>\n<td>2061<\/td>\n<td>2361<\/td>\n<td>2359<\/td>\n<td>2559<\/td>\n<\/tr>\n<tr class=\"table-primary\">\n<th class=\"bg-primary text-white\">Hauteur C<\/th>\n<th class=\"bg-primary text-white\">mm<\/th>\n<td>1794<\/td>\n<td>1794<\/td>\n<td>1886<\/td>\n<td>1886<\/td>\n<td>2030<\/td>\n<td>2060<\/td>\n<td>2333<\/td>\n<td>2333<\/td>\n<\/tr>\n<tr>\n<th>Poids net (2)<\/th>\n<th>kg<\/th>\n<td>850<\/td>\n<td>850<\/td>\n<td>1220<\/td>\n<td>1220<\/td>\n<td>1470<\/td>\n<td>1650<\/td>\n<td>1820<\/td>\n<td>1970<\/td>\n<\/tr>\n<\/tbody>\n<\/table>\n<\/div>\n<p>(1) Pour une eau alimentaire \u00e0 70\u00b0C<\/p>\n<p>(2) Hors br\u00fbleur<\/p>\n<h2>VAP BP+ Chaudi\u00e8re Vapeur Basse Pression<\/h2>\n<div class=\"table-responsive\">\n<table>\n<tbody>\n<tr>\n<th class=\"bg-primary text-white\">Mod\u00e8le<\/th>\n<th class=\"bg-primary text-white\"><\/th>\n<th>1250<\/th>\n<th>1500<\/th>\n<th>1750<\/th>\n<th>2000<\/th>\n<th>2500<\/th>\n<th>3000<\/th>\n<th>3500<\/th>\n<th>4000<\/th>\n<\/tr>\n<tr>\n<th>Production Vapeur (1)<\/th>\n<th>Kg\/h<\/th>\n<td>1250<\/td>\n<td>1500<\/td>\n<td>1750<\/td>\n<td>2000<\/td>\n<td>2500<\/td>\n<td>3000<\/td>\n<td>3500<\/td>\n<td>4000<\/td>\n<\/tr>\n<tr>\n<th>Puissance net<\/th>\n<th>kW<\/th>\n<td>837<\/td>\n<td>1005<\/td>\n<td>1172<\/td>\n<td>1339<\/td>\n<td>1674<\/td>\n<td>2009<\/td>\n<td>2343<\/td>\n<td>2678<\/td>\n<\/tr>\n<tr class=\"table-secondary\">\n<th class=\"bg-secondary text-white\">Largeur A<\/th>\n<th class=\"bg-secondary text-white\">mm<\/th>\n<td>2195<\/td>\n<td>2195<\/td>\n<td>2195<\/td>\n<td>2305<\/td>\n<td>2520<\/td>\n<td>2600<\/td>\n<td>2600<\/td>\n<td>2768<\/td>\n<\/tr>\n<tr class=\"table-dark\">\n<th class=\"bg-dark text-white\">Longueur B (2)<\/th>\n<th class=\"bg-dark text-white\">mm<\/th>\n<td>2560<\/td>\n<td>2810<\/td>\n<td>3060<\/td>\n<td>3060<\/td>\n<td>3370<\/td>\n<td>3367<\/td>\n<td>3567<\/td>\n<td>3861<\/td>\n<\/tr>\n<tr class=\"table-primary\">\n<th class=\"bg-primary text-white\">Hauteur C<\/th>\n<th class=\"bg-primary text-white\">mm<\/th>\n<td>2614<\/td>\n<td>2614<\/td>\n<td>2614<\/td>\n<td>2843<\/td>\n<td>2884<\/td>\n<td>3004<\/td>\n<td>3004<\/td>\n<td>3230<\/td>\n<\/tr>\n<tr>\n<th>Poids net (2)<\/th>\n<th>kg<\/th>\n<td>2230<\/td>\n<td>2530<\/td>\n<td>3150<\/td>\n<td>3470<\/td>\n<td>4650<\/td>\n<td>5150<\/td>\n<td>5150<\/td>\n<td>7190<\/td>\n<\/tr>\n<\/tbody>\n<\/table>\n<\/div>\n<p>(1) Pour une eau alimentaire \u00e0 70\u00b0C<\/p>\n<p>(2) Hors br\u00fbleur<\/p>\n<p>&nbsp;<\/p><\/div>\n<p><!-- .vgblk-rw-wrapper --><\/p>\n","protected":false},"excerpt":{"rendered":"<p><strong>Production de vapeur de 160 kg\/h \u00e0 5300 kg\/h<\/strong><br \/>\nLa s\u00e9rie VAP BP a \u00e9t\u00e9 sp\u00e9cialement d\u00e9velopp\u00e9e pour la production \u00e9conomique et s\u00fbre de vapeur basse pression et est con\u00e7ue pour fonctionner sans contraintes r\u00e9glementaires. Cela simplifie les exigences d\u2019installation et d\u2019exploitation et r\u00e9duit les co\u00fbts pour les process qui ne n\u00e9cessitent pas une pression ou une temp\u00e9rature de vapeur \u00e9lev\u00e9e.<\/p>\n","protected":false},"featured_media":23461,"comment_status":"closed","ping_status":"closed","template":"","meta":{"_acf_changed":false,"_relevanssi_hide_post":"","_relevanssi_hide_content":"","_relevanssi_pin_for_all":"","_relevanssi_pin_keywords":"","_relevanssi_unpin_keywords":"","_relevanssi_related_keywords":"","_relevanssi_related_include_ids":"","_relevanssi_related_exclude_ids":"","_relevanssi_related_no_append":"","_relevanssi_related_not_related":"","_relevanssi_related_posts":"","_relevanssi_noindex_reason":""},"product_brand":[],"product_cat":[2650,2656],"product_tag":[],"class_list":{"0":"post-23456","1":"product","2":"type-product","3":"status-publish","4":"has-post-thumbnail","6":"product_cat-chaudieres-tubes-de-fumees","7":"product_cat-chaudieres-vapeur","9":"first","10":"instock","11":"shipping-taxable","12":"product-type-simple"},"acf":[],"yoast_head":"<!-- This site is optimized with the Yoast SEO Premium plugin v27.4 (Yoast SEO v27.4) - https:\/\/yoast.com\/product\/yoast-seo-premium-wordpress\/ -->\n<title>VAP-BP - Babcock Wanson<\/title>\n<meta name=\"description\" content=\"La s\u00e9rie VAP BP a \u00e9t\u00e9 sp\u00e9cialement d\u00e9velopp\u00e9e pour la production s\u00e9curis\u00e9e et \u00e9conomique de vapeur \u00e0 basse pression. Visitez notre site web pour en savoir plus sur les chaudi\u00e8res VAP-BP\" \/>\n<meta name=\"robots\" content=\"index, follow, max-snippet:-1, max-image-preview:large, max-video-preview:-1\" \/>\n<link rel=\"canonical\" href=\"https:\/\/www.babcock-wanson.com\/fr\/produits\/chaudieres-tubes-de-fumees\/vap-bp\/\" \/>\n<meta property=\"og:locale\" content=\"fr_FR\" \/>\n<meta property=\"og:type\" content=\"article\" \/>\n<meta property=\"og:title\" content=\"VAP-BP\" \/>\n<meta property=\"og:description\" content=\"La s\u00e9rie VAP BP a \u00e9t\u00e9 sp\u00e9cialement d\u00e9velopp\u00e9e pour la production s\u00e9curis\u00e9e et \u00e9conomique de vapeur \u00e0 basse pression. Visitez notre site web pour en savoir plus sur les chaudi\u00e8res VAP-BP\" \/>\n<meta property=\"og:url\" content=\"https:\/\/www.babcock-wanson.com\/fr\/produits\/chaudieres-tubes-de-fumees\/vap-bp\/\" \/>\n<meta property=\"og:site_name\" content=\"Babcock Wanson\" \/>\n<meta property=\"article:modified_time\" content=\"2022-06-29T12:36:17+00:00\" \/>\n<meta property=\"og:image\" content=\"https:\/\/www.babcock-wanson.com\/wp-content\/uploads\/2019\/02\/Vap_BP_new_1.jpg\" \/>\n\t<meta property=\"og:image:width\" content=\"600\" \/>\n\t<meta property=\"og:image:height\" content=\"400\" \/>\n\t<meta property=\"og:image:type\" content=\"image\/jpeg\" \/>\n<meta name=\"twitter:card\" content=\"summary_large_image\" \/>\n<meta name=\"twitter:label1\" content=\"Est. reading time\" \/>\n\t<meta name=\"twitter:data1\" content=\"2 minutes\" \/>\n<script type=\"application\/ld+json\" class=\"yoast-schema-graph\">{\"@context\":\"https:\\\/\\\/schema.org\",\"@graph\":[{\"@type\":\"WebPage\",\"@id\":\"https:\\\/\\\/www.babcock-wanson.com\\\/fr\\\/produits\\\/chaudieres-tubes-de-fumees\\\/vap-bp\\\/\",\"url\":\"https:\\\/\\\/www.babcock-wanson.com\\\/fr\\\/produits\\\/chaudieres-tubes-de-fumees\\\/vap-bp\\\/\",\"name\":\"VAP-BP - Babcock Wanson\",\"isPartOf\":{\"@id\":\"https:\\\/\\\/www.babcock-wanson.com\\\/fr\\\/#website\"},\"primaryImageOfPage\":{\"@id\":\"https:\\\/\\\/www.babcock-wanson.com\\\/fr\\\/produits\\\/chaudieres-tubes-de-fumees\\\/vap-bp\\\/#primaryimage\"},\"image\":{\"@id\":\"https:\\\/\\\/www.babcock-wanson.com\\\/fr\\\/produits\\\/chaudieres-tubes-de-fumees\\\/vap-bp\\\/#primaryimage\"},\"thumbnailUrl\":\"https:\\\/\\\/www.babcock-wanson.com\\\/wp-content\\\/uploads\\\/2019\\\/02\\\/Vap_BP_new_1.jpg\",\"datePublished\":\"2019-02-12T11:14:04+00:00\",\"dateModified\":\"2022-06-29T12:36:17+00:00\",\"description\":\"La s\u00e9rie VAP BP a \u00e9t\u00e9 sp\u00e9cialement d\u00e9velopp\u00e9e pour la production s\u00e9curis\u00e9e et \u00e9conomique de vapeur \u00e0 basse pression. Visitez notre site web pour en savoir plus sur les chaudi\u00e8res VAP-BP\",\"breadcrumb\":{\"@id\":\"https:\\\/\\\/www.babcock-wanson.com\\\/fr\\\/produits\\\/chaudieres-tubes-de-fumees\\\/vap-bp\\\/#breadcrumb\"},\"inLanguage\":\"fr-FR\",\"potentialAction\":[{\"@type\":\"ReadAction\",\"target\":[\"https:\\\/\\\/www.babcock-wanson.com\\\/fr\\\/produits\\\/chaudieres-tubes-de-fumees\\\/vap-bp\\\/\"]}]},{\"@type\":\"ImageObject\",\"inLanguage\":\"fr-FR\",\"@id\":\"https:\\\/\\\/www.babcock-wanson.com\\\/fr\\\/produits\\\/chaudieres-tubes-de-fumees\\\/vap-bp\\\/#primaryimage\",\"url\":\"https:\\\/\\\/www.babcock-wanson.com\\\/wp-content\\\/uploads\\\/2019\\\/02\\\/Vap_BP_new_1.jpg\",\"contentUrl\":\"https:\\\/\\\/www.babcock-wanson.com\\\/wp-content\\\/uploads\\\/2019\\\/02\\\/Vap_BP_new_1.jpg\",\"width\":600,\"height\":400,\"caption\":\"VA BP Chaudi\u00e8re Basse Pression\"},{\"@type\":\"BreadcrumbList\",\"@id\":\"https:\\\/\\\/www.babcock-wanson.com\\\/fr\\\/produits\\\/chaudieres-tubes-de-fumees\\\/vap-bp\\\/#breadcrumb\",\"itemListElement\":[{\"@type\":\"ListItem\",\"position\":1,\"name\":\"Accueil\",\"item\":\"https:\\\/\\\/www.babcock-wanson.com\\\/fr\\\/\"},{\"@type\":\"ListItem\",\"position\":2,\"name\":\"Produits\",\"item\":\"https:\\\/\\\/www.babcock-wanson.com\\\/fr\\\/shop\\\/\"},{\"@type\":\"ListItem\",\"position\":3,\"name\":\"Chaudi\u00e8res tubes de fum\u00e9es\",\"item\":\"https:\\\/\\\/www.babcock-wanson.com\\\/fr\\\/categorie-produit\\\/chaudieres-tubes-de-fumees\\\/\"},{\"@type\":\"ListItem\",\"position\":4,\"name\":\"VAP-BP\"}]},{\"@type\":\"WebSite\",\"@id\":\"https:\\\/\\\/www.babcock-wanson.com\\\/fr\\\/#website\",\"url\":\"https:\\\/\\\/www.babcock-wanson.com\\\/fr\\\/\",\"name\":\"Babcock Wanson\",\"description\":\"\",\"publisher\":{\"@id\":\"https:\\\/\\\/www.babcock-wanson.com\\\/fr\\\/#organization\"},\"potentialAction\":[{\"@type\":\"SearchAction\",\"target\":{\"@type\":\"EntryPoint\",\"urlTemplate\":\"https:\\\/\\\/www.babcock-wanson.com\\\/fr\\\/?s={search_term_string}\"},\"query-input\":{\"@type\":\"PropertyValueSpecification\",\"valueRequired\":true,\"valueName\":\"search_term_string\"}}],\"inLanguage\":\"fr-FR\"},{\"@type\":\"Organization\",\"@id\":\"https:\\\/\\\/www.babcock-wanson.com\\\/fr\\\/#organization\",\"name\":\"Babcock Wanson\",\"url\":\"https:\\\/\\\/www.babcock-wanson.com\\\/fr\\\/\",\"logo\":{\"@type\":\"ImageObject\",\"inLanguage\":\"fr-FR\",\"@id\":\"https:\\\/\\\/www.babcock-wanson.com\\\/fr\\\/#\\\/schema\\\/logo\\\/image\\\/\",\"url\":\"https:\\\/\\\/www.babcock-wanson.com\\\/wp-content\\\/uploads\\\/2024\\\/02\\\/Babcock-Wanson-1200x1200-1.png\",\"contentUrl\":\"https:\\\/\\\/www.babcock-wanson.com\\\/wp-content\\\/uploads\\\/2024\\\/02\\\/Babcock-Wanson-1200x1200-1.png\",\"width\":1200,\"height\":1200,\"caption\":\"Babcock Wanson\"},\"image\":{\"@id\":\"https:\\\/\\\/www.babcock-wanson.com\\\/fr\\\/#\\\/schema\\\/logo\\\/image\\\/\"},\"sameAs\":[\"https:\\\/\\\/www.linkedin.com\\\/company\\\/babcock-wanson\\\/\",\"https:\\\/\\\/www.youtube.com\\\/channel\\\/UCtxl25VieBBsP2kYmtlyv7A\"]}]}<\/script>\n<!-- \/ Yoast SEO Premium plugin. -->","yoast_head_json":{"title":"VAP-BP - Babcock Wanson","description":"La s\u00e9rie VAP BP a \u00e9t\u00e9 sp\u00e9cialement d\u00e9velopp\u00e9e pour la production s\u00e9curis\u00e9e et \u00e9conomique de vapeur \u00e0 basse pression. Visitez notre site web pour en savoir plus sur les chaudi\u00e8res VAP-BP","robots":{"index":"index","follow":"follow","max-snippet":"max-snippet:-1","max-image-preview":"max-image-preview:large","max-video-preview":"max-video-preview:-1"},"canonical":"https:\/\/www.babcock-wanson.com\/fr\/produits\/chaudieres-tubes-de-fumees\/vap-bp\/","og_locale":"fr_FR","og_type":"article","og_title":"VAP-BP","og_description":"La s\u00e9rie VAP BP a \u00e9t\u00e9 sp\u00e9cialement d\u00e9velopp\u00e9e pour la production s\u00e9curis\u00e9e et \u00e9conomique de vapeur \u00e0 basse pression. Visitez notre site web pour en savoir plus sur les chaudi\u00e8res VAP-BP","og_url":"https:\/\/www.babcock-wanson.com\/fr\/produits\/chaudieres-tubes-de-fumees\/vap-bp\/","og_site_name":"Babcock Wanson","article_modified_time":"2022-06-29T12:36:17+00:00","og_image":[{"width":600,"height":400,"url":"https:\/\/www.babcock-wanson.com\/wp-content\/uploads\/2019\/02\/Vap_BP_new_1.jpg","type":"image\/jpeg"}],"twitter_card":"summary_large_image","twitter_misc":{"Est. reading time":"2 minutes"},"schema":{"@context":"https:\/\/schema.org","@graph":[{"@type":"WebPage","@id":"https:\/\/www.babcock-wanson.com\/fr\/produits\/chaudieres-tubes-de-fumees\/vap-bp\/","url":"https:\/\/www.babcock-wanson.com\/fr\/produits\/chaudieres-tubes-de-fumees\/vap-bp\/","name":"VAP-BP - Babcock Wanson","isPartOf":{"@id":"https:\/\/www.babcock-wanson.com\/fr\/#website"},"primaryImageOfPage":{"@id":"https:\/\/www.babcock-wanson.com\/fr\/produits\/chaudieres-tubes-de-fumees\/vap-bp\/#primaryimage"},"image":{"@id":"https:\/\/www.babcock-wanson.com\/fr\/produits\/chaudieres-tubes-de-fumees\/vap-bp\/#primaryimage"},"thumbnailUrl":"https:\/\/www.babcock-wanson.com\/wp-content\/uploads\/2019\/02\/Vap_BP_new_1.jpg","datePublished":"2019-02-12T11:14:04+00:00","dateModified":"2022-06-29T12:36:17+00:00","description":"La s\u00e9rie VAP BP a \u00e9t\u00e9 sp\u00e9cialement d\u00e9velopp\u00e9e pour la production s\u00e9curis\u00e9e et \u00e9conomique de vapeur \u00e0 basse pression. Visitez notre site web pour en savoir plus sur les chaudi\u00e8res VAP-BP","breadcrumb":{"@id":"https:\/\/www.babcock-wanson.com\/fr\/produits\/chaudieres-tubes-de-fumees\/vap-bp\/#breadcrumb"},"inLanguage":"fr-FR","potentialAction":[{"@type":"ReadAction","target":["https:\/\/www.babcock-wanson.com\/fr\/produits\/chaudieres-tubes-de-fumees\/vap-bp\/"]}]},{"@type":"ImageObject","inLanguage":"fr-FR","@id":"https:\/\/www.babcock-wanson.com\/fr\/produits\/chaudieres-tubes-de-fumees\/vap-bp\/#primaryimage","url":"https:\/\/www.babcock-wanson.com\/wp-content\/uploads\/2019\/02\/Vap_BP_new_1.jpg","contentUrl":"https:\/\/www.babcock-wanson.com\/wp-content\/uploads\/2019\/02\/Vap_BP_new_1.jpg","width":600,"height":400,"caption":"VA BP Chaudi\u00e8re Basse Pression"},{"@type":"BreadcrumbList","@id":"https:\/\/www.babcock-wanson.com\/fr\/produits\/chaudieres-tubes-de-fumees\/vap-bp\/#breadcrumb","itemListElement":[{"@type":"ListItem","position":1,"name":"Accueil","item":"https:\/\/www.babcock-wanson.com\/fr\/"},{"@type":"ListItem","position":2,"name":"Produits","item":"https:\/\/www.babcock-wanson.com\/fr\/shop\/"},{"@type":"ListItem","position":3,"name":"Chaudi\u00e8res tubes de fum\u00e9es","item":"https:\/\/www.babcock-wanson.com\/fr\/categorie-produit\/chaudieres-tubes-de-fumees\/"},{"@type":"ListItem","position":4,"name":"VAP-BP"}]},{"@type":"WebSite","@id":"https:\/\/www.babcock-wanson.com\/fr\/#website","url":"https:\/\/www.babcock-wanson.com\/fr\/","name":"Babcock Wanson","description":"","publisher":{"@id":"https:\/\/www.babcock-wanson.com\/fr\/#organization"},"potentialAction":[{"@type":"SearchAction","target":{"@type":"EntryPoint","urlTemplate":"https:\/\/www.babcock-wanson.com\/fr\/?s={search_term_string}"},"query-input":{"@type":"PropertyValueSpecification","valueRequired":true,"valueName":"search_term_string"}}],"inLanguage":"fr-FR"},{"@type":"Organization","@id":"https:\/\/www.babcock-wanson.com\/fr\/#organization","name":"Babcock Wanson","url":"https:\/\/www.babcock-wanson.com\/fr\/","logo":{"@type":"ImageObject","inLanguage":"fr-FR","@id":"https:\/\/www.babcock-wanson.com\/fr\/#\/schema\/logo\/image\/","url":"https:\/\/www.babcock-wanson.com\/wp-content\/uploads\/2024\/02\/Babcock-Wanson-1200x1200-1.png","contentUrl":"https:\/\/www.babcock-wanson.com\/wp-content\/uploads\/2024\/02\/Babcock-Wanson-1200x1200-1.png","width":1200,"height":1200,"caption":"Babcock Wanson"},"image":{"@id":"https:\/\/www.babcock-wanson.com\/fr\/#\/schema\/logo\/image\/"},"sameAs":["https:\/\/www.linkedin.com\/company\/babcock-wanson\/","https:\/\/www.youtube.com\/channel\/UCtxl25VieBBsP2kYmtlyv7A"]}]}},"jetpack_sharing_enabled":true,"_links":{"self":[{"href":"https:\/\/www.babcock-wanson.com\/fr\/wp-json\/wp\/v2\/product\/23456","targetHints":{"allow":["GET"]}}],"collection":[{"href":"https:\/\/www.babcock-wanson.com\/fr\/wp-json\/wp\/v2\/product"}],"about":[{"href":"https:\/\/www.babcock-wanson.com\/fr\/wp-json\/wp\/v2\/types\/product"}],"replies":[{"embeddable":true,"href":"https:\/\/www.babcock-wanson.com\/fr\/wp-json\/wp\/v2\/comments?post=23456"}],"wp:featuredmedia":[{"embeddable":true,"href":"https:\/\/www.babcock-wanson.com\/fr\/wp-json\/wp\/v2\/media\/23461"}],"wp:attachment":[{"href":"https:\/\/www.babcock-wanson.com\/fr\/wp-json\/wp\/v2\/media?parent=23456"}],"wp:term":[{"taxonomy":"product_brand","embeddable":true,"href":"https:\/\/www.babcock-wanson.com\/fr\/wp-json\/wp\/v2\/product_brand?post=23456"},{"taxonomy":"product_cat","embeddable":true,"href":"https:\/\/www.babcock-wanson.com\/fr\/wp-json\/wp\/v2\/product_cat?post=23456"},{"taxonomy":"product_tag","embeddable":true,"href":"https:\/\/www.babcock-wanson.com\/fr\/wp-json\/wp\/v2\/product_tag?post=23456"}],"curies":[{"name":"wp","href":"https:\/\/api.w.org\/{rel}","templated":true}]}}