{"id":23462,"date":"2019-03-25T08:25:27","date_gmt":"2019-03-25T08:25:27","guid":{"rendered":"https:\/\/www.babcock-wanson.com\/products\/non%20class\u00e9\/twin-furnace\/"},"modified":"2025-04-15T16:24:12","modified_gmt":"2025-04-15T15:24:12","slug":"chaudiere-twinpack","status":"publish","type":"product","link":"https:\/\/www.babcock-wanson.com\/fr\/produits\/chaudieres-tubes-de-fumees\/chaudiere-twinpack\/","title":{"rendered":"TwinPack"},"content":{"rendered":"<div class=\"vgblk-rw-wrapper limit-wrapper\">\n<h2>Haute performance<\/h2>\n<p><strong>Efficacit\u00e9 \u00e9nerg\u00e9tique<\/strong><br \/>\nDes rendements sup\u00e9rieurs \u00e0 98% (<a href=\"https:\/\/www.babcock-wanson.com\/fr\/produits\/chaudieres-de-recuperation\/prechauffage-de-lair-r-eco\/\" target=\"_blank\" rel=\"noopener\">R-Eco<\/a>) et 105% (condensation) peuvent \u00eatre atteints avec un <a href=\"https:\/\/www.babcock-wanson.com\/fr\/produits\/chaudieres-de-recuperation\/economiseur\/\" target=\"_blank\" rel=\"noopener\">\u00e9conomiseur<\/a> Babcock Wanson et un syst\u00e8me de r\u00e9cup\u00e9ration de chaleur adapt\u00e9s.<br \/>\nLa constance du rendement est une caract\u00e9ristiques cl\u00e9 de Babcok Wanson. La micro-modulation et la t\u00eate de combustion ont \u00e9t\u00e9 sp\u00e9cialement con\u00e7ues pour un contr\u00f4le parfait de l\u2019exc\u00e8s d\u2019air et un fonctionnement non d\u00e9grad\u00e9 \u00e0 bas r\u00e9gime. Le fonctionnement simultan\u00e9 des br\u00fbleurs garantit une r\u00e9partition parfaite de la charge thermique tout en assurant une grande flexibilit\u00e9 gr\u00e2ce aux taux de modulation des br\u00fbleurs BW allant jusqu\u2019\u00e0 1 \u00e0 30 au gaz naturel.<br \/>\n<strong>Faible impact environnemental<\/strong><br \/>\nL\u2019ad\u00e9quation parfaite entre le corps de la chaudi\u00e8re et les br\u00fbleurs garantit une combustion optimale et des niveaux d\u2019\u00e9mission parfaitement ma\u00eetris\u00e9s. Les \u00e9missions de CO2 sont tout d\u2019abord limit\u00e9 par un rendement optimal. Les \u00e9missions d\u2019oxyde d\u2019azote (NOx) sont tr\u00e8s bas gr\u00e2ce aux technologies de combustion Babcock Wanson et permettent ainsi de satisfaire l\u2019ensemble des r\u00e9glementations et les MTD.<br \/>\n<strong>Fiabilit\u00e9 et s\u00e9curit\u00e9<\/strong><br \/>\nLa gamme TwinPack b\u00e9n\u00e9ficie des syst\u00e8mes de r\u00e9gulation et de pilotage les plus avanc\u00e9s de Babcock Wanson. Pour le suivi des performances et le suivi quotidien, le syst\u00e8me Navinergy permettra une exploitation locale gr\u00e2ce \u00e0 l\u2019IHM et \u00e0 distance gr\u00e2ce \u00e0 une interface web.<\/p>\n<h2>Co\u00fbts d\u2019exploitation reduits<\/h2>\n<p><strong>Robustesse et long\u00e9vit\u00e9<\/strong><br \/>\nLes chaudi\u00e8res TwinPack, comprennent une chambre d\u2019inversion des gaz de combustion de construction tubulaire. Cette technologie unique \u00e0 Babcock Wanson ne n\u00e9cessite aucun tirant ni renfort et permet de grandes variations de charge sans contrainte m\u00e9canique sur le corps sous pression.<br \/>\nDe plus, le refroidissement par circulation d\u2019eau de la chambre d\u2019inversion des gaz de combustion ne n\u00e9cessite aucun b\u00e9ton r\u00e9fractaire.<br \/>\n<strong>Facilit\u00e9 d\u2019acc\u00e8s<\/strong><br \/>\nLa plaque tubulaire et le foyer sont facilement accessibles gr\u00e2ce \u00e0 de grandes portes \u00e0 bras r\u00e9glables en fa\u00e7ade et \u00e0 des trappes de visites lat\u00e9rales.<br \/>\nLa trappe d\u2019inspection arri\u00e8re offre \u00e9galement un acc\u00e8s complet.<br \/>\nLa plateforme sup\u00e9rieure en aluminium l\u00e9ger offre un acc\u00e8s \u00e0 tous les appareillages.<br \/>\n<strong>Exploitation \u00e9conomique<\/strong><br \/>\nL\u2019ensemble des modes d\u2019exploitation exclusifs Babcock Wanson sont disponibles sur cette s\u00e9rie : exploitation surveill\u00e9e ou non surveill\u00e9e (3J, 7J et m\u00eame 30J pour un fonctionnement dans les limites autoris\u00e9es).<\/p>\n<h3>Pourquoi choisir la gamme Twinpack de Babcock Wanson ?<\/h3>\n<ul>\n<li>Rendements et faibles \u00e9missions<\/li>\n<li>Chaudi\u00e8re compacte<\/li>\n<li>Maintenance simple et ais\u00e9e<\/li>\n<li>Robustesse et long\u00e9vit\u00e9<\/li>\n<li>Economiseurs en base<\/li>\n<li>Connectivit\u00e9 avec notre syst\u00e8me <a href=\"https:\/\/www.babcock-wanson.com\/fr\/2023\/02\/02\/navinergy-la-chaufferie-connectee\/\" target=\"_blank\" rel=\"noopener\">Navinergy<\/a><\/li>\n<li>Pr\u00e9chauffage de l\u2019air comburant en option<\/li>\n<li>Combustible mixte en option<\/li>\n<li>R\u00e9gulation O2 et CO en option<\/li>\n<li>Mode d\u2019exploitation propri\u00e9taire simple<\/li>\n<li>Une solution vapeur int\u00e9gr\u00e9e<\/li>\n<li>Surchauffeurs en option<\/li>\n<\/ul>\n<p>&nbsp;<\/p>\n<h2>TwinPack Chaudi\u00e8res Tubes de Fum\u00e9es<\/h2>\n<div class=\"table-responsive\">\n<table style=\"height: 368px;\" width=\"1071\">\n<tbody>\n<tr>\n<th class=\"bg-primary text-white\">TwinPack<\/th>\n<th class=\"bg-primary text-white\">Mod\u00e8le<\/th>\n<th>30.0<\/th>\n<th>34.0<\/th>\n<th>38.0<\/th>\n<th>42.0<\/th>\n<th>46.0<\/th>\n<th>50.0<\/th>\n<th>54.0<\/th>\n<th>58.0<\/th>\n<\/tr>\n<tr>\n<th>Production Vapeur (1)<\/th>\n<th>Kg\/h<\/th>\n<td>30 000<\/td>\n<td>34 000<\/td>\n<td>38 000<\/td>\n<td>42 000<\/td>\n<td>46 000<\/td>\n<td>50 000<\/td>\n<td>54 000<\/td>\n<td>58 000<\/td>\n<\/tr>\n<tr>\n<th>Puissance (1)<\/th>\n<th>kW<\/th>\n<td>20 600<\/td>\n<td>23 450<\/td>\n<td>26 225<\/td>\n<td>28 950<\/td>\n<td>31 715<\/td>\n<td>34 330<\/td>\n<td>37 000<\/td>\n<td>39 600<\/td>\n<\/tr>\n<tr class=\"table-secondary\">\n<th class=\"bg-secondary text-white\">Largeur A (2)<\/th>\n<th class=\"bg-secondary text-white\">mm<\/th>\n<td>5 700<\/td>\n<td>5 750<\/td>\n<td>5 900<\/td>\n<td>5 950<\/td>\n<td>6 050<\/td>\n<td>6 150<\/td>\n<td>6 250<\/td>\n<td>6 350<\/td>\n<\/tr>\n<tr class=\"table-dark\">\n<th class=\"bg-dark text-white\">Longueur B (2)<\/th>\n<th class=\"bg-dark text-white\">mm<\/th>\n<td>12 750<\/td>\n<td>13 200<\/td>\n<td>13 300<\/td>\n<td>13 500<\/td>\n<td>13 800<\/td>\n<td>14 050<\/td>\n<td>14 100<\/td>\n<td>14 500<\/td>\n<\/tr>\n<tr class=\"table-primary\">\n<th class=\"bg-primary text-white\">Hauteur C (2)<\/th>\n<th class=\"bg-primary text-white\">mm<\/th>\n<td>5 400<\/td>\n<td>5 450<\/td>\n<td>5 600<\/td>\n<td>5 650<\/td>\n<td>5 750<\/td>\n<td>5 850<\/td>\n<td>6 100<\/td>\n<td>6 200<\/td>\n<\/tr>\n<tr>\n<th>Poids en charge<br \/>\n(pleine d&rsquo;eau)<\/th>\n<th>Kg<\/th>\n<td>90 350<\/td>\n<td>100 800<\/td>\n<td>106 900<\/td>\n<td>110 800<\/td>\n<td>118 000<\/td>\n<td>122 200<\/td>\n<td>136 200<\/td>\n<td>141 200<\/td>\n<\/tr>\n<\/tbody>\n<\/table>\n<\/div>\n<p>(1) La puissance est donn\u00e9e \u00e0 15 bars avec une eau alimentaire \u00e0 80\u00b0C.<br \/>\n(2) Les dimensions sont globales et incluent le br\u00fbleur et les accessoires mont\u00e9s.<\/p><\/div>\n<p><!-- .vgblk-rw-wrapper --><\/p>\n","protected":false},"excerpt":{"rendered":"<p><strong>Production de vapeur de 30 t\/h \u00e0 58 t\/h<\/strong><br \/>\nLa chaudi\u00e8re TwinPack a \u00e9t\u00e9 d\u00e9velopp\u00e9e avec une combinaison des meilleures technologies disponibles pour fiabiliser et maximiser ses performances.<br \/>\nDepuis plus de 50 ans, Babcock-Wanson poss\u00e8de une solide exp\u00e9rience dans la conception et la fabrication de chaudi\u00e8res \u00e0 double foyer. Ces chaudi\u00e8res ont \u00e9t\u00e9 con\u00e7ues pour r\u00e9pondre \u00e0 la demande actuelle du march\u00e9 europ\u00e9en pour des chaudi\u00e8res produisant plus de 30 T\/h en appoint ou en remplacement des tubes d\u2019eau.<\/p>\n","protected":false},"featured_media":38752,"comment_status":"closed","ping_status":"closed","template":"","meta":{"_acf_changed":false,"_relevanssi_hide_post":"","_relevanssi_hide_content":"","_relevanssi_pin_for_all":"","_relevanssi_pin_keywords":"","_relevanssi_unpin_keywords":"","_relevanssi_related_keywords":"","_relevanssi_related_include_ids":"","_relevanssi_related_exclude_ids":"","_relevanssi_related_no_append":"","_relevanssi_related_not_related":"","_relevanssi_related_posts":"","_relevanssi_noindex_reason":""},"product_brand":[],"product_cat":[2650,2656],"product_tag":[],"class_list":{"0":"post-23462","1":"product","2":"type-product","3":"status-publish","4":"has-post-thumbnail","6":"product_cat-chaudieres-tubes-de-fumees","7":"product_cat-chaudieres-vapeur","9":"first","10":"instock","11":"shipping-taxable","12":"product-type-simple"},"acf":[],"yoast_head":"<!-- This site is optimized with the Yoast SEO Premium plugin v27.4 (Yoast SEO v27.4) - https:\/\/yoast.com\/product\/yoast-seo-premium-wordpress\/ -->\n<title>TwinPack - Babcock Wanson<\/title>\n<meta name=\"description\" content=\"Twinpack, chaudi\u00e8res bi-foyer \u00e0 tubes de fum\u00e9es, a \u00e9t\u00e9 d\u00e9velopp\u00e9e avec une combinaison des meilleures technologies disponibles pour fiabiliser et maximiser ses performances.\" \/>\n<meta name=\"robots\" content=\"index, follow, max-snippet:-1, max-image-preview:large, max-video-preview:-1\" \/>\n<link rel=\"canonical\" href=\"https:\/\/www.babcock-wanson.com\/fr\/produits\/chaudieres-tubes-de-fumees\/chaudiere-twinpack\/\" \/>\n<meta property=\"og:locale\" content=\"fr_FR\" \/>\n<meta property=\"og:type\" content=\"article\" \/>\n<meta property=\"og:title\" content=\"TwinPack\" \/>\n<meta property=\"og:description\" content=\"Twinpack, chaudi\u00e8res bi-foyer \u00e0 tubes de fum\u00e9es, a \u00e9t\u00e9 d\u00e9velopp\u00e9e avec une combinaison des meilleures technologies disponibles pour fiabiliser et maximiser ses performances.\" \/>\n<meta property=\"og:url\" content=\"https:\/\/www.babcock-wanson.com\/fr\/produits\/chaudieres-tubes-de-fumees\/chaudiere-twinpack\/\" \/>\n<meta property=\"og:site_name\" content=\"Babcock Wanson\" \/>\n<meta property=\"article:modified_time\" content=\"2025-04-15T15:24:12+00:00\" \/>\n<meta property=\"og:image\" content=\"https:\/\/www.babcock-wanson.com\/wp-content\/uploads\/2019\/03\/Chaudiere-bi-foyer-TwinPack-1.jpg\" \/>\n\t<meta property=\"og:image:width\" content=\"600\" \/>\n\t<meta property=\"og:image:height\" content=\"400\" \/>\n\t<meta property=\"og:image:type\" content=\"image\/jpeg\" \/>\n<meta name=\"twitter:card\" content=\"summary_large_image\" \/>\n<meta name=\"twitter:label1\" content=\"Est. reading time\" \/>\n\t<meta name=\"twitter:data1\" content=\"4 minutes\" \/>\n<script type=\"application\/ld+json\" class=\"yoast-schema-graph\">{\"@context\":\"https:\\\/\\\/schema.org\",\"@graph\":[{\"@type\":\"WebPage\",\"@id\":\"https:\\\/\\\/www.babcock-wanson.com\\\/fr\\\/produits\\\/chaudieres-tubes-de-fumees\\\/chaudiere-twinpack\\\/\",\"url\":\"https:\\\/\\\/www.babcock-wanson.com\\\/fr\\\/produits\\\/chaudieres-tubes-de-fumees\\\/chaudiere-twinpack\\\/\",\"name\":\"TwinPack - Babcock Wanson\",\"isPartOf\":{\"@id\":\"https:\\\/\\\/www.babcock-wanson.com\\\/fr\\\/#website\"},\"primaryImageOfPage\":{\"@id\":\"https:\\\/\\\/www.babcock-wanson.com\\\/fr\\\/produits\\\/chaudieres-tubes-de-fumees\\\/chaudiere-twinpack\\\/#primaryimage\"},\"image\":{\"@id\":\"https:\\\/\\\/www.babcock-wanson.com\\\/fr\\\/produits\\\/chaudieres-tubes-de-fumees\\\/chaudiere-twinpack\\\/#primaryimage\"},\"thumbnailUrl\":\"https:\\\/\\\/www.babcock-wanson.com\\\/wp-content\\\/uploads\\\/2019\\\/03\\\/Chaudiere-bi-foyer-TwinPack-1.jpg\",\"datePublished\":\"2019-03-25T08:25:27+00:00\",\"dateModified\":\"2025-04-15T15:24:12+00:00\",\"description\":\"Twinpack, chaudi\u00e8res bi-foyer \u00e0 tubes de fum\u00e9es, a \u00e9t\u00e9 d\u00e9velopp\u00e9e avec une combinaison des meilleures technologies disponibles pour fiabiliser et maximiser ses performances.\",\"breadcrumb\":{\"@id\":\"https:\\\/\\\/www.babcock-wanson.com\\\/fr\\\/produits\\\/chaudieres-tubes-de-fumees\\\/chaudiere-twinpack\\\/#breadcrumb\"},\"inLanguage\":\"fr-FR\",\"potentialAction\":[{\"@type\":\"ReadAction\",\"target\":[\"https:\\\/\\\/www.babcock-wanson.com\\\/fr\\\/produits\\\/chaudieres-tubes-de-fumees\\\/chaudiere-twinpack\\\/\"]}]},{\"@type\":\"ImageObject\",\"inLanguage\":\"fr-FR\",\"@id\":\"https:\\\/\\\/www.babcock-wanson.com\\\/fr\\\/produits\\\/chaudieres-tubes-de-fumees\\\/chaudiere-twinpack\\\/#primaryimage\",\"url\":\"https:\\\/\\\/www.babcock-wanson.com\\\/wp-content\\\/uploads\\\/2019\\\/03\\\/Chaudiere-bi-foyer-TwinPack-1.jpg\",\"contentUrl\":\"https:\\\/\\\/www.babcock-wanson.com\\\/wp-content\\\/uploads\\\/2019\\\/03\\\/Chaudiere-bi-foyer-TwinPack-1.jpg\",\"width\":600,\"height\":400,\"caption\":\"Chaudi\u00e8re bi-foyer TwinPack 1\"},{\"@type\":\"BreadcrumbList\",\"@id\":\"https:\\\/\\\/www.babcock-wanson.com\\\/fr\\\/produits\\\/chaudieres-tubes-de-fumees\\\/chaudiere-twinpack\\\/#breadcrumb\",\"itemListElement\":[{\"@type\":\"ListItem\",\"position\":1,\"name\":\"Accueil\",\"item\":\"https:\\\/\\\/www.babcock-wanson.com\\\/fr\\\/\"},{\"@type\":\"ListItem\",\"position\":2,\"name\":\"Produits\",\"item\":\"https:\\\/\\\/www.babcock-wanson.com\\\/fr\\\/shop\\\/\"},{\"@type\":\"ListItem\",\"position\":3,\"name\":\"Chaudi\u00e8res tubes de fum\u00e9es\",\"item\":\"https:\\\/\\\/www.babcock-wanson.com\\\/fr\\\/categorie-produit\\\/chaudieres-tubes-de-fumees\\\/\"},{\"@type\":\"ListItem\",\"position\":4,\"name\":\"TwinPack\"}]},{\"@type\":\"WebSite\",\"@id\":\"https:\\\/\\\/www.babcock-wanson.com\\\/fr\\\/#website\",\"url\":\"https:\\\/\\\/www.babcock-wanson.com\\\/fr\\\/\",\"name\":\"Babcock Wanson\",\"description\":\"\",\"publisher\":{\"@id\":\"https:\\\/\\\/www.babcock-wanson.com\\\/fr\\\/#organization\"},\"potentialAction\":[{\"@type\":\"SearchAction\",\"target\":{\"@type\":\"EntryPoint\",\"urlTemplate\":\"https:\\\/\\\/www.babcock-wanson.com\\\/fr\\\/?s={search_term_string}\"},\"query-input\":{\"@type\":\"PropertyValueSpecification\",\"valueRequired\":true,\"valueName\":\"search_term_string\"}}],\"inLanguage\":\"fr-FR\"},{\"@type\":\"Organization\",\"@id\":\"https:\\\/\\\/www.babcock-wanson.com\\\/fr\\\/#organization\",\"name\":\"Babcock Wanson\",\"url\":\"https:\\\/\\\/www.babcock-wanson.com\\\/fr\\\/\",\"logo\":{\"@type\":\"ImageObject\",\"inLanguage\":\"fr-FR\",\"@id\":\"https:\\\/\\\/www.babcock-wanson.com\\\/fr\\\/#\\\/schema\\\/logo\\\/image\\\/\",\"url\":\"https:\\\/\\\/www.babcock-wanson.com\\\/wp-content\\\/uploads\\\/2024\\\/02\\\/Babcock-Wanson-1200x1200-1.png\",\"contentUrl\":\"https:\\\/\\\/www.babcock-wanson.com\\\/wp-content\\\/uploads\\\/2024\\\/02\\\/Babcock-Wanson-1200x1200-1.png\",\"width\":1200,\"height\":1200,\"caption\":\"Babcock Wanson\"},\"image\":{\"@id\":\"https:\\\/\\\/www.babcock-wanson.com\\\/fr\\\/#\\\/schema\\\/logo\\\/image\\\/\"},\"sameAs\":[\"https:\\\/\\\/www.linkedin.com\\\/company\\\/babcock-wanson\\\/\",\"https:\\\/\\\/www.youtube.com\\\/channel\\\/UCtxl25VieBBsP2kYmtlyv7A\"]}]}<\/script>\n<!-- \/ Yoast SEO Premium plugin. -->","yoast_head_json":{"title":"TwinPack - Babcock Wanson","description":"Twinpack, chaudi\u00e8res bi-foyer \u00e0 tubes de fum\u00e9es, a \u00e9t\u00e9 d\u00e9velopp\u00e9e avec une combinaison des meilleures technologies disponibles pour fiabiliser et maximiser ses performances.","robots":{"index":"index","follow":"follow","max-snippet":"max-snippet:-1","max-image-preview":"max-image-preview:large","max-video-preview":"max-video-preview:-1"},"canonical":"https:\/\/www.babcock-wanson.com\/fr\/produits\/chaudieres-tubes-de-fumees\/chaudiere-twinpack\/","og_locale":"fr_FR","og_type":"article","og_title":"TwinPack","og_description":"Twinpack, chaudi\u00e8res bi-foyer \u00e0 tubes de fum\u00e9es, a \u00e9t\u00e9 d\u00e9velopp\u00e9e avec une combinaison des meilleures technologies disponibles pour fiabiliser et maximiser ses performances.","og_url":"https:\/\/www.babcock-wanson.com\/fr\/produits\/chaudieres-tubes-de-fumees\/chaudiere-twinpack\/","og_site_name":"Babcock Wanson","article_modified_time":"2025-04-15T15:24:12+00:00","og_image":[{"width":600,"height":400,"url":"https:\/\/www.babcock-wanson.com\/wp-content\/uploads\/2019\/03\/Chaudiere-bi-foyer-TwinPack-1.jpg","type":"image\/jpeg"}],"twitter_card":"summary_large_image","twitter_misc":{"Est. reading time":"4 minutes"},"schema":{"@context":"https:\/\/schema.org","@graph":[{"@type":"WebPage","@id":"https:\/\/www.babcock-wanson.com\/fr\/produits\/chaudieres-tubes-de-fumees\/chaudiere-twinpack\/","url":"https:\/\/www.babcock-wanson.com\/fr\/produits\/chaudieres-tubes-de-fumees\/chaudiere-twinpack\/","name":"TwinPack - Babcock Wanson","isPartOf":{"@id":"https:\/\/www.babcock-wanson.com\/fr\/#website"},"primaryImageOfPage":{"@id":"https:\/\/www.babcock-wanson.com\/fr\/produits\/chaudieres-tubes-de-fumees\/chaudiere-twinpack\/#primaryimage"},"image":{"@id":"https:\/\/www.babcock-wanson.com\/fr\/produits\/chaudieres-tubes-de-fumees\/chaudiere-twinpack\/#primaryimage"},"thumbnailUrl":"https:\/\/www.babcock-wanson.com\/wp-content\/uploads\/2019\/03\/Chaudiere-bi-foyer-TwinPack-1.jpg","datePublished":"2019-03-25T08:25:27+00:00","dateModified":"2025-04-15T15:24:12+00:00","description":"Twinpack, chaudi\u00e8res bi-foyer \u00e0 tubes de fum\u00e9es, a \u00e9t\u00e9 d\u00e9velopp\u00e9e avec une combinaison des meilleures technologies disponibles pour fiabiliser et maximiser ses performances.","breadcrumb":{"@id":"https:\/\/www.babcock-wanson.com\/fr\/produits\/chaudieres-tubes-de-fumees\/chaudiere-twinpack\/#breadcrumb"},"inLanguage":"fr-FR","potentialAction":[{"@type":"ReadAction","target":["https:\/\/www.babcock-wanson.com\/fr\/produits\/chaudieres-tubes-de-fumees\/chaudiere-twinpack\/"]}]},{"@type":"ImageObject","inLanguage":"fr-FR","@id":"https:\/\/www.babcock-wanson.com\/fr\/produits\/chaudieres-tubes-de-fumees\/chaudiere-twinpack\/#primaryimage","url":"https:\/\/www.babcock-wanson.com\/wp-content\/uploads\/2019\/03\/Chaudiere-bi-foyer-TwinPack-1.jpg","contentUrl":"https:\/\/www.babcock-wanson.com\/wp-content\/uploads\/2019\/03\/Chaudiere-bi-foyer-TwinPack-1.jpg","width":600,"height":400,"caption":"Chaudi\u00e8re bi-foyer TwinPack 1"},{"@type":"BreadcrumbList","@id":"https:\/\/www.babcock-wanson.com\/fr\/produits\/chaudieres-tubes-de-fumees\/chaudiere-twinpack\/#breadcrumb","itemListElement":[{"@type":"ListItem","position":1,"name":"Accueil","item":"https:\/\/www.babcock-wanson.com\/fr\/"},{"@type":"ListItem","position":2,"name":"Produits","item":"https:\/\/www.babcock-wanson.com\/fr\/shop\/"},{"@type":"ListItem","position":3,"name":"Chaudi\u00e8res tubes de fum\u00e9es","item":"https:\/\/www.babcock-wanson.com\/fr\/categorie-produit\/chaudieres-tubes-de-fumees\/"},{"@type":"ListItem","position":4,"name":"TwinPack"}]},{"@type":"WebSite","@id":"https:\/\/www.babcock-wanson.com\/fr\/#website","url":"https:\/\/www.babcock-wanson.com\/fr\/","name":"Babcock Wanson","description":"","publisher":{"@id":"https:\/\/www.babcock-wanson.com\/fr\/#organization"},"potentialAction":[{"@type":"SearchAction","target":{"@type":"EntryPoint","urlTemplate":"https:\/\/www.babcock-wanson.com\/fr\/?s={search_term_string}"},"query-input":{"@type":"PropertyValueSpecification","valueRequired":true,"valueName":"search_term_string"}}],"inLanguage":"fr-FR"},{"@type":"Organization","@id":"https:\/\/www.babcock-wanson.com\/fr\/#organization","name":"Babcock Wanson","url":"https:\/\/www.babcock-wanson.com\/fr\/","logo":{"@type":"ImageObject","inLanguage":"fr-FR","@id":"https:\/\/www.babcock-wanson.com\/fr\/#\/schema\/logo\/image\/","url":"https:\/\/www.babcock-wanson.com\/wp-content\/uploads\/2024\/02\/Babcock-Wanson-1200x1200-1.png","contentUrl":"https:\/\/www.babcock-wanson.com\/wp-content\/uploads\/2024\/02\/Babcock-Wanson-1200x1200-1.png","width":1200,"height":1200,"caption":"Babcock Wanson"},"image":{"@id":"https:\/\/www.babcock-wanson.com\/fr\/#\/schema\/logo\/image\/"},"sameAs":["https:\/\/www.linkedin.com\/company\/babcock-wanson\/","https:\/\/www.youtube.com\/channel\/UCtxl25VieBBsP2kYmtlyv7A"]}]}},"jetpack_sharing_enabled":true,"_links":{"self":[{"href":"https:\/\/www.babcock-wanson.com\/fr\/wp-json\/wp\/v2\/product\/23462","targetHints":{"allow":["GET"]}}],"collection":[{"href":"https:\/\/www.babcock-wanson.com\/fr\/wp-json\/wp\/v2\/product"}],"about":[{"href":"https:\/\/www.babcock-wanson.com\/fr\/wp-json\/wp\/v2\/types\/product"}],"replies":[{"embeddable":true,"href":"https:\/\/www.babcock-wanson.com\/fr\/wp-json\/wp\/v2\/comments?post=23462"}],"wp:featuredmedia":[{"embeddable":true,"href":"https:\/\/www.babcock-wanson.com\/fr\/wp-json\/wp\/v2\/media\/38752"}],"wp:attachment":[{"href":"https:\/\/www.babcock-wanson.com\/fr\/wp-json\/wp\/v2\/media?parent=23462"}],"wp:term":[{"taxonomy":"product_brand","embeddable":true,"href":"https:\/\/www.babcock-wanson.com\/fr\/wp-json\/wp\/v2\/product_brand?post=23462"},{"taxonomy":"product_cat","embeddable":true,"href":"https:\/\/www.babcock-wanson.com\/fr\/wp-json\/wp\/v2\/product_cat?post=23462"},{"taxonomy":"product_tag","embeddable":true,"href":"https:\/\/www.babcock-wanson.com\/fr\/wp-json\/wp\/v2\/product_tag?post=23462"}],"curies":[{"name":"wp","href":"https:\/\/api.w.org\/{rel}","templated":true}]}}