{"id":23465,"date":"2018-08-15T10:32:59","date_gmt":"2018-08-15T09:32:59","guid":{"rendered":"https:\/\/www.babcock-wanson.com\/products\/non%20class\u00e9\/serie-nbwb\/"},"modified":"2021-11-08T01:42:42","modified_gmt":"2021-11-08T01:42:42","slug":"nbwb","status":"publish","type":"product","link":"https:\/\/www.babcock-wanson.com\/fr\/produits\/chaudieres-tubes-de-fumees\/nbwb\/","title":{"rendered":"NBWB"},"content":{"rendered":"<div class=\"vgblk-rw-wrapper limit-wrapper\">\n<h3>Faible consommation de combustible<\/h3>\n<ul>\n<li>Une conception \u00e0 haut rendement \u00e9nerg\u00e9tique gr\u00e2ce aux tubes h\u00e9lico\u00efdaux qui assurent la rotation des fum\u00e9es et am\u00e9liorent ainsi l\u2019\u00e9change thermique.<\/li>\n<li>Un rendement de 95% et plus peut \u00eatre atteint gr\u00e2ce \u00e0 un \u00e9conomiseur ou un <a href=\"https:\/\/www.babcock-wanson.com\/fr\/categorie-produit\/chaudieres-de-recuperation\/\" target=\"_blank\" rel=\"noopener\">syst\u00e8me de r\u00e9cup\u00e9ration de chaleur<\/a> Babcock Wanson.<\/li>\n<li>La consommation \u00e9lectrique peut \u00eatre r\u00e9duite de 30 \u00e0 50% gr\u00e2ce \u00e0 la mise en place de variateurs de vitesse sur le ventilateur d\u2019air comburant et sur la pompe d\u2019alimentation.<\/li>\n<\/ul>\n<h3>R\u00e9duction des co\u00fbts de fonctionnement<\/h3>\n<ul>\n<li>Conception robuste pour une longue dur\u00e9e de vie<\/li>\n<li>Facilit\u00e9 d\u2019acc\u00e8s pour une inspection et une maintenance simplifi\u00e9es.<\/li>\n<li>La chaudi\u00e8re est fournie dans des configurations permettant plusieurs modes d\u2019exploitation approuv\u00e9 partout en Europe : de la simple pr\u00e9sence permanente (PHP) jusqu\u2019\u00e0 des modes sans pr\u00e9sence humaine permanente (SPHP) tr\u00e8s novateurs, notamment le syst\u00e8me d\u2019exploitation Babcock Wanson BW720.<\/li>\n<\/ul>\n<h3>Pourquoi choisir la chaudi\u00e8re tubes de fum\u00e9es NBWB ?<\/h3>\n<ul>\n<li>Efficacit\u00e9 \u2013 Br\u00fbleurs \u00e0 faibles \u00e9missions de Nox<\/li>\n<li>Taux de modulation \u00e9lev\u00e9 du br\u00fbleur<\/li>\n<li>Acc\u00e8s facile pour simplifier l\u2019entretien<\/li>\n<li>Conception robuste pour une tr\u00e8s longue dur\u00e9e de vie<\/li>\n<li><a href=\"https:\/\/www.babcock-wanson.com\/fr\/produits\/chaudieres-de-recuperation\/economiseur\/\" target=\"_blank\" rel=\"noopener\">\u00c9conomiseurs de gaz de combustion<\/a> et de condensation<\/li>\n<li>Fonctionnement au gaz naturel, au GPL ou au FOD en option<\/li>\n<li>Bi-combustible en option<\/li>\n<li>R\u00e9gulation O2 et CO en option<\/li>\n<li>Mode d\u2019exploitation adapt\u00e9<\/li>\n<li>Une solution vapeur int\u00e9gr\u00e9e<\/li>\n<\/ul>\n<h2>NBWB Chaudi\u00e8res Tubes de Fum\u00e9es<\/h2>\n<div class=\"table-responsive\">\n<table>\n<tbody>\n<tr>\n<th class=\"bg-primary text-white\">NBWB<\/th>\n<th class=\"bg-primary text-white\">Mod\u00e8le<\/th>\n<th>25<\/th>\n<th>43<\/th>\n<th>65<\/th>\n<th>100<\/th>\n<th>150<\/th>\n<th>200<\/th>\n<th>250<\/th>\n<\/tr>\n<tr>\n<th>Production vapeur (1)<\/th>\n<th>Kg\/h<\/th>\n<td>250<\/td>\n<td>430<\/td>\n<td>650<\/td>\n<td>1000<\/td>\n<td>1500<\/td>\n<td>2000<\/td>\n<td>2500<\/td>\n<\/tr>\n<tr>\n<th>Puissance (1)<\/th>\n<th>kW<\/th>\n<td>176<\/td>\n<td>303<\/td>\n<td>457<\/td>\n<td>703<\/td>\n<td>1055<\/td>\n<td>1407<\/td>\n<td>1758<\/td>\n<\/tr>\n<tr class=\"table-secondary\">\n<th class=\"bg-secondary text-white\">Largeur A (2)<\/th>\n<th class=\"bg-secondary text-white\">mm<\/th>\n<td>1390<\/td>\n<td>1470<\/td>\n<td>1520<\/td>\n<td>1680<\/td>\n<td>1750<\/td>\n<td>1790<\/td>\n<td>1950<\/td>\n<\/tr>\n<tr class=\"table-dark\">\n<th class=\"bg-dark text-white\">Longueur B (2)<\/th>\n<th class=\"bg-dark text-white\">mm<\/th>\n<td>3090<\/td>\n<td>3280<\/td>\n<td>3380<\/td>\n<td>4240<\/td>\n<td>4300<\/td>\n<td>4710<\/td>\n<td>4980<\/td>\n<\/tr>\n<tr class=\"table-primary\">\n<th class=\"bg-primary text-white\">Hauteur C (2)<\/th>\n<th class=\"bg-primary text-white\">mm<\/th>\n<td>1640<\/td>\n<td>1730<\/td>\n<td>1800<\/td>\n<td>1980<\/td>\n<td>2070<\/td>\n<td>220<\/td>\n<td>2270<\/td>\n<\/tr>\n<tr>\n<th>Poids en charge<\/th>\n<th>Kg<\/th>\n<td>2300<\/td>\n<td>2820<\/td>\n<td>3250<\/td>\n<td>5070<\/td>\n<td>5870<\/td>\n<td>6870<\/td>\n<td>7470<\/td>\n<\/tr>\n<\/tbody>\n<\/table>\n<\/div>\n<p>(1) La puissance est donn\u00e9e \u00e0 10 bars avec une eau alimentaire \u00e0 60\u00b0C.<\/p>\n<p>(2) Les dimensions sont globales et incluent le br\u00fbleurs et les accessoires mont\u00e9s.<\/p><\/div>\n<p><!-- .vgblk-rw-wrapper --><\/p>\n","protected":false},"excerpt":{"rendered":"<p><strong>Production de vapeur de 250 \u00e0 2 500 kg\/h<\/strong><br \/>\nLa s\u00e9rie NBWB de <a href=\"https:\/\/www.babcock-wanson.com\/fr\/categorie-produit\/chaudieres-tubes-de-fumees\/\" target=\"_blank\" rel=\"noopener\">chaudi\u00e8res vapeur \u00e0 tubes de fum\u00e9es<\/a> fournit aux utilisateurs une vapeur s\u00e8che de haute qualit\u00e9 jusqu\u2019\u00e0 2500 kg\/h, tout en maintenant une faible consommation de combustible et des co\u00fbts d\u2019exploitation ma\u00eetris\u00e9s.<\/p>\n","protected":false},"featured_media":22979,"comment_status":"closed","ping_status":"closed","template":"","meta":{"_acf_changed":false,"_relevanssi_hide_post":"","_relevanssi_hide_content":"","_relevanssi_pin_for_all":"","_relevanssi_pin_keywords":"","_relevanssi_unpin_keywords":"","_relevanssi_related_keywords":"","_relevanssi_related_include_ids":"","_relevanssi_related_exclude_ids":"","_relevanssi_related_no_append":"","_relevanssi_related_not_related":"","_relevanssi_related_posts":"","_relevanssi_noindex_reason":""},"product_brand":[],"product_cat":[2650,2656],"product_tag":[],"class_list":{"0":"post-23465","1":"product","2":"type-product","3":"status-publish","4":"has-post-thumbnail","6":"product_cat-chaudieres-tubes-de-fumees","7":"product_cat-chaudieres-vapeur","9":"first","10":"instock","11":"shipping-taxable","12":"product-type-simple"},"acf":[],"yoast_head":"<!-- This site is optimized with the Yoast SEO Premium plugin v27.4 (Yoast SEO v27.4) - https:\/\/yoast.com\/product\/yoast-seo-premium-wordpress\/ -->\n<title>S\u00e9rie NBWB-Chaudi\u00e8re-Tubes-de-Fum\u00e9es<\/title>\n<meta name=\"description\" content=\"La s\u00e9rie NBWB fournit aux utilisateurs de la vapeur s\u00e8che de haute qualit\u00e9 jusqu&#039;\u00e0 2500 kg\/h, tout en maintenant une faible consommation de combustible et des co\u00fbts d&#039;exploitation r\u00e9duits.\" \/>\n<meta name=\"robots\" content=\"index, follow, max-snippet:-1, max-image-preview:large, max-video-preview:-1\" \/>\n<link rel=\"canonical\" href=\"https:\/\/www.babcock-wanson.com\/fr\/produits\/chaudieres-tubes-de-fumees\/nbwb\/\" \/>\n<meta property=\"og:locale\" content=\"fr_FR\" \/>\n<meta property=\"og:type\" content=\"article\" \/>\n<meta property=\"og:title\" content=\"NBWB\" \/>\n<meta property=\"og:description\" content=\"La s\u00e9rie NBWB fournit aux utilisateurs de la vapeur s\u00e8che de haute qualit\u00e9 jusqu&#039;\u00e0 2500 kg\/h, tout en maintenant une faible consommation de combustible et des co\u00fbts d&#039;exploitation r\u00e9duits.\" \/>\n<meta property=\"og:url\" content=\"https:\/\/www.babcock-wanson.com\/fr\/produits\/chaudieres-tubes-de-fumees\/nbwb\/\" \/>\n<meta property=\"og:site_name\" content=\"Babcock Wanson\" \/>\n<meta property=\"article:modified_time\" content=\"2021-11-08T01:42:42+00:00\" \/>\n<meta property=\"og:image\" content=\"https:\/\/www.babcock-wanson.com\/wp-content\/uploads\/2018\/08\/NBWB-Fire-Tube-Boiler-3.png\" \/>\n\t<meta property=\"og:image:width\" content=\"600\" \/>\n\t<meta property=\"og:image:height\" content=\"400\" \/>\n\t<meta property=\"og:image:type\" content=\"image\/png\" \/>\n<meta name=\"twitter:card\" content=\"summary_large_image\" \/>\n<meta name=\"twitter:label1\" content=\"Est. reading time\" \/>\n\t<meta name=\"twitter:data1\" content=\"2 minutes\" \/>\n<script type=\"application\/ld+json\" class=\"yoast-schema-graph\">{\"@context\":\"https:\\\/\\\/schema.org\",\"@graph\":[{\"@type\":\"WebPage\",\"@id\":\"https:\\\/\\\/www.babcock-wanson.com\\\/fr\\\/produits\\\/chaudieres-tubes-de-fumees\\\/nbwb\\\/\",\"url\":\"https:\\\/\\\/www.babcock-wanson.com\\\/fr\\\/produits\\\/chaudieres-tubes-de-fumees\\\/nbwb\\\/\",\"name\":\"S\u00e9rie NBWB-Chaudi\u00e8re-Tubes-de-Fum\u00e9es\",\"isPartOf\":{\"@id\":\"https:\\\/\\\/www.babcock-wanson.com\\\/fr\\\/#website\"},\"primaryImageOfPage\":{\"@id\":\"https:\\\/\\\/www.babcock-wanson.com\\\/fr\\\/produits\\\/chaudieres-tubes-de-fumees\\\/nbwb\\\/#primaryimage\"},\"image\":{\"@id\":\"https:\\\/\\\/www.babcock-wanson.com\\\/fr\\\/produits\\\/chaudieres-tubes-de-fumees\\\/nbwb\\\/#primaryimage\"},\"thumbnailUrl\":\"https:\\\/\\\/www.babcock-wanson.com\\\/wp-content\\\/uploads\\\/2018\\\/08\\\/NBWB-Fire-Tube-Boiler-3.png\",\"datePublished\":\"2018-08-15T09:32:59+00:00\",\"dateModified\":\"2021-11-08T01:42:42+00:00\",\"description\":\"La s\u00e9rie NBWB fournit aux utilisateurs de la vapeur s\u00e8che de haute qualit\u00e9 jusqu'\u00e0 2500 kg\\\/h, tout en maintenant une faible consommation de combustible et des co\u00fbts d'exploitation r\u00e9duits.\",\"breadcrumb\":{\"@id\":\"https:\\\/\\\/www.babcock-wanson.com\\\/fr\\\/produits\\\/chaudieres-tubes-de-fumees\\\/nbwb\\\/#breadcrumb\"},\"inLanguage\":\"fr-FR\",\"potentialAction\":[{\"@type\":\"ReadAction\",\"target\":[\"https:\\\/\\\/www.babcock-wanson.com\\\/fr\\\/produits\\\/chaudieres-tubes-de-fumees\\\/nbwb\\\/\"]}]},{\"@type\":\"ImageObject\",\"inLanguage\":\"fr-FR\",\"@id\":\"https:\\\/\\\/www.babcock-wanson.com\\\/fr\\\/produits\\\/chaudieres-tubes-de-fumees\\\/nbwb\\\/#primaryimage\",\"url\":\"https:\\\/\\\/www.babcock-wanson.com\\\/wp-content\\\/uploads\\\/2018\\\/08\\\/NBWB-Fire-Tube-Boiler-3.png\",\"contentUrl\":\"https:\\\/\\\/www.babcock-wanson.com\\\/wp-content\\\/uploads\\\/2018\\\/08\\\/NBWB-Fire-Tube-Boiler-3.png\",\"width\":600,\"height\":400,\"caption\":\"NBWB Tubes de Fum\u00e9es\"},{\"@type\":\"BreadcrumbList\",\"@id\":\"https:\\\/\\\/www.babcock-wanson.com\\\/fr\\\/produits\\\/chaudieres-tubes-de-fumees\\\/nbwb\\\/#breadcrumb\",\"itemListElement\":[{\"@type\":\"ListItem\",\"position\":1,\"name\":\"Accueil\",\"item\":\"https:\\\/\\\/www.babcock-wanson.com\\\/fr\\\/\"},{\"@type\":\"ListItem\",\"position\":2,\"name\":\"Produits\",\"item\":\"https:\\\/\\\/www.babcock-wanson.com\\\/fr\\\/shop\\\/\"},{\"@type\":\"ListItem\",\"position\":3,\"name\":\"Chaudi\u00e8res tubes de fum\u00e9es\",\"item\":\"https:\\\/\\\/www.babcock-wanson.com\\\/fr\\\/categorie-produit\\\/chaudieres-tubes-de-fumees\\\/\"},{\"@type\":\"ListItem\",\"position\":4,\"name\":\"NBWB\"}]},{\"@type\":\"WebSite\",\"@id\":\"https:\\\/\\\/www.babcock-wanson.com\\\/fr\\\/#website\",\"url\":\"https:\\\/\\\/www.babcock-wanson.com\\\/fr\\\/\",\"name\":\"Babcock Wanson\",\"description\":\"\",\"publisher\":{\"@id\":\"https:\\\/\\\/www.babcock-wanson.com\\\/fr\\\/#organization\"},\"potentialAction\":[{\"@type\":\"SearchAction\",\"target\":{\"@type\":\"EntryPoint\",\"urlTemplate\":\"https:\\\/\\\/www.babcock-wanson.com\\\/fr\\\/?s={search_term_string}\"},\"query-input\":{\"@type\":\"PropertyValueSpecification\",\"valueRequired\":true,\"valueName\":\"search_term_string\"}}],\"inLanguage\":\"fr-FR\"},{\"@type\":\"Organization\",\"@id\":\"https:\\\/\\\/www.babcock-wanson.com\\\/fr\\\/#organization\",\"name\":\"Babcock Wanson\",\"url\":\"https:\\\/\\\/www.babcock-wanson.com\\\/fr\\\/\",\"logo\":{\"@type\":\"ImageObject\",\"inLanguage\":\"fr-FR\",\"@id\":\"https:\\\/\\\/www.babcock-wanson.com\\\/fr\\\/#\\\/schema\\\/logo\\\/image\\\/\",\"url\":\"https:\\\/\\\/www.babcock-wanson.com\\\/wp-content\\\/uploads\\\/2024\\\/02\\\/Babcock-Wanson-1200x1200-1.png\",\"contentUrl\":\"https:\\\/\\\/www.babcock-wanson.com\\\/wp-content\\\/uploads\\\/2024\\\/02\\\/Babcock-Wanson-1200x1200-1.png\",\"width\":1200,\"height\":1200,\"caption\":\"Babcock Wanson\"},\"image\":{\"@id\":\"https:\\\/\\\/www.babcock-wanson.com\\\/fr\\\/#\\\/schema\\\/logo\\\/image\\\/\"},\"sameAs\":[\"https:\\\/\\\/www.linkedin.com\\\/company\\\/babcock-wanson\\\/\",\"https:\\\/\\\/www.youtube.com\\\/channel\\\/UCtxl25VieBBsP2kYmtlyv7A\"]}]}<\/script>\n<!-- \/ Yoast SEO Premium plugin. -->","yoast_head_json":{"title":"S\u00e9rie NBWB-Chaudi\u00e8re-Tubes-de-Fum\u00e9es","description":"La s\u00e9rie NBWB fournit aux utilisateurs de la vapeur s\u00e8che de haute qualit\u00e9 jusqu'\u00e0 2500 kg\/h, tout en maintenant une faible consommation de combustible et des co\u00fbts d'exploitation r\u00e9duits.","robots":{"index":"index","follow":"follow","max-snippet":"max-snippet:-1","max-image-preview":"max-image-preview:large","max-video-preview":"max-video-preview:-1"},"canonical":"https:\/\/www.babcock-wanson.com\/fr\/produits\/chaudieres-tubes-de-fumees\/nbwb\/","og_locale":"fr_FR","og_type":"article","og_title":"NBWB","og_description":"La s\u00e9rie NBWB fournit aux utilisateurs de la vapeur s\u00e8che de haute qualit\u00e9 jusqu'\u00e0 2500 kg\/h, tout en maintenant une faible consommation de combustible et des co\u00fbts d'exploitation r\u00e9duits.","og_url":"https:\/\/www.babcock-wanson.com\/fr\/produits\/chaudieres-tubes-de-fumees\/nbwb\/","og_site_name":"Babcock Wanson","article_modified_time":"2021-11-08T01:42:42+00:00","og_image":[{"width":600,"height":400,"url":"https:\/\/www.babcock-wanson.com\/wp-content\/uploads\/2018\/08\/NBWB-Fire-Tube-Boiler-3.png","type":"image\/png"}],"twitter_card":"summary_large_image","twitter_misc":{"Est. reading time":"2 minutes"},"schema":{"@context":"https:\/\/schema.org","@graph":[{"@type":"WebPage","@id":"https:\/\/www.babcock-wanson.com\/fr\/produits\/chaudieres-tubes-de-fumees\/nbwb\/","url":"https:\/\/www.babcock-wanson.com\/fr\/produits\/chaudieres-tubes-de-fumees\/nbwb\/","name":"S\u00e9rie NBWB-Chaudi\u00e8re-Tubes-de-Fum\u00e9es","isPartOf":{"@id":"https:\/\/www.babcock-wanson.com\/fr\/#website"},"primaryImageOfPage":{"@id":"https:\/\/www.babcock-wanson.com\/fr\/produits\/chaudieres-tubes-de-fumees\/nbwb\/#primaryimage"},"image":{"@id":"https:\/\/www.babcock-wanson.com\/fr\/produits\/chaudieres-tubes-de-fumees\/nbwb\/#primaryimage"},"thumbnailUrl":"https:\/\/www.babcock-wanson.com\/wp-content\/uploads\/2018\/08\/NBWB-Fire-Tube-Boiler-3.png","datePublished":"2018-08-15T09:32:59+00:00","dateModified":"2021-11-08T01:42:42+00:00","description":"La s\u00e9rie NBWB fournit aux utilisateurs de la vapeur s\u00e8che de haute qualit\u00e9 jusqu'\u00e0 2500 kg\/h, tout en maintenant une faible consommation de combustible et des co\u00fbts d'exploitation r\u00e9duits.","breadcrumb":{"@id":"https:\/\/www.babcock-wanson.com\/fr\/produits\/chaudieres-tubes-de-fumees\/nbwb\/#breadcrumb"},"inLanguage":"fr-FR","potentialAction":[{"@type":"ReadAction","target":["https:\/\/www.babcock-wanson.com\/fr\/produits\/chaudieres-tubes-de-fumees\/nbwb\/"]}]},{"@type":"ImageObject","inLanguage":"fr-FR","@id":"https:\/\/www.babcock-wanson.com\/fr\/produits\/chaudieres-tubes-de-fumees\/nbwb\/#primaryimage","url":"https:\/\/www.babcock-wanson.com\/wp-content\/uploads\/2018\/08\/NBWB-Fire-Tube-Boiler-3.png","contentUrl":"https:\/\/www.babcock-wanson.com\/wp-content\/uploads\/2018\/08\/NBWB-Fire-Tube-Boiler-3.png","width":600,"height":400,"caption":"NBWB Tubes de Fum\u00e9es"},{"@type":"BreadcrumbList","@id":"https:\/\/www.babcock-wanson.com\/fr\/produits\/chaudieres-tubes-de-fumees\/nbwb\/#breadcrumb","itemListElement":[{"@type":"ListItem","position":1,"name":"Accueil","item":"https:\/\/www.babcock-wanson.com\/fr\/"},{"@type":"ListItem","position":2,"name":"Produits","item":"https:\/\/www.babcock-wanson.com\/fr\/shop\/"},{"@type":"ListItem","position":3,"name":"Chaudi\u00e8res tubes de fum\u00e9es","item":"https:\/\/www.babcock-wanson.com\/fr\/categorie-produit\/chaudieres-tubes-de-fumees\/"},{"@type":"ListItem","position":4,"name":"NBWB"}]},{"@type":"WebSite","@id":"https:\/\/www.babcock-wanson.com\/fr\/#website","url":"https:\/\/www.babcock-wanson.com\/fr\/","name":"Babcock Wanson","description":"","publisher":{"@id":"https:\/\/www.babcock-wanson.com\/fr\/#organization"},"potentialAction":[{"@type":"SearchAction","target":{"@type":"EntryPoint","urlTemplate":"https:\/\/www.babcock-wanson.com\/fr\/?s={search_term_string}"},"query-input":{"@type":"PropertyValueSpecification","valueRequired":true,"valueName":"search_term_string"}}],"inLanguage":"fr-FR"},{"@type":"Organization","@id":"https:\/\/www.babcock-wanson.com\/fr\/#organization","name":"Babcock Wanson","url":"https:\/\/www.babcock-wanson.com\/fr\/","logo":{"@type":"ImageObject","inLanguage":"fr-FR","@id":"https:\/\/www.babcock-wanson.com\/fr\/#\/schema\/logo\/image\/","url":"https:\/\/www.babcock-wanson.com\/wp-content\/uploads\/2024\/02\/Babcock-Wanson-1200x1200-1.png","contentUrl":"https:\/\/www.babcock-wanson.com\/wp-content\/uploads\/2024\/02\/Babcock-Wanson-1200x1200-1.png","width":1200,"height":1200,"caption":"Babcock Wanson"},"image":{"@id":"https:\/\/www.babcock-wanson.com\/fr\/#\/schema\/logo\/image\/"},"sameAs":["https:\/\/www.linkedin.com\/company\/babcock-wanson\/","https:\/\/www.youtube.com\/channel\/UCtxl25VieBBsP2kYmtlyv7A"]}]}},"jetpack_sharing_enabled":true,"_links":{"self":[{"href":"https:\/\/www.babcock-wanson.com\/fr\/wp-json\/wp\/v2\/product\/23465","targetHints":{"allow":["GET"]}}],"collection":[{"href":"https:\/\/www.babcock-wanson.com\/fr\/wp-json\/wp\/v2\/product"}],"about":[{"href":"https:\/\/www.babcock-wanson.com\/fr\/wp-json\/wp\/v2\/types\/product"}],"replies":[{"embeddable":true,"href":"https:\/\/www.babcock-wanson.com\/fr\/wp-json\/wp\/v2\/comments?post=23465"}],"wp:featuredmedia":[{"embeddable":true,"href":"https:\/\/www.babcock-wanson.com\/fr\/wp-json\/wp\/v2\/media\/22979"}],"wp:attachment":[{"href":"https:\/\/www.babcock-wanson.com\/fr\/wp-json\/wp\/v2\/media?parent=23465"}],"wp:term":[{"taxonomy":"product_brand","embeddable":true,"href":"https:\/\/www.babcock-wanson.com\/fr\/wp-json\/wp\/v2\/product_brand?post=23465"},{"taxonomy":"product_cat","embeddable":true,"href":"https:\/\/www.babcock-wanson.com\/fr\/wp-json\/wp\/v2\/product_cat?post=23465"},{"taxonomy":"product_tag","embeddable":true,"href":"https:\/\/www.babcock-wanson.com\/fr\/wp-json\/wp\/v2\/product_tag?post=23465"}],"curies":[{"name":"wp","href":"https:\/\/api.w.org\/{rel}","templated":true}]}}