{"id":23469,"date":"2018-05-22T10:06:14","date_gmt":"2018-05-22T09:06:14","guid":{"rendered":"https:\/\/www.babcock-wanson.com\/products\/non%20class\u00e9\/eurosteam\/"},"modified":"2021-11-08T00:45:17","modified_gmt":"2021-11-08T00:45:17","slug":"eurosteam","status":"publish","type":"product","link":"https:\/\/www.babcock-wanson.com\/fr\/produits\/chaudieres-serpentins\/eurosteam\/","title":{"rendered":"Eurosteam"},"content":{"rendered":"<div class=\"vgblk-rw-wrapper limit-wrapper\">\n<h3>Haut rendement<\/h3>\n<ul>\n<li>Le faible volume d\u2019eau permet un d\u00e9marrage rapide, des pertes de chaleur minimes et des co\u00fbts de fonctionnement r\u00e9duits.<\/li>\n<\/ul>\n<ul>\n<li>Le pr\u00e9chauffage de l\u2019air de combustion, combin\u00e9 avec des surfaces d\u2019\u00e9changes \u00e9lev\u00e9es, permet d\u2019atteindre un rendement thermique d\u2019environ 90%. Lorsqu\u2019il est \u00e9quip\u00e9 d\u2019un <a href=\"https:\/\/www.babcock-wanson.com\/fr\/produits\/chaudieres-de-recuperation\/economiseur\/\" target=\"_blank\" rel=\"noopener\">\u00e9conomiseur de gaz de combustion<\/a> Babcock Wanson, l\u2019efficacit\u00e9 thermique peut \u00eatre augment\u00e9e jusqu\u2019\u00e0 95%<\/li>\n<\/ul>\n<h3>Fonctionnement simple et fiable<\/h3>\n<ul>\n<li>Le g\u00e9n\u00e9rateur de vapeur EUROSTEAM comprend un syst\u00e8me de contr\u00f4le enti\u00e8rement int\u00e9gr\u00e9 et test\u00e9 en usine de s\u00e9rie, et est enti\u00e8rement conditionn\u00e9 pour simplifier l\u2019installation sur site.<\/li>\n<li>Le br\u00fbleur Babcock Wanson, sp\u00e9cifiquement d\u00e9velopp\u00e9 pour l\u2019ESM, est con\u00e7u pour fonctionner avec du gaz naturel, du GPL, du FOD ainsi qu\u2019une vari\u00e9t\u00e9 de biocarburants sp\u00e9cialis\u00e9s.<\/li>\n<li>Le pr\u00e9chauffage de l\u2019air comburant, r\u00e9alis\u00e9 dans la double ouverture d\u2019air entre la jaquette ext\u00e9rieure et la chambre de combustion, a un double objectif :\u00a0 r\u00e9duire la consommation de combustible et assurer l\u2019isolation thermique de la chaudi\u00e8re, ce qui entra\u00eene de faibles pertes par rayonnement.<\/li>\n<li>Le g\u00e9n\u00e9rateur de vapeur rapide EUROSTEAM peut \u00eatre install\u00e9 avec les diff\u00e9rents mode d\u2019exploitation Babcock Wanson (24H- 72H &#8211; 7J) permettant une configuration simple et des co\u00fbts d\u2019exploitation r\u00e9duits.<\/li>\n<\/ul>\n<h3>Respectueux de l\u2019environnement<\/h3>\n<ul>\n<li>Le g\u00e9n\u00e9rateur de vapeur rapide EUROSTEAM est tr\u00e8s efficace et pr\u00e9sente de faibles \u00e9missions sous forme standard.<\/li>\n<li>Un syst\u00e8me optionnel de recirculation des gaz d\u2019\u00e9chappement (RGE) permet de r\u00e9duire davantage les \u00e9missions de Nox et garantit la conformit\u00e9 \u00e0 la directive sur les installations de combustion moyennes (MCPD).<\/li>\n<\/ul>\n<h3>Gamme compl\u00e8te d\u2019\u00e9quipements auxiliaires<\/h3>\n<ul>\n<li>Traitement de l\u2019eau, incluant les adoucisseurs, osmose inverse et \u00e9quipements de dosage de produit de conditionnement<\/li>\n<li>B\u00e2che d\u2019alimentation, d\u00e9gazeurs thermiques sous pression et atmosph\u00e9riques Babcock Wanson<\/li>\n<\/ul>\n<h2>G\u00e9n\u00e9rateur de Vapeur EUROSTEAM<\/h2>\n<div class=\"table-responsive\">\n<table>\n<tbody>\n<tr>\n<th class=\"bg-primary text-white\">Eurosteam<\/th>\n<th class=\"bg-primary text-white\">Mod\u00e8le<\/th>\n<th>1000<\/th>\n<th>1250<\/th>\n<th>1500<\/th>\n<th>1750<\/th>\n<th>2000<\/th>\n<th>2500<\/th>\n<th>3000<\/th>\n<th>3500<\/th>\n<th>4000<\/th>\n<th>5000<\/th>\n<th>6000<\/th>\n<th>7000<\/th>\n<th>8000<\/th>\n<th>10000<\/th>\n<\/tr>\n<tr>\n<th>Capacit\u00e9<\/th>\n<th>Kcal\/h x 1000<\/th>\n<td>600<\/td>\n<td>750<\/td>\n<td>900<\/td>\n<td>1050<\/td>\n<td>1200<\/td>\n<td>1500<\/td>\n<td>1800<\/td>\n<td>2100<\/td>\n<td>2400<\/td>\n<td>3000<\/td>\n<td>3600<\/td>\n<td>4200<\/td>\n<td>4800<\/td>\n<td>6000<\/td>\n<\/tr>\n<tr>\n<th>Puissance<\/th>\n<th>kW<\/th>\n<td>697<\/td>\n<td>872<\/td>\n<td>1046<\/td>\n<td>1220<\/td>\n<td>1395<\/td>\n<td>1744<\/td>\n<td>2093<\/td>\n<td>2441<\/td>\n<td>2790<\/td>\n<td>3488<\/td>\n<td>4186<\/td>\n<td>4883<\/td>\n<td>5581<\/td>\n<td>6976<\/td>\n<\/tr>\n<tr class=\"table-secondary\">\n<th class=\"bg-secondary text-white\">Largeur A<\/th>\n<th class=\"bg-secondary text-white\">mm<\/th>\n<td>1760<\/td>\n<td>1760<\/td>\n<td>1820<\/td>\n<td>1820<\/td>\n<td>1850<\/td>\n<td>2250<\/td>\n<td>2250<\/td>\n<td>2270<\/td>\n<td>2270<\/td>\n<td>3020<\/td>\n<td>3020<\/td>\n<td>3480<\/td>\n<td>3780<\/td>\n<td>4050<\/td>\n<\/tr>\n<tr class=\"table-dark\">\n<th class=\"bg-dark text-white\">Hauteur B<\/th>\n<th class=\"bg-dark text-white\">mm<\/th>\n<td>1821<\/td>\n<td>1821<\/td>\n<td>1830<\/td>\n<td>1830<\/td>\n<td>1850<\/td>\n<td>2300<\/td>\n<td>2300<\/td>\n<td>2300<\/td>\n<td>2300<\/td>\n<td>2300<\/td>\n<td>2700<\/td>\n<td>2700<\/td>\n<td>3090<\/td>\n<td>3250<\/td>\n<\/tr>\n<tr class=\"table-primary\">\n<th class=\"bg-primary text-white\">Longueur C<\/th>\n<th class=\"bg-primary text-white\">mm<\/th>\n<td>2856<\/td>\n<td>2870<\/td>\n<td>2870<\/td>\n<td>2890<\/td>\n<td>2890<\/td>\n<td>4300<\/td>\n<td>4300<\/td>\n<td>4300<\/td>\n<td>4300<\/td>\n<td>5710<\/td>\n<td>5710<\/td>\n<td>6480<\/td>\n<td>6480<\/td>\n<td>7630<\/td>\n<\/tr>\n<\/tbody>\n<\/table>\n<\/div>\n<\/div>\n<p><!-- .vgblk-rw-wrapper --><\/p>\n","protected":false},"excerpt":{"rendered":"<p><strong>De 600 000 \u00e0 6 000 000 kCal\/h (697 \u00e0 6 976 kW)<\/strong><br \/>\nLe g\u00e9n\u00e9rateur de vapeur EUROSTEAM (ESM) de Babcock Wanson est une chaudi\u00e8re horizontale \u00e0 vaporisation rapide \u00e0 haut rendement. Fruit de notre expertise dans la conception de serpentins, la chaudi\u00e8re ESM est robuste, \u00e9conome en \u00e9nergie, respectueuse de l\u2019environnement et peut produire de la vapeur en 3 minutes apr\u00e8s d\u00e9marrage \u00e0 froid.<\/p>\n<p>Le faible volume d\u2019eau faible garantit une s\u00e9curit\u00e9 exceptionnelle m\u00eame \u00e0 haute pression. La gamme standard d\u2019unit\u00e9s ESM produit jusqu\u2019\u00e0 10.000 kg\/h de vapeur satur\u00e9e, avec des pressions de fonctionnement jusqu\u2019\u00e0 29 bars sous forme standard. Des pressions plus \u00e9lev\u00e9es sont disponibles sur demande, avec des mod\u00e8les travaillant jusqu\u2019\u00e0 100 bar.<\/p>\n","protected":false},"featured_media":23179,"comment_status":"open","ping_status":"closed","template":"","meta":{"_acf_changed":false,"_relevanssi_hide_post":"","_relevanssi_hide_content":"","_relevanssi_pin_for_all":"","_relevanssi_pin_keywords":"","_relevanssi_unpin_keywords":"","_relevanssi_related_keywords":"","_relevanssi_related_include_ids":"","_relevanssi_related_exclude_ids":"","_relevanssi_related_no_append":"","_relevanssi_related_not_related":"","_relevanssi_related_posts":"","_relevanssi_noindex_reason":""},"product_brand":[],"product_cat":[2648,2656],"product_tag":[],"class_list":{"0":"post-23469","1":"product","2":"type-product","3":"status-publish","4":"has-post-thumbnail","6":"product_cat-chaudieres-serpentins","7":"product_cat-chaudieres-vapeur","9":"first","10":"instock","11":"shipping-taxable","12":"product-type-simple"},"acf":[],"yoast_head":"<!-- This site is optimized with the Yoast SEO Premium plugin v27.4 (Yoast SEO v27.4) - https:\/\/yoast.com\/product\/yoast-seo-premium-wordpress\/ -->\n<title>Eurosteam - Babcock Wanson<\/title>\n<meta name=\"description\" content=\"L&#039;EUROSTEAM (ESM) de Babcock Wanson est un g\u00e9n\u00e9rateur de vapeur rapide, horizontal et \u00e0 haut rendement. Cliquez ici pour en savoir plus sur notre chaudi\u00e8re EUROSTEAM\" \/>\n<meta name=\"robots\" content=\"index, follow, max-snippet:-1, max-image-preview:large, max-video-preview:-1\" \/>\n<link rel=\"canonical\" href=\"https:\/\/www.babcock-wanson.com\/fr\/produits\/chaudieres-serpentins\/eurosteam\/\" \/>\n<meta property=\"og:locale\" content=\"fr_FR\" \/>\n<meta property=\"og:type\" content=\"article\" \/>\n<meta property=\"og:title\" content=\"Eurosteam\" \/>\n<meta property=\"og:description\" content=\"L&#039;EUROSTEAM (ESM) de Babcock Wanson est un g\u00e9n\u00e9rateur de vapeur rapide, horizontal et \u00e0 haut rendement. Cliquez ici pour en savoir plus sur notre chaudi\u00e8re EUROSTEAM\" \/>\n<meta property=\"og:url\" content=\"https:\/\/www.babcock-wanson.com\/fr\/produits\/chaudieres-serpentins\/eurosteam\/\" \/>\n<meta property=\"og:site_name\" content=\"Babcock Wanson\" \/>\n<meta property=\"article:modified_time\" content=\"2021-11-08T00:45:17+00:00\" \/>\n<meta property=\"og:image\" content=\"https:\/\/www.babcock-wanson.com\/wp-content\/uploads\/2018\/05\/Eurosteam-1.png\" \/>\n\t<meta property=\"og:image:width\" content=\"600\" \/>\n\t<meta property=\"og:image:height\" content=\"400\" \/>\n\t<meta property=\"og:image:type\" content=\"image\/png\" \/>\n<meta name=\"twitter:card\" content=\"summary_large_image\" \/>\n<meta name=\"twitter:label1\" content=\"Est. reading time\" \/>\n\t<meta name=\"twitter:data1\" content=\"2 minutes\" \/>\n<script type=\"application\/ld+json\" class=\"yoast-schema-graph\">{\"@context\":\"https:\\\/\\\/schema.org\",\"@graph\":[{\"@type\":\"WebPage\",\"@id\":\"https:\\\/\\\/www.babcock-wanson.com\\\/fr\\\/produits\\\/chaudieres-serpentins\\\/eurosteam\\\/\",\"url\":\"https:\\\/\\\/www.babcock-wanson.com\\\/fr\\\/produits\\\/chaudieres-serpentins\\\/eurosteam\\\/\",\"name\":\"Eurosteam - Babcock Wanson\",\"isPartOf\":{\"@id\":\"https:\\\/\\\/www.babcock-wanson.com\\\/fr\\\/#website\"},\"primaryImageOfPage\":{\"@id\":\"https:\\\/\\\/www.babcock-wanson.com\\\/fr\\\/produits\\\/chaudieres-serpentins\\\/eurosteam\\\/#primaryimage\"},\"image\":{\"@id\":\"https:\\\/\\\/www.babcock-wanson.com\\\/fr\\\/produits\\\/chaudieres-serpentins\\\/eurosteam\\\/#primaryimage\"},\"thumbnailUrl\":\"https:\\\/\\\/www.babcock-wanson.com\\\/wp-content\\\/uploads\\\/2018\\\/05\\\/Eurosteam-1.png\",\"datePublished\":\"2018-05-22T09:06:14+00:00\",\"dateModified\":\"2021-11-08T00:45:17+00:00\",\"description\":\"L'EUROSTEAM (ESM) de Babcock Wanson est un g\u00e9n\u00e9rateur de vapeur rapide, horizontal et \u00e0 haut rendement. Cliquez ici pour en savoir plus sur notre chaudi\u00e8re EUROSTEAM\",\"breadcrumb\":{\"@id\":\"https:\\\/\\\/www.babcock-wanson.com\\\/fr\\\/produits\\\/chaudieres-serpentins\\\/eurosteam\\\/#breadcrumb\"},\"inLanguage\":\"fr-FR\",\"potentialAction\":[{\"@type\":\"ReadAction\",\"target\":[\"https:\\\/\\\/www.babcock-wanson.com\\\/fr\\\/produits\\\/chaudieres-serpentins\\\/eurosteam\\\/\"]}]},{\"@type\":\"ImageObject\",\"inLanguage\":\"fr-FR\",\"@id\":\"https:\\\/\\\/www.babcock-wanson.com\\\/fr\\\/produits\\\/chaudieres-serpentins\\\/eurosteam\\\/#primaryimage\",\"url\":\"https:\\\/\\\/www.babcock-wanson.com\\\/wp-content\\\/uploads\\\/2018\\\/05\\\/Eurosteam-1.png\",\"contentUrl\":\"https:\\\/\\\/www.babcock-wanson.com\\\/wp-content\\\/uploads\\\/2018\\\/05\\\/Eurosteam-1.png\",\"width\":600,\"height\":400,\"caption\":\"Illsutration Usine d'huile de tournesol\"},{\"@type\":\"BreadcrumbList\",\"@id\":\"https:\\\/\\\/www.babcock-wanson.com\\\/fr\\\/produits\\\/chaudieres-serpentins\\\/eurosteam\\\/#breadcrumb\",\"itemListElement\":[{\"@type\":\"ListItem\",\"position\":1,\"name\":\"Accueil\",\"item\":\"https:\\\/\\\/www.babcock-wanson.com\\\/fr\\\/\"},{\"@type\":\"ListItem\",\"position\":2,\"name\":\"Produits\",\"item\":\"https:\\\/\\\/www.babcock-wanson.com\\\/fr\\\/shop\\\/\"},{\"@type\":\"ListItem\",\"position\":3,\"name\":\"Chaudi\u00e8res serpentins\",\"item\":\"https:\\\/\\\/www.babcock-wanson.com\\\/fr\\\/categorie-produit\\\/chaudieres-serpentins\\\/\"},{\"@type\":\"ListItem\",\"position\":4,\"name\":\"Eurosteam\"}]},{\"@type\":\"WebSite\",\"@id\":\"https:\\\/\\\/www.babcock-wanson.com\\\/fr\\\/#website\",\"url\":\"https:\\\/\\\/www.babcock-wanson.com\\\/fr\\\/\",\"name\":\"Babcock Wanson\",\"description\":\"\",\"publisher\":{\"@id\":\"https:\\\/\\\/www.babcock-wanson.com\\\/fr\\\/#organization\"},\"potentialAction\":[{\"@type\":\"SearchAction\",\"target\":{\"@type\":\"EntryPoint\",\"urlTemplate\":\"https:\\\/\\\/www.babcock-wanson.com\\\/fr\\\/?s={search_term_string}\"},\"query-input\":{\"@type\":\"PropertyValueSpecification\",\"valueRequired\":true,\"valueName\":\"search_term_string\"}}],\"inLanguage\":\"fr-FR\"},{\"@type\":\"Organization\",\"@id\":\"https:\\\/\\\/www.babcock-wanson.com\\\/fr\\\/#organization\",\"name\":\"Babcock Wanson\",\"url\":\"https:\\\/\\\/www.babcock-wanson.com\\\/fr\\\/\",\"logo\":{\"@type\":\"ImageObject\",\"inLanguage\":\"fr-FR\",\"@id\":\"https:\\\/\\\/www.babcock-wanson.com\\\/fr\\\/#\\\/schema\\\/logo\\\/image\\\/\",\"url\":\"https:\\\/\\\/www.babcock-wanson.com\\\/wp-content\\\/uploads\\\/2024\\\/02\\\/Babcock-Wanson-1200x1200-1.png\",\"contentUrl\":\"https:\\\/\\\/www.babcock-wanson.com\\\/wp-content\\\/uploads\\\/2024\\\/02\\\/Babcock-Wanson-1200x1200-1.png\",\"width\":1200,\"height\":1200,\"caption\":\"Babcock Wanson\"},\"image\":{\"@id\":\"https:\\\/\\\/www.babcock-wanson.com\\\/fr\\\/#\\\/schema\\\/logo\\\/image\\\/\"},\"sameAs\":[\"https:\\\/\\\/www.linkedin.com\\\/company\\\/babcock-wanson\\\/\",\"https:\\\/\\\/www.youtube.com\\\/channel\\\/UCtxl25VieBBsP2kYmtlyv7A\"]}]}<\/script>\n<!-- \/ Yoast SEO Premium plugin. -->","yoast_head_json":{"title":"Eurosteam - Babcock Wanson","description":"L'EUROSTEAM (ESM) de Babcock Wanson est un g\u00e9n\u00e9rateur de vapeur rapide, horizontal et \u00e0 haut rendement. Cliquez ici pour en savoir plus sur notre chaudi\u00e8re EUROSTEAM","robots":{"index":"index","follow":"follow","max-snippet":"max-snippet:-1","max-image-preview":"max-image-preview:large","max-video-preview":"max-video-preview:-1"},"canonical":"https:\/\/www.babcock-wanson.com\/fr\/produits\/chaudieres-serpentins\/eurosteam\/","og_locale":"fr_FR","og_type":"article","og_title":"Eurosteam","og_description":"L'EUROSTEAM (ESM) de Babcock Wanson est un g\u00e9n\u00e9rateur de vapeur rapide, horizontal et \u00e0 haut rendement. Cliquez ici pour en savoir plus sur notre chaudi\u00e8re EUROSTEAM","og_url":"https:\/\/www.babcock-wanson.com\/fr\/produits\/chaudieres-serpentins\/eurosteam\/","og_site_name":"Babcock Wanson","article_modified_time":"2021-11-08T00:45:17+00:00","og_image":[{"width":600,"height":400,"url":"https:\/\/www.babcock-wanson.com\/wp-content\/uploads\/2018\/05\/Eurosteam-1.png","type":"image\/png"}],"twitter_card":"summary_large_image","twitter_misc":{"Est. reading time":"2 minutes"},"schema":{"@context":"https:\/\/schema.org","@graph":[{"@type":"WebPage","@id":"https:\/\/www.babcock-wanson.com\/fr\/produits\/chaudieres-serpentins\/eurosteam\/","url":"https:\/\/www.babcock-wanson.com\/fr\/produits\/chaudieres-serpentins\/eurosteam\/","name":"Eurosteam - Babcock Wanson","isPartOf":{"@id":"https:\/\/www.babcock-wanson.com\/fr\/#website"},"primaryImageOfPage":{"@id":"https:\/\/www.babcock-wanson.com\/fr\/produits\/chaudieres-serpentins\/eurosteam\/#primaryimage"},"image":{"@id":"https:\/\/www.babcock-wanson.com\/fr\/produits\/chaudieres-serpentins\/eurosteam\/#primaryimage"},"thumbnailUrl":"https:\/\/www.babcock-wanson.com\/wp-content\/uploads\/2018\/05\/Eurosteam-1.png","datePublished":"2018-05-22T09:06:14+00:00","dateModified":"2021-11-08T00:45:17+00:00","description":"L'EUROSTEAM (ESM) de Babcock Wanson est un g\u00e9n\u00e9rateur de vapeur rapide, horizontal et \u00e0 haut rendement. Cliquez ici pour en savoir plus sur notre chaudi\u00e8re EUROSTEAM","breadcrumb":{"@id":"https:\/\/www.babcock-wanson.com\/fr\/produits\/chaudieres-serpentins\/eurosteam\/#breadcrumb"},"inLanguage":"fr-FR","potentialAction":[{"@type":"ReadAction","target":["https:\/\/www.babcock-wanson.com\/fr\/produits\/chaudieres-serpentins\/eurosteam\/"]}]},{"@type":"ImageObject","inLanguage":"fr-FR","@id":"https:\/\/www.babcock-wanson.com\/fr\/produits\/chaudieres-serpentins\/eurosteam\/#primaryimage","url":"https:\/\/www.babcock-wanson.com\/wp-content\/uploads\/2018\/05\/Eurosteam-1.png","contentUrl":"https:\/\/www.babcock-wanson.com\/wp-content\/uploads\/2018\/05\/Eurosteam-1.png","width":600,"height":400,"caption":"Illsutration Usine d'huile de tournesol"},{"@type":"BreadcrumbList","@id":"https:\/\/www.babcock-wanson.com\/fr\/produits\/chaudieres-serpentins\/eurosteam\/#breadcrumb","itemListElement":[{"@type":"ListItem","position":1,"name":"Accueil","item":"https:\/\/www.babcock-wanson.com\/fr\/"},{"@type":"ListItem","position":2,"name":"Produits","item":"https:\/\/www.babcock-wanson.com\/fr\/shop\/"},{"@type":"ListItem","position":3,"name":"Chaudi\u00e8res serpentins","item":"https:\/\/www.babcock-wanson.com\/fr\/categorie-produit\/chaudieres-serpentins\/"},{"@type":"ListItem","position":4,"name":"Eurosteam"}]},{"@type":"WebSite","@id":"https:\/\/www.babcock-wanson.com\/fr\/#website","url":"https:\/\/www.babcock-wanson.com\/fr\/","name":"Babcock Wanson","description":"","publisher":{"@id":"https:\/\/www.babcock-wanson.com\/fr\/#organization"},"potentialAction":[{"@type":"SearchAction","target":{"@type":"EntryPoint","urlTemplate":"https:\/\/www.babcock-wanson.com\/fr\/?s={search_term_string}"},"query-input":{"@type":"PropertyValueSpecification","valueRequired":true,"valueName":"search_term_string"}}],"inLanguage":"fr-FR"},{"@type":"Organization","@id":"https:\/\/www.babcock-wanson.com\/fr\/#organization","name":"Babcock Wanson","url":"https:\/\/www.babcock-wanson.com\/fr\/","logo":{"@type":"ImageObject","inLanguage":"fr-FR","@id":"https:\/\/www.babcock-wanson.com\/fr\/#\/schema\/logo\/image\/","url":"https:\/\/www.babcock-wanson.com\/wp-content\/uploads\/2024\/02\/Babcock-Wanson-1200x1200-1.png","contentUrl":"https:\/\/www.babcock-wanson.com\/wp-content\/uploads\/2024\/02\/Babcock-Wanson-1200x1200-1.png","width":1200,"height":1200,"caption":"Babcock Wanson"},"image":{"@id":"https:\/\/www.babcock-wanson.com\/fr\/#\/schema\/logo\/image\/"},"sameAs":["https:\/\/www.linkedin.com\/company\/babcock-wanson\/","https:\/\/www.youtube.com\/channel\/UCtxl25VieBBsP2kYmtlyv7A"]}]}},"jetpack_sharing_enabled":true,"_links":{"self":[{"href":"https:\/\/www.babcock-wanson.com\/fr\/wp-json\/wp\/v2\/product\/23469","targetHints":{"allow":["GET"]}}],"collection":[{"href":"https:\/\/www.babcock-wanson.com\/fr\/wp-json\/wp\/v2\/product"}],"about":[{"href":"https:\/\/www.babcock-wanson.com\/fr\/wp-json\/wp\/v2\/types\/product"}],"replies":[{"embeddable":true,"href":"https:\/\/www.babcock-wanson.com\/fr\/wp-json\/wp\/v2\/comments?post=23469"}],"wp:featuredmedia":[{"embeddable":true,"href":"https:\/\/www.babcock-wanson.com\/fr\/wp-json\/wp\/v2\/media\/23179"}],"wp:attachment":[{"href":"https:\/\/www.babcock-wanson.com\/fr\/wp-json\/wp\/v2\/media?parent=23469"}],"wp:term":[{"taxonomy":"product_brand","embeddable":true,"href":"https:\/\/www.babcock-wanson.com\/fr\/wp-json\/wp\/v2\/product_brand?post=23469"},{"taxonomy":"product_cat","embeddable":true,"href":"https:\/\/www.babcock-wanson.com\/fr\/wp-json\/wp\/v2\/product_cat?post=23469"},{"taxonomy":"product_tag","embeddable":true,"href":"https:\/\/www.babcock-wanson.com\/fr\/wp-json\/wp\/v2\/product_tag?post=23469"}],"curies":[{"name":"wp","href":"https:\/\/api.w.org\/{rel}","templated":true}]}}