{"id":23473,"date":"2018-08-15T10:36:04","date_gmt":"2018-08-15T09:36:04","guid":{"rendered":"https:\/\/www.babcock-wanson.com\/products\/non%20class\u00e9\/serie-bwd\/"},"modified":"2021-11-05T16:13:47","modified_gmt":"2021-11-05T16:13:47","slug":"bwd","status":"publish","type":"product","link":"https:\/\/www.babcock-wanson.com\/fr\/produits\/chaudieres-tubes-de-fumees\/bwd\/","title":{"rendered":"BWD"},"content":{"rendered":"<div class=\"vgblk-rw-wrapper limit-wrapper\">\n<h3>Faible consommation de combustible<\/h3>\n<ul>\n<li>La parfaite ad\u00e9quation entre la chaudi\u00e8re et le br\u00fbleur garantit un fonctionnement fiable et efficace. Des rendements de plus de 95 % peuvent \u00eatre obtenus avec un \u00e9conomiseur et un <a href=\"https:\/\/www.babcock-wanson.com\/fr\/categorie-produit\/chaudieres-de-recuperation\/\" target=\"_blank\" rel=\"noopener\">syst\u00e8me de r\u00e9cup\u00e9ration de chaleur<\/a> Babcock Wanson.<\/li>\n<li>Un rendement \u00e9lev\u00e9 sur toute la plage de modulation. La micro-modulation \u00e0 commande num\u00e9rique et la t\u00eate de combustion ont \u00e9t\u00e9 sp\u00e9cialement con\u00e7ues pour un contr\u00f4le parfait de l\u2019exc\u00e8s d\u2019air, fonctionnement non d\u00e9grad\u00e9 \u00e0 bas r\u00e9gime et des co\u00fbts d\u2019exploitation les plus bas possibles.<\/li>\n<li>La consommation \u00e9lectrique peut \u00eatre r\u00e9duite de 30 \u00e0 50% gr\u00e2ce \u00e0 la mise en place de variateurs de vitesse sur le ventilateur d\u2019air comburant et sur la pompe d\u2019alimentation.<\/li>\n<\/ul>\n<h3>R\u00e9duction des co\u00fbts d\u2019exploitation<\/h3>\n<ul>\n<li>Conception robuste pour une longue dur\u00e9e de vie<\/li>\n<li>L\u2019acc\u00e8s direct \u00e0 la bo\u00eete de retournement facilite les interventions et l\u2019inspection des tubes.<\/li>\n<li>La bo\u00eete de retournement des fum\u00e9es est refroidie par l\u2019eau et assure ainsi une bonne efficacit\u00e9. Elle n\u2019est pas retenue par des tirants qui constituent une fragilit\u00e9 des bo\u00eetes de retournement classiques.<\/li>\n<li>La chaudi\u00e8re est fournie dans des configurations permettant plusieurs modes d\u2019exploitation approuv\u00e9s partout en Europe : de la simple pr\u00e9sence permanente (PHP) jusqu\u2019\u00e0 des modes sans pr\u00e9sence humaine permanente (SPHP) tr\u00e8s novateurs, notamment le syst\u00e8me d\u2019exploitation Babcock Wanson BW720.<\/li>\n<\/ul>\n<h3>Pourquoi choisir la chaudi\u00e8re tubes de fum\u00e9es BWD ?<\/h3>\n<ul>\n<li>Efficacit\u00e9 \u2013 Br\u00fbleurs \u00e0 faibles \u00e9missions de Nox<\/li>\n<li>Taux de modulation \u00e9lev\u00e9 du br\u00fbleur<\/li>\n<li>Acc\u00e8s facile pour simplifier l\u2019entretien<\/li>\n<li>Conception robuste pour une tr\u00e8s longue dur\u00e9e de vie<\/li>\n<li><a href=\"https:\/\/www.babcock-wanson.com\/fr\/produits\/chaudieres-de-recuperation\/economiseur\/\" target=\"_blank\" rel=\"noopener\">\u00c9conomiseurs de gaz de combustion et de condensation<\/a><\/li>\n<li>Pr\u00e9chauffeurs d\u2019air comburant<\/li>\n<li>Combustible double et mixte en option<\/li>\n<li>R\u00e9gulation O2 et CO en option<\/li>\n<li>Mode d\u2019exploitation facile<\/li>\n<li>Une solution vapeur int\u00e9gr\u00e9e<\/li>\n<\/ul>\n<h2>BWD Chaudi\u00e8res Tubes de Fum\u00e9es<\/h2>\n<div class=\"table-responsive\">\n<table>\n<tbody>\n<tr>\n<th class=\"bg-primary text-white\">BWD<\/th>\n<th class=\"bg-primary text-white\">Mod\u00e8le<\/th>\n<th>15<\/th>\n<th>20<\/th>\n<th>25<\/th>\n<th>30<\/th>\n<th>35<\/th>\n<th>40<\/th>\n<th>50<\/th>\n<th>60<\/th>\n<th>70<\/th>\n<th>80<\/th>\n<\/tr>\n<tr>\n<th>Production Vapeur (1)<\/th>\n<th>Kg\/h<\/th>\n<td>1500<\/td>\n<td>2000<\/td>\n<td>2500<\/td>\n<td>3000<\/td>\n<td>3500<\/td>\n<td>4000<\/td>\n<td>5000<\/td>\n<td>6000<\/td>\n<td>7000<\/td>\n<td>8000<\/td>\n<\/tr>\n<tr>\n<th>Puissance (1)<\/th>\n<th>kW<\/th>\n<td>2025<\/td>\n<td>1366<\/td>\n<td>1707<\/td>\n<td>2049<\/td>\n<td>2390<\/td>\n<td>2732<\/td>\n<td>3415<\/td>\n<td>4097<\/td>\n<td>4780<\/td>\n<td>5445<\/td>\n<\/tr>\n<tr class=\"table-secondary\">\n<th class=\"bg-secondary text-white\">Largeur A (2)<\/th>\n<th class=\"bg-secondary text-white\">mm<\/th>\n<td>2145<\/td>\n<td>2145<\/td>\n<td>2230<\/td>\n<td>2230<\/td>\n<td>2360<\/td>\n<td>2360<\/td>\n<td>2660<\/td>\n<td>2660<\/td>\n<td>2890<\/td>\n<td>2890<\/td>\n<\/tr>\n<tr class=\"table-dark\">\n<th class=\"bg-dark text-white\">Longueur B (2)<\/th>\n<th class=\"bg-dark text-white\">mm<\/th>\n<td>4630<\/td>\n<td>4630<\/td>\n<td>5950<\/td>\n<td>5950<\/td>\n<td>6980<\/td>\n<td>6980<\/td>\n<td>8030<\/td>\n<td>8030<\/td>\n<td>8640<\/td>\n<td>8640<\/td>\n<\/tr>\n<tr class=\"table-primary\">\n<th class=\"bg-primary text-white\">Hauteur C (2)<\/th>\n<th class=\"bg-primary text-white\">mm<\/th>\n<td>2450<\/td>\n<td>2450<\/td>\n<td>2630<\/td>\n<td>2630<\/td>\n<td>2730<\/td>\n<td>2730<\/td>\n<td>3090<\/td>\n<td>3090<\/td>\n<td>3515<\/td>\n<td>3515<\/td>\n<\/tr>\n<tr>\n<th>Poids en Charge<\/th>\n<th>Kg<\/th>\n<td>10200<\/td>\n<td>10200<\/td>\n<td>12500<\/td>\n<td>12500<\/td>\n<td>16300<\/td>\n<td>16300<\/td>\n<td>24800<\/td>\n<td>24800<\/td>\n<td>33700<\/td>\n<td>33700<\/td>\n<\/tr>\n<\/tbody>\n<\/table>\n<\/div>\n<p>(1) La puissance est donn\u00e9e \u00e0 15 bars avec une eau alimentaire \u00e0 80\u00b0C.<\/p>\n<p>(2) Les dimensions sont globales et incluent le br\u00fbleurs et les accessoires mont\u00e9s.<\/p><\/div>\n<p><!-- .vgblk-rw-wrapper --><\/p>\n","protected":false},"excerpt":{"rendered":"<p><strong>Production de vapeur de 1500 kg\/h \u00e0 8000 kg\/h<\/strong><br \/>\nLa <a href=\"https:\/\/www.babcock-wanson.com\/fr\/categorie-produit\/chaudieres-tubes-de-fumees\/\" target=\"_blank\" rel=\"noopener\">chaudi\u00e8re tubes de fum\u00e9es<\/a> BWD est une chaudi\u00e8re \u00e0 3 parcours disposant d\u2019un foyer centr\u00e9 afin de r\u00e9partir les contraintes m\u00e9caniques. La taille du d\u00f4me vapeur et le s\u00e9parateur int\u00e9gr\u00e9 permettent d\u2019obtenir une vapeur s\u00e8che de haute qualit\u00e9.<\/p>\n","protected":false},"featured_media":22983,"comment_status":"closed","ping_status":"closed","template":"","meta":{"_acf_changed":false,"_relevanssi_hide_post":"","_relevanssi_hide_content":"","_relevanssi_pin_for_all":"","_relevanssi_pin_keywords":"","_relevanssi_unpin_keywords":"","_relevanssi_related_keywords":"","_relevanssi_related_include_ids":"","_relevanssi_related_exclude_ids":"","_relevanssi_related_no_append":"","_relevanssi_related_not_related":"","_relevanssi_related_posts":"","_relevanssi_noindex_reason":""},"product_brand":[],"product_cat":[2650,2656],"product_tag":[],"class_list":{"0":"post-23473","1":"product","2":"type-product","3":"status-publish","4":"has-post-thumbnail","6":"product_cat-chaudieres-tubes-de-fumees","7":"product_cat-chaudieres-vapeur","9":"first","10":"instock","11":"shipping-taxable","12":"product-type-simple"},"acf":[],"yoast_head":"<!-- This site is optimized with the Yoast SEO Premium plugin v27.4 (Yoast SEO v27.4) - https:\/\/yoast.com\/product\/yoast-seo-premium-wordpress\/ -->\n<title>S\u00e9rie BWD-Chaudi\u00e8re-Tubes-de-Fum\u00e9es<\/title>\n<meta name=\"description\" content=\"La s\u00e9rie BWD se caract\u00e9rise par une conception \u00e0 trois passages et utilise un tube de four plac\u00e9 coaxialement, ce qui permet une r\u00e9partition optimale des contraintes m\u00e9caniques.\" \/>\n<meta name=\"robots\" content=\"index, follow, max-snippet:-1, max-image-preview:large, max-video-preview:-1\" \/>\n<link rel=\"canonical\" href=\"https:\/\/www.babcock-wanson.com\/fr\/produits\/chaudieres-tubes-de-fumees\/bwd\/\" \/>\n<meta property=\"og:locale\" content=\"fr_FR\" \/>\n<meta property=\"og:type\" content=\"article\" \/>\n<meta property=\"og:title\" content=\"BWD\" \/>\n<meta property=\"og:description\" content=\"La s\u00e9rie BWD se caract\u00e9rise par une conception \u00e0 trois passages et utilise un tube de four plac\u00e9 coaxialement, ce qui permet une r\u00e9partition optimale des contraintes m\u00e9caniques.\" \/>\n<meta property=\"og:url\" content=\"https:\/\/www.babcock-wanson.com\/fr\/produits\/chaudieres-tubes-de-fumees\/bwd\/\" \/>\n<meta property=\"og:site_name\" content=\"Babcock Wanson\" \/>\n<meta property=\"article:modified_time\" content=\"2021-11-05T16:13:47+00:00\" \/>\n<meta property=\"og:image\" content=\"https:\/\/www.babcock-wanson.com\/wp-content\/uploads\/2018\/08\/BWD-Fire-Tube-Boilers-4.png\" \/>\n\t<meta property=\"og:image:width\" content=\"600\" \/>\n\t<meta property=\"og:image:height\" content=\"400\" \/>\n\t<meta property=\"og:image:type\" content=\"image\/png\" \/>\n<meta name=\"twitter:card\" content=\"summary_large_image\" \/>\n<meta name=\"twitter:label1\" content=\"Est. reading time\" \/>\n\t<meta name=\"twitter:data1\" content=\"2 minutes\" \/>\n<script type=\"application\/ld+json\" class=\"yoast-schema-graph\">{\"@context\":\"https:\\\/\\\/schema.org\",\"@graph\":[{\"@type\":\"WebPage\",\"@id\":\"https:\\\/\\\/www.babcock-wanson.com\\\/fr\\\/produits\\\/chaudieres-tubes-de-fumees\\\/bwd\\\/\",\"url\":\"https:\\\/\\\/www.babcock-wanson.com\\\/fr\\\/produits\\\/chaudieres-tubes-de-fumees\\\/bwd\\\/\",\"name\":\"S\u00e9rie BWD-Chaudi\u00e8re-Tubes-de-Fum\u00e9es\",\"isPartOf\":{\"@id\":\"https:\\\/\\\/www.babcock-wanson.com\\\/fr\\\/#website\"},\"primaryImageOfPage\":{\"@id\":\"https:\\\/\\\/www.babcock-wanson.com\\\/fr\\\/produits\\\/chaudieres-tubes-de-fumees\\\/bwd\\\/#primaryimage\"},\"image\":{\"@id\":\"https:\\\/\\\/www.babcock-wanson.com\\\/fr\\\/produits\\\/chaudieres-tubes-de-fumees\\\/bwd\\\/#primaryimage\"},\"thumbnailUrl\":\"https:\\\/\\\/www.babcock-wanson.com\\\/wp-content\\\/uploads\\\/2018\\\/08\\\/BWD-Fire-Tube-Boilers-4.png\",\"datePublished\":\"2018-08-15T09:36:04+00:00\",\"dateModified\":\"2021-11-05T16:13:47+00:00\",\"description\":\"La s\u00e9rie BWD se caract\u00e9rise par une conception \u00e0 trois passages et utilise un tube de four plac\u00e9 coaxialement, ce qui permet une r\u00e9partition optimale des contraintes m\u00e9caniques.\",\"breadcrumb\":{\"@id\":\"https:\\\/\\\/www.babcock-wanson.com\\\/fr\\\/produits\\\/chaudieres-tubes-de-fumees\\\/bwd\\\/#breadcrumb\"},\"inLanguage\":\"fr-FR\",\"potentialAction\":[{\"@type\":\"ReadAction\",\"target\":[\"https:\\\/\\\/www.babcock-wanson.com\\\/fr\\\/produits\\\/chaudieres-tubes-de-fumees\\\/bwd\\\/\"]}]},{\"@type\":\"ImageObject\",\"inLanguage\":\"fr-FR\",\"@id\":\"https:\\\/\\\/www.babcock-wanson.com\\\/fr\\\/produits\\\/chaudieres-tubes-de-fumees\\\/bwd\\\/#primaryimage\",\"url\":\"https:\\\/\\\/www.babcock-wanson.com\\\/wp-content\\\/uploads\\\/2018\\\/08\\\/BWD-Fire-Tube-Boilers-4.png\",\"contentUrl\":\"https:\\\/\\\/www.babcock-wanson.com\\\/wp-content\\\/uploads\\\/2018\\\/08\\\/BWD-Fire-Tube-Boilers-4.png\",\"width\":600,\"height\":400,\"caption\":\"NBWB Tubes de Fum\u00e9es\"},{\"@type\":\"BreadcrumbList\",\"@id\":\"https:\\\/\\\/www.babcock-wanson.com\\\/fr\\\/produits\\\/chaudieres-tubes-de-fumees\\\/bwd\\\/#breadcrumb\",\"itemListElement\":[{\"@type\":\"ListItem\",\"position\":1,\"name\":\"Accueil\",\"item\":\"https:\\\/\\\/www.babcock-wanson.com\\\/fr\\\/\"},{\"@type\":\"ListItem\",\"position\":2,\"name\":\"Produits\",\"item\":\"https:\\\/\\\/www.babcock-wanson.com\\\/fr\\\/shop\\\/\"},{\"@type\":\"ListItem\",\"position\":3,\"name\":\"Chaudi\u00e8res tubes de fum\u00e9es\",\"item\":\"https:\\\/\\\/www.babcock-wanson.com\\\/fr\\\/categorie-produit\\\/chaudieres-tubes-de-fumees\\\/\"},{\"@type\":\"ListItem\",\"position\":4,\"name\":\"BWD\"}]},{\"@type\":\"WebSite\",\"@id\":\"https:\\\/\\\/www.babcock-wanson.com\\\/fr\\\/#website\",\"url\":\"https:\\\/\\\/www.babcock-wanson.com\\\/fr\\\/\",\"name\":\"Babcock Wanson\",\"description\":\"\",\"publisher\":{\"@id\":\"https:\\\/\\\/www.babcock-wanson.com\\\/fr\\\/#organization\"},\"potentialAction\":[{\"@type\":\"SearchAction\",\"target\":{\"@type\":\"EntryPoint\",\"urlTemplate\":\"https:\\\/\\\/www.babcock-wanson.com\\\/fr\\\/?s={search_term_string}\"},\"query-input\":{\"@type\":\"PropertyValueSpecification\",\"valueRequired\":true,\"valueName\":\"search_term_string\"}}],\"inLanguage\":\"fr-FR\"},{\"@type\":\"Organization\",\"@id\":\"https:\\\/\\\/www.babcock-wanson.com\\\/fr\\\/#organization\",\"name\":\"Babcock Wanson\",\"url\":\"https:\\\/\\\/www.babcock-wanson.com\\\/fr\\\/\",\"logo\":{\"@type\":\"ImageObject\",\"inLanguage\":\"fr-FR\",\"@id\":\"https:\\\/\\\/www.babcock-wanson.com\\\/fr\\\/#\\\/schema\\\/logo\\\/image\\\/\",\"url\":\"https:\\\/\\\/www.babcock-wanson.com\\\/wp-content\\\/uploads\\\/2024\\\/02\\\/Babcock-Wanson-1200x1200-1.png\",\"contentUrl\":\"https:\\\/\\\/www.babcock-wanson.com\\\/wp-content\\\/uploads\\\/2024\\\/02\\\/Babcock-Wanson-1200x1200-1.png\",\"width\":1200,\"height\":1200,\"caption\":\"Babcock Wanson\"},\"image\":{\"@id\":\"https:\\\/\\\/www.babcock-wanson.com\\\/fr\\\/#\\\/schema\\\/logo\\\/image\\\/\"},\"sameAs\":[\"https:\\\/\\\/www.linkedin.com\\\/company\\\/babcock-wanson\\\/\",\"https:\\\/\\\/www.youtube.com\\\/channel\\\/UCtxl25VieBBsP2kYmtlyv7A\"]}]}<\/script>\n<!-- \/ Yoast SEO Premium plugin. -->","yoast_head_json":{"title":"S\u00e9rie BWD-Chaudi\u00e8re-Tubes-de-Fum\u00e9es","description":"La s\u00e9rie BWD se caract\u00e9rise par une conception \u00e0 trois passages et utilise un tube de four plac\u00e9 coaxialement, ce qui permet une r\u00e9partition optimale des contraintes m\u00e9caniques.","robots":{"index":"index","follow":"follow","max-snippet":"max-snippet:-1","max-image-preview":"max-image-preview:large","max-video-preview":"max-video-preview:-1"},"canonical":"https:\/\/www.babcock-wanson.com\/fr\/produits\/chaudieres-tubes-de-fumees\/bwd\/","og_locale":"fr_FR","og_type":"article","og_title":"BWD","og_description":"La s\u00e9rie BWD se caract\u00e9rise par une conception \u00e0 trois passages et utilise un tube de four plac\u00e9 coaxialement, ce qui permet une r\u00e9partition optimale des contraintes m\u00e9caniques.","og_url":"https:\/\/www.babcock-wanson.com\/fr\/produits\/chaudieres-tubes-de-fumees\/bwd\/","og_site_name":"Babcock Wanson","article_modified_time":"2021-11-05T16:13:47+00:00","og_image":[{"width":600,"height":400,"url":"https:\/\/www.babcock-wanson.com\/wp-content\/uploads\/2018\/08\/BWD-Fire-Tube-Boilers-4.png","type":"image\/png"}],"twitter_card":"summary_large_image","twitter_misc":{"Est. reading time":"2 minutes"},"schema":{"@context":"https:\/\/schema.org","@graph":[{"@type":"WebPage","@id":"https:\/\/www.babcock-wanson.com\/fr\/produits\/chaudieres-tubes-de-fumees\/bwd\/","url":"https:\/\/www.babcock-wanson.com\/fr\/produits\/chaudieres-tubes-de-fumees\/bwd\/","name":"S\u00e9rie BWD-Chaudi\u00e8re-Tubes-de-Fum\u00e9es","isPartOf":{"@id":"https:\/\/www.babcock-wanson.com\/fr\/#website"},"primaryImageOfPage":{"@id":"https:\/\/www.babcock-wanson.com\/fr\/produits\/chaudieres-tubes-de-fumees\/bwd\/#primaryimage"},"image":{"@id":"https:\/\/www.babcock-wanson.com\/fr\/produits\/chaudieres-tubes-de-fumees\/bwd\/#primaryimage"},"thumbnailUrl":"https:\/\/www.babcock-wanson.com\/wp-content\/uploads\/2018\/08\/BWD-Fire-Tube-Boilers-4.png","datePublished":"2018-08-15T09:36:04+00:00","dateModified":"2021-11-05T16:13:47+00:00","description":"La s\u00e9rie BWD se caract\u00e9rise par une conception \u00e0 trois passages et utilise un tube de four plac\u00e9 coaxialement, ce qui permet une r\u00e9partition optimale des contraintes m\u00e9caniques.","breadcrumb":{"@id":"https:\/\/www.babcock-wanson.com\/fr\/produits\/chaudieres-tubes-de-fumees\/bwd\/#breadcrumb"},"inLanguage":"fr-FR","potentialAction":[{"@type":"ReadAction","target":["https:\/\/www.babcock-wanson.com\/fr\/produits\/chaudieres-tubes-de-fumees\/bwd\/"]}]},{"@type":"ImageObject","inLanguage":"fr-FR","@id":"https:\/\/www.babcock-wanson.com\/fr\/produits\/chaudieres-tubes-de-fumees\/bwd\/#primaryimage","url":"https:\/\/www.babcock-wanson.com\/wp-content\/uploads\/2018\/08\/BWD-Fire-Tube-Boilers-4.png","contentUrl":"https:\/\/www.babcock-wanson.com\/wp-content\/uploads\/2018\/08\/BWD-Fire-Tube-Boilers-4.png","width":600,"height":400,"caption":"NBWB Tubes de Fum\u00e9es"},{"@type":"BreadcrumbList","@id":"https:\/\/www.babcock-wanson.com\/fr\/produits\/chaudieres-tubes-de-fumees\/bwd\/#breadcrumb","itemListElement":[{"@type":"ListItem","position":1,"name":"Accueil","item":"https:\/\/www.babcock-wanson.com\/fr\/"},{"@type":"ListItem","position":2,"name":"Produits","item":"https:\/\/www.babcock-wanson.com\/fr\/shop\/"},{"@type":"ListItem","position":3,"name":"Chaudi\u00e8res tubes de fum\u00e9es","item":"https:\/\/www.babcock-wanson.com\/fr\/categorie-produit\/chaudieres-tubes-de-fumees\/"},{"@type":"ListItem","position":4,"name":"BWD"}]},{"@type":"WebSite","@id":"https:\/\/www.babcock-wanson.com\/fr\/#website","url":"https:\/\/www.babcock-wanson.com\/fr\/","name":"Babcock Wanson","description":"","publisher":{"@id":"https:\/\/www.babcock-wanson.com\/fr\/#organization"},"potentialAction":[{"@type":"SearchAction","target":{"@type":"EntryPoint","urlTemplate":"https:\/\/www.babcock-wanson.com\/fr\/?s={search_term_string}"},"query-input":{"@type":"PropertyValueSpecification","valueRequired":true,"valueName":"search_term_string"}}],"inLanguage":"fr-FR"},{"@type":"Organization","@id":"https:\/\/www.babcock-wanson.com\/fr\/#organization","name":"Babcock Wanson","url":"https:\/\/www.babcock-wanson.com\/fr\/","logo":{"@type":"ImageObject","inLanguage":"fr-FR","@id":"https:\/\/www.babcock-wanson.com\/fr\/#\/schema\/logo\/image\/","url":"https:\/\/www.babcock-wanson.com\/wp-content\/uploads\/2024\/02\/Babcock-Wanson-1200x1200-1.png","contentUrl":"https:\/\/www.babcock-wanson.com\/wp-content\/uploads\/2024\/02\/Babcock-Wanson-1200x1200-1.png","width":1200,"height":1200,"caption":"Babcock Wanson"},"image":{"@id":"https:\/\/www.babcock-wanson.com\/fr\/#\/schema\/logo\/image\/"},"sameAs":["https:\/\/www.linkedin.com\/company\/babcock-wanson\/","https:\/\/www.youtube.com\/channel\/UCtxl25VieBBsP2kYmtlyv7A"]}]}},"jetpack_sharing_enabled":true,"_links":{"self":[{"href":"https:\/\/www.babcock-wanson.com\/fr\/wp-json\/wp\/v2\/product\/23473","targetHints":{"allow":["GET"]}}],"collection":[{"href":"https:\/\/www.babcock-wanson.com\/fr\/wp-json\/wp\/v2\/product"}],"about":[{"href":"https:\/\/www.babcock-wanson.com\/fr\/wp-json\/wp\/v2\/types\/product"}],"replies":[{"embeddable":true,"href":"https:\/\/www.babcock-wanson.com\/fr\/wp-json\/wp\/v2\/comments?post=23473"}],"wp:featuredmedia":[{"embeddable":true,"href":"https:\/\/www.babcock-wanson.com\/fr\/wp-json\/wp\/v2\/media\/22983"}],"wp:attachment":[{"href":"https:\/\/www.babcock-wanson.com\/fr\/wp-json\/wp\/v2\/media?parent=23473"}],"wp:term":[{"taxonomy":"product_brand","embeddable":true,"href":"https:\/\/www.babcock-wanson.com\/fr\/wp-json\/wp\/v2\/product_brand?post=23473"},{"taxonomy":"product_cat","embeddable":true,"href":"https:\/\/www.babcock-wanson.com\/fr\/wp-json\/wp\/v2\/product_cat?post=23473"},{"taxonomy":"product_tag","embeddable":true,"href":"https:\/\/www.babcock-wanson.com\/fr\/wp-json\/wp\/v2\/product_tag?post=23473"}],"curies":[{"name":"wp","href":"https:\/\/api.w.org\/{rel}","templated":true}]}}