{"id":23477,"date":"2018-08-15T10:39:48","date_gmt":"2018-08-15T09:39:48","guid":{"rendered":"https:\/\/www.babcock-wanson.com\/products\/non%20class\u00e9\/serie-bwr\/"},"modified":"2021-11-08T01:02:53","modified_gmt":"2021-11-08T01:02:53","slug":"bwr","status":"publish","type":"product","link":"https:\/\/www.babcock-wanson.com\/fr\/produits\/chaudieres-tubes-de-fumees\/bwr\/","title":{"rendered":"BWR"},"content":{"rendered":"<div class=\"vgblk-rw-wrapper limit-wrapper\">\n<h3>Faible consommation de combustible<\/h3>\n<ul>\n<li>La combinaison parfaite de la BWR et de son br\u00fbleur permet une exploitation efficiente et fiable. Le rendement peut \u00eatre garanti jusqu\u2019\u00e0 98% (R-Eco) et 105% (condensation) avec un <a href=\"https:\/\/www.babcock-wanson.com\/fr\/produits\/chaudieres-de-recuperation\/economiseur\/\" target=\"_blank\" rel=\"noopener\">\u00e9conomiseur<\/a> Babcock Wanson ou un de nos <a href=\"https:\/\/www.babcock-wanson.com\/fr\/categorie-produit\/chaudieres-de-recuperation\/\" target=\"_blank\" rel=\"noopener\">syst\u00e8mes de r\u00e9cup\u00e9ration de chaleur<\/a>.<\/li>\n<li>Un rendement \u00e9lev\u00e9 sur toute la plage de modulation. La micro-modulation et la t\u00eate de combustion ont \u00e9t\u00e9 sp\u00e9cialement con\u00e7ues pour un contr\u00f4le parfait de l\u2019exc\u00e8s d\u2019air, un fonctionnement non d\u00e9grad\u00e9 \u00e0 bas r\u00e9gime et des co\u00fbts d\u2019exploitation les plus bas possibles.<\/li>\n<li>La consommation \u00e9lectrique est r\u00e9duite de 30 \u00e0 50% gr\u00e2ce \u00e0 la mise en place de br\u00fbleurs nouvelle g\u00e9n\u00e9ration \u00e9quip\u00e9s de ventilateur \u00e0 variateur de vitesse.<\/li>\n<\/ul>\n<h3>R\u00e9duction des co\u00fbts de fonctionnement<\/h3>\n<ul>\n<li>Conception robuste pour une longue dur\u00e9e de vie<\/li>\n<li>Aucun risque d\u2019encrassement interne<\/li>\n<\/ul>\n<ul>\n<li>La bo\u00eete de retournement aquatubulaire est compl\u00e8tement refroidie par l\u2019eau et demande un minimum de maintenance. L\u2019acc\u00e8s direct \u00e0 la bo\u00eete de retournement facilite l\u2019entretien<\/li>\n<\/ul>\n<h3>Pourquoi choisir la chaudi\u00e8re tubes de fum\u00e9es BWR ?<\/h3>\n<ul>\n<li>Efficacit\u00e9 \u2013 Br\u00fbleurs \u00e0 faibles \u00e9missions de Nox<\/li>\n<li>Taux de r\u00e9duction \u00e9lev\u00e9 du br\u00fbleur<\/li>\n<li>Acc\u00e8s facile pour simplifier l\u2019entretien<\/li>\n<li>Conception robuste pour une tr\u00e8s longue dur\u00e9e de vie<\/li>\n<li>R\u00e9cup\u00e9ration de la chaleur des gaz de combustion<\/li>\n<li>Pr\u00e9chauffeurs d\u2019air comburant<\/li>\n<li>Combustible double et mixte en option<\/li>\n<li>R\u00e9gulation O2 et CO en option<\/li>\n<li>Mode d\u2019exploitation facile<\/li>\n<li>Une solution vapeur int\u00e9gr\u00e9e<\/li>\n<\/ul>\n<h2>BWR Chaudi\u00e8res Tubes de Fum\u00e9es<\/h2>\n<div class=\"table-responsive\">\n<table>\n<tbody>\n<tr>\n<th class=\"bg-primary text-white\">BWR<\/th>\n<th class=\"bg-primary text-white\">Mod\u00e8le<\/th>\n<th>100<\/th>\n<th>120<\/th>\n<th>150<\/th>\n<th>170<\/th>\n<th>210<\/th>\n<th>250<\/th>\n<th>270<\/th>\n<\/tr>\n<tr>\n<th>Production Vapeur (1)<\/th>\n<th>Kg\/h<\/th>\n<td>10000<\/td>\n<td>12000<\/td>\n<td>15000<\/td>\n<td>17000<\/td>\n<td>21000<\/td>\n<td>25000<\/td>\n<td>27000 (3)<\/td>\n<\/tr>\n<tr>\n<th>Puissance (1)<\/th>\n<th>kW<\/th>\n<td>6545<\/td>\n<td>7862<\/td>\n<td>9827<\/td>\n<td>11136<\/td>\n<td>13754<\/td>\n<td>16372<\/td>\n<td>17685<\/td>\n<\/tr>\n<tr class=\"table-secondary\">\n<th class=\"bg-secondary text-white\">Largeur A (2)<\/th>\n<th class=\"bg-secondary text-white\">mm<\/th>\n<td>3820<\/td>\n<td>3020<\/td>\n<td>3175<\/td>\n<td>3525<\/td>\n<td>3800<\/td>\n<td>4200<\/td>\n<td>4500<\/td>\n<\/tr>\n<tr class=\"table-dark\">\n<th class=\"bg-dark text-white\">Longueur B (2)<\/th>\n<th class=\"bg-dark text-white\">mm<\/th>\n<td>8630<\/td>\n<td>10640<\/td>\n<td>10890<\/td>\n<td>11300<\/td>\n<td>12430<\/td>\n<td>13880<\/td>\n<td>14130<\/td>\n<\/tr>\n<tr class=\"table-primary\">\n<th class=\"bg-primary text-white\">Hauteur C (2)<\/th>\n<th class=\"bg-primary text-white\">mm<\/th>\n<td>3890<\/td>\n<td>4050<\/td>\n<td>4287<\/td>\n<td>4330<\/td>\n<td>4530<\/td>\n<td>4900<\/td>\n<td>5100<\/td>\n<\/tr>\n<tr>\n<th>Poids en charge<\/th>\n<th>Kg<\/th>\n<td>39550<\/td>\n<td>45900<\/td>\n<td>49800<\/td>\n<td>57600<\/td>\n<td>74900<\/td>\n<td>80050<\/td>\n<td>92150<\/td>\n<\/tr>\n<\/tbody>\n<\/table>\n<\/div>\n<p>(1) La puissance est donn\u00e9e \u00e0 15 bars avec une eau alimentaire \u00e0 105\u00b0C.<\/p>\n<p>(2) Les dimensions sont globales et incluent le br\u00fbleur et les accessoires mont\u00e9s.<\/p>\n<p>(3) 30 000 kg\/h avec un \u00e9conomiseur dans certaines conditions de fonctionnement<\/p><\/div>\n<p><!-- .vgblk-rw-wrapper --><\/p>\n","protected":false},"excerpt":{"rendered":"<p><strong>Production de vapeur de 10 000 kg\/h \u00e0 30 000 kg\/h<\/strong><br \/>\nLa <a href=\"https:\/\/www.babcock-wanson.com\/fr\/categorie-produit\/chaudieres-tubes-de-fumees\/\" target=\"_blank\" rel=\"noopener\">chaudi\u00e8re tubes de fum\u00e9es<\/a> BWR est une chaudi\u00e8re \u00e0 3 parcours disposant d\u2019une boite de retournement aquatubulaire. Cette conception \u00e9prouv\u00e9e exclusive Babcock Wanson permet une bonne circulation d\u2019eau et \u00e9vite ainsi les risques d\u2019encrassement (accumulation de boues dans le fond de la chaudi\u00e8re). L\u2019\u00e9limination des tirants (source de rupture due aux contraintes m\u00e9caniques de dilatation) donne la souplesse n\u00e9cessaire pour r\u00e9pondre \u00e0 de grands changements de charge de vapeur avec un minimum de contraintes op\u00e9rationnelles. La taille du d\u00f4me vapeur et le s\u00e9parateur permettent d\u2019obtenir une vapeur s\u00e8che de grande qualit\u00e9.<\/p>\n","protected":false},"featured_media":23481,"comment_status":"closed","ping_status":"closed","template":"","meta":{"_acf_changed":false,"_relevanssi_hide_post":"","_relevanssi_hide_content":"","_relevanssi_pin_for_all":"","_relevanssi_pin_keywords":"","_relevanssi_unpin_keywords":"","_relevanssi_related_keywords":"","_relevanssi_related_include_ids":"","_relevanssi_related_exclude_ids":"","_relevanssi_related_no_append":"","_relevanssi_related_not_related":"","_relevanssi_related_posts":"","_relevanssi_noindex_reason":""},"product_brand":[],"product_cat":[2650,2656],"product_tag":[],"class_list":{"0":"post-23477","1":"product","2":"type-product","3":"status-publish","4":"has-post-thumbnail","6":"product_cat-chaudieres-tubes-de-fumees","7":"product_cat-chaudieres-vapeur","9":"first","10":"instock","11":"shipping-taxable","12":"product-type-simple"},"acf":[],"yoast_head":"<!-- This site is optimized with the Yoast SEO Premium plugin v27.4 (Yoast SEO v27.4) - https:\/\/yoast.com\/product\/yoast-seo-premium-wordpress\/ -->\n<title>S\u00e9rie BWR-Chaudi\u00e8res-Tubes-de-Fum\u00e9es-<\/title>\n<meta name=\"description\" content=\"Les chaudi\u00e8res \u00e0 tubes de fum\u00e9e BWR ont une conception \u00e0 trois passages et comprennent une chambre d&#039;inversion des gaz de combustion de construction tubulaire. Cliquez ici pour en savoir plus\" \/>\n<meta name=\"robots\" content=\"index, follow, max-snippet:-1, max-image-preview:large, max-video-preview:-1\" \/>\n<link rel=\"canonical\" href=\"https:\/\/www.babcock-wanson.com\/fr\/produits\/chaudieres-tubes-de-fumees\/bwr\/\" \/>\n<meta property=\"og:locale\" content=\"fr_FR\" \/>\n<meta property=\"og:type\" content=\"article\" \/>\n<meta property=\"og:title\" content=\"BWR\" \/>\n<meta property=\"og:description\" content=\"Les chaudi\u00e8res \u00e0 tubes de fum\u00e9e BWR ont une conception \u00e0 trois passages et comprennent une chambre d&#039;inversion des gaz de combustion de construction tubulaire. Cliquez ici pour en savoir plus\" \/>\n<meta property=\"og:url\" content=\"https:\/\/www.babcock-wanson.com\/fr\/produits\/chaudieres-tubes-de-fumees\/bwr\/\" \/>\n<meta property=\"og:site_name\" content=\"Babcock Wanson\" \/>\n<meta property=\"article:modified_time\" content=\"2021-11-08T01:02:53+00:00\" \/>\n<meta property=\"og:image\" content=\"https:\/\/www.babcock-wanson.com\/wp-content\/uploads\/2018\/08\/BWR-Fire-Tube-Boilers-2.png\" \/>\n\t<meta property=\"og:image:width\" content=\"600\" \/>\n\t<meta property=\"og:image:height\" content=\"400\" \/>\n\t<meta property=\"og:image:type\" content=\"image\/png\" \/>\n<meta name=\"twitter:card\" content=\"summary_large_image\" \/>\n<meta name=\"twitter:label1\" content=\"Est. reading time\" \/>\n\t<meta name=\"twitter:data1\" content=\"2 minutes\" \/>\n<script type=\"application\/ld+json\" class=\"yoast-schema-graph\">{\"@context\":\"https:\\\/\\\/schema.org\",\"@graph\":[{\"@type\":\"WebPage\",\"@id\":\"https:\\\/\\\/www.babcock-wanson.com\\\/fr\\\/produits\\\/chaudieres-tubes-de-fumees\\\/bwr\\\/\",\"url\":\"https:\\\/\\\/www.babcock-wanson.com\\\/fr\\\/produits\\\/chaudieres-tubes-de-fumees\\\/bwr\\\/\",\"name\":\"S\u00e9rie BWR-Chaudi\u00e8res-Tubes-de-Fum\u00e9es-\",\"isPartOf\":{\"@id\":\"https:\\\/\\\/www.babcock-wanson.com\\\/fr\\\/#website\"},\"primaryImageOfPage\":{\"@id\":\"https:\\\/\\\/www.babcock-wanson.com\\\/fr\\\/produits\\\/chaudieres-tubes-de-fumees\\\/bwr\\\/#primaryimage\"},\"image\":{\"@id\":\"https:\\\/\\\/www.babcock-wanson.com\\\/fr\\\/produits\\\/chaudieres-tubes-de-fumees\\\/bwr\\\/#primaryimage\"},\"thumbnailUrl\":\"https:\\\/\\\/www.babcock-wanson.com\\\/wp-content\\\/uploads\\\/2018\\\/08\\\/BWR-Fire-Tube-Boilers-2.png\",\"datePublished\":\"2018-08-15T09:39:48+00:00\",\"dateModified\":\"2021-11-08T01:02:53+00:00\",\"description\":\"Les chaudi\u00e8res \u00e0 tubes de fum\u00e9e BWR ont une conception \u00e0 trois passages et comprennent une chambre d'inversion des gaz de combustion de construction tubulaire. Cliquez ici pour en savoir plus\",\"breadcrumb\":{\"@id\":\"https:\\\/\\\/www.babcock-wanson.com\\\/fr\\\/produits\\\/chaudieres-tubes-de-fumees\\\/bwr\\\/#breadcrumb\"},\"inLanguage\":\"fr-FR\",\"potentialAction\":[{\"@type\":\"ReadAction\",\"target\":[\"https:\\\/\\\/www.babcock-wanson.com\\\/fr\\\/produits\\\/chaudieres-tubes-de-fumees\\\/bwr\\\/\"]}]},{\"@type\":\"ImageObject\",\"inLanguage\":\"fr-FR\",\"@id\":\"https:\\\/\\\/www.babcock-wanson.com\\\/fr\\\/produits\\\/chaudieres-tubes-de-fumees\\\/bwr\\\/#primaryimage\",\"url\":\"https:\\\/\\\/www.babcock-wanson.com\\\/wp-content\\\/uploads\\\/2018\\\/08\\\/BWR-Fire-Tube-Boilers-2.png\",\"contentUrl\":\"https:\\\/\\\/www.babcock-wanson.com\\\/wp-content\\\/uploads\\\/2018\\\/08\\\/BWR-Fire-Tube-Boilers-2.png\",\"width\":600,\"height\":400,\"caption\":\"Illustration \u00e9tincelles\"},{\"@type\":\"BreadcrumbList\",\"@id\":\"https:\\\/\\\/www.babcock-wanson.com\\\/fr\\\/produits\\\/chaudieres-tubes-de-fumees\\\/bwr\\\/#breadcrumb\",\"itemListElement\":[{\"@type\":\"ListItem\",\"position\":1,\"name\":\"Accueil\",\"item\":\"https:\\\/\\\/www.babcock-wanson.com\\\/fr\\\/\"},{\"@type\":\"ListItem\",\"position\":2,\"name\":\"Produits\",\"item\":\"https:\\\/\\\/www.babcock-wanson.com\\\/fr\\\/shop\\\/\"},{\"@type\":\"ListItem\",\"position\":3,\"name\":\"Chaudi\u00e8res tubes de fum\u00e9es\",\"item\":\"https:\\\/\\\/www.babcock-wanson.com\\\/fr\\\/categorie-produit\\\/chaudieres-tubes-de-fumees\\\/\"},{\"@type\":\"ListItem\",\"position\":4,\"name\":\"BWR\"}]},{\"@type\":\"WebSite\",\"@id\":\"https:\\\/\\\/www.babcock-wanson.com\\\/fr\\\/#website\",\"url\":\"https:\\\/\\\/www.babcock-wanson.com\\\/fr\\\/\",\"name\":\"Babcock Wanson\",\"description\":\"\",\"publisher\":{\"@id\":\"https:\\\/\\\/www.babcock-wanson.com\\\/fr\\\/#organization\"},\"potentialAction\":[{\"@type\":\"SearchAction\",\"target\":{\"@type\":\"EntryPoint\",\"urlTemplate\":\"https:\\\/\\\/www.babcock-wanson.com\\\/fr\\\/?s={search_term_string}\"},\"query-input\":{\"@type\":\"PropertyValueSpecification\",\"valueRequired\":true,\"valueName\":\"search_term_string\"}}],\"inLanguage\":\"fr-FR\"},{\"@type\":\"Organization\",\"@id\":\"https:\\\/\\\/www.babcock-wanson.com\\\/fr\\\/#organization\",\"name\":\"Babcock Wanson\",\"url\":\"https:\\\/\\\/www.babcock-wanson.com\\\/fr\\\/\",\"logo\":{\"@type\":\"ImageObject\",\"inLanguage\":\"fr-FR\",\"@id\":\"https:\\\/\\\/www.babcock-wanson.com\\\/fr\\\/#\\\/schema\\\/logo\\\/image\\\/\",\"url\":\"https:\\\/\\\/www.babcock-wanson.com\\\/wp-content\\\/uploads\\\/2024\\\/02\\\/Babcock-Wanson-1200x1200-1.png\",\"contentUrl\":\"https:\\\/\\\/www.babcock-wanson.com\\\/wp-content\\\/uploads\\\/2024\\\/02\\\/Babcock-Wanson-1200x1200-1.png\",\"width\":1200,\"height\":1200,\"caption\":\"Babcock Wanson\"},\"image\":{\"@id\":\"https:\\\/\\\/www.babcock-wanson.com\\\/fr\\\/#\\\/schema\\\/logo\\\/image\\\/\"},\"sameAs\":[\"https:\\\/\\\/www.linkedin.com\\\/company\\\/babcock-wanson\\\/\",\"https:\\\/\\\/www.youtube.com\\\/channel\\\/UCtxl25VieBBsP2kYmtlyv7A\"]}]}<\/script>\n<!-- \/ Yoast SEO Premium plugin. -->","yoast_head_json":{"title":"S\u00e9rie BWR-Chaudi\u00e8res-Tubes-de-Fum\u00e9es-","description":"Les chaudi\u00e8res \u00e0 tubes de fum\u00e9e BWR ont une conception \u00e0 trois passages et comprennent une chambre d'inversion des gaz de combustion de construction tubulaire. Cliquez ici pour en savoir plus","robots":{"index":"index","follow":"follow","max-snippet":"max-snippet:-1","max-image-preview":"max-image-preview:large","max-video-preview":"max-video-preview:-1"},"canonical":"https:\/\/www.babcock-wanson.com\/fr\/produits\/chaudieres-tubes-de-fumees\/bwr\/","og_locale":"fr_FR","og_type":"article","og_title":"BWR","og_description":"Les chaudi\u00e8res \u00e0 tubes de fum\u00e9e BWR ont une conception \u00e0 trois passages et comprennent une chambre d'inversion des gaz de combustion de construction tubulaire. Cliquez ici pour en savoir plus","og_url":"https:\/\/www.babcock-wanson.com\/fr\/produits\/chaudieres-tubes-de-fumees\/bwr\/","og_site_name":"Babcock Wanson","article_modified_time":"2021-11-08T01:02:53+00:00","og_image":[{"width":600,"height":400,"url":"https:\/\/www.babcock-wanson.com\/wp-content\/uploads\/2018\/08\/BWR-Fire-Tube-Boilers-2.png","type":"image\/png"}],"twitter_card":"summary_large_image","twitter_misc":{"Est. reading time":"2 minutes"},"schema":{"@context":"https:\/\/schema.org","@graph":[{"@type":"WebPage","@id":"https:\/\/www.babcock-wanson.com\/fr\/produits\/chaudieres-tubes-de-fumees\/bwr\/","url":"https:\/\/www.babcock-wanson.com\/fr\/produits\/chaudieres-tubes-de-fumees\/bwr\/","name":"S\u00e9rie BWR-Chaudi\u00e8res-Tubes-de-Fum\u00e9es-","isPartOf":{"@id":"https:\/\/www.babcock-wanson.com\/fr\/#website"},"primaryImageOfPage":{"@id":"https:\/\/www.babcock-wanson.com\/fr\/produits\/chaudieres-tubes-de-fumees\/bwr\/#primaryimage"},"image":{"@id":"https:\/\/www.babcock-wanson.com\/fr\/produits\/chaudieres-tubes-de-fumees\/bwr\/#primaryimage"},"thumbnailUrl":"https:\/\/www.babcock-wanson.com\/wp-content\/uploads\/2018\/08\/BWR-Fire-Tube-Boilers-2.png","datePublished":"2018-08-15T09:39:48+00:00","dateModified":"2021-11-08T01:02:53+00:00","description":"Les chaudi\u00e8res \u00e0 tubes de fum\u00e9e BWR ont une conception \u00e0 trois passages et comprennent une chambre d'inversion des gaz de combustion de construction tubulaire. Cliquez ici pour en savoir plus","breadcrumb":{"@id":"https:\/\/www.babcock-wanson.com\/fr\/produits\/chaudieres-tubes-de-fumees\/bwr\/#breadcrumb"},"inLanguage":"fr-FR","potentialAction":[{"@type":"ReadAction","target":["https:\/\/www.babcock-wanson.com\/fr\/produits\/chaudieres-tubes-de-fumees\/bwr\/"]}]},{"@type":"ImageObject","inLanguage":"fr-FR","@id":"https:\/\/www.babcock-wanson.com\/fr\/produits\/chaudieres-tubes-de-fumees\/bwr\/#primaryimage","url":"https:\/\/www.babcock-wanson.com\/wp-content\/uploads\/2018\/08\/BWR-Fire-Tube-Boilers-2.png","contentUrl":"https:\/\/www.babcock-wanson.com\/wp-content\/uploads\/2018\/08\/BWR-Fire-Tube-Boilers-2.png","width":600,"height":400,"caption":"Illustration \u00e9tincelles"},{"@type":"BreadcrumbList","@id":"https:\/\/www.babcock-wanson.com\/fr\/produits\/chaudieres-tubes-de-fumees\/bwr\/#breadcrumb","itemListElement":[{"@type":"ListItem","position":1,"name":"Accueil","item":"https:\/\/www.babcock-wanson.com\/fr\/"},{"@type":"ListItem","position":2,"name":"Produits","item":"https:\/\/www.babcock-wanson.com\/fr\/shop\/"},{"@type":"ListItem","position":3,"name":"Chaudi\u00e8res tubes de fum\u00e9es","item":"https:\/\/www.babcock-wanson.com\/fr\/categorie-produit\/chaudieres-tubes-de-fumees\/"},{"@type":"ListItem","position":4,"name":"BWR"}]},{"@type":"WebSite","@id":"https:\/\/www.babcock-wanson.com\/fr\/#website","url":"https:\/\/www.babcock-wanson.com\/fr\/","name":"Babcock Wanson","description":"","publisher":{"@id":"https:\/\/www.babcock-wanson.com\/fr\/#organization"},"potentialAction":[{"@type":"SearchAction","target":{"@type":"EntryPoint","urlTemplate":"https:\/\/www.babcock-wanson.com\/fr\/?s={search_term_string}"},"query-input":{"@type":"PropertyValueSpecification","valueRequired":true,"valueName":"search_term_string"}}],"inLanguage":"fr-FR"},{"@type":"Organization","@id":"https:\/\/www.babcock-wanson.com\/fr\/#organization","name":"Babcock Wanson","url":"https:\/\/www.babcock-wanson.com\/fr\/","logo":{"@type":"ImageObject","inLanguage":"fr-FR","@id":"https:\/\/www.babcock-wanson.com\/fr\/#\/schema\/logo\/image\/","url":"https:\/\/www.babcock-wanson.com\/wp-content\/uploads\/2024\/02\/Babcock-Wanson-1200x1200-1.png","contentUrl":"https:\/\/www.babcock-wanson.com\/wp-content\/uploads\/2024\/02\/Babcock-Wanson-1200x1200-1.png","width":1200,"height":1200,"caption":"Babcock Wanson"},"image":{"@id":"https:\/\/www.babcock-wanson.com\/fr\/#\/schema\/logo\/image\/"},"sameAs":["https:\/\/www.linkedin.com\/company\/babcock-wanson\/","https:\/\/www.youtube.com\/channel\/UCtxl25VieBBsP2kYmtlyv7A"]}]}},"jetpack_sharing_enabled":true,"_links":{"self":[{"href":"https:\/\/www.babcock-wanson.com\/fr\/wp-json\/wp\/v2\/product\/23477","targetHints":{"allow":["GET"]}}],"collection":[{"href":"https:\/\/www.babcock-wanson.com\/fr\/wp-json\/wp\/v2\/product"}],"about":[{"href":"https:\/\/www.babcock-wanson.com\/fr\/wp-json\/wp\/v2\/types\/product"}],"replies":[{"embeddable":true,"href":"https:\/\/www.babcock-wanson.com\/fr\/wp-json\/wp\/v2\/comments?post=23477"}],"wp:featuredmedia":[{"embeddable":true,"href":"https:\/\/www.babcock-wanson.com\/fr\/wp-json\/wp\/v2\/media\/23481"}],"wp:attachment":[{"href":"https:\/\/www.babcock-wanson.com\/fr\/wp-json\/wp\/v2\/media?parent=23477"}],"wp:term":[{"taxonomy":"product_brand","embeddable":true,"href":"https:\/\/www.babcock-wanson.com\/fr\/wp-json\/wp\/v2\/product_brand?post=23477"},{"taxonomy":"product_cat","embeddable":true,"href":"https:\/\/www.babcock-wanson.com\/fr\/wp-json\/wp\/v2\/product_cat?post=23477"},{"taxonomy":"product_tag","embeddable":true,"href":"https:\/\/www.babcock-wanson.com\/fr\/wp-json\/wp\/v2\/product_tag?post=23477"}],"curies":[{"name":"wp","href":"https:\/\/api.w.org\/{rel}","templated":true}]}}