{"id":23483,"date":"2019-02-05T12:46:01","date_gmt":"2019-02-05T12:46:01","guid":{"rendered":"https:\/\/www.babcock-wanson.com\/products\/non%20class\u00e9\/vap-hp\/"},"modified":"2022-01-13T23:50:31","modified_gmt":"2022-01-13T23:50:31","slug":"vap-hp","status":"publish","type":"product","link":"https:\/\/www.babcock-wanson.com\/fr\/produits\/chaudieres-serpentins\/vap-hp\/","title":{"rendered":"VAP-HP"},"content":{"rendered":"<div class=\"vgblk-rw-wrapper limit-wrapper\">\n<h3>Installation et entretien faciles<\/h3>\n<ul>\n<li>Br\u00fbleur int\u00e9gr\u00e9 et syst\u00e8me de contr\u00f4le assurant un fonctionnement enti\u00e8rement automatique &#8211; tous pr\u00e9-mont\u00e9s et c\u00e2bl\u00e9s pour faciliter l\u2019installation sur site<\/li>\n<li>Livr\u00e9 pr\u00eat \u00e0 \u00eatre raccord\u00e9 aux circuits d\u2019alimentation en eau, vapeur, \u00e9lectricit\u00e9 et combustible<\/li>\n<li>Configuration verticale pour une emprise au sol minimale<\/li>\n<li>Aucun r\u00e9servoir ou r\u00e9cipient de condensat externe requis \u2013 la tuyauterie du syst\u00e8me fournit tout le stockage de condensat n\u00e9cessaire<\/li>\n<li>Pas de pompes d\u2019alimentation ou de circulation<\/li>\n<li>Le contenu en eau est surveill\u00e9 en permanence par des dispositifs \u00e9lectroniques \u00e0 s\u00e9curit\u00e9 int\u00e9gr\u00e9e duplex et un dispositif d\u2019alerte pr\u00e9coce suppl\u00e9mentaire peut \u00eatre install\u00e9 si n\u00e9cessaire<\/li>\n<\/ul>\n<h3>Fonctionnement fiable<\/h3>\n<ul>\n<li>La chaudi\u00e8re VAP HP int\u00e8gre un agencement complet de dispositifs de contr\u00f4le, assurant ainsi la la s\u00e9curit\u00e9 g\u00e9n\u00e9rale et une disponibilit\u00e9 maximale de la centrale<\/li>\n<li>Les soupapes de surpression de vapeur sont g\u00e9n\u00e9ralement \u00e9quip\u00e9es d&rsquo;une protection par disque de rupture pour assurer l&rsquo;\u00e9tanch\u00e9it\u00e9 compl\u00e8te du syst\u00e8me.<\/li>\n<li>Tr\u00e8s haut rendement global de l\u2019installation. Aucune perte de syst\u00e8me<\/li>\n<li>Haute efficacit\u00e9 de combustion<\/li>\n<\/ul>\n<h3>Respectueux de l\u2019environnement<\/h3>\n<ul>\n<li>Le br\u00fbleur int\u00e9gr\u00e9 Babcock Wanson garantit une consommation d\u2019\u00e9nergie minimale, un entretien simple et le respect des normes d\u2019\u00e9mission<\/li>\n<li>Ne n\u00e9cessite ni traitement r\u00e9gulier de l\u2019eau, ni consommation de produits chimiques, ni purge<\/li>\n<\/ul>\n<h2>VAP HP G\u00e9n\u00e9rateur Vapeur Haute Pression<\/h2>\n<table>\n<tbody>\n<tr>\n<th>VAP HP<\/th>\n<th>Mod\u00e8le<\/th>\n<th>200<\/th>\n<th>400<\/th>\n<th>600<\/th>\n<th>1000<\/th>\n<th>1500<\/th>\n<th>2000<\/th>\n<\/tr>\n<tr>\n<th>Production Vapeur<\/th>\n<td>kg\/h<\/td>\n<td>608<\/td>\n<td>1216<\/td>\n<td>1824<\/td>\n<td>3040<\/td>\n<td>4560<\/td>\n<td>6080<\/td>\n<\/tr>\n<tr>\n<th>Puissance<\/th>\n<td>kW<\/td>\n<td>232<\/td>\n<td>465<\/td>\n<td>698<\/td>\n<td>1163<\/td>\n<td>1745<\/td>\n<td>2325<\/td>\n<\/tr>\n<\/tbody>\n<\/table>\n<p>Note \u2013 La production de vapeur est satur\u00e9e \u00e0 sec \u00e0 90 barg<\/p><\/div>\n<p><!-- .vgblk-rw-wrapper --><\/p>\n","protected":false},"excerpt":{"rendered":"<p><strong>De 232 \u00e0 2 325 kW \u2013 Jusqu\u2019\u00e0 100 barg de pression de service<\/strong><br \/>\nVAP HP est un g\u00e9n\u00e9rateur de vapeur haute pression \u00e0 circulation naturelle con\u00e7u pour fonctionner en circuit ferm\u00e9. Ce type de configuration fournit une efficacit\u00e9 globale tr\u00e8s \u00e9lev\u00e9e et un minimum de pertes sur toute la plage d\u2019exploitation. La chaudi\u00e8re VAP HP ne n\u00e9cessite ni purge, ni eau d\u2019appoint adoucie, ni dosage chimique continu, ce qui en fait le plus \u00e9conomique et le plus respectueux de l\u2019environnement des appareils de production de vapeur.<\/p>\n<p>Basiquement, la chaudi\u00e8re VAP HP fonctionne avec un seul \u00e9quipement ; la vapeur produite par la chaudi\u00e8re se condense par \u00e9change de chaleur puis les condensats obtenus retourne \u00e0 la chaudi\u00e8re par un syst\u00e8me de thermosyphon. La VAP HP offre une faible consommation et une emprise au sol minimale.<\/p>\n<p>Le g\u00e9n\u00e9rateur de vapeur VAP HP a \u00e9t\u00e9 con\u00e7u pour fonctionner dans un large \u00e9ventail d&rsquo;industries et pour servir tous les proc\u00e9d\u00e9s discontinus, continus ou semi-continus.<\/p>\n","protected":false},"featured_media":23488,"comment_status":"closed","ping_status":"closed","template":"","meta":{"_acf_changed":false,"_relevanssi_hide_post":"","_relevanssi_hide_content":"","_relevanssi_pin_for_all":"","_relevanssi_pin_keywords":"","_relevanssi_unpin_keywords":"","_relevanssi_related_keywords":"","_relevanssi_related_include_ids":"","_relevanssi_related_exclude_ids":"","_relevanssi_related_no_append":"","_relevanssi_related_not_related":"","_relevanssi_related_posts":"","_relevanssi_noindex_reason":""},"product_brand":[],"product_cat":[2648,2656],"product_tag":[],"class_list":{"0":"post-23483","1":"product","2":"type-product","3":"status-publish","4":"has-post-thumbnail","6":"product_cat-chaudieres-serpentins","7":"product_cat-chaudieres-vapeur","9":"first","10":"instock","11":"shipping-taxable","12":"product-type-simple"},"acf":[],"yoast_head":"<!-- This site is optimized with the Yoast SEO Premium plugin v27.4 (Yoast SEO v27.4) - https:\/\/yoast.com\/product\/yoast-seo-premium-wordpress\/ -->\n<title>VAP-HP - Babcock Wanson<\/title>\n<meta name=\"description\" content=\"Le VAP-HP est un g\u00e9n\u00e9rateur de vapeur haute pression \u00e0 circulation naturelle con\u00e7u pour fonctionner dans un syst\u00e8me de vapeur et de condensats en boucle ferm\u00e9e. Cliquez ici pour en savoir plus\" \/>\n<meta name=\"robots\" content=\"index, follow, max-snippet:-1, max-image-preview:large, max-video-preview:-1\" \/>\n<link rel=\"canonical\" href=\"https:\/\/www.babcock-wanson.com\/fr\/produits\/chaudieres-serpentins\/vap-hp\/\" \/>\n<meta property=\"og:locale\" content=\"fr_FR\" \/>\n<meta property=\"og:type\" content=\"article\" \/>\n<meta property=\"og:title\" content=\"VAP-HP\" \/>\n<meta property=\"og:description\" content=\"Le VAP-HP est un g\u00e9n\u00e9rateur de vapeur haute pression \u00e0 circulation naturelle con\u00e7u pour fonctionner dans un syst\u00e8me de vapeur et de condensats en boucle ferm\u00e9e. Cliquez ici pour en savoir plus\" \/>\n<meta property=\"og:url\" content=\"https:\/\/www.babcock-wanson.com\/fr\/produits\/chaudieres-serpentins\/vap-hp\/\" \/>\n<meta property=\"og:site_name\" content=\"Babcock Wanson\" \/>\n<meta property=\"article:modified_time\" content=\"2022-01-13T23:50:31+00:00\" \/>\n<meta property=\"og:image\" content=\"https:\/\/www.babcock-wanson.com\/wp-content\/uploads\/2019\/02\/VAP-HP-steam-generator-5.jpg\" \/>\n\t<meta property=\"og:image:width\" content=\"600\" \/>\n\t<meta property=\"og:image:height\" content=\"400\" \/>\n\t<meta property=\"og:image:type\" content=\"image\/jpeg\" \/>\n<meta name=\"twitter:card\" content=\"summary_large_image\" \/>\n<meta name=\"twitter:label1\" content=\"Est. reading time\" \/>\n\t<meta name=\"twitter:data1\" content=\"1 minute\" \/>\n<script type=\"application\/ld+json\" class=\"yoast-schema-graph\">{\"@context\":\"https:\\\/\\\/schema.org\",\"@graph\":[{\"@type\":\"WebPage\",\"@id\":\"https:\\\/\\\/www.babcock-wanson.com\\\/fr\\\/produits\\\/chaudieres-serpentins\\\/vap-hp\\\/\",\"url\":\"https:\\\/\\\/www.babcock-wanson.com\\\/fr\\\/produits\\\/chaudieres-serpentins\\\/vap-hp\\\/\",\"name\":\"VAP-HP - Babcock Wanson\",\"isPartOf\":{\"@id\":\"https:\\\/\\\/www.babcock-wanson.com\\\/fr\\\/#website\"},\"primaryImageOfPage\":{\"@id\":\"https:\\\/\\\/www.babcock-wanson.com\\\/fr\\\/produits\\\/chaudieres-serpentins\\\/vap-hp\\\/#primaryimage\"},\"image\":{\"@id\":\"https:\\\/\\\/www.babcock-wanson.com\\\/fr\\\/produits\\\/chaudieres-serpentins\\\/vap-hp\\\/#primaryimage\"},\"thumbnailUrl\":\"https:\\\/\\\/www.babcock-wanson.com\\\/wp-content\\\/uploads\\\/2019\\\/02\\\/VAP-HP-steam-generator-5.jpg\",\"datePublished\":\"2019-02-05T12:46:01+00:00\",\"dateModified\":\"2022-01-13T23:50:31+00:00\",\"description\":\"Le VAP-HP est un g\u00e9n\u00e9rateur de vapeur haute pression \u00e0 circulation naturelle con\u00e7u pour fonctionner dans un syst\u00e8me de vapeur et de condensats en boucle ferm\u00e9e. Cliquez ici pour en savoir plus\",\"breadcrumb\":{\"@id\":\"https:\\\/\\\/www.babcock-wanson.com\\\/fr\\\/produits\\\/chaudieres-serpentins\\\/vap-hp\\\/#breadcrumb\"},\"inLanguage\":\"fr-FR\",\"potentialAction\":[{\"@type\":\"ReadAction\",\"target\":[\"https:\\\/\\\/www.babcock-wanson.com\\\/fr\\\/produits\\\/chaudieres-serpentins\\\/vap-hp\\\/\"]}]},{\"@type\":\"ImageObject\",\"inLanguage\":\"fr-FR\",\"@id\":\"https:\\\/\\\/www.babcock-wanson.com\\\/fr\\\/produits\\\/chaudieres-serpentins\\\/vap-hp\\\/#primaryimage\",\"url\":\"https:\\\/\\\/www.babcock-wanson.com\\\/wp-content\\\/uploads\\\/2019\\\/02\\\/VAP-HP-steam-generator-5.jpg\",\"contentUrl\":\"https:\\\/\\\/www.babcock-wanson.com\\\/wp-content\\\/uploads\\\/2019\\\/02\\\/VAP-HP-steam-generator-5.jpg\",\"width\":600,\"height\":400,\"caption\":\"VAP-HP-G\u00e9n\u00e9rateur de Vapeur\"},{\"@type\":\"BreadcrumbList\",\"@id\":\"https:\\\/\\\/www.babcock-wanson.com\\\/fr\\\/produits\\\/chaudieres-serpentins\\\/vap-hp\\\/#breadcrumb\",\"itemListElement\":[{\"@type\":\"ListItem\",\"position\":1,\"name\":\"Accueil\",\"item\":\"https:\\\/\\\/www.babcock-wanson.com\\\/fr\\\/\"},{\"@type\":\"ListItem\",\"position\":2,\"name\":\"Produits\",\"item\":\"https:\\\/\\\/www.babcock-wanson.com\\\/fr\\\/shop\\\/\"},{\"@type\":\"ListItem\",\"position\":3,\"name\":\"Chaudi\u00e8res serpentins\",\"item\":\"https:\\\/\\\/www.babcock-wanson.com\\\/fr\\\/categorie-produit\\\/chaudieres-serpentins\\\/\"},{\"@type\":\"ListItem\",\"position\":4,\"name\":\"VAP-HP\"}]},{\"@type\":\"WebSite\",\"@id\":\"https:\\\/\\\/www.babcock-wanson.com\\\/fr\\\/#website\",\"url\":\"https:\\\/\\\/www.babcock-wanson.com\\\/fr\\\/\",\"name\":\"Babcock Wanson\",\"description\":\"\",\"publisher\":{\"@id\":\"https:\\\/\\\/www.babcock-wanson.com\\\/fr\\\/#organization\"},\"potentialAction\":[{\"@type\":\"SearchAction\",\"target\":{\"@type\":\"EntryPoint\",\"urlTemplate\":\"https:\\\/\\\/www.babcock-wanson.com\\\/fr\\\/?s={search_term_string}\"},\"query-input\":{\"@type\":\"PropertyValueSpecification\",\"valueRequired\":true,\"valueName\":\"search_term_string\"}}],\"inLanguage\":\"fr-FR\"},{\"@type\":\"Organization\",\"@id\":\"https:\\\/\\\/www.babcock-wanson.com\\\/fr\\\/#organization\",\"name\":\"Babcock Wanson\",\"url\":\"https:\\\/\\\/www.babcock-wanson.com\\\/fr\\\/\",\"logo\":{\"@type\":\"ImageObject\",\"inLanguage\":\"fr-FR\",\"@id\":\"https:\\\/\\\/www.babcock-wanson.com\\\/fr\\\/#\\\/schema\\\/logo\\\/image\\\/\",\"url\":\"https:\\\/\\\/www.babcock-wanson.com\\\/wp-content\\\/uploads\\\/2024\\\/02\\\/Babcock-Wanson-1200x1200-1.png\",\"contentUrl\":\"https:\\\/\\\/www.babcock-wanson.com\\\/wp-content\\\/uploads\\\/2024\\\/02\\\/Babcock-Wanson-1200x1200-1.png\",\"width\":1200,\"height\":1200,\"caption\":\"Babcock Wanson\"},\"image\":{\"@id\":\"https:\\\/\\\/www.babcock-wanson.com\\\/fr\\\/#\\\/schema\\\/logo\\\/image\\\/\"},\"sameAs\":[\"https:\\\/\\\/www.linkedin.com\\\/company\\\/babcock-wanson\\\/\",\"https:\\\/\\\/www.youtube.com\\\/channel\\\/UCtxl25VieBBsP2kYmtlyv7A\"]}]}<\/script>\n<!-- \/ Yoast SEO Premium plugin. -->","yoast_head_json":{"title":"VAP-HP - Babcock Wanson","description":"Le VAP-HP est un g\u00e9n\u00e9rateur de vapeur haute pression \u00e0 circulation naturelle con\u00e7u pour fonctionner dans un syst\u00e8me de vapeur et de condensats en boucle ferm\u00e9e. Cliquez ici pour en savoir plus","robots":{"index":"index","follow":"follow","max-snippet":"max-snippet:-1","max-image-preview":"max-image-preview:large","max-video-preview":"max-video-preview:-1"},"canonical":"https:\/\/www.babcock-wanson.com\/fr\/produits\/chaudieres-serpentins\/vap-hp\/","og_locale":"fr_FR","og_type":"article","og_title":"VAP-HP","og_description":"Le VAP-HP est un g\u00e9n\u00e9rateur de vapeur haute pression \u00e0 circulation naturelle con\u00e7u pour fonctionner dans un syst\u00e8me de vapeur et de condensats en boucle ferm\u00e9e. Cliquez ici pour en savoir plus","og_url":"https:\/\/www.babcock-wanson.com\/fr\/produits\/chaudieres-serpentins\/vap-hp\/","og_site_name":"Babcock Wanson","article_modified_time":"2022-01-13T23:50:31+00:00","og_image":[{"width":600,"height":400,"url":"https:\/\/www.babcock-wanson.com\/wp-content\/uploads\/2019\/02\/VAP-HP-steam-generator-5.jpg","type":"image\/jpeg"}],"twitter_card":"summary_large_image","twitter_misc":{"Est. reading time":"1 minute"},"schema":{"@context":"https:\/\/schema.org","@graph":[{"@type":"WebPage","@id":"https:\/\/www.babcock-wanson.com\/fr\/produits\/chaudieres-serpentins\/vap-hp\/","url":"https:\/\/www.babcock-wanson.com\/fr\/produits\/chaudieres-serpentins\/vap-hp\/","name":"VAP-HP - Babcock Wanson","isPartOf":{"@id":"https:\/\/www.babcock-wanson.com\/fr\/#website"},"primaryImageOfPage":{"@id":"https:\/\/www.babcock-wanson.com\/fr\/produits\/chaudieres-serpentins\/vap-hp\/#primaryimage"},"image":{"@id":"https:\/\/www.babcock-wanson.com\/fr\/produits\/chaudieres-serpentins\/vap-hp\/#primaryimage"},"thumbnailUrl":"https:\/\/www.babcock-wanson.com\/wp-content\/uploads\/2019\/02\/VAP-HP-steam-generator-5.jpg","datePublished":"2019-02-05T12:46:01+00:00","dateModified":"2022-01-13T23:50:31+00:00","description":"Le VAP-HP est un g\u00e9n\u00e9rateur de vapeur haute pression \u00e0 circulation naturelle con\u00e7u pour fonctionner dans un syst\u00e8me de vapeur et de condensats en boucle ferm\u00e9e. Cliquez ici pour en savoir plus","breadcrumb":{"@id":"https:\/\/www.babcock-wanson.com\/fr\/produits\/chaudieres-serpentins\/vap-hp\/#breadcrumb"},"inLanguage":"fr-FR","potentialAction":[{"@type":"ReadAction","target":["https:\/\/www.babcock-wanson.com\/fr\/produits\/chaudieres-serpentins\/vap-hp\/"]}]},{"@type":"ImageObject","inLanguage":"fr-FR","@id":"https:\/\/www.babcock-wanson.com\/fr\/produits\/chaudieres-serpentins\/vap-hp\/#primaryimage","url":"https:\/\/www.babcock-wanson.com\/wp-content\/uploads\/2019\/02\/VAP-HP-steam-generator-5.jpg","contentUrl":"https:\/\/www.babcock-wanson.com\/wp-content\/uploads\/2019\/02\/VAP-HP-steam-generator-5.jpg","width":600,"height":400,"caption":"VAP-HP-G\u00e9n\u00e9rateur de Vapeur"},{"@type":"BreadcrumbList","@id":"https:\/\/www.babcock-wanson.com\/fr\/produits\/chaudieres-serpentins\/vap-hp\/#breadcrumb","itemListElement":[{"@type":"ListItem","position":1,"name":"Accueil","item":"https:\/\/www.babcock-wanson.com\/fr\/"},{"@type":"ListItem","position":2,"name":"Produits","item":"https:\/\/www.babcock-wanson.com\/fr\/shop\/"},{"@type":"ListItem","position":3,"name":"Chaudi\u00e8res serpentins","item":"https:\/\/www.babcock-wanson.com\/fr\/categorie-produit\/chaudieres-serpentins\/"},{"@type":"ListItem","position":4,"name":"VAP-HP"}]},{"@type":"WebSite","@id":"https:\/\/www.babcock-wanson.com\/fr\/#website","url":"https:\/\/www.babcock-wanson.com\/fr\/","name":"Babcock Wanson","description":"","publisher":{"@id":"https:\/\/www.babcock-wanson.com\/fr\/#organization"},"potentialAction":[{"@type":"SearchAction","target":{"@type":"EntryPoint","urlTemplate":"https:\/\/www.babcock-wanson.com\/fr\/?s={search_term_string}"},"query-input":{"@type":"PropertyValueSpecification","valueRequired":true,"valueName":"search_term_string"}}],"inLanguage":"fr-FR"},{"@type":"Organization","@id":"https:\/\/www.babcock-wanson.com\/fr\/#organization","name":"Babcock Wanson","url":"https:\/\/www.babcock-wanson.com\/fr\/","logo":{"@type":"ImageObject","inLanguage":"fr-FR","@id":"https:\/\/www.babcock-wanson.com\/fr\/#\/schema\/logo\/image\/","url":"https:\/\/www.babcock-wanson.com\/wp-content\/uploads\/2024\/02\/Babcock-Wanson-1200x1200-1.png","contentUrl":"https:\/\/www.babcock-wanson.com\/wp-content\/uploads\/2024\/02\/Babcock-Wanson-1200x1200-1.png","width":1200,"height":1200,"caption":"Babcock Wanson"},"image":{"@id":"https:\/\/www.babcock-wanson.com\/fr\/#\/schema\/logo\/image\/"},"sameAs":["https:\/\/www.linkedin.com\/company\/babcock-wanson\/","https:\/\/www.youtube.com\/channel\/UCtxl25VieBBsP2kYmtlyv7A"]}]}},"jetpack_sharing_enabled":true,"_links":{"self":[{"href":"https:\/\/www.babcock-wanson.com\/fr\/wp-json\/wp\/v2\/product\/23483","targetHints":{"allow":["GET"]}}],"collection":[{"href":"https:\/\/www.babcock-wanson.com\/fr\/wp-json\/wp\/v2\/product"}],"about":[{"href":"https:\/\/www.babcock-wanson.com\/fr\/wp-json\/wp\/v2\/types\/product"}],"replies":[{"embeddable":true,"href":"https:\/\/www.babcock-wanson.com\/fr\/wp-json\/wp\/v2\/comments?post=23483"}],"wp:featuredmedia":[{"embeddable":true,"href":"https:\/\/www.babcock-wanson.com\/fr\/wp-json\/wp\/v2\/media\/23488"}],"wp:attachment":[{"href":"https:\/\/www.babcock-wanson.com\/fr\/wp-json\/wp\/v2\/media?parent=23483"}],"wp:term":[{"taxonomy":"product_brand","embeddable":true,"href":"https:\/\/www.babcock-wanson.com\/fr\/wp-json\/wp\/v2\/product_brand?post=23483"},{"taxonomy":"product_cat","embeddable":true,"href":"https:\/\/www.babcock-wanson.com\/fr\/wp-json\/wp\/v2\/product_cat?post=23483"},{"taxonomy":"product_tag","embeddable":true,"href":"https:\/\/www.babcock-wanson.com\/fr\/wp-json\/wp\/v2\/product_tag?post=23483"}],"curies":[{"name":"wp","href":"https:\/\/api.w.org\/{rel}","templated":true}]}}