{"id":23489,"date":"2018-05-24T15:09:39","date_gmt":"2018-05-24T14:09:39","guid":{"rendered":"https:\/\/www.babcock-wanson.com\/products\/non%20class\u00e9\/serie-vap\/"},"modified":"2021-03-18T10:48:59","modified_gmt":"2021-03-18T10:48:59","slug":"vap","status":"publish","type":"product","link":"https:\/\/www.babcock-wanson.com\/fr\/produits\/chaudieres-serpentins\/vap\/","title":{"rendered":"VAP"},"content":{"rendered":"<div class=\"vgblk-rw-wrapper limit-wrapper\">\n<h2>VAP Premium Chaudi\u00e8res Serpentins<\/h2>\n<div class=\"table-responsive\">\n<table>\n<tbody>\n<tr>\n<th class=\"bg-primary text-white\">VAP Premium<\/th>\n<th class=\"bg-primary text-white\">Mod\u00e8le<\/th>\n<th>250 RR<\/th>\n<th>400 RR<\/th>\n<th>600 RR<\/th>\n<th>900 RR<\/th>\n<th>1200 RR<\/th>\n<th>1500 RR<\/th>\n<\/tr>\n<tr>\n<th>Production Vapeur (1)<\/th>\n<th>Kg\/h<\/th>\n<td>250<\/td>\n<td>400<\/td>\n<td>600<\/td>\n<td>900<\/td>\n<td>1200<\/td>\n<td>1500<\/td>\n<\/tr>\n<tr>\n<th>Puissance (1)<\/th>\n<th>kW<\/th>\n<td>175<\/td>\n<td>280<\/td>\n<td>419<\/td>\n<td>628<\/td>\n<td>838<\/td>\n<td>1047<\/td>\n<\/tr>\n<tr class=\"table-secondary\">\n<th class=\"bg-secondary text-white\">Largeur A (2)<\/th>\n<th class=\"bg-secondary text-white\">mm<\/th>\n<td>1150<\/td>\n<td>1400<\/td>\n<td>1400<\/td>\n<td>1600<\/td>\n<td>1750<\/td>\n<td>2000<\/td>\n<\/tr>\n<tr class=\"table-dark\">\n<th class=\"bg-dark text-white\">Longueur B (2)<\/th>\n<th class=\"bg-dark text-white\">mm<\/th>\n<td>1150<\/td>\n<td>1400<\/td>\n<td>1400<\/td>\n<td>1600<\/td>\n<td>2000<\/td>\n<td>2200<\/td>\n<\/tr>\n<tr class=\"table-primary\">\n<th class=\"bg-primary text-white\">Hauteur C (2)<\/th>\n<th class=\"bg-primary text-white\">mm<\/th>\n<td>1800<\/td>\n<td>2100<\/td>\n<td>2100<\/td>\n<td>2300<\/td>\n<td>2400<\/td>\n<td>2700<\/td>\n<\/tr>\n<tr>\n<th>Poids en charge<\/th>\n<th>Kg<\/th>\n<td>350<\/td>\n<td>600<\/td>\n<td>700<\/td>\n<td>950<\/td>\n<td>1350<\/td>\n<td>1700<\/td>\n<\/tr>\n<\/tbody>\n<\/table>\n<\/div>\n<p>(1) Pour une eau alimentaire \u00e0 80\u00b0C<\/p>\n<p>(2) Pression de service maximale de la vapeur de 12 barg (pressions plus \u00e9lev\u00e9es par conception sp\u00e9ciale sur demande)<\/p>\n<div class=\"tab_productH\">\n<h2 class=\"device5\"><span class=\"more_product\">VAP Standard <\/span>Chaudi\u00e8res Serpentins<\/h2>\n<div class=\"device5\">\n<div class=\"table-responsive\">\n<table width=\"669\" cellspacing=\"0\" cellpadding=\"3\">\n<tbody>\n<tr>\n<th class=\"bg-primary text-white\">Types<\/th>\n<th>150<\/th>\n<th>250<\/th>\n<th>400<\/th>\n<th>600<\/th>\n<th>900<\/th>\n<th>1200<\/th>\n<th>1500<\/th>\n<th>2000<\/th>\n<th>2500<\/th>\n<th>3500<\/th>\n<th>4250<\/th>\n<th>5000<\/th>\n<th>7000<\/th>\n<\/tr>\n<tr>\n<th>Production Vapeur (kg\/h) (1)<\/th>\n<td>150<\/td>\n<td>250<\/td>\n<td>400<\/td>\n<td>600<\/td>\n<td>900<\/td>\n<td>1200<\/td>\n<td>1500<\/td>\n<td>2000<\/td>\n<td>2500<\/td>\n<td>3500<\/td>\n<td>4250<\/td>\n<td>5000<\/td>\n<td>7000<\/td>\n<\/tr>\n<tr>\n<th>Puissance (kW) (1)<\/th>\n<td>106<\/td>\n<td>176<\/td>\n<td>281<\/td>\n<td>423<\/td>\n<td>635<\/td>\n<td>846<\/td>\n<td>1055<\/td>\n<td>1410<\/td>\n<td>1760<\/td>\n<td>2468<\/td>\n<td>2996<\/td>\n<td>3520<\/td>\n<td><\/td>\n<\/tr>\n<\/tbody>\n<\/table>\n<\/div>\n<\/div>\n<\/div>\n<p>(1) Pour une eau alimentaire \u00e0 80\u00b0C<\/p>\n<h2>VAP RR Chaudi\u00e8res Serpentins<\/h2>\n<div class=\"table-responsive\">\n<table>\n<tbody>\n<tr>\n<th class=\"bg-primary text-white\">VAP RR<\/th>\n<th class=\"bg-primary text-white\">Mod\u00e8le<\/th>\n<th>1500 RR<\/th>\n<th>2000 RR<\/th>\n<th>2500 RR<\/th>\n<th>3500 RR<\/th>\n<th>4250 RR<\/th>\n<th>5000 RR<\/th>\n<th>7000 RR<\/th>\n<\/tr>\n<tr>\n<th>Production Vapeur<\/th>\n<th>Kg\/h<\/th>\n<td>1500<\/td>\n<td>2000<\/td>\n<td>2500<\/td>\n<td>3500<\/td>\n<td>4250<\/td>\n<td>5000<\/td>\n<td>7000<\/td>\n<\/tr>\n<tr>\n<th>Puissance<\/th>\n<th>kW<\/th>\n<td>1047<\/td>\n<td>1396<\/td>\n<td>1745<\/td>\n<td>2443<\/td>\n<td>2966<\/td>\n<td>3490<\/td>\n<td>4886<\/td>\n<\/tr>\n<tr class=\"table-secondary\">\n<th class=\"bg-secondary text-white\">Largeur A<\/th>\n<th class=\"bg-secondary text-white\">mm<\/th>\n<td>1700<\/td>\n<td>1900<\/td>\n<td>2000<\/td>\n<td>2300<\/td>\n<td>2400<\/td>\n<td>2600<\/td>\n<td>2850<\/td>\n<\/tr>\n<tr class=\"table-dark\">\n<th class=\"bg-dark text-white\">Longueur B (standard)<\/th>\n<th class=\"bg-dark text-white\">mm<\/th>\n<td>2100<\/td>\n<td>2450<\/td>\n<td>2450<\/td>\n<td>2900<\/td>\n<td>2900<\/td>\n<td>3150<\/td>\n<td>3850<\/td>\n<\/tr>\n<tr class=\"table-dark\">\n<th class=\"bg-dark text-white\">Longueur C <span style=\"font-size: 14px\">(avec \u00e9conomiseur en option<\/span><span style=\"font-size: 14px\">)<\/span><\/th>\n<th class=\"bg-dark text-white\">mm<\/th>\n<td>2800<\/td>\n<td>3580<\/td>\n<td>3650<\/td>\n<td>4200<\/td>\n<td>3900<\/td>\n<td>4200<\/td>\n<td>5100<\/td>\n<\/tr>\n<tr class=\"table-primary\">\n<th class=\"bg-primary text-white\">Hauteur D<\/th>\n<th class=\"bg-primary text-white\">mm<\/th>\n<td>2900<\/td>\n<td>3280<\/td>\n<td>3702<\/td>\n<td>3800<\/td>\n<td>4200<\/td>\n<td>4800<\/td>\n<td>4530<\/td>\n<\/tr>\n<tr>\n<th>Poids en charge<\/th>\n<th>Kg<\/th>\n<td>2600<\/td>\n<td>3000<\/td>\n<td>3500<\/td>\n<td>5200<\/td>\n<td>6900<\/td>\n<td>7700<\/td>\n<td>10500<\/td>\n<\/tr>\n<\/tbody>\n<\/table>\n<\/div>\n<p>(1) Pour une eau alimentaire \u00e0 60\u00b0C<\/p>\n<p>(2) Pression de service maximale de la vapeur de 12 barg (pressions plus \u00e9lev\u00e9es par conception sp\u00e9ciale sur demande)<\/p>\n<p>&nbsp;<\/p><\/div>\n<p><!-- .vgblk-rw-wrapper --><\/p>\n","protected":false},"excerpt":{"rendered":"<p>La chaudi\u00e8re vapeur \u00e0 serpentins VAP est une chaudi\u00e8re \u00e0 3 parcours \u00e9quip\u00e9 d\u2019un pr\u00e9chauffeur d\u2019air de combustion int\u00e9gr\u00e9 pour un rendement d\u2019exploitation \u00e9lev\u00e9e. Avec une vapeur disponibe en 3 minutes apr\u00e8s d\u00e9marrage \u00e0 froid et leur faible volume d\u2019eau sous pression, les chaudi\u00e8res VAP combinent efficacit\u00e9 et s\u00e9curit\u00e9, m\u00eame \u00e0 tr\u00e8s haute pression de service.<\/p>\n<h3>Caract\u00e9ristiques de la s\u00e9rie VAP<\/h3>\n<ul>\n<li>\u00c9missions conformes \u00e0 la r\u00e9glementation europ\u00e9enne<\/li>\n<li>Conception robuste sans grand r\u00e9servoir sous pression<\/li>\n<li>Disponibilit\u00e9 de la vapeur en 3 minutes apr\u00e8s d\u00e9marrage \u00e0 froid<\/li>\n<li>Faible volume d\u2019eau sous pression, pour une exploitation s\u00e9curis\u00e9e m\u00eame \u00e0 tr\u00e8s haute pression<\/li>\n<li>Montage possible pr\u00e8s du process, r\u00e9duisant les co\u00fbts d&rsquo;installation et de raccordement.<\/li>\n<li>\u00c9quipement tr\u00e8s compact<\/li>\n<li>Construction monobloc incluant br\u00fbleur, pompe d\u2019alimentation, corps de chauffe, armoire de contr\u00f4le et r\u00e9gulation. Tous les composants sont c\u00e2bl\u00e9s et test\u00e9s dans notre usine<\/li>\n<\/ul>\n","protected":false},"featured_media":38835,"comment_status":"closed","ping_status":"closed","template":"","meta":{"_acf_changed":false,"_relevanssi_hide_post":"","_relevanssi_hide_content":"","_relevanssi_pin_for_all":"","_relevanssi_pin_keywords":"","_relevanssi_unpin_keywords":"","_relevanssi_related_keywords":"","_relevanssi_related_include_ids":"","_relevanssi_related_exclude_ids":"","_relevanssi_related_no_append":"","_relevanssi_related_not_related":"","_relevanssi_related_posts":"","_relevanssi_noindex_reason":""},"product_brand":[],"product_cat":[2648,2656],"product_tag":[],"class_list":{"0":"post-23489","1":"product","2":"type-product","3":"status-publish","4":"has-post-thumbnail","6":"product_cat-chaudieres-serpentins","7":"product_cat-chaudieres-vapeur","9":"first","10":"instock","11":"shipping-taxable","12":"product-type-simple"},"acf":[],"yoast_head":"<!-- This site is optimized with the Yoast SEO Premium plugin v27.4 (Yoast SEO v27.4) - https:\/\/yoast.com\/product\/yoast-seo-premium-wordpress\/ -->\n<title>S\u00e9rie VAP Chaudi\u00e8res \u00e0 Serpentins - Babcock Wanson<\/title>\n<meta name=\"description\" content=\"Les chaudi\u00e8res \u00e0 vapeur \u00e0 serpentin VAP sont dot\u00e9es de trois passages de gaz complets, ainsi que d&#039;un pr\u00e9chauffeur d&#039;air de combustion int\u00e9gr\u00e9 pour assurer une grande efficacit\u00e9 de fonctionnement.\" \/>\n<meta name=\"robots\" content=\"index, follow, max-snippet:-1, max-image-preview:large, max-video-preview:-1\" \/>\n<link rel=\"canonical\" href=\"https:\/\/www.babcock-wanson.com\/fr\/produits\/chaudieres-serpentins\/vap\/\" \/>\n<meta property=\"og:locale\" content=\"fr_FR\" \/>\n<meta property=\"og:type\" content=\"article\" \/>\n<meta property=\"og:title\" content=\"VAP\" \/>\n<meta property=\"og:description\" content=\"Les chaudi\u00e8res \u00e0 vapeur \u00e0 serpentin VAP sont dot\u00e9es de trois passages de gaz complets, ainsi que d&#039;un pr\u00e9chauffeur d&#039;air de combustion int\u00e9gr\u00e9 pour assurer une grande efficacit\u00e9 de fonctionnement.\" \/>\n<meta property=\"og:url\" content=\"https:\/\/www.babcock-wanson.com\/fr\/produits\/chaudieres-serpentins\/vap\/\" \/>\n<meta property=\"og:site_name\" content=\"Babcock Wanson\" \/>\n<meta property=\"article:modified_time\" content=\"2021-03-18T10:48:59+00:00\" \/>\n<meta property=\"og:image\" content=\"https:\/\/www.babcock-wanson.com\/wp-content\/uploads\/2018\/05\/VAP-Series-Product-Image.jpg\" \/>\n\t<meta property=\"og:image:width\" content=\"600\" \/>\n\t<meta property=\"og:image:height\" content=\"400\" \/>\n\t<meta property=\"og:image:type\" content=\"image\/jpeg\" \/>\n<meta name=\"twitter:card\" content=\"summary_large_image\" \/>\n<meta name=\"twitter:label1\" content=\"Est. reading time\" \/>\n\t<meta name=\"twitter:data1\" content=\"1 minute\" \/>\n<script type=\"application\/ld+json\" class=\"yoast-schema-graph\">{\"@context\":\"https:\\\/\\\/schema.org\",\"@graph\":[{\"@type\":\"WebPage\",\"@id\":\"https:\\\/\\\/www.babcock-wanson.com\\\/fr\\\/produits\\\/chaudieres-serpentins\\\/vap\\\/\",\"url\":\"https:\\\/\\\/www.babcock-wanson.com\\\/fr\\\/produits\\\/chaudieres-serpentins\\\/vap\\\/\",\"name\":\"S\u00e9rie VAP Chaudi\u00e8res \u00e0 Serpentins - Babcock Wanson\",\"isPartOf\":{\"@id\":\"https:\\\/\\\/www.babcock-wanson.com\\\/fr\\\/#website\"},\"primaryImageOfPage\":{\"@id\":\"https:\\\/\\\/www.babcock-wanson.com\\\/fr\\\/produits\\\/chaudieres-serpentins\\\/vap\\\/#primaryimage\"},\"image\":{\"@id\":\"https:\\\/\\\/www.babcock-wanson.com\\\/fr\\\/produits\\\/chaudieres-serpentins\\\/vap\\\/#primaryimage\"},\"thumbnailUrl\":\"https:\\\/\\\/www.babcock-wanson.com\\\/wp-content\\\/uploads\\\/2018\\\/05\\\/VAP-Series-Product-Image.jpg\",\"datePublished\":\"2018-05-24T14:09:39+00:00\",\"dateModified\":\"2021-03-18T10:48:59+00:00\",\"description\":\"Les chaudi\u00e8res \u00e0 vapeur \u00e0 serpentin VAP sont dot\u00e9es de trois passages de gaz complets, ainsi que d'un pr\u00e9chauffeur d'air de combustion int\u00e9gr\u00e9 pour assurer une grande efficacit\u00e9 de fonctionnement.\",\"breadcrumb\":{\"@id\":\"https:\\\/\\\/www.babcock-wanson.com\\\/fr\\\/produits\\\/chaudieres-serpentins\\\/vap\\\/#breadcrumb\"},\"inLanguage\":\"fr-FR\",\"potentialAction\":[{\"@type\":\"ReadAction\",\"target\":[\"https:\\\/\\\/www.babcock-wanson.com\\\/fr\\\/produits\\\/chaudieres-serpentins\\\/vap\\\/\"]}]},{\"@type\":\"ImageObject\",\"inLanguage\":\"fr-FR\",\"@id\":\"https:\\\/\\\/www.babcock-wanson.com\\\/fr\\\/produits\\\/chaudieres-serpentins\\\/vap\\\/#primaryimage\",\"url\":\"https:\\\/\\\/www.babcock-wanson.com\\\/wp-content\\\/uploads\\\/2018\\\/05\\\/VAP-Series-Product-Image.jpg\",\"contentUrl\":\"https:\\\/\\\/www.babcock-wanson.com\\\/wp-content\\\/uploads\\\/2018\\\/05\\\/VAP-Series-Product-Image.jpg\",\"width\":600,\"height\":400,\"caption\":\"Chaudi\u00e8res s\u00e9rie VAP\"},{\"@type\":\"BreadcrumbList\",\"@id\":\"https:\\\/\\\/www.babcock-wanson.com\\\/fr\\\/produits\\\/chaudieres-serpentins\\\/vap\\\/#breadcrumb\",\"itemListElement\":[{\"@type\":\"ListItem\",\"position\":1,\"name\":\"Accueil\",\"item\":\"https:\\\/\\\/www.babcock-wanson.com\\\/fr\\\/\"},{\"@type\":\"ListItem\",\"position\":2,\"name\":\"Produits\",\"item\":\"https:\\\/\\\/www.babcock-wanson.com\\\/fr\\\/shop\\\/\"},{\"@type\":\"ListItem\",\"position\":3,\"name\":\"Chaudi\u00e8res serpentins\",\"item\":\"https:\\\/\\\/www.babcock-wanson.com\\\/fr\\\/categorie-produit\\\/chaudieres-serpentins\\\/\"},{\"@type\":\"ListItem\",\"position\":4,\"name\":\"VAP\"}]},{\"@type\":\"WebSite\",\"@id\":\"https:\\\/\\\/www.babcock-wanson.com\\\/fr\\\/#website\",\"url\":\"https:\\\/\\\/www.babcock-wanson.com\\\/fr\\\/\",\"name\":\"Babcock Wanson\",\"description\":\"\",\"publisher\":{\"@id\":\"https:\\\/\\\/www.babcock-wanson.com\\\/fr\\\/#organization\"},\"potentialAction\":[{\"@type\":\"SearchAction\",\"target\":{\"@type\":\"EntryPoint\",\"urlTemplate\":\"https:\\\/\\\/www.babcock-wanson.com\\\/fr\\\/?s={search_term_string}\"},\"query-input\":{\"@type\":\"PropertyValueSpecification\",\"valueRequired\":true,\"valueName\":\"search_term_string\"}}],\"inLanguage\":\"fr-FR\"},{\"@type\":\"Organization\",\"@id\":\"https:\\\/\\\/www.babcock-wanson.com\\\/fr\\\/#organization\",\"name\":\"Babcock Wanson\",\"url\":\"https:\\\/\\\/www.babcock-wanson.com\\\/fr\\\/\",\"logo\":{\"@type\":\"ImageObject\",\"inLanguage\":\"fr-FR\",\"@id\":\"https:\\\/\\\/www.babcock-wanson.com\\\/fr\\\/#\\\/schema\\\/logo\\\/image\\\/\",\"url\":\"https:\\\/\\\/www.babcock-wanson.com\\\/wp-content\\\/uploads\\\/2024\\\/02\\\/Babcock-Wanson-1200x1200-1.png\",\"contentUrl\":\"https:\\\/\\\/www.babcock-wanson.com\\\/wp-content\\\/uploads\\\/2024\\\/02\\\/Babcock-Wanson-1200x1200-1.png\",\"width\":1200,\"height\":1200,\"caption\":\"Babcock Wanson\"},\"image\":{\"@id\":\"https:\\\/\\\/www.babcock-wanson.com\\\/fr\\\/#\\\/schema\\\/logo\\\/image\\\/\"},\"sameAs\":[\"https:\\\/\\\/www.linkedin.com\\\/company\\\/babcock-wanson\\\/\",\"https:\\\/\\\/www.youtube.com\\\/channel\\\/UCtxl25VieBBsP2kYmtlyv7A\"]}]}<\/script>\n<!-- \/ Yoast SEO Premium plugin. -->","yoast_head_json":{"title":"S\u00e9rie VAP Chaudi\u00e8res \u00e0 Serpentins - Babcock Wanson","description":"Les chaudi\u00e8res \u00e0 vapeur \u00e0 serpentin VAP sont dot\u00e9es de trois passages de gaz complets, ainsi que d'un pr\u00e9chauffeur d'air de combustion int\u00e9gr\u00e9 pour assurer une grande efficacit\u00e9 de fonctionnement.","robots":{"index":"index","follow":"follow","max-snippet":"max-snippet:-1","max-image-preview":"max-image-preview:large","max-video-preview":"max-video-preview:-1"},"canonical":"https:\/\/www.babcock-wanson.com\/fr\/produits\/chaudieres-serpentins\/vap\/","og_locale":"fr_FR","og_type":"article","og_title":"VAP","og_description":"Les chaudi\u00e8res \u00e0 vapeur \u00e0 serpentin VAP sont dot\u00e9es de trois passages de gaz complets, ainsi que d'un pr\u00e9chauffeur d'air de combustion int\u00e9gr\u00e9 pour assurer une grande efficacit\u00e9 de fonctionnement.","og_url":"https:\/\/www.babcock-wanson.com\/fr\/produits\/chaudieres-serpentins\/vap\/","og_site_name":"Babcock Wanson","article_modified_time":"2021-03-18T10:48:59+00:00","og_image":[{"width":600,"height":400,"url":"https:\/\/www.babcock-wanson.com\/wp-content\/uploads\/2018\/05\/VAP-Series-Product-Image.jpg","type":"image\/jpeg"}],"twitter_card":"summary_large_image","twitter_misc":{"Est. reading time":"1 minute"},"schema":{"@context":"https:\/\/schema.org","@graph":[{"@type":"WebPage","@id":"https:\/\/www.babcock-wanson.com\/fr\/produits\/chaudieres-serpentins\/vap\/","url":"https:\/\/www.babcock-wanson.com\/fr\/produits\/chaudieres-serpentins\/vap\/","name":"S\u00e9rie VAP Chaudi\u00e8res \u00e0 Serpentins - Babcock Wanson","isPartOf":{"@id":"https:\/\/www.babcock-wanson.com\/fr\/#website"},"primaryImageOfPage":{"@id":"https:\/\/www.babcock-wanson.com\/fr\/produits\/chaudieres-serpentins\/vap\/#primaryimage"},"image":{"@id":"https:\/\/www.babcock-wanson.com\/fr\/produits\/chaudieres-serpentins\/vap\/#primaryimage"},"thumbnailUrl":"https:\/\/www.babcock-wanson.com\/wp-content\/uploads\/2018\/05\/VAP-Series-Product-Image.jpg","datePublished":"2018-05-24T14:09:39+00:00","dateModified":"2021-03-18T10:48:59+00:00","description":"Les chaudi\u00e8res \u00e0 vapeur \u00e0 serpentin VAP sont dot\u00e9es de trois passages de gaz complets, ainsi que d'un pr\u00e9chauffeur d'air de combustion int\u00e9gr\u00e9 pour assurer une grande efficacit\u00e9 de fonctionnement.","breadcrumb":{"@id":"https:\/\/www.babcock-wanson.com\/fr\/produits\/chaudieres-serpentins\/vap\/#breadcrumb"},"inLanguage":"fr-FR","potentialAction":[{"@type":"ReadAction","target":["https:\/\/www.babcock-wanson.com\/fr\/produits\/chaudieres-serpentins\/vap\/"]}]},{"@type":"ImageObject","inLanguage":"fr-FR","@id":"https:\/\/www.babcock-wanson.com\/fr\/produits\/chaudieres-serpentins\/vap\/#primaryimage","url":"https:\/\/www.babcock-wanson.com\/wp-content\/uploads\/2018\/05\/VAP-Series-Product-Image.jpg","contentUrl":"https:\/\/www.babcock-wanson.com\/wp-content\/uploads\/2018\/05\/VAP-Series-Product-Image.jpg","width":600,"height":400,"caption":"Chaudi\u00e8res s\u00e9rie VAP"},{"@type":"BreadcrumbList","@id":"https:\/\/www.babcock-wanson.com\/fr\/produits\/chaudieres-serpentins\/vap\/#breadcrumb","itemListElement":[{"@type":"ListItem","position":1,"name":"Accueil","item":"https:\/\/www.babcock-wanson.com\/fr\/"},{"@type":"ListItem","position":2,"name":"Produits","item":"https:\/\/www.babcock-wanson.com\/fr\/shop\/"},{"@type":"ListItem","position":3,"name":"Chaudi\u00e8res serpentins","item":"https:\/\/www.babcock-wanson.com\/fr\/categorie-produit\/chaudieres-serpentins\/"},{"@type":"ListItem","position":4,"name":"VAP"}]},{"@type":"WebSite","@id":"https:\/\/www.babcock-wanson.com\/fr\/#website","url":"https:\/\/www.babcock-wanson.com\/fr\/","name":"Babcock Wanson","description":"","publisher":{"@id":"https:\/\/www.babcock-wanson.com\/fr\/#organization"},"potentialAction":[{"@type":"SearchAction","target":{"@type":"EntryPoint","urlTemplate":"https:\/\/www.babcock-wanson.com\/fr\/?s={search_term_string}"},"query-input":{"@type":"PropertyValueSpecification","valueRequired":true,"valueName":"search_term_string"}}],"inLanguage":"fr-FR"},{"@type":"Organization","@id":"https:\/\/www.babcock-wanson.com\/fr\/#organization","name":"Babcock Wanson","url":"https:\/\/www.babcock-wanson.com\/fr\/","logo":{"@type":"ImageObject","inLanguage":"fr-FR","@id":"https:\/\/www.babcock-wanson.com\/fr\/#\/schema\/logo\/image\/","url":"https:\/\/www.babcock-wanson.com\/wp-content\/uploads\/2024\/02\/Babcock-Wanson-1200x1200-1.png","contentUrl":"https:\/\/www.babcock-wanson.com\/wp-content\/uploads\/2024\/02\/Babcock-Wanson-1200x1200-1.png","width":1200,"height":1200,"caption":"Babcock Wanson"},"image":{"@id":"https:\/\/www.babcock-wanson.com\/fr\/#\/schema\/logo\/image\/"},"sameAs":["https:\/\/www.linkedin.com\/company\/babcock-wanson\/","https:\/\/www.youtube.com\/channel\/UCtxl25VieBBsP2kYmtlyv7A"]}]}},"jetpack_sharing_enabled":true,"_links":{"self":[{"href":"https:\/\/www.babcock-wanson.com\/fr\/wp-json\/wp\/v2\/product\/23489","targetHints":{"allow":["GET"]}}],"collection":[{"href":"https:\/\/www.babcock-wanson.com\/fr\/wp-json\/wp\/v2\/product"}],"about":[{"href":"https:\/\/www.babcock-wanson.com\/fr\/wp-json\/wp\/v2\/types\/product"}],"replies":[{"embeddable":true,"href":"https:\/\/www.babcock-wanson.com\/fr\/wp-json\/wp\/v2\/comments?post=23489"}],"wp:featuredmedia":[{"embeddable":true,"href":"https:\/\/www.babcock-wanson.com\/fr\/wp-json\/wp\/v2\/media\/38835"}],"wp:attachment":[{"href":"https:\/\/www.babcock-wanson.com\/fr\/wp-json\/wp\/v2\/media?parent=23489"}],"wp:term":[{"taxonomy":"product_brand","embeddable":true,"href":"https:\/\/www.babcock-wanson.com\/fr\/wp-json\/wp\/v2\/product_brand?post=23489"},{"taxonomy":"product_cat","embeddable":true,"href":"https:\/\/www.babcock-wanson.com\/fr\/wp-json\/wp\/v2\/product_cat?post=23489"},{"taxonomy":"product_tag","embeddable":true,"href":"https:\/\/www.babcock-wanson.com\/fr\/wp-json\/wp\/v2\/product_tag?post=23489"}],"curies":[{"name":"wp","href":"https:\/\/api.w.org\/{rel}","templated":true}]}}