{"id":23520,"date":"2019-02-12T11:35:38","date_gmt":"2019-02-12T11:35:38","guid":{"rendered":"https:\/\/www.babcock-wanson.com\/products\/non%20class\u00e9\/surchauffeur\/"},"modified":"2020-03-03T15:17:34","modified_gmt":"2020-03-03T15:17:34","slug":"surchauffeurs-vapeur","status":"publish","type":"product","link":"https:\/\/www.babcock-wanson.com\/fr\/produits\/chaudieres-vapeur\/surchauffeurs-vapeur\/","title":{"rendered":"Surchauffeurs vapeur"},"content":{"rendered":"<div class=\"vgblk-rw-wrapper limit-wrapper\">\n<h3>Avantages de l\u2019utilisation d\u2019un surchauffeur vapeur<\/h3>\n<ul>\n<li>Optimisation de l\u2019efficacit\u00e9 \u00e9nerg\u00e9tique du process<\/li>\n<li>R\u00e9duction du risque de formation de condensation dans le syst\u00e8me de distribution de vapeur<\/li>\n<li>Att\u00e9nuation du risque de dommages m\u00e9caniques<\/li>\n<li>Optimisation du dimensionnement du r\u00e9seau de distribution<\/li>\n<li>R\u00e9duction de la consommation de combustible<\/li>\n<\/ul>\n<h3>S\u00fbr et efficace<\/h3>\n<ul>\n<li>Les surchauffeurs Babcock Wanson comprennent des syst\u00e8mes int\u00e9gr\u00e9s de surveillance et de r\u00e9gulation pour assurer leur fiabilit\u00e9 et une longue dur\u00e9e de vie<\/li>\n<li>Une pression de fonctionnement optimale assur\u00e9e par un syst\u00e8me de contr\u00f4le enti\u00e8rement int\u00e9gr\u00e9 et test\u00e9 en usine<\/li>\n<\/ul>\n<h3>Eco-responsable<\/h3>\n<ul>\n<li>Les surchauffeurs Babcock Wanson permettent, parmi d\u2019autres avantages, de r\u00e9duire la consommation globale de combustible ainsi que les \u00e9missions<\/li>\n<\/ul>\n<\/div>\n<p><!-- .vgblk-rw-wrapper --><\/p>\n","protected":false},"excerpt":{"rendered":"<p>Le surchauffeur Babcock Wanson est un syst\u00e8me de chauffage autonome \u00e0 serpentins qui convertit la vapeur satur\u00e9e en vapeur surchauff\u00e9e. La vapeur surchauff\u00e9e est le plus souvent n\u00e9cessaire soit pour r\u00e9duire le risque de condensation de la vapeur au moment de son transfert, soit lorsqu\u2019il est n\u00e9cessaire d\u2019utiliser l\u2019\u00e9nergie cin\u00e9tique de la vapeur haute pression. L\u2019\u00e9nergie doit \u00eatre maximis\u00e9e tout en \u00e9vitant la condensation.<\/p>\n<p>La vapeur surchauff\u00e9e est utilis\u00e9e dans diverses industries depuis de nombreuses ann\u00e9es pour augmenter l\u2019efficacit\u00e9 thermique globale. La condensation \u00e0 un mauvais moment du process peut \u00e9galement endommager les \u00e9quipements, de sorte que le maintien de la temp\u00e9rature de la vapeur au-dessus du point de condensation est critique.<\/p>\n","protected":false},"featured_media":23524,"comment_status":"closed","ping_status":"closed","template":"","meta":{"_acf_changed":false,"_relevanssi_hide_post":"","_relevanssi_hide_content":"","_relevanssi_pin_for_all":"","_relevanssi_pin_keywords":"","_relevanssi_unpin_keywords":"","_relevanssi_related_keywords":"","_relevanssi_related_include_ids":"","_relevanssi_related_exclude_ids":"","_relevanssi_related_no_append":"","_relevanssi_related_not_related":"","_relevanssi_related_posts":"","_relevanssi_noindex_reason":""},"product_brand":[],"product_cat":[2656],"product_tag":[],"class_list":{"0":"post-23520","1":"product","2":"type-product","3":"status-publish","4":"has-post-thumbnail","6":"product_cat-chaudieres-vapeur","8":"first","9":"instock","10":"shipping-taxable","11":"product-type-simple"},"acf":[],"yoast_head":"<!-- This site is optimized with the Yoast SEO Premium plugin v27.1 (Yoast SEO v27.1.1) - https:\/\/yoast.com\/product\/yoast-seo-premium-wordpress\/ -->\n<title>Surchauffeurs vapeur - Babcock Wanson<\/title>\n<meta name=\"robots\" content=\"index, follow, max-snippet:-1, max-image-preview:large, max-video-preview:-1\" \/>\n<link rel=\"canonical\" href=\"https:\/\/www.babcock-wanson.com\/fr\/produits\/chaudieres-vapeur\/surchauffeurs-vapeur\/\" \/>\n<meta property=\"og:locale\" content=\"fr_FR\" \/>\n<meta property=\"og:type\" content=\"article\" \/>\n<meta property=\"og:title\" content=\"Surchauffeurs vapeur\" \/>\n<meta property=\"og:description\" content=\"Le surchauffeur Babcock Wanson est un syst\u00e8me de chauffage autonome \u00e0 serpentins qui convertit la vapeur satur\u00e9e en vapeur surchauff\u00e9e. La vapeur surchauff\u00e9e est le plus souvent n\u00e9cessaire soit pour r\u00e9duire le risque de condensation de la vapeur au moment de son transfert, soit lorsqu\u2019il est n\u00e9cessaire d\u2019utiliser l\u2019\u00e9nergie cin\u00e9tique de la vapeur haute pression. L\u2019\u00e9nergie doit \u00eatre maximis\u00e9e tout en \u00e9vitant la condensation.  La vapeur surchauff\u00e9e est utilis\u00e9e dans diverses industries depuis de nombreuses ann\u00e9es pour augmenter l\u2019efficacit\u00e9 thermique globale. La condensation \u00e0 un mauvais moment du process peut \u00e9galement endommager les \u00e9quipements, de sorte que le maintien de la temp\u00e9rature de la vapeur au-dessus du point de condensation est critique.\" \/>\n<meta property=\"og:url\" content=\"https:\/\/www.babcock-wanson.com\/fr\/produits\/chaudieres-vapeur\/surchauffeurs-vapeur\/\" \/>\n<meta property=\"og:site_name\" content=\"Babcock Wanson\" \/>\n<meta property=\"article:modified_time\" content=\"2020-03-03T15:17:34+00:00\" \/>\n<meta property=\"og:image\" content=\"https:\/\/www.babcock-wanson.com\/wp-content\/uploads\/2019\/02\/superheaters-2.jpg\" \/>\n\t<meta property=\"og:image:width\" content=\"600\" \/>\n\t<meta property=\"og:image:height\" content=\"400\" \/>\n\t<meta property=\"og:image:type\" content=\"image\/jpeg\" \/>\n<meta name=\"twitter:card\" content=\"summary_large_image\" \/>\n<meta name=\"twitter:label1\" content=\"Est. reading time\" \/>\n\t<meta name=\"twitter:data1\" content=\"1 minute\" \/>\n<script type=\"application\/ld+json\" class=\"yoast-schema-graph\">{\"@context\":\"https:\/\/schema.org\",\"@graph\":[{\"@type\":\"WebPage\",\"@id\":\"https:\/\/www.babcock-wanson.com\/fr\/produits\/chaudieres-vapeur\/surchauffeurs-vapeur\/\",\"url\":\"https:\/\/www.babcock-wanson.com\/fr\/produits\/chaudieres-vapeur\/surchauffeurs-vapeur\/\",\"name\":\"Surchauffeurs vapeur - Babcock Wanson\",\"isPartOf\":{\"@id\":\"https:\/\/www.babcock-wanson.com\/fr\/#website\"},\"primaryImageOfPage\":{\"@id\":\"https:\/\/www.babcock-wanson.com\/fr\/produits\/chaudieres-vapeur\/surchauffeurs-vapeur\/#primaryimage\"},\"image\":{\"@id\":\"https:\/\/www.babcock-wanson.com\/fr\/produits\/chaudieres-vapeur\/surchauffeurs-vapeur\/#primaryimage\"},\"thumbnailUrl\":\"https:\/\/www.babcock-wanson.com\/wp-content\/uploads\/2019\/02\/superheaters-2.jpg\",\"datePublished\":\"2019-02-12T11:35:38+00:00\",\"dateModified\":\"2020-03-03T15:17:34+00:00\",\"breadcrumb\":{\"@id\":\"https:\/\/www.babcock-wanson.com\/fr\/produits\/chaudieres-vapeur\/surchauffeurs-vapeur\/#breadcrumb\"},\"inLanguage\":\"fr-FR\",\"potentialAction\":[{\"@type\":\"ReadAction\",\"target\":[\"https:\/\/www.babcock-wanson.com\/fr\/produits\/chaudieres-vapeur\/surchauffeurs-vapeur\/\"]}]},{\"@type\":\"ImageObject\",\"inLanguage\":\"fr-FR\",\"@id\":\"https:\/\/www.babcock-wanson.com\/fr\/produits\/chaudieres-vapeur\/surchauffeurs-vapeur\/#primaryimage\",\"url\":\"https:\/\/www.babcock-wanson.com\/wp-content\/uploads\/2019\/02\/superheaters-2.jpg\",\"contentUrl\":\"https:\/\/www.babcock-wanson.com\/wp-content\/uploads\/2019\/02\/superheaters-2.jpg\",\"width\":600,\"height\":400,\"caption\":\"Surchauffeur\"},{\"@type\":\"BreadcrumbList\",\"@id\":\"https:\/\/www.babcock-wanson.com\/fr\/produits\/chaudieres-vapeur\/surchauffeurs-vapeur\/#breadcrumb\",\"itemListElement\":[{\"@type\":\"ListItem\",\"position\":1,\"name\":\"Accueil\",\"item\":\"https:\/\/www.babcock-wanson.com\/fr\/\"},{\"@type\":\"ListItem\",\"position\":2,\"name\":\"Produits\",\"item\":\"https:\/\/www.babcock-wanson.com\/fr\/shop\/\"},{\"@type\":\"ListItem\",\"position\":3,\"name\":\"Chaudi\u00e8res vapeur\",\"item\":\"https:\/\/www.babcock-wanson.com\/fr\/categorie-produit\/chaudieres-vapeur\/\"},{\"@type\":\"ListItem\",\"position\":4,\"name\":\"Surchauffeurs vapeur\"}]},{\"@type\":\"WebSite\",\"@id\":\"https:\/\/www.babcock-wanson.com\/fr\/#website\",\"url\":\"https:\/\/www.babcock-wanson.com\/fr\/\",\"name\":\"Babcock Wanson\",\"description\":\"\",\"publisher\":{\"@id\":\"https:\/\/www.babcock-wanson.com\/fr\/#organization\"},\"potentialAction\":[{\"@type\":\"SearchAction\",\"target\":{\"@type\":\"EntryPoint\",\"urlTemplate\":\"https:\/\/www.babcock-wanson.com\/fr\/?s={search_term_string}\"},\"query-input\":{\"@type\":\"PropertyValueSpecification\",\"valueRequired\":true,\"valueName\":\"search_term_string\"}}],\"inLanguage\":\"fr-FR\"},{\"@type\":\"Organization\",\"@id\":\"https:\/\/www.babcock-wanson.com\/fr\/#organization\",\"name\":\"Babcock Wanson\",\"url\":\"https:\/\/www.babcock-wanson.com\/fr\/\",\"logo\":{\"@type\":\"ImageObject\",\"inLanguage\":\"fr-FR\",\"@id\":\"https:\/\/www.babcock-wanson.com\/fr\/#\/schema\/logo\/image\/\",\"url\":\"https:\/\/www.babcock-wanson.com\/wp-content\/uploads\/2024\/02\/Babcock-Wanson-1200x1200-1.png\",\"contentUrl\":\"https:\/\/www.babcock-wanson.com\/wp-content\/uploads\/2024\/02\/Babcock-Wanson-1200x1200-1.png\",\"width\":1200,\"height\":1200,\"caption\":\"Babcock Wanson\"},\"image\":{\"@id\":\"https:\/\/www.babcock-wanson.com\/fr\/#\/schema\/logo\/image\/\"},\"sameAs\":[\"https:\/\/www.linkedin.com\/company\/babcock-wanson\/\",\"https:\/\/www.youtube.com\/channel\/UCtxl25VieBBsP2kYmtlyv7A\"]}]}<\/script>\n<!-- \/ Yoast SEO Premium plugin. -->","yoast_head_json":{"title":"Surchauffeurs vapeur - Babcock Wanson","robots":{"index":"index","follow":"follow","max-snippet":"max-snippet:-1","max-image-preview":"max-image-preview:large","max-video-preview":"max-video-preview:-1"},"canonical":"https:\/\/www.babcock-wanson.com\/fr\/produits\/chaudieres-vapeur\/surchauffeurs-vapeur\/","og_locale":"fr_FR","og_type":"article","og_title":"Surchauffeurs vapeur","og_description":"Le surchauffeur Babcock Wanson est un syst\u00e8me de chauffage autonome \u00e0 serpentins qui convertit la vapeur satur\u00e9e en vapeur surchauff\u00e9e. La vapeur surchauff\u00e9e est le plus souvent n\u00e9cessaire soit pour r\u00e9duire le risque de condensation de la vapeur au moment de son transfert, soit lorsqu\u2019il est n\u00e9cessaire d\u2019utiliser l\u2019\u00e9nergie cin\u00e9tique de la vapeur haute pression. L\u2019\u00e9nergie doit \u00eatre maximis\u00e9e tout en \u00e9vitant la condensation.  La vapeur surchauff\u00e9e est utilis\u00e9e dans diverses industries depuis de nombreuses ann\u00e9es pour augmenter l\u2019efficacit\u00e9 thermique globale. La condensation \u00e0 un mauvais moment du process peut \u00e9galement endommager les \u00e9quipements, de sorte que le maintien de la temp\u00e9rature de la vapeur au-dessus du point de condensation est critique.","og_url":"https:\/\/www.babcock-wanson.com\/fr\/produits\/chaudieres-vapeur\/surchauffeurs-vapeur\/","og_site_name":"Babcock Wanson","article_modified_time":"2020-03-03T15:17:34+00:00","og_image":[{"width":600,"height":400,"url":"https:\/\/www.babcock-wanson.com\/wp-content\/uploads\/2019\/02\/superheaters-2.jpg","type":"image\/jpeg"}],"twitter_card":"summary_large_image","twitter_misc":{"Est. reading time":"1 minute"},"schema":{"@context":"https:\/\/schema.org","@graph":[{"@type":"WebPage","@id":"https:\/\/www.babcock-wanson.com\/fr\/produits\/chaudieres-vapeur\/surchauffeurs-vapeur\/","url":"https:\/\/www.babcock-wanson.com\/fr\/produits\/chaudieres-vapeur\/surchauffeurs-vapeur\/","name":"Surchauffeurs vapeur - Babcock Wanson","isPartOf":{"@id":"https:\/\/www.babcock-wanson.com\/fr\/#website"},"primaryImageOfPage":{"@id":"https:\/\/www.babcock-wanson.com\/fr\/produits\/chaudieres-vapeur\/surchauffeurs-vapeur\/#primaryimage"},"image":{"@id":"https:\/\/www.babcock-wanson.com\/fr\/produits\/chaudieres-vapeur\/surchauffeurs-vapeur\/#primaryimage"},"thumbnailUrl":"https:\/\/www.babcock-wanson.com\/wp-content\/uploads\/2019\/02\/superheaters-2.jpg","datePublished":"2019-02-12T11:35:38+00:00","dateModified":"2020-03-03T15:17:34+00:00","breadcrumb":{"@id":"https:\/\/www.babcock-wanson.com\/fr\/produits\/chaudieres-vapeur\/surchauffeurs-vapeur\/#breadcrumb"},"inLanguage":"fr-FR","potentialAction":[{"@type":"ReadAction","target":["https:\/\/www.babcock-wanson.com\/fr\/produits\/chaudieres-vapeur\/surchauffeurs-vapeur\/"]}]},{"@type":"ImageObject","inLanguage":"fr-FR","@id":"https:\/\/www.babcock-wanson.com\/fr\/produits\/chaudieres-vapeur\/surchauffeurs-vapeur\/#primaryimage","url":"https:\/\/www.babcock-wanson.com\/wp-content\/uploads\/2019\/02\/superheaters-2.jpg","contentUrl":"https:\/\/www.babcock-wanson.com\/wp-content\/uploads\/2019\/02\/superheaters-2.jpg","width":600,"height":400,"caption":"Surchauffeur"},{"@type":"BreadcrumbList","@id":"https:\/\/www.babcock-wanson.com\/fr\/produits\/chaudieres-vapeur\/surchauffeurs-vapeur\/#breadcrumb","itemListElement":[{"@type":"ListItem","position":1,"name":"Accueil","item":"https:\/\/www.babcock-wanson.com\/fr\/"},{"@type":"ListItem","position":2,"name":"Produits","item":"https:\/\/www.babcock-wanson.com\/fr\/shop\/"},{"@type":"ListItem","position":3,"name":"Chaudi\u00e8res vapeur","item":"https:\/\/www.babcock-wanson.com\/fr\/categorie-produit\/chaudieres-vapeur\/"},{"@type":"ListItem","position":4,"name":"Surchauffeurs vapeur"}]},{"@type":"WebSite","@id":"https:\/\/www.babcock-wanson.com\/fr\/#website","url":"https:\/\/www.babcock-wanson.com\/fr\/","name":"Babcock Wanson","description":"","publisher":{"@id":"https:\/\/www.babcock-wanson.com\/fr\/#organization"},"potentialAction":[{"@type":"SearchAction","target":{"@type":"EntryPoint","urlTemplate":"https:\/\/www.babcock-wanson.com\/fr\/?s={search_term_string}"},"query-input":{"@type":"PropertyValueSpecification","valueRequired":true,"valueName":"search_term_string"}}],"inLanguage":"fr-FR"},{"@type":"Organization","@id":"https:\/\/www.babcock-wanson.com\/fr\/#organization","name":"Babcock Wanson","url":"https:\/\/www.babcock-wanson.com\/fr\/","logo":{"@type":"ImageObject","inLanguage":"fr-FR","@id":"https:\/\/www.babcock-wanson.com\/fr\/#\/schema\/logo\/image\/","url":"https:\/\/www.babcock-wanson.com\/wp-content\/uploads\/2024\/02\/Babcock-Wanson-1200x1200-1.png","contentUrl":"https:\/\/www.babcock-wanson.com\/wp-content\/uploads\/2024\/02\/Babcock-Wanson-1200x1200-1.png","width":1200,"height":1200,"caption":"Babcock Wanson"},"image":{"@id":"https:\/\/www.babcock-wanson.com\/fr\/#\/schema\/logo\/image\/"},"sameAs":["https:\/\/www.linkedin.com\/company\/babcock-wanson\/","https:\/\/www.youtube.com\/channel\/UCtxl25VieBBsP2kYmtlyv7A"]}]}},"jetpack_sharing_enabled":true,"_links":{"self":[{"href":"https:\/\/www.babcock-wanson.com\/fr\/wp-json\/wp\/v2\/product\/23520","targetHints":{"allow":["GET"]}}],"collection":[{"href":"https:\/\/www.babcock-wanson.com\/fr\/wp-json\/wp\/v2\/product"}],"about":[{"href":"https:\/\/www.babcock-wanson.com\/fr\/wp-json\/wp\/v2\/types\/product"}],"replies":[{"embeddable":true,"href":"https:\/\/www.babcock-wanson.com\/fr\/wp-json\/wp\/v2\/comments?post=23520"}],"wp:featuredmedia":[{"embeddable":true,"href":"https:\/\/www.babcock-wanson.com\/fr\/wp-json\/wp\/v2\/media\/23524"}],"wp:attachment":[{"href":"https:\/\/www.babcock-wanson.com\/fr\/wp-json\/wp\/v2\/media?parent=23520"}],"wp:term":[{"taxonomy":"product_brand","embeddable":true,"href":"https:\/\/www.babcock-wanson.com\/fr\/wp-json\/wp\/v2\/product_brand?post=23520"},{"taxonomy":"product_cat","embeddable":true,"href":"https:\/\/www.babcock-wanson.com\/fr\/wp-json\/wp\/v2\/product_cat?post=23520"},{"taxonomy":"product_tag","embeddable":true,"href":"https:\/\/www.babcock-wanson.com\/fr\/wp-json\/wp\/v2\/product_tag?post=23520"}],"curies":[{"name":"wp","href":"https:\/\/api.w.org\/{rel}","templated":true}]}}