{"id":23525,"date":"2018-08-15T11:32:09","date_gmt":"2018-08-15T10:32:09","guid":{"rendered":"https:\/\/www.babcock-wanson.com\/products\/non%20class\u00e9\/serie-epc-h\/"},"modified":"2020-03-03T15:23:49","modified_gmt":"2020-03-03T15:23:49","slug":"epc-h","status":"publish","type":"product","link":"https:\/\/www.babcock-wanson.com\/fr\/produits\/chaudieres-fluide-thermique\/epc-h\/","title":{"rendered":"EPC-H"},"content":{"rendered":"<div class=\"vgblk-rw-wrapper limit-wrapper\">\n<h3>Rendement \u00e9lev\u00e9<\/h3>\n<p>La chambre de combustion pr\u00e9sente une faible charge thermique et poss\u00e8de une grande surface d&rsquo;\u00e9change thermique, ce qui permet un rendement \u00e9lev\u00e9 pouvant atteindre 92 %. La circuit d\u2019\u00e9change permet \u00e9galement d&rsquo;optimiser la perte de charge c\u00f4t\u00e9 fluide, r\u00e9duisant ainsi la puissance requise de la pompe de circulation, ce qui est important pour optimiser les syst\u00e8mes \u00e0 haut d\u00e9bit.<\/p>\n<h3>Fonctionnement simple et fiable<\/h3>\n<ul>\n<li>La chaudi\u00e8re EPC-H est livr\u00e9e pr\u00eate \u00e0 \u00eatre raccord\u00e9 aux circuits combustible, fum\u00e9es, \u00e9lectrique et fluide, ce qui permet une installation simple et rapide<\/li>\n<li>Le br\u00fbleur Babcock Wanson est robuste et \u00e9prouv\u00e9, parfaitement adapt\u00e9 \u00e0 la chambre de combustion et au passage des gaz d&rsquo;\u00e9chappement<\/li>\n<li>Avec un rendement \u00e9lev\u00e9 en fonctionnement, cette conception optimale se traduit par une dur\u00e9e de vie prolong\u00e9e<\/li>\n<li>EPC-H est capable de r\u00e9pondre aux exigences environnementales les plus strictes en mati\u00e8re d&rsquo;\u00e9missions<\/li>\n<li>Les syst\u00e8mes de surveillance du d\u00e9bit int\u00e9gr\u00e9s dans la conception de l&rsquo;appareil assurent une dur\u00e9e de vie fiable et sans probl\u00e8me du fluide<\/li>\n<li>Gr\u00e2ce \u00e0 sa simplicit\u00e9 d&rsquo;utilisation et d&rsquo;entretien, l&rsquo;EPC-H est le choix id\u00e9al pour les projets \u00e0 forte demande et \u00e0 tr\u00e8s faibles \u00e9missions<\/li>\n<\/ul>\n<h3>Respectueux de l&rsquo;environnement<\/h3>\n<ul>\n<li>Construit selon des conceptions \u00e9prouv\u00e9es pour r\u00e9duire la consommation de combustible et faciliter l&rsquo;utilisation<\/li>\n<li>Les syst\u00e8mes \u00e0 fluide thermique \u00e0 haut rendement et \u00e0 d\u00e9bit de gaz d&rsquo;\u00e9chappement r\u00e9duit pr\u00e9sentent des avantages environnementaux substantiels<\/li>\n<li>Des r\u00e9fractaires internes r\u00e9duits au minimum pour un fonctionnement et une maintenance simplifi\u00e9s<\/li>\n<\/ul>\n<h3>Gamme compl\u00e8te d&rsquo;\u00e9quipements et de services auxiliaires<\/h3>\n<ul>\n<li>Constructions pr\u00e9mont\u00e9es &#8211; en combinaison avec un g\u00e9n\u00e9rateur de vapeur SOV<\/li>\n<li>Pompe fluide thermique<\/li>\n<li>Vannes et r\u00e9gulations<\/li>\n<li>Syst\u00e8mes auxiliaires et \u00e9changeurs de chaleur<\/li>\n<li>Projets cl\u00e9s en main sur demande<\/li>\n<\/ul>\n<h2>EPC-H\u00a0 Chaudi\u00e8res Fluide Thermique<\/h2>\n<div class=\"table-responsive\">\n<table>\n<tbody>\n<tr>\n<th class=\"bg-primary text-white\">EPC-H<\/th>\n<th class=\"bg-primary text-white\">Mod\u00e8le<\/th>\n<th>2000<\/th>\n<th>3000<\/th>\n<th>4000<\/th>\n<th>5000<\/th>\n<th>6000<\/th>\n<th>7000<\/th>\n<th>8000<\/th>\n<th>10000<\/th>\n<th>12000<\/th>\n<\/tr>\n<tr>\n<th>Puissance<\/th>\n<th>kCal\/hx1000<\/th>\n<td>2000<\/td>\n<td>3000<\/td>\n<td>4000<\/td>\n<td>5000<\/td>\n<td>6000<\/td>\n<td>7000<\/td>\n<td>8000<\/td>\n<td>10000<\/td>\n<td>12000<\/td>\n<\/tr>\n<tr>\n<th><\/th>\n<th>Kw<\/th>\n<td>2326<\/td>\n<td>3488<\/td>\n<td>4651<\/td>\n<td>5814<\/td>\n<td>6977<\/td>\n<td>8140<\/td>\n<td>9302<\/td>\n<td>11628<\/td>\n<td>13953<\/td>\n<\/tr>\n<tr class=\"table-secondary\">\n<th class=\"bg-secondary text-white\">Largeur<\/th>\n<th class=\"bg-secondary text-white\">mm<\/th>\n<td>2368<\/td>\n<td>2472<\/td>\n<td>2668<\/td>\n<td>2768<\/td>\n<td>3096<\/td>\n<td>3268<\/td>\n<td>3268<\/td>\n<td>3668<\/td>\n<td>3668<\/td>\n<\/tr>\n<tr class=\"table-dark\">\n<th class=\"bg-dark text-white\">Longueur<\/th>\n<th class=\"bg-dark text-white\">mm<\/th>\n<td>5744<\/td>\n<td>6557<\/td>\n<td>6921<\/td>\n<td>7191<\/td>\n<td>7391<\/td>\n<td>8450<\/td>\n<td>9058<\/td>\n<td>9595<\/td>\n<td>9595<\/td>\n<\/tr>\n<tr class=\"table-primary\">\n<th class=\"bg-primary text-white\">Hauteur<\/th>\n<th class=\"bg-primary text-white\">mm<\/th>\n<td>2413<\/td>\n<td>2543<\/td>\n<td>2795<\/td>\n<td>2901<\/td>\n<td>3216<\/td>\n<td>3462<\/td>\n<td>3512<\/td>\n<td>3797<\/td>\n<td>4091<\/td>\n<\/tr>\n<\/tbody>\n<\/table>\n<\/div>\n<\/div>\n<p><!-- .vgblk-rw-wrapper --><\/p>\n","protected":false},"excerpt":{"rendered":"<p><strong>D\u00e9bits de 2 000 000 \u00e0 12 000 000 kCal\/h (2 326 \u00e0 13 953 kW)<\/strong><br \/>\nLa chaudi\u00e8re fluide thermique EPC-H de Babcock Wanson est une chaudi\u00e8re horizontale \u00e0 serpentins \u00e0 passages multiples, con\u00e7ue pour un fonctionnement \u00e0 haut rendement utilisant du gaz naturel, du GPL, du FOD et divers biocarburants sp\u00e9cialis\u00e9s. Simple et efficace, s\u00fbre et fiable dans son fonctionnement, la chaudi\u00e8re EPC-H convient \u00e0 un large \u00e9ventail de process industriels.<\/p>\n","protected":false},"featured_media":23112,"comment_status":"closed","ping_status":"closed","template":"","meta":{"_acf_changed":false,"_relevanssi_hide_post":"","_relevanssi_hide_content":"","_relevanssi_pin_for_all":"","_relevanssi_pin_keywords":"","_relevanssi_unpin_keywords":"","_relevanssi_related_keywords":"","_relevanssi_related_include_ids":"","_relevanssi_related_exclude_ids":"","_relevanssi_related_no_append":"","_relevanssi_related_not_related":"","_relevanssi_related_posts":"","_relevanssi_noindex_reason":""},"product_brand":[],"product_cat":[2658],"product_tag":[],"class_list":{"0":"post-23525","1":"product","2":"type-product","3":"status-publish","4":"has-post-thumbnail","6":"product_cat-chaudieres-fluide-thermique","8":"first","9":"instock","10":"shipping-taxable","11":"product-type-simple"},"acf":[],"yoast_head":"<!-- This site is optimized with the Yoast SEO Premium plugin v27.4 (Yoast SEO v27.4) - https:\/\/yoast.com\/product\/yoast-seo-premium-wordpress\/ -->\n<title>S\u00e9rie EPC-H - Chaudi\u00e8re Fluide Thermique - Babcock Wanson<\/title>\n<meta name=\"description\" content=\"Les chaudi\u00e8res EPC-H sont con\u00e7ues pour un fonctionnement simple, efficace, s\u00fbr et fiable, et conviennent \u00e0 un large \u00e9ventail d&#039;industries de transformation. Cliquez ici pour en savoir plus\" \/>\n<meta name=\"robots\" content=\"index, follow, max-snippet:-1, max-image-preview:large, max-video-preview:-1\" \/>\n<link rel=\"canonical\" href=\"https:\/\/www.babcock-wanson.com\/fr\/produits\/chaudieres-fluide-thermique\/epc-h\/\" \/>\n<meta property=\"og:locale\" content=\"fr_FR\" \/>\n<meta property=\"og:type\" content=\"article\" \/>\n<meta property=\"og:title\" content=\"EPC-H\" \/>\n<meta property=\"og:description\" content=\"Les chaudi\u00e8res EPC-H sont con\u00e7ues pour un fonctionnement simple, efficace, s\u00fbr et fiable, et conviennent \u00e0 un large \u00e9ventail d&#039;industries de transformation. Cliquez ici pour en savoir plus\" \/>\n<meta property=\"og:url\" content=\"https:\/\/www.babcock-wanson.com\/fr\/produits\/chaudieres-fluide-thermique\/epc-h\/\" \/>\n<meta property=\"og:site_name\" content=\"Babcock Wanson\" \/>\n<meta property=\"article:modified_time\" content=\"2020-03-03T15:23:49+00:00\" \/>\n<meta property=\"og:image\" content=\"https:\/\/www.babcock-wanson.com\/wp-content\/uploads\/2018\/08\/EPC-H-Thermal-Fluid-Heater-3.jpg\" \/>\n\t<meta property=\"og:image:width\" content=\"600\" \/>\n\t<meta property=\"og:image:height\" content=\"400\" \/>\n\t<meta property=\"og:image:type\" content=\"image\/jpeg\" \/>\n<meta name=\"twitter:card\" content=\"summary_large_image\" \/>\n<meta name=\"twitter:label1\" content=\"Est. reading time\" \/>\n\t<meta name=\"twitter:data1\" content=\"2 minutes\" \/>\n<script type=\"application\/ld+json\" class=\"yoast-schema-graph\">{\"@context\":\"https:\\\/\\\/schema.org\",\"@graph\":[{\"@type\":\"WebPage\",\"@id\":\"https:\\\/\\\/www.babcock-wanson.com\\\/fr\\\/produits\\\/chaudieres-fluide-thermique\\\/epc-h\\\/\",\"url\":\"https:\\\/\\\/www.babcock-wanson.com\\\/fr\\\/produits\\\/chaudieres-fluide-thermique\\\/epc-h\\\/\",\"name\":\"S\u00e9rie EPC-H - Chaudi\u00e8re Fluide Thermique - Babcock Wanson\",\"isPartOf\":{\"@id\":\"https:\\\/\\\/www.babcock-wanson.com\\\/fr\\\/#website\"},\"primaryImageOfPage\":{\"@id\":\"https:\\\/\\\/www.babcock-wanson.com\\\/fr\\\/produits\\\/chaudieres-fluide-thermique\\\/epc-h\\\/#primaryimage\"},\"image\":{\"@id\":\"https:\\\/\\\/www.babcock-wanson.com\\\/fr\\\/produits\\\/chaudieres-fluide-thermique\\\/epc-h\\\/#primaryimage\"},\"thumbnailUrl\":\"https:\\\/\\\/www.babcock-wanson.com\\\/wp-content\\\/uploads\\\/2018\\\/08\\\/EPC-H-Thermal-Fluid-Heater-3.jpg\",\"datePublished\":\"2018-08-15T10:32:09+00:00\",\"dateModified\":\"2020-03-03T15:23:49+00:00\",\"description\":\"Les chaudi\u00e8res EPC-H sont con\u00e7ues pour un fonctionnement simple, efficace, s\u00fbr et fiable, et conviennent \u00e0 un large \u00e9ventail d'industries de transformation. Cliquez ici pour en savoir plus\",\"breadcrumb\":{\"@id\":\"https:\\\/\\\/www.babcock-wanson.com\\\/fr\\\/produits\\\/chaudieres-fluide-thermique\\\/epc-h\\\/#breadcrumb\"},\"inLanguage\":\"fr-FR\",\"potentialAction\":[{\"@type\":\"ReadAction\",\"target\":[\"https:\\\/\\\/www.babcock-wanson.com\\\/fr\\\/produits\\\/chaudieres-fluide-thermique\\\/epc-h\\\/\"]}]},{\"@type\":\"ImageObject\",\"inLanguage\":\"fr-FR\",\"@id\":\"https:\\\/\\\/www.babcock-wanson.com\\\/fr\\\/produits\\\/chaudieres-fluide-thermique\\\/epc-h\\\/#primaryimage\",\"url\":\"https:\\\/\\\/www.babcock-wanson.com\\\/wp-content\\\/uploads\\\/2018\\\/08\\\/EPC-H-Thermal-Fluid-Heater-3.jpg\",\"contentUrl\":\"https:\\\/\\\/www.babcock-wanson.com\\\/wp-content\\\/uploads\\\/2018\\\/08\\\/EPC-H-Thermal-Fluid-Heater-3.jpg\",\"width\":600,\"height\":400,\"caption\":\"Nuage fum\u00e9e Arri\u00e8re plan\"},{\"@type\":\"BreadcrumbList\",\"@id\":\"https:\\\/\\\/www.babcock-wanson.com\\\/fr\\\/produits\\\/chaudieres-fluide-thermique\\\/epc-h\\\/#breadcrumb\",\"itemListElement\":[{\"@type\":\"ListItem\",\"position\":1,\"name\":\"Accueil\",\"item\":\"https:\\\/\\\/www.babcock-wanson.com\\\/fr\\\/\"},{\"@type\":\"ListItem\",\"position\":2,\"name\":\"Produits\",\"item\":\"https:\\\/\\\/www.babcock-wanson.com\\\/fr\\\/shop\\\/\"},{\"@type\":\"ListItem\",\"position\":3,\"name\":\"Chaudi\u00e8res fluide thermique\",\"item\":\"https:\\\/\\\/www.babcock-wanson.com\\\/fr\\\/categorie-produit\\\/chaudieres-fluide-thermique\\\/\"},{\"@type\":\"ListItem\",\"position\":4,\"name\":\"EPC-H\"}]},{\"@type\":\"WebSite\",\"@id\":\"https:\\\/\\\/www.babcock-wanson.com\\\/fr\\\/#website\",\"url\":\"https:\\\/\\\/www.babcock-wanson.com\\\/fr\\\/\",\"name\":\"Babcock Wanson\",\"description\":\"\",\"publisher\":{\"@id\":\"https:\\\/\\\/www.babcock-wanson.com\\\/fr\\\/#organization\"},\"potentialAction\":[{\"@type\":\"SearchAction\",\"target\":{\"@type\":\"EntryPoint\",\"urlTemplate\":\"https:\\\/\\\/www.babcock-wanson.com\\\/fr\\\/?s={search_term_string}\"},\"query-input\":{\"@type\":\"PropertyValueSpecification\",\"valueRequired\":true,\"valueName\":\"search_term_string\"}}],\"inLanguage\":\"fr-FR\"},{\"@type\":\"Organization\",\"@id\":\"https:\\\/\\\/www.babcock-wanson.com\\\/fr\\\/#organization\",\"name\":\"Babcock Wanson\",\"url\":\"https:\\\/\\\/www.babcock-wanson.com\\\/fr\\\/\",\"logo\":{\"@type\":\"ImageObject\",\"inLanguage\":\"fr-FR\",\"@id\":\"https:\\\/\\\/www.babcock-wanson.com\\\/fr\\\/#\\\/schema\\\/logo\\\/image\\\/\",\"url\":\"https:\\\/\\\/www.babcock-wanson.com\\\/wp-content\\\/uploads\\\/2024\\\/02\\\/Babcock-Wanson-1200x1200-1.png\",\"contentUrl\":\"https:\\\/\\\/www.babcock-wanson.com\\\/wp-content\\\/uploads\\\/2024\\\/02\\\/Babcock-Wanson-1200x1200-1.png\",\"width\":1200,\"height\":1200,\"caption\":\"Babcock Wanson\"},\"image\":{\"@id\":\"https:\\\/\\\/www.babcock-wanson.com\\\/fr\\\/#\\\/schema\\\/logo\\\/image\\\/\"},\"sameAs\":[\"https:\\\/\\\/www.linkedin.com\\\/company\\\/babcock-wanson\\\/\",\"https:\\\/\\\/www.youtube.com\\\/channel\\\/UCtxl25VieBBsP2kYmtlyv7A\"]}]}<\/script>\n<!-- \/ Yoast SEO Premium plugin. -->","yoast_head_json":{"title":"S\u00e9rie EPC-H - Chaudi\u00e8re Fluide Thermique - Babcock Wanson","description":"Les chaudi\u00e8res EPC-H sont con\u00e7ues pour un fonctionnement simple, efficace, s\u00fbr et fiable, et conviennent \u00e0 un large \u00e9ventail d'industries de transformation. Cliquez ici pour en savoir plus","robots":{"index":"index","follow":"follow","max-snippet":"max-snippet:-1","max-image-preview":"max-image-preview:large","max-video-preview":"max-video-preview:-1"},"canonical":"https:\/\/www.babcock-wanson.com\/fr\/produits\/chaudieres-fluide-thermique\/epc-h\/","og_locale":"fr_FR","og_type":"article","og_title":"EPC-H","og_description":"Les chaudi\u00e8res EPC-H sont con\u00e7ues pour un fonctionnement simple, efficace, s\u00fbr et fiable, et conviennent \u00e0 un large \u00e9ventail d'industries de transformation. Cliquez ici pour en savoir plus","og_url":"https:\/\/www.babcock-wanson.com\/fr\/produits\/chaudieres-fluide-thermique\/epc-h\/","og_site_name":"Babcock Wanson","article_modified_time":"2020-03-03T15:23:49+00:00","og_image":[{"width":600,"height":400,"url":"https:\/\/www.babcock-wanson.com\/wp-content\/uploads\/2018\/08\/EPC-H-Thermal-Fluid-Heater-3.jpg","type":"image\/jpeg"}],"twitter_card":"summary_large_image","twitter_misc":{"Est. reading time":"2 minutes"},"schema":{"@context":"https:\/\/schema.org","@graph":[{"@type":"WebPage","@id":"https:\/\/www.babcock-wanson.com\/fr\/produits\/chaudieres-fluide-thermique\/epc-h\/","url":"https:\/\/www.babcock-wanson.com\/fr\/produits\/chaudieres-fluide-thermique\/epc-h\/","name":"S\u00e9rie EPC-H - Chaudi\u00e8re Fluide Thermique - Babcock Wanson","isPartOf":{"@id":"https:\/\/www.babcock-wanson.com\/fr\/#website"},"primaryImageOfPage":{"@id":"https:\/\/www.babcock-wanson.com\/fr\/produits\/chaudieres-fluide-thermique\/epc-h\/#primaryimage"},"image":{"@id":"https:\/\/www.babcock-wanson.com\/fr\/produits\/chaudieres-fluide-thermique\/epc-h\/#primaryimage"},"thumbnailUrl":"https:\/\/www.babcock-wanson.com\/wp-content\/uploads\/2018\/08\/EPC-H-Thermal-Fluid-Heater-3.jpg","datePublished":"2018-08-15T10:32:09+00:00","dateModified":"2020-03-03T15:23:49+00:00","description":"Les chaudi\u00e8res EPC-H sont con\u00e7ues pour un fonctionnement simple, efficace, s\u00fbr et fiable, et conviennent \u00e0 un large \u00e9ventail d'industries de transformation. Cliquez ici pour en savoir plus","breadcrumb":{"@id":"https:\/\/www.babcock-wanson.com\/fr\/produits\/chaudieres-fluide-thermique\/epc-h\/#breadcrumb"},"inLanguage":"fr-FR","potentialAction":[{"@type":"ReadAction","target":["https:\/\/www.babcock-wanson.com\/fr\/produits\/chaudieres-fluide-thermique\/epc-h\/"]}]},{"@type":"ImageObject","inLanguage":"fr-FR","@id":"https:\/\/www.babcock-wanson.com\/fr\/produits\/chaudieres-fluide-thermique\/epc-h\/#primaryimage","url":"https:\/\/www.babcock-wanson.com\/wp-content\/uploads\/2018\/08\/EPC-H-Thermal-Fluid-Heater-3.jpg","contentUrl":"https:\/\/www.babcock-wanson.com\/wp-content\/uploads\/2018\/08\/EPC-H-Thermal-Fluid-Heater-3.jpg","width":600,"height":400,"caption":"Nuage fum\u00e9e Arri\u00e8re plan"},{"@type":"BreadcrumbList","@id":"https:\/\/www.babcock-wanson.com\/fr\/produits\/chaudieres-fluide-thermique\/epc-h\/#breadcrumb","itemListElement":[{"@type":"ListItem","position":1,"name":"Accueil","item":"https:\/\/www.babcock-wanson.com\/fr\/"},{"@type":"ListItem","position":2,"name":"Produits","item":"https:\/\/www.babcock-wanson.com\/fr\/shop\/"},{"@type":"ListItem","position":3,"name":"Chaudi\u00e8res fluide thermique","item":"https:\/\/www.babcock-wanson.com\/fr\/categorie-produit\/chaudieres-fluide-thermique\/"},{"@type":"ListItem","position":4,"name":"EPC-H"}]},{"@type":"WebSite","@id":"https:\/\/www.babcock-wanson.com\/fr\/#website","url":"https:\/\/www.babcock-wanson.com\/fr\/","name":"Babcock Wanson","description":"","publisher":{"@id":"https:\/\/www.babcock-wanson.com\/fr\/#organization"},"potentialAction":[{"@type":"SearchAction","target":{"@type":"EntryPoint","urlTemplate":"https:\/\/www.babcock-wanson.com\/fr\/?s={search_term_string}"},"query-input":{"@type":"PropertyValueSpecification","valueRequired":true,"valueName":"search_term_string"}}],"inLanguage":"fr-FR"},{"@type":"Organization","@id":"https:\/\/www.babcock-wanson.com\/fr\/#organization","name":"Babcock Wanson","url":"https:\/\/www.babcock-wanson.com\/fr\/","logo":{"@type":"ImageObject","inLanguage":"fr-FR","@id":"https:\/\/www.babcock-wanson.com\/fr\/#\/schema\/logo\/image\/","url":"https:\/\/www.babcock-wanson.com\/wp-content\/uploads\/2024\/02\/Babcock-Wanson-1200x1200-1.png","contentUrl":"https:\/\/www.babcock-wanson.com\/wp-content\/uploads\/2024\/02\/Babcock-Wanson-1200x1200-1.png","width":1200,"height":1200,"caption":"Babcock Wanson"},"image":{"@id":"https:\/\/www.babcock-wanson.com\/fr\/#\/schema\/logo\/image\/"},"sameAs":["https:\/\/www.linkedin.com\/company\/babcock-wanson\/","https:\/\/www.youtube.com\/channel\/UCtxl25VieBBsP2kYmtlyv7A"]}]}},"jetpack_sharing_enabled":true,"_links":{"self":[{"href":"https:\/\/www.babcock-wanson.com\/fr\/wp-json\/wp\/v2\/product\/23525","targetHints":{"allow":["GET"]}}],"collection":[{"href":"https:\/\/www.babcock-wanson.com\/fr\/wp-json\/wp\/v2\/product"}],"about":[{"href":"https:\/\/www.babcock-wanson.com\/fr\/wp-json\/wp\/v2\/types\/product"}],"replies":[{"embeddable":true,"href":"https:\/\/www.babcock-wanson.com\/fr\/wp-json\/wp\/v2\/comments?post=23525"}],"wp:featuredmedia":[{"embeddable":true,"href":"https:\/\/www.babcock-wanson.com\/fr\/wp-json\/wp\/v2\/media\/23112"}],"wp:attachment":[{"href":"https:\/\/www.babcock-wanson.com\/fr\/wp-json\/wp\/v2\/media?parent=23525"}],"wp:term":[{"taxonomy":"product_brand","embeddable":true,"href":"https:\/\/www.babcock-wanson.com\/fr\/wp-json\/wp\/v2\/product_brand?post=23525"},{"taxonomy":"product_cat","embeddable":true,"href":"https:\/\/www.babcock-wanson.com\/fr\/wp-json\/wp\/v2\/product_cat?post=23525"},{"taxonomy":"product_tag","embeddable":true,"href":"https:\/\/www.babcock-wanson.com\/fr\/wp-json\/wp\/v2\/product_tag?post=23525"}],"curies":[{"name":"wp","href":"https:\/\/api.w.org\/{rel}","templated":true}]}}