{"id":23539,"date":"2018-08-15T11:32:18","date_gmt":"2018-08-15T10:32:18","guid":{"rendered":"https:\/\/www.babcock-wanson.com\/products\/non%20class\u00e9\/serie-tpc-b\/"},"modified":"2021-11-08T00:38:38","modified_gmt":"2021-11-08T00:38:38","slug":"tpc-b","status":"publish","type":"product","link":"https:\/\/www.babcock-wanson.com\/fr\/produits\/chaudieres-fluide-thermique\/tpc-b\/","title":{"rendered":"TPC-B"},"content":{"rendered":"<div class=\"vgblk-rw-wrapper limit-wrapper\">\n<h3>Fonctionnement simple et fiable<\/h3>\n<ul>\n<li>La chaudi\u00e8re TPC-B comprend une lame d\u2019air ext\u00e9rieure qui constitue \u00e0 la fois un r\u00e9chauffeur d\u2019air comburant et une isolation entre les gaz de combustion et la structure externe. Cette configuration permet une exploitation plus fiable et une meilleure dur\u00e9e de vie.<\/li>\n<li>La chaudi\u00e8re se pr\u00e9sente sous forme d&rsquo;un ensemble complet mont\u00e9 et test\u00e9 en usine pour une installation facile et rapide sur site.<\/li>\n<\/ul>\n<h3>Respectueux de l&rsquo;environnement<\/h3>\n<ul>\n<li>Le br\u00fbleur int\u00e9gr\u00e9 Babcock Wanson assure une utilisation efficace du combustible, un entretien facile et le respect des normes d&rsquo;\u00e9mission.<\/li>\n<li>Le syst\u00e8me \u00e0 fluide thermique \u00e0 haut rendement offre des avantages environnementaux substantiels et de faibles \u00e9missions globales.<\/li>\n<\/ul>\n<h3>Gamme compl\u00e8te d&rsquo;\u00e9quipements auxiliaires<\/h3>\n<ul>\n<li>Pompe fluide thermique<\/li>\n<li>Vase d\u2019expansion et d\u00e9gazeur de conception Babcock Wanson<\/li>\n<li>Vannes et r\u00e9gulations<\/li>\n<li>Syst\u00e8mes auxiliaires et \u00e9changeurs de chaleur<\/li>\n<\/ul>\n<h2>TPC-B Chaudi\u00e8re Fluide Thermique<\/h2>\n<div class=\"table-responsive\">\n<table>\n<tbody>\n<tr>\n<th class=\"bg-primary text-white\">TPC- B<\/th>\n<th class=\"bg-primary text-white\">Mod\u00e8le<\/th>\n<th>100 B<\/th>\n<th>200 B<\/th>\n<th>400 B<\/th>\n<th>600 B<\/th>\n<th>1000 B<\/th>\n<th>1500 B<\/th>\n<th>2000 B<\/th>\n<th>2500 SC<\/th>\n<th>3000 SC<\/th>\n<th>3000 B<\/th>\n<th>4000 B<\/th>\n<th>5000 B<\/th>\n<th>6000 B<\/th>\n<\/tr>\n<tr>\n<th rowspan=\"2\">Puissance<\/th>\n<th>kcal\/h x 1000<\/th>\n<td>100<\/td>\n<td>200<\/td>\n<td>400<\/td>\n<td>600<\/td>\n<td>1000<\/td>\n<td>1500<\/td>\n<td>2000<\/td>\n<td>2500<\/td>\n<td>3000<\/td>\n<td>3000<\/td>\n<td>4000<\/td>\n<td>5000<\/td>\n<td>6000<\/td>\n<\/tr>\n<tr>\n<th class=\"border-top-0\">kW<\/th>\n<td>116<\/td>\n<td>232<\/td>\n<td>465<\/td>\n<td>698<\/td>\n<td>1163<\/td>\n<td>1745<\/td>\n<td>2326<\/td>\n<td>2908<\/td>\n<td>3489<\/td>\n<td>3489<\/td>\n<td>4652<\/td>\n<td>5815<\/td>\n<td>6978<\/td>\n<\/tr>\n<tr class=\"table-secondary\">\n<th class=\"bg-secondary text-white\">Largeur A<\/th>\n<th class=\"bg-secondary text-white\">mm<\/th>\n<td>650<\/td>\n<td>650<\/td>\n<td>850<\/td>\n<td>1025<\/td>\n<td>1255<\/td>\n<td>1450<\/td>\n<td>1790<\/td>\n<td>2300<\/td>\n<td>2770<\/td>\n<td>2355<\/td>\n<td>2355<\/td>\n<td>2430<\/td>\n<td>2725<\/td>\n<\/tr>\n<tr class=\"table-dark\">\n<th class=\"bg-dark text-white\">Longueur B<\/th>\n<th class=\"bg-dark text-white\">mm<\/th>\n<td>1250<\/td>\n<td>1250<\/td>\n<td>1380<\/td>\n<td>1550<\/td>\n<td>2110<\/td>\n<td>2400<\/td>\n<td>2730<\/td>\n<td>3440<\/td>\n<td>3905<\/td>\n<td>3490<\/td>\n<td>3630<\/td>\n<td>3660<\/td>\n<td>3960<\/td>\n<\/tr>\n<tr class=\"table-primary\">\n<th class=\"bg-primary text-white\">Hauteur C<\/th>\n<th class=\"bg-primary text-white\">mm<\/th>\n<td>1800<\/td>\n<td>1800<\/td>\n<td>1900<\/td>\n<td>1980<\/td>\n<td>2620<\/td>\n<td>3240<\/td>\n<td>3260<\/td>\n<td>3360<\/td>\n<td>3330<\/td>\n<td>4195<\/td>\n<td>5155<\/td>\n<td>5870<\/td>\n<td>6280<\/td>\n<\/tr>\n<\/tbody>\n<\/table>\n<\/div>\n<\/div>\n<p><!-- .vgblk-rw-wrapper --><\/p>\n","protected":false},"excerpt":{"rendered":"<p><strong>De 100,000 \u00e0 6,000,000 kCal\/h (116 to 6,978 kW)<\/strong><br \/>\nLa chaudi\u00e8re TPC-B de Babcock Wanson est une chaudi\u00e8re verticale \u00e0 serpentins \u00e0 plusieurs parcours dont la conception et la construction ont largement fait leurs preuves. L\u2019orientation de la flamme vers le bas permet de limiter les contraintes et facilite ainsi l\u2019expansion du serpentin durant toutes les phases d\u2019utilisation. La chaudi\u00e8re fluide thermique TPC-B a \u00e9t\u00e9 con\u00e7ue pour s\u2019adapter \u00e0 de nombreux types de besoins industriels et \u00e0 une grande gamme de fluides thermiques.\u00a0 Divers combustibles liquides ou gazeux peuvent \u00eatre utilis\u00e9s.<\/p>\n","protected":false},"featured_media":22981,"comment_status":"closed","ping_status":"closed","template":"","meta":{"_acf_changed":false,"_relevanssi_hide_post":"","_relevanssi_hide_content":"","_relevanssi_pin_for_all":"","_relevanssi_pin_keywords":"","_relevanssi_unpin_keywords":"","_relevanssi_related_keywords":"","_relevanssi_related_include_ids":"","_relevanssi_related_exclude_ids":"","_relevanssi_related_no_append":"","_relevanssi_related_not_related":"","_relevanssi_related_posts":"","_relevanssi_noindex_reason":""},"product_brand":[],"product_cat":[2658],"product_tag":[],"class_list":{"0":"post-23539","1":"product","2":"type-product","3":"status-publish","4":"has-post-thumbnail","6":"product_cat-chaudieres-fluide-thermique","8":"first","9":"instock","10":"shipping-taxable","11":"product-type-simple"},"acf":[],"yoast_head":"<!-- This site is optimized with the Yoast SEO Premium plugin v27.4 (Yoast SEO v27.4) - https:\/\/yoast.com\/product\/yoast-seo-premium-wordpress\/ -->\n<title>S\u00e9rie TPC-B - Chaudi\u00e8re \u00e0 fluide thermique - Babcock Wanson<\/title>\n<meta name=\"description\" content=\"La chaudi\u00e8re \u00e0 fluide thermique TPC-B est un appareil de chauffage vertical, \u00e0 passages multiples, issu d&#039;une longue histoire de conception et de construction. Cliquez ici pour en savoir plus\" \/>\n<meta name=\"robots\" content=\"index, follow, max-snippet:-1, max-image-preview:large, max-video-preview:-1\" \/>\n<link rel=\"canonical\" href=\"https:\/\/www.babcock-wanson.com\/fr\/produits\/chaudieres-fluide-thermique\/tpc-b\/\" \/>\n<meta property=\"og:locale\" content=\"fr_FR\" \/>\n<meta property=\"og:type\" content=\"article\" \/>\n<meta property=\"og:title\" content=\"TPC-B\" \/>\n<meta property=\"og:description\" content=\"La chaudi\u00e8re \u00e0 fluide thermique TPC-B est un appareil de chauffage vertical, \u00e0 passages multiples, issu d&#039;une longue histoire de conception et de construction. Cliquez ici pour en savoir plus\" \/>\n<meta property=\"og:url\" content=\"https:\/\/www.babcock-wanson.com\/fr\/produits\/chaudieres-fluide-thermique\/tpc-b\/\" \/>\n<meta property=\"og:site_name\" content=\"Babcock Wanson\" \/>\n<meta property=\"article:modified_time\" content=\"2021-11-08T00:38:38+00:00\" \/>\n<meta property=\"og:image\" content=\"https:\/\/www.babcock-wanson.com\/wp-content\/uploads\/2018\/08\/TC-B-Series-side-by-side.jpg\" \/>\n\t<meta property=\"og:image:width\" content=\"600\" \/>\n\t<meta property=\"og:image:height\" content=\"401\" \/>\n\t<meta property=\"og:image:type\" content=\"image\/jpeg\" \/>\n<meta name=\"twitter:card\" content=\"summary_large_image\" \/>\n<meta name=\"twitter:label1\" content=\"Est. reading time\" \/>\n\t<meta name=\"twitter:data1\" content=\"1 minute\" \/>\n<script type=\"application\/ld+json\" class=\"yoast-schema-graph\">{\"@context\":\"https:\\\/\\\/schema.org\",\"@graph\":[{\"@type\":\"WebPage\",\"@id\":\"https:\\\/\\\/www.babcock-wanson.com\\\/fr\\\/produits\\\/chaudieres-fluide-thermique\\\/tpc-b\\\/\",\"url\":\"https:\\\/\\\/www.babcock-wanson.com\\\/fr\\\/produits\\\/chaudieres-fluide-thermique\\\/tpc-b\\\/\",\"name\":\"S\u00e9rie TPC-B - Chaudi\u00e8re \u00e0 fluide thermique - Babcock Wanson\",\"isPartOf\":{\"@id\":\"https:\\\/\\\/www.babcock-wanson.com\\\/fr\\\/#website\"},\"primaryImageOfPage\":{\"@id\":\"https:\\\/\\\/www.babcock-wanson.com\\\/fr\\\/produits\\\/chaudieres-fluide-thermique\\\/tpc-b\\\/#primaryimage\"},\"image\":{\"@id\":\"https:\\\/\\\/www.babcock-wanson.com\\\/fr\\\/produits\\\/chaudieres-fluide-thermique\\\/tpc-b\\\/#primaryimage\"},\"thumbnailUrl\":\"https:\\\/\\\/www.babcock-wanson.com\\\/wp-content\\\/uploads\\\/2018\\\/08\\\/TC-B-Series-side-by-side.jpg\",\"datePublished\":\"2018-08-15T10:32:18+00:00\",\"dateModified\":\"2021-11-08T00:38:38+00:00\",\"description\":\"La chaudi\u00e8re \u00e0 fluide thermique TPC-B est un appareil de chauffage vertical, \u00e0 passages multiples, issu d'une longue histoire de conception et de construction. Cliquez ici pour en savoir plus\",\"breadcrumb\":{\"@id\":\"https:\\\/\\\/www.babcock-wanson.com\\\/fr\\\/produits\\\/chaudieres-fluide-thermique\\\/tpc-b\\\/#breadcrumb\"},\"inLanguage\":\"fr-FR\",\"potentialAction\":[{\"@type\":\"ReadAction\",\"target\":[\"https:\\\/\\\/www.babcock-wanson.com\\\/fr\\\/produits\\\/chaudieres-fluide-thermique\\\/tpc-b\\\/\"]}]},{\"@type\":\"ImageObject\",\"inLanguage\":\"fr-FR\",\"@id\":\"https:\\\/\\\/www.babcock-wanson.com\\\/fr\\\/produits\\\/chaudieres-fluide-thermique\\\/tpc-b\\\/#primaryimage\",\"url\":\"https:\\\/\\\/www.babcock-wanson.com\\\/wp-content\\\/uploads\\\/2018\\\/08\\\/TC-B-Series-side-by-side.jpg\",\"contentUrl\":\"https:\\\/\\\/www.babcock-wanson.com\\\/wp-content\\\/uploads\\\/2018\\\/08\\\/TC-B-Series-side-by-side.jpg\",\"width\":600,\"height\":401,\"caption\":\"Leon Wanson et Alfred Parent\"},{\"@type\":\"BreadcrumbList\",\"@id\":\"https:\\\/\\\/www.babcock-wanson.com\\\/fr\\\/produits\\\/chaudieres-fluide-thermique\\\/tpc-b\\\/#breadcrumb\",\"itemListElement\":[{\"@type\":\"ListItem\",\"position\":1,\"name\":\"Accueil\",\"item\":\"https:\\\/\\\/www.babcock-wanson.com\\\/fr\\\/\"},{\"@type\":\"ListItem\",\"position\":2,\"name\":\"Produits\",\"item\":\"https:\\\/\\\/www.babcock-wanson.com\\\/fr\\\/shop\\\/\"},{\"@type\":\"ListItem\",\"position\":3,\"name\":\"Chaudi\u00e8res fluide thermique\",\"item\":\"https:\\\/\\\/www.babcock-wanson.com\\\/fr\\\/categorie-produit\\\/chaudieres-fluide-thermique\\\/\"},{\"@type\":\"ListItem\",\"position\":4,\"name\":\"TPC-B\"}]},{\"@type\":\"WebSite\",\"@id\":\"https:\\\/\\\/www.babcock-wanson.com\\\/fr\\\/#website\",\"url\":\"https:\\\/\\\/www.babcock-wanson.com\\\/fr\\\/\",\"name\":\"Babcock Wanson\",\"description\":\"\",\"publisher\":{\"@id\":\"https:\\\/\\\/www.babcock-wanson.com\\\/fr\\\/#organization\"},\"potentialAction\":[{\"@type\":\"SearchAction\",\"target\":{\"@type\":\"EntryPoint\",\"urlTemplate\":\"https:\\\/\\\/www.babcock-wanson.com\\\/fr\\\/?s={search_term_string}\"},\"query-input\":{\"@type\":\"PropertyValueSpecification\",\"valueRequired\":true,\"valueName\":\"search_term_string\"}}],\"inLanguage\":\"fr-FR\"},{\"@type\":\"Organization\",\"@id\":\"https:\\\/\\\/www.babcock-wanson.com\\\/fr\\\/#organization\",\"name\":\"Babcock Wanson\",\"url\":\"https:\\\/\\\/www.babcock-wanson.com\\\/fr\\\/\",\"logo\":{\"@type\":\"ImageObject\",\"inLanguage\":\"fr-FR\",\"@id\":\"https:\\\/\\\/www.babcock-wanson.com\\\/fr\\\/#\\\/schema\\\/logo\\\/image\\\/\",\"url\":\"https:\\\/\\\/www.babcock-wanson.com\\\/wp-content\\\/uploads\\\/2024\\\/02\\\/Babcock-Wanson-1200x1200-1.png\",\"contentUrl\":\"https:\\\/\\\/www.babcock-wanson.com\\\/wp-content\\\/uploads\\\/2024\\\/02\\\/Babcock-Wanson-1200x1200-1.png\",\"width\":1200,\"height\":1200,\"caption\":\"Babcock Wanson\"},\"image\":{\"@id\":\"https:\\\/\\\/www.babcock-wanson.com\\\/fr\\\/#\\\/schema\\\/logo\\\/image\\\/\"},\"sameAs\":[\"https:\\\/\\\/www.linkedin.com\\\/company\\\/babcock-wanson\\\/\",\"https:\\\/\\\/www.youtube.com\\\/channel\\\/UCtxl25VieBBsP2kYmtlyv7A\"]}]}<\/script>\n<!-- \/ Yoast SEO Premium plugin. -->","yoast_head_json":{"title":"S\u00e9rie TPC-B - Chaudi\u00e8re \u00e0 fluide thermique - Babcock Wanson","description":"La chaudi\u00e8re \u00e0 fluide thermique TPC-B est un appareil de chauffage vertical, \u00e0 passages multiples, issu d'une longue histoire de conception et de construction. Cliquez ici pour en savoir plus","robots":{"index":"index","follow":"follow","max-snippet":"max-snippet:-1","max-image-preview":"max-image-preview:large","max-video-preview":"max-video-preview:-1"},"canonical":"https:\/\/www.babcock-wanson.com\/fr\/produits\/chaudieres-fluide-thermique\/tpc-b\/","og_locale":"fr_FR","og_type":"article","og_title":"TPC-B","og_description":"La chaudi\u00e8re \u00e0 fluide thermique TPC-B est un appareil de chauffage vertical, \u00e0 passages multiples, issu d'une longue histoire de conception et de construction. Cliquez ici pour en savoir plus","og_url":"https:\/\/www.babcock-wanson.com\/fr\/produits\/chaudieres-fluide-thermique\/tpc-b\/","og_site_name":"Babcock Wanson","article_modified_time":"2021-11-08T00:38:38+00:00","og_image":[{"width":600,"height":401,"url":"https:\/\/www.babcock-wanson.com\/wp-content\/uploads\/2018\/08\/TC-B-Series-side-by-side.jpg","type":"image\/jpeg"}],"twitter_card":"summary_large_image","twitter_misc":{"Est. reading time":"1 minute"},"schema":{"@context":"https:\/\/schema.org","@graph":[{"@type":"WebPage","@id":"https:\/\/www.babcock-wanson.com\/fr\/produits\/chaudieres-fluide-thermique\/tpc-b\/","url":"https:\/\/www.babcock-wanson.com\/fr\/produits\/chaudieres-fluide-thermique\/tpc-b\/","name":"S\u00e9rie TPC-B - Chaudi\u00e8re \u00e0 fluide thermique - Babcock Wanson","isPartOf":{"@id":"https:\/\/www.babcock-wanson.com\/fr\/#website"},"primaryImageOfPage":{"@id":"https:\/\/www.babcock-wanson.com\/fr\/produits\/chaudieres-fluide-thermique\/tpc-b\/#primaryimage"},"image":{"@id":"https:\/\/www.babcock-wanson.com\/fr\/produits\/chaudieres-fluide-thermique\/tpc-b\/#primaryimage"},"thumbnailUrl":"https:\/\/www.babcock-wanson.com\/wp-content\/uploads\/2018\/08\/TC-B-Series-side-by-side.jpg","datePublished":"2018-08-15T10:32:18+00:00","dateModified":"2021-11-08T00:38:38+00:00","description":"La chaudi\u00e8re \u00e0 fluide thermique TPC-B est un appareil de chauffage vertical, \u00e0 passages multiples, issu d'une longue histoire de conception et de construction. Cliquez ici pour en savoir plus","breadcrumb":{"@id":"https:\/\/www.babcock-wanson.com\/fr\/produits\/chaudieres-fluide-thermique\/tpc-b\/#breadcrumb"},"inLanguage":"fr-FR","potentialAction":[{"@type":"ReadAction","target":["https:\/\/www.babcock-wanson.com\/fr\/produits\/chaudieres-fluide-thermique\/tpc-b\/"]}]},{"@type":"ImageObject","inLanguage":"fr-FR","@id":"https:\/\/www.babcock-wanson.com\/fr\/produits\/chaudieres-fluide-thermique\/tpc-b\/#primaryimage","url":"https:\/\/www.babcock-wanson.com\/wp-content\/uploads\/2018\/08\/TC-B-Series-side-by-side.jpg","contentUrl":"https:\/\/www.babcock-wanson.com\/wp-content\/uploads\/2018\/08\/TC-B-Series-side-by-side.jpg","width":600,"height":401,"caption":"Leon Wanson et Alfred Parent"},{"@type":"BreadcrumbList","@id":"https:\/\/www.babcock-wanson.com\/fr\/produits\/chaudieres-fluide-thermique\/tpc-b\/#breadcrumb","itemListElement":[{"@type":"ListItem","position":1,"name":"Accueil","item":"https:\/\/www.babcock-wanson.com\/fr\/"},{"@type":"ListItem","position":2,"name":"Produits","item":"https:\/\/www.babcock-wanson.com\/fr\/shop\/"},{"@type":"ListItem","position":3,"name":"Chaudi\u00e8res fluide thermique","item":"https:\/\/www.babcock-wanson.com\/fr\/categorie-produit\/chaudieres-fluide-thermique\/"},{"@type":"ListItem","position":4,"name":"TPC-B"}]},{"@type":"WebSite","@id":"https:\/\/www.babcock-wanson.com\/fr\/#website","url":"https:\/\/www.babcock-wanson.com\/fr\/","name":"Babcock Wanson","description":"","publisher":{"@id":"https:\/\/www.babcock-wanson.com\/fr\/#organization"},"potentialAction":[{"@type":"SearchAction","target":{"@type":"EntryPoint","urlTemplate":"https:\/\/www.babcock-wanson.com\/fr\/?s={search_term_string}"},"query-input":{"@type":"PropertyValueSpecification","valueRequired":true,"valueName":"search_term_string"}}],"inLanguage":"fr-FR"},{"@type":"Organization","@id":"https:\/\/www.babcock-wanson.com\/fr\/#organization","name":"Babcock Wanson","url":"https:\/\/www.babcock-wanson.com\/fr\/","logo":{"@type":"ImageObject","inLanguage":"fr-FR","@id":"https:\/\/www.babcock-wanson.com\/fr\/#\/schema\/logo\/image\/","url":"https:\/\/www.babcock-wanson.com\/wp-content\/uploads\/2024\/02\/Babcock-Wanson-1200x1200-1.png","contentUrl":"https:\/\/www.babcock-wanson.com\/wp-content\/uploads\/2024\/02\/Babcock-Wanson-1200x1200-1.png","width":1200,"height":1200,"caption":"Babcock Wanson"},"image":{"@id":"https:\/\/www.babcock-wanson.com\/fr\/#\/schema\/logo\/image\/"},"sameAs":["https:\/\/www.linkedin.com\/company\/babcock-wanson\/","https:\/\/www.youtube.com\/channel\/UCtxl25VieBBsP2kYmtlyv7A"]}]}},"jetpack_sharing_enabled":true,"_links":{"self":[{"href":"https:\/\/www.babcock-wanson.com\/fr\/wp-json\/wp\/v2\/product\/23539","targetHints":{"allow":["GET"]}}],"collection":[{"href":"https:\/\/www.babcock-wanson.com\/fr\/wp-json\/wp\/v2\/product"}],"about":[{"href":"https:\/\/www.babcock-wanson.com\/fr\/wp-json\/wp\/v2\/types\/product"}],"replies":[{"embeddable":true,"href":"https:\/\/www.babcock-wanson.com\/fr\/wp-json\/wp\/v2\/comments?post=23539"}],"wp:featuredmedia":[{"embeddable":true,"href":"https:\/\/www.babcock-wanson.com\/fr\/wp-json\/wp\/v2\/media\/22981"}],"wp:attachment":[{"href":"https:\/\/www.babcock-wanson.com\/fr\/wp-json\/wp\/v2\/media?parent=23539"}],"wp:term":[{"taxonomy":"product_brand","embeddable":true,"href":"https:\/\/www.babcock-wanson.com\/fr\/wp-json\/wp\/v2\/product_brand?post=23539"},{"taxonomy":"product_cat","embeddable":true,"href":"https:\/\/www.babcock-wanson.com\/fr\/wp-json\/wp\/v2\/product_cat?post=23539"},{"taxonomy":"product_tag","embeddable":true,"href":"https:\/\/www.babcock-wanson.com\/fr\/wp-json\/wp\/v2\/product_tag?post=23539"}],"curies":[{"name":"wp","href":"https:\/\/api.w.org\/{rel}","templated":true}]}}