{"id":23545,"date":"2018-08-15T11:34:35","date_gmt":"2018-08-15T10:34:35","guid":{"rendered":"https:\/\/www.babcock-wanson.com\/products\/non%20class\u00e9\/serie-tpc-as\/"},"modified":"2021-09-01T10:40:19","modified_gmt":"2021-09-01T09:40:19","slug":"tpc-as","status":"publish","type":"product","link":"https:\/\/www.babcock-wanson.com\/fr\/produits\/chaudieres-eau-chaude\/tpc-as\/","title":{"rendered":"TPC-AS"},"content":{"rendered":"<div class=\"vgblk-rw-wrapper limit-wrapper\">\n<h3>Chaudi\u00e8re eau chaude \u00e0 serpentins \u00e0 haut rendement<\/h3>\n<ul>\n<li>La configuration TPC-AS avec une grande surface d&rsquo;\u00e9change thermique et un pr\u00e9chauffeur d&rsquo;air comburant int\u00e9gr\u00e9 garantit un rendement thermique allant jusqu&rsquo;\u00e0 90% en version standard<\/li>\n<li>Le TPC-AS comprend un bo\u00eetier ext\u00e9rieur int\u00e9gr\u00e9 refroidi par air qui sert de pr\u00e9chauffeur\/<a href=\"https:\/\/www.babcock-wanson.com\/fr\/produits\/chaudieres-de-recuperation\/economiseur\/\" target=\"_blank\" rel=\"noopener\">\u00e9conomiseur<\/a> d&rsquo;air comburant. Cette configuration assure \u00e9galement une isolation efficace de la coque de la chaudi\u00e8re<\/li>\n<\/ul>\n<h3>\u00c9quipement robuste<\/h3>\n<ul>\n<li>La robustesse de la chaudi\u00e8re \u00e0 eau chaude TPC-AS lui conf\u00e8re une longue dur\u00e9e de vie et un fonctionnement fiable<\/li>\n<li>Pression d&rsquo;essai jusqu&rsquo;\u00e0 25 bar et temp\u00e9rature de fonctionnement de l&rsquo;eau jusqu&rsquo;\u00e0 220\u00b0C<\/li>\n<li>La configuration TPC-AS garantit un fonctionnement s\u00fbr et simple dans les environnements les plus exigeants<\/li>\n<\/ul>\n<h3>Fonctionnement simple et fiable<\/h3>\n<ul>\n<li>La chaudi\u00e8re TPC-AS est une construction monobloc avec br\u00fbleur, coffret de contr\u00f4le et de commande. Les \u00e9quipements de r\u00e9gulation et s\u00e9curit\u00e9 mont\u00e9es et c\u00e2bl\u00e9es<\/li>\n<li>La chaudi\u00e8re \u00e0 eau chaude TPC-AS est livr\u00e9e sur site pr\u00eate \u00e0 \u00eatre raccord\u00e9e au syst\u00e8me de combustible, \u00e0 l&rsquo;alimentation \u00e9lectrique, \u00e0 la chemin\u00e9e et au syst\u00e8me d&rsquo;eau pour une installation rapide sur site<\/li>\n<li>Le r\u00e9fractaire \u00e0 l&rsquo;int\u00e9rieur de la chambre de combustion a \u00e9t\u00e9 r\u00e9duit au minimum pour une longue dur\u00e9e de vie et un entretien simplifi\u00e9<\/li>\n<\/ul>\n<h3>Respectueux de l&rsquo;environnement<\/h3>\n<ul>\n<li>Les br\u00fbleurs Babcock Wanson ont \u00e9t\u00e9 con\u00e7us pour r\u00e9pondre \u00e0 toutes les normes environnementales en vigueurs. Ils optimisent la consommation de combustible et sont faciles \u00e0 entretenir<\/li>\n<li>\u00c9missions de gaz de combustion conformes \u00e0 la r\u00e9glementation europ\u00e9enne<\/li>\n<\/ul>\n<h3>Gamme compl\u00e8te d&rsquo;\u00e9quipements auxiliaires<\/h3>\n<ul>\n<li>Conception du syst\u00e8me et gestion de projet<\/li>\n<li>Accessoires du syst\u00e8me et \u00e9changeurs de chaleur<\/li>\n<li>Service d&rsquo;installation et de tuyauterie<\/li>\n<li>Approvisionnement et mise en service<\/li>\n<\/ul>\n<h2>TPC-AS Chaudi\u00e8res Eau Chaude<\/h2>\n<div class=\"table-responsive\">\n<table>\n<tbody>\n<tr>\n<th class=\"bg-primary text-white\">TPC-AS<\/th>\n<th class=\"bg-primary text-white\">Mod\u00e8le<\/th>\n<th>500<\/th>\n<th>1000<\/th>\n<th>1250<\/th>\n<th>1500<\/th>\n<th>2000<\/th>\n<\/tr>\n<tr class=\"table-secondary\">\n<th class=\"bg-secondary text-white\">Puissance<\/th>\n<th class=\"bg-secondary text-white\">kW<\/th>\n<td>581<\/td>\n<td>1,163<\/td>\n<td>1,453<\/td>\n<td>1,744<\/td>\n<td>2,326<\/td>\n<\/tr>\n<tr class=\"table-dark\">\n<th class=\"bg-dark text-white\">Capacit\u00e9<\/th>\n<th class=\"bg-dark text-white\">Litre<\/th>\n<td>135<\/td>\n<td>248<\/td>\n<td>298<\/td>\n<td>298<\/td>\n<td>353<\/td>\n<\/tr>\n<\/tbody>\n<\/table>\n<\/div>\n<\/div>\n<p><!-- .vgblk-rw-wrapper --><\/p>\n","protected":false},"excerpt":{"rendered":"<p><strong>D\u00e9bits compris entre 500.000 et 2.000.000 kCal\/h (581 \u00e0 2.326 kW)<\/strong><br \/>\nLa chaudi\u00e8re \u00e0 eau chaude TPC-AS est une chaudi\u00e8re verticale \u00e0 serpentins, con\u00e7ue pour fonctionner avec de l&rsquo;eau \u00e0 haute pression et haute temp\u00e9rature. Les serpentins concentriques, la chambre de combustion \u00e0 inversion de flamme et la configuration \u00e0 trois parcours de fum\u00e9es assurent un rendement \u00e9lev\u00e9 et un fonctionnement simple et s\u00e9curis\u00e9.<\/p>\n<p>La chaudi\u00e8re TPC-AS est \u00e9quip\u00e9 d&rsquo;un br\u00fbleur Babcock Wanson sp\u00e9cialement con\u00e7u pour cette application et parfaitement adapt\u00e9 \u00e0 la chambre de combustion pour un rendement \u00e9lev\u00e9 et des \u00e9missions r\u00e9duites. Le br\u00fbleur peut \u00eatre \u00e0 deux \u00e9tages ou \u00e0 commande enti\u00e8rement modulante en fonction des exigences du process.<\/p>\n","protected":false},"featured_media":23546,"comment_status":"closed","ping_status":"closed","template":"","meta":{"_acf_changed":false,"_relevanssi_hide_post":"","_relevanssi_hide_content":"","_relevanssi_pin_for_all":"","_relevanssi_pin_keywords":"","_relevanssi_unpin_keywords":"","_relevanssi_related_keywords":"","_relevanssi_related_include_ids":"","_relevanssi_related_exclude_ids":"","_relevanssi_related_no_append":"","_relevanssi_related_not_related":"","_relevanssi_related_posts":"","_relevanssi_noindex_reason":""},"product_brand":[],"product_cat":[2654],"product_tag":[],"class_list":{"0":"post-23545","1":"product","2":"type-product","3":"status-publish","4":"has-post-thumbnail","6":"product_cat-chaudieres-eau-chaude","8":"first","9":"instock","10":"shipping-taxable","11":"product-type-simple"},"acf":[],"yoast_head":"<!-- This site is optimized with the Yoast SEO Premium plugin v27.4 (Yoast SEO v27.4) - https:\/\/yoast.com\/product\/yoast-seo-premium-wordpress\/ -->\n<title>S\u00e9rie TPC-AS - Chaudi\u00e8re industrielle \u00e0 eau chaude - Babcock Wanson<\/title>\n<meta name=\"description\" content=\"La TPC-AS est une chaudi\u00e8re \u00e0 eau chaude \u00e0 feu vertical, de type serpentin, con\u00e7ue pour fonctionner avec de l&#039;eau \u00e0 haute pression et \u00e0 haute temp\u00e9rature. Cliquez ici pour en savoir plus\" \/>\n<meta name=\"robots\" content=\"index, follow, max-snippet:-1, max-image-preview:large, max-video-preview:-1\" \/>\n<link rel=\"canonical\" href=\"https:\/\/www.babcock-wanson.com\/fr\/produits\/chaudieres-eau-chaude\/tpc-as\/\" \/>\n<meta property=\"og:locale\" content=\"fr_FR\" \/>\n<meta property=\"og:type\" content=\"article\" \/>\n<meta property=\"og:title\" content=\"TPC-AS\" \/>\n<meta property=\"og:description\" content=\"La TPC-AS est une chaudi\u00e8re \u00e0 eau chaude \u00e0 feu vertical, de type serpentin, con\u00e7ue pour fonctionner avec de l&#039;eau \u00e0 haute pression et \u00e0 haute temp\u00e9rature. Cliquez ici pour en savoir plus\" \/>\n<meta property=\"og:url\" content=\"https:\/\/www.babcock-wanson.com\/fr\/produits\/chaudieres-eau-chaude\/tpc-as\/\" \/>\n<meta property=\"og:site_name\" content=\"Babcock Wanson\" \/>\n<meta property=\"article:modified_time\" content=\"2021-09-01T09:40:19+00:00\" \/>\n<meta property=\"og:image\" content=\"https:\/\/www.babcock-wanson.com\/wp-content\/uploads\/2018\/08\/TPC-AS-Industrial-Hot-Water-Boiler.jpg\" \/>\n\t<meta property=\"og:image:width\" content=\"400\" \/>\n\t<meta property=\"og:image:height\" content=\"600\" \/>\n\t<meta property=\"og:image:type\" content=\"image\/jpeg\" \/>\n<meta name=\"twitter:card\" content=\"summary_large_image\" \/>\n<meta name=\"twitter:label1\" content=\"Est. reading time\" \/>\n\t<meta name=\"twitter:data1\" content=\"2 minutes\" \/>\n<script type=\"application\/ld+json\" class=\"yoast-schema-graph\">{\"@context\":\"https:\\\/\\\/schema.org\",\"@graph\":[{\"@type\":\"WebPage\",\"@id\":\"https:\\\/\\\/www.babcock-wanson.com\\\/fr\\\/produits\\\/chaudieres-eau-chaude\\\/tpc-as\\\/\",\"url\":\"https:\\\/\\\/www.babcock-wanson.com\\\/fr\\\/produits\\\/chaudieres-eau-chaude\\\/tpc-as\\\/\",\"name\":\"S\u00e9rie TPC-AS - Chaudi\u00e8re industrielle \u00e0 eau chaude - Babcock Wanson\",\"isPartOf\":{\"@id\":\"https:\\\/\\\/www.babcock-wanson.com\\\/fr\\\/#website\"},\"primaryImageOfPage\":{\"@id\":\"https:\\\/\\\/www.babcock-wanson.com\\\/fr\\\/produits\\\/chaudieres-eau-chaude\\\/tpc-as\\\/#primaryimage\"},\"image\":{\"@id\":\"https:\\\/\\\/www.babcock-wanson.com\\\/fr\\\/produits\\\/chaudieres-eau-chaude\\\/tpc-as\\\/#primaryimage\"},\"thumbnailUrl\":\"https:\\\/\\\/www.babcock-wanson.com\\\/wp-content\\\/uploads\\\/2018\\\/08\\\/TPC-AS-Industrial-Hot-Water-Boiler.jpg\",\"datePublished\":\"2018-08-15T10:34:35+00:00\",\"dateModified\":\"2021-09-01T09:40:19+00:00\",\"description\":\"La TPC-AS est une chaudi\u00e8re \u00e0 eau chaude \u00e0 feu vertical, de type serpentin, con\u00e7ue pour fonctionner avec de l'eau \u00e0 haute pression et \u00e0 haute temp\u00e9rature. Cliquez ici pour en savoir plus\",\"breadcrumb\":{\"@id\":\"https:\\\/\\\/www.babcock-wanson.com\\\/fr\\\/produits\\\/chaudieres-eau-chaude\\\/tpc-as\\\/#breadcrumb\"},\"inLanguage\":\"fr-FR\",\"potentialAction\":[{\"@type\":\"ReadAction\",\"target\":[\"https:\\\/\\\/www.babcock-wanson.com\\\/fr\\\/produits\\\/chaudieres-eau-chaude\\\/tpc-as\\\/\"]}]},{\"@type\":\"ImageObject\",\"inLanguage\":\"fr-FR\",\"@id\":\"https:\\\/\\\/www.babcock-wanson.com\\\/fr\\\/produits\\\/chaudieres-eau-chaude\\\/tpc-as\\\/#primaryimage\",\"url\":\"https:\\\/\\\/www.babcock-wanson.com\\\/wp-content\\\/uploads\\\/2018\\\/08\\\/TPC-AS-Industrial-Hot-Water-Boiler.jpg\",\"contentUrl\":\"https:\\\/\\\/www.babcock-wanson.com\\\/wp-content\\\/uploads\\\/2018\\\/08\\\/TPC-AS-Industrial-Hot-Water-Boiler.jpg\",\"width\":400,\"height\":600,\"caption\":\"S\u00e9rie TPC-AS - Chaudi\u00e8re industrielle \u00e0 eau chaude\"},{\"@type\":\"BreadcrumbList\",\"@id\":\"https:\\\/\\\/www.babcock-wanson.com\\\/fr\\\/produits\\\/chaudieres-eau-chaude\\\/tpc-as\\\/#breadcrumb\",\"itemListElement\":[{\"@type\":\"ListItem\",\"position\":1,\"name\":\"Accueil\",\"item\":\"https:\\\/\\\/www.babcock-wanson.com\\\/fr\\\/\"},{\"@type\":\"ListItem\",\"position\":2,\"name\":\"Produits\",\"item\":\"https:\\\/\\\/www.babcock-wanson.com\\\/fr\\\/shop\\\/\"},{\"@type\":\"ListItem\",\"position\":3,\"name\":\"Chaudi\u00e8res eau chaude\",\"item\":\"https:\\\/\\\/www.babcock-wanson.com\\\/fr\\\/categorie-produit\\\/chaudieres-eau-chaude\\\/\"},{\"@type\":\"ListItem\",\"position\":4,\"name\":\"TPC-AS\"}]},{\"@type\":\"WebSite\",\"@id\":\"https:\\\/\\\/www.babcock-wanson.com\\\/fr\\\/#website\",\"url\":\"https:\\\/\\\/www.babcock-wanson.com\\\/fr\\\/\",\"name\":\"Babcock Wanson\",\"description\":\"\",\"publisher\":{\"@id\":\"https:\\\/\\\/www.babcock-wanson.com\\\/fr\\\/#organization\"},\"potentialAction\":[{\"@type\":\"SearchAction\",\"target\":{\"@type\":\"EntryPoint\",\"urlTemplate\":\"https:\\\/\\\/www.babcock-wanson.com\\\/fr\\\/?s={search_term_string}\"},\"query-input\":{\"@type\":\"PropertyValueSpecification\",\"valueRequired\":true,\"valueName\":\"search_term_string\"}}],\"inLanguage\":\"fr-FR\"},{\"@type\":\"Organization\",\"@id\":\"https:\\\/\\\/www.babcock-wanson.com\\\/fr\\\/#organization\",\"name\":\"Babcock Wanson\",\"url\":\"https:\\\/\\\/www.babcock-wanson.com\\\/fr\\\/\",\"logo\":{\"@type\":\"ImageObject\",\"inLanguage\":\"fr-FR\",\"@id\":\"https:\\\/\\\/www.babcock-wanson.com\\\/fr\\\/#\\\/schema\\\/logo\\\/image\\\/\",\"url\":\"https:\\\/\\\/www.babcock-wanson.com\\\/wp-content\\\/uploads\\\/2024\\\/02\\\/Babcock-Wanson-1200x1200-1.png\",\"contentUrl\":\"https:\\\/\\\/www.babcock-wanson.com\\\/wp-content\\\/uploads\\\/2024\\\/02\\\/Babcock-Wanson-1200x1200-1.png\",\"width\":1200,\"height\":1200,\"caption\":\"Babcock Wanson\"},\"image\":{\"@id\":\"https:\\\/\\\/www.babcock-wanson.com\\\/fr\\\/#\\\/schema\\\/logo\\\/image\\\/\"},\"sameAs\":[\"https:\\\/\\\/www.linkedin.com\\\/company\\\/babcock-wanson\\\/\",\"https:\\\/\\\/www.youtube.com\\\/channel\\\/UCtxl25VieBBsP2kYmtlyv7A\"]}]}<\/script>\n<!-- \/ Yoast SEO Premium plugin. -->","yoast_head_json":{"title":"S\u00e9rie TPC-AS - Chaudi\u00e8re industrielle \u00e0 eau chaude - Babcock Wanson","description":"La TPC-AS est une chaudi\u00e8re \u00e0 eau chaude \u00e0 feu vertical, de type serpentin, con\u00e7ue pour fonctionner avec de l'eau \u00e0 haute pression et \u00e0 haute temp\u00e9rature. Cliquez ici pour en savoir plus","robots":{"index":"index","follow":"follow","max-snippet":"max-snippet:-1","max-image-preview":"max-image-preview:large","max-video-preview":"max-video-preview:-1"},"canonical":"https:\/\/www.babcock-wanson.com\/fr\/produits\/chaudieres-eau-chaude\/tpc-as\/","og_locale":"fr_FR","og_type":"article","og_title":"TPC-AS","og_description":"La TPC-AS est une chaudi\u00e8re \u00e0 eau chaude \u00e0 feu vertical, de type serpentin, con\u00e7ue pour fonctionner avec de l'eau \u00e0 haute pression et \u00e0 haute temp\u00e9rature. Cliquez ici pour en savoir plus","og_url":"https:\/\/www.babcock-wanson.com\/fr\/produits\/chaudieres-eau-chaude\/tpc-as\/","og_site_name":"Babcock Wanson","article_modified_time":"2021-09-01T09:40:19+00:00","og_image":[{"width":400,"height":600,"url":"https:\/\/www.babcock-wanson.com\/wp-content\/uploads\/2018\/08\/TPC-AS-Industrial-Hot-Water-Boiler.jpg","type":"image\/jpeg"}],"twitter_card":"summary_large_image","twitter_misc":{"Est. reading time":"2 minutes"},"schema":{"@context":"https:\/\/schema.org","@graph":[{"@type":"WebPage","@id":"https:\/\/www.babcock-wanson.com\/fr\/produits\/chaudieres-eau-chaude\/tpc-as\/","url":"https:\/\/www.babcock-wanson.com\/fr\/produits\/chaudieres-eau-chaude\/tpc-as\/","name":"S\u00e9rie TPC-AS - Chaudi\u00e8re industrielle \u00e0 eau chaude - Babcock Wanson","isPartOf":{"@id":"https:\/\/www.babcock-wanson.com\/fr\/#website"},"primaryImageOfPage":{"@id":"https:\/\/www.babcock-wanson.com\/fr\/produits\/chaudieres-eau-chaude\/tpc-as\/#primaryimage"},"image":{"@id":"https:\/\/www.babcock-wanson.com\/fr\/produits\/chaudieres-eau-chaude\/tpc-as\/#primaryimage"},"thumbnailUrl":"https:\/\/www.babcock-wanson.com\/wp-content\/uploads\/2018\/08\/TPC-AS-Industrial-Hot-Water-Boiler.jpg","datePublished":"2018-08-15T10:34:35+00:00","dateModified":"2021-09-01T09:40:19+00:00","description":"La TPC-AS est une chaudi\u00e8re \u00e0 eau chaude \u00e0 feu vertical, de type serpentin, con\u00e7ue pour fonctionner avec de l'eau \u00e0 haute pression et \u00e0 haute temp\u00e9rature. Cliquez ici pour en savoir plus","breadcrumb":{"@id":"https:\/\/www.babcock-wanson.com\/fr\/produits\/chaudieres-eau-chaude\/tpc-as\/#breadcrumb"},"inLanguage":"fr-FR","potentialAction":[{"@type":"ReadAction","target":["https:\/\/www.babcock-wanson.com\/fr\/produits\/chaudieres-eau-chaude\/tpc-as\/"]}]},{"@type":"ImageObject","inLanguage":"fr-FR","@id":"https:\/\/www.babcock-wanson.com\/fr\/produits\/chaudieres-eau-chaude\/tpc-as\/#primaryimage","url":"https:\/\/www.babcock-wanson.com\/wp-content\/uploads\/2018\/08\/TPC-AS-Industrial-Hot-Water-Boiler.jpg","contentUrl":"https:\/\/www.babcock-wanson.com\/wp-content\/uploads\/2018\/08\/TPC-AS-Industrial-Hot-Water-Boiler.jpg","width":400,"height":600,"caption":"S\u00e9rie TPC-AS - Chaudi\u00e8re industrielle \u00e0 eau chaude"},{"@type":"BreadcrumbList","@id":"https:\/\/www.babcock-wanson.com\/fr\/produits\/chaudieres-eau-chaude\/tpc-as\/#breadcrumb","itemListElement":[{"@type":"ListItem","position":1,"name":"Accueil","item":"https:\/\/www.babcock-wanson.com\/fr\/"},{"@type":"ListItem","position":2,"name":"Produits","item":"https:\/\/www.babcock-wanson.com\/fr\/shop\/"},{"@type":"ListItem","position":3,"name":"Chaudi\u00e8res eau chaude","item":"https:\/\/www.babcock-wanson.com\/fr\/categorie-produit\/chaudieres-eau-chaude\/"},{"@type":"ListItem","position":4,"name":"TPC-AS"}]},{"@type":"WebSite","@id":"https:\/\/www.babcock-wanson.com\/fr\/#website","url":"https:\/\/www.babcock-wanson.com\/fr\/","name":"Babcock Wanson","description":"","publisher":{"@id":"https:\/\/www.babcock-wanson.com\/fr\/#organization"},"potentialAction":[{"@type":"SearchAction","target":{"@type":"EntryPoint","urlTemplate":"https:\/\/www.babcock-wanson.com\/fr\/?s={search_term_string}"},"query-input":{"@type":"PropertyValueSpecification","valueRequired":true,"valueName":"search_term_string"}}],"inLanguage":"fr-FR"},{"@type":"Organization","@id":"https:\/\/www.babcock-wanson.com\/fr\/#organization","name":"Babcock Wanson","url":"https:\/\/www.babcock-wanson.com\/fr\/","logo":{"@type":"ImageObject","inLanguage":"fr-FR","@id":"https:\/\/www.babcock-wanson.com\/fr\/#\/schema\/logo\/image\/","url":"https:\/\/www.babcock-wanson.com\/wp-content\/uploads\/2024\/02\/Babcock-Wanson-1200x1200-1.png","contentUrl":"https:\/\/www.babcock-wanson.com\/wp-content\/uploads\/2024\/02\/Babcock-Wanson-1200x1200-1.png","width":1200,"height":1200,"caption":"Babcock Wanson"},"image":{"@id":"https:\/\/www.babcock-wanson.com\/fr\/#\/schema\/logo\/image\/"},"sameAs":["https:\/\/www.linkedin.com\/company\/babcock-wanson\/","https:\/\/www.youtube.com\/channel\/UCtxl25VieBBsP2kYmtlyv7A"]}]}},"jetpack_sharing_enabled":true,"_links":{"self":[{"href":"https:\/\/www.babcock-wanson.com\/fr\/wp-json\/wp\/v2\/product\/23545","targetHints":{"allow":["GET"]}}],"collection":[{"href":"https:\/\/www.babcock-wanson.com\/fr\/wp-json\/wp\/v2\/product"}],"about":[{"href":"https:\/\/www.babcock-wanson.com\/fr\/wp-json\/wp\/v2\/types\/product"}],"replies":[{"embeddable":true,"href":"https:\/\/www.babcock-wanson.com\/fr\/wp-json\/wp\/v2\/comments?post=23545"}],"wp:featuredmedia":[{"embeddable":true,"href":"https:\/\/www.babcock-wanson.com\/fr\/wp-json\/wp\/v2\/media\/23546"}],"wp:attachment":[{"href":"https:\/\/www.babcock-wanson.com\/fr\/wp-json\/wp\/v2\/media?parent=23545"}],"wp:term":[{"taxonomy":"product_brand","embeddable":true,"href":"https:\/\/www.babcock-wanson.com\/fr\/wp-json\/wp\/v2\/product_brand?post=23545"},{"taxonomy":"product_cat","embeddable":true,"href":"https:\/\/www.babcock-wanson.com\/fr\/wp-json\/wp\/v2\/product_cat?post=23545"},{"taxonomy":"product_tag","embeddable":true,"href":"https:\/\/www.babcock-wanson.com\/fr\/wp-json\/wp\/v2\/product_tag?post=23545"}],"curies":[{"name":"wp","href":"https:\/\/api.w.org\/{rel}","templated":true}]}}