{"id":23549,"date":"2018-08-15T11:34:43","date_gmt":"2018-08-15T10:34:43","guid":{"rendered":"https:\/\/www.babcock-wanson.com\/products\/non%20class\u00e9\/serie-heb\/"},"modified":"2020-07-15T14:54:57","modified_gmt":"2020-07-15T13:54:57","slug":"heb","status":"publish","type":"product","link":"https:\/\/www.babcock-wanson.com\/fr\/produits\/chaudieres-eau-chaude\/heb\/","title":{"rendered":"HEB"},"content":{"rendered":"<div class=\"vgblk-rw-wrapper limit-wrapper\">\n<h3>Rendement \u00e9lev\u00e9<\/h3>\n<ul>\n<li>Le syst\u00e8me de commande enti\u00e8rement int\u00e9gr\u00e9 et test\u00e9 en usine garantit un fonctionnement \u00e0 haut rendement<\/li>\n<li>Une construction innovante et \u00e9prouv\u00e9e garantit la robustesse de l&rsquo;\u00e9quipement<\/li>\n<li>La conception HEB permet un rendement global \u00e9lev\u00e9 d&rsquo;environ 96% en service normal et sous forme standard<\/li>\n<\/ul>\n<h3>Fonctionnement simple et fiable<\/h3>\n<ul>\n<li>Chaudi\u00e8re et br\u00fbleur parfaitement adapt\u00e9 pour une installation facile sur site<\/li>\n<li>Babcock Wanson fournit un ensemble complet : chaudi\u00e8re, isolation et bardage, assemblage de br\u00fbleurs, panneau de contr\u00f4le multifonction, mise en service compl\u00e8te et service apr\u00e8s-vente<\/li>\n<li>Possibilit\u00e9 de montage complet avec toutes les fixations pour minimiser le temps d&rsquo;installation sur site<\/li>\n<li>L&rsquo;acc\u00e8s complet \u00e0 la chambre de combustion sans d\u00e9montage du br\u00fbleur simplifie la maintenance sur site et garantit un temps d&rsquo;arr\u00eat minimal<\/li>\n<\/ul>\n<h3>Respectueux de l&rsquo;environnement<\/h3>\n<ul>\n<li>Le br\u00fbleur Babcock Wanson parfaitement adapt\u00e9 assure de faibles \u00e9missions et un rendement de combustion \u00e9lev\u00e9<\/li>\n<li>La chaudi\u00e8re \u00e0 eau chaude HEB \u00e0 haut rendement offre des avantages environnementaux substantiels et respecte toutes les normes d&rsquo;\u00e9mission<\/li>\n<\/ul>\n<\/div>\n<p><!-- .vgblk-rw-wrapper --><\/p>\n","protected":false},"excerpt":{"rendered":"<p><strong>De 90 \u00e0 2,300 kW<\/strong><br \/>\nLa chaudi\u00e8re eau chaude HEB de Babcock Wanson est un appareil \u00e0 haut rendement con\u00e7u principalement pour les process de chauffage \u00e0 basse temp\u00e9rature. Avec 18 mod\u00e8les fournissant des puissances calorifiques comprises entre 90 et 2 300 kW et des pressions de fonctionnement maximales comprises entre 5 et 6 bar, la HEB convient pour une grande vari\u00e9t\u00e9 d&rsquo;applications industrielles.<\/p>\n<p>La chaudi\u00e8re HEB fournit une temp\u00e9rature maximale d&rsquo;eau en sortie de 100\u00b0C et est souvent \u00e9quip\u00e9e d&rsquo;un br\u00fbleur enti\u00e8rement modulant pour permettre un contr\u00f4le tr\u00e8s pr\u00e9cis de la temp\u00e9rature.<\/p>\n<p>La configuration de la chambre de combustion et des surfaces d&rsquo;\u00e9change thermique a \u00e9t\u00e9 enti\u00e8rement optimis\u00e9e en fonction de la g\u00e9om\u00e9trie de la flamme du br\u00fbleur. Gaz, mazout, bi-combustible et\/ou biogaz peuvent \u00eatre utilis\u00e9s avec le br\u00fbleur HEB.<\/p>\n","protected":false},"featured_media":23183,"comment_status":"closed","ping_status":"closed","template":"","meta":{"_acf_changed":false,"_relevanssi_hide_post":"","_relevanssi_hide_content":"","_relevanssi_pin_for_all":"","_relevanssi_pin_keywords":"","_relevanssi_unpin_keywords":"","_relevanssi_related_keywords":"","_relevanssi_related_include_ids":"","_relevanssi_related_exclude_ids":"","_relevanssi_related_no_append":"","_relevanssi_related_not_related":"","_relevanssi_related_posts":"","_relevanssi_noindex_reason":""},"product_brand":[],"product_cat":[2654],"product_tag":[],"class_list":{"0":"post-23549","1":"product","2":"type-product","3":"status-publish","4":"has-post-thumbnail","6":"product_cat-chaudieres-eau-chaude","8":"first","9":"instock","10":"shipping-taxable","11":"product-type-simple"},"acf":[],"yoast_head":"<!-- This site is optimized with the Yoast SEO Premium plugin v27.4 (Yoast SEO v27.4) - https:\/\/yoast.com\/product\/yoast-seo-premium-wordpress\/ -->\n<title>S\u00e9rie HEB-Chaudi\u00e8re-Eau-Chaude - Babcock Wanson<\/title>\n<meta name=\"description\" content=\"La chaudi\u00e8re \u00e0 eau chaude HEB est une unit\u00e9 \u00e0 haut rendement con\u00e7ue principalement pour les applications de chauffage de proc\u00e9d\u00e9s \u00e0 basse temp\u00e9rature. Cliquez ici pour voir notre gamme\" \/>\n<meta name=\"robots\" content=\"index, follow, max-snippet:-1, max-image-preview:large, max-video-preview:-1\" \/>\n<link rel=\"canonical\" href=\"https:\/\/www.babcock-wanson.com\/fr\/produits\/chaudieres-eau-chaude\/heb\/\" \/>\n<meta property=\"og:locale\" content=\"fr_FR\" \/>\n<meta property=\"og:type\" content=\"article\" \/>\n<meta property=\"og:title\" content=\"HEB\" \/>\n<meta property=\"og:description\" content=\"La chaudi\u00e8re \u00e0 eau chaude HEB est une unit\u00e9 \u00e0 haut rendement con\u00e7ue principalement pour les applications de chauffage de proc\u00e9d\u00e9s \u00e0 basse temp\u00e9rature. Cliquez ici pour voir notre gamme\" \/>\n<meta property=\"og:url\" content=\"https:\/\/www.babcock-wanson.com\/fr\/produits\/chaudieres-eau-chaude\/heb\/\" \/>\n<meta property=\"og:site_name\" content=\"Babcock Wanson\" \/>\n<meta property=\"article:modified_time\" content=\"2020-07-15T13:54:57+00:00\" \/>\n<meta property=\"og:image\" content=\"https:\/\/www.babcock-wanson.com\/wp-content\/uploads\/2018\/08\/HEB-Hot-Water-Boiler-1.jpg\" \/>\n\t<meta property=\"og:image:width\" content=\"600\" \/>\n\t<meta property=\"og:image:height\" content=\"400\" \/>\n\t<meta property=\"og:image:type\" content=\"image\/jpeg\" \/>\n<meta name=\"twitter:card\" content=\"summary_large_image\" \/>\n<meta name=\"twitter:label1\" content=\"Est. reading time\" \/>\n\t<meta name=\"twitter:data1\" content=\"1 minute\" \/>\n<script type=\"application\/ld+json\" class=\"yoast-schema-graph\">{\"@context\":\"https:\\\/\\\/schema.org\",\"@graph\":[{\"@type\":\"WebPage\",\"@id\":\"https:\\\/\\\/www.babcock-wanson.com\\\/fr\\\/produits\\\/chaudieres-eau-chaude\\\/heb\\\/\",\"url\":\"https:\\\/\\\/www.babcock-wanson.com\\\/fr\\\/produits\\\/chaudieres-eau-chaude\\\/heb\\\/\",\"name\":\"S\u00e9rie HEB-Chaudi\u00e8re-Eau-Chaude - Babcock Wanson\",\"isPartOf\":{\"@id\":\"https:\\\/\\\/www.babcock-wanson.com\\\/fr\\\/#website\"},\"primaryImageOfPage\":{\"@id\":\"https:\\\/\\\/www.babcock-wanson.com\\\/fr\\\/produits\\\/chaudieres-eau-chaude\\\/heb\\\/#primaryimage\"},\"image\":{\"@id\":\"https:\\\/\\\/www.babcock-wanson.com\\\/fr\\\/produits\\\/chaudieres-eau-chaude\\\/heb\\\/#primaryimage\"},\"thumbnailUrl\":\"https:\\\/\\\/www.babcock-wanson.com\\\/wp-content\\\/uploads\\\/2018\\\/08\\\/HEB-Hot-Water-Boiler-1.jpg\",\"datePublished\":\"2018-08-15T10:34:43+00:00\",\"dateModified\":\"2020-07-15T13:54:57+00:00\",\"description\":\"La chaudi\u00e8re \u00e0 eau chaude HEB est une unit\u00e9 \u00e0 haut rendement con\u00e7ue principalement pour les applications de chauffage de proc\u00e9d\u00e9s \u00e0 basse temp\u00e9rature. Cliquez ici pour voir notre gamme\",\"breadcrumb\":{\"@id\":\"https:\\\/\\\/www.babcock-wanson.com\\\/fr\\\/produits\\\/chaudieres-eau-chaude\\\/heb\\\/#breadcrumb\"},\"inLanguage\":\"fr-FR\",\"potentialAction\":[{\"@type\":\"ReadAction\",\"target\":[\"https:\\\/\\\/www.babcock-wanson.com\\\/fr\\\/produits\\\/chaudieres-eau-chaude\\\/heb\\\/\"]}]},{\"@type\":\"ImageObject\",\"inLanguage\":\"fr-FR\",\"@id\":\"https:\\\/\\\/www.babcock-wanson.com\\\/fr\\\/produits\\\/chaudieres-eau-chaude\\\/heb\\\/#primaryimage\",\"url\":\"https:\\\/\\\/www.babcock-wanson.com\\\/wp-content\\\/uploads\\\/2018\\\/08\\\/HEB-Hot-Water-Boiler-1.jpg\",\"contentUrl\":\"https:\\\/\\\/www.babcock-wanson.com\\\/wp-content\\\/uploads\\\/2018\\\/08\\\/HEB-Hot-Water-Boiler-1.jpg\",\"width\":600,\"height\":400,\"caption\":\"HEB-Chaudi\u00e8re-Eau-Chaude\"},{\"@type\":\"BreadcrumbList\",\"@id\":\"https:\\\/\\\/www.babcock-wanson.com\\\/fr\\\/produits\\\/chaudieres-eau-chaude\\\/heb\\\/#breadcrumb\",\"itemListElement\":[{\"@type\":\"ListItem\",\"position\":1,\"name\":\"Accueil\",\"item\":\"https:\\\/\\\/www.babcock-wanson.com\\\/fr\\\/\"},{\"@type\":\"ListItem\",\"position\":2,\"name\":\"Produits\",\"item\":\"https:\\\/\\\/www.babcock-wanson.com\\\/fr\\\/shop\\\/\"},{\"@type\":\"ListItem\",\"position\":3,\"name\":\"Chaudi\u00e8res eau chaude\",\"item\":\"https:\\\/\\\/www.babcock-wanson.com\\\/fr\\\/categorie-produit\\\/chaudieres-eau-chaude\\\/\"},{\"@type\":\"ListItem\",\"position\":4,\"name\":\"HEB\"}]},{\"@type\":\"WebSite\",\"@id\":\"https:\\\/\\\/www.babcock-wanson.com\\\/fr\\\/#website\",\"url\":\"https:\\\/\\\/www.babcock-wanson.com\\\/fr\\\/\",\"name\":\"Babcock Wanson\",\"description\":\"\",\"publisher\":{\"@id\":\"https:\\\/\\\/www.babcock-wanson.com\\\/fr\\\/#organization\"},\"potentialAction\":[{\"@type\":\"SearchAction\",\"target\":{\"@type\":\"EntryPoint\",\"urlTemplate\":\"https:\\\/\\\/www.babcock-wanson.com\\\/fr\\\/?s={search_term_string}\"},\"query-input\":{\"@type\":\"PropertyValueSpecification\",\"valueRequired\":true,\"valueName\":\"search_term_string\"}}],\"inLanguage\":\"fr-FR\"},{\"@type\":\"Organization\",\"@id\":\"https:\\\/\\\/www.babcock-wanson.com\\\/fr\\\/#organization\",\"name\":\"Babcock Wanson\",\"url\":\"https:\\\/\\\/www.babcock-wanson.com\\\/fr\\\/\",\"logo\":{\"@type\":\"ImageObject\",\"inLanguage\":\"fr-FR\",\"@id\":\"https:\\\/\\\/www.babcock-wanson.com\\\/fr\\\/#\\\/schema\\\/logo\\\/image\\\/\",\"url\":\"https:\\\/\\\/www.babcock-wanson.com\\\/wp-content\\\/uploads\\\/2024\\\/02\\\/Babcock-Wanson-1200x1200-1.png\",\"contentUrl\":\"https:\\\/\\\/www.babcock-wanson.com\\\/wp-content\\\/uploads\\\/2024\\\/02\\\/Babcock-Wanson-1200x1200-1.png\",\"width\":1200,\"height\":1200,\"caption\":\"Babcock Wanson\"},\"image\":{\"@id\":\"https:\\\/\\\/www.babcock-wanson.com\\\/fr\\\/#\\\/schema\\\/logo\\\/image\\\/\"},\"sameAs\":[\"https:\\\/\\\/www.linkedin.com\\\/company\\\/babcock-wanson\\\/\",\"https:\\\/\\\/www.youtube.com\\\/channel\\\/UCtxl25VieBBsP2kYmtlyv7A\"]}]}<\/script>\n<!-- \/ Yoast SEO Premium plugin. -->","yoast_head_json":{"title":"S\u00e9rie HEB-Chaudi\u00e8re-Eau-Chaude - Babcock Wanson","description":"La chaudi\u00e8re \u00e0 eau chaude HEB est une unit\u00e9 \u00e0 haut rendement con\u00e7ue principalement pour les applications de chauffage de proc\u00e9d\u00e9s \u00e0 basse temp\u00e9rature. Cliquez ici pour voir notre gamme","robots":{"index":"index","follow":"follow","max-snippet":"max-snippet:-1","max-image-preview":"max-image-preview:large","max-video-preview":"max-video-preview:-1"},"canonical":"https:\/\/www.babcock-wanson.com\/fr\/produits\/chaudieres-eau-chaude\/heb\/","og_locale":"fr_FR","og_type":"article","og_title":"HEB","og_description":"La chaudi\u00e8re \u00e0 eau chaude HEB est une unit\u00e9 \u00e0 haut rendement con\u00e7ue principalement pour les applications de chauffage de proc\u00e9d\u00e9s \u00e0 basse temp\u00e9rature. Cliquez ici pour voir notre gamme","og_url":"https:\/\/www.babcock-wanson.com\/fr\/produits\/chaudieres-eau-chaude\/heb\/","og_site_name":"Babcock Wanson","article_modified_time":"2020-07-15T13:54:57+00:00","og_image":[{"width":600,"height":400,"url":"https:\/\/www.babcock-wanson.com\/wp-content\/uploads\/2018\/08\/HEB-Hot-Water-Boiler-1.jpg","type":"image\/jpeg"}],"twitter_card":"summary_large_image","twitter_misc":{"Est. reading time":"1 minute"},"schema":{"@context":"https:\/\/schema.org","@graph":[{"@type":"WebPage","@id":"https:\/\/www.babcock-wanson.com\/fr\/produits\/chaudieres-eau-chaude\/heb\/","url":"https:\/\/www.babcock-wanson.com\/fr\/produits\/chaudieres-eau-chaude\/heb\/","name":"S\u00e9rie HEB-Chaudi\u00e8re-Eau-Chaude - Babcock Wanson","isPartOf":{"@id":"https:\/\/www.babcock-wanson.com\/fr\/#website"},"primaryImageOfPage":{"@id":"https:\/\/www.babcock-wanson.com\/fr\/produits\/chaudieres-eau-chaude\/heb\/#primaryimage"},"image":{"@id":"https:\/\/www.babcock-wanson.com\/fr\/produits\/chaudieres-eau-chaude\/heb\/#primaryimage"},"thumbnailUrl":"https:\/\/www.babcock-wanson.com\/wp-content\/uploads\/2018\/08\/HEB-Hot-Water-Boiler-1.jpg","datePublished":"2018-08-15T10:34:43+00:00","dateModified":"2020-07-15T13:54:57+00:00","description":"La chaudi\u00e8re \u00e0 eau chaude HEB est une unit\u00e9 \u00e0 haut rendement con\u00e7ue principalement pour les applications de chauffage de proc\u00e9d\u00e9s \u00e0 basse temp\u00e9rature. Cliquez ici pour voir notre gamme","breadcrumb":{"@id":"https:\/\/www.babcock-wanson.com\/fr\/produits\/chaudieres-eau-chaude\/heb\/#breadcrumb"},"inLanguage":"fr-FR","potentialAction":[{"@type":"ReadAction","target":["https:\/\/www.babcock-wanson.com\/fr\/produits\/chaudieres-eau-chaude\/heb\/"]}]},{"@type":"ImageObject","inLanguage":"fr-FR","@id":"https:\/\/www.babcock-wanson.com\/fr\/produits\/chaudieres-eau-chaude\/heb\/#primaryimage","url":"https:\/\/www.babcock-wanson.com\/wp-content\/uploads\/2018\/08\/HEB-Hot-Water-Boiler-1.jpg","contentUrl":"https:\/\/www.babcock-wanson.com\/wp-content\/uploads\/2018\/08\/HEB-Hot-Water-Boiler-1.jpg","width":600,"height":400,"caption":"HEB-Chaudi\u00e8re-Eau-Chaude"},{"@type":"BreadcrumbList","@id":"https:\/\/www.babcock-wanson.com\/fr\/produits\/chaudieres-eau-chaude\/heb\/#breadcrumb","itemListElement":[{"@type":"ListItem","position":1,"name":"Accueil","item":"https:\/\/www.babcock-wanson.com\/fr\/"},{"@type":"ListItem","position":2,"name":"Produits","item":"https:\/\/www.babcock-wanson.com\/fr\/shop\/"},{"@type":"ListItem","position":3,"name":"Chaudi\u00e8res eau chaude","item":"https:\/\/www.babcock-wanson.com\/fr\/categorie-produit\/chaudieres-eau-chaude\/"},{"@type":"ListItem","position":4,"name":"HEB"}]},{"@type":"WebSite","@id":"https:\/\/www.babcock-wanson.com\/fr\/#website","url":"https:\/\/www.babcock-wanson.com\/fr\/","name":"Babcock Wanson","description":"","publisher":{"@id":"https:\/\/www.babcock-wanson.com\/fr\/#organization"},"potentialAction":[{"@type":"SearchAction","target":{"@type":"EntryPoint","urlTemplate":"https:\/\/www.babcock-wanson.com\/fr\/?s={search_term_string}"},"query-input":{"@type":"PropertyValueSpecification","valueRequired":true,"valueName":"search_term_string"}}],"inLanguage":"fr-FR"},{"@type":"Organization","@id":"https:\/\/www.babcock-wanson.com\/fr\/#organization","name":"Babcock Wanson","url":"https:\/\/www.babcock-wanson.com\/fr\/","logo":{"@type":"ImageObject","inLanguage":"fr-FR","@id":"https:\/\/www.babcock-wanson.com\/fr\/#\/schema\/logo\/image\/","url":"https:\/\/www.babcock-wanson.com\/wp-content\/uploads\/2024\/02\/Babcock-Wanson-1200x1200-1.png","contentUrl":"https:\/\/www.babcock-wanson.com\/wp-content\/uploads\/2024\/02\/Babcock-Wanson-1200x1200-1.png","width":1200,"height":1200,"caption":"Babcock Wanson"},"image":{"@id":"https:\/\/www.babcock-wanson.com\/fr\/#\/schema\/logo\/image\/"},"sameAs":["https:\/\/www.linkedin.com\/company\/babcock-wanson\/","https:\/\/www.youtube.com\/channel\/UCtxl25VieBBsP2kYmtlyv7A"]}]}},"jetpack_sharing_enabled":true,"_links":{"self":[{"href":"https:\/\/www.babcock-wanson.com\/fr\/wp-json\/wp\/v2\/product\/23549","targetHints":{"allow":["GET"]}}],"collection":[{"href":"https:\/\/www.babcock-wanson.com\/fr\/wp-json\/wp\/v2\/product"}],"about":[{"href":"https:\/\/www.babcock-wanson.com\/fr\/wp-json\/wp\/v2\/types\/product"}],"replies":[{"embeddable":true,"href":"https:\/\/www.babcock-wanson.com\/fr\/wp-json\/wp\/v2\/comments?post=23549"}],"wp:featuredmedia":[{"embeddable":true,"href":"https:\/\/www.babcock-wanson.com\/fr\/wp-json\/wp\/v2\/media\/23183"}],"wp:attachment":[{"href":"https:\/\/www.babcock-wanson.com\/fr\/wp-json\/wp\/v2\/media?parent=23549"}],"wp:term":[{"taxonomy":"product_brand","embeddable":true,"href":"https:\/\/www.babcock-wanson.com\/fr\/wp-json\/wp\/v2\/product_brand?post=23549"},{"taxonomy":"product_cat","embeddable":true,"href":"https:\/\/www.babcock-wanson.com\/fr\/wp-json\/wp\/v2\/product_cat?post=23549"},{"taxonomy":"product_tag","embeddable":true,"href":"https:\/\/www.babcock-wanson.com\/fr\/wp-json\/wp\/v2\/product_tag?post=23549"}],"curies":[{"name":"wp","href":"https:\/\/api.w.org\/{rel}","templated":true}]}}