{"id":23555,"date":"2018-08-15T11:34:39","date_gmt":"2018-08-15T10:34:39","guid":{"rendered":"https:\/\/www.babcock-wanson.com\/products\/non%20class\u00e9\/serie-hw3p\/"},"modified":"2021-11-08T16:31:33","modified_gmt":"2021-11-08T16:31:33","slug":"hw3p","status":"publish","type":"product","link":"https:\/\/www.babcock-wanson.com\/fr\/produits\/chaudieres-eau-chaude\/hw3p\/","title":{"rendered":"HW3P"},"content":{"rendered":"<div class=\"vgblk-rw-wrapper limit-wrapper\">\n<h3>Chaudi\u00e8re eau chaude s\u00e9rie HW3P<\/h3>\n<p>Les chaudi\u00e8res \u00e0 eau chaude HW3P sont disponibles en 14 mod\u00e8les avec des puissances comprises entre 1165 kW et 10 560 kW et des pressions de service comprises entre 5 et 8 bar selon les sp\u00e9cifications du mod\u00e8le. La large vari\u00e9t\u00e9 de mod\u00e8les disponibles en termes de taille et de puissance calorifique permet de r\u00e9pondre avec pr\u00e9cision aux exigences des process industriels.<\/p>\n<p>Babcock Wanson peut fournir une solution compl\u00e8te pour les besoins en chaudi\u00e8res \u00e0 eau chaude, y compris la coque de la chaudi\u00e8re avec isolation et rev\u00eatement, un br\u00fbleur adapt\u00e9, un panneau de commande multifonctions, tous les \u00e9quipements auxiliaires y compris les pompes de circulation primaire et anti-condensation, un \u00e9quipement de pressurisation et un ensemble complet de chaufferie et de vannes process avec la mise en service de chaudi\u00e8re. Tous les \u00e9quipements fournis sont pris en charge par notre service apr\u00e8s-vente local.<\/p>\n<h3>Performances garanties<\/h3>\n<ul>\n<li>HW3P est une chaudi\u00e8re \u00e0 haut rendement con\u00e7ue pour offrir un rendement exceptionnel et une efficacit\u00e9 op\u00e9rationnelle pouvant atteindre 93,4 %* en version standard<\/li>\n<li>Le syst\u00e8me de commande enti\u00e8rement int\u00e9gr\u00e9 et test\u00e9 en usine garantit un fonctionnement simple et fiable<\/li>\n<li>Les services de mise en service et de maintenance sont assur\u00e9s sur place par des techniciens et des ing\u00e9nieurs de service Babcock Wanson<\/li>\n<\/ul>\n<h3>\u00c9quipement robuste<\/h3>\n<ul>\n<li>HW3P est de construction robuste et offre des temp\u00e9ratures maximales de l&rsquo;eau jusqu&rsquo;\u00e0 106\u00b0C et une pression pouvant atteindre 8 bar<\/li>\n<li>HW3P comprend trois parcours de gaz complets et est \u00e9quip\u00e9 de portes isol\u00e9es \u00e0 l&rsquo;avant pour faciliter l&rsquo;inspection et le nettoyage si n\u00e9cessaire<\/li>\n<\/ul>\n<h3>Respectueux de l&rsquo;environnement<\/h3>\n<ul>\n<li>La conception HW3P de Babcock Wanson assure une parfaite ad\u00e9quation entre le corps de chaudi\u00e8re et le br\u00fbleur pour une utilisation efficace du combustible, une maintenance simple et le respect des normes d&rsquo;\u00e9mission<\/li>\n<li>La conception du br\u00fbleur et de la chaudi\u00e8re assure un fonctionnement \u00e0 faible taux de NOx<\/li>\n<\/ul>\n<h3>Gamme compl\u00e8te d&rsquo;\u00e9quipements auxiliaires<\/h3>\n<ul>\n<li>Br\u00fbleurs Babcock Wanson<\/li>\n<li>Designs de paquets sur mesure<\/li>\n<li>\u00c9quipements de pressurisation<\/li>\n<li>Vannes et commandes<\/li>\n<li>Accessoires du syst\u00e8me et \u00e9changeurs de chaleur<\/li>\n<\/ul>\n<h3>Gamme compl\u00e8te de services<\/h3>\n<ul>\n<li>Conception du syst\u00e8me et gestion de projet<\/li>\n<li>Service d&rsquo;installation et de tuyauterie<\/li>\n<li>Sets de pressurisation du syst\u00e8me<\/li>\n<li>Approvisionnement et mise en service<\/li>\n<li>Maintenance et service apr\u00e8s-vente complet<\/li>\n<\/ul>\n<\/div>\n<p><!-- .vgblk-rw-wrapper --><\/p>\n","protected":false},"excerpt":{"rendered":"<p><strong>De 1.1 \u00e0 10.5 MW<\/strong><br \/>\nLa <a href=\"https:\/\/www.babcock-wanson.com\/fr\/categorie-produit\/chaudieres-eau-chaude\/\" target=\"_blank\" rel=\"noopener\">chaudi\u00e8re eau chaude<\/a> HW3P est une chaudi\u00e8re 3 parcours con\u00e7ue pour fonctionner au gaz naturel, au GPL, au mazout l\u00e9ger et \u00e0 une vari\u00e9t\u00e9 de biocarburants sp\u00e9cialis\u00e9s. La configuration robuste et \u00e9prouv\u00e9e de la chaudi\u00e8re HW3-P garantit des performances fiables pour toutes les applications de chauffage industriel.<\/p>\n<p>HW3P est \u00e9quip\u00e9 de br\u00fbleurs sp\u00e9cialement pens\u00e9s pour un fonctionnement \u00e0 faible taux d&rsquo;oxydes d&rsquo;azote, tout en offrant un rendement \u00e9lev\u00e9 et donc de tr\u00e8s faibles \u00e9missions globales.<\/p>\n<p>La chaudi\u00e8re HW3P de Babcock Wanson fournit une temp\u00e9rature de sortie d&rsquo;eau maximale de 106 \u00b0C et est \u00e9quip\u00e9e d&rsquo;un br\u00fbleur enti\u00e8rement modulant pour s&rsquo;adapter \u00e0 la charge du process et permettre un contr\u00f4le tr\u00e8s pr\u00e9cis de la temp\u00e9rature de l&rsquo;eau.<\/p>\n","protected":false},"featured_media":23558,"comment_status":"closed","ping_status":"closed","template":"","meta":{"_acf_changed":false,"_relevanssi_hide_post":"","_relevanssi_hide_content":"","_relevanssi_pin_for_all":"","_relevanssi_pin_keywords":"","_relevanssi_unpin_keywords":"","_relevanssi_related_keywords":"","_relevanssi_related_include_ids":"","_relevanssi_related_exclude_ids":"","_relevanssi_related_no_append":"","_relevanssi_related_not_related":"","_relevanssi_related_posts":"","_relevanssi_noindex_reason":""},"product_brand":[],"product_cat":[2654],"product_tag":[],"class_list":{"0":"post-23555","1":"product","2":"type-product","3":"status-publish","4":"has-post-thumbnail","6":"product_cat-chaudieres-eau-chaude","8":"first","9":"instock","10":"shipping-taxable","11":"product-type-simple"},"acf":[],"yoast_head":"<!-- This site is optimized with the Yoast SEO Premium plugin v27.1 (Yoast SEO v27.1.1) - https:\/\/yoast.com\/product\/yoast-seo-premium-wordpress\/ -->\n<title>S\u00e9rie HW3P - Chaudi\u00e8re Industrielle Eau Chaude - Babcock Wanson<\/title>\n<meta name=\"description\" content=\"La chaudi\u00e8re \u00e0 eau chaude HW3P est un appareil de chauffage complet \u00e0 3 passages con\u00e7u pour fonctionner au gaz naturel, au GPL, au fioul l\u00e9ger et autres biocarburants sp\u00e9cialis\u00e9s.\" \/>\n<meta name=\"robots\" content=\"index, follow, max-snippet:-1, max-image-preview:large, max-video-preview:-1\" \/>\n<link rel=\"canonical\" href=\"https:\/\/www.babcock-wanson.com\/fr\/produits\/chaudieres-eau-chaude\/hw3p\/\" \/>\n<meta property=\"og:locale\" content=\"fr_FR\" \/>\n<meta property=\"og:type\" content=\"article\" \/>\n<meta property=\"og:title\" content=\"HW3P\" \/>\n<meta property=\"og:description\" content=\"La chaudi\u00e8re \u00e0 eau chaude HW3P est un appareil de chauffage complet \u00e0 3 passages con\u00e7u pour fonctionner au gaz naturel, au GPL, au fioul l\u00e9ger et autres biocarburants sp\u00e9cialis\u00e9s.\" \/>\n<meta property=\"og:url\" content=\"https:\/\/www.babcock-wanson.com\/fr\/produits\/chaudieres-eau-chaude\/hw3p\/\" \/>\n<meta property=\"og:site_name\" content=\"Babcock Wanson\" \/>\n<meta property=\"article:modified_time\" content=\"2021-11-08T16:31:33+00:00\" \/>\n<meta property=\"og:image\" content=\"https:\/\/www.babcock-wanson.com\/wp-content\/uploads\/2018\/08\/hw3p-1.jpg\" \/>\n\t<meta property=\"og:image:width\" content=\"600\" \/>\n\t<meta property=\"og:image:height\" content=\"400\" \/>\n\t<meta property=\"og:image:type\" content=\"image\/jpeg\" \/>\n<meta name=\"twitter:card\" content=\"summary_large_image\" \/>\n<meta name=\"twitter:label1\" content=\"Est. reading time\" \/>\n\t<meta name=\"twitter:data1\" content=\"2 minutes\" \/>\n<script type=\"application\/ld+json\" class=\"yoast-schema-graph\">{\"@context\":\"https:\/\/schema.org\",\"@graph\":[{\"@type\":\"WebPage\",\"@id\":\"https:\/\/www.babcock-wanson.com\/fr\/produits\/chaudieres-eau-chaude\/hw3p\/\",\"url\":\"https:\/\/www.babcock-wanson.com\/fr\/produits\/chaudieres-eau-chaude\/hw3p\/\",\"name\":\"S\u00e9rie HW3P - Chaudi\u00e8re Industrielle Eau Chaude - Babcock Wanson\",\"isPartOf\":{\"@id\":\"https:\/\/www.babcock-wanson.com\/fr\/#website\"},\"primaryImageOfPage\":{\"@id\":\"https:\/\/www.babcock-wanson.com\/fr\/produits\/chaudieres-eau-chaude\/hw3p\/#primaryimage\"},\"image\":{\"@id\":\"https:\/\/www.babcock-wanson.com\/fr\/produits\/chaudieres-eau-chaude\/hw3p\/#primaryimage\"},\"thumbnailUrl\":\"https:\/\/www.babcock-wanson.com\/wp-content\/uploads\/2018\/08\/hw3p-1.jpg\",\"datePublished\":\"2018-08-15T10:34:39+00:00\",\"dateModified\":\"2021-11-08T16:31:33+00:00\",\"description\":\"La chaudi\u00e8re \u00e0 eau chaude HW3P est un appareil de chauffage complet \u00e0 3 passages con\u00e7u pour fonctionner au gaz naturel, au GPL, au fioul l\u00e9ger et autres biocarburants sp\u00e9cialis\u00e9s.\",\"breadcrumb\":{\"@id\":\"https:\/\/www.babcock-wanson.com\/fr\/produits\/chaudieres-eau-chaude\/hw3p\/#breadcrumb\"},\"inLanguage\":\"fr-FR\",\"potentialAction\":[{\"@type\":\"ReadAction\",\"target\":[\"https:\/\/www.babcock-wanson.com\/fr\/produits\/chaudieres-eau-chaude\/hw3p\/\"]}]},{\"@type\":\"ImageObject\",\"inLanguage\":\"fr-FR\",\"@id\":\"https:\/\/www.babcock-wanson.com\/fr\/produits\/chaudieres-eau-chaude\/hw3p\/#primaryimage\",\"url\":\"https:\/\/www.babcock-wanson.com\/wp-content\/uploads\/2018\/08\/hw3p-1.jpg\",\"contentUrl\":\"https:\/\/www.babcock-wanson.com\/wp-content\/uploads\/2018\/08\/hw3p-1.jpg\",\"width\":600,\"height\":400,\"caption\":\"hw3p\"},{\"@type\":\"BreadcrumbList\",\"@id\":\"https:\/\/www.babcock-wanson.com\/fr\/produits\/chaudieres-eau-chaude\/hw3p\/#breadcrumb\",\"itemListElement\":[{\"@type\":\"ListItem\",\"position\":1,\"name\":\"Accueil\",\"item\":\"https:\/\/www.babcock-wanson.com\/fr\/\"},{\"@type\":\"ListItem\",\"position\":2,\"name\":\"Produits\",\"item\":\"https:\/\/www.babcock-wanson.com\/fr\/shop\/\"},{\"@type\":\"ListItem\",\"position\":3,\"name\":\"Chaudi\u00e8res eau chaude\",\"item\":\"https:\/\/www.babcock-wanson.com\/fr\/categorie-produit\/chaudieres-eau-chaude\/\"},{\"@type\":\"ListItem\",\"position\":4,\"name\":\"HW3P\"}]},{\"@type\":\"WebSite\",\"@id\":\"https:\/\/www.babcock-wanson.com\/fr\/#website\",\"url\":\"https:\/\/www.babcock-wanson.com\/fr\/\",\"name\":\"Babcock Wanson\",\"description\":\"\",\"publisher\":{\"@id\":\"https:\/\/www.babcock-wanson.com\/fr\/#organization\"},\"potentialAction\":[{\"@type\":\"SearchAction\",\"target\":{\"@type\":\"EntryPoint\",\"urlTemplate\":\"https:\/\/www.babcock-wanson.com\/fr\/?s={search_term_string}\"},\"query-input\":{\"@type\":\"PropertyValueSpecification\",\"valueRequired\":true,\"valueName\":\"search_term_string\"}}],\"inLanguage\":\"fr-FR\"},{\"@type\":\"Organization\",\"@id\":\"https:\/\/www.babcock-wanson.com\/fr\/#organization\",\"name\":\"Babcock Wanson\",\"url\":\"https:\/\/www.babcock-wanson.com\/fr\/\",\"logo\":{\"@type\":\"ImageObject\",\"inLanguage\":\"fr-FR\",\"@id\":\"https:\/\/www.babcock-wanson.com\/fr\/#\/schema\/logo\/image\/\",\"url\":\"https:\/\/www.babcock-wanson.com\/wp-content\/uploads\/2024\/02\/Babcock-Wanson-1200x1200-1.png\",\"contentUrl\":\"https:\/\/www.babcock-wanson.com\/wp-content\/uploads\/2024\/02\/Babcock-Wanson-1200x1200-1.png\",\"width\":1200,\"height\":1200,\"caption\":\"Babcock Wanson\"},\"image\":{\"@id\":\"https:\/\/www.babcock-wanson.com\/fr\/#\/schema\/logo\/image\/\"},\"sameAs\":[\"https:\/\/www.linkedin.com\/company\/babcock-wanson\/\",\"https:\/\/www.youtube.com\/channel\/UCtxl25VieBBsP2kYmtlyv7A\"]}]}<\/script>\n<!-- \/ Yoast SEO Premium plugin. -->","yoast_head_json":{"title":"S\u00e9rie HW3P - Chaudi\u00e8re Industrielle Eau Chaude - Babcock Wanson","description":"La chaudi\u00e8re \u00e0 eau chaude HW3P est un appareil de chauffage complet \u00e0 3 passages con\u00e7u pour fonctionner au gaz naturel, au GPL, au fioul l\u00e9ger et autres biocarburants sp\u00e9cialis\u00e9s.","robots":{"index":"index","follow":"follow","max-snippet":"max-snippet:-1","max-image-preview":"max-image-preview:large","max-video-preview":"max-video-preview:-1"},"canonical":"https:\/\/www.babcock-wanson.com\/fr\/produits\/chaudieres-eau-chaude\/hw3p\/","og_locale":"fr_FR","og_type":"article","og_title":"HW3P","og_description":"La chaudi\u00e8re \u00e0 eau chaude HW3P est un appareil de chauffage complet \u00e0 3 passages con\u00e7u pour fonctionner au gaz naturel, au GPL, au fioul l\u00e9ger et autres biocarburants sp\u00e9cialis\u00e9s.","og_url":"https:\/\/www.babcock-wanson.com\/fr\/produits\/chaudieres-eau-chaude\/hw3p\/","og_site_name":"Babcock Wanson","article_modified_time":"2021-11-08T16:31:33+00:00","og_image":[{"width":600,"height":400,"url":"https:\/\/www.babcock-wanson.com\/wp-content\/uploads\/2018\/08\/hw3p-1.jpg","type":"image\/jpeg"}],"twitter_card":"summary_large_image","twitter_misc":{"Est. reading time":"2 minutes"},"schema":{"@context":"https:\/\/schema.org","@graph":[{"@type":"WebPage","@id":"https:\/\/www.babcock-wanson.com\/fr\/produits\/chaudieres-eau-chaude\/hw3p\/","url":"https:\/\/www.babcock-wanson.com\/fr\/produits\/chaudieres-eau-chaude\/hw3p\/","name":"S\u00e9rie HW3P - Chaudi\u00e8re Industrielle Eau Chaude - Babcock Wanson","isPartOf":{"@id":"https:\/\/www.babcock-wanson.com\/fr\/#website"},"primaryImageOfPage":{"@id":"https:\/\/www.babcock-wanson.com\/fr\/produits\/chaudieres-eau-chaude\/hw3p\/#primaryimage"},"image":{"@id":"https:\/\/www.babcock-wanson.com\/fr\/produits\/chaudieres-eau-chaude\/hw3p\/#primaryimage"},"thumbnailUrl":"https:\/\/www.babcock-wanson.com\/wp-content\/uploads\/2018\/08\/hw3p-1.jpg","datePublished":"2018-08-15T10:34:39+00:00","dateModified":"2021-11-08T16:31:33+00:00","description":"La chaudi\u00e8re \u00e0 eau chaude HW3P est un appareil de chauffage complet \u00e0 3 passages con\u00e7u pour fonctionner au gaz naturel, au GPL, au fioul l\u00e9ger et autres biocarburants sp\u00e9cialis\u00e9s.","breadcrumb":{"@id":"https:\/\/www.babcock-wanson.com\/fr\/produits\/chaudieres-eau-chaude\/hw3p\/#breadcrumb"},"inLanguage":"fr-FR","potentialAction":[{"@type":"ReadAction","target":["https:\/\/www.babcock-wanson.com\/fr\/produits\/chaudieres-eau-chaude\/hw3p\/"]}]},{"@type":"ImageObject","inLanguage":"fr-FR","@id":"https:\/\/www.babcock-wanson.com\/fr\/produits\/chaudieres-eau-chaude\/hw3p\/#primaryimage","url":"https:\/\/www.babcock-wanson.com\/wp-content\/uploads\/2018\/08\/hw3p-1.jpg","contentUrl":"https:\/\/www.babcock-wanson.com\/wp-content\/uploads\/2018\/08\/hw3p-1.jpg","width":600,"height":400,"caption":"hw3p"},{"@type":"BreadcrumbList","@id":"https:\/\/www.babcock-wanson.com\/fr\/produits\/chaudieres-eau-chaude\/hw3p\/#breadcrumb","itemListElement":[{"@type":"ListItem","position":1,"name":"Accueil","item":"https:\/\/www.babcock-wanson.com\/fr\/"},{"@type":"ListItem","position":2,"name":"Produits","item":"https:\/\/www.babcock-wanson.com\/fr\/shop\/"},{"@type":"ListItem","position":3,"name":"Chaudi\u00e8res eau chaude","item":"https:\/\/www.babcock-wanson.com\/fr\/categorie-produit\/chaudieres-eau-chaude\/"},{"@type":"ListItem","position":4,"name":"HW3P"}]},{"@type":"WebSite","@id":"https:\/\/www.babcock-wanson.com\/fr\/#website","url":"https:\/\/www.babcock-wanson.com\/fr\/","name":"Babcock Wanson","description":"","publisher":{"@id":"https:\/\/www.babcock-wanson.com\/fr\/#organization"},"potentialAction":[{"@type":"SearchAction","target":{"@type":"EntryPoint","urlTemplate":"https:\/\/www.babcock-wanson.com\/fr\/?s={search_term_string}"},"query-input":{"@type":"PropertyValueSpecification","valueRequired":true,"valueName":"search_term_string"}}],"inLanguage":"fr-FR"},{"@type":"Organization","@id":"https:\/\/www.babcock-wanson.com\/fr\/#organization","name":"Babcock Wanson","url":"https:\/\/www.babcock-wanson.com\/fr\/","logo":{"@type":"ImageObject","inLanguage":"fr-FR","@id":"https:\/\/www.babcock-wanson.com\/fr\/#\/schema\/logo\/image\/","url":"https:\/\/www.babcock-wanson.com\/wp-content\/uploads\/2024\/02\/Babcock-Wanson-1200x1200-1.png","contentUrl":"https:\/\/www.babcock-wanson.com\/wp-content\/uploads\/2024\/02\/Babcock-Wanson-1200x1200-1.png","width":1200,"height":1200,"caption":"Babcock Wanson"},"image":{"@id":"https:\/\/www.babcock-wanson.com\/fr\/#\/schema\/logo\/image\/"},"sameAs":["https:\/\/www.linkedin.com\/company\/babcock-wanson\/","https:\/\/www.youtube.com\/channel\/UCtxl25VieBBsP2kYmtlyv7A"]}]}},"jetpack_sharing_enabled":true,"_links":{"self":[{"href":"https:\/\/www.babcock-wanson.com\/fr\/wp-json\/wp\/v2\/product\/23555","targetHints":{"allow":["GET"]}}],"collection":[{"href":"https:\/\/www.babcock-wanson.com\/fr\/wp-json\/wp\/v2\/product"}],"about":[{"href":"https:\/\/www.babcock-wanson.com\/fr\/wp-json\/wp\/v2\/types\/product"}],"replies":[{"embeddable":true,"href":"https:\/\/www.babcock-wanson.com\/fr\/wp-json\/wp\/v2\/comments?post=23555"}],"wp:featuredmedia":[{"embeddable":true,"href":"https:\/\/www.babcock-wanson.com\/fr\/wp-json\/wp\/v2\/media\/23558"}],"wp:attachment":[{"href":"https:\/\/www.babcock-wanson.com\/fr\/wp-json\/wp\/v2\/media?parent=23555"}],"wp:term":[{"taxonomy":"product_brand","embeddable":true,"href":"https:\/\/www.babcock-wanson.com\/fr\/wp-json\/wp\/v2\/product_brand?post=23555"},{"taxonomy":"product_cat","embeddable":true,"href":"https:\/\/www.babcock-wanson.com\/fr\/wp-json\/wp\/v2\/product_cat?post=23555"},{"taxonomy":"product_tag","embeddable":true,"href":"https:\/\/www.babcock-wanson.com\/fr\/wp-json\/wp\/v2\/product_tag?post=23555"}],"curies":[{"name":"wp","href":"https:\/\/api.w.org\/{rel}","templated":true}]}}