{"id":23559,"date":"2018-08-15T11:40:28","date_gmt":"2018-08-15T10:40:28","guid":{"rendered":"https:\/\/www.babcock-wanson.com\/products\/non%20class\u00e9\/htv-n-rechauffeur-indirect-dair-de-procedes\/"},"modified":"2021-11-08T00:27:11","modified_gmt":"2021-11-08T00:27:11","slug":"htv-n-rechauffeur-indirect-dair-de-procedes","status":"publish","type":"product","link":"https:\/\/www.babcock-wanson.com\/fr\/produits\/chauffage-de-procedes-et-locaux\/htv-n-rechauffeur-indirect-dair-de-procedes\/","title":{"rendered":"HTV-N R\u00e9chauffeur indirect d&rsquo;air de proc\u00e9d\u00e9s"},"content":{"rendered":"<div class=\"vgblk-rw-wrapper limit-wrapper\">\n<h3>Usages courants<\/h3>\n<ul>\n<li>S\u00e9chage du tabac<\/li>\n<li>S\u00e9chage du lait<\/li>\n<li>S\u00e9chage au sel<\/li>\n<li>Process chimique<\/li>\n<li>Transformation des aliments<\/li>\n<li>Fabrication d&rsquo;engrais<\/li>\n<li>Fabrication de papier<\/li>\n<li>Production d&rsquo;amidon<\/li>\n<li>Production de gomme arabique<\/li>\n<\/ul>\n<h3>Caract\u00e9ristiques principales<\/h3>\n<p>HTV-N est la solution id\u00e9ale pour les applications n\u00e9cessitant de l&rsquo;air \u00e0 haute temp\u00e9rature. L\u2019absence de contact direct entre l&rsquo;air de process et les produits de combustion fait de la HTV-N une solution particuli\u00e8rement adapt\u00e9e aux applications o\u00f9 un flux fixe d&rsquo;air chauff\u00e9 propre est requis. Un br\u00fbleur enti\u00e8rement modulant permet un contr\u00f4le pr\u00e9cis de la temp\u00e9rature de soufflage de l&rsquo;air de process.<\/p>\n<p>HTV-N peut \u00eatre con\u00e7u avec un taux \u00e9lev\u00e9 de recirculation de l&rsquo;air de process. Cette option peut r\u00e9duire consid\u00e9rablement la consommation globale d&rsquo;\u00e9nergie.<\/p>\n<p>HTV-N peut \u00e9galement \u00eatre adapt\u00e9 pour les flux d&rsquo;air de process \u00e0 tr\u00e8s forte teneur en humidit\u00e9 ou \u00e0 vapeur d&rsquo;eau.<\/p>\n<h3>Flexibilit\u00e9<\/h3>\n<ul>\n<li>Des options de d\u00e9rivation d&rsquo;air sont disponibles (by pass)<\/li>\n<li>Constructions pour fonctionnement horizontal ou vertical<\/li>\n<\/ul>\n<h3>Avantages du HTV-N<\/h3>\n<ul>\n<li>Fonctionnement simple et efficace<\/li>\n<li>Configuration verticale ou horizontale<\/li>\n<li>Pas de fluide interm\u00e9diaire<\/li>\n<li>Pas besoin d&rsquo;un r\u00e9seau de vapeur sous pression<\/li>\n<li>Pas de <a href=\"https:\/\/www.babcock-wanson.com\/fr\/categorie-produit\/traitement-de-leau\/\" target=\"_blank\" rel=\"noopener\">traitement de l&rsquo;eau<\/a> ni d&rsquo;exigences en mati\u00e8re d&rsquo;effluents<\/li>\n<li>Exigences minimales en mati\u00e8re d&rsquo;inspection et d&rsquo;entretien<\/li>\n<li>Fabriqu\u00e9 en acier carbone ou en acier inoxydable selon les sp\u00e9cifications les plus strictes<\/li>\n<\/ul>\n<h3>Rendement \u00e9lev\u00e9<\/h3>\n<ul>\n<li>Commande de br\u00fbleur enti\u00e8rement modulante<\/li>\n<li>Disponible avec recirculation d&rsquo;air chauff\u00e9<\/li>\n<li>Rendement de 90 % en standard avec \u00e9conomiseur en options<\/li>\n<li>Faibles \u00e9missions conform\u00e9ment aux normes europ\u00e9ennes actuelles et \u00e0 venir<\/li>\n<\/ul>\n<\/div>\n<p><!-- .vgblk-rw-wrapper --><\/p>\n","protected":false},"excerpt":{"rendered":"<p><b>De 90 kW \u00e0 7 MW<\/b><br \/>\nConstruits en acier carbone ou en acier inoxydable selon les sp\u00e9cifications les plus strictes, les <a href=\"https:\/\/www.babcock-wanson.com\/fr\/categorie-produit\/chauffage-de-procedes-et-locaux\/\" target=\"_blank\" rel=\"noopener\">g\u00e9n\u00e9rateurs d\u2019air chaud<\/a> indirect HTV-N fournissent de l&rsquo;air chaud propre \u00e0 une temp\u00e9rature pouvant atteindre 350\u00b0C. Les appareils sont \u00e9quip\u00e9s de portes d&rsquo;inspection et de nettoyage, de purgeurs de condensats et de joints \u00e9tanches. Lorsque le process l&rsquo;exige, des proc\u00e9d\u00e9s de soudage sp\u00e9cifiques sont mise en oeuvre pour garantir la qualit\u00e9 d\u2019air chaud requise.<\/p>\n<p>Le HTV-N est livr\u00e9 complet avec un br\u00fbleur enti\u00e8rement adapt\u00e9 pour la combustion au gaz ou au fioul et un <a href=\"https:\/\/www.babcock-wanson.com\/fr\/produits\/chaudieres-de-recuperation\/economiseur\/\" target=\"_blank\" rel=\"noopener\">\u00e9conomiseur<\/a> en option pour un fonctionnement \u00e0 tr\u00e8s haut rendement. Le br\u00fbleur modulant permet un contr\u00f4le pr\u00e9cis de la temp\u00e9rature de soufflage de l&rsquo;air de process.<\/p>\n<p>Tous les g\u00e9n\u00e9rateurs d\u2019air chaud indirect HTV-N sont construits sur mesure pour r\u00e9pondre aux exigences sp\u00e9cifiques de chaque installation. Le d\u00e9bit d&rsquo;air de process est compris entre 1.000 et 100.000 kg\/h avec une temp\u00e9rature de soufflage jusqu&rsquo;\u00e0 350\u00b0C.<\/p>\n<p>Les g\u00e9n\u00e9rateurs d\u2019air chaud HTV-N simplifient et r\u00e9duisent le co\u00fbt total d&rsquo;installation et de fonctionnement par rapport aux m\u00e9thodes traditionnelles de chauffage indirect. Lors de la planification de nouvelles installations, le faible encombrement et la facilit\u00e9 d&rsquo;utilisation r\u00e9duisent consid\u00e9rablement les co\u00fbts globaux et les besoins ordinaires de maintenance op\u00e9rationnelle.<\/p>\n","protected":false},"featured_media":23040,"comment_status":"closed","ping_status":"closed","template":"","meta":{"_acf_changed":false,"_relevanssi_hide_post":"","_relevanssi_hide_content":"","_relevanssi_pin_for_all":"","_relevanssi_pin_keywords":"","_relevanssi_unpin_keywords":"","_relevanssi_related_keywords":"","_relevanssi_related_include_ids":"","_relevanssi_related_exclude_ids":"","_relevanssi_related_no_append":"","_relevanssi_related_not_related":"","_relevanssi_related_posts":"","_relevanssi_noindex_reason":""},"product_brand":[],"product_cat":[2655],"product_tag":[],"class_list":{"0":"post-23559","1":"product","2":"type-product","3":"status-publish","4":"has-post-thumbnail","6":"product_cat-chauffage-de-procedes-et-locaux","8":"first","9":"instock","10":"shipping-taxable","11":"product-type-simple"},"acf":[],"yoast_head":"<!-- This site is optimized with the Yoast SEO Premium plugin v27.4 (Yoast SEO v27.4) - https:\/\/yoast.com\/product\/yoast-seo-premium-wordpress\/ -->\n<title>R\u00e9chauffeur indirect air de proc\u00e9d\u00e9s HTV-N - Babcock Wanson<\/title>\n<meta name=\"description\" content=\"L&#039;utilisation du r\u00e9chauffeur d&#039;air indirect HTV-N peut simplifier une installation globale pour la production d&#039;air chaud de traitement et peut r\u00e9duire consid\u00e9rablement les co\u00fbts de fonctionnement. Cliquez ici pour en savoir plus\" \/>\n<meta name=\"robots\" content=\"index, follow, max-snippet:-1, max-image-preview:large, max-video-preview:-1\" \/>\n<link rel=\"canonical\" href=\"https:\/\/www.babcock-wanson.com\/fr\/produits\/chauffage-de-procedes-et-locaux\/htv-n-rechauffeur-indirect-dair-de-procedes\/\" \/>\n<meta property=\"og:locale\" content=\"fr_FR\" \/>\n<meta property=\"og:type\" content=\"article\" \/>\n<meta property=\"og:title\" content=\"HTV-N R\u00e9chauffeur indirect d&#039;air de proc\u00e9d\u00e9s\" \/>\n<meta property=\"og:description\" content=\"L&#039;utilisation du r\u00e9chauffeur d&#039;air indirect HTV-N peut simplifier une installation globale pour la production d&#039;air chaud de traitement et peut r\u00e9duire consid\u00e9rablement les co\u00fbts de fonctionnement. Cliquez ici pour en savoir plus\" \/>\n<meta property=\"og:url\" content=\"https:\/\/www.babcock-wanson.com\/fr\/produits\/chauffage-de-procedes-et-locaux\/htv-n-rechauffeur-indirect-dair-de-procedes\/\" \/>\n<meta property=\"og:site_name\" content=\"Babcock Wanson\" \/>\n<meta property=\"article:modified_time\" content=\"2021-11-08T00:27:11+00:00\" \/>\n<meta property=\"og:image\" content=\"https:\/\/www.babcock-wanson.com\/wp-content\/uploads\/2018\/08\/HTV-Indirect-Process-Air-Heaters-3.jpg\" \/>\n\t<meta property=\"og:image:width\" content=\"600\" \/>\n\t<meta property=\"og:image:height\" content=\"400\" \/>\n\t<meta property=\"og:image:type\" content=\"image\/jpeg\" \/>\n<meta name=\"twitter:card\" content=\"summary_large_image\" \/>\n<meta name=\"twitter:label1\" content=\"Est. reading time\" \/>\n\t<meta name=\"twitter:data1\" content=\"2 minutes\" \/>\n<script type=\"application\/ld+json\" class=\"yoast-schema-graph\">{\"@context\":\"https:\\\/\\\/schema.org\",\"@graph\":[{\"@type\":\"WebPage\",\"@id\":\"https:\\\/\\\/www.babcock-wanson.com\\\/fr\\\/produits\\\/chauffage-de-procedes-et-locaux\\\/htv-n-rechauffeur-indirect-dair-de-procedes\\\/\",\"url\":\"https:\\\/\\\/www.babcock-wanson.com\\\/fr\\\/produits\\\/chauffage-de-procedes-et-locaux\\\/htv-n-rechauffeur-indirect-dair-de-procedes\\\/\",\"name\":\"R\u00e9chauffeur indirect air de proc\u00e9d\u00e9s HTV-N - Babcock Wanson\",\"isPartOf\":{\"@id\":\"https:\\\/\\\/www.babcock-wanson.com\\\/fr\\\/#website\"},\"primaryImageOfPage\":{\"@id\":\"https:\\\/\\\/www.babcock-wanson.com\\\/fr\\\/produits\\\/chauffage-de-procedes-et-locaux\\\/htv-n-rechauffeur-indirect-dair-de-procedes\\\/#primaryimage\"},\"image\":{\"@id\":\"https:\\\/\\\/www.babcock-wanson.com\\\/fr\\\/produits\\\/chauffage-de-procedes-et-locaux\\\/htv-n-rechauffeur-indirect-dair-de-procedes\\\/#primaryimage\"},\"thumbnailUrl\":\"https:\\\/\\\/www.babcock-wanson.com\\\/wp-content\\\/uploads\\\/2018\\\/08\\\/HTV-Indirect-Process-Air-Heaters-3.jpg\",\"datePublished\":\"2018-08-15T10:40:28+00:00\",\"dateModified\":\"2021-11-08T00:27:11+00:00\",\"description\":\"L'utilisation du r\u00e9chauffeur d'air indirect HTV-N peut simplifier une installation globale pour la production d'air chaud de traitement et peut r\u00e9duire consid\u00e9rablement les co\u00fbts de fonctionnement. Cliquez ici pour en savoir plus\",\"breadcrumb\":{\"@id\":\"https:\\\/\\\/www.babcock-wanson.com\\\/fr\\\/produits\\\/chauffage-de-procedes-et-locaux\\\/htv-n-rechauffeur-indirect-dair-de-procedes\\\/#breadcrumb\"},\"inLanguage\":\"fr-FR\",\"potentialAction\":[{\"@type\":\"ReadAction\",\"target\":[\"https:\\\/\\\/www.babcock-wanson.com\\\/fr\\\/produits\\\/chauffage-de-procedes-et-locaux\\\/htv-n-rechauffeur-indirect-dair-de-procedes\\\/\"]}]},{\"@type\":\"ImageObject\",\"inLanguage\":\"fr-FR\",\"@id\":\"https:\\\/\\\/www.babcock-wanson.com\\\/fr\\\/produits\\\/chauffage-de-procedes-et-locaux\\\/htv-n-rechauffeur-indirect-dair-de-procedes\\\/#primaryimage\",\"url\":\"https:\\\/\\\/www.babcock-wanson.com\\\/wp-content\\\/uploads\\\/2018\\\/08\\\/HTV-Indirect-Process-Air-Heaters-3.jpg\",\"contentUrl\":\"https:\\\/\\\/www.babcock-wanson.com\\\/wp-content\\\/uploads\\\/2018\\\/08\\\/HTV-Indirect-Process-Air-Heaters-3.jpg\",\"width\":600,\"height\":400,\"caption\":\"R\u00e9chauffeur indirect d'air de proc\u00e9d\u00e9s HTV-N\"},{\"@type\":\"BreadcrumbList\",\"@id\":\"https:\\\/\\\/www.babcock-wanson.com\\\/fr\\\/produits\\\/chauffage-de-procedes-et-locaux\\\/htv-n-rechauffeur-indirect-dair-de-procedes\\\/#breadcrumb\",\"itemListElement\":[{\"@type\":\"ListItem\",\"position\":1,\"name\":\"Accueil\",\"item\":\"https:\\\/\\\/www.babcock-wanson.com\\\/fr\\\/\"},{\"@type\":\"ListItem\",\"position\":2,\"name\":\"Produits\",\"item\":\"https:\\\/\\\/www.babcock-wanson.com\\\/fr\\\/shop\\\/\"},{\"@type\":\"ListItem\",\"position\":3,\"name\":\"Chauffage de proc\u00e9d\u00e9s et locaux\",\"item\":\"https:\\\/\\\/www.babcock-wanson.com\\\/fr\\\/categorie-produit\\\/chauffage-de-procedes-et-locaux\\\/\"},{\"@type\":\"ListItem\",\"position\":4,\"name\":\"HTV-N R\u00e9chauffeur indirect d&#8217;air de proc\u00e9d\u00e9s\"}]},{\"@type\":\"WebSite\",\"@id\":\"https:\\\/\\\/www.babcock-wanson.com\\\/fr\\\/#website\",\"url\":\"https:\\\/\\\/www.babcock-wanson.com\\\/fr\\\/\",\"name\":\"Babcock Wanson\",\"description\":\"\",\"publisher\":{\"@id\":\"https:\\\/\\\/www.babcock-wanson.com\\\/fr\\\/#organization\"},\"potentialAction\":[{\"@type\":\"SearchAction\",\"target\":{\"@type\":\"EntryPoint\",\"urlTemplate\":\"https:\\\/\\\/www.babcock-wanson.com\\\/fr\\\/?s={search_term_string}\"},\"query-input\":{\"@type\":\"PropertyValueSpecification\",\"valueRequired\":true,\"valueName\":\"search_term_string\"}}],\"inLanguage\":\"fr-FR\"},{\"@type\":\"Organization\",\"@id\":\"https:\\\/\\\/www.babcock-wanson.com\\\/fr\\\/#organization\",\"name\":\"Babcock Wanson\",\"url\":\"https:\\\/\\\/www.babcock-wanson.com\\\/fr\\\/\",\"logo\":{\"@type\":\"ImageObject\",\"inLanguage\":\"fr-FR\",\"@id\":\"https:\\\/\\\/www.babcock-wanson.com\\\/fr\\\/#\\\/schema\\\/logo\\\/image\\\/\",\"url\":\"https:\\\/\\\/www.babcock-wanson.com\\\/wp-content\\\/uploads\\\/2024\\\/02\\\/Babcock-Wanson-1200x1200-1.png\",\"contentUrl\":\"https:\\\/\\\/www.babcock-wanson.com\\\/wp-content\\\/uploads\\\/2024\\\/02\\\/Babcock-Wanson-1200x1200-1.png\",\"width\":1200,\"height\":1200,\"caption\":\"Babcock Wanson\"},\"image\":{\"@id\":\"https:\\\/\\\/www.babcock-wanson.com\\\/fr\\\/#\\\/schema\\\/logo\\\/image\\\/\"},\"sameAs\":[\"https:\\\/\\\/www.linkedin.com\\\/company\\\/babcock-wanson\\\/\",\"https:\\\/\\\/www.youtube.com\\\/channel\\\/UCtxl25VieBBsP2kYmtlyv7A\"]}]}<\/script>\n<!-- \/ Yoast SEO Premium plugin. -->","yoast_head_json":{"title":"R\u00e9chauffeur indirect air de proc\u00e9d\u00e9s HTV-N - Babcock Wanson","description":"L'utilisation du r\u00e9chauffeur d'air indirect HTV-N peut simplifier une installation globale pour la production d'air chaud de traitement et peut r\u00e9duire consid\u00e9rablement les co\u00fbts de fonctionnement. Cliquez ici pour en savoir plus","robots":{"index":"index","follow":"follow","max-snippet":"max-snippet:-1","max-image-preview":"max-image-preview:large","max-video-preview":"max-video-preview:-1"},"canonical":"https:\/\/www.babcock-wanson.com\/fr\/produits\/chauffage-de-procedes-et-locaux\/htv-n-rechauffeur-indirect-dair-de-procedes\/","og_locale":"fr_FR","og_type":"article","og_title":"HTV-N R\u00e9chauffeur indirect d'air de proc\u00e9d\u00e9s","og_description":"L'utilisation du r\u00e9chauffeur d'air indirect HTV-N peut simplifier une installation globale pour la production d'air chaud de traitement et peut r\u00e9duire consid\u00e9rablement les co\u00fbts de fonctionnement. Cliquez ici pour en savoir plus","og_url":"https:\/\/www.babcock-wanson.com\/fr\/produits\/chauffage-de-procedes-et-locaux\/htv-n-rechauffeur-indirect-dair-de-procedes\/","og_site_name":"Babcock Wanson","article_modified_time":"2021-11-08T00:27:11+00:00","og_image":[{"width":600,"height":400,"url":"https:\/\/www.babcock-wanson.com\/wp-content\/uploads\/2018\/08\/HTV-Indirect-Process-Air-Heaters-3.jpg","type":"image\/jpeg"}],"twitter_card":"summary_large_image","twitter_misc":{"Est. reading time":"2 minutes"},"schema":{"@context":"https:\/\/schema.org","@graph":[{"@type":"WebPage","@id":"https:\/\/www.babcock-wanson.com\/fr\/produits\/chauffage-de-procedes-et-locaux\/htv-n-rechauffeur-indirect-dair-de-procedes\/","url":"https:\/\/www.babcock-wanson.com\/fr\/produits\/chauffage-de-procedes-et-locaux\/htv-n-rechauffeur-indirect-dair-de-procedes\/","name":"R\u00e9chauffeur indirect air de proc\u00e9d\u00e9s HTV-N - Babcock Wanson","isPartOf":{"@id":"https:\/\/www.babcock-wanson.com\/fr\/#website"},"primaryImageOfPage":{"@id":"https:\/\/www.babcock-wanson.com\/fr\/produits\/chauffage-de-procedes-et-locaux\/htv-n-rechauffeur-indirect-dair-de-procedes\/#primaryimage"},"image":{"@id":"https:\/\/www.babcock-wanson.com\/fr\/produits\/chauffage-de-procedes-et-locaux\/htv-n-rechauffeur-indirect-dair-de-procedes\/#primaryimage"},"thumbnailUrl":"https:\/\/www.babcock-wanson.com\/wp-content\/uploads\/2018\/08\/HTV-Indirect-Process-Air-Heaters-3.jpg","datePublished":"2018-08-15T10:40:28+00:00","dateModified":"2021-11-08T00:27:11+00:00","description":"L'utilisation du r\u00e9chauffeur d'air indirect HTV-N peut simplifier une installation globale pour la production d'air chaud de traitement et peut r\u00e9duire consid\u00e9rablement les co\u00fbts de fonctionnement. Cliquez ici pour en savoir plus","breadcrumb":{"@id":"https:\/\/www.babcock-wanson.com\/fr\/produits\/chauffage-de-procedes-et-locaux\/htv-n-rechauffeur-indirect-dair-de-procedes\/#breadcrumb"},"inLanguage":"fr-FR","potentialAction":[{"@type":"ReadAction","target":["https:\/\/www.babcock-wanson.com\/fr\/produits\/chauffage-de-procedes-et-locaux\/htv-n-rechauffeur-indirect-dair-de-procedes\/"]}]},{"@type":"ImageObject","inLanguage":"fr-FR","@id":"https:\/\/www.babcock-wanson.com\/fr\/produits\/chauffage-de-procedes-et-locaux\/htv-n-rechauffeur-indirect-dair-de-procedes\/#primaryimage","url":"https:\/\/www.babcock-wanson.com\/wp-content\/uploads\/2018\/08\/HTV-Indirect-Process-Air-Heaters-3.jpg","contentUrl":"https:\/\/www.babcock-wanson.com\/wp-content\/uploads\/2018\/08\/HTV-Indirect-Process-Air-Heaters-3.jpg","width":600,"height":400,"caption":"R\u00e9chauffeur indirect d'air de proc\u00e9d\u00e9s HTV-N"},{"@type":"BreadcrumbList","@id":"https:\/\/www.babcock-wanson.com\/fr\/produits\/chauffage-de-procedes-et-locaux\/htv-n-rechauffeur-indirect-dair-de-procedes\/#breadcrumb","itemListElement":[{"@type":"ListItem","position":1,"name":"Accueil","item":"https:\/\/www.babcock-wanson.com\/fr\/"},{"@type":"ListItem","position":2,"name":"Produits","item":"https:\/\/www.babcock-wanson.com\/fr\/shop\/"},{"@type":"ListItem","position":3,"name":"Chauffage de proc\u00e9d\u00e9s et locaux","item":"https:\/\/www.babcock-wanson.com\/fr\/categorie-produit\/chauffage-de-procedes-et-locaux\/"},{"@type":"ListItem","position":4,"name":"HTV-N R\u00e9chauffeur indirect d&#8217;air de proc\u00e9d\u00e9s"}]},{"@type":"WebSite","@id":"https:\/\/www.babcock-wanson.com\/fr\/#website","url":"https:\/\/www.babcock-wanson.com\/fr\/","name":"Babcock Wanson","description":"","publisher":{"@id":"https:\/\/www.babcock-wanson.com\/fr\/#organization"},"potentialAction":[{"@type":"SearchAction","target":{"@type":"EntryPoint","urlTemplate":"https:\/\/www.babcock-wanson.com\/fr\/?s={search_term_string}"},"query-input":{"@type":"PropertyValueSpecification","valueRequired":true,"valueName":"search_term_string"}}],"inLanguage":"fr-FR"},{"@type":"Organization","@id":"https:\/\/www.babcock-wanson.com\/fr\/#organization","name":"Babcock Wanson","url":"https:\/\/www.babcock-wanson.com\/fr\/","logo":{"@type":"ImageObject","inLanguage":"fr-FR","@id":"https:\/\/www.babcock-wanson.com\/fr\/#\/schema\/logo\/image\/","url":"https:\/\/www.babcock-wanson.com\/wp-content\/uploads\/2024\/02\/Babcock-Wanson-1200x1200-1.png","contentUrl":"https:\/\/www.babcock-wanson.com\/wp-content\/uploads\/2024\/02\/Babcock-Wanson-1200x1200-1.png","width":1200,"height":1200,"caption":"Babcock Wanson"},"image":{"@id":"https:\/\/www.babcock-wanson.com\/fr\/#\/schema\/logo\/image\/"},"sameAs":["https:\/\/www.linkedin.com\/company\/babcock-wanson\/","https:\/\/www.youtube.com\/channel\/UCtxl25VieBBsP2kYmtlyv7A"]}]}},"jetpack_sharing_enabled":true,"_links":{"self":[{"href":"https:\/\/www.babcock-wanson.com\/fr\/wp-json\/wp\/v2\/product\/23559","targetHints":{"allow":["GET"]}}],"collection":[{"href":"https:\/\/www.babcock-wanson.com\/fr\/wp-json\/wp\/v2\/product"}],"about":[{"href":"https:\/\/www.babcock-wanson.com\/fr\/wp-json\/wp\/v2\/types\/product"}],"replies":[{"embeddable":true,"href":"https:\/\/www.babcock-wanson.com\/fr\/wp-json\/wp\/v2\/comments?post=23559"}],"wp:featuredmedia":[{"embeddable":true,"href":"https:\/\/www.babcock-wanson.com\/fr\/wp-json\/wp\/v2\/media\/23040"}],"wp:attachment":[{"href":"https:\/\/www.babcock-wanson.com\/fr\/wp-json\/wp\/v2\/media?parent=23559"}],"wp:term":[{"taxonomy":"product_brand","embeddable":true,"href":"https:\/\/www.babcock-wanson.com\/fr\/wp-json\/wp\/v2\/product_brand?post=23559"},{"taxonomy":"product_cat","embeddable":true,"href":"https:\/\/www.babcock-wanson.com\/fr\/wp-json\/wp\/v2\/product_cat?post=23559"},{"taxonomy":"product_tag","embeddable":true,"href":"https:\/\/www.babcock-wanson.com\/fr\/wp-json\/wp\/v2\/product_tag?post=23559"}],"curies":[{"name":"wp","href":"https:\/\/api.w.org\/{rel}","templated":true}]}}