{"id":23568,"date":"2018-10-23T14:57:28","date_gmt":"2018-10-23T13:57:28","guid":{"rendered":"https:\/\/www.babcock-wanson.com\/products\/non%20class\u00e9\/gasairbloc\/"},"modified":"2020-10-14T14:41:20","modified_gmt":"2020-10-14T13:41:20","slug":"gasairbloc","status":"publish","type":"product","link":"https:\/\/www.babcock-wanson.com\/fr\/produits\/chauffage-de-procedes-et-locaux\/gasairbloc\/","title":{"rendered":"GASAIRBLOC"},"content":{"rendered":"<div class=\"vgblk-rw-wrapper limit-wrapper\">\n<h3>Caract\u00e9ristiques du g\u00e9n\u00e9rateur d\u2019air chaud de type direct GASAIRBLOC<\/h3>\n<ul>\n<li>Construction robuste pour les environnements exigeants<\/li>\n<li>Temp\u00e9rature de soufflage \u00e9lev\u00e9e<\/li>\n<li>Chambre de combustion g\u00e9n\u00e9reuse pour le fonctionnement aux fiouls lourds<\/li>\n<li>Chauffage au gaz naturel ou au combustible liquide<\/li>\n<li>Convient \u00e0 une utilisation aux fiouls lourds<\/li>\n<\/ul>\n<\/div>\n<p><!-- .vgblk-rw-wrapper --><\/p>\n","protected":false},"excerpt":{"rendered":"<p><strong>Temp\u00e9rature de l&rsquo;air de process jusqu&rsquo;\u00e0 900\u00b0C<\/strong><\/p>\n<p>Le g\u00e9n\u00e9rateur d\u2019air chaud de type direct Gasairbloc de Babcock Wanson est adapt\u00e9 aux environnements industriels les plus rudes, y compris l&rsquo;industrie lourde et les sites poussi\u00e9reux, o\u00f9 longue dur\u00e9e de vie et facilit\u00e9 d&rsquo;utilisation sont les cl\u00e9s du succ\u00e8s.<\/p>\n<p>Il est aliment\u00e9 directement au gaz ou aux combustibles liquides \u00e0 l&rsquo;aide d&rsquo;un ventilateur d&rsquo;air de combustion ind\u00e9pendant qui permet d&rsquo;atteindre des temp\u00e9ratures de refoulement de l&rsquo;air allant jusqu&rsquo;\u00e0 1200\u00b0C.<\/p>\n","protected":false},"featured_media":23570,"comment_status":"closed","ping_status":"closed","template":"","meta":{"_acf_changed":false,"_relevanssi_hide_post":"","_relevanssi_hide_content":"","_relevanssi_pin_for_all":"","_relevanssi_pin_keywords":"","_relevanssi_unpin_keywords":"","_relevanssi_related_keywords":"","_relevanssi_related_include_ids":"","_relevanssi_related_exclude_ids":"","_relevanssi_related_no_append":"","_relevanssi_related_not_related":"","_relevanssi_related_posts":"","_relevanssi_noindex_reason":""},"product_brand":[],"product_cat":[2655],"product_tag":[],"class_list":{"0":"post-23568","1":"product","2":"type-product","3":"status-publish","4":"has-post-thumbnail","6":"product_cat-chauffage-de-procedes-et-locaux","8":"first","9":"instock","10":"shipping-taxable","11":"product-type-simple"},"acf":[],"yoast_head":"<!-- This site is optimized with the Yoast SEO Premium plugin v27.1 (Yoast SEO v27.1.1) - https:\/\/yoast.com\/product\/yoast-seo-premium-wordpress\/ -->\n<title>GASAIRBLOC - Le chauffage industriel pour les environnements difficiles - Babcock Wanson<\/title>\n<meta name=\"description\" content=\"Le r\u00e9chauffeur d&#039;air de proc\u00e9d\u00e9 de type direct Gasairbloc de Babcock Wanson est adapt\u00e9 aux environnements industriels les plus difficiles, y compris l&#039;industrie lourde et les sites poussi\u00e9reux.\" \/>\n<meta name=\"robots\" content=\"index, follow, max-snippet:-1, max-image-preview:large, max-video-preview:-1\" \/>\n<link rel=\"canonical\" href=\"https:\/\/www.babcock-wanson.com\/fr\/produits\/chauffage-de-procedes-et-locaux\/gasairbloc\/\" \/>\n<meta property=\"og:locale\" content=\"fr_FR\" \/>\n<meta property=\"og:type\" content=\"article\" \/>\n<meta property=\"og:title\" content=\"GASAIRBLOC\" \/>\n<meta property=\"og:description\" content=\"Le r\u00e9chauffeur d&#039;air de proc\u00e9d\u00e9 de type direct Gasairbloc de Babcock Wanson est adapt\u00e9 aux environnements industriels les plus difficiles, y compris l&#039;industrie lourde et les sites poussi\u00e9reux.\" \/>\n<meta property=\"og:url\" content=\"https:\/\/www.babcock-wanson.com\/fr\/produits\/chauffage-de-procedes-et-locaux\/gasairbloc\/\" \/>\n<meta property=\"og:site_name\" content=\"Babcock Wanson\" \/>\n<meta property=\"article:modified_time\" content=\"2020-10-14T13:41:20+00:00\" \/>\n<meta property=\"og:image\" content=\"https:\/\/www.babcock-wanson.com\/wp-content\/uploads\/2018\/10\/GASAIRBLOC-Direct-Fired-Process-Air-Heaters.png\" \/>\n\t<meta property=\"og:image:width\" content=\"600\" \/>\n\t<meta property=\"og:image:height\" content=\"400\" \/>\n\t<meta property=\"og:image:type\" content=\"image\/png\" \/>\n<meta name=\"twitter:card\" content=\"summary_large_image\" \/>\n<script type=\"application\/ld+json\" class=\"yoast-schema-graph\">{\"@context\":\"https:\/\/schema.org\",\"@graph\":[{\"@type\":\"WebPage\",\"@id\":\"https:\/\/www.babcock-wanson.com\/fr\/produits\/chauffage-de-procedes-et-locaux\/gasairbloc\/\",\"url\":\"https:\/\/www.babcock-wanson.com\/fr\/produits\/chauffage-de-procedes-et-locaux\/gasairbloc\/\",\"name\":\"GASAIRBLOC - Le chauffage industriel pour les environnements difficiles - Babcock Wanson\",\"isPartOf\":{\"@id\":\"https:\/\/www.babcock-wanson.com\/fr\/#website\"},\"primaryImageOfPage\":{\"@id\":\"https:\/\/www.babcock-wanson.com\/fr\/produits\/chauffage-de-procedes-et-locaux\/gasairbloc\/#primaryimage\"},\"image\":{\"@id\":\"https:\/\/www.babcock-wanson.com\/fr\/produits\/chauffage-de-procedes-et-locaux\/gasairbloc\/#primaryimage\"},\"thumbnailUrl\":\"https:\/\/www.babcock-wanson.com\/wp-content\/uploads\/2018\/10\/GASAIRBLOC-Direct-Fired-Process-Air-Heaters.png\",\"datePublished\":\"2018-10-23T13:57:28+00:00\",\"dateModified\":\"2020-10-14T13:41:20+00:00\",\"description\":\"Le r\u00e9chauffeur d'air de proc\u00e9d\u00e9 de type direct Gasairbloc de Babcock Wanson est adapt\u00e9 aux environnements industriels les plus difficiles, y compris l'industrie lourde et les sites poussi\u00e9reux.\",\"breadcrumb\":{\"@id\":\"https:\/\/www.babcock-wanson.com\/fr\/produits\/chauffage-de-procedes-et-locaux\/gasairbloc\/#breadcrumb\"},\"inLanguage\":\"fr-FR\",\"potentialAction\":[{\"@type\":\"ReadAction\",\"target\":[\"https:\/\/www.babcock-wanson.com\/fr\/produits\/chauffage-de-procedes-et-locaux\/gasairbloc\/\"]}]},{\"@type\":\"ImageObject\",\"inLanguage\":\"fr-FR\",\"@id\":\"https:\/\/www.babcock-wanson.com\/fr\/produits\/chauffage-de-procedes-et-locaux\/gasairbloc\/#primaryimage\",\"url\":\"https:\/\/www.babcock-wanson.com\/wp-content\/uploads\/2018\/10\/GASAIRBLOC-Direct-Fired-Process-Air-Heaters.png\",\"contentUrl\":\"https:\/\/www.babcock-wanson.com\/wp-content\/uploads\/2018\/10\/GASAIRBLOC-Direct-Fired-Process-Air-Heaters.png\",\"width\":600,\"height\":400,\"caption\":\"GASAIRBLOC G\u00e9n\u00e9rateur d\u2019air chaud direct\"},{\"@type\":\"BreadcrumbList\",\"@id\":\"https:\/\/www.babcock-wanson.com\/fr\/produits\/chauffage-de-procedes-et-locaux\/gasairbloc\/#breadcrumb\",\"itemListElement\":[{\"@type\":\"ListItem\",\"position\":1,\"name\":\"Accueil\",\"item\":\"https:\/\/www.babcock-wanson.com\/fr\/\"},{\"@type\":\"ListItem\",\"position\":2,\"name\":\"Produits\",\"item\":\"https:\/\/www.babcock-wanson.com\/fr\/shop\/\"},{\"@type\":\"ListItem\",\"position\":3,\"name\":\"Chauffage de proc\u00e9d\u00e9s et locaux\",\"item\":\"https:\/\/www.babcock-wanson.com\/fr\/categorie-produit\/chauffage-de-procedes-et-locaux\/\"},{\"@type\":\"ListItem\",\"position\":4,\"name\":\"GASAIRBLOC\"}]},{\"@type\":\"WebSite\",\"@id\":\"https:\/\/www.babcock-wanson.com\/fr\/#website\",\"url\":\"https:\/\/www.babcock-wanson.com\/fr\/\",\"name\":\"Babcock Wanson\",\"description\":\"\",\"publisher\":{\"@id\":\"https:\/\/www.babcock-wanson.com\/fr\/#organization\"},\"potentialAction\":[{\"@type\":\"SearchAction\",\"target\":{\"@type\":\"EntryPoint\",\"urlTemplate\":\"https:\/\/www.babcock-wanson.com\/fr\/?s={search_term_string}\"},\"query-input\":{\"@type\":\"PropertyValueSpecification\",\"valueRequired\":true,\"valueName\":\"search_term_string\"}}],\"inLanguage\":\"fr-FR\"},{\"@type\":\"Organization\",\"@id\":\"https:\/\/www.babcock-wanson.com\/fr\/#organization\",\"name\":\"Babcock Wanson\",\"url\":\"https:\/\/www.babcock-wanson.com\/fr\/\",\"logo\":{\"@type\":\"ImageObject\",\"inLanguage\":\"fr-FR\",\"@id\":\"https:\/\/www.babcock-wanson.com\/fr\/#\/schema\/logo\/image\/\",\"url\":\"https:\/\/www.babcock-wanson.com\/wp-content\/uploads\/2024\/02\/Babcock-Wanson-1200x1200-1.png\",\"contentUrl\":\"https:\/\/www.babcock-wanson.com\/wp-content\/uploads\/2024\/02\/Babcock-Wanson-1200x1200-1.png\",\"width\":1200,\"height\":1200,\"caption\":\"Babcock Wanson\"},\"image\":{\"@id\":\"https:\/\/www.babcock-wanson.com\/fr\/#\/schema\/logo\/image\/\"},\"sameAs\":[\"https:\/\/www.linkedin.com\/company\/babcock-wanson\/\",\"https:\/\/www.youtube.com\/channel\/UCtxl25VieBBsP2kYmtlyv7A\"]}]}<\/script>\n<!-- \/ Yoast SEO Premium plugin. -->","yoast_head_json":{"title":"GASAIRBLOC - Le chauffage industriel pour les environnements difficiles - Babcock Wanson","description":"Le r\u00e9chauffeur d'air de proc\u00e9d\u00e9 de type direct Gasairbloc de Babcock Wanson est adapt\u00e9 aux environnements industriels les plus difficiles, y compris l'industrie lourde et les sites poussi\u00e9reux.","robots":{"index":"index","follow":"follow","max-snippet":"max-snippet:-1","max-image-preview":"max-image-preview:large","max-video-preview":"max-video-preview:-1"},"canonical":"https:\/\/www.babcock-wanson.com\/fr\/produits\/chauffage-de-procedes-et-locaux\/gasairbloc\/","og_locale":"fr_FR","og_type":"article","og_title":"GASAIRBLOC","og_description":"Le r\u00e9chauffeur d'air de proc\u00e9d\u00e9 de type direct Gasairbloc de Babcock Wanson est adapt\u00e9 aux environnements industriels les plus difficiles, y compris l'industrie lourde et les sites poussi\u00e9reux.","og_url":"https:\/\/www.babcock-wanson.com\/fr\/produits\/chauffage-de-procedes-et-locaux\/gasairbloc\/","og_site_name":"Babcock Wanson","article_modified_time":"2020-10-14T13:41:20+00:00","og_image":[{"width":600,"height":400,"url":"https:\/\/www.babcock-wanson.com\/wp-content\/uploads\/2018\/10\/GASAIRBLOC-Direct-Fired-Process-Air-Heaters.png","type":"image\/png"}],"twitter_card":"summary_large_image","schema":{"@context":"https:\/\/schema.org","@graph":[{"@type":"WebPage","@id":"https:\/\/www.babcock-wanson.com\/fr\/produits\/chauffage-de-procedes-et-locaux\/gasairbloc\/","url":"https:\/\/www.babcock-wanson.com\/fr\/produits\/chauffage-de-procedes-et-locaux\/gasairbloc\/","name":"GASAIRBLOC - Le chauffage industriel pour les environnements difficiles - Babcock Wanson","isPartOf":{"@id":"https:\/\/www.babcock-wanson.com\/fr\/#website"},"primaryImageOfPage":{"@id":"https:\/\/www.babcock-wanson.com\/fr\/produits\/chauffage-de-procedes-et-locaux\/gasairbloc\/#primaryimage"},"image":{"@id":"https:\/\/www.babcock-wanson.com\/fr\/produits\/chauffage-de-procedes-et-locaux\/gasairbloc\/#primaryimage"},"thumbnailUrl":"https:\/\/www.babcock-wanson.com\/wp-content\/uploads\/2018\/10\/GASAIRBLOC-Direct-Fired-Process-Air-Heaters.png","datePublished":"2018-10-23T13:57:28+00:00","dateModified":"2020-10-14T13:41:20+00:00","description":"Le r\u00e9chauffeur d'air de proc\u00e9d\u00e9 de type direct Gasairbloc de Babcock Wanson est adapt\u00e9 aux environnements industriels les plus difficiles, y compris l'industrie lourde et les sites poussi\u00e9reux.","breadcrumb":{"@id":"https:\/\/www.babcock-wanson.com\/fr\/produits\/chauffage-de-procedes-et-locaux\/gasairbloc\/#breadcrumb"},"inLanguage":"fr-FR","potentialAction":[{"@type":"ReadAction","target":["https:\/\/www.babcock-wanson.com\/fr\/produits\/chauffage-de-procedes-et-locaux\/gasairbloc\/"]}]},{"@type":"ImageObject","inLanguage":"fr-FR","@id":"https:\/\/www.babcock-wanson.com\/fr\/produits\/chauffage-de-procedes-et-locaux\/gasairbloc\/#primaryimage","url":"https:\/\/www.babcock-wanson.com\/wp-content\/uploads\/2018\/10\/GASAIRBLOC-Direct-Fired-Process-Air-Heaters.png","contentUrl":"https:\/\/www.babcock-wanson.com\/wp-content\/uploads\/2018\/10\/GASAIRBLOC-Direct-Fired-Process-Air-Heaters.png","width":600,"height":400,"caption":"GASAIRBLOC G\u00e9n\u00e9rateur d\u2019air chaud direct"},{"@type":"BreadcrumbList","@id":"https:\/\/www.babcock-wanson.com\/fr\/produits\/chauffage-de-procedes-et-locaux\/gasairbloc\/#breadcrumb","itemListElement":[{"@type":"ListItem","position":1,"name":"Accueil","item":"https:\/\/www.babcock-wanson.com\/fr\/"},{"@type":"ListItem","position":2,"name":"Produits","item":"https:\/\/www.babcock-wanson.com\/fr\/shop\/"},{"@type":"ListItem","position":3,"name":"Chauffage de proc\u00e9d\u00e9s et locaux","item":"https:\/\/www.babcock-wanson.com\/fr\/categorie-produit\/chauffage-de-procedes-et-locaux\/"},{"@type":"ListItem","position":4,"name":"GASAIRBLOC"}]},{"@type":"WebSite","@id":"https:\/\/www.babcock-wanson.com\/fr\/#website","url":"https:\/\/www.babcock-wanson.com\/fr\/","name":"Babcock Wanson","description":"","publisher":{"@id":"https:\/\/www.babcock-wanson.com\/fr\/#organization"},"potentialAction":[{"@type":"SearchAction","target":{"@type":"EntryPoint","urlTemplate":"https:\/\/www.babcock-wanson.com\/fr\/?s={search_term_string}"},"query-input":{"@type":"PropertyValueSpecification","valueRequired":true,"valueName":"search_term_string"}}],"inLanguage":"fr-FR"},{"@type":"Organization","@id":"https:\/\/www.babcock-wanson.com\/fr\/#organization","name":"Babcock Wanson","url":"https:\/\/www.babcock-wanson.com\/fr\/","logo":{"@type":"ImageObject","inLanguage":"fr-FR","@id":"https:\/\/www.babcock-wanson.com\/fr\/#\/schema\/logo\/image\/","url":"https:\/\/www.babcock-wanson.com\/wp-content\/uploads\/2024\/02\/Babcock-Wanson-1200x1200-1.png","contentUrl":"https:\/\/www.babcock-wanson.com\/wp-content\/uploads\/2024\/02\/Babcock-Wanson-1200x1200-1.png","width":1200,"height":1200,"caption":"Babcock Wanson"},"image":{"@id":"https:\/\/www.babcock-wanson.com\/fr\/#\/schema\/logo\/image\/"},"sameAs":["https:\/\/www.linkedin.com\/company\/babcock-wanson\/","https:\/\/www.youtube.com\/channel\/UCtxl25VieBBsP2kYmtlyv7A"]}]}},"jetpack_sharing_enabled":true,"_links":{"self":[{"href":"https:\/\/www.babcock-wanson.com\/fr\/wp-json\/wp\/v2\/product\/23568","targetHints":{"allow":["GET"]}}],"collection":[{"href":"https:\/\/www.babcock-wanson.com\/fr\/wp-json\/wp\/v2\/product"}],"about":[{"href":"https:\/\/www.babcock-wanson.com\/fr\/wp-json\/wp\/v2\/types\/product"}],"replies":[{"embeddable":true,"href":"https:\/\/www.babcock-wanson.com\/fr\/wp-json\/wp\/v2\/comments?post=23568"}],"wp:featuredmedia":[{"embeddable":true,"href":"https:\/\/www.babcock-wanson.com\/fr\/wp-json\/wp\/v2\/media\/23570"}],"wp:attachment":[{"href":"https:\/\/www.babcock-wanson.com\/fr\/wp-json\/wp\/v2\/media?parent=23568"}],"wp:term":[{"taxonomy":"product_brand","embeddable":true,"href":"https:\/\/www.babcock-wanson.com\/fr\/wp-json\/wp\/v2\/product_brand?post=23568"},{"taxonomy":"product_cat","embeddable":true,"href":"https:\/\/www.babcock-wanson.com\/fr\/wp-json\/wp\/v2\/product_cat?post=23568"},{"taxonomy":"product_tag","embeddable":true,"href":"https:\/\/www.babcock-wanson.com\/fr\/wp-json\/wp\/v2\/product_tag?post=23568"}],"curies":[{"name":"wp","href":"https:\/\/api.w.org\/{rel}","templated":true}]}}