{"id":23575,"date":"2019-02-12T16:18:52","date_gmt":"2019-02-12T16:18:52","guid":{"rendered":"https:\/\/www.babcock-wanson.com\/products\/non%20class\u00e9\/serie-rec\/"},"modified":"2021-11-08T16:00:54","modified_gmt":"2021-11-08T16:00:54","slug":"rec","status":"publish","type":"product","link":"https:\/\/www.babcock-wanson.com\/fr\/produits\/chaudieres-de-recuperation\/rec\/","title":{"rendered":"REC : chaudi\u00e8re de r\u00e9cup\u00e9ration tubes de fum\u00e9es"},"content":{"rendered":"<div class=\"vgblk-rw-wrapper limit-wrapper\">\n<h3>Caract\u00e9ristiques de la chaudi\u00e8re de r\u00e9cup\u00e9ration \u00e0 tubes de fum\u00e9es REC<\/h3>\n<ul>\n<li>Configuration horizontale<\/li>\n<li>Fonctionnement flexible. Des volumes et des temp\u00e9ratures de gaz d&rsquo;\u00e9chappement variables peuvent \u00eatre pris en compte<\/li>\n<li>Conception robuste<\/li>\n<li>Nettoyage facile &#8211; r\u00e9sistant \u00e0 la poussi\u00e8re<\/li>\n<li>Convient aux fours, fours de recuit, incin\u00e9rateurs, <a href=\"https:\/\/www.babcock-wanson.com\/fr\/categorie-produit\/oxydateurs-thermiques\/\" target=\"_blank\" rel=\"noopener\">oxydateurs thermiques<\/a>, moteurs diesel, turbines \u00e0 gaz et plus encore<\/li>\n<\/ul>\n<\/div>\n<p><!-- .vgblk-rw-wrapper --><\/p>\n","protected":false},"excerpt":{"rendered":"<p>Id\u00e9ale pour produire de la vapeur ou de l&rsquo;eau \u00e0 haute temp\u00e9rature, la chaudi\u00e8re de r\u00e9cup\u00e9ration \u00e0 tubes de fum\u00e9es REC utilise des gaz de combustion provenant de moteurs diesel, de turbines \u00e0 gaz (cog\u00e9n\u00e9ration), de fours industriels, d&rsquo;incin\u00e9rateurs ou autres \u00e9quipements thermiques.<\/p>\n<p>Ces chaudi\u00e8res horizontales sont con\u00e7ues pour \u00e9quilibrer la r\u00e9cup\u00e9ration de chaleur avec une perte de charge limit\u00e9e du c\u00f4t\u00e9 gaz afin d&rsquo;optimiser le transfert de chaleur. Elles fournissent la qualit\u00e9 et la quantit\u00e9 requises de chaleur r\u00e9cup\u00e9r\u00e9e.<\/p>\n<p><b>Configuration &#8211;<\/b> Horizontale<br \/>\n<b>Sortie &#8211;<\/b> vapeur ou eau chaude<br \/>\n<b>D\u00e9bit &#8211;<\/b> Jusqu&rsquo;\u00e0 30 t\/h de vapeur<br \/>\n<b>Plage de pression &#8211;<\/b> 25 bar<br \/>\n<b>Temp\u00e9rature d&rsquo;entr\u00e9e &#8211;<\/b> Jusqu&rsquo;\u00e0 1000\u00b0C<\/p>\n","protected":false},"featured_media":23576,"comment_status":"closed","ping_status":"closed","template":"","meta":{"_acf_changed":false,"_relevanssi_hide_post":"","_relevanssi_hide_content":"","_relevanssi_pin_for_all":"","_relevanssi_pin_keywords":"","_relevanssi_unpin_keywords":"","_relevanssi_related_keywords":"","_relevanssi_related_include_ids":"","_relevanssi_related_exclude_ids":"","_relevanssi_related_no_append":"","_relevanssi_related_not_related":"","_relevanssi_related_posts":"","_relevanssi_noindex_reason":""},"product_brand":[],"product_cat":[2651],"product_tag":[],"class_list":{"0":"post-23575","1":"product","2":"type-product","3":"status-publish","4":"has-post-thumbnail","6":"product_cat-chaudieres-de-recuperation","8":"first","9":"instock","10":"shipping-taxable","11":"product-type-simple"},"acf":[],"yoast_head":"<!-- This site is optimized with the Yoast SEO Premium plugin v27.4 (Yoast SEO v27.4) - https:\/\/yoast.com\/product\/yoast-seo-premium-wordpress\/ -->\n<title>S\u00e9rie REC<\/title>\n<meta name=\"description\" content=\"La s\u00e9rie REC utilise un gaz de combustion et est id\u00e9ale pour produire de la vapeur ou de l&#039;eau \u00e0 haute temp\u00e9rature. Cliquez pour en savoir plus\" \/>\n<meta name=\"robots\" content=\"index, follow, max-snippet:-1, max-image-preview:large, max-video-preview:-1\" \/>\n<link rel=\"canonical\" href=\"https:\/\/www.babcock-wanson.com\/fr\/produits\/chaudieres-de-recuperation\/rec\/\" \/>\n<meta property=\"og:locale\" content=\"fr_FR\" \/>\n<meta property=\"og:type\" content=\"article\" \/>\n<meta property=\"og:title\" content=\"REC : chaudi\u00e8re de r\u00e9cup\u00e9ration tubes de fum\u00e9es\" \/>\n<meta property=\"og:description\" content=\"La s\u00e9rie REC utilise un gaz de combustion et est id\u00e9ale pour produire de la vapeur ou de l&#039;eau \u00e0 haute temp\u00e9rature. Cliquez pour en savoir plus\" \/>\n<meta property=\"og:url\" content=\"https:\/\/www.babcock-wanson.com\/fr\/produits\/chaudieres-de-recuperation\/rec\/\" \/>\n<meta property=\"og:site_name\" content=\"Babcock Wanson\" \/>\n<meta property=\"article:modified_time\" content=\"2021-11-08T16:00:54+00:00\" \/>\n<meta property=\"og:image\" content=\"https:\/\/www.babcock-wanson.com\/wp-content\/uploads\/2018\/08\/Rec-Series-2.jpg\" \/>\n\t<meta property=\"og:image:width\" content=\"600\" \/>\n\t<meta property=\"og:image:height\" content=\"400\" \/>\n\t<meta property=\"og:image:type\" content=\"image\/jpeg\" \/>\n<meta name=\"twitter:card\" content=\"summary_large_image\" \/>\n<meta name=\"twitter:label1\" content=\"Est. reading time\" \/>\n\t<meta name=\"twitter:data1\" content=\"1 minute\" \/>\n<script type=\"application\/ld+json\" class=\"yoast-schema-graph\">{\"@context\":\"https:\\\/\\\/schema.org\",\"@graph\":[{\"@type\":\"WebPage\",\"@id\":\"https:\\\/\\\/www.babcock-wanson.com\\\/fr\\\/produits\\\/chaudieres-de-recuperation\\\/rec\\\/\",\"url\":\"https:\\\/\\\/www.babcock-wanson.com\\\/fr\\\/produits\\\/chaudieres-de-recuperation\\\/rec\\\/\",\"name\":\"S\u00e9rie REC\",\"isPartOf\":{\"@id\":\"https:\\\/\\\/www.babcock-wanson.com\\\/fr\\\/#website\"},\"primaryImageOfPage\":{\"@id\":\"https:\\\/\\\/www.babcock-wanson.com\\\/fr\\\/produits\\\/chaudieres-de-recuperation\\\/rec\\\/#primaryimage\"},\"image\":{\"@id\":\"https:\\\/\\\/www.babcock-wanson.com\\\/fr\\\/produits\\\/chaudieres-de-recuperation\\\/rec\\\/#primaryimage\"},\"thumbnailUrl\":\"https:\\\/\\\/www.babcock-wanson.com\\\/wp-content\\\/uploads\\\/2018\\\/08\\\/Rec-Series-2.jpg\",\"datePublished\":\"2019-02-12T16:18:52+00:00\",\"dateModified\":\"2021-11-08T16:00:54+00:00\",\"description\":\"La s\u00e9rie REC utilise un gaz de combustion et est id\u00e9ale pour produire de la vapeur ou de l'eau \u00e0 haute temp\u00e9rature. Cliquez pour en savoir plus\",\"breadcrumb\":{\"@id\":\"https:\\\/\\\/www.babcock-wanson.com\\\/fr\\\/produits\\\/chaudieres-de-recuperation\\\/rec\\\/#breadcrumb\"},\"inLanguage\":\"fr-FR\",\"potentialAction\":[{\"@type\":\"ReadAction\",\"target\":[\"https:\\\/\\\/www.babcock-wanson.com\\\/fr\\\/produits\\\/chaudieres-de-recuperation\\\/rec\\\/\"]}]},{\"@type\":\"ImageObject\",\"inLanguage\":\"fr-FR\",\"@id\":\"https:\\\/\\\/www.babcock-wanson.com\\\/fr\\\/produits\\\/chaudieres-de-recuperation\\\/rec\\\/#primaryimage\",\"url\":\"https:\\\/\\\/www.babcock-wanson.com\\\/wp-content\\\/uploads\\\/2018\\\/08\\\/Rec-Series-2.jpg\",\"contentUrl\":\"https:\\\/\\\/www.babcock-wanson.com\\\/wp-content\\\/uploads\\\/2018\\\/08\\\/Rec-Series-2.jpg\",\"width\":600,\"height\":400,\"caption\":\"S\u00e9rie REC\"},{\"@type\":\"BreadcrumbList\",\"@id\":\"https:\\\/\\\/www.babcock-wanson.com\\\/fr\\\/produits\\\/chaudieres-de-recuperation\\\/rec\\\/#breadcrumb\",\"itemListElement\":[{\"@type\":\"ListItem\",\"position\":1,\"name\":\"Accueil\",\"item\":\"https:\\\/\\\/www.babcock-wanson.com\\\/fr\\\/\"},{\"@type\":\"ListItem\",\"position\":2,\"name\":\"Produits\",\"item\":\"https:\\\/\\\/www.babcock-wanson.com\\\/fr\\\/shop\\\/\"},{\"@type\":\"ListItem\",\"position\":3,\"name\":\"Syst\u00e8mes de r\u00e9cup\u00e9ration\",\"item\":\"https:\\\/\\\/www.babcock-wanson.com\\\/fr\\\/categorie-produit\\\/chaudieres-de-recuperation\\\/\"},{\"@type\":\"ListItem\",\"position\":4,\"name\":\"REC : chaudi\u00e8re de r\u00e9cup\u00e9ration tubes de fum\u00e9es\"}]},{\"@type\":\"WebSite\",\"@id\":\"https:\\\/\\\/www.babcock-wanson.com\\\/fr\\\/#website\",\"url\":\"https:\\\/\\\/www.babcock-wanson.com\\\/fr\\\/\",\"name\":\"Babcock Wanson\",\"description\":\"\",\"publisher\":{\"@id\":\"https:\\\/\\\/www.babcock-wanson.com\\\/fr\\\/#organization\"},\"potentialAction\":[{\"@type\":\"SearchAction\",\"target\":{\"@type\":\"EntryPoint\",\"urlTemplate\":\"https:\\\/\\\/www.babcock-wanson.com\\\/fr\\\/?s={search_term_string}\"},\"query-input\":{\"@type\":\"PropertyValueSpecification\",\"valueRequired\":true,\"valueName\":\"search_term_string\"}}],\"inLanguage\":\"fr-FR\"},{\"@type\":\"Organization\",\"@id\":\"https:\\\/\\\/www.babcock-wanson.com\\\/fr\\\/#organization\",\"name\":\"Babcock Wanson\",\"url\":\"https:\\\/\\\/www.babcock-wanson.com\\\/fr\\\/\",\"logo\":{\"@type\":\"ImageObject\",\"inLanguage\":\"fr-FR\",\"@id\":\"https:\\\/\\\/www.babcock-wanson.com\\\/fr\\\/#\\\/schema\\\/logo\\\/image\\\/\",\"url\":\"https:\\\/\\\/www.babcock-wanson.com\\\/wp-content\\\/uploads\\\/2024\\\/02\\\/Babcock-Wanson-1200x1200-1.png\",\"contentUrl\":\"https:\\\/\\\/www.babcock-wanson.com\\\/wp-content\\\/uploads\\\/2024\\\/02\\\/Babcock-Wanson-1200x1200-1.png\",\"width\":1200,\"height\":1200,\"caption\":\"Babcock Wanson\"},\"image\":{\"@id\":\"https:\\\/\\\/www.babcock-wanson.com\\\/fr\\\/#\\\/schema\\\/logo\\\/image\\\/\"},\"sameAs\":[\"https:\\\/\\\/www.linkedin.com\\\/company\\\/babcock-wanson\\\/\",\"https:\\\/\\\/www.youtube.com\\\/channel\\\/UCtxl25VieBBsP2kYmtlyv7A\"]}]}<\/script>\n<!-- \/ Yoast SEO Premium plugin. -->","yoast_head_json":{"title":"S\u00e9rie REC","description":"La s\u00e9rie REC utilise un gaz de combustion et est id\u00e9ale pour produire de la vapeur ou de l'eau \u00e0 haute temp\u00e9rature. Cliquez pour en savoir plus","robots":{"index":"index","follow":"follow","max-snippet":"max-snippet:-1","max-image-preview":"max-image-preview:large","max-video-preview":"max-video-preview:-1"},"canonical":"https:\/\/www.babcock-wanson.com\/fr\/produits\/chaudieres-de-recuperation\/rec\/","og_locale":"fr_FR","og_type":"article","og_title":"REC : chaudi\u00e8re de r\u00e9cup\u00e9ration tubes de fum\u00e9es","og_description":"La s\u00e9rie REC utilise un gaz de combustion et est id\u00e9ale pour produire de la vapeur ou de l'eau \u00e0 haute temp\u00e9rature. Cliquez pour en savoir plus","og_url":"https:\/\/www.babcock-wanson.com\/fr\/produits\/chaudieres-de-recuperation\/rec\/","og_site_name":"Babcock Wanson","article_modified_time":"2021-11-08T16:00:54+00:00","og_image":[{"width":600,"height":400,"url":"https:\/\/www.babcock-wanson.com\/wp-content\/uploads\/2018\/08\/Rec-Series-2.jpg","type":"image\/jpeg"}],"twitter_card":"summary_large_image","twitter_misc":{"Est. reading time":"1 minute"},"schema":{"@context":"https:\/\/schema.org","@graph":[{"@type":"WebPage","@id":"https:\/\/www.babcock-wanson.com\/fr\/produits\/chaudieres-de-recuperation\/rec\/","url":"https:\/\/www.babcock-wanson.com\/fr\/produits\/chaudieres-de-recuperation\/rec\/","name":"S\u00e9rie REC","isPartOf":{"@id":"https:\/\/www.babcock-wanson.com\/fr\/#website"},"primaryImageOfPage":{"@id":"https:\/\/www.babcock-wanson.com\/fr\/produits\/chaudieres-de-recuperation\/rec\/#primaryimage"},"image":{"@id":"https:\/\/www.babcock-wanson.com\/fr\/produits\/chaudieres-de-recuperation\/rec\/#primaryimage"},"thumbnailUrl":"https:\/\/www.babcock-wanson.com\/wp-content\/uploads\/2018\/08\/Rec-Series-2.jpg","datePublished":"2019-02-12T16:18:52+00:00","dateModified":"2021-11-08T16:00:54+00:00","description":"La s\u00e9rie REC utilise un gaz de combustion et est id\u00e9ale pour produire de la vapeur ou de l'eau \u00e0 haute temp\u00e9rature. Cliquez pour en savoir plus","breadcrumb":{"@id":"https:\/\/www.babcock-wanson.com\/fr\/produits\/chaudieres-de-recuperation\/rec\/#breadcrumb"},"inLanguage":"fr-FR","potentialAction":[{"@type":"ReadAction","target":["https:\/\/www.babcock-wanson.com\/fr\/produits\/chaudieres-de-recuperation\/rec\/"]}]},{"@type":"ImageObject","inLanguage":"fr-FR","@id":"https:\/\/www.babcock-wanson.com\/fr\/produits\/chaudieres-de-recuperation\/rec\/#primaryimage","url":"https:\/\/www.babcock-wanson.com\/wp-content\/uploads\/2018\/08\/Rec-Series-2.jpg","contentUrl":"https:\/\/www.babcock-wanson.com\/wp-content\/uploads\/2018\/08\/Rec-Series-2.jpg","width":600,"height":400,"caption":"S\u00e9rie REC"},{"@type":"BreadcrumbList","@id":"https:\/\/www.babcock-wanson.com\/fr\/produits\/chaudieres-de-recuperation\/rec\/#breadcrumb","itemListElement":[{"@type":"ListItem","position":1,"name":"Accueil","item":"https:\/\/www.babcock-wanson.com\/fr\/"},{"@type":"ListItem","position":2,"name":"Produits","item":"https:\/\/www.babcock-wanson.com\/fr\/shop\/"},{"@type":"ListItem","position":3,"name":"Syst\u00e8mes de r\u00e9cup\u00e9ration","item":"https:\/\/www.babcock-wanson.com\/fr\/categorie-produit\/chaudieres-de-recuperation\/"},{"@type":"ListItem","position":4,"name":"REC : chaudi\u00e8re de r\u00e9cup\u00e9ration tubes de fum\u00e9es"}]},{"@type":"WebSite","@id":"https:\/\/www.babcock-wanson.com\/fr\/#website","url":"https:\/\/www.babcock-wanson.com\/fr\/","name":"Babcock Wanson","description":"","publisher":{"@id":"https:\/\/www.babcock-wanson.com\/fr\/#organization"},"potentialAction":[{"@type":"SearchAction","target":{"@type":"EntryPoint","urlTemplate":"https:\/\/www.babcock-wanson.com\/fr\/?s={search_term_string}"},"query-input":{"@type":"PropertyValueSpecification","valueRequired":true,"valueName":"search_term_string"}}],"inLanguage":"fr-FR"},{"@type":"Organization","@id":"https:\/\/www.babcock-wanson.com\/fr\/#organization","name":"Babcock Wanson","url":"https:\/\/www.babcock-wanson.com\/fr\/","logo":{"@type":"ImageObject","inLanguage":"fr-FR","@id":"https:\/\/www.babcock-wanson.com\/fr\/#\/schema\/logo\/image\/","url":"https:\/\/www.babcock-wanson.com\/wp-content\/uploads\/2024\/02\/Babcock-Wanson-1200x1200-1.png","contentUrl":"https:\/\/www.babcock-wanson.com\/wp-content\/uploads\/2024\/02\/Babcock-Wanson-1200x1200-1.png","width":1200,"height":1200,"caption":"Babcock Wanson"},"image":{"@id":"https:\/\/www.babcock-wanson.com\/fr\/#\/schema\/logo\/image\/"},"sameAs":["https:\/\/www.linkedin.com\/company\/babcock-wanson\/","https:\/\/www.youtube.com\/channel\/UCtxl25VieBBsP2kYmtlyv7A"]}]}},"jetpack_sharing_enabled":true,"_links":{"self":[{"href":"https:\/\/www.babcock-wanson.com\/fr\/wp-json\/wp\/v2\/product\/23575","targetHints":{"allow":["GET"]}}],"collection":[{"href":"https:\/\/www.babcock-wanson.com\/fr\/wp-json\/wp\/v2\/product"}],"about":[{"href":"https:\/\/www.babcock-wanson.com\/fr\/wp-json\/wp\/v2\/types\/product"}],"replies":[{"embeddable":true,"href":"https:\/\/www.babcock-wanson.com\/fr\/wp-json\/wp\/v2\/comments?post=23575"}],"wp:featuredmedia":[{"embeddable":true,"href":"https:\/\/www.babcock-wanson.com\/fr\/wp-json\/wp\/v2\/media\/23576"}],"wp:attachment":[{"href":"https:\/\/www.babcock-wanson.com\/fr\/wp-json\/wp\/v2\/media?parent=23575"}],"wp:term":[{"taxonomy":"product_brand","embeddable":true,"href":"https:\/\/www.babcock-wanson.com\/fr\/wp-json\/wp\/v2\/product_brand?post=23575"},{"taxonomy":"product_cat","embeddable":true,"href":"https:\/\/www.babcock-wanson.com\/fr\/wp-json\/wp\/v2\/product_cat?post=23575"},{"taxonomy":"product_tag","embeddable":true,"href":"https:\/\/www.babcock-wanson.com\/fr\/wp-json\/wp\/v2\/product_tag?post=23575"}],"curies":[{"name":"wp","href":"https:\/\/api.w.org\/{rel}","templated":true}]}}