{"id":23578,"date":"2019-02-12T16:21:00","date_gmt":"2019-02-12T16:21:00","guid":{"rendered":"https:\/\/www.babcock-wanson.com\/products\/non%20class\u00e9\/serie-ext\/"},"modified":"2021-11-08T16:07:25","modified_gmt":"2021-11-08T16:07:25","slug":"ext-chaudiere-de-recuperation-serpentins","status":"publish","type":"product","link":"https:\/\/www.babcock-wanson.com\/fr\/produits\/chaudieres-de-recuperation\/ext-chaudiere-de-recuperation-serpentins\/","title":{"rendered":"EXT Chaudi\u00e8re de r\u00e9cup\u00e9ration serpentins"},"content":{"rendered":"<div class=\"vgblk-rw-wrapper limit-wrapper\">\n<h3>Sp\u00e9cifications du r\u00e9cup\u00e9rateur de chaleur \u00e0 serpentins de la s\u00e9rie EXT<\/h3>\n<p><b>Configuration<\/b> &#8211; Horizontale ou Verticale (avec flux ascendant ou descendant)<br \/>\n<b>Sortie<\/b> &#8211; Eau chaude, eau surchauff\u00e9e, vapeur basse ou haute pression, fluide thermique<br \/>\n<b>Plage de pression<\/b> &#8211; 25 bar<\/p>\n<h3>Caract\u00e9ristiques<\/h3>\n<ul>\n<li>Configuration horizontale ou verticale<\/li>\n<li>R\u00e9sistant \u00e0 la corrosion<\/li>\n<li>Faible niveau sonore &#8211; supprime souvent le besoin d&rsquo;un silencieux d&rsquo;\u00e9chappement<\/li>\n<li>Conception robuste<\/li>\n<li>Faible perte de charge<\/li>\n<li>Vitesse de gaz \u00e9lev\u00e9e autonettoyante<\/li>\n<li>Convient aux fours, fours de recuit, incin\u00e9rateurs, <a href=\"https:\/\/www.babcock-wanson.com\/fr\/categorie-produit\/oxydateurs-thermiques\/\" target=\"_blank\" rel=\"noopener\">oxydateurs thermiques<\/a>, moteurs diesel, turbines \u00e0 gaz et plus encore<\/li>\n<\/ul>\n<\/div>\n<p><!-- .vgblk-rw-wrapper --><\/p>\n","protected":false},"excerpt":{"rendered":"<p>La s\u00e9rie EXT est compos\u00e9 de multiples serpentins tubulaires concentriques avec des passages d&rsquo;\u00e9coulement de gaz entre les batteries de serpentins, assurant une faible perte de charge et une vitesse de gaz \u00e9lev\u00e9e autonettoyante.<\/p>\n<p>Ils peuvent \u00eatre utilis\u00e9s en configuration verticale ou horizontale et un syst\u00e8me de d\u00e9rivation des gaz d&rsquo;\u00e9chappement peut \u00eatre incorpor\u00e9e de mani\u00e8re concentrique, interne ou externe pour une flexibilit\u00e9 maximale.<\/p>\n<p>Nous avons une longue liste de clients et d&rsquo;applications diff\u00e9rentes, dont beaucoup int\u00e8grent une chaudi\u00e8re de r\u00e9cup\u00e9ration \u00e0 vapeur (SOV) ou \u00e0 eau chaude\/eau surchauff\u00e9e (SOAC\/S).<\/p>\n","protected":false},"featured_media":23583,"comment_status":"closed","ping_status":"closed","template":"","meta":{"_acf_changed":false,"_relevanssi_hide_post":"","_relevanssi_hide_content":"","_relevanssi_pin_for_all":"","_relevanssi_pin_keywords":"","_relevanssi_unpin_keywords":"","_relevanssi_related_keywords":"","_relevanssi_related_include_ids":"","_relevanssi_related_exclude_ids":"","_relevanssi_related_no_append":"","_relevanssi_related_not_related":"","_relevanssi_related_posts":"","_relevanssi_noindex_reason":""},"product_brand":[],"product_cat":[2651],"product_tag":[],"class_list":{"0":"post-23578","1":"product","2":"type-product","3":"status-publish","4":"has-post-thumbnail","6":"product_cat-chaudieres-de-recuperation","8":"first","9":"instock","10":"shipping-taxable","11":"product-type-simple"},"acf":[],"yoast_head":"<!-- This site is optimized with the Yoast SEO Premium plugin v27.1 (Yoast SEO v27.1.1) - https:\/\/yoast.com\/product\/yoast-seo-premium-wordpress\/ -->\n<title>S\u00e9rie EXT r\u00e9cup\u00e9rateur de chaleur \u00e0 serpentins - Babcock Wanson<\/title>\n<meta name=\"description\" content=\"La s\u00e9rie EXT est construite en utilisant plusieurs serpentins tubulaires concentriques avec des passages de flux de gaz entre les rang\u00e9es de serpentins, assurant une faible chute de pression et une vitesse de gaz \u00e9lev\u00e9e autonettoyante.\" \/>\n<meta name=\"robots\" content=\"index, follow, max-snippet:-1, max-image-preview:large, max-video-preview:-1\" \/>\n<link rel=\"canonical\" href=\"https:\/\/www.babcock-wanson.com\/fr\/produits\/chaudieres-de-recuperation\/ext-chaudiere-de-recuperation-serpentins\/\" \/>\n<meta property=\"og:locale\" content=\"fr_FR\" \/>\n<meta property=\"og:type\" content=\"article\" \/>\n<meta property=\"og:title\" content=\"EXT Chaudi\u00e8re de r\u00e9cup\u00e9ration serpentins\" \/>\n<meta property=\"og:description\" content=\"La s\u00e9rie EXT est construite en utilisant plusieurs serpentins tubulaires concentriques avec des passages de flux de gaz entre les rang\u00e9es de serpentins, assurant une faible chute de pression et une vitesse de gaz \u00e9lev\u00e9e autonettoyante.\" \/>\n<meta property=\"og:url\" content=\"https:\/\/www.babcock-wanson.com\/fr\/produits\/chaudieres-de-recuperation\/ext-chaudiere-de-recuperation-serpentins\/\" \/>\n<meta property=\"og:site_name\" content=\"Babcock Wanson\" \/>\n<meta property=\"article:modified_time\" content=\"2021-11-08T16:07:25+00:00\" \/>\n<meta property=\"og:image\" content=\"https:\/\/www.babcock-wanson.com\/wp-content\/uploads\/2019\/02\/EXT-3.jpg\" \/>\n\t<meta property=\"og:image:width\" content=\"600\" \/>\n\t<meta property=\"og:image:height\" content=\"400\" \/>\n\t<meta property=\"og:image:type\" content=\"image\/jpeg\" \/>\n<meta name=\"twitter:card\" content=\"summary_large_image\" \/>\n<meta name=\"twitter:label1\" content=\"Est. reading time\" \/>\n\t<meta name=\"twitter:data1\" content=\"1 minute\" \/>\n<script type=\"application\/ld+json\" class=\"yoast-schema-graph\">{\"@context\":\"https:\/\/schema.org\",\"@graph\":[{\"@type\":\"WebPage\",\"@id\":\"https:\/\/www.babcock-wanson.com\/fr\/produits\/chaudieres-de-recuperation\/ext-chaudiere-de-recuperation-serpentins\/\",\"url\":\"https:\/\/www.babcock-wanson.com\/fr\/produits\/chaudieres-de-recuperation\/ext-chaudiere-de-recuperation-serpentins\/\",\"name\":\"S\u00e9rie EXT r\u00e9cup\u00e9rateur de chaleur \u00e0 serpentins - Babcock Wanson\",\"isPartOf\":{\"@id\":\"https:\/\/www.babcock-wanson.com\/fr\/#website\"},\"primaryImageOfPage\":{\"@id\":\"https:\/\/www.babcock-wanson.com\/fr\/produits\/chaudieres-de-recuperation\/ext-chaudiere-de-recuperation-serpentins\/#primaryimage\"},\"image\":{\"@id\":\"https:\/\/www.babcock-wanson.com\/fr\/produits\/chaudieres-de-recuperation\/ext-chaudiere-de-recuperation-serpentins\/#primaryimage\"},\"thumbnailUrl\":\"https:\/\/www.babcock-wanson.com\/wp-content\/uploads\/2019\/02\/EXT-3.jpg\",\"datePublished\":\"2019-02-12T16:21:00+00:00\",\"dateModified\":\"2021-11-08T16:07:25+00:00\",\"description\":\"La s\u00e9rie EXT est construite en utilisant plusieurs serpentins tubulaires concentriques avec des passages de flux de gaz entre les rang\u00e9es de serpentins, assurant une faible chute de pression et une vitesse de gaz \u00e9lev\u00e9e autonettoyante.\",\"breadcrumb\":{\"@id\":\"https:\/\/www.babcock-wanson.com\/fr\/produits\/chaudieres-de-recuperation\/ext-chaudiere-de-recuperation-serpentins\/#breadcrumb\"},\"inLanguage\":\"fr-FR\",\"potentialAction\":[{\"@type\":\"ReadAction\",\"target\":[\"https:\/\/www.babcock-wanson.com\/fr\/produits\/chaudieres-de-recuperation\/ext-chaudiere-de-recuperation-serpentins\/\"]}]},{\"@type\":\"ImageObject\",\"inLanguage\":\"fr-FR\",\"@id\":\"https:\/\/www.babcock-wanson.com\/fr\/produits\/chaudieres-de-recuperation\/ext-chaudiere-de-recuperation-serpentins\/#primaryimage\",\"url\":\"https:\/\/www.babcock-wanson.com\/wp-content\/uploads\/2019\/02\/EXT-3.jpg\",\"contentUrl\":\"https:\/\/www.babcock-wanson.com\/wp-content\/uploads\/2019\/02\/EXT-3.jpg\",\"width\":600,\"height\":400,\"caption\":\"S\u00e9rie EXT\"},{\"@type\":\"BreadcrumbList\",\"@id\":\"https:\/\/www.babcock-wanson.com\/fr\/produits\/chaudieres-de-recuperation\/ext-chaudiere-de-recuperation-serpentins\/#breadcrumb\",\"itemListElement\":[{\"@type\":\"ListItem\",\"position\":1,\"name\":\"Accueil\",\"item\":\"https:\/\/www.babcock-wanson.com\/fr\/\"},{\"@type\":\"ListItem\",\"position\":2,\"name\":\"Produits\",\"item\":\"https:\/\/www.babcock-wanson.com\/fr\/shop\/\"},{\"@type\":\"ListItem\",\"position\":3,\"name\":\"Syst\u00e8mes de r\u00e9cup\u00e9ration\",\"item\":\"https:\/\/www.babcock-wanson.com\/fr\/categorie-produit\/chaudieres-de-recuperation\/\"},{\"@type\":\"ListItem\",\"position\":4,\"name\":\"EXT Chaudi\u00e8re de r\u00e9cup\u00e9ration serpentins\"}]},{\"@type\":\"WebSite\",\"@id\":\"https:\/\/www.babcock-wanson.com\/fr\/#website\",\"url\":\"https:\/\/www.babcock-wanson.com\/fr\/\",\"name\":\"Babcock Wanson\",\"description\":\"\",\"publisher\":{\"@id\":\"https:\/\/www.babcock-wanson.com\/fr\/#organization\"},\"potentialAction\":[{\"@type\":\"SearchAction\",\"target\":{\"@type\":\"EntryPoint\",\"urlTemplate\":\"https:\/\/www.babcock-wanson.com\/fr\/?s={search_term_string}\"},\"query-input\":{\"@type\":\"PropertyValueSpecification\",\"valueRequired\":true,\"valueName\":\"search_term_string\"}}],\"inLanguage\":\"fr-FR\"},{\"@type\":\"Organization\",\"@id\":\"https:\/\/www.babcock-wanson.com\/fr\/#organization\",\"name\":\"Babcock Wanson\",\"url\":\"https:\/\/www.babcock-wanson.com\/fr\/\",\"logo\":{\"@type\":\"ImageObject\",\"inLanguage\":\"fr-FR\",\"@id\":\"https:\/\/www.babcock-wanson.com\/fr\/#\/schema\/logo\/image\/\",\"url\":\"https:\/\/www.babcock-wanson.com\/wp-content\/uploads\/2024\/02\/Babcock-Wanson-1200x1200-1.png\",\"contentUrl\":\"https:\/\/www.babcock-wanson.com\/wp-content\/uploads\/2024\/02\/Babcock-Wanson-1200x1200-1.png\",\"width\":1200,\"height\":1200,\"caption\":\"Babcock Wanson\"},\"image\":{\"@id\":\"https:\/\/www.babcock-wanson.com\/fr\/#\/schema\/logo\/image\/\"},\"sameAs\":[\"https:\/\/www.linkedin.com\/company\/babcock-wanson\/\",\"https:\/\/www.youtube.com\/channel\/UCtxl25VieBBsP2kYmtlyv7A\"]}]}<\/script>\n<!-- \/ Yoast SEO Premium plugin. -->","yoast_head_json":{"title":"S\u00e9rie EXT r\u00e9cup\u00e9rateur de chaleur \u00e0 serpentins - Babcock Wanson","description":"La s\u00e9rie EXT est construite en utilisant plusieurs serpentins tubulaires concentriques avec des passages de flux de gaz entre les rang\u00e9es de serpentins, assurant une faible chute de pression et une vitesse de gaz \u00e9lev\u00e9e autonettoyante.","robots":{"index":"index","follow":"follow","max-snippet":"max-snippet:-1","max-image-preview":"max-image-preview:large","max-video-preview":"max-video-preview:-1"},"canonical":"https:\/\/www.babcock-wanson.com\/fr\/produits\/chaudieres-de-recuperation\/ext-chaudiere-de-recuperation-serpentins\/","og_locale":"fr_FR","og_type":"article","og_title":"EXT Chaudi\u00e8re de r\u00e9cup\u00e9ration serpentins","og_description":"La s\u00e9rie EXT est construite en utilisant plusieurs serpentins tubulaires concentriques avec des passages de flux de gaz entre les rang\u00e9es de serpentins, assurant une faible chute de pression et une vitesse de gaz \u00e9lev\u00e9e autonettoyante.","og_url":"https:\/\/www.babcock-wanson.com\/fr\/produits\/chaudieres-de-recuperation\/ext-chaudiere-de-recuperation-serpentins\/","og_site_name":"Babcock Wanson","article_modified_time":"2021-11-08T16:07:25+00:00","og_image":[{"width":600,"height":400,"url":"https:\/\/www.babcock-wanson.com\/wp-content\/uploads\/2019\/02\/EXT-3.jpg","type":"image\/jpeg"}],"twitter_card":"summary_large_image","twitter_misc":{"Est. reading time":"1 minute"},"schema":{"@context":"https:\/\/schema.org","@graph":[{"@type":"WebPage","@id":"https:\/\/www.babcock-wanson.com\/fr\/produits\/chaudieres-de-recuperation\/ext-chaudiere-de-recuperation-serpentins\/","url":"https:\/\/www.babcock-wanson.com\/fr\/produits\/chaudieres-de-recuperation\/ext-chaudiere-de-recuperation-serpentins\/","name":"S\u00e9rie EXT r\u00e9cup\u00e9rateur de chaleur \u00e0 serpentins - Babcock Wanson","isPartOf":{"@id":"https:\/\/www.babcock-wanson.com\/fr\/#website"},"primaryImageOfPage":{"@id":"https:\/\/www.babcock-wanson.com\/fr\/produits\/chaudieres-de-recuperation\/ext-chaudiere-de-recuperation-serpentins\/#primaryimage"},"image":{"@id":"https:\/\/www.babcock-wanson.com\/fr\/produits\/chaudieres-de-recuperation\/ext-chaudiere-de-recuperation-serpentins\/#primaryimage"},"thumbnailUrl":"https:\/\/www.babcock-wanson.com\/wp-content\/uploads\/2019\/02\/EXT-3.jpg","datePublished":"2019-02-12T16:21:00+00:00","dateModified":"2021-11-08T16:07:25+00:00","description":"La s\u00e9rie EXT est construite en utilisant plusieurs serpentins tubulaires concentriques avec des passages de flux de gaz entre les rang\u00e9es de serpentins, assurant une faible chute de pression et une vitesse de gaz \u00e9lev\u00e9e autonettoyante.","breadcrumb":{"@id":"https:\/\/www.babcock-wanson.com\/fr\/produits\/chaudieres-de-recuperation\/ext-chaudiere-de-recuperation-serpentins\/#breadcrumb"},"inLanguage":"fr-FR","potentialAction":[{"@type":"ReadAction","target":["https:\/\/www.babcock-wanson.com\/fr\/produits\/chaudieres-de-recuperation\/ext-chaudiere-de-recuperation-serpentins\/"]}]},{"@type":"ImageObject","inLanguage":"fr-FR","@id":"https:\/\/www.babcock-wanson.com\/fr\/produits\/chaudieres-de-recuperation\/ext-chaudiere-de-recuperation-serpentins\/#primaryimage","url":"https:\/\/www.babcock-wanson.com\/wp-content\/uploads\/2019\/02\/EXT-3.jpg","contentUrl":"https:\/\/www.babcock-wanson.com\/wp-content\/uploads\/2019\/02\/EXT-3.jpg","width":600,"height":400,"caption":"S\u00e9rie EXT"},{"@type":"BreadcrumbList","@id":"https:\/\/www.babcock-wanson.com\/fr\/produits\/chaudieres-de-recuperation\/ext-chaudiere-de-recuperation-serpentins\/#breadcrumb","itemListElement":[{"@type":"ListItem","position":1,"name":"Accueil","item":"https:\/\/www.babcock-wanson.com\/fr\/"},{"@type":"ListItem","position":2,"name":"Produits","item":"https:\/\/www.babcock-wanson.com\/fr\/shop\/"},{"@type":"ListItem","position":3,"name":"Syst\u00e8mes de r\u00e9cup\u00e9ration","item":"https:\/\/www.babcock-wanson.com\/fr\/categorie-produit\/chaudieres-de-recuperation\/"},{"@type":"ListItem","position":4,"name":"EXT Chaudi\u00e8re de r\u00e9cup\u00e9ration serpentins"}]},{"@type":"WebSite","@id":"https:\/\/www.babcock-wanson.com\/fr\/#website","url":"https:\/\/www.babcock-wanson.com\/fr\/","name":"Babcock Wanson","description":"","publisher":{"@id":"https:\/\/www.babcock-wanson.com\/fr\/#organization"},"potentialAction":[{"@type":"SearchAction","target":{"@type":"EntryPoint","urlTemplate":"https:\/\/www.babcock-wanson.com\/fr\/?s={search_term_string}"},"query-input":{"@type":"PropertyValueSpecification","valueRequired":true,"valueName":"search_term_string"}}],"inLanguage":"fr-FR"},{"@type":"Organization","@id":"https:\/\/www.babcock-wanson.com\/fr\/#organization","name":"Babcock Wanson","url":"https:\/\/www.babcock-wanson.com\/fr\/","logo":{"@type":"ImageObject","inLanguage":"fr-FR","@id":"https:\/\/www.babcock-wanson.com\/fr\/#\/schema\/logo\/image\/","url":"https:\/\/www.babcock-wanson.com\/wp-content\/uploads\/2024\/02\/Babcock-Wanson-1200x1200-1.png","contentUrl":"https:\/\/www.babcock-wanson.com\/wp-content\/uploads\/2024\/02\/Babcock-Wanson-1200x1200-1.png","width":1200,"height":1200,"caption":"Babcock Wanson"},"image":{"@id":"https:\/\/www.babcock-wanson.com\/fr\/#\/schema\/logo\/image\/"},"sameAs":["https:\/\/www.linkedin.com\/company\/babcock-wanson\/","https:\/\/www.youtube.com\/channel\/UCtxl25VieBBsP2kYmtlyv7A"]}]}},"jetpack_sharing_enabled":true,"_links":{"self":[{"href":"https:\/\/www.babcock-wanson.com\/fr\/wp-json\/wp\/v2\/product\/23578","targetHints":{"allow":["GET"]}}],"collection":[{"href":"https:\/\/www.babcock-wanson.com\/fr\/wp-json\/wp\/v2\/product"}],"about":[{"href":"https:\/\/www.babcock-wanson.com\/fr\/wp-json\/wp\/v2\/types\/product"}],"replies":[{"embeddable":true,"href":"https:\/\/www.babcock-wanson.com\/fr\/wp-json\/wp\/v2\/comments?post=23578"}],"wp:featuredmedia":[{"embeddable":true,"href":"https:\/\/www.babcock-wanson.com\/fr\/wp-json\/wp\/v2\/media\/23583"}],"wp:attachment":[{"href":"https:\/\/www.babcock-wanson.com\/fr\/wp-json\/wp\/v2\/media?parent=23578"}],"wp:term":[{"taxonomy":"product_brand","embeddable":true,"href":"https:\/\/www.babcock-wanson.com\/fr\/wp-json\/wp\/v2\/product_brand?post=23578"},{"taxonomy":"product_cat","embeddable":true,"href":"https:\/\/www.babcock-wanson.com\/fr\/wp-json\/wp\/v2\/product_cat?post=23578"},{"taxonomy":"product_tag","embeddable":true,"href":"https:\/\/www.babcock-wanson.com\/fr\/wp-json\/wp\/v2\/product_tag?post=23578"}],"curies":[{"name":"wp","href":"https:\/\/api.w.org\/{rel}","templated":true}]}}