{"id":23584,"date":"2019-02-11T15:04:13","date_gmt":"2019-02-11T15:04:13","guid":{"rendered":"https:\/\/www.babcock-wanson.com\/products\/non%20class\u00e9\/serie-sov-soas-saoc\/"},"modified":"2021-11-08T16:24:09","modified_gmt":"2021-11-08T16:24:09","slug":"sov-soas-saoc","status":"publish","type":"product","link":"https:\/\/www.babcock-wanson.com\/fr\/produits\/chaudieres-de-recuperation\/sov-soas-saoc\/","title":{"rendered":"SOV-SOAS-SAOC : \u00e9changeur fluide thermique"},"content":{"rendered":"","protected":false},"excerpt":{"rendered":"<p>En plus d&rsquo;utiliser le fluide thermique chauff\u00e9 dans une unit\u00e9 de <a href=\"https:\/\/www.babcock-wanson.com\/fr\/categorie-produit\/chaudieres-de-recuperation\/\" target=\"_blank\" rel=\"noopener\">r\u00e9cup\u00e9ration de chaleur<\/a> EXT, les process chauff\u00e9s \u00e0 l&rsquo;aide de fluide thermique peuvent \u00e9galement pr\u00e9senter une demande en vapeur, en eau chaude ou en eau surchauff\u00e9e. Babcock Wanson fournit des \u00e9changeurs de chaleur sp\u00e9cialement adapt\u00e9s aux besoins des process industriels et con\u00e7us pour fonctionner avec diff\u00e9rents fluides. Une commande marche\/arr\u00eat enti\u00e8rement modulante (ou plus simple pour les plus petites unit\u00e9s) est incorpor\u00e9e pour r\u00e9pondre aux exigences du process.<\/p>\n<p>&nbsp;<\/p>\n<ul>\n<li>L&rsquo;\u00e9changeur fluide thermique SOV est con\u00e7ue pour produire de la vapeur jusqu&rsquo;\u00e0 65 bar<\/li>\n<li>Le SOAS produit de l&rsquo;eau surchauff\u00e9e<\/li>\n<li>Le SOAC produit de l&rsquo;eau chaude<\/li>\n<\/ul>\n<p>Babcock Wanson peut mettre en \u0153uvre les solutions thermiques requises pour diff\u00e9rents types de de process industriels.<\/p>\n","protected":false},"featured_media":23080,"comment_status":"closed","ping_status":"closed","template":"","meta":{"_acf_changed":false,"_relevanssi_hide_post":"","_relevanssi_hide_content":"","_relevanssi_pin_for_all":"","_relevanssi_pin_keywords":"","_relevanssi_unpin_keywords":"","_relevanssi_related_keywords":"","_relevanssi_related_include_ids":"","_relevanssi_related_exclude_ids":"","_relevanssi_related_no_append":"","_relevanssi_related_not_related":"","_relevanssi_related_posts":"","_relevanssi_noindex_reason":""},"product_brand":[],"product_cat":[2651],"product_tag":[],"class_list":{"0":"post-23584","1":"product","2":"type-product","3":"status-publish","4":"has-post-thumbnail","6":"product_cat-chaudieres-de-recuperation","8":"first","9":"instock","10":"shipping-taxable","11":"product-type-simple"},"acf":[],"yoast_head":"<!-- This site is optimized with the Yoast SEO Premium plugin v27.1 (Yoast SEO v27.1.1) - https:\/\/yoast.com\/product\/yoast-seo-premium-wordpress\/ -->\n<title>SOV-SOAS-SAOC : \u00e9changeur fluide thermique - Babcock Wanson<\/title>\n<meta name=\"description\" content=\"En plus d&#039;utiliser le fluide thermique chauff\u00e9 dans une unit\u00e9 de r\u00e9cup\u00e9ration de chaleur EXT, les proc\u00e9d\u00e9s chauff\u00e9s au fluide thermique peuvent \u00e9galement r\u00e9pondre \u00e0 une demande de vapeur, d&#039;eau chaude ou d&#039;eau surchauff\u00e9e.\" \/>\n<meta name=\"robots\" content=\"index, follow, max-snippet:-1, max-image-preview:large, max-video-preview:-1\" \/>\n<link rel=\"canonical\" href=\"https:\/\/www.babcock-wanson.com\/fr\/produits\/chaudieres-de-recuperation\/sov-soas-saoc\/\" \/>\n<meta property=\"og:locale\" content=\"fr_FR\" \/>\n<meta property=\"og:type\" content=\"article\" \/>\n<meta property=\"og:title\" content=\"SOV-SOAS-SAOC : \u00e9changeur fluide thermique\" \/>\n<meta property=\"og:description\" content=\"En plus d&#039;utiliser le fluide thermique chauff\u00e9 dans une unit\u00e9 de r\u00e9cup\u00e9ration de chaleur EXT, les proc\u00e9d\u00e9s chauff\u00e9s au fluide thermique peuvent \u00e9galement r\u00e9pondre \u00e0 une demande de vapeur, d&#039;eau chaude ou d&#039;eau surchauff\u00e9e.\" \/>\n<meta property=\"og:url\" content=\"https:\/\/www.babcock-wanson.com\/fr\/produits\/chaudieres-de-recuperation\/sov-soas-saoc\/\" \/>\n<meta property=\"og:site_name\" content=\"Babcock Wanson\" \/>\n<meta property=\"article:modified_time\" content=\"2021-11-08T16:24:09+00:00\" \/>\n<meta property=\"og:image\" content=\"https:\/\/www.babcock-wanson.com\/wp-content\/uploads\/2019\/02\/SOV-SOAS-SAOC-Series-Thermal-Fluid-Heat-Exchanger-1.jgp_.jpg\" \/>\n\t<meta property=\"og:image:width\" content=\"600\" \/>\n\t<meta property=\"og:image:height\" content=\"400\" \/>\n\t<meta property=\"og:image:type\" content=\"image\/jpeg\" \/>\n<meta name=\"twitter:card\" content=\"summary_large_image\" \/>\n<script type=\"application\/ld+json\" class=\"yoast-schema-graph\">{\"@context\":\"https:\/\/schema.org\",\"@graph\":[{\"@type\":\"WebPage\",\"@id\":\"https:\/\/www.babcock-wanson.com\/fr\/produits\/chaudieres-de-recuperation\/sov-soas-saoc\/\",\"url\":\"https:\/\/www.babcock-wanson.com\/fr\/produits\/chaudieres-de-recuperation\/sov-soas-saoc\/\",\"name\":\"SOV-SOAS-SAOC : \u00e9changeur fluide thermique - Babcock Wanson\",\"isPartOf\":{\"@id\":\"https:\/\/www.babcock-wanson.com\/fr\/#website\"},\"primaryImageOfPage\":{\"@id\":\"https:\/\/www.babcock-wanson.com\/fr\/produits\/chaudieres-de-recuperation\/sov-soas-saoc\/#primaryimage\"},\"image\":{\"@id\":\"https:\/\/www.babcock-wanson.com\/fr\/produits\/chaudieres-de-recuperation\/sov-soas-saoc\/#primaryimage\"},\"thumbnailUrl\":\"https:\/\/www.babcock-wanson.com\/wp-content\/uploads\/2019\/02\/SOV-SOAS-SAOC-Series-Thermal-Fluid-Heat-Exchanger-1.jgp_.jpg\",\"datePublished\":\"2019-02-11T15:04:13+00:00\",\"dateModified\":\"2021-11-08T16:24:09+00:00\",\"description\":\"En plus d'utiliser le fluide thermique chauff\u00e9 dans une unit\u00e9 de r\u00e9cup\u00e9ration de chaleur EXT, les proc\u00e9d\u00e9s chauff\u00e9s au fluide thermique peuvent \u00e9galement r\u00e9pondre \u00e0 une demande de vapeur, d'eau chaude ou d'eau surchauff\u00e9e.\",\"breadcrumb\":{\"@id\":\"https:\/\/www.babcock-wanson.com\/fr\/produits\/chaudieres-de-recuperation\/sov-soas-saoc\/#breadcrumb\"},\"inLanguage\":\"fr-FR\",\"potentialAction\":[{\"@type\":\"ReadAction\",\"target\":[\"https:\/\/www.babcock-wanson.com\/fr\/produits\/chaudieres-de-recuperation\/sov-soas-saoc\/\"]}]},{\"@type\":\"ImageObject\",\"inLanguage\":\"fr-FR\",\"@id\":\"https:\/\/www.babcock-wanson.com\/fr\/produits\/chaudieres-de-recuperation\/sov-soas-saoc\/#primaryimage\",\"url\":\"https:\/\/www.babcock-wanson.com\/wp-content\/uploads\/2019\/02\/SOV-SOAS-SAOC-Series-Thermal-Fluid-Heat-Exchanger-1.jgp_.jpg\",\"contentUrl\":\"https:\/\/www.babcock-wanson.com\/wp-content\/uploads\/2019\/02\/SOV-SOAS-SAOC-Series-Thermal-Fluid-Heat-Exchanger-1.jgp_.jpg\",\"width\":600,\"height\":400,\"caption\":\"SOV-SOAS-SAOC-Series-fluide thermique\"},{\"@type\":\"BreadcrumbList\",\"@id\":\"https:\/\/www.babcock-wanson.com\/fr\/produits\/chaudieres-de-recuperation\/sov-soas-saoc\/#breadcrumb\",\"itemListElement\":[{\"@type\":\"ListItem\",\"position\":1,\"name\":\"Accueil\",\"item\":\"https:\/\/www.babcock-wanson.com\/fr\/\"},{\"@type\":\"ListItem\",\"position\":2,\"name\":\"Produits\",\"item\":\"https:\/\/www.babcock-wanson.com\/fr\/shop\/\"},{\"@type\":\"ListItem\",\"position\":3,\"name\":\"Syst\u00e8mes de r\u00e9cup\u00e9ration\",\"item\":\"https:\/\/www.babcock-wanson.com\/fr\/categorie-produit\/chaudieres-de-recuperation\/\"},{\"@type\":\"ListItem\",\"position\":4,\"name\":\"SOV-SOAS-SAOC : \u00e9changeur fluide thermique\"}]},{\"@type\":\"WebSite\",\"@id\":\"https:\/\/www.babcock-wanson.com\/fr\/#website\",\"url\":\"https:\/\/www.babcock-wanson.com\/fr\/\",\"name\":\"Babcock Wanson\",\"description\":\"\",\"publisher\":{\"@id\":\"https:\/\/www.babcock-wanson.com\/fr\/#organization\"},\"potentialAction\":[{\"@type\":\"SearchAction\",\"target\":{\"@type\":\"EntryPoint\",\"urlTemplate\":\"https:\/\/www.babcock-wanson.com\/fr\/?s={search_term_string}\"},\"query-input\":{\"@type\":\"PropertyValueSpecification\",\"valueRequired\":true,\"valueName\":\"search_term_string\"}}],\"inLanguage\":\"fr-FR\"},{\"@type\":\"Organization\",\"@id\":\"https:\/\/www.babcock-wanson.com\/fr\/#organization\",\"name\":\"Babcock Wanson\",\"url\":\"https:\/\/www.babcock-wanson.com\/fr\/\",\"logo\":{\"@type\":\"ImageObject\",\"inLanguage\":\"fr-FR\",\"@id\":\"https:\/\/www.babcock-wanson.com\/fr\/#\/schema\/logo\/image\/\",\"url\":\"https:\/\/www.babcock-wanson.com\/wp-content\/uploads\/2024\/02\/Babcock-Wanson-1200x1200-1.png\",\"contentUrl\":\"https:\/\/www.babcock-wanson.com\/wp-content\/uploads\/2024\/02\/Babcock-Wanson-1200x1200-1.png\",\"width\":1200,\"height\":1200,\"caption\":\"Babcock Wanson\"},\"image\":{\"@id\":\"https:\/\/www.babcock-wanson.com\/fr\/#\/schema\/logo\/image\/\"},\"sameAs\":[\"https:\/\/www.linkedin.com\/company\/babcock-wanson\/\",\"https:\/\/www.youtube.com\/channel\/UCtxl25VieBBsP2kYmtlyv7A\"]}]}<\/script>\n<!-- \/ Yoast SEO Premium plugin. -->","yoast_head_json":{"title":"SOV-SOAS-SAOC : \u00e9changeur fluide thermique - Babcock Wanson","description":"En plus d'utiliser le fluide thermique chauff\u00e9 dans une unit\u00e9 de r\u00e9cup\u00e9ration de chaleur EXT, les proc\u00e9d\u00e9s chauff\u00e9s au fluide thermique peuvent \u00e9galement r\u00e9pondre \u00e0 une demande de vapeur, d'eau chaude ou d'eau surchauff\u00e9e.","robots":{"index":"index","follow":"follow","max-snippet":"max-snippet:-1","max-image-preview":"max-image-preview:large","max-video-preview":"max-video-preview:-1"},"canonical":"https:\/\/www.babcock-wanson.com\/fr\/produits\/chaudieres-de-recuperation\/sov-soas-saoc\/","og_locale":"fr_FR","og_type":"article","og_title":"SOV-SOAS-SAOC : \u00e9changeur fluide thermique","og_description":"En plus d'utiliser le fluide thermique chauff\u00e9 dans une unit\u00e9 de r\u00e9cup\u00e9ration de chaleur EXT, les proc\u00e9d\u00e9s chauff\u00e9s au fluide thermique peuvent \u00e9galement r\u00e9pondre \u00e0 une demande de vapeur, d'eau chaude ou d'eau surchauff\u00e9e.","og_url":"https:\/\/www.babcock-wanson.com\/fr\/produits\/chaudieres-de-recuperation\/sov-soas-saoc\/","og_site_name":"Babcock Wanson","article_modified_time":"2021-11-08T16:24:09+00:00","og_image":[{"width":600,"height":400,"url":"https:\/\/www.babcock-wanson.com\/wp-content\/uploads\/2019\/02\/SOV-SOAS-SAOC-Series-Thermal-Fluid-Heat-Exchanger-1.jgp_.jpg","type":"image\/jpeg"}],"twitter_card":"summary_large_image","schema":{"@context":"https:\/\/schema.org","@graph":[{"@type":"WebPage","@id":"https:\/\/www.babcock-wanson.com\/fr\/produits\/chaudieres-de-recuperation\/sov-soas-saoc\/","url":"https:\/\/www.babcock-wanson.com\/fr\/produits\/chaudieres-de-recuperation\/sov-soas-saoc\/","name":"SOV-SOAS-SAOC : \u00e9changeur fluide thermique - Babcock Wanson","isPartOf":{"@id":"https:\/\/www.babcock-wanson.com\/fr\/#website"},"primaryImageOfPage":{"@id":"https:\/\/www.babcock-wanson.com\/fr\/produits\/chaudieres-de-recuperation\/sov-soas-saoc\/#primaryimage"},"image":{"@id":"https:\/\/www.babcock-wanson.com\/fr\/produits\/chaudieres-de-recuperation\/sov-soas-saoc\/#primaryimage"},"thumbnailUrl":"https:\/\/www.babcock-wanson.com\/wp-content\/uploads\/2019\/02\/SOV-SOAS-SAOC-Series-Thermal-Fluid-Heat-Exchanger-1.jgp_.jpg","datePublished":"2019-02-11T15:04:13+00:00","dateModified":"2021-11-08T16:24:09+00:00","description":"En plus d'utiliser le fluide thermique chauff\u00e9 dans une unit\u00e9 de r\u00e9cup\u00e9ration de chaleur EXT, les proc\u00e9d\u00e9s chauff\u00e9s au fluide thermique peuvent \u00e9galement r\u00e9pondre \u00e0 une demande de vapeur, d'eau chaude ou d'eau surchauff\u00e9e.","breadcrumb":{"@id":"https:\/\/www.babcock-wanson.com\/fr\/produits\/chaudieres-de-recuperation\/sov-soas-saoc\/#breadcrumb"},"inLanguage":"fr-FR","potentialAction":[{"@type":"ReadAction","target":["https:\/\/www.babcock-wanson.com\/fr\/produits\/chaudieres-de-recuperation\/sov-soas-saoc\/"]}]},{"@type":"ImageObject","inLanguage":"fr-FR","@id":"https:\/\/www.babcock-wanson.com\/fr\/produits\/chaudieres-de-recuperation\/sov-soas-saoc\/#primaryimage","url":"https:\/\/www.babcock-wanson.com\/wp-content\/uploads\/2019\/02\/SOV-SOAS-SAOC-Series-Thermal-Fluid-Heat-Exchanger-1.jgp_.jpg","contentUrl":"https:\/\/www.babcock-wanson.com\/wp-content\/uploads\/2019\/02\/SOV-SOAS-SAOC-Series-Thermal-Fluid-Heat-Exchanger-1.jgp_.jpg","width":600,"height":400,"caption":"SOV-SOAS-SAOC-Series-fluide thermique"},{"@type":"BreadcrumbList","@id":"https:\/\/www.babcock-wanson.com\/fr\/produits\/chaudieres-de-recuperation\/sov-soas-saoc\/#breadcrumb","itemListElement":[{"@type":"ListItem","position":1,"name":"Accueil","item":"https:\/\/www.babcock-wanson.com\/fr\/"},{"@type":"ListItem","position":2,"name":"Produits","item":"https:\/\/www.babcock-wanson.com\/fr\/shop\/"},{"@type":"ListItem","position":3,"name":"Syst\u00e8mes de r\u00e9cup\u00e9ration","item":"https:\/\/www.babcock-wanson.com\/fr\/categorie-produit\/chaudieres-de-recuperation\/"},{"@type":"ListItem","position":4,"name":"SOV-SOAS-SAOC : \u00e9changeur fluide thermique"}]},{"@type":"WebSite","@id":"https:\/\/www.babcock-wanson.com\/fr\/#website","url":"https:\/\/www.babcock-wanson.com\/fr\/","name":"Babcock Wanson","description":"","publisher":{"@id":"https:\/\/www.babcock-wanson.com\/fr\/#organization"},"potentialAction":[{"@type":"SearchAction","target":{"@type":"EntryPoint","urlTemplate":"https:\/\/www.babcock-wanson.com\/fr\/?s={search_term_string}"},"query-input":{"@type":"PropertyValueSpecification","valueRequired":true,"valueName":"search_term_string"}}],"inLanguage":"fr-FR"},{"@type":"Organization","@id":"https:\/\/www.babcock-wanson.com\/fr\/#organization","name":"Babcock Wanson","url":"https:\/\/www.babcock-wanson.com\/fr\/","logo":{"@type":"ImageObject","inLanguage":"fr-FR","@id":"https:\/\/www.babcock-wanson.com\/fr\/#\/schema\/logo\/image\/","url":"https:\/\/www.babcock-wanson.com\/wp-content\/uploads\/2024\/02\/Babcock-Wanson-1200x1200-1.png","contentUrl":"https:\/\/www.babcock-wanson.com\/wp-content\/uploads\/2024\/02\/Babcock-Wanson-1200x1200-1.png","width":1200,"height":1200,"caption":"Babcock Wanson"},"image":{"@id":"https:\/\/www.babcock-wanson.com\/fr\/#\/schema\/logo\/image\/"},"sameAs":["https:\/\/www.linkedin.com\/company\/babcock-wanson\/","https:\/\/www.youtube.com\/channel\/UCtxl25VieBBsP2kYmtlyv7A"]}]}},"jetpack_sharing_enabled":true,"_links":{"self":[{"href":"https:\/\/www.babcock-wanson.com\/fr\/wp-json\/wp\/v2\/product\/23584","targetHints":{"allow":["GET"]}}],"collection":[{"href":"https:\/\/www.babcock-wanson.com\/fr\/wp-json\/wp\/v2\/product"}],"about":[{"href":"https:\/\/www.babcock-wanson.com\/fr\/wp-json\/wp\/v2\/types\/product"}],"replies":[{"embeddable":true,"href":"https:\/\/www.babcock-wanson.com\/fr\/wp-json\/wp\/v2\/comments?post=23584"}],"wp:featuredmedia":[{"embeddable":true,"href":"https:\/\/www.babcock-wanson.com\/fr\/wp-json\/wp\/v2\/media\/23080"}],"wp:attachment":[{"href":"https:\/\/www.babcock-wanson.com\/fr\/wp-json\/wp\/v2\/media?parent=23584"}],"wp:term":[{"taxonomy":"product_brand","embeddable":true,"href":"https:\/\/www.babcock-wanson.com\/fr\/wp-json\/wp\/v2\/product_brand?post=23584"},{"taxonomy":"product_cat","embeddable":true,"href":"https:\/\/www.babcock-wanson.com\/fr\/wp-json\/wp\/v2\/product_cat?post=23584"},{"taxonomy":"product_tag","embeddable":true,"href":"https:\/\/www.babcock-wanson.com\/fr\/wp-json\/wp\/v2\/product_tag?post=23584"}],"curies":[{"name":"wp","href":"https:\/\/api.w.org\/{rel}","templated":true}]}}