{"id":23586,"date":"2018-09-19T14:07:31","date_gmt":"2018-09-19T13:07:31","guid":{"rendered":"https:\/\/www.babcock-wanson.com\/products\/non%20class\u00e9\/economiseur\/"},"modified":"2021-12-13T10:28:41","modified_gmt":"2021-12-13T10:28:41","slug":"economiseur","status":"publish","type":"product","link":"https:\/\/www.babcock-wanson.com\/fr\/produits\/chaudieres-de-recuperation\/economiseur\/","title":{"rendered":"\u00c9conomiseur"},"content":{"rendered":"<div class=\"vgblk-rw-wrapper limit-wrapper\">\n<h3>Calcul de votre gain en capital<\/h3>\n<p>Les \u00e9conomiseurs Babcock Wanson peuvent \u00eatre con\u00e7us pour fonctionner avec des alimentations en gaz naturel fixes et interruptibles, \u00e9liminant ainsi le besoin de syst\u00e8mes de d\u00e9rivation (by-pass) des gaz d&rsquo;\u00e9chappement co\u00fbteux et souvent complexes pour la majorit\u00e9 des installations.<\/p>\n<p>Construction : Tout en acier carbone ou en acier inoxydable (selon le type d&rsquo;\u00e9quipement)<\/p>\n<h3>Conditions d&rsquo;utilisation<\/h3>\n<ul>\n<li>Pression maximale de conception de la chaudi\u00e8re : g\u00e9n\u00e9ralement 28 bar<\/li>\n<li>Temp\u00e9rature maximale des gaz d&rsquo;\u00e9chappement : 300 \u00b0 C<\/li>\n<li>Pour les chaudi\u00e8res au gaz naturel, la temp\u00e9rature de l&rsquo;eau entrant dans l&rsquo;\u00e9conomiseur doit \u00eatre de \u2265 60 \u00b0 C. Cela permet g\u00e9n\u00e9ralement un gain de rendement de 5-6%<\/li>\n<li>Pour les chaudi\u00e8res au gazole, la temp\u00e9rature de l&rsquo;eau entrant dans l&rsquo;\u00e9conomiseur doit \u00eatre de \u2265 105 \u00b0 C ; gain de rendement de 5% en g\u00e9n\u00e9ral<\/li>\n<li>Un fonctionnement continu jusqu&rsquo;\u00e0 350 heures est possible, apr\u00e8s quoi un nettoyage des surfaces d&rsquo;\u00e9change \u00e0 l&rsquo;air ou \u00e0 la vapeur peut s&rsquo;av\u00e9rer n\u00e9cessaire<\/li>\n<\/ul>\n<p>Babcock Wanson peut offrir une garantie de 5 ans aux \u00e9conomiseurs \u00e0 condition que l&rsquo;entretien du br\u00fbleur et le <a href=\"https:\/\/www.babcock-wanson.com\/fr\/categorie-produit\/traitement-de-leau\/\" target=\"_blank\" rel=\"noopener\">traitement de l&rsquo;eau d&rsquo;alimentation<\/a> de la chaudi\u00e8re soient couverts par un contrat d&rsquo;entretien et de traitement des eaux Babcock Wanson.<\/p>\n<h2>\u00c9conomiseur r\u00e9cup\u00e9rateur de chaleur<\/h2>\n<div class=\"table-responsive\">\n<table>\n<tbody>\n<tr>\n<th class=\"bg-primary text-white\">Type d&rsquo;\u00e9conomiseur<\/th>\n<th>\u00c9conomiseur de gaz d&rsquo;\u00e9chappement mont\u00e9 dans le tiroir de la bo\u00eete arri\u00e8re de la chaudi\u00e8re<\/th>\n<th>\u00c9conomiseur mont\u00e9 dans un bo\u00eetier sur la sortie de fum\u00e9e<\/th>\n<th>\u00c9conomiseur de gaz d&rsquo;\u00e9chappement et \u00e9changeur d&rsquo;eau d&rsquo;alimentation<\/th>\n<th>\u00c9conomiseur de gaz d&rsquo;\u00e9chappement plus \u00e9changeur de fum\u00e9es\/eau\/air de combustion<\/th>\n<\/tr>\n<tr>\n<th>Conditions d&rsquo;application<\/th>\n<td>Gaz naturel seulement<\/td>\n<td>Gaz naturel \/ Gasoil, Pour applications mixtes<\/td>\n<td>Utilis\u00e9 en conjonction avec un d\u00e9gazeur thermique et lorsqu&rsquo;il y a une source de froid, p. ex. de l&rsquo;eau trait\u00e9e \u00e0 l&rsquo;arriv\u00e9e et un taux de retour du condensat &lt;50 %.<\/td>\n<td>Proc\u00e9d\u00e9 avec 85 \u00e0 90% de retour de condensat et un d\u00e9bit de vapeur sup\u00e9rieur \u00e0 15 t\/h<\/td>\n<\/tr>\n<tr>\n<th class=\"border-top-0\">Gain de rendement<\/th>\n<td>4 \u00e0 5%<\/td>\n<td>5 \u00e0 6%<\/td>\n<td>5 \u00e0 6%<\/td>\n<td>En fonction des conditions d&rsquo;utilisation<\/td>\n<\/tr>\n<tr class=\"table-secondary \">\n<th class=\"bg-secondary text-white\">Retour sur investissement *<\/th>\n<td>Moins d&rsquo;un an<\/td>\n<td>Moins d&rsquo;un an<\/td>\n<td>Moins de 3 ans<\/td>\n<td>Moins de 3 ans<\/td>\n<\/tr>\n<\/tbody>\n<\/table>\n<\/div>\n<p>* Ces valeurs d\u00e9pendent strictement des conditions de fonctionnement de la chaudi\u00e8re.<\/p><\/div>\n<p><!-- .vgblk-rw-wrapper --><\/p>\n","protected":false},"excerpt":{"rendered":"<p>Fort de son expertise en mati\u00e8re d&rsquo;efficacit\u00e9 \u00e9nerg\u00e9tique, de conception et d&rsquo;<a href=\"https:\/\/www.babcock-wanson.com\/fr\/nos-services\/reparation-et-modernisation\/optimisation-de-chaufferie-industrielle\/\" target=\"_blank\" rel=\"noopener\">optimisation des chaudi\u00e8res<\/a>, Babcock Wanson propose une large gamme d&rsquo;\u00e9conomiseurs parfaitement adapt\u00e9s aux chaudi\u00e8res sur lesquelles ils seront install\u00e9s. Ces \u00e9conomiseurs r\u00e9cup\u00e8rent la chaleur des fum\u00e9es de combustion et la redirige vers l&rsquo;eau d&rsquo;alimentation de la chaudi\u00e8re, optimisant ainsi l&rsquo;efficacit\u00e9 globale de l&rsquo;installation de la mani\u00e8re la plus pr\u00e9cise et la plus rentable.<\/p>\n<p>Les \u00e9conomies d&rsquo;\u00e9nergie et l&rsquo;efficacit\u00e9 \u00e9nerg\u00e9tique sont des facteurs cl\u00e9s pour l&rsquo;industrie moderne. La chaudi\u00e8re \u00e0 vapeur est l&rsquo;un des postes de consommation d&rsquo;\u00e9nergie les plus importants d&rsquo;un site de production et, par cons\u00e9quent, l&rsquo;investissement dans des \u00e9quipements \u00e9conomes en \u00e9nergie devrait toujours offrir un tr\u00e8s bon retour sur investissement.<\/p>\n<p>Des \u00e9conomiseurs avanc\u00e9s et robustes peuvent augmenter consid\u00e9rablement l&rsquo;efficacit\u00e9 des chaudi\u00e8res, souvent \u00e0 tel point qu\u2019il faut parfois moins d\u2019un an pour observer un retour sur investissement. \u00c0 ce jour, plus de 600 \u00e9conomiseurs Babcock Wanson ont \u00e9t\u00e9 install\u00e9s sur des chaudi\u00e8res existantes.<\/p>\n","protected":false},"featured_media":23587,"comment_status":"closed","ping_status":"closed","template":"","meta":{"_acf_changed":false,"_relevanssi_hide_post":"","_relevanssi_hide_content":"","_relevanssi_pin_for_all":"","_relevanssi_pin_keywords":"","_relevanssi_unpin_keywords":"","_relevanssi_related_keywords":"","_relevanssi_related_include_ids":"","_relevanssi_related_exclude_ids":"","_relevanssi_related_no_append":"","_relevanssi_related_not_related":"","_relevanssi_related_posts":"","_relevanssi_noindex_reason":""},"product_brand":[],"product_cat":[2651],"product_tag":[],"class_list":{"0":"post-23586","1":"product","2":"type-product","3":"status-publish","4":"has-post-thumbnail","6":"product_cat-chaudieres-de-recuperation","8":"first","9":"instock","10":"shipping-taxable","11":"product-type-simple"},"acf":[],"yoast_head":"<!-- This site is optimized with the Yoast SEO Premium plugin v27.1 (Yoast SEO v27.1.1) - https:\/\/yoast.com\/product\/yoast-seo-premium-wordpress\/ -->\n<title>\u00c9conomiseur - Babcock Wanson<\/title>\n<meta name=\"description\" content=\"Fort de son expertise en mati\u00e8re d&#039;efficacit\u00e9 \u00e9nerg\u00e9tique, de conception et d&#039;optimisation des chaudi\u00e8res, Babcock Wanson propose une large gamme d&#039;\u00e9conomiseurs parfaitement adapt\u00e9s aux chaudi\u00e8res sur lesquelles ils seront install\u00e9s.\" \/>\n<meta name=\"robots\" content=\"index, follow, max-snippet:-1, max-image-preview:large, max-video-preview:-1\" \/>\n<link rel=\"canonical\" href=\"https:\/\/www.babcock-wanson.com\/fr\/produits\/chaudieres-de-recuperation\/economiseur\/\" \/>\n<meta property=\"og:locale\" content=\"fr_FR\" \/>\n<meta property=\"og:type\" content=\"article\" \/>\n<meta property=\"og:title\" content=\"\u00c9conomiseur\" \/>\n<meta property=\"og:description\" content=\"Fort de son expertise en mati\u00e8re d&#039;efficacit\u00e9 \u00e9nerg\u00e9tique, de conception et d&#039;optimisation des chaudi\u00e8res, Babcock Wanson propose une large gamme d&#039;\u00e9conomiseurs parfaitement adapt\u00e9s aux chaudi\u00e8res sur lesquelles ils seront install\u00e9s.\" \/>\n<meta property=\"og:url\" content=\"https:\/\/www.babcock-wanson.com\/fr\/produits\/chaudieres-de-recuperation\/economiseur\/\" \/>\n<meta property=\"og:site_name\" content=\"Babcock Wanson\" \/>\n<meta property=\"article:modified_time\" content=\"2021-12-13T10:28:41+00:00\" \/>\n<meta property=\"og:image\" content=\"https:\/\/www.babcock-wanson.com\/wp-content\/uploads\/2018\/09\/Economiser-2.jpg\" \/>\n\t<meta property=\"og:image:width\" content=\"600\" \/>\n\t<meta property=\"og:image:height\" content=\"400\" \/>\n\t<meta property=\"og:image:type\" content=\"image\/jpeg\" \/>\n<meta name=\"twitter:card\" content=\"summary_large_image\" \/>\n<meta name=\"twitter:label1\" content=\"Est. reading time\" \/>\n\t<meta name=\"twitter:data1\" content=\"2 minutes\" \/>\n<script type=\"application\/ld+json\" class=\"yoast-schema-graph\">{\"@context\":\"https:\/\/schema.org\",\"@graph\":[{\"@type\":\"WebPage\",\"@id\":\"https:\/\/www.babcock-wanson.com\/fr\/produits\/chaudieres-de-recuperation\/economiseur\/\",\"url\":\"https:\/\/www.babcock-wanson.com\/fr\/produits\/chaudieres-de-recuperation\/economiseur\/\",\"name\":\"\u00c9conomiseur - Babcock Wanson\",\"isPartOf\":{\"@id\":\"https:\/\/www.babcock-wanson.com\/fr\/#website\"},\"primaryImageOfPage\":{\"@id\":\"https:\/\/www.babcock-wanson.com\/fr\/produits\/chaudieres-de-recuperation\/economiseur\/#primaryimage\"},\"image\":{\"@id\":\"https:\/\/www.babcock-wanson.com\/fr\/produits\/chaudieres-de-recuperation\/economiseur\/#primaryimage\"},\"thumbnailUrl\":\"https:\/\/www.babcock-wanson.com\/wp-content\/uploads\/2018\/09\/Economiser-2.jpg\",\"datePublished\":\"2018-09-19T13:07:31+00:00\",\"dateModified\":\"2021-12-13T10:28:41+00:00\",\"description\":\"Fort de son expertise en mati\u00e8re d'efficacit\u00e9 \u00e9nerg\u00e9tique, de conception et d'optimisation des chaudi\u00e8res, Babcock Wanson propose une large gamme d'\u00e9conomiseurs parfaitement adapt\u00e9s aux chaudi\u00e8res sur lesquelles ils seront install\u00e9s.\",\"breadcrumb\":{\"@id\":\"https:\/\/www.babcock-wanson.com\/fr\/produits\/chaudieres-de-recuperation\/economiseur\/#breadcrumb\"},\"inLanguage\":\"fr-FR\",\"potentialAction\":[{\"@type\":\"ReadAction\",\"target\":[\"https:\/\/www.babcock-wanson.com\/fr\/produits\/chaudieres-de-recuperation\/economiseur\/\"]}]},{\"@type\":\"ImageObject\",\"inLanguage\":\"fr-FR\",\"@id\":\"https:\/\/www.babcock-wanson.com\/fr\/produits\/chaudieres-de-recuperation\/economiseur\/#primaryimage\",\"url\":\"https:\/\/www.babcock-wanson.com\/wp-content\/uploads\/2018\/09\/Economiser-2.jpg\",\"contentUrl\":\"https:\/\/www.babcock-wanson.com\/wp-content\/uploads\/2018\/09\/Economiser-2.jpg\",\"width\":600,\"height\":400,\"caption\":\"\u00c9conomiseur Chaudi\u00e8re Industrielle\"},{\"@type\":\"BreadcrumbList\",\"@id\":\"https:\/\/www.babcock-wanson.com\/fr\/produits\/chaudieres-de-recuperation\/economiseur\/#breadcrumb\",\"itemListElement\":[{\"@type\":\"ListItem\",\"position\":1,\"name\":\"Accueil\",\"item\":\"https:\/\/www.babcock-wanson.com\/fr\/\"},{\"@type\":\"ListItem\",\"position\":2,\"name\":\"Produits\",\"item\":\"https:\/\/www.babcock-wanson.com\/fr\/shop\/\"},{\"@type\":\"ListItem\",\"position\":3,\"name\":\"Syst\u00e8mes de r\u00e9cup\u00e9ration\",\"item\":\"https:\/\/www.babcock-wanson.com\/fr\/categorie-produit\/chaudieres-de-recuperation\/\"},{\"@type\":\"ListItem\",\"position\":4,\"name\":\"\u00c9conomiseur\"}]},{\"@type\":\"WebSite\",\"@id\":\"https:\/\/www.babcock-wanson.com\/fr\/#website\",\"url\":\"https:\/\/www.babcock-wanson.com\/fr\/\",\"name\":\"Babcock Wanson\",\"description\":\"\",\"publisher\":{\"@id\":\"https:\/\/www.babcock-wanson.com\/fr\/#organization\"},\"potentialAction\":[{\"@type\":\"SearchAction\",\"target\":{\"@type\":\"EntryPoint\",\"urlTemplate\":\"https:\/\/www.babcock-wanson.com\/fr\/?s={search_term_string}\"},\"query-input\":{\"@type\":\"PropertyValueSpecification\",\"valueRequired\":true,\"valueName\":\"search_term_string\"}}],\"inLanguage\":\"fr-FR\"},{\"@type\":\"Organization\",\"@id\":\"https:\/\/www.babcock-wanson.com\/fr\/#organization\",\"name\":\"Babcock Wanson\",\"url\":\"https:\/\/www.babcock-wanson.com\/fr\/\",\"logo\":{\"@type\":\"ImageObject\",\"inLanguage\":\"fr-FR\",\"@id\":\"https:\/\/www.babcock-wanson.com\/fr\/#\/schema\/logo\/image\/\",\"url\":\"https:\/\/www.babcock-wanson.com\/wp-content\/uploads\/2024\/02\/Babcock-Wanson-1200x1200-1.png\",\"contentUrl\":\"https:\/\/www.babcock-wanson.com\/wp-content\/uploads\/2024\/02\/Babcock-Wanson-1200x1200-1.png\",\"width\":1200,\"height\":1200,\"caption\":\"Babcock Wanson\"},\"image\":{\"@id\":\"https:\/\/www.babcock-wanson.com\/fr\/#\/schema\/logo\/image\/\"},\"sameAs\":[\"https:\/\/www.linkedin.com\/company\/babcock-wanson\/\",\"https:\/\/www.youtube.com\/channel\/UCtxl25VieBBsP2kYmtlyv7A\"]}]}<\/script>\n<!-- \/ Yoast SEO Premium plugin. -->","yoast_head_json":{"title":"\u00c9conomiseur - Babcock Wanson","description":"Fort de son expertise en mati\u00e8re d'efficacit\u00e9 \u00e9nerg\u00e9tique, de conception et d'optimisation des chaudi\u00e8res, Babcock Wanson propose une large gamme d'\u00e9conomiseurs parfaitement adapt\u00e9s aux chaudi\u00e8res sur lesquelles ils seront install\u00e9s.","robots":{"index":"index","follow":"follow","max-snippet":"max-snippet:-1","max-image-preview":"max-image-preview:large","max-video-preview":"max-video-preview:-1"},"canonical":"https:\/\/www.babcock-wanson.com\/fr\/produits\/chaudieres-de-recuperation\/economiseur\/","og_locale":"fr_FR","og_type":"article","og_title":"\u00c9conomiseur","og_description":"Fort de son expertise en mati\u00e8re d'efficacit\u00e9 \u00e9nerg\u00e9tique, de conception et d'optimisation des chaudi\u00e8res, Babcock Wanson propose une large gamme d'\u00e9conomiseurs parfaitement adapt\u00e9s aux chaudi\u00e8res sur lesquelles ils seront install\u00e9s.","og_url":"https:\/\/www.babcock-wanson.com\/fr\/produits\/chaudieres-de-recuperation\/economiseur\/","og_site_name":"Babcock Wanson","article_modified_time":"2021-12-13T10:28:41+00:00","og_image":[{"width":600,"height":400,"url":"https:\/\/www.babcock-wanson.com\/wp-content\/uploads\/2018\/09\/Economiser-2.jpg","type":"image\/jpeg"}],"twitter_card":"summary_large_image","twitter_misc":{"Est. reading time":"2 minutes"},"schema":{"@context":"https:\/\/schema.org","@graph":[{"@type":"WebPage","@id":"https:\/\/www.babcock-wanson.com\/fr\/produits\/chaudieres-de-recuperation\/economiseur\/","url":"https:\/\/www.babcock-wanson.com\/fr\/produits\/chaudieres-de-recuperation\/economiseur\/","name":"\u00c9conomiseur - Babcock Wanson","isPartOf":{"@id":"https:\/\/www.babcock-wanson.com\/fr\/#website"},"primaryImageOfPage":{"@id":"https:\/\/www.babcock-wanson.com\/fr\/produits\/chaudieres-de-recuperation\/economiseur\/#primaryimage"},"image":{"@id":"https:\/\/www.babcock-wanson.com\/fr\/produits\/chaudieres-de-recuperation\/economiseur\/#primaryimage"},"thumbnailUrl":"https:\/\/www.babcock-wanson.com\/wp-content\/uploads\/2018\/09\/Economiser-2.jpg","datePublished":"2018-09-19T13:07:31+00:00","dateModified":"2021-12-13T10:28:41+00:00","description":"Fort de son expertise en mati\u00e8re d'efficacit\u00e9 \u00e9nerg\u00e9tique, de conception et d'optimisation des chaudi\u00e8res, Babcock Wanson propose une large gamme d'\u00e9conomiseurs parfaitement adapt\u00e9s aux chaudi\u00e8res sur lesquelles ils seront install\u00e9s.","breadcrumb":{"@id":"https:\/\/www.babcock-wanson.com\/fr\/produits\/chaudieres-de-recuperation\/economiseur\/#breadcrumb"},"inLanguage":"fr-FR","potentialAction":[{"@type":"ReadAction","target":["https:\/\/www.babcock-wanson.com\/fr\/produits\/chaudieres-de-recuperation\/economiseur\/"]}]},{"@type":"ImageObject","inLanguage":"fr-FR","@id":"https:\/\/www.babcock-wanson.com\/fr\/produits\/chaudieres-de-recuperation\/economiseur\/#primaryimage","url":"https:\/\/www.babcock-wanson.com\/wp-content\/uploads\/2018\/09\/Economiser-2.jpg","contentUrl":"https:\/\/www.babcock-wanson.com\/wp-content\/uploads\/2018\/09\/Economiser-2.jpg","width":600,"height":400,"caption":"\u00c9conomiseur Chaudi\u00e8re Industrielle"},{"@type":"BreadcrumbList","@id":"https:\/\/www.babcock-wanson.com\/fr\/produits\/chaudieres-de-recuperation\/economiseur\/#breadcrumb","itemListElement":[{"@type":"ListItem","position":1,"name":"Accueil","item":"https:\/\/www.babcock-wanson.com\/fr\/"},{"@type":"ListItem","position":2,"name":"Produits","item":"https:\/\/www.babcock-wanson.com\/fr\/shop\/"},{"@type":"ListItem","position":3,"name":"Syst\u00e8mes de r\u00e9cup\u00e9ration","item":"https:\/\/www.babcock-wanson.com\/fr\/categorie-produit\/chaudieres-de-recuperation\/"},{"@type":"ListItem","position":4,"name":"\u00c9conomiseur"}]},{"@type":"WebSite","@id":"https:\/\/www.babcock-wanson.com\/fr\/#website","url":"https:\/\/www.babcock-wanson.com\/fr\/","name":"Babcock Wanson","description":"","publisher":{"@id":"https:\/\/www.babcock-wanson.com\/fr\/#organization"},"potentialAction":[{"@type":"SearchAction","target":{"@type":"EntryPoint","urlTemplate":"https:\/\/www.babcock-wanson.com\/fr\/?s={search_term_string}"},"query-input":{"@type":"PropertyValueSpecification","valueRequired":true,"valueName":"search_term_string"}}],"inLanguage":"fr-FR"},{"@type":"Organization","@id":"https:\/\/www.babcock-wanson.com\/fr\/#organization","name":"Babcock Wanson","url":"https:\/\/www.babcock-wanson.com\/fr\/","logo":{"@type":"ImageObject","inLanguage":"fr-FR","@id":"https:\/\/www.babcock-wanson.com\/fr\/#\/schema\/logo\/image\/","url":"https:\/\/www.babcock-wanson.com\/wp-content\/uploads\/2024\/02\/Babcock-Wanson-1200x1200-1.png","contentUrl":"https:\/\/www.babcock-wanson.com\/wp-content\/uploads\/2024\/02\/Babcock-Wanson-1200x1200-1.png","width":1200,"height":1200,"caption":"Babcock Wanson"},"image":{"@id":"https:\/\/www.babcock-wanson.com\/fr\/#\/schema\/logo\/image\/"},"sameAs":["https:\/\/www.linkedin.com\/company\/babcock-wanson\/","https:\/\/www.youtube.com\/channel\/UCtxl25VieBBsP2kYmtlyv7A"]}]}},"jetpack_sharing_enabled":true,"_links":{"self":[{"href":"https:\/\/www.babcock-wanson.com\/fr\/wp-json\/wp\/v2\/product\/23586","targetHints":{"allow":["GET"]}}],"collection":[{"href":"https:\/\/www.babcock-wanson.com\/fr\/wp-json\/wp\/v2\/product"}],"about":[{"href":"https:\/\/www.babcock-wanson.com\/fr\/wp-json\/wp\/v2\/types\/product"}],"replies":[{"embeddable":true,"href":"https:\/\/www.babcock-wanson.com\/fr\/wp-json\/wp\/v2\/comments?post=23586"}],"wp:featuredmedia":[{"embeddable":true,"href":"https:\/\/www.babcock-wanson.com\/fr\/wp-json\/wp\/v2\/media\/23587"}],"wp:attachment":[{"href":"https:\/\/www.babcock-wanson.com\/fr\/wp-json\/wp\/v2\/media?parent=23586"}],"wp:term":[{"taxonomy":"product_brand","embeddable":true,"href":"https:\/\/www.babcock-wanson.com\/fr\/wp-json\/wp\/v2\/product_brand?post=23586"},{"taxonomy":"product_cat","embeddable":true,"href":"https:\/\/www.babcock-wanson.com\/fr\/wp-json\/wp\/v2\/product_cat?post=23586"},{"taxonomy":"product_tag","embeddable":true,"href":"https:\/\/www.babcock-wanson.com\/fr\/wp-json\/wp\/v2\/product_tag?post=23586"}],"curies":[{"name":"wp","href":"https:\/\/api.w.org\/{rel}","templated":true}]}}