{"id":23593,"date":"2018-09-19T12:36:08","date_gmt":"2018-09-19T11:36:08","guid":{"rendered":"https:\/\/www.babcock-wanson.com\/products\/non%20class\u00e9\/oxydateurs-desodorisants\/"},"modified":"2020-03-03T15:21:41","modified_gmt":"2020-03-03T15:21:41","slug":"oxydateurs-deo","status":"publish","type":"product","link":"https:\/\/www.babcock-wanson.com\/fr\/produits\/oxydateurs-thermiques\/oxydateurs-deo\/","title":{"rendered":"Oxydateurs D\u00e9o"},"content":{"rendered":"<div class=\"vgblk-rw-wrapper limit-wrapper\">\n<h3>Principes de fonctionnement<\/h3>\n<p>Les odeurs sont g\u00e9n\u00e9ralement trait\u00e9es \u00e0 des temp\u00e9ratures allant jusqu&rsquo;\u00e0 950\u00b0C avec un temps de s\u00e9jour d&rsquo;environ 0,8 seconde. Une chaudi\u00e8re de r\u00e9cup\u00e9ration de chaleur r\u00e9cup\u00e8re l&rsquo;\u00e9nergie du flux de gaz de combustion et la renvoie au proc\u00e9d\u00e9 en utilisant de la vapeur ou du fluide thermique comme fluide caloporteur. Les temps de s\u00e9jour sont ajust\u00e9s en fonction du process et des normes locales.<\/p>\n<h3>Quels usages pour les oxydateurs d\u00e9sodorisants ?<\/h3>\n<p>Les applications industrielles sont vari\u00e9es et incluent :<\/p>\n<ul>\n<li>Proc\u00e9d\u00e9s de friture industrielles<\/li>\n<li>Transformation de la viande<\/li>\n<li>\u00c9quarissage<\/li>\n<li>Torr\u00e9faction du caf\u00e9 et de l&rsquo;orge<\/li>\n<li>Vulcanisation et moulage du caoutchouc<\/li>\n<\/ul>\n<h3>Avantages des oxydants d\u00e9sodorisants<\/h3>\n<ul>\n<li>Rendement global du syst\u00e8me sup\u00e9rieur \u00e0 99%<\/li>\n<li>Excellente efficacit\u00e9 de r\u00e9duction des odeurs<\/li>\n<li>Utilisation possible de graisse animale comme combustible principal, avec du FOD ou du gaz naturel comme combustible de r\u00e9serve<\/li>\n<li>Optimisation des co\u00fbts d&rsquo;investissement et d&rsquo;exploitation<\/li>\n<\/ul>\n<\/div>\n<p><!-- .vgblk-rw-wrapper --><\/p>\n","protected":false},"excerpt":{"rendered":"<p>Les oxydateurs d\u00e9o Babcock Wanson sont connus dans le monde entier comme \u00e9tant la meilleure technologie disponible pour r\u00e9duire les odeurs g\u00e9n\u00e9r\u00e9es par divers process de production. Ils sont sp\u00e9cialement con\u00e7us pour s&rsquo;adapter aux diff\u00e9rentes applications et adapt\u00e9s aux exigences particuli\u00e8res de chaque proc\u00e9d\u00e9 industriel.<\/p>\n","protected":false},"featured_media":23600,"comment_status":"closed","ping_status":"closed","template":"","meta":{"_acf_changed":false,"_relevanssi_hide_post":"","_relevanssi_hide_content":"","_relevanssi_pin_for_all":"","_relevanssi_pin_keywords":"","_relevanssi_unpin_keywords":"","_relevanssi_related_keywords":"","_relevanssi_related_include_ids":"","_relevanssi_related_exclude_ids":"","_relevanssi_related_no_append":"","_relevanssi_related_not_related":"","_relevanssi_related_posts":"","_relevanssi_noindex_reason":""},"product_brand":[],"product_cat":[2659],"product_tag":[],"class_list":{"0":"post-23593","1":"product","2":"type-product","3":"status-publish","4":"has-post-thumbnail","6":"product_cat-oxydateurs-thermiques","8":"first","9":"instock","10":"shipping-taxable","11":"product-type-simple"},"acf":[],"yoast_head":"<!-- This site is optimized with the Yoast SEO Premium plugin v27.4 (Yoast SEO v27.4) - https:\/\/yoast.com\/product\/yoast-seo-premium-wordpress\/ -->\n<title>Oxydateurs D\u00e9o - Babcock Wanson<\/title>\n<meta name=\"description\" content=\"Les oxydants d\u00e9sodorisants Babcock Wanson sont reconnus dans le monde entier comme la meilleure technologie disponible pour r\u00e9duire les odeurs. Cliquez ici pour en savoir plus\" \/>\n<meta name=\"robots\" content=\"index, follow, max-snippet:-1, max-image-preview:large, max-video-preview:-1\" \/>\n<link rel=\"canonical\" href=\"https:\/\/www.babcock-wanson.com\/fr\/produits\/oxydateurs-thermiques\/oxydateurs-deo\/\" \/>\n<meta property=\"og:locale\" content=\"fr_FR\" \/>\n<meta property=\"og:type\" content=\"article\" \/>\n<meta property=\"og:title\" content=\"Oxydateurs D\u00e9o\" \/>\n<meta property=\"og:description\" content=\"Les oxydants d\u00e9sodorisants Babcock Wanson sont reconnus dans le monde entier comme la meilleure technologie disponible pour r\u00e9duire les odeurs. Cliquez ici pour en savoir plus\" \/>\n<meta property=\"og:url\" content=\"https:\/\/www.babcock-wanson.com\/fr\/produits\/oxydateurs-thermiques\/oxydateurs-deo\/\" \/>\n<meta property=\"og:site_name\" content=\"Babcock Wanson\" \/>\n<meta property=\"article:modified_time\" content=\"2020-03-03T15:21:41+00:00\" \/>\n<meta property=\"og:image\" content=\"https:\/\/www.babcock-wanson.com\/wp-content\/uploads\/2018\/09\/Deodorising-Oxidisers-5.jpg\" \/>\n\t<meta property=\"og:image:width\" content=\"600\" \/>\n\t<meta property=\"og:image:height\" content=\"400\" \/>\n\t<meta property=\"og:image:type\" content=\"image\/jpeg\" \/>\n<meta name=\"twitter:card\" content=\"summary_large_image\" \/>\n<meta name=\"twitter:label1\" content=\"Est. reading time\" \/>\n\t<meta name=\"twitter:data1\" content=\"1 minute\" \/>\n<script type=\"application\/ld+json\" class=\"yoast-schema-graph\">{\"@context\":\"https:\\\/\\\/schema.org\",\"@graph\":[{\"@type\":\"WebPage\",\"@id\":\"https:\\\/\\\/www.babcock-wanson.com\\\/fr\\\/produits\\\/oxydateurs-thermiques\\\/oxydateurs-deo\\\/\",\"url\":\"https:\\\/\\\/www.babcock-wanson.com\\\/fr\\\/produits\\\/oxydateurs-thermiques\\\/oxydateurs-deo\\\/\",\"name\":\"Oxydateurs D\u00e9o - Babcock Wanson\",\"isPartOf\":{\"@id\":\"https:\\\/\\\/www.babcock-wanson.com\\\/fr\\\/#website\"},\"primaryImageOfPage\":{\"@id\":\"https:\\\/\\\/www.babcock-wanson.com\\\/fr\\\/produits\\\/oxydateurs-thermiques\\\/oxydateurs-deo\\\/#primaryimage\"},\"image\":{\"@id\":\"https:\\\/\\\/www.babcock-wanson.com\\\/fr\\\/produits\\\/oxydateurs-thermiques\\\/oxydateurs-deo\\\/#primaryimage\"},\"thumbnailUrl\":\"https:\\\/\\\/www.babcock-wanson.com\\\/wp-content\\\/uploads\\\/2018\\\/09\\\/Deodorising-Oxidisers-5.jpg\",\"datePublished\":\"2018-09-19T11:36:08+00:00\",\"dateModified\":\"2020-03-03T15:21:41+00:00\",\"description\":\"Les oxydants d\u00e9sodorisants Babcock Wanson sont reconnus dans le monde entier comme la meilleure technologie disponible pour r\u00e9duire les odeurs. Cliquez ici pour en savoir plus\",\"breadcrumb\":{\"@id\":\"https:\\\/\\\/www.babcock-wanson.com\\\/fr\\\/produits\\\/oxydateurs-thermiques\\\/oxydateurs-deo\\\/#breadcrumb\"},\"inLanguage\":\"fr-FR\",\"potentialAction\":[{\"@type\":\"ReadAction\",\"target\":[\"https:\\\/\\\/www.babcock-wanson.com\\\/fr\\\/produits\\\/oxydateurs-thermiques\\\/oxydateurs-deo\\\/\"]}]},{\"@type\":\"ImageObject\",\"inLanguage\":\"fr-FR\",\"@id\":\"https:\\\/\\\/www.babcock-wanson.com\\\/fr\\\/produits\\\/oxydateurs-thermiques\\\/oxydateurs-deo\\\/#primaryimage\",\"url\":\"https:\\\/\\\/www.babcock-wanson.com\\\/wp-content\\\/uploads\\\/2018\\\/09\\\/Deodorising-Oxidisers-5.jpg\",\"contentUrl\":\"https:\\\/\\\/www.babcock-wanson.com\\\/wp-content\\\/uploads\\\/2018\\\/09\\\/Deodorising-Oxidisers-5.jpg\",\"width\":600,\"height\":400,\"caption\":\"Oxydateurs d\u00e9sodorisants\"},{\"@type\":\"BreadcrumbList\",\"@id\":\"https:\\\/\\\/www.babcock-wanson.com\\\/fr\\\/produits\\\/oxydateurs-thermiques\\\/oxydateurs-deo\\\/#breadcrumb\",\"itemListElement\":[{\"@type\":\"ListItem\",\"position\":1,\"name\":\"Accueil\",\"item\":\"https:\\\/\\\/www.babcock-wanson.com\\\/fr\\\/\"},{\"@type\":\"ListItem\",\"position\":2,\"name\":\"Produits\",\"item\":\"https:\\\/\\\/www.babcock-wanson.com\\\/fr\\\/shop\\\/\"},{\"@type\":\"ListItem\",\"position\":3,\"name\":\"Oxydateurs thermiques\",\"item\":\"https:\\\/\\\/www.babcock-wanson.com\\\/fr\\\/categorie-produit\\\/oxydateurs-thermiques\\\/\"},{\"@type\":\"ListItem\",\"position\":4,\"name\":\"Oxydateurs D\u00e9o\"}]},{\"@type\":\"WebSite\",\"@id\":\"https:\\\/\\\/www.babcock-wanson.com\\\/fr\\\/#website\",\"url\":\"https:\\\/\\\/www.babcock-wanson.com\\\/fr\\\/\",\"name\":\"Babcock Wanson\",\"description\":\"\",\"publisher\":{\"@id\":\"https:\\\/\\\/www.babcock-wanson.com\\\/fr\\\/#organization\"},\"potentialAction\":[{\"@type\":\"SearchAction\",\"target\":{\"@type\":\"EntryPoint\",\"urlTemplate\":\"https:\\\/\\\/www.babcock-wanson.com\\\/fr\\\/?s={search_term_string}\"},\"query-input\":{\"@type\":\"PropertyValueSpecification\",\"valueRequired\":true,\"valueName\":\"search_term_string\"}}],\"inLanguage\":\"fr-FR\"},{\"@type\":\"Organization\",\"@id\":\"https:\\\/\\\/www.babcock-wanson.com\\\/fr\\\/#organization\",\"name\":\"Babcock Wanson\",\"url\":\"https:\\\/\\\/www.babcock-wanson.com\\\/fr\\\/\",\"logo\":{\"@type\":\"ImageObject\",\"inLanguage\":\"fr-FR\",\"@id\":\"https:\\\/\\\/www.babcock-wanson.com\\\/fr\\\/#\\\/schema\\\/logo\\\/image\\\/\",\"url\":\"https:\\\/\\\/www.babcock-wanson.com\\\/wp-content\\\/uploads\\\/2024\\\/02\\\/Babcock-Wanson-1200x1200-1.png\",\"contentUrl\":\"https:\\\/\\\/www.babcock-wanson.com\\\/wp-content\\\/uploads\\\/2024\\\/02\\\/Babcock-Wanson-1200x1200-1.png\",\"width\":1200,\"height\":1200,\"caption\":\"Babcock Wanson\"},\"image\":{\"@id\":\"https:\\\/\\\/www.babcock-wanson.com\\\/fr\\\/#\\\/schema\\\/logo\\\/image\\\/\"},\"sameAs\":[\"https:\\\/\\\/www.linkedin.com\\\/company\\\/babcock-wanson\\\/\",\"https:\\\/\\\/www.youtube.com\\\/channel\\\/UCtxl25VieBBsP2kYmtlyv7A\"]}]}<\/script>\n<!-- \/ Yoast SEO Premium plugin. -->","yoast_head_json":{"title":"Oxydateurs D\u00e9o - Babcock Wanson","description":"Les oxydants d\u00e9sodorisants Babcock Wanson sont reconnus dans le monde entier comme la meilleure technologie disponible pour r\u00e9duire les odeurs. Cliquez ici pour en savoir plus","robots":{"index":"index","follow":"follow","max-snippet":"max-snippet:-1","max-image-preview":"max-image-preview:large","max-video-preview":"max-video-preview:-1"},"canonical":"https:\/\/www.babcock-wanson.com\/fr\/produits\/oxydateurs-thermiques\/oxydateurs-deo\/","og_locale":"fr_FR","og_type":"article","og_title":"Oxydateurs D\u00e9o","og_description":"Les oxydants d\u00e9sodorisants Babcock Wanson sont reconnus dans le monde entier comme la meilleure technologie disponible pour r\u00e9duire les odeurs. Cliquez ici pour en savoir plus","og_url":"https:\/\/www.babcock-wanson.com\/fr\/produits\/oxydateurs-thermiques\/oxydateurs-deo\/","og_site_name":"Babcock Wanson","article_modified_time":"2020-03-03T15:21:41+00:00","og_image":[{"width":600,"height":400,"url":"https:\/\/www.babcock-wanson.com\/wp-content\/uploads\/2018\/09\/Deodorising-Oxidisers-5.jpg","type":"image\/jpeg"}],"twitter_card":"summary_large_image","twitter_misc":{"Est. reading time":"1 minute"},"schema":{"@context":"https:\/\/schema.org","@graph":[{"@type":"WebPage","@id":"https:\/\/www.babcock-wanson.com\/fr\/produits\/oxydateurs-thermiques\/oxydateurs-deo\/","url":"https:\/\/www.babcock-wanson.com\/fr\/produits\/oxydateurs-thermiques\/oxydateurs-deo\/","name":"Oxydateurs D\u00e9o - Babcock Wanson","isPartOf":{"@id":"https:\/\/www.babcock-wanson.com\/fr\/#website"},"primaryImageOfPage":{"@id":"https:\/\/www.babcock-wanson.com\/fr\/produits\/oxydateurs-thermiques\/oxydateurs-deo\/#primaryimage"},"image":{"@id":"https:\/\/www.babcock-wanson.com\/fr\/produits\/oxydateurs-thermiques\/oxydateurs-deo\/#primaryimage"},"thumbnailUrl":"https:\/\/www.babcock-wanson.com\/wp-content\/uploads\/2018\/09\/Deodorising-Oxidisers-5.jpg","datePublished":"2018-09-19T11:36:08+00:00","dateModified":"2020-03-03T15:21:41+00:00","description":"Les oxydants d\u00e9sodorisants Babcock Wanson sont reconnus dans le monde entier comme la meilleure technologie disponible pour r\u00e9duire les odeurs. Cliquez ici pour en savoir plus","breadcrumb":{"@id":"https:\/\/www.babcock-wanson.com\/fr\/produits\/oxydateurs-thermiques\/oxydateurs-deo\/#breadcrumb"},"inLanguage":"fr-FR","potentialAction":[{"@type":"ReadAction","target":["https:\/\/www.babcock-wanson.com\/fr\/produits\/oxydateurs-thermiques\/oxydateurs-deo\/"]}]},{"@type":"ImageObject","inLanguage":"fr-FR","@id":"https:\/\/www.babcock-wanson.com\/fr\/produits\/oxydateurs-thermiques\/oxydateurs-deo\/#primaryimage","url":"https:\/\/www.babcock-wanson.com\/wp-content\/uploads\/2018\/09\/Deodorising-Oxidisers-5.jpg","contentUrl":"https:\/\/www.babcock-wanson.com\/wp-content\/uploads\/2018\/09\/Deodorising-Oxidisers-5.jpg","width":600,"height":400,"caption":"Oxydateurs d\u00e9sodorisants"},{"@type":"BreadcrumbList","@id":"https:\/\/www.babcock-wanson.com\/fr\/produits\/oxydateurs-thermiques\/oxydateurs-deo\/#breadcrumb","itemListElement":[{"@type":"ListItem","position":1,"name":"Accueil","item":"https:\/\/www.babcock-wanson.com\/fr\/"},{"@type":"ListItem","position":2,"name":"Produits","item":"https:\/\/www.babcock-wanson.com\/fr\/shop\/"},{"@type":"ListItem","position":3,"name":"Oxydateurs thermiques","item":"https:\/\/www.babcock-wanson.com\/fr\/categorie-produit\/oxydateurs-thermiques\/"},{"@type":"ListItem","position":4,"name":"Oxydateurs D\u00e9o"}]},{"@type":"WebSite","@id":"https:\/\/www.babcock-wanson.com\/fr\/#website","url":"https:\/\/www.babcock-wanson.com\/fr\/","name":"Babcock Wanson","description":"","publisher":{"@id":"https:\/\/www.babcock-wanson.com\/fr\/#organization"},"potentialAction":[{"@type":"SearchAction","target":{"@type":"EntryPoint","urlTemplate":"https:\/\/www.babcock-wanson.com\/fr\/?s={search_term_string}"},"query-input":{"@type":"PropertyValueSpecification","valueRequired":true,"valueName":"search_term_string"}}],"inLanguage":"fr-FR"},{"@type":"Organization","@id":"https:\/\/www.babcock-wanson.com\/fr\/#organization","name":"Babcock Wanson","url":"https:\/\/www.babcock-wanson.com\/fr\/","logo":{"@type":"ImageObject","inLanguage":"fr-FR","@id":"https:\/\/www.babcock-wanson.com\/fr\/#\/schema\/logo\/image\/","url":"https:\/\/www.babcock-wanson.com\/wp-content\/uploads\/2024\/02\/Babcock-Wanson-1200x1200-1.png","contentUrl":"https:\/\/www.babcock-wanson.com\/wp-content\/uploads\/2024\/02\/Babcock-Wanson-1200x1200-1.png","width":1200,"height":1200,"caption":"Babcock Wanson"},"image":{"@id":"https:\/\/www.babcock-wanson.com\/fr\/#\/schema\/logo\/image\/"},"sameAs":["https:\/\/www.linkedin.com\/company\/babcock-wanson\/","https:\/\/www.youtube.com\/channel\/UCtxl25VieBBsP2kYmtlyv7A"]}]}},"jetpack_sharing_enabled":true,"_links":{"self":[{"href":"https:\/\/www.babcock-wanson.com\/fr\/wp-json\/wp\/v2\/product\/23593","targetHints":{"allow":["GET"]}}],"collection":[{"href":"https:\/\/www.babcock-wanson.com\/fr\/wp-json\/wp\/v2\/product"}],"about":[{"href":"https:\/\/www.babcock-wanson.com\/fr\/wp-json\/wp\/v2\/types\/product"}],"replies":[{"embeddable":true,"href":"https:\/\/www.babcock-wanson.com\/fr\/wp-json\/wp\/v2\/comments?post=23593"}],"wp:featuredmedia":[{"embeddable":true,"href":"https:\/\/www.babcock-wanson.com\/fr\/wp-json\/wp\/v2\/media\/23600"}],"wp:attachment":[{"href":"https:\/\/www.babcock-wanson.com\/fr\/wp-json\/wp\/v2\/media?parent=23593"}],"wp:term":[{"taxonomy":"product_brand","embeddable":true,"href":"https:\/\/www.babcock-wanson.com\/fr\/wp-json\/wp\/v2\/product_brand?post=23593"},{"taxonomy":"product_cat","embeddable":true,"href":"https:\/\/www.babcock-wanson.com\/fr\/wp-json\/wp\/v2\/product_cat?post=23593"},{"taxonomy":"product_tag","embeddable":true,"href":"https:\/\/www.babcock-wanson.com\/fr\/wp-json\/wp\/v2\/product_tag?post=23593"}],"curies":[{"name":"wp","href":"https:\/\/api.w.org\/{rel}","templated":true}]}}