{"id":23601,"date":"2018-09-19T12:36:05","date_gmt":"2018-09-19T11:36:05","guid":{"rendered":"https:\/\/www.babcock-wanson.com\/products\/non%20class\u00e9\/roto-concentrateur\/"},"modified":"2020-02-26T23:38:14","modified_gmt":"2020-02-26T23:38:14","slug":"roto-concentrateur","status":"publish","type":"product","link":"https:\/\/www.babcock-wanson.com\/fr\/produits\/oxydateurs-thermiques\/roto-concentrateur\/","title":{"rendered":"ROTO-Concentrateur"},"content":{"rendered":"<div class=\"vgblk-rw-wrapper limit-wrapper\">\n<h3>Conception et exploitation<\/h3>\n<p>La roue rotative est une structure en nid d&rsquo;abeilles form\u00e9e par une matrice contenant des z\u00e9olithes. Les z\u00e9olithes sont offrent une tr\u00e8s grande surface d&rsquo;adsorption des COV. Le roto-concentrateur tourne \u00e0 une vitesse variable, g\u00e9n\u00e9ralement de 1 \u00e0 3 tours\/heure, selon les conditions du process.<\/p>\n<p>90 \u00e0 95 % de l&rsquo;effluent du proc\u00e9d\u00e9 passe \u00e0 travers la roue roto-concentratrice et dans la chemin\u00e9e, les COV \u00e9tant temporairement absorb\u00e9s par la z\u00e9olite.<\/p>\n<p>Les 5 \u00e0 10 % restants du flux sont chauff\u00e9s et passent \u00e0 travers une section de la roue du roto-concentrateur o\u00f9 la chaleur provoque la d\u00e9sorption des COV de la matrice z\u00e9olitique, la ramenant, apr\u00e8s une \u00e9tape de refroidissement ult\u00e9rieure, dans les conditions requises pour continuer le cycle. Ce flux plus concentr\u00e9 est ensuite trait\u00e9 dans un oxydateur (g\u00e9n\u00e9ralement un oxydateur r\u00e9g\u00e9n\u00e9ratif qui peut souvent fonctionner en mode auto-thermique) qui se trouve en aval du roto-concentrateur. Cela r\u00e9duit consid\u00e9rablement ou \u00e9limine le combustible de soutien n\u00e9cessaire pour traiter l&rsquo;ensemble du flux.<\/p>\n<h3>Avantages<\/h3>\n<ul>\n<li>Capable de traiter un grand volume d\u2019effluent gazeux avec un large \u00e9ventail de COV, de fa\u00e7on tr\u00e8s rentable<\/li>\n<li>Taux d&rsquo;abattement &gt; 98 %<\/li>\n<li>Le lissage des pics de concentration en COV permet d&rsquo;obtenir des \u00e9missions tr\u00e8s fiables<\/li>\n<li>Faible consommation d&rsquo;\u00e9nergie<\/li>\n<li>R\u00e9duit de 10 fois ou plus la taille de l&rsquo;oxydateur r\u00e9g\u00e9n\u00e9ratif pour le d\u00e9bit de traitement requis<\/li>\n<li>Roue robuste pour une longue dur\u00e9e de vie (aucun remplacement p\u00e9riodique requis)<\/li>\n<li>Syst\u00e8me d&rsquo;exploitation intuitif<\/li>\n<li>Faibles co\u00fbts d&rsquo;entretien<\/li>\n<li>Encombrement au sol r\u00e9duit par rapport \u00e0 d&rsquo;autres technologies pour traiter le m\u00eame flux d\u2019effluent<\/li>\n<\/ul>\n<\/div>\n<p><!-- .vgblk-rw-wrapper --><\/p>\n","protected":false},"excerpt":{"rendered":"<p>La t\u00e2che typique est de traiter des d\u00e9bits de process compris entre 25 000 et 300 000 Nm3\/h et contenant de faibles niveaux de COV. Un roto-concentrateur est une roue rotative charg\u00e9e de z\u00e9olite qui absorbe temporairement les COV sur la matrice, les \u00e9liminant ainsi du flux d&rsquo;effluent et fournissant un flux riche en COV \u00e0 d\u00e9bit beaucoup plus faible pour le traitement par les techniques traditionnelles d&rsquo;oxydation. Il est facile \u00e0 utiliser, tr\u00e8s efficace pour r\u00e9duire les \u00e9missions de COV, s\u00fbr et tr\u00e8s rentable par rapport \u00e0 d&rsquo;autres technologies comme la filtration au charbon actif.<\/p>\n","protected":false},"featured_media":23606,"comment_status":"closed","ping_status":"closed","template":"","meta":{"_acf_changed":false,"_relevanssi_hide_post":"","_relevanssi_hide_content":"","_relevanssi_pin_for_all":"","_relevanssi_pin_keywords":"","_relevanssi_unpin_keywords":"","_relevanssi_related_keywords":"","_relevanssi_related_include_ids":"","_relevanssi_related_exclude_ids":"","_relevanssi_related_no_append":"","_relevanssi_related_not_related":"","_relevanssi_related_posts":"","_relevanssi_noindex_reason":""},"product_brand":[],"product_cat":[2659],"product_tag":[],"class_list":{"0":"post-23601","1":"product","2":"type-product","3":"status-publish","4":"has-post-thumbnail","6":"product_cat-oxydateurs-thermiques","8":"first","9":"instock","10":"shipping-taxable","11":"product-type-simple"},"acf":[],"yoast_head":"<!-- This site is optimized with the Yoast SEO Premium plugin v27.4 (Yoast SEO v27.4) - https:\/\/yoast.com\/product\/yoast-seo-premium-wordpress\/ -->\n<title>ROTO-Concentrateur - Babcock Wanson<\/title>\n<meta name=\"description\" content=\"Un roto-concentrateur est facile \u00e0 utiliser, tr\u00e8s efficace pour r\u00e9duire les \u00e9missions de COV, s\u00fbr et tr\u00e8s rentable par rapport aux autres technologies.\" \/>\n<meta name=\"robots\" content=\"index, follow, max-snippet:-1, max-image-preview:large, max-video-preview:-1\" \/>\n<link rel=\"canonical\" href=\"https:\/\/www.babcock-wanson.com\/fr\/produits\/oxydateurs-thermiques\/roto-concentrateur\/\" \/>\n<meta property=\"og:locale\" content=\"fr_FR\" \/>\n<meta property=\"og:type\" content=\"article\" \/>\n<meta property=\"og:title\" content=\"ROTO-Concentrateur\" \/>\n<meta property=\"og:description\" content=\"Un roto-concentrateur est facile \u00e0 utiliser, tr\u00e8s efficace pour r\u00e9duire les \u00e9missions de COV, s\u00fbr et tr\u00e8s rentable par rapport aux autres technologies.\" \/>\n<meta property=\"og:url\" content=\"https:\/\/www.babcock-wanson.com\/fr\/produits\/oxydateurs-thermiques\/roto-concentrateur\/\" \/>\n<meta property=\"og:site_name\" content=\"Babcock Wanson\" \/>\n<meta property=\"article:modified_time\" content=\"2020-02-26T23:38:14+00:00\" \/>\n<meta property=\"og:image\" content=\"https:\/\/www.babcock-wanson.com\/wp-content\/uploads\/2018\/09\/roto-concentrator-2.png\" \/>\n\t<meta property=\"og:image:width\" content=\"600\" \/>\n\t<meta property=\"og:image:height\" content=\"400\" \/>\n\t<meta property=\"og:image:type\" content=\"image\/png\" \/>\n<meta name=\"twitter:card\" content=\"summary_large_image\" \/>\n<meta name=\"twitter:label1\" content=\"Est. reading time\" \/>\n\t<meta name=\"twitter:data1\" content=\"1 minute\" \/>\n<script type=\"application\/ld+json\" class=\"yoast-schema-graph\">{\"@context\":\"https:\\\/\\\/schema.org\",\"@graph\":[{\"@type\":\"WebPage\",\"@id\":\"https:\\\/\\\/www.babcock-wanson.com\\\/fr\\\/produits\\\/oxydateurs-thermiques\\\/roto-concentrateur\\\/\",\"url\":\"https:\\\/\\\/www.babcock-wanson.com\\\/fr\\\/produits\\\/oxydateurs-thermiques\\\/roto-concentrateur\\\/\",\"name\":\"ROTO-Concentrateur - Babcock Wanson\",\"isPartOf\":{\"@id\":\"https:\\\/\\\/www.babcock-wanson.com\\\/fr\\\/#website\"},\"primaryImageOfPage\":{\"@id\":\"https:\\\/\\\/www.babcock-wanson.com\\\/fr\\\/produits\\\/oxydateurs-thermiques\\\/roto-concentrateur\\\/#primaryimage\"},\"image\":{\"@id\":\"https:\\\/\\\/www.babcock-wanson.com\\\/fr\\\/produits\\\/oxydateurs-thermiques\\\/roto-concentrateur\\\/#primaryimage\"},\"thumbnailUrl\":\"https:\\\/\\\/www.babcock-wanson.com\\\/wp-content\\\/uploads\\\/2018\\\/09\\\/roto-concentrator-2.png\",\"datePublished\":\"2018-09-19T11:36:05+00:00\",\"dateModified\":\"2020-02-26T23:38:14+00:00\",\"description\":\"Un roto-concentrateur est facile \u00e0 utiliser, tr\u00e8s efficace pour r\u00e9duire les \u00e9missions de COV, s\u00fbr et tr\u00e8s rentable par rapport aux autres technologies.\",\"breadcrumb\":{\"@id\":\"https:\\\/\\\/www.babcock-wanson.com\\\/fr\\\/produits\\\/oxydateurs-thermiques\\\/roto-concentrateur\\\/#breadcrumb\"},\"inLanguage\":\"fr-FR\",\"potentialAction\":[{\"@type\":\"ReadAction\",\"target\":[\"https:\\\/\\\/www.babcock-wanson.com\\\/fr\\\/produits\\\/oxydateurs-thermiques\\\/roto-concentrateur\\\/\"]}]},{\"@type\":\"ImageObject\",\"inLanguage\":\"fr-FR\",\"@id\":\"https:\\\/\\\/www.babcock-wanson.com\\\/fr\\\/produits\\\/oxydateurs-thermiques\\\/roto-concentrateur\\\/#primaryimage\",\"url\":\"https:\\\/\\\/www.babcock-wanson.com\\\/wp-content\\\/uploads\\\/2018\\\/09\\\/roto-concentrator-2.png\",\"contentUrl\":\"https:\\\/\\\/www.babcock-wanson.com\\\/wp-content\\\/uploads\\\/2018\\\/09\\\/roto-concentrator-2.png\",\"width\":600,\"height\":400,\"caption\":\"Roto Concentrateur\"},{\"@type\":\"BreadcrumbList\",\"@id\":\"https:\\\/\\\/www.babcock-wanson.com\\\/fr\\\/produits\\\/oxydateurs-thermiques\\\/roto-concentrateur\\\/#breadcrumb\",\"itemListElement\":[{\"@type\":\"ListItem\",\"position\":1,\"name\":\"Accueil\",\"item\":\"https:\\\/\\\/www.babcock-wanson.com\\\/fr\\\/\"},{\"@type\":\"ListItem\",\"position\":2,\"name\":\"Produits\",\"item\":\"https:\\\/\\\/www.babcock-wanson.com\\\/fr\\\/shop\\\/\"},{\"@type\":\"ListItem\",\"position\":3,\"name\":\"Oxydateurs thermiques\",\"item\":\"https:\\\/\\\/www.babcock-wanson.com\\\/fr\\\/categorie-produit\\\/oxydateurs-thermiques\\\/\"},{\"@type\":\"ListItem\",\"position\":4,\"name\":\"ROTO-Concentrateur\"}]},{\"@type\":\"WebSite\",\"@id\":\"https:\\\/\\\/www.babcock-wanson.com\\\/fr\\\/#website\",\"url\":\"https:\\\/\\\/www.babcock-wanson.com\\\/fr\\\/\",\"name\":\"Babcock Wanson\",\"description\":\"\",\"publisher\":{\"@id\":\"https:\\\/\\\/www.babcock-wanson.com\\\/fr\\\/#organization\"},\"potentialAction\":[{\"@type\":\"SearchAction\",\"target\":{\"@type\":\"EntryPoint\",\"urlTemplate\":\"https:\\\/\\\/www.babcock-wanson.com\\\/fr\\\/?s={search_term_string}\"},\"query-input\":{\"@type\":\"PropertyValueSpecification\",\"valueRequired\":true,\"valueName\":\"search_term_string\"}}],\"inLanguage\":\"fr-FR\"},{\"@type\":\"Organization\",\"@id\":\"https:\\\/\\\/www.babcock-wanson.com\\\/fr\\\/#organization\",\"name\":\"Babcock Wanson\",\"url\":\"https:\\\/\\\/www.babcock-wanson.com\\\/fr\\\/\",\"logo\":{\"@type\":\"ImageObject\",\"inLanguage\":\"fr-FR\",\"@id\":\"https:\\\/\\\/www.babcock-wanson.com\\\/fr\\\/#\\\/schema\\\/logo\\\/image\\\/\",\"url\":\"https:\\\/\\\/www.babcock-wanson.com\\\/wp-content\\\/uploads\\\/2024\\\/02\\\/Babcock-Wanson-1200x1200-1.png\",\"contentUrl\":\"https:\\\/\\\/www.babcock-wanson.com\\\/wp-content\\\/uploads\\\/2024\\\/02\\\/Babcock-Wanson-1200x1200-1.png\",\"width\":1200,\"height\":1200,\"caption\":\"Babcock Wanson\"},\"image\":{\"@id\":\"https:\\\/\\\/www.babcock-wanson.com\\\/fr\\\/#\\\/schema\\\/logo\\\/image\\\/\"},\"sameAs\":[\"https:\\\/\\\/www.linkedin.com\\\/company\\\/babcock-wanson\\\/\",\"https:\\\/\\\/www.youtube.com\\\/channel\\\/UCtxl25VieBBsP2kYmtlyv7A\"]}]}<\/script>\n<!-- \/ Yoast SEO Premium plugin. -->","yoast_head_json":{"title":"ROTO-Concentrateur - Babcock Wanson","description":"Un roto-concentrateur est facile \u00e0 utiliser, tr\u00e8s efficace pour r\u00e9duire les \u00e9missions de COV, s\u00fbr et tr\u00e8s rentable par rapport aux autres technologies.","robots":{"index":"index","follow":"follow","max-snippet":"max-snippet:-1","max-image-preview":"max-image-preview:large","max-video-preview":"max-video-preview:-1"},"canonical":"https:\/\/www.babcock-wanson.com\/fr\/produits\/oxydateurs-thermiques\/roto-concentrateur\/","og_locale":"fr_FR","og_type":"article","og_title":"ROTO-Concentrateur","og_description":"Un roto-concentrateur est facile \u00e0 utiliser, tr\u00e8s efficace pour r\u00e9duire les \u00e9missions de COV, s\u00fbr et tr\u00e8s rentable par rapport aux autres technologies.","og_url":"https:\/\/www.babcock-wanson.com\/fr\/produits\/oxydateurs-thermiques\/roto-concentrateur\/","og_site_name":"Babcock Wanson","article_modified_time":"2020-02-26T23:38:14+00:00","og_image":[{"width":600,"height":400,"url":"https:\/\/www.babcock-wanson.com\/wp-content\/uploads\/2018\/09\/roto-concentrator-2.png","type":"image\/png"}],"twitter_card":"summary_large_image","twitter_misc":{"Est. reading time":"1 minute"},"schema":{"@context":"https:\/\/schema.org","@graph":[{"@type":"WebPage","@id":"https:\/\/www.babcock-wanson.com\/fr\/produits\/oxydateurs-thermiques\/roto-concentrateur\/","url":"https:\/\/www.babcock-wanson.com\/fr\/produits\/oxydateurs-thermiques\/roto-concentrateur\/","name":"ROTO-Concentrateur - Babcock Wanson","isPartOf":{"@id":"https:\/\/www.babcock-wanson.com\/fr\/#website"},"primaryImageOfPage":{"@id":"https:\/\/www.babcock-wanson.com\/fr\/produits\/oxydateurs-thermiques\/roto-concentrateur\/#primaryimage"},"image":{"@id":"https:\/\/www.babcock-wanson.com\/fr\/produits\/oxydateurs-thermiques\/roto-concentrateur\/#primaryimage"},"thumbnailUrl":"https:\/\/www.babcock-wanson.com\/wp-content\/uploads\/2018\/09\/roto-concentrator-2.png","datePublished":"2018-09-19T11:36:05+00:00","dateModified":"2020-02-26T23:38:14+00:00","description":"Un roto-concentrateur est facile \u00e0 utiliser, tr\u00e8s efficace pour r\u00e9duire les \u00e9missions de COV, s\u00fbr et tr\u00e8s rentable par rapport aux autres technologies.","breadcrumb":{"@id":"https:\/\/www.babcock-wanson.com\/fr\/produits\/oxydateurs-thermiques\/roto-concentrateur\/#breadcrumb"},"inLanguage":"fr-FR","potentialAction":[{"@type":"ReadAction","target":["https:\/\/www.babcock-wanson.com\/fr\/produits\/oxydateurs-thermiques\/roto-concentrateur\/"]}]},{"@type":"ImageObject","inLanguage":"fr-FR","@id":"https:\/\/www.babcock-wanson.com\/fr\/produits\/oxydateurs-thermiques\/roto-concentrateur\/#primaryimage","url":"https:\/\/www.babcock-wanson.com\/wp-content\/uploads\/2018\/09\/roto-concentrator-2.png","contentUrl":"https:\/\/www.babcock-wanson.com\/wp-content\/uploads\/2018\/09\/roto-concentrator-2.png","width":600,"height":400,"caption":"Roto Concentrateur"},{"@type":"BreadcrumbList","@id":"https:\/\/www.babcock-wanson.com\/fr\/produits\/oxydateurs-thermiques\/roto-concentrateur\/#breadcrumb","itemListElement":[{"@type":"ListItem","position":1,"name":"Accueil","item":"https:\/\/www.babcock-wanson.com\/fr\/"},{"@type":"ListItem","position":2,"name":"Produits","item":"https:\/\/www.babcock-wanson.com\/fr\/shop\/"},{"@type":"ListItem","position":3,"name":"Oxydateurs thermiques","item":"https:\/\/www.babcock-wanson.com\/fr\/categorie-produit\/oxydateurs-thermiques\/"},{"@type":"ListItem","position":4,"name":"ROTO-Concentrateur"}]},{"@type":"WebSite","@id":"https:\/\/www.babcock-wanson.com\/fr\/#website","url":"https:\/\/www.babcock-wanson.com\/fr\/","name":"Babcock Wanson","description":"","publisher":{"@id":"https:\/\/www.babcock-wanson.com\/fr\/#organization"},"potentialAction":[{"@type":"SearchAction","target":{"@type":"EntryPoint","urlTemplate":"https:\/\/www.babcock-wanson.com\/fr\/?s={search_term_string}"},"query-input":{"@type":"PropertyValueSpecification","valueRequired":true,"valueName":"search_term_string"}}],"inLanguage":"fr-FR"},{"@type":"Organization","@id":"https:\/\/www.babcock-wanson.com\/fr\/#organization","name":"Babcock Wanson","url":"https:\/\/www.babcock-wanson.com\/fr\/","logo":{"@type":"ImageObject","inLanguage":"fr-FR","@id":"https:\/\/www.babcock-wanson.com\/fr\/#\/schema\/logo\/image\/","url":"https:\/\/www.babcock-wanson.com\/wp-content\/uploads\/2024\/02\/Babcock-Wanson-1200x1200-1.png","contentUrl":"https:\/\/www.babcock-wanson.com\/wp-content\/uploads\/2024\/02\/Babcock-Wanson-1200x1200-1.png","width":1200,"height":1200,"caption":"Babcock Wanson"},"image":{"@id":"https:\/\/www.babcock-wanson.com\/fr\/#\/schema\/logo\/image\/"},"sameAs":["https:\/\/www.linkedin.com\/company\/babcock-wanson\/","https:\/\/www.youtube.com\/channel\/UCtxl25VieBBsP2kYmtlyv7A"]}]}},"jetpack_sharing_enabled":true,"_links":{"self":[{"href":"https:\/\/www.babcock-wanson.com\/fr\/wp-json\/wp\/v2\/product\/23601","targetHints":{"allow":["GET"]}}],"collection":[{"href":"https:\/\/www.babcock-wanson.com\/fr\/wp-json\/wp\/v2\/product"}],"about":[{"href":"https:\/\/www.babcock-wanson.com\/fr\/wp-json\/wp\/v2\/types\/product"}],"replies":[{"embeddable":true,"href":"https:\/\/www.babcock-wanson.com\/fr\/wp-json\/wp\/v2\/comments?post=23601"}],"wp:featuredmedia":[{"embeddable":true,"href":"https:\/\/www.babcock-wanson.com\/fr\/wp-json\/wp\/v2\/media\/23606"}],"wp:attachment":[{"href":"https:\/\/www.babcock-wanson.com\/fr\/wp-json\/wp\/v2\/media?parent=23601"}],"wp:term":[{"taxonomy":"product_brand","embeddable":true,"href":"https:\/\/www.babcock-wanson.com\/fr\/wp-json\/wp\/v2\/product_brand?post=23601"},{"taxonomy":"product_cat","embeddable":true,"href":"https:\/\/www.babcock-wanson.com\/fr\/wp-json\/wp\/v2\/product_cat?post=23601"},{"taxonomy":"product_tag","embeddable":true,"href":"https:\/\/www.babcock-wanson.com\/fr\/wp-json\/wp\/v2\/product_tag?post=23601"}],"curies":[{"name":"wp","href":"https:\/\/api.w.org\/{rel}","templated":true}]}}