{"id":23607,"date":"2018-09-19T12:36:14","date_gmt":"2018-09-19T11:36:14","guid":{"rendered":"https:\/\/www.babcock-wanson.com\/products\/non%20class\u00e9\/oxydateurs-recuperatifs\/"},"modified":"2021-11-08T13:21:03","modified_gmt":"2021-11-08T13:21:03","slug":"oxydateurs-recuperatifs","status":"publish","type":"product","link":"https:\/\/www.babcock-wanson.com\/fr\/produits\/oxydateurs-thermiques\/oxydateurs-recuperatifs\/","title":{"rendered":"Oxydateurs R\u00e9cup\u00e9ratifs"},"content":{"rendered":"<div class=\"vgblk-rw-wrapper limit-wrapper\">\n<h3>Principes de fonctionnement<\/h3>\n<p>Les gaz polluants sont chauff\u00e9s \u00e0 une temp\u00e9rature \u00e9lev\u00e9e &#8211; g\u00e9n\u00e9ralement sup\u00e9rieure \u00e0 800 \u00b0C &#8211; dans une chambre de combustion pendant 0,6 \u00e0 2,0 secondes pour les oxyder compl\u00e8tement avant d&rsquo;\u00eatre rejet\u00e9s dans l&rsquo;atmosph\u00e8re. L&rsquo;\u00e9nergie est r\u00e9cup\u00e9r\u00e9e \u00e0 l&rsquo;aide d&rsquo;unit\u00e9s de r\u00e9cup\u00e9ration de chaleur pour \u00eatre r\u00e9utilis\u00e9e dans le process, ce qui r\u00e9duit les co\u00fbts d&rsquo;exploitation globaux.<\/p>\n<p>L&rsquo;unit\u00e9 d&rsquo;oxydation r\u00e9cup\u00e9rative comprend g\u00e9n\u00e9ralement :<\/p>\n<ul>\n<li>Ventilateur de transfert d&rsquo;effluent gazeux<\/li>\n<li>Pr\u00e9chauffeur pour l&rsquo;air effluent<\/li>\n<li>Oxydateur<\/li>\n<li>Panneau de commande pour la r\u00e9gulation du syst\u00e8me et panneau d&rsquo;interface op\u00e9rateur (IHM)<\/li>\n<li>Unit\u00e9s de r\u00e9cup\u00e9ration de chaleur pouvant fournir fluide thermique, vapeur, eau chaude ou eau pressuris\u00e9e \u00e0 haute temp\u00e9rature<\/li>\n<\/ul>\n<h3>Avantages des oxydants r\u00e9cup\u00e9rateurs<\/h3>\n<ul>\n<li>Contr\u00f4le continu des \u00e9missions<\/li>\n<li>Simplicit\u00e9 de contr\u00f4le et de gestion<\/li>\n<li>D\u00e9marrage rapide<\/li>\n<li>R\u00e9cup\u00e9ration d&rsquo;\u00e9nergie \u00e9lev\u00e9e<\/li>\n<li>S\u00e9curit\u00e9 et fiabilit\u00e9 avec audit complet des risques<\/li>\n<li>Gamme d&rsquo;effluents 500 \u00e0 30.000 Nm\u00b3\/h<\/li>\n<\/ul>\n<\/div>\n<p><!-- .vgblk-rw-wrapper --><\/p>\n","protected":false},"excerpt":{"rendered":"<p>Les oxydateurs r\u00e9cup\u00e9ratifs sont destin\u00e9s aux proc\u00e9d\u00e9s industriels o\u00f9 se combinent demande d&rsquo;\u00e9nergie et d&rsquo;oxydation des effluents gazeux. Ces types d&rsquo;<a href=\"https:\/\/www.babcock-wanson.com\/fr\/categorie-produit\/oxydateurs-thermiques\/\" target=\"_blank\" rel=\"noopener\">oxydateurs thermiques<\/a> conviennent principalement pour des concentrations de COV \u00e9lev\u00e9es et des d\u00e9bits d&rsquo;effluents plus faibles.<\/p>\n","protected":false},"featured_media":23004,"comment_status":"closed","ping_status":"closed","template":"","meta":{"_acf_changed":false,"_relevanssi_hide_post":"","_relevanssi_hide_content":"","_relevanssi_pin_for_all":"","_relevanssi_pin_keywords":"","_relevanssi_unpin_keywords":"","_relevanssi_related_keywords":"","_relevanssi_related_include_ids":"","_relevanssi_related_exclude_ids":"","_relevanssi_related_no_append":"","_relevanssi_related_not_related":"","_relevanssi_related_posts":"","_relevanssi_noindex_reason":""},"product_brand":[],"product_cat":[2659],"product_tag":[],"class_list":{"0":"post-23607","1":"product","2":"type-product","3":"status-publish","4":"has-post-thumbnail","6":"product_cat-oxydateurs-thermiques","8":"first","9":"instock","10":"shipping-taxable","11":"product-type-simple"},"acf":[],"yoast_head":"<!-- This site is optimized with the Yoast SEO Premium plugin v27.4 (Yoast SEO v27.4) - https:\/\/yoast.com\/product\/yoast-seo-premium-wordpress\/ -->\n<title>Oxydateurs R\u00e9cup\u00e9ratifs - Babcock Wanson<\/title>\n<meta name=\"description\" content=\"Les oxydateurs r\u00e9cup\u00e9ratifs sont destin\u00e9s aux proc\u00e9d\u00e9s industriels o\u00f9 se combine demande d&#039;\u00e9nergie et d&#039;oxydation des effluents. Cliquez ici pour en savoir plus\" \/>\n<meta name=\"robots\" content=\"index, follow, max-snippet:-1, max-image-preview:large, max-video-preview:-1\" \/>\n<link rel=\"canonical\" href=\"https:\/\/www.babcock-wanson.com\/fr\/produits\/oxydateurs-thermiques\/oxydateurs-recuperatifs\/\" \/>\n<meta property=\"og:locale\" content=\"fr_FR\" \/>\n<meta property=\"og:type\" content=\"article\" \/>\n<meta property=\"og:title\" content=\"Oxydateurs R\u00e9cup\u00e9ratifs\" \/>\n<meta property=\"og:description\" content=\"Les oxydateurs r\u00e9cup\u00e9ratifs sont destin\u00e9s aux proc\u00e9d\u00e9s industriels o\u00f9 se combine demande d&#039;\u00e9nergie et d&#039;oxydation des effluents. Cliquez ici pour en savoir plus\" \/>\n<meta property=\"og:url\" content=\"https:\/\/www.babcock-wanson.com\/fr\/produits\/oxydateurs-thermiques\/oxydateurs-recuperatifs\/\" \/>\n<meta property=\"og:site_name\" content=\"Babcock Wanson\" \/>\n<meta property=\"article:modified_time\" content=\"2021-11-08T13:21:03+00:00\" \/>\n<meta property=\"og:image\" content=\"https:\/\/www.babcock-wanson.com\/wp-content\/uploads\/2018\/09\/Recuperative-Oxidisers-2.jpg\" \/>\n\t<meta property=\"og:image:width\" content=\"600\" \/>\n\t<meta property=\"og:image:height\" content=\"400\" \/>\n\t<meta property=\"og:image:type\" content=\"image\/jpeg\" \/>\n<meta name=\"twitter:card\" content=\"summary_large_image\" \/>\n<meta name=\"twitter:label1\" content=\"Est. reading time\" \/>\n\t<meta name=\"twitter:data1\" content=\"1 minute\" \/>\n<script type=\"application\/ld+json\" class=\"yoast-schema-graph\">{\"@context\":\"https:\\\/\\\/schema.org\",\"@graph\":[{\"@type\":\"WebPage\",\"@id\":\"https:\\\/\\\/www.babcock-wanson.com\\\/fr\\\/produits\\\/oxydateurs-thermiques\\\/oxydateurs-recuperatifs\\\/\",\"url\":\"https:\\\/\\\/www.babcock-wanson.com\\\/fr\\\/produits\\\/oxydateurs-thermiques\\\/oxydateurs-recuperatifs\\\/\",\"name\":\"Oxydateurs R\u00e9cup\u00e9ratifs - Babcock Wanson\",\"isPartOf\":{\"@id\":\"https:\\\/\\\/www.babcock-wanson.com\\\/fr\\\/#website\"},\"primaryImageOfPage\":{\"@id\":\"https:\\\/\\\/www.babcock-wanson.com\\\/fr\\\/produits\\\/oxydateurs-thermiques\\\/oxydateurs-recuperatifs\\\/#primaryimage\"},\"image\":{\"@id\":\"https:\\\/\\\/www.babcock-wanson.com\\\/fr\\\/produits\\\/oxydateurs-thermiques\\\/oxydateurs-recuperatifs\\\/#primaryimage\"},\"thumbnailUrl\":\"https:\\\/\\\/www.babcock-wanson.com\\\/wp-content\\\/uploads\\\/2018\\\/09\\\/Recuperative-Oxidisers-2.jpg\",\"datePublished\":\"2018-09-19T11:36:14+00:00\",\"dateModified\":\"2021-11-08T13:21:03+00:00\",\"description\":\"Les oxydateurs r\u00e9cup\u00e9ratifs sont destin\u00e9s aux proc\u00e9d\u00e9s industriels o\u00f9 se combine demande d'\u00e9nergie et d'oxydation des effluents. Cliquez ici pour en savoir plus\",\"breadcrumb\":{\"@id\":\"https:\\\/\\\/www.babcock-wanson.com\\\/fr\\\/produits\\\/oxydateurs-thermiques\\\/oxydateurs-recuperatifs\\\/#breadcrumb\"},\"inLanguage\":\"fr-FR\",\"potentialAction\":[{\"@type\":\"ReadAction\",\"target\":[\"https:\\\/\\\/www.babcock-wanson.com\\\/fr\\\/produits\\\/oxydateurs-thermiques\\\/oxydateurs-recuperatifs\\\/\"]}]},{\"@type\":\"ImageObject\",\"inLanguage\":\"fr-FR\",\"@id\":\"https:\\\/\\\/www.babcock-wanson.com\\\/fr\\\/produits\\\/oxydateurs-thermiques\\\/oxydateurs-recuperatifs\\\/#primaryimage\",\"url\":\"https:\\\/\\\/www.babcock-wanson.com\\\/wp-content\\\/uploads\\\/2018\\\/09\\\/Recuperative-Oxidisers-2.jpg\",\"contentUrl\":\"https:\\\/\\\/www.babcock-wanson.com\\\/wp-content\\\/uploads\\\/2018\\\/09\\\/Recuperative-Oxidisers-2.jpg\",\"width\":600,\"height\":400,\"caption\":\"Oxydateurs R\u00e9g\u00e9n\u00e9ratifs\"},{\"@type\":\"BreadcrumbList\",\"@id\":\"https:\\\/\\\/www.babcock-wanson.com\\\/fr\\\/produits\\\/oxydateurs-thermiques\\\/oxydateurs-recuperatifs\\\/#breadcrumb\",\"itemListElement\":[{\"@type\":\"ListItem\",\"position\":1,\"name\":\"Accueil\",\"item\":\"https:\\\/\\\/www.babcock-wanson.com\\\/fr\\\/\"},{\"@type\":\"ListItem\",\"position\":2,\"name\":\"Produits\",\"item\":\"https:\\\/\\\/www.babcock-wanson.com\\\/fr\\\/shop\\\/\"},{\"@type\":\"ListItem\",\"position\":3,\"name\":\"Oxydateurs thermiques\",\"item\":\"https:\\\/\\\/www.babcock-wanson.com\\\/fr\\\/categorie-produit\\\/oxydateurs-thermiques\\\/\"},{\"@type\":\"ListItem\",\"position\":4,\"name\":\"Oxydateurs R\u00e9cup\u00e9ratifs\"}]},{\"@type\":\"WebSite\",\"@id\":\"https:\\\/\\\/www.babcock-wanson.com\\\/fr\\\/#website\",\"url\":\"https:\\\/\\\/www.babcock-wanson.com\\\/fr\\\/\",\"name\":\"Babcock Wanson\",\"description\":\"\",\"publisher\":{\"@id\":\"https:\\\/\\\/www.babcock-wanson.com\\\/fr\\\/#organization\"},\"potentialAction\":[{\"@type\":\"SearchAction\",\"target\":{\"@type\":\"EntryPoint\",\"urlTemplate\":\"https:\\\/\\\/www.babcock-wanson.com\\\/fr\\\/?s={search_term_string}\"},\"query-input\":{\"@type\":\"PropertyValueSpecification\",\"valueRequired\":true,\"valueName\":\"search_term_string\"}}],\"inLanguage\":\"fr-FR\"},{\"@type\":\"Organization\",\"@id\":\"https:\\\/\\\/www.babcock-wanson.com\\\/fr\\\/#organization\",\"name\":\"Babcock Wanson\",\"url\":\"https:\\\/\\\/www.babcock-wanson.com\\\/fr\\\/\",\"logo\":{\"@type\":\"ImageObject\",\"inLanguage\":\"fr-FR\",\"@id\":\"https:\\\/\\\/www.babcock-wanson.com\\\/fr\\\/#\\\/schema\\\/logo\\\/image\\\/\",\"url\":\"https:\\\/\\\/www.babcock-wanson.com\\\/wp-content\\\/uploads\\\/2024\\\/02\\\/Babcock-Wanson-1200x1200-1.png\",\"contentUrl\":\"https:\\\/\\\/www.babcock-wanson.com\\\/wp-content\\\/uploads\\\/2024\\\/02\\\/Babcock-Wanson-1200x1200-1.png\",\"width\":1200,\"height\":1200,\"caption\":\"Babcock Wanson\"},\"image\":{\"@id\":\"https:\\\/\\\/www.babcock-wanson.com\\\/fr\\\/#\\\/schema\\\/logo\\\/image\\\/\"},\"sameAs\":[\"https:\\\/\\\/www.linkedin.com\\\/company\\\/babcock-wanson\\\/\",\"https:\\\/\\\/www.youtube.com\\\/channel\\\/UCtxl25VieBBsP2kYmtlyv7A\"]}]}<\/script>\n<!-- \/ Yoast SEO Premium plugin. -->","yoast_head_json":{"title":"Oxydateurs R\u00e9cup\u00e9ratifs - Babcock Wanson","description":"Les oxydateurs r\u00e9cup\u00e9ratifs sont destin\u00e9s aux proc\u00e9d\u00e9s industriels o\u00f9 se combine demande d'\u00e9nergie et d'oxydation des effluents. Cliquez ici pour en savoir plus","robots":{"index":"index","follow":"follow","max-snippet":"max-snippet:-1","max-image-preview":"max-image-preview:large","max-video-preview":"max-video-preview:-1"},"canonical":"https:\/\/www.babcock-wanson.com\/fr\/produits\/oxydateurs-thermiques\/oxydateurs-recuperatifs\/","og_locale":"fr_FR","og_type":"article","og_title":"Oxydateurs R\u00e9cup\u00e9ratifs","og_description":"Les oxydateurs r\u00e9cup\u00e9ratifs sont destin\u00e9s aux proc\u00e9d\u00e9s industriels o\u00f9 se combine demande d'\u00e9nergie et d'oxydation des effluents. Cliquez ici pour en savoir plus","og_url":"https:\/\/www.babcock-wanson.com\/fr\/produits\/oxydateurs-thermiques\/oxydateurs-recuperatifs\/","og_site_name":"Babcock Wanson","article_modified_time":"2021-11-08T13:21:03+00:00","og_image":[{"width":600,"height":400,"url":"https:\/\/www.babcock-wanson.com\/wp-content\/uploads\/2018\/09\/Recuperative-Oxidisers-2.jpg","type":"image\/jpeg"}],"twitter_card":"summary_large_image","twitter_misc":{"Est. reading time":"1 minute"},"schema":{"@context":"https:\/\/schema.org","@graph":[{"@type":"WebPage","@id":"https:\/\/www.babcock-wanson.com\/fr\/produits\/oxydateurs-thermiques\/oxydateurs-recuperatifs\/","url":"https:\/\/www.babcock-wanson.com\/fr\/produits\/oxydateurs-thermiques\/oxydateurs-recuperatifs\/","name":"Oxydateurs R\u00e9cup\u00e9ratifs - Babcock Wanson","isPartOf":{"@id":"https:\/\/www.babcock-wanson.com\/fr\/#website"},"primaryImageOfPage":{"@id":"https:\/\/www.babcock-wanson.com\/fr\/produits\/oxydateurs-thermiques\/oxydateurs-recuperatifs\/#primaryimage"},"image":{"@id":"https:\/\/www.babcock-wanson.com\/fr\/produits\/oxydateurs-thermiques\/oxydateurs-recuperatifs\/#primaryimage"},"thumbnailUrl":"https:\/\/www.babcock-wanson.com\/wp-content\/uploads\/2018\/09\/Recuperative-Oxidisers-2.jpg","datePublished":"2018-09-19T11:36:14+00:00","dateModified":"2021-11-08T13:21:03+00:00","description":"Les oxydateurs r\u00e9cup\u00e9ratifs sont destin\u00e9s aux proc\u00e9d\u00e9s industriels o\u00f9 se combine demande d'\u00e9nergie et d'oxydation des effluents. Cliquez ici pour en savoir plus","breadcrumb":{"@id":"https:\/\/www.babcock-wanson.com\/fr\/produits\/oxydateurs-thermiques\/oxydateurs-recuperatifs\/#breadcrumb"},"inLanguage":"fr-FR","potentialAction":[{"@type":"ReadAction","target":["https:\/\/www.babcock-wanson.com\/fr\/produits\/oxydateurs-thermiques\/oxydateurs-recuperatifs\/"]}]},{"@type":"ImageObject","inLanguage":"fr-FR","@id":"https:\/\/www.babcock-wanson.com\/fr\/produits\/oxydateurs-thermiques\/oxydateurs-recuperatifs\/#primaryimage","url":"https:\/\/www.babcock-wanson.com\/wp-content\/uploads\/2018\/09\/Recuperative-Oxidisers-2.jpg","contentUrl":"https:\/\/www.babcock-wanson.com\/wp-content\/uploads\/2018\/09\/Recuperative-Oxidisers-2.jpg","width":600,"height":400,"caption":"Oxydateurs R\u00e9g\u00e9n\u00e9ratifs"},{"@type":"BreadcrumbList","@id":"https:\/\/www.babcock-wanson.com\/fr\/produits\/oxydateurs-thermiques\/oxydateurs-recuperatifs\/#breadcrumb","itemListElement":[{"@type":"ListItem","position":1,"name":"Accueil","item":"https:\/\/www.babcock-wanson.com\/fr\/"},{"@type":"ListItem","position":2,"name":"Produits","item":"https:\/\/www.babcock-wanson.com\/fr\/shop\/"},{"@type":"ListItem","position":3,"name":"Oxydateurs thermiques","item":"https:\/\/www.babcock-wanson.com\/fr\/categorie-produit\/oxydateurs-thermiques\/"},{"@type":"ListItem","position":4,"name":"Oxydateurs R\u00e9cup\u00e9ratifs"}]},{"@type":"WebSite","@id":"https:\/\/www.babcock-wanson.com\/fr\/#website","url":"https:\/\/www.babcock-wanson.com\/fr\/","name":"Babcock Wanson","description":"","publisher":{"@id":"https:\/\/www.babcock-wanson.com\/fr\/#organization"},"potentialAction":[{"@type":"SearchAction","target":{"@type":"EntryPoint","urlTemplate":"https:\/\/www.babcock-wanson.com\/fr\/?s={search_term_string}"},"query-input":{"@type":"PropertyValueSpecification","valueRequired":true,"valueName":"search_term_string"}}],"inLanguage":"fr-FR"},{"@type":"Organization","@id":"https:\/\/www.babcock-wanson.com\/fr\/#organization","name":"Babcock Wanson","url":"https:\/\/www.babcock-wanson.com\/fr\/","logo":{"@type":"ImageObject","inLanguage":"fr-FR","@id":"https:\/\/www.babcock-wanson.com\/fr\/#\/schema\/logo\/image\/","url":"https:\/\/www.babcock-wanson.com\/wp-content\/uploads\/2024\/02\/Babcock-Wanson-1200x1200-1.png","contentUrl":"https:\/\/www.babcock-wanson.com\/wp-content\/uploads\/2024\/02\/Babcock-Wanson-1200x1200-1.png","width":1200,"height":1200,"caption":"Babcock Wanson"},"image":{"@id":"https:\/\/www.babcock-wanson.com\/fr\/#\/schema\/logo\/image\/"},"sameAs":["https:\/\/www.linkedin.com\/company\/babcock-wanson\/","https:\/\/www.youtube.com\/channel\/UCtxl25VieBBsP2kYmtlyv7A"]}]}},"jetpack_sharing_enabled":true,"_links":{"self":[{"href":"https:\/\/www.babcock-wanson.com\/fr\/wp-json\/wp\/v2\/product\/23607","targetHints":{"allow":["GET"]}}],"collection":[{"href":"https:\/\/www.babcock-wanson.com\/fr\/wp-json\/wp\/v2\/product"}],"about":[{"href":"https:\/\/www.babcock-wanson.com\/fr\/wp-json\/wp\/v2\/types\/product"}],"replies":[{"embeddable":true,"href":"https:\/\/www.babcock-wanson.com\/fr\/wp-json\/wp\/v2\/comments?post=23607"}],"wp:featuredmedia":[{"embeddable":true,"href":"https:\/\/www.babcock-wanson.com\/fr\/wp-json\/wp\/v2\/media\/23004"}],"wp:attachment":[{"href":"https:\/\/www.babcock-wanson.com\/fr\/wp-json\/wp\/v2\/media?parent=23607"}],"wp:term":[{"taxonomy":"product_brand","embeddable":true,"href":"https:\/\/www.babcock-wanson.com\/fr\/wp-json\/wp\/v2\/product_brand?post=23607"},{"taxonomy":"product_cat","embeddable":true,"href":"https:\/\/www.babcock-wanson.com\/fr\/wp-json\/wp\/v2\/product_cat?post=23607"},{"taxonomy":"product_tag","embeddable":true,"href":"https:\/\/www.babcock-wanson.com\/fr\/wp-json\/wp\/v2\/product_tag?post=23607"}],"curies":[{"name":"wp","href":"https:\/\/api.w.org\/{rel}","templated":true}]}}