{"id":23610,"date":"2018-09-19T12:36:12","date_gmt":"2018-09-19T11:36:12","guid":{"rendered":"https:\/\/www.babcock-wanson.com\/products\/non%20class\u00e9\/oxydateurs-regeneratifs\/"},"modified":"2021-11-08T01:52:34","modified_gmt":"2021-11-08T01:52:34","slug":"oxydateurs-regeneratifs","status":"publish","type":"product","link":"https:\/\/www.babcock-wanson.com\/fr\/produits\/oxydateurs-thermiques\/oxydateurs-regeneratifs\/","title":{"rendered":"Oxydateurs R\u00e9g\u00e9n\u00e9ratifs"},"content":{"rendered":"<div class=\"vgblk-rw-wrapper limit-wrapper\">\n<h3>Principes de fonctionnement<\/h3>\n<p>L&rsquo;air charg\u00e9 en COV est aspir\u00e9 dans l&rsquo;oxydateur au moyen d&rsquo;un ventilateur de transport des effluents \u00e0 vitesse variable. L&rsquo;effluent est chauff\u00e9 dans la tour d&rsquo;entr\u00e9e, travers\u00e9 par la chambre de combustion et refroidi dans la tour de sortie, remplie comme la tour d\u2019entr\u00e9e d&rsquo;un mat\u00e9riau c\u00e9ramique sp\u00e9cial.<\/p>\n<p>Pour obtenir la meilleure oxydation thermique possible des COV, les conditions suivantes doivent \u00eatre remplies :<\/p>\n<ul>\n<li>Temp\u00e9rature entre 750 et 950\u00b0C<\/li>\n<li>Temps de s\u00e9jour de l&rsquo;effluent dans la chambre de combustion entre 0,6 et 1 seconde<\/li>\n<li>Turbulation pour un m\u00e9lange efficace de l&rsquo;effluent et de l&rsquo;oxyg\u00e8ne<\/li>\n<\/ul>\n<p>Un oxydateur thermique r\u00e9g\u00e9n\u00e9ratif comprend g\u00e9n\u00e9ralement :<\/p>\n<ul>\n<li>Ventilateur de transfert d&rsquo;effluents gazeux<\/li>\n<li>Tours d&rsquo;accumulation de chaleur remplies de mat\u00e9riau c\u00e9ramique (2, 3 ou 5 tours selon les crit\u00e8res de fonctionnement)<\/li>\n<li>Syst\u00e8me de vannes automatiques pour la distribution des effluents \u00e0 travers les tours (con\u00e7u et fabriqu\u00e9 par Babcock Wanson)<\/li>\n<li>Chambre de combustion avec un ou plusieurs br\u00fbleurs automatiques modulants gaz\/combustible<\/li>\n<li>Panneau de commande PLC et panneau d&rsquo;interface op\u00e9rateur (HMI)<\/li>\n<\/ul>\n<h3>Avantages des oxydateurs r\u00e9g\u00e9n\u00e9ratifs<\/h3>\n<ul>\n<li>Aussi efficace que l&rsquo;<a href=\"https:\/\/www.babcock-wanson.com\/fr\/categorie-produit\/oxydateurs-thermiques\/\" target=\"_blank\" rel=\"noopener\">oxydateur thermique<\/a> r\u00e9cup\u00e9rateur, avec moins d&rsquo;\u00e9missions de NOx<\/li>\n<li>Convient aux hauts d\u00e9bit \u00e0 faible teneur en COV<\/li>\n<li>Contr\u00f4le continu des \u00e9missions<\/li>\n<li>Gestion simplifi\u00e9e de l&rsquo;exploitation<\/li>\n<li>Maintenance r\u00e9duite<\/li>\n<li>R\u00e9duction de la consommation de gaz\/combustible : l&rsquo;oxydateur r\u00e9g\u00e9n\u00e9ratif peut atteindre des conditions auto-thermiques avec de tr\u00e8s faibles concentrations de COV<\/li>\n<li>Installation autonome qui ne produit pas de d\u00e9chets ou de chaleur n\u00e9cessitant une r\u00e9cup\u00e9ration ult\u00e9rieure<\/li>\n<li>Plage de 1.000 \u00e0 150.000 Nm\u00b3\/h<\/li>\n<\/ul>\n<\/div>\n<p><!-- .vgblk-rw-wrapper --><\/p>\n","protected":false},"excerpt":{"rendered":"<p>Les oxydateurs r\u00e9g\u00e9n\u00e9ratifs sont utilis\u00e9s lorsqu&rsquo;il n&rsquo;y a pas besoin de <a href=\"https:\/\/www.babcock-wanson.com\/fr\/categorie-produit\/chaudieres-de-recuperation\/\" target=\"_blank\" rel=\"noopener\">r\u00e9cup\u00e9ration de chaleur<\/a>, ou lorsque la quantit\u00e9 de chaleur r\u00e9cup\u00e9rable est trop faible pour justifier un oxydateur \u00e0 r\u00e9cup\u00e9ration thermique. Ils sont \u00e9galement bien adapt\u00e9s aux process qui rejettent de grandes quantit\u00e9s d\u2019effluents gazeux avec une teneur relativement faible en COV.<\/p>\n","protected":false},"featured_media":23002,"comment_status":"closed","ping_status":"closed","template":"","meta":{"_acf_changed":false,"_relevanssi_hide_post":"","_relevanssi_hide_content":"","_relevanssi_pin_for_all":"","_relevanssi_pin_keywords":"","_relevanssi_unpin_keywords":"","_relevanssi_related_keywords":"","_relevanssi_related_include_ids":"","_relevanssi_related_exclude_ids":"","_relevanssi_related_no_append":"","_relevanssi_related_not_related":"","_relevanssi_related_posts":"","_relevanssi_noindex_reason":""},"product_brand":[],"product_cat":[2659],"product_tag":[],"class_list":{"0":"post-23610","1":"product","2":"type-product","3":"status-publish","4":"has-post-thumbnail","6":"product_cat-oxydateurs-thermiques","8":"first","9":"instock","10":"shipping-taxable","11":"product-type-simple"},"acf":[],"yoast_head":"<!-- This site is optimized with the Yoast SEO Premium plugin v27.4 (Yoast SEO v27.4) - https:\/\/yoast.com\/product\/yoast-seo-premium-wordpress\/ -->\n<title>Oxydateurs R\u00e9g\u00e9n\u00e9ratifs - Babcock Wanson<\/title>\n<meta name=\"description\" content=\"Les oxydateurs r\u00e9g\u00e9n\u00e9ratifs sont utilis\u00e9s lorsqu&#039;il n&#039;est pas n\u00e9cessaire de r\u00e9cup\u00e9rer la chaleur, cliquez ici pour en savoir plus\" \/>\n<meta name=\"robots\" content=\"index, follow, max-snippet:-1, max-image-preview:large, max-video-preview:-1\" \/>\n<link rel=\"canonical\" href=\"https:\/\/www.babcock-wanson.com\/fr\/produits\/oxydateurs-thermiques\/oxydateurs-regeneratifs\/\" \/>\n<meta property=\"og:locale\" content=\"fr_FR\" \/>\n<meta property=\"og:type\" content=\"article\" \/>\n<meta property=\"og:title\" content=\"Oxydateurs R\u00e9g\u00e9n\u00e9ratifs\" \/>\n<meta property=\"og:description\" content=\"Les oxydateurs r\u00e9g\u00e9n\u00e9ratifs sont utilis\u00e9s lorsqu&#039;il n&#039;est pas n\u00e9cessaire de r\u00e9cup\u00e9rer la chaleur, cliquez ici pour en savoir plus\" \/>\n<meta property=\"og:url\" content=\"https:\/\/www.babcock-wanson.com\/fr\/produits\/oxydateurs-thermiques\/oxydateurs-regeneratifs\/\" \/>\n<meta property=\"og:site_name\" content=\"Babcock Wanson\" \/>\n<meta property=\"article:modified_time\" content=\"2021-11-08T01:52:34+00:00\" \/>\n<meta property=\"og:image\" content=\"https:\/\/www.babcock-wanson.com\/wp-content\/uploads\/2018\/09\/Regenerative-Oxidisers-12.jpg\" \/>\n\t<meta property=\"og:image:width\" content=\"600\" \/>\n\t<meta property=\"og:image:height\" content=\"400\" \/>\n\t<meta property=\"og:image:type\" content=\"image\/jpeg\" \/>\n<meta name=\"twitter:card\" content=\"summary_large_image\" \/>\n<meta name=\"twitter:label1\" content=\"Est. reading time\" \/>\n\t<meta name=\"twitter:data1\" content=\"2 minutes\" \/>\n<script type=\"application\/ld+json\" class=\"yoast-schema-graph\">{\"@context\":\"https:\\\/\\\/schema.org\",\"@graph\":[{\"@type\":\"WebPage\",\"@id\":\"https:\\\/\\\/www.babcock-wanson.com\\\/fr\\\/produits\\\/oxydateurs-thermiques\\\/oxydateurs-regeneratifs\\\/\",\"url\":\"https:\\\/\\\/www.babcock-wanson.com\\\/fr\\\/produits\\\/oxydateurs-thermiques\\\/oxydateurs-regeneratifs\\\/\",\"name\":\"Oxydateurs R\u00e9g\u00e9n\u00e9ratifs - Babcock Wanson\",\"isPartOf\":{\"@id\":\"https:\\\/\\\/www.babcock-wanson.com\\\/fr\\\/#website\"},\"primaryImageOfPage\":{\"@id\":\"https:\\\/\\\/www.babcock-wanson.com\\\/fr\\\/produits\\\/oxydateurs-thermiques\\\/oxydateurs-regeneratifs\\\/#primaryimage\"},\"image\":{\"@id\":\"https:\\\/\\\/www.babcock-wanson.com\\\/fr\\\/produits\\\/oxydateurs-thermiques\\\/oxydateurs-regeneratifs\\\/#primaryimage\"},\"thumbnailUrl\":\"https:\\\/\\\/www.babcock-wanson.com\\\/wp-content\\\/uploads\\\/2018\\\/09\\\/Regenerative-Oxidisers-12.jpg\",\"datePublished\":\"2018-09-19T11:36:12+00:00\",\"dateModified\":\"2021-11-08T01:52:34+00:00\",\"description\":\"Les oxydateurs r\u00e9g\u00e9n\u00e9ratifs sont utilis\u00e9s lorsqu'il n'est pas n\u00e9cessaire de r\u00e9cup\u00e9rer la chaleur, cliquez ici pour en savoir plus\",\"breadcrumb\":{\"@id\":\"https:\\\/\\\/www.babcock-wanson.com\\\/fr\\\/produits\\\/oxydateurs-thermiques\\\/oxydateurs-regeneratifs\\\/#breadcrumb\"},\"inLanguage\":\"fr-FR\",\"potentialAction\":[{\"@type\":\"ReadAction\",\"target\":[\"https:\\\/\\\/www.babcock-wanson.com\\\/fr\\\/produits\\\/oxydateurs-thermiques\\\/oxydateurs-regeneratifs\\\/\"]}]},{\"@type\":\"ImageObject\",\"inLanguage\":\"fr-FR\",\"@id\":\"https:\\\/\\\/www.babcock-wanson.com\\\/fr\\\/produits\\\/oxydateurs-thermiques\\\/oxydateurs-regeneratifs\\\/#primaryimage\",\"url\":\"https:\\\/\\\/www.babcock-wanson.com\\\/wp-content\\\/uploads\\\/2018\\\/09\\\/Regenerative-Oxidisers-12.jpg\",\"contentUrl\":\"https:\\\/\\\/www.babcock-wanson.com\\\/wp-content\\\/uploads\\\/2018\\\/09\\\/Regenerative-Oxidisers-12.jpg\",\"width\":600,\"height\":400,\"caption\":\"Oxydateurs R\u00e9g\u00e9n\u00e9ratifs\"},{\"@type\":\"BreadcrumbList\",\"@id\":\"https:\\\/\\\/www.babcock-wanson.com\\\/fr\\\/produits\\\/oxydateurs-thermiques\\\/oxydateurs-regeneratifs\\\/#breadcrumb\",\"itemListElement\":[{\"@type\":\"ListItem\",\"position\":1,\"name\":\"Accueil\",\"item\":\"https:\\\/\\\/www.babcock-wanson.com\\\/fr\\\/\"},{\"@type\":\"ListItem\",\"position\":2,\"name\":\"Produits\",\"item\":\"https:\\\/\\\/www.babcock-wanson.com\\\/fr\\\/shop\\\/\"},{\"@type\":\"ListItem\",\"position\":3,\"name\":\"Oxydateurs thermiques\",\"item\":\"https:\\\/\\\/www.babcock-wanson.com\\\/fr\\\/categorie-produit\\\/oxydateurs-thermiques\\\/\"},{\"@type\":\"ListItem\",\"position\":4,\"name\":\"Oxydateurs R\u00e9g\u00e9n\u00e9ratifs\"}]},{\"@type\":\"WebSite\",\"@id\":\"https:\\\/\\\/www.babcock-wanson.com\\\/fr\\\/#website\",\"url\":\"https:\\\/\\\/www.babcock-wanson.com\\\/fr\\\/\",\"name\":\"Babcock Wanson\",\"description\":\"\",\"publisher\":{\"@id\":\"https:\\\/\\\/www.babcock-wanson.com\\\/fr\\\/#organization\"},\"potentialAction\":[{\"@type\":\"SearchAction\",\"target\":{\"@type\":\"EntryPoint\",\"urlTemplate\":\"https:\\\/\\\/www.babcock-wanson.com\\\/fr\\\/?s={search_term_string}\"},\"query-input\":{\"@type\":\"PropertyValueSpecification\",\"valueRequired\":true,\"valueName\":\"search_term_string\"}}],\"inLanguage\":\"fr-FR\"},{\"@type\":\"Organization\",\"@id\":\"https:\\\/\\\/www.babcock-wanson.com\\\/fr\\\/#organization\",\"name\":\"Babcock Wanson\",\"url\":\"https:\\\/\\\/www.babcock-wanson.com\\\/fr\\\/\",\"logo\":{\"@type\":\"ImageObject\",\"inLanguage\":\"fr-FR\",\"@id\":\"https:\\\/\\\/www.babcock-wanson.com\\\/fr\\\/#\\\/schema\\\/logo\\\/image\\\/\",\"url\":\"https:\\\/\\\/www.babcock-wanson.com\\\/wp-content\\\/uploads\\\/2024\\\/02\\\/Babcock-Wanson-1200x1200-1.png\",\"contentUrl\":\"https:\\\/\\\/www.babcock-wanson.com\\\/wp-content\\\/uploads\\\/2024\\\/02\\\/Babcock-Wanson-1200x1200-1.png\",\"width\":1200,\"height\":1200,\"caption\":\"Babcock Wanson\"},\"image\":{\"@id\":\"https:\\\/\\\/www.babcock-wanson.com\\\/fr\\\/#\\\/schema\\\/logo\\\/image\\\/\"},\"sameAs\":[\"https:\\\/\\\/www.linkedin.com\\\/company\\\/babcock-wanson\\\/\",\"https:\\\/\\\/www.youtube.com\\\/channel\\\/UCtxl25VieBBsP2kYmtlyv7A\"]}]}<\/script>\n<!-- \/ Yoast SEO Premium plugin. -->","yoast_head_json":{"title":"Oxydateurs R\u00e9g\u00e9n\u00e9ratifs - Babcock Wanson","description":"Les oxydateurs r\u00e9g\u00e9n\u00e9ratifs sont utilis\u00e9s lorsqu'il n'est pas n\u00e9cessaire de r\u00e9cup\u00e9rer la chaleur, cliquez ici pour en savoir plus","robots":{"index":"index","follow":"follow","max-snippet":"max-snippet:-1","max-image-preview":"max-image-preview:large","max-video-preview":"max-video-preview:-1"},"canonical":"https:\/\/www.babcock-wanson.com\/fr\/produits\/oxydateurs-thermiques\/oxydateurs-regeneratifs\/","og_locale":"fr_FR","og_type":"article","og_title":"Oxydateurs R\u00e9g\u00e9n\u00e9ratifs","og_description":"Les oxydateurs r\u00e9g\u00e9n\u00e9ratifs sont utilis\u00e9s lorsqu'il n'est pas n\u00e9cessaire de r\u00e9cup\u00e9rer la chaleur, cliquez ici pour en savoir plus","og_url":"https:\/\/www.babcock-wanson.com\/fr\/produits\/oxydateurs-thermiques\/oxydateurs-regeneratifs\/","og_site_name":"Babcock Wanson","article_modified_time":"2021-11-08T01:52:34+00:00","og_image":[{"width":600,"height":400,"url":"https:\/\/www.babcock-wanson.com\/wp-content\/uploads\/2018\/09\/Regenerative-Oxidisers-12.jpg","type":"image\/jpeg"}],"twitter_card":"summary_large_image","twitter_misc":{"Est. reading time":"2 minutes"},"schema":{"@context":"https:\/\/schema.org","@graph":[{"@type":"WebPage","@id":"https:\/\/www.babcock-wanson.com\/fr\/produits\/oxydateurs-thermiques\/oxydateurs-regeneratifs\/","url":"https:\/\/www.babcock-wanson.com\/fr\/produits\/oxydateurs-thermiques\/oxydateurs-regeneratifs\/","name":"Oxydateurs R\u00e9g\u00e9n\u00e9ratifs - Babcock Wanson","isPartOf":{"@id":"https:\/\/www.babcock-wanson.com\/fr\/#website"},"primaryImageOfPage":{"@id":"https:\/\/www.babcock-wanson.com\/fr\/produits\/oxydateurs-thermiques\/oxydateurs-regeneratifs\/#primaryimage"},"image":{"@id":"https:\/\/www.babcock-wanson.com\/fr\/produits\/oxydateurs-thermiques\/oxydateurs-regeneratifs\/#primaryimage"},"thumbnailUrl":"https:\/\/www.babcock-wanson.com\/wp-content\/uploads\/2018\/09\/Regenerative-Oxidisers-12.jpg","datePublished":"2018-09-19T11:36:12+00:00","dateModified":"2021-11-08T01:52:34+00:00","description":"Les oxydateurs r\u00e9g\u00e9n\u00e9ratifs sont utilis\u00e9s lorsqu'il n'est pas n\u00e9cessaire de r\u00e9cup\u00e9rer la chaleur, cliquez ici pour en savoir plus","breadcrumb":{"@id":"https:\/\/www.babcock-wanson.com\/fr\/produits\/oxydateurs-thermiques\/oxydateurs-regeneratifs\/#breadcrumb"},"inLanguage":"fr-FR","potentialAction":[{"@type":"ReadAction","target":["https:\/\/www.babcock-wanson.com\/fr\/produits\/oxydateurs-thermiques\/oxydateurs-regeneratifs\/"]}]},{"@type":"ImageObject","inLanguage":"fr-FR","@id":"https:\/\/www.babcock-wanson.com\/fr\/produits\/oxydateurs-thermiques\/oxydateurs-regeneratifs\/#primaryimage","url":"https:\/\/www.babcock-wanson.com\/wp-content\/uploads\/2018\/09\/Regenerative-Oxidisers-12.jpg","contentUrl":"https:\/\/www.babcock-wanson.com\/wp-content\/uploads\/2018\/09\/Regenerative-Oxidisers-12.jpg","width":600,"height":400,"caption":"Oxydateurs R\u00e9g\u00e9n\u00e9ratifs"},{"@type":"BreadcrumbList","@id":"https:\/\/www.babcock-wanson.com\/fr\/produits\/oxydateurs-thermiques\/oxydateurs-regeneratifs\/#breadcrumb","itemListElement":[{"@type":"ListItem","position":1,"name":"Accueil","item":"https:\/\/www.babcock-wanson.com\/fr\/"},{"@type":"ListItem","position":2,"name":"Produits","item":"https:\/\/www.babcock-wanson.com\/fr\/shop\/"},{"@type":"ListItem","position":3,"name":"Oxydateurs thermiques","item":"https:\/\/www.babcock-wanson.com\/fr\/categorie-produit\/oxydateurs-thermiques\/"},{"@type":"ListItem","position":4,"name":"Oxydateurs R\u00e9g\u00e9n\u00e9ratifs"}]},{"@type":"WebSite","@id":"https:\/\/www.babcock-wanson.com\/fr\/#website","url":"https:\/\/www.babcock-wanson.com\/fr\/","name":"Babcock Wanson","description":"","publisher":{"@id":"https:\/\/www.babcock-wanson.com\/fr\/#organization"},"potentialAction":[{"@type":"SearchAction","target":{"@type":"EntryPoint","urlTemplate":"https:\/\/www.babcock-wanson.com\/fr\/?s={search_term_string}"},"query-input":{"@type":"PropertyValueSpecification","valueRequired":true,"valueName":"search_term_string"}}],"inLanguage":"fr-FR"},{"@type":"Organization","@id":"https:\/\/www.babcock-wanson.com\/fr\/#organization","name":"Babcock Wanson","url":"https:\/\/www.babcock-wanson.com\/fr\/","logo":{"@type":"ImageObject","inLanguage":"fr-FR","@id":"https:\/\/www.babcock-wanson.com\/fr\/#\/schema\/logo\/image\/","url":"https:\/\/www.babcock-wanson.com\/wp-content\/uploads\/2024\/02\/Babcock-Wanson-1200x1200-1.png","contentUrl":"https:\/\/www.babcock-wanson.com\/wp-content\/uploads\/2024\/02\/Babcock-Wanson-1200x1200-1.png","width":1200,"height":1200,"caption":"Babcock Wanson"},"image":{"@id":"https:\/\/www.babcock-wanson.com\/fr\/#\/schema\/logo\/image\/"},"sameAs":["https:\/\/www.linkedin.com\/company\/babcock-wanson\/","https:\/\/www.youtube.com\/channel\/UCtxl25VieBBsP2kYmtlyv7A"]}]}},"jetpack_sharing_enabled":true,"_links":{"self":[{"href":"https:\/\/www.babcock-wanson.com\/fr\/wp-json\/wp\/v2\/product\/23610","targetHints":{"allow":["GET"]}}],"collection":[{"href":"https:\/\/www.babcock-wanson.com\/fr\/wp-json\/wp\/v2\/product"}],"about":[{"href":"https:\/\/www.babcock-wanson.com\/fr\/wp-json\/wp\/v2\/types\/product"}],"replies":[{"embeddable":true,"href":"https:\/\/www.babcock-wanson.com\/fr\/wp-json\/wp\/v2\/comments?post=23610"}],"wp:featuredmedia":[{"embeddable":true,"href":"https:\/\/www.babcock-wanson.com\/fr\/wp-json\/wp\/v2\/media\/23002"}],"wp:attachment":[{"href":"https:\/\/www.babcock-wanson.com\/fr\/wp-json\/wp\/v2\/media?parent=23610"}],"wp:term":[{"taxonomy":"product_brand","embeddable":true,"href":"https:\/\/www.babcock-wanson.com\/fr\/wp-json\/wp\/v2\/product_brand?post=23610"},{"taxonomy":"product_cat","embeddable":true,"href":"https:\/\/www.babcock-wanson.com\/fr\/wp-json\/wp\/v2\/product_cat?post=23610"},{"taxonomy":"product_tag","embeddable":true,"href":"https:\/\/www.babcock-wanson.com\/fr\/wp-json\/wp\/v2\/product_tag?post=23610"}],"curies":[{"name":"wp","href":"https:\/\/api.w.org\/{rel}","templated":true}]}}