{"id":23641,"date":"2018-09-19T13:42:13","date_gmt":"2018-09-19T12:42:13","guid":{"rendered":"https:\/\/www.babcock-wanson.com\/products\/non%20class\u00e9\/demineralisation-par-osmose-inverse\/"},"modified":"2025-04-14T15:23:34","modified_gmt":"2025-04-14T14:23:34","slug":"demineralisation-par-osmose-inverse","status":"publish","type":"product","link":"https:\/\/www.babcock-wanson.com\/fr\/produits\/traitement-de-leau\/demineralisation-par-osmose-inverse\/","title":{"rendered":"D\u00e9min\u00e9ralisation par Osmose Inverse"},"content":{"rendered":"<div class=\"vgblk-rw-wrapper limit-wrapper\">\n<h3>Applications industrielles du BWO<\/h3>\n<ul>\n<li>Purification de l&rsquo;eau de process &#8211; BWO peut \u00eatre utilis\u00e9 pour purifier l&rsquo;eau de process, par exemple pour le traitement de surface ou dans les laboratoires cosm\u00e9tiques, etc.<\/li>\n<li>Purification de l&rsquo;alimentation des chaudi\u00e8res &#8211; BWO peut \u00e9galement servir pour le traitement de l&rsquo;eau d\u2019alimentation des chaudi\u00e8res. L&rsquo;eau purifi\u00e9e produite par BWO permet de r\u00e9duire le taux de purge de la chaudi\u00e8re \u00e0 environ 1%, assurant ainsi le bon fonctionnement de la centrale thermique et minimisant les pertes \u00e9nerg\u00e9tiques.<\/li>\n<\/ul>\n<h3>Gamme flexible et compl\u00e8te<\/h3>\n<ul>\n<li>La d\u00e9min\u00e9ralisation BWO par osmose inverse est disponible sous forme de skids verticaux ou horizontaux en fonction du flux de perm\u00e9at Cette caract\u00e9ristique assure une installation simple et rapide sur site<\/li>\n<li>Gamme standard de 600 l\/h \u00e0 10.000 l\/h. D\u00e9bits de perm\u00e9at sp\u00e9cifiques sur demande<\/li>\n<li>Une conductivit\u00e9 du perm\u00e9at inf\u00e9rieure \u00e0 1 \u03bcS\/cm peut \u00eatre atteinte<\/li>\n<li>La gamme est adapt\u00e9e \u00e0 des demandes sp\u00e9cifiques<\/li>\n<li>Encombrement au sol minimal<\/li>\n<\/ul>\n<h3>Un \u00e9quipement s\u00fbr et fiable<\/h3>\n<ul>\n<li>L&rsquo;option de d\u00e9rivation automatique du BWO garantit le fonctionnement le plus s\u00fbr pour les process et la production de vapeur<\/li>\n<li>BWO permet d&rsquo;assurer une qualit\u00e9 d&rsquo;eau sur mesure et de r\u00e9pondre \u00e0 des besoins sp\u00e9cifiques<\/li>\n<li>Le rapport \u00e9nerg\u00e9tique global est nettement am\u00e9lior\u00e9<\/li>\n<li>Le retour sur investissement est tr\u00e8s \u00e9lev\u00e9<\/li>\n<\/ul>\n<h3>Maintenance simplifi\u00e9<\/h3>\n<ul>\n<li>BWO inclut un m\u00e9canisme de protection des membranes sans co\u00fbt d&rsquo;installation suppl\u00e9mentaire<\/li>\n<li>Les vannes m\u00e9langeuses BWO permettent d&rsquo;\u00e9conomiser sur les produits de <a href=\"https:\/\/www.babcock-wanson.com\/fr\/categorie-produit\/traitement-de-leau\/\" target=\"_blank\" rel=\"noopener\">traitement de l&rsquo;eau<\/a><\/li>\n<\/ul>\n<h3>Respectueux de l&rsquo;environnement<\/h3>\n<ul>\n<li>La d\u00e9min\u00e9ralisation par osmose inverse BWO garantit une utilisation efficace des ressources, une maintenance simple et le respect des normes environnementales<\/li>\n<li>BWO a un faible impact sur l&rsquo;environnement en raison de l&rsquo;absence de r\u00e9actifs chimiques<\/li>\n<\/ul>\n<h2>D\u00e9min\u00e9ralisation par Osmose Inverse<\/h2>\n<h3>Mod\u00e8le Vertical<\/h3>\n<div class=\"table-responsive\">\n<table>\n<tbody>\n<tr>\n<th class=\"bg-primary text-white\">\n<h3>Mod\u00e8le<\/h3>\n<\/th>\n<th class=\"bg-primary text-white\">\n<h3><\/h3>\n<\/th>\n<th>BWOV 600<\/th>\n<th>BWOV 900<\/th>\n<th>BWOV 1500<\/th>\n<th>BWOV 2100<\/th>\n<th>BWOV 3000<\/th>\n<th>BWOV 4500<\/th>\n<th>BWOV 5500<\/th>\n<\/tr>\n<tr>\n<th>D\u00e9bit Perm\u00e9at \u00e0 15\u00b0C<\/th>\n<th>l\/h<\/th>\n<td>600<\/td>\n<td>900<\/td>\n<td>1500<\/td>\n<td>2100<\/td>\n<td>3000<\/td>\n<td>4500<\/td>\n<td>5500<\/td>\n<\/tr>\n<tr>\n<th>D\u00e9bit alimentation<\/th>\n<th>l\/h<\/th>\n<td>800<\/td>\n<td>1200<\/td>\n<td>2000<\/td>\n<td>2800<\/td>\n<td>4000<\/td>\n<td>6000<\/td>\n<td>7333<\/td>\n<\/tr>\n<tr class=\"table-secondary\">\n<th class=\"bg-secondary text-white\">Largeur<\/th>\n<th class=\"bg-secondary text-white\">mm<\/th>\n<td>900<\/td>\n<td>900<\/td>\n<td>1700<\/td>\n<td>1700<\/td>\n<td>1500<\/td>\n<td>1500<\/td>\n<td>1500<\/td>\n<\/tr>\n<tr class=\"table-dark\">\n<th class=\"bg-dark text-white\">Longueur<\/th>\n<th class=\"bg-dark text-white\">mm<\/th>\n<td>560<\/td>\n<td>560<\/td>\n<td>560<\/td>\n<td>560<\/td>\n<td>1100<\/td>\n<td>1100<\/td>\n<td>1100<\/td>\n<\/tr>\n<tr class=\"table-primary\">\n<th class=\"bg-primary text-white\">Hauteur<\/th>\n<th class=\"bg-primary text-white\">mm<\/th>\n<td>1500<\/td>\n<td>1500<\/td>\n<td>1700<\/td>\n<td>1700<\/td>\n<td>2100<\/td>\n<td>2100<\/td>\n<td>2100<\/td>\n<\/tr>\n<\/tbody>\n<\/table>\n<\/div>\n<h3>Mod\u00e8le Horizontal<\/h3>\n<div class=\"table-responsive\">\n<table>\n<tbody>\n<tr>\n<th class=\"bg-primary text-white\">\n<h3>Mod\u00e8le<\/h3>\n<\/th>\n<th class=\"bg-primary text-white\">\n<h3><\/h3>\n<\/th>\n<th>BWOH 3000<\/th>\n<th>BWOH 3500<\/th>\n<th>BWOH 4500<\/th>\n<th>BWOH 5500<\/th>\n<th>BWOH 7500<\/th>\n<th>BWOH 10000<\/th>\n<\/tr>\n<tr>\n<th>D\u00e9bit Perm\u00e9at \u00e0 15\u00b0C<\/th>\n<th>l\/h<\/th>\n<td>3000<\/td>\n<td>3500<\/td>\n<td>4500<\/td>\n<td>5500<\/td>\n<td>7500<\/td>\n<td>10000<\/td>\n<\/tr>\n<tr>\n<th>D\u00e9bit alimentation<\/th>\n<th>l\/h<\/th>\n<td>4000<\/td>\n<td>4667<\/td>\n<td>6000<\/td>\n<td>7333<\/td>\n<td>10000<\/td>\n<td>13333<\/td>\n<\/tr>\n<tr class=\"table-secondary\">\n<th class=\"bg-secondary text-white\">Largeur<\/th>\n<th class=\"bg-secondary text-white\">mm<\/th>\n<td>2600<\/td>\n<td>3600<\/td>\n<td>3600<\/td>\n<td>3000<\/td>\n<td>3000<\/td>\n<td>3000<\/td>\n<\/tr>\n<tr class=\"table-dark\">\n<th class=\"bg-dark text-white\">Longueur<\/th>\n<th class=\"bg-dark text-white\">mm<\/th>\n<td>600<\/td>\n<td>600<\/td>\n<td>600<\/td>\n<td>1000<\/td>\n<td>1000<\/td>\n<td>1000<\/td>\n<\/tr>\n<tr class=\"table-primary\">\n<th class=\"bg-primary text-white\">Hauteur<\/th>\n<th class=\"bg-primary text-white\">mm<\/th>\n<td>1600<\/td>\n<td>1600<\/td>\n<td>1600<\/td>\n<td>2100<\/td>\n<td>2100<\/td>\n<td>2100<\/td>\n<\/tr>\n<\/tbody>\n<\/table>\n<\/div>\n<\/div>\n<p><!-- .vgblk-rw-wrapper --><\/p>\n","protected":false},"excerpt":{"rendered":"<p><strong>Standard : D\u00e9bit de perm\u00e9at de 600 \u00e0 10 000 litres par heure<\/strong><br \/>\n<strong>Sp\u00e9cifique : D\u00e9bit adapt\u00e9 \u00e0 la demande<\/strong><\/p>\n<p>La d\u00e9min\u00e9ralisation BWO par osmose inverse est une technologie membranaire de purification de l&rsquo;eau.<\/p>\n<p>BWO a \u00e9t\u00e9 con\u00e7u pour \u00e9liminer efficacement de l&rsquo;eau de nombreux types d&rsquo;\u00e9l\u00e9ments dissous ou en suspension comme les ions, les mol\u00e9cules, les bact\u00e9ries ou les particules plus grosses. Il utilise des membranes \u00e0 faible consommation d&rsquo;\u00e9nergie et comprend un \u00e9quipement enti\u00e8rement automatis\u00e9 et un automate programmable pour la gestion de la s\u00e9curit\u00e9 et des alarmes.<\/p>\n<p>Babcock Wanson a d\u00e9velopp\u00e9 toute une gamme d&rsquo;\u00e9quipements d&rsquo;osmose inverse qui permet de r\u00e9pondre et d&rsquo;optimiser les besoins de l&rsquo;industrie. La s\u00e9rie standard fournit un d\u00e9bit de perm\u00e9at de 600 \u00e0 10.000 litres par heure. La gamme BWO est adapt\u00e9e aux demandes sp\u00e9cifiques.<\/p>\n","protected":false},"featured_media":22977,"comment_status":"closed","ping_status":"closed","template":"","meta":{"_acf_changed":false,"_relevanssi_hide_post":"","_relevanssi_hide_content":"","_relevanssi_pin_for_all":"","_relevanssi_pin_keywords":"","_relevanssi_unpin_keywords":"","_relevanssi_related_keywords":"","_relevanssi_related_include_ids":"","_relevanssi_related_exclude_ids":"","_relevanssi_related_no_append":"","_relevanssi_related_not_related":"","_relevanssi_related_posts":"","_relevanssi_noindex_reason":""},"product_brand":[],"product_cat":[2657],"product_tag":[],"class_list":{"0":"post-23641","1":"product","2":"type-product","3":"status-publish","4":"has-post-thumbnail","6":"product_cat-traitement-de-leau","8":"first","9":"instock","10":"shipping-taxable","11":"product-type-simple"},"acf":[],"yoast_head":"<!-- This site is optimized with the Yoast SEO Premium plugin v27.4 (Yoast SEO v27.4) - https:\/\/yoast.com\/product\/yoast-seo-premium-wordpress\/ -->\n<title>D\u00e9min\u00e9ralisation par Osmose Inverse - Babcock Wanson<\/title>\n<meta name=\"description\" content=\"La d\u00e9min\u00e9ralisation par osmose inverse est une technologie de purification de l&#039;eau utilisant des membranes semi-s\u00e9lectives et une pression externe. Cliquez ici pour en savoir plus\" \/>\n<meta name=\"robots\" content=\"index, follow, max-snippet:-1, max-image-preview:large, max-video-preview:-1\" \/>\n<link rel=\"canonical\" href=\"https:\/\/www.babcock-wanson.com\/fr\/produits\/traitement-de-leau\/demineralisation-par-osmose-inverse\/\" \/>\n<meta property=\"og:locale\" content=\"fr_FR\" \/>\n<meta property=\"og:type\" content=\"article\" \/>\n<meta property=\"og:title\" content=\"D\u00e9min\u00e9ralisation par Osmose Inverse\" \/>\n<meta property=\"og:description\" content=\"La d\u00e9min\u00e9ralisation par osmose inverse est une technologie de purification de l&#039;eau utilisant des membranes semi-s\u00e9lectives et une pression externe. Cliquez ici pour en savoir plus\" \/>\n<meta property=\"og:url\" content=\"https:\/\/www.babcock-wanson.com\/fr\/produits\/traitement-de-leau\/demineralisation-par-osmose-inverse\/\" \/>\n<meta property=\"og:site_name\" content=\"Babcock Wanson\" \/>\n<meta property=\"article:modified_time\" content=\"2025-04-14T14:23:34+00:00\" \/>\n<meta property=\"og:image\" content=\"https:\/\/www.babcock-wanson.com\/wp-content\/uploads\/2018\/09\/demineralisation-by-reverse-osmosis-2.jpg\" \/>\n\t<meta property=\"og:image:width\" content=\"600\" \/>\n\t<meta property=\"og:image:height\" content=\"400\" \/>\n\t<meta property=\"og:image:type\" content=\"image\/jpeg\" \/>\n<meta name=\"twitter:card\" content=\"summary_large_image\" \/>\n<meta name=\"twitter:label1\" content=\"Est. reading time\" \/>\n\t<meta name=\"twitter:data1\" content=\"3 minutes\" \/>\n<script type=\"application\/ld+json\" class=\"yoast-schema-graph\">{\"@context\":\"https:\\\/\\\/schema.org\",\"@graph\":[{\"@type\":\"WebPage\",\"@id\":\"https:\\\/\\\/www.babcock-wanson.com\\\/fr\\\/produits\\\/traitement-de-leau\\\/demineralisation-par-osmose-inverse\\\/\",\"url\":\"https:\\\/\\\/www.babcock-wanson.com\\\/fr\\\/produits\\\/traitement-de-leau\\\/demineralisation-par-osmose-inverse\\\/\",\"name\":\"D\u00e9min\u00e9ralisation par Osmose Inverse - Babcock Wanson\",\"isPartOf\":{\"@id\":\"https:\\\/\\\/www.babcock-wanson.com\\\/fr\\\/#website\"},\"primaryImageOfPage\":{\"@id\":\"https:\\\/\\\/www.babcock-wanson.com\\\/fr\\\/produits\\\/traitement-de-leau\\\/demineralisation-par-osmose-inverse\\\/#primaryimage\"},\"image\":{\"@id\":\"https:\\\/\\\/www.babcock-wanson.com\\\/fr\\\/produits\\\/traitement-de-leau\\\/demineralisation-par-osmose-inverse\\\/#primaryimage\"},\"thumbnailUrl\":\"https:\\\/\\\/www.babcock-wanson.com\\\/wp-content\\\/uploads\\\/2018\\\/09\\\/demineralisation-by-reverse-osmosis-2.jpg\",\"datePublished\":\"2018-09-19T12:42:13+00:00\",\"dateModified\":\"2025-04-14T14:23:34+00:00\",\"description\":\"La d\u00e9min\u00e9ralisation par osmose inverse est une technologie de purification de l'eau utilisant des membranes semi-s\u00e9lectives et une pression externe. Cliquez ici pour en savoir plus\",\"breadcrumb\":{\"@id\":\"https:\\\/\\\/www.babcock-wanson.com\\\/fr\\\/produits\\\/traitement-de-leau\\\/demineralisation-par-osmose-inverse\\\/#breadcrumb\"},\"inLanguage\":\"fr-FR\",\"potentialAction\":[{\"@type\":\"ReadAction\",\"target\":[\"https:\\\/\\\/www.babcock-wanson.com\\\/fr\\\/produits\\\/traitement-de-leau\\\/demineralisation-par-osmose-inverse\\\/\"]}]},{\"@type\":\"ImageObject\",\"inLanguage\":\"fr-FR\",\"@id\":\"https:\\\/\\\/www.babcock-wanson.com\\\/fr\\\/produits\\\/traitement-de-leau\\\/demineralisation-par-osmose-inverse\\\/#primaryimage\",\"url\":\"https:\\\/\\\/www.babcock-wanson.com\\\/wp-content\\\/uploads\\\/2018\\\/09\\\/demineralisation-by-reverse-osmosis-2.jpg\",\"contentUrl\":\"https:\\\/\\\/www.babcock-wanson.com\\\/wp-content\\\/uploads\\\/2018\\\/09\\\/demineralisation-by-reverse-osmosis-2.jpg\",\"width\":600,\"height\":400,\"caption\":\"demin\u00e9ralisation-par-osmose-inverse\"},{\"@type\":\"BreadcrumbList\",\"@id\":\"https:\\\/\\\/www.babcock-wanson.com\\\/fr\\\/produits\\\/traitement-de-leau\\\/demineralisation-par-osmose-inverse\\\/#breadcrumb\",\"itemListElement\":[{\"@type\":\"ListItem\",\"position\":1,\"name\":\"Accueil\",\"item\":\"https:\\\/\\\/www.babcock-wanson.com\\\/fr\\\/\"},{\"@type\":\"ListItem\",\"position\":2,\"name\":\"Produits\",\"item\":\"https:\\\/\\\/www.babcock-wanson.com\\\/fr\\\/shop\\\/\"},{\"@type\":\"ListItem\",\"position\":3,\"name\":\"Traitement de l'eau\",\"item\":\"https:\\\/\\\/www.babcock-wanson.com\\\/fr\\\/categorie-produit\\\/traitement-de-leau\\\/\"},{\"@type\":\"ListItem\",\"position\":4,\"name\":\"D\u00e9min\u00e9ralisation par Osmose Inverse\"}]},{\"@type\":\"WebSite\",\"@id\":\"https:\\\/\\\/www.babcock-wanson.com\\\/fr\\\/#website\",\"url\":\"https:\\\/\\\/www.babcock-wanson.com\\\/fr\\\/\",\"name\":\"Babcock Wanson\",\"description\":\"\",\"publisher\":{\"@id\":\"https:\\\/\\\/www.babcock-wanson.com\\\/fr\\\/#organization\"},\"potentialAction\":[{\"@type\":\"SearchAction\",\"target\":{\"@type\":\"EntryPoint\",\"urlTemplate\":\"https:\\\/\\\/www.babcock-wanson.com\\\/fr\\\/?s={search_term_string}\"},\"query-input\":{\"@type\":\"PropertyValueSpecification\",\"valueRequired\":true,\"valueName\":\"search_term_string\"}}],\"inLanguage\":\"fr-FR\"},{\"@type\":\"Organization\",\"@id\":\"https:\\\/\\\/www.babcock-wanson.com\\\/fr\\\/#organization\",\"name\":\"Babcock Wanson\",\"url\":\"https:\\\/\\\/www.babcock-wanson.com\\\/fr\\\/\",\"logo\":{\"@type\":\"ImageObject\",\"inLanguage\":\"fr-FR\",\"@id\":\"https:\\\/\\\/www.babcock-wanson.com\\\/fr\\\/#\\\/schema\\\/logo\\\/image\\\/\",\"url\":\"https:\\\/\\\/www.babcock-wanson.com\\\/wp-content\\\/uploads\\\/2024\\\/02\\\/Babcock-Wanson-1200x1200-1.png\",\"contentUrl\":\"https:\\\/\\\/www.babcock-wanson.com\\\/wp-content\\\/uploads\\\/2024\\\/02\\\/Babcock-Wanson-1200x1200-1.png\",\"width\":1200,\"height\":1200,\"caption\":\"Babcock Wanson\"},\"image\":{\"@id\":\"https:\\\/\\\/www.babcock-wanson.com\\\/fr\\\/#\\\/schema\\\/logo\\\/image\\\/\"},\"sameAs\":[\"https:\\\/\\\/www.linkedin.com\\\/company\\\/babcock-wanson\\\/\",\"https:\\\/\\\/www.youtube.com\\\/channel\\\/UCtxl25VieBBsP2kYmtlyv7A\"]}]}<\/script>\n<!-- \/ Yoast SEO Premium plugin. -->","yoast_head_json":{"title":"D\u00e9min\u00e9ralisation par Osmose Inverse - Babcock Wanson","description":"La d\u00e9min\u00e9ralisation par osmose inverse est une technologie de purification de l'eau utilisant des membranes semi-s\u00e9lectives et une pression externe. Cliquez ici pour en savoir plus","robots":{"index":"index","follow":"follow","max-snippet":"max-snippet:-1","max-image-preview":"max-image-preview:large","max-video-preview":"max-video-preview:-1"},"canonical":"https:\/\/www.babcock-wanson.com\/fr\/produits\/traitement-de-leau\/demineralisation-par-osmose-inverse\/","og_locale":"fr_FR","og_type":"article","og_title":"D\u00e9min\u00e9ralisation par Osmose Inverse","og_description":"La d\u00e9min\u00e9ralisation par osmose inverse est une technologie de purification de l'eau utilisant des membranes semi-s\u00e9lectives et une pression externe. Cliquez ici pour en savoir plus","og_url":"https:\/\/www.babcock-wanson.com\/fr\/produits\/traitement-de-leau\/demineralisation-par-osmose-inverse\/","og_site_name":"Babcock Wanson","article_modified_time":"2025-04-14T14:23:34+00:00","og_image":[{"width":600,"height":400,"url":"https:\/\/www.babcock-wanson.com\/wp-content\/uploads\/2018\/09\/demineralisation-by-reverse-osmosis-2.jpg","type":"image\/jpeg"}],"twitter_card":"summary_large_image","twitter_misc":{"Est. reading time":"3 minutes"},"schema":{"@context":"https:\/\/schema.org","@graph":[{"@type":"WebPage","@id":"https:\/\/www.babcock-wanson.com\/fr\/produits\/traitement-de-leau\/demineralisation-par-osmose-inverse\/","url":"https:\/\/www.babcock-wanson.com\/fr\/produits\/traitement-de-leau\/demineralisation-par-osmose-inverse\/","name":"D\u00e9min\u00e9ralisation par Osmose Inverse - Babcock Wanson","isPartOf":{"@id":"https:\/\/www.babcock-wanson.com\/fr\/#website"},"primaryImageOfPage":{"@id":"https:\/\/www.babcock-wanson.com\/fr\/produits\/traitement-de-leau\/demineralisation-par-osmose-inverse\/#primaryimage"},"image":{"@id":"https:\/\/www.babcock-wanson.com\/fr\/produits\/traitement-de-leau\/demineralisation-par-osmose-inverse\/#primaryimage"},"thumbnailUrl":"https:\/\/www.babcock-wanson.com\/wp-content\/uploads\/2018\/09\/demineralisation-by-reverse-osmosis-2.jpg","datePublished":"2018-09-19T12:42:13+00:00","dateModified":"2025-04-14T14:23:34+00:00","description":"La d\u00e9min\u00e9ralisation par osmose inverse est une technologie de purification de l'eau utilisant des membranes semi-s\u00e9lectives et une pression externe. Cliquez ici pour en savoir plus","breadcrumb":{"@id":"https:\/\/www.babcock-wanson.com\/fr\/produits\/traitement-de-leau\/demineralisation-par-osmose-inverse\/#breadcrumb"},"inLanguage":"fr-FR","potentialAction":[{"@type":"ReadAction","target":["https:\/\/www.babcock-wanson.com\/fr\/produits\/traitement-de-leau\/demineralisation-par-osmose-inverse\/"]}]},{"@type":"ImageObject","inLanguage":"fr-FR","@id":"https:\/\/www.babcock-wanson.com\/fr\/produits\/traitement-de-leau\/demineralisation-par-osmose-inverse\/#primaryimage","url":"https:\/\/www.babcock-wanson.com\/wp-content\/uploads\/2018\/09\/demineralisation-by-reverse-osmosis-2.jpg","contentUrl":"https:\/\/www.babcock-wanson.com\/wp-content\/uploads\/2018\/09\/demineralisation-by-reverse-osmosis-2.jpg","width":600,"height":400,"caption":"demin\u00e9ralisation-par-osmose-inverse"},{"@type":"BreadcrumbList","@id":"https:\/\/www.babcock-wanson.com\/fr\/produits\/traitement-de-leau\/demineralisation-par-osmose-inverse\/#breadcrumb","itemListElement":[{"@type":"ListItem","position":1,"name":"Accueil","item":"https:\/\/www.babcock-wanson.com\/fr\/"},{"@type":"ListItem","position":2,"name":"Produits","item":"https:\/\/www.babcock-wanson.com\/fr\/shop\/"},{"@type":"ListItem","position":3,"name":"Traitement de l'eau","item":"https:\/\/www.babcock-wanson.com\/fr\/categorie-produit\/traitement-de-leau\/"},{"@type":"ListItem","position":4,"name":"D\u00e9min\u00e9ralisation par Osmose Inverse"}]},{"@type":"WebSite","@id":"https:\/\/www.babcock-wanson.com\/fr\/#website","url":"https:\/\/www.babcock-wanson.com\/fr\/","name":"Babcock Wanson","description":"","publisher":{"@id":"https:\/\/www.babcock-wanson.com\/fr\/#organization"},"potentialAction":[{"@type":"SearchAction","target":{"@type":"EntryPoint","urlTemplate":"https:\/\/www.babcock-wanson.com\/fr\/?s={search_term_string}"},"query-input":{"@type":"PropertyValueSpecification","valueRequired":true,"valueName":"search_term_string"}}],"inLanguage":"fr-FR"},{"@type":"Organization","@id":"https:\/\/www.babcock-wanson.com\/fr\/#organization","name":"Babcock Wanson","url":"https:\/\/www.babcock-wanson.com\/fr\/","logo":{"@type":"ImageObject","inLanguage":"fr-FR","@id":"https:\/\/www.babcock-wanson.com\/fr\/#\/schema\/logo\/image\/","url":"https:\/\/www.babcock-wanson.com\/wp-content\/uploads\/2024\/02\/Babcock-Wanson-1200x1200-1.png","contentUrl":"https:\/\/www.babcock-wanson.com\/wp-content\/uploads\/2024\/02\/Babcock-Wanson-1200x1200-1.png","width":1200,"height":1200,"caption":"Babcock Wanson"},"image":{"@id":"https:\/\/www.babcock-wanson.com\/fr\/#\/schema\/logo\/image\/"},"sameAs":["https:\/\/www.linkedin.com\/company\/babcock-wanson\/","https:\/\/www.youtube.com\/channel\/UCtxl25VieBBsP2kYmtlyv7A"]}]}},"jetpack_sharing_enabled":true,"_links":{"self":[{"href":"https:\/\/www.babcock-wanson.com\/fr\/wp-json\/wp\/v2\/product\/23641","targetHints":{"allow":["GET"]}}],"collection":[{"href":"https:\/\/www.babcock-wanson.com\/fr\/wp-json\/wp\/v2\/product"}],"about":[{"href":"https:\/\/www.babcock-wanson.com\/fr\/wp-json\/wp\/v2\/types\/product"}],"replies":[{"embeddable":true,"href":"https:\/\/www.babcock-wanson.com\/fr\/wp-json\/wp\/v2\/comments?post=23641"}],"wp:featuredmedia":[{"embeddable":true,"href":"https:\/\/www.babcock-wanson.com\/fr\/wp-json\/wp\/v2\/media\/22977"}],"wp:attachment":[{"href":"https:\/\/www.babcock-wanson.com\/fr\/wp-json\/wp\/v2\/media?parent=23641"}],"wp:term":[{"taxonomy":"product_brand","embeddable":true,"href":"https:\/\/www.babcock-wanson.com\/fr\/wp-json\/wp\/v2\/product_brand?post=23641"},{"taxonomy":"product_cat","embeddable":true,"href":"https:\/\/www.babcock-wanson.com\/fr\/wp-json\/wp\/v2\/product_cat?post=23641"},{"taxonomy":"product_tag","embeddable":true,"href":"https:\/\/www.babcock-wanson.com\/fr\/wp-json\/wp\/v2\/product_tag?post=23641"}],"curies":[{"name":"wp","href":"https:\/\/api.w.org\/{rel}","templated":true}]}}