{"id":23645,"date":"2019-03-25T09:21:55","date_gmt":"2019-03-25T09:21:55","guid":{"rendered":"https:\/\/www.babcock-wanson.com\/products\/non%20class\u00e9\/demineralisation-par-echange-de-resine\/"},"modified":"2025-06-23T15:52:31","modified_gmt":"2025-06-23T14:52:31","slug":"demineralisation-sur-resine","status":"publish","type":"product","link":"https:\/\/www.babcock-wanson.com\/fr\/produits\/traitement-de-leau\/demineralisation-sur-resine\/","title":{"rendered":"D\u00e9min\u00e9ralisation sur r\u00e9sine"},"content":{"rendered":"<div class=\"vgblk-rw-wrapper limit-wrapper\">\n<h3>D\u00e9min\u00e9ralisation sur r\u00e9sine HRW\u00a9<\/h3>\n<ul>\n<li><b>Alimentation de la chaudi\u00e8re<\/b> &#8211; Comme l&rsquo;eau s&rsquo;\u00e9vapore dans une chaudi\u00e8re \u00e0 vapeur, les min\u00e9raux dissous peuvent pr\u00e9cipiter et se d\u00e9poser sur les surfaces chauffantes. Ces sels peuvent avoir des propri\u00e9t\u00e9s corrosives et le tartre sur les surfaces d&rsquo;\u00e9change de chaleur diminue l&rsquo;efficacit\u00e9 du transfert de chaleur, ce qui r\u00e9duit l&rsquo;efficacit\u00e9, entra\u00eene souvent des dommages sur l&rsquo;\u00e9quipement et, finalement, des d\u00e9faillances. Le proc\u00e9d\u00e9 HRW\u00a9 produit de l&rsquo;eau d&rsquo;alimentation pure, ce qui \u00e9limine le risque de gaspillage d&rsquo;\u00e9nergie, r\u00e9duit les co\u00fbts de traitement chimique en aval et assure la disponibilit\u00e9 et le fonctionnement s\u00e9curis\u00e9 de la chaudi\u00e8re.<\/li>\n<li><b>Eau de process industriel<\/b> &#8211; La d\u00e9min\u00e9ralisation de l&rsquo;eau est souvent le proc\u00e9d\u00e9 pr\u00e9f\u00e9r\u00e9 pour la production d&rsquo;eau de process pour l&rsquo;industrie alimentaire, les brasseries, les aci\u00e9ries, etc.<\/li>\n<li><b>Eaux techniques<\/b> &#8211; L&rsquo;eau technique produite par d\u00e9min\u00e9ralisation est essentielle pour le lavage des turbines, le refroidissement des moteurs et l&rsquo;injection d&rsquo;eau pour le m\u00e9lange avec le combustible afin de r\u00e9duire les \u00e9missions de NOx et de CO2 dans les process marins et offshore, dans la cog\u00e9n\u00e9ration, etc.<\/li>\n<\/ul>\n<h3>Avantages de la d\u00e9min\u00e9ralisation sur r\u00e9sine HRW\u00a9<\/h3>\n<p>Le processus de r\u00e9g\u00e9n\u00e9ration \u00e0 contre-courant qui lui est associ\u00e9 pr\u00e9sente de nombreux avantages en termes de consommation de r\u00e9actifs r\u00e9g\u00e9n\u00e9rants et de qualit\u00e9 de l&rsquo;eau produite :<\/p>\n<ul>\n<li>Obtention d&rsquo;une faible conductivit\u00e9 et d&rsquo;une qualit\u00e9 d&rsquo;eau constante pendant toute la dur\u00e9e du cycle<\/li>\n<li>\u00c9quipement enti\u00e8rement automatis\u00e9 et automate programmable configurable pour la gestion de la s\u00e9curit\u00e9 et des alarmes<\/li>\n<li>Le volume d&rsquo;eau de service et d&rsquo;effluents rejet\u00e9s est consid\u00e9rablement r\u00e9duit<\/li>\n<li>R\u00e9duction du temps de r\u00e9g\u00e9n\u00e9ration<\/li>\n<li>R\u00e9duction de la consommation de r\u00e9actifs (de 30% \u00e0 40%)<\/li>\n<li>Encombrement r\u00e9duit<\/li>\n<\/ul>\n<\/div>\n<p><!-- .vgblk-rw-wrapper --><\/p>\n","protected":false},"excerpt":{"rendered":"<p><strong>\u00c9quipement sur mesure<\/strong><\/p>\n<p>La d\u00e9min\u00e9ralisation sur r\u00e9sine est une technologie de purification de l&rsquo;eau qui \u00e9limine les ions dissous de l&rsquo;eau et les remplace par d&rsquo;autres ions de charge \u00e9lectrique identique ou similaire (hydrog\u00e8ne H+ ou hydroxyde OH-) pour produire une eau pure. Les cations cibl\u00e9s pour l&rsquo;\u00e9limination sont le calcium (Ca++), le magn\u00e9sium (Mg++), le sodium (Na+), le potassium (K+) et le fer (Fe++). Les anions cibl\u00e9s pour l&rsquo;\u00e9limination sont le chlorure de bicarbonate (HCO3-), le chlorure (Cl-), le sulfate (SO4-), le nitrate (NO3-) et la silice (SiO2). La performance d&rsquo;un processus de d\u00e9min\u00e9ralisation d\u00e9pend de l&rsquo;\u00e9tat de l&rsquo;eau d&rsquo;arriv\u00e9e, de la conception du syst\u00e8me (co-courant ou contre-courant), du type de r\u00e9sine utilis\u00e9e et du type et de la concentration du r\u00e9g\u00e9n\u00e9rant. Dans les proc\u00e9d\u00e9s industriels, la m\u00e9thode de d\u00e9min\u00e9ralisation est g\u00e9n\u00e9ralement appliqu\u00e9e lorsqu&rsquo;une tr\u00e8s faible teneur en sel dissous est requise dans l&rsquo;eau de process ou dans l&rsquo;eau d&rsquo;alimentation de chaudi\u00e8re.<\/p>\n<p>Babcock Wanson a d\u00e9velopp\u00e9 le proc\u00e9d\u00e9 HRW\u00a9 qui est bas\u00e9 sur un process de r\u00e9g\u00e9n\u00e9ration \u00e0 contre-courant. Selon les exigences en aval, le process \u00e9limine les sels (et la silice) en utilisant des \u00e9changeurs \u00e0 lit de r\u00e9sine cationique et anionique comme traitement primaire et un lit m\u00e9lang\u00e9 comme traitement de finition. Elle produit une eau de haute qualit\u00e9 avec une tr\u00e8s faible teneur en min\u00e9raux et une faible conductivit\u00e9.<\/p>\n","protected":false},"featured_media":23650,"comment_status":"closed","ping_status":"closed","template":"","meta":{"_acf_changed":false,"_relevanssi_hide_post":"","_relevanssi_hide_content":"","_relevanssi_pin_for_all":"","_relevanssi_pin_keywords":"","_relevanssi_unpin_keywords":"","_relevanssi_related_keywords":"","_relevanssi_related_include_ids":"","_relevanssi_related_exclude_ids":"","_relevanssi_related_no_append":"","_relevanssi_related_not_related":"","_relevanssi_related_posts":"","_relevanssi_noindex_reason":""},"product_brand":[],"product_cat":[2657],"product_tag":[],"class_list":{"0":"post-23645","1":"product","2":"type-product","3":"status-publish","4":"has-post-thumbnail","6":"product_cat-traitement-de-leau","8":"first","9":"instock","10":"shipping-taxable","11":"product-type-simple"},"acf":[],"yoast_head":"<!-- This site is optimized with the Yoast SEO Premium plugin v27.4 (Yoast SEO v27.4) - https:\/\/yoast.com\/product\/yoast-seo-premium-wordpress\/ -->\n<title>D\u00e9min\u00e9ralisation sur r\u00e9sine - Babcock Wanson<\/title>\n<meta name=\"description\" content=\"La d\u00e9min\u00e9ralisation par \u00e9change de r\u00e9sine est une technologie de purification de l&#039;eau qui \u00e9limine les ions dissous dans l&#039;eau. Cliquez ici pour en savoir plus\" \/>\n<meta name=\"robots\" content=\"index, follow, max-snippet:-1, max-image-preview:large, max-video-preview:-1\" \/>\n<link rel=\"canonical\" href=\"https:\/\/www.babcock-wanson.com\/fr\/produits\/traitement-de-leau\/demineralisation-sur-resine\/\" \/>\n<meta property=\"og:locale\" content=\"fr_FR\" \/>\n<meta property=\"og:type\" content=\"article\" \/>\n<meta property=\"og:title\" content=\"D\u00e9min\u00e9ralisation sur r\u00e9sine\" \/>\n<meta property=\"og:description\" content=\"La d\u00e9min\u00e9ralisation par \u00e9change de r\u00e9sine est une technologie de purification de l&#039;eau qui \u00e9limine les ions dissous dans l&#039;eau. Cliquez ici pour en savoir plus\" \/>\n<meta property=\"og:url\" content=\"https:\/\/www.babcock-wanson.com\/fr\/produits\/traitement-de-leau\/demineralisation-sur-resine\/\" \/>\n<meta property=\"og:site_name\" content=\"Babcock Wanson\" \/>\n<meta property=\"article:modified_time\" content=\"2025-06-23T14:52:31+00:00\" \/>\n<meta property=\"og:image\" content=\"https:\/\/www.babcock-wanson.com\/wp-content\/uploads\/2019\/03\/demineralisation-resin-exchange-4.jpg\" \/>\n\t<meta property=\"og:image:width\" content=\"600\" \/>\n\t<meta property=\"og:image:height\" content=\"400\" \/>\n\t<meta property=\"og:image:type\" content=\"image\/jpeg\" \/>\n<meta name=\"twitter:card\" content=\"summary_large_image\" \/>\n<meta name=\"twitter:label1\" content=\"Est. reading time\" \/>\n\t<meta name=\"twitter:data1\" content=\"3 minutes\" \/>\n<script type=\"application\/ld+json\" class=\"yoast-schema-graph\">{\"@context\":\"https:\\\/\\\/schema.org\",\"@graph\":[{\"@type\":\"WebPage\",\"@id\":\"https:\\\/\\\/www.babcock-wanson.com\\\/fr\\\/produits\\\/traitement-de-leau\\\/demineralisation-sur-resine\\\/\",\"url\":\"https:\\\/\\\/www.babcock-wanson.com\\\/fr\\\/produits\\\/traitement-de-leau\\\/demineralisation-sur-resine\\\/\",\"name\":\"D\u00e9min\u00e9ralisation sur r\u00e9sine - Babcock Wanson\",\"isPartOf\":{\"@id\":\"https:\\\/\\\/www.babcock-wanson.com\\\/fr\\\/#website\"},\"primaryImageOfPage\":{\"@id\":\"https:\\\/\\\/www.babcock-wanson.com\\\/fr\\\/produits\\\/traitement-de-leau\\\/demineralisation-sur-resine\\\/#primaryimage\"},\"image\":{\"@id\":\"https:\\\/\\\/www.babcock-wanson.com\\\/fr\\\/produits\\\/traitement-de-leau\\\/demineralisation-sur-resine\\\/#primaryimage\"},\"thumbnailUrl\":\"https:\\\/\\\/www.babcock-wanson.com\\\/wp-content\\\/uploads\\\/2019\\\/03\\\/demineralisation-resin-exchange-4.jpg\",\"datePublished\":\"2019-03-25T09:21:55+00:00\",\"dateModified\":\"2025-06-23T14:52:31+00:00\",\"description\":\"La d\u00e9min\u00e9ralisation par \u00e9change de r\u00e9sine est une technologie de purification de l'eau qui \u00e9limine les ions dissous dans l'eau. Cliquez ici pour en savoir plus\",\"breadcrumb\":{\"@id\":\"https:\\\/\\\/www.babcock-wanson.com\\\/fr\\\/produits\\\/traitement-de-leau\\\/demineralisation-sur-resine\\\/#breadcrumb\"},\"inLanguage\":\"fr-FR\",\"potentialAction\":[{\"@type\":\"ReadAction\",\"target\":[\"https:\\\/\\\/www.babcock-wanson.com\\\/fr\\\/produits\\\/traitement-de-leau\\\/demineralisation-sur-resine\\\/\"]}]},{\"@type\":\"ImageObject\",\"inLanguage\":\"fr-FR\",\"@id\":\"https:\\\/\\\/www.babcock-wanson.com\\\/fr\\\/produits\\\/traitement-de-leau\\\/demineralisation-sur-resine\\\/#primaryimage\",\"url\":\"https:\\\/\\\/www.babcock-wanson.com\\\/wp-content\\\/uploads\\\/2019\\\/03\\\/demineralisation-resin-exchange-4.jpg\",\"contentUrl\":\"https:\\\/\\\/www.babcock-wanson.com\\\/wp-content\\\/uploads\\\/2019\\\/03\\\/demineralisation-resin-exchange-4.jpg\",\"width\":600,\"height\":400,\"caption\":\"D\u00e9min\u00e9ralisation par \u00e9change de r\u00e9sine\"},{\"@type\":\"BreadcrumbList\",\"@id\":\"https:\\\/\\\/www.babcock-wanson.com\\\/fr\\\/produits\\\/traitement-de-leau\\\/demineralisation-sur-resine\\\/#breadcrumb\",\"itemListElement\":[{\"@type\":\"ListItem\",\"position\":1,\"name\":\"Accueil\",\"item\":\"https:\\\/\\\/www.babcock-wanson.com\\\/fr\\\/\"},{\"@type\":\"ListItem\",\"position\":2,\"name\":\"Produits\",\"item\":\"https:\\\/\\\/www.babcock-wanson.com\\\/fr\\\/shop\\\/\"},{\"@type\":\"ListItem\",\"position\":3,\"name\":\"Traitement de l'eau\",\"item\":\"https:\\\/\\\/www.babcock-wanson.com\\\/fr\\\/categorie-produit\\\/traitement-de-leau\\\/\"},{\"@type\":\"ListItem\",\"position\":4,\"name\":\"D\u00e9min\u00e9ralisation sur r\u00e9sine\"}]},{\"@type\":\"WebSite\",\"@id\":\"https:\\\/\\\/www.babcock-wanson.com\\\/fr\\\/#website\",\"url\":\"https:\\\/\\\/www.babcock-wanson.com\\\/fr\\\/\",\"name\":\"Babcock Wanson\",\"description\":\"\",\"publisher\":{\"@id\":\"https:\\\/\\\/www.babcock-wanson.com\\\/fr\\\/#organization\"},\"potentialAction\":[{\"@type\":\"SearchAction\",\"target\":{\"@type\":\"EntryPoint\",\"urlTemplate\":\"https:\\\/\\\/www.babcock-wanson.com\\\/fr\\\/?s={search_term_string}\"},\"query-input\":{\"@type\":\"PropertyValueSpecification\",\"valueRequired\":true,\"valueName\":\"search_term_string\"}}],\"inLanguage\":\"fr-FR\"},{\"@type\":\"Organization\",\"@id\":\"https:\\\/\\\/www.babcock-wanson.com\\\/fr\\\/#organization\",\"name\":\"Babcock Wanson\",\"url\":\"https:\\\/\\\/www.babcock-wanson.com\\\/fr\\\/\",\"logo\":{\"@type\":\"ImageObject\",\"inLanguage\":\"fr-FR\",\"@id\":\"https:\\\/\\\/www.babcock-wanson.com\\\/fr\\\/#\\\/schema\\\/logo\\\/image\\\/\",\"url\":\"https:\\\/\\\/www.babcock-wanson.com\\\/wp-content\\\/uploads\\\/2024\\\/02\\\/Babcock-Wanson-1200x1200-1.png\",\"contentUrl\":\"https:\\\/\\\/www.babcock-wanson.com\\\/wp-content\\\/uploads\\\/2024\\\/02\\\/Babcock-Wanson-1200x1200-1.png\",\"width\":1200,\"height\":1200,\"caption\":\"Babcock Wanson\"},\"image\":{\"@id\":\"https:\\\/\\\/www.babcock-wanson.com\\\/fr\\\/#\\\/schema\\\/logo\\\/image\\\/\"},\"sameAs\":[\"https:\\\/\\\/www.linkedin.com\\\/company\\\/babcock-wanson\\\/\",\"https:\\\/\\\/www.youtube.com\\\/channel\\\/UCtxl25VieBBsP2kYmtlyv7A\"]}]}<\/script>\n<!-- \/ Yoast SEO Premium plugin. -->","yoast_head_json":{"title":"D\u00e9min\u00e9ralisation sur r\u00e9sine - Babcock Wanson","description":"La d\u00e9min\u00e9ralisation par \u00e9change de r\u00e9sine est une technologie de purification de l'eau qui \u00e9limine les ions dissous dans l'eau. Cliquez ici pour en savoir plus","robots":{"index":"index","follow":"follow","max-snippet":"max-snippet:-1","max-image-preview":"max-image-preview:large","max-video-preview":"max-video-preview:-1"},"canonical":"https:\/\/www.babcock-wanson.com\/fr\/produits\/traitement-de-leau\/demineralisation-sur-resine\/","og_locale":"fr_FR","og_type":"article","og_title":"D\u00e9min\u00e9ralisation sur r\u00e9sine","og_description":"La d\u00e9min\u00e9ralisation par \u00e9change de r\u00e9sine est une technologie de purification de l'eau qui \u00e9limine les ions dissous dans l'eau. Cliquez ici pour en savoir plus","og_url":"https:\/\/www.babcock-wanson.com\/fr\/produits\/traitement-de-leau\/demineralisation-sur-resine\/","og_site_name":"Babcock Wanson","article_modified_time":"2025-06-23T14:52:31+00:00","og_image":[{"width":600,"height":400,"url":"https:\/\/www.babcock-wanson.com\/wp-content\/uploads\/2019\/03\/demineralisation-resin-exchange-4.jpg","type":"image\/jpeg"}],"twitter_card":"summary_large_image","twitter_misc":{"Est. reading time":"3 minutes"},"schema":{"@context":"https:\/\/schema.org","@graph":[{"@type":"WebPage","@id":"https:\/\/www.babcock-wanson.com\/fr\/produits\/traitement-de-leau\/demineralisation-sur-resine\/","url":"https:\/\/www.babcock-wanson.com\/fr\/produits\/traitement-de-leau\/demineralisation-sur-resine\/","name":"D\u00e9min\u00e9ralisation sur r\u00e9sine - Babcock Wanson","isPartOf":{"@id":"https:\/\/www.babcock-wanson.com\/fr\/#website"},"primaryImageOfPage":{"@id":"https:\/\/www.babcock-wanson.com\/fr\/produits\/traitement-de-leau\/demineralisation-sur-resine\/#primaryimage"},"image":{"@id":"https:\/\/www.babcock-wanson.com\/fr\/produits\/traitement-de-leau\/demineralisation-sur-resine\/#primaryimage"},"thumbnailUrl":"https:\/\/www.babcock-wanson.com\/wp-content\/uploads\/2019\/03\/demineralisation-resin-exchange-4.jpg","datePublished":"2019-03-25T09:21:55+00:00","dateModified":"2025-06-23T14:52:31+00:00","description":"La d\u00e9min\u00e9ralisation par \u00e9change de r\u00e9sine est une technologie de purification de l'eau qui \u00e9limine les ions dissous dans l'eau. Cliquez ici pour en savoir plus","breadcrumb":{"@id":"https:\/\/www.babcock-wanson.com\/fr\/produits\/traitement-de-leau\/demineralisation-sur-resine\/#breadcrumb"},"inLanguage":"fr-FR","potentialAction":[{"@type":"ReadAction","target":["https:\/\/www.babcock-wanson.com\/fr\/produits\/traitement-de-leau\/demineralisation-sur-resine\/"]}]},{"@type":"ImageObject","inLanguage":"fr-FR","@id":"https:\/\/www.babcock-wanson.com\/fr\/produits\/traitement-de-leau\/demineralisation-sur-resine\/#primaryimage","url":"https:\/\/www.babcock-wanson.com\/wp-content\/uploads\/2019\/03\/demineralisation-resin-exchange-4.jpg","contentUrl":"https:\/\/www.babcock-wanson.com\/wp-content\/uploads\/2019\/03\/demineralisation-resin-exchange-4.jpg","width":600,"height":400,"caption":"D\u00e9min\u00e9ralisation par \u00e9change de r\u00e9sine"},{"@type":"BreadcrumbList","@id":"https:\/\/www.babcock-wanson.com\/fr\/produits\/traitement-de-leau\/demineralisation-sur-resine\/#breadcrumb","itemListElement":[{"@type":"ListItem","position":1,"name":"Accueil","item":"https:\/\/www.babcock-wanson.com\/fr\/"},{"@type":"ListItem","position":2,"name":"Produits","item":"https:\/\/www.babcock-wanson.com\/fr\/shop\/"},{"@type":"ListItem","position":3,"name":"Traitement de l'eau","item":"https:\/\/www.babcock-wanson.com\/fr\/categorie-produit\/traitement-de-leau\/"},{"@type":"ListItem","position":4,"name":"D\u00e9min\u00e9ralisation sur r\u00e9sine"}]},{"@type":"WebSite","@id":"https:\/\/www.babcock-wanson.com\/fr\/#website","url":"https:\/\/www.babcock-wanson.com\/fr\/","name":"Babcock Wanson","description":"","publisher":{"@id":"https:\/\/www.babcock-wanson.com\/fr\/#organization"},"potentialAction":[{"@type":"SearchAction","target":{"@type":"EntryPoint","urlTemplate":"https:\/\/www.babcock-wanson.com\/fr\/?s={search_term_string}"},"query-input":{"@type":"PropertyValueSpecification","valueRequired":true,"valueName":"search_term_string"}}],"inLanguage":"fr-FR"},{"@type":"Organization","@id":"https:\/\/www.babcock-wanson.com\/fr\/#organization","name":"Babcock Wanson","url":"https:\/\/www.babcock-wanson.com\/fr\/","logo":{"@type":"ImageObject","inLanguage":"fr-FR","@id":"https:\/\/www.babcock-wanson.com\/fr\/#\/schema\/logo\/image\/","url":"https:\/\/www.babcock-wanson.com\/wp-content\/uploads\/2024\/02\/Babcock-Wanson-1200x1200-1.png","contentUrl":"https:\/\/www.babcock-wanson.com\/wp-content\/uploads\/2024\/02\/Babcock-Wanson-1200x1200-1.png","width":1200,"height":1200,"caption":"Babcock Wanson"},"image":{"@id":"https:\/\/www.babcock-wanson.com\/fr\/#\/schema\/logo\/image\/"},"sameAs":["https:\/\/www.linkedin.com\/company\/babcock-wanson\/","https:\/\/www.youtube.com\/channel\/UCtxl25VieBBsP2kYmtlyv7A"]}]}},"jetpack_sharing_enabled":true,"_links":{"self":[{"href":"https:\/\/www.babcock-wanson.com\/fr\/wp-json\/wp\/v2\/product\/23645","targetHints":{"allow":["GET"]}}],"collection":[{"href":"https:\/\/www.babcock-wanson.com\/fr\/wp-json\/wp\/v2\/product"}],"about":[{"href":"https:\/\/www.babcock-wanson.com\/fr\/wp-json\/wp\/v2\/types\/product"}],"replies":[{"embeddable":true,"href":"https:\/\/www.babcock-wanson.com\/fr\/wp-json\/wp\/v2\/comments?post=23645"}],"wp:featuredmedia":[{"embeddable":true,"href":"https:\/\/www.babcock-wanson.com\/fr\/wp-json\/wp\/v2\/media\/23650"}],"wp:attachment":[{"href":"https:\/\/www.babcock-wanson.com\/fr\/wp-json\/wp\/v2\/media?parent=23645"}],"wp:term":[{"taxonomy":"product_brand","embeddable":true,"href":"https:\/\/www.babcock-wanson.com\/fr\/wp-json\/wp\/v2\/product_brand?post=23645"},{"taxonomy":"product_cat","embeddable":true,"href":"https:\/\/www.babcock-wanson.com\/fr\/wp-json\/wp\/v2\/product_cat?post=23645"},{"taxonomy":"product_tag","embeddable":true,"href":"https:\/\/www.babcock-wanson.com\/fr\/wp-json\/wp\/v2\/product_tag?post=23645"}],"curies":[{"name":"wp","href":"https:\/\/api.w.org\/{rel}","templated":true}]}}