{"id":23663,"date":"2019-02-11T15:39:53","date_gmt":"2019-02-11T15:39:53","guid":{"rendered":"https:\/\/www.babcock-wanson.com\/products\/non%20class\u00e9\/orthos\/"},"modified":"2020-02-26T22:16:10","modified_gmt":"2020-02-26T22:16:10","slug":"orthos","status":"publish","type":"product","link":"https:\/\/www.babcock-wanson.com\/fr\/produits\/bruleurs-industriels\/orthos\/","title":{"rendered":"ORTHOS"},"content":{"rendered":"<div class=\"vgblk-rw-wrapper limit-wrapper\">\n<h3>Br\u00fbleur \u00e0 gaz ORTHOS<\/h3>\n<ul>\n<li>Combustible : Gaz naturel, gaz liqu\u00e9fi\u00e9<\/li>\n<li>De 7 \u00e0 22 MW<\/li>\n<li>Taux de modulation de 1 \u00e0 25<\/li>\n<li>Fonctionnement tr\u00e8s faible en NOx :\u00a0 \u2264 60mg\/Nm\u00b3 \u00e0 3% d&rsquo;O2 (selon la norme EN676)<\/li>\n<li>Exc\u00e8s d&rsquo;air minimal sur toute la plage de fonctionnement<\/li>\n<\/ul>\n<\/div>\n<p><!-- .vgblk-rw-wrapper --><\/p>\n","protected":false},"excerpt":{"rendered":"<p>Ce br\u00fbleur \u00e0 gaz est le r\u00e9sultat d&rsquo;un ambitieux travail de recherche et d\u00e9veloppement. ORTHOS va encore plus loin que le Modulo+ et offre des solutions aux industries dont les proc\u00e9d\u00e9s n\u00e9cessitent de grandes variations de puissance. Le taux de modulation de 1 \u00e0 25 fourni par le design d\u2019ORTHOS est unique sur le march\u00e9. Il r\u00e9pond \u00e0 des besoins industriels sp\u00e9cifiques et permet des \u00e9conomies d&rsquo;\u00e9nergie importantes en \u00e9vitant les cycles d&rsquo;arr\u00eat\/d\u00e9marrage qui sont un gaspillage d&rsquo;\u00e9nergie et peuvent \u00e9galement endommager pr\u00e9matur\u00e9ment les chaudi\u00e8res.<\/p>\n<p>En outre, les performances environnementales de l&rsquo;ORTHOS d\u00e9passent largement les exigences r\u00e9glementaires en termes d&rsquo;\u00e9missions de NOx.<\/p>\n","protected":false},"featured_media":23667,"comment_status":"closed","ping_status":"closed","template":"","meta":{"_acf_changed":false,"_relevanssi_hide_post":"","_relevanssi_hide_content":"","_relevanssi_pin_for_all":"","_relevanssi_pin_keywords":"","_relevanssi_unpin_keywords":"","_relevanssi_related_keywords":"","_relevanssi_related_include_ids":"","_relevanssi_related_exclude_ids":"","_relevanssi_related_no_append":"","_relevanssi_related_not_related":"","_relevanssi_related_posts":"","_relevanssi_noindex_reason":""},"product_brand":[],"product_cat":[2653],"product_tag":[],"class_list":{"0":"post-23663","1":"product","2":"type-product","3":"status-publish","4":"has-post-thumbnail","6":"product_cat-bruleurs-industriels","8":"first","9":"instock","10":"shipping-taxable","11":"product-type-simple"},"acf":[],"yoast_head":"<!-- This site is optimized with the Yoast SEO Premium plugin v27.4 (Yoast SEO v27.4) - https:\/\/yoast.com\/product\/yoast-seo-premium-wordpress\/ -->\n<title>ORTHOS - Babcock Wanson<\/title>\n<meta name=\"description\" content=\"Le br\u00fbleur \u00e0 gaz ORTHOS est le r\u00e9sultat d&#039;un ambitieux travail de recherche et d\u00e9veloppement et offre des solutions aux proc\u00e9d\u00e9s qui n\u00e9cessitent pas de grandes variations de puissance\" \/>\n<meta name=\"robots\" content=\"index, follow, max-snippet:-1, max-image-preview:large, max-video-preview:-1\" \/>\n<link rel=\"canonical\" href=\"https:\/\/www.babcock-wanson.com\/fr\/produits\/bruleurs-industriels\/orthos\/\" \/>\n<meta property=\"og:locale\" content=\"fr_FR\" \/>\n<meta property=\"og:type\" content=\"article\" \/>\n<meta property=\"og:title\" content=\"ORTHOS\" \/>\n<meta property=\"og:description\" content=\"Le br\u00fbleur \u00e0 gaz ORTHOS est le r\u00e9sultat d&#039;un ambitieux travail de recherche et d\u00e9veloppement et offre des solutions aux proc\u00e9d\u00e9s qui n\u00e9cessitent pas de grandes variations de puissance\" \/>\n<meta property=\"og:url\" content=\"https:\/\/www.babcock-wanson.com\/fr\/produits\/bruleurs-industriels\/orthos\/\" \/>\n<meta property=\"og:site_name\" content=\"Babcock Wanson\" \/>\n<meta property=\"article:modified_time\" content=\"2020-02-26T22:16:10+00:00\" \/>\n<meta property=\"og:image\" content=\"https:\/\/www.babcock-wanson.com\/wp-content\/uploads\/2019\/02\/ORTHOS-1.jpg\" \/>\n\t<meta property=\"og:image:width\" content=\"600\" \/>\n\t<meta property=\"og:image:height\" content=\"400\" \/>\n\t<meta property=\"og:image:type\" content=\"image\/jpeg\" \/>\n<meta name=\"twitter:card\" content=\"summary_large_image\" \/>\n<script type=\"application\/ld+json\" class=\"yoast-schema-graph\">{\"@context\":\"https:\\\/\\\/schema.org\",\"@graph\":[{\"@type\":\"WebPage\",\"@id\":\"https:\\\/\\\/www.babcock-wanson.com\\\/fr\\\/produits\\\/bruleurs-industriels\\\/orthos\\\/\",\"url\":\"https:\\\/\\\/www.babcock-wanson.com\\\/fr\\\/produits\\\/bruleurs-industriels\\\/orthos\\\/\",\"name\":\"ORTHOS - Babcock Wanson\",\"isPartOf\":{\"@id\":\"https:\\\/\\\/www.babcock-wanson.com\\\/fr\\\/#website\"},\"primaryImageOfPage\":{\"@id\":\"https:\\\/\\\/www.babcock-wanson.com\\\/fr\\\/produits\\\/bruleurs-industriels\\\/orthos\\\/#primaryimage\"},\"image\":{\"@id\":\"https:\\\/\\\/www.babcock-wanson.com\\\/fr\\\/produits\\\/bruleurs-industriels\\\/orthos\\\/#primaryimage\"},\"thumbnailUrl\":\"https:\\\/\\\/www.babcock-wanson.com\\\/wp-content\\\/uploads\\\/2019\\\/02\\\/ORTHOS-1.jpg\",\"datePublished\":\"2019-02-11T15:39:53+00:00\",\"dateModified\":\"2020-02-26T22:16:10+00:00\",\"description\":\"Le br\u00fbleur \u00e0 gaz ORTHOS est le r\u00e9sultat d'un ambitieux travail de recherche et d\u00e9veloppement et offre des solutions aux proc\u00e9d\u00e9s qui n\u00e9cessitent pas de grandes variations de puissance\",\"breadcrumb\":{\"@id\":\"https:\\\/\\\/www.babcock-wanson.com\\\/fr\\\/produits\\\/bruleurs-industriels\\\/orthos\\\/#breadcrumb\"},\"inLanguage\":\"fr-FR\",\"potentialAction\":[{\"@type\":\"ReadAction\",\"target\":[\"https:\\\/\\\/www.babcock-wanson.com\\\/fr\\\/produits\\\/bruleurs-industriels\\\/orthos\\\/\"]}]},{\"@type\":\"ImageObject\",\"inLanguage\":\"fr-FR\",\"@id\":\"https:\\\/\\\/www.babcock-wanson.com\\\/fr\\\/produits\\\/bruleurs-industriels\\\/orthos\\\/#primaryimage\",\"url\":\"https:\\\/\\\/www.babcock-wanson.com\\\/wp-content\\\/uploads\\\/2019\\\/02\\\/ORTHOS-1.jpg\",\"contentUrl\":\"https:\\\/\\\/www.babcock-wanson.com\\\/wp-content\\\/uploads\\\/2019\\\/02\\\/ORTHOS-1.jpg\",\"width\":600,\"height\":400,\"caption\":\"ORTHOS\"},{\"@type\":\"BreadcrumbList\",\"@id\":\"https:\\\/\\\/www.babcock-wanson.com\\\/fr\\\/produits\\\/bruleurs-industriels\\\/orthos\\\/#breadcrumb\",\"itemListElement\":[{\"@type\":\"ListItem\",\"position\":1,\"name\":\"Accueil\",\"item\":\"https:\\\/\\\/www.babcock-wanson.com\\\/fr\\\/\"},{\"@type\":\"ListItem\",\"position\":2,\"name\":\"Produits\",\"item\":\"https:\\\/\\\/www.babcock-wanson.com\\\/fr\\\/shop\\\/\"},{\"@type\":\"ListItem\",\"position\":3,\"name\":\"Br\u00fbleurs industriels\",\"item\":\"https:\\\/\\\/www.babcock-wanson.com\\\/fr\\\/categorie-produit\\\/bruleurs-industriels\\\/\"},{\"@type\":\"ListItem\",\"position\":4,\"name\":\"ORTHOS\"}]},{\"@type\":\"WebSite\",\"@id\":\"https:\\\/\\\/www.babcock-wanson.com\\\/fr\\\/#website\",\"url\":\"https:\\\/\\\/www.babcock-wanson.com\\\/fr\\\/\",\"name\":\"Babcock Wanson\",\"description\":\"\",\"publisher\":{\"@id\":\"https:\\\/\\\/www.babcock-wanson.com\\\/fr\\\/#organization\"},\"potentialAction\":[{\"@type\":\"SearchAction\",\"target\":{\"@type\":\"EntryPoint\",\"urlTemplate\":\"https:\\\/\\\/www.babcock-wanson.com\\\/fr\\\/?s={search_term_string}\"},\"query-input\":{\"@type\":\"PropertyValueSpecification\",\"valueRequired\":true,\"valueName\":\"search_term_string\"}}],\"inLanguage\":\"fr-FR\"},{\"@type\":\"Organization\",\"@id\":\"https:\\\/\\\/www.babcock-wanson.com\\\/fr\\\/#organization\",\"name\":\"Babcock Wanson\",\"url\":\"https:\\\/\\\/www.babcock-wanson.com\\\/fr\\\/\",\"logo\":{\"@type\":\"ImageObject\",\"inLanguage\":\"fr-FR\",\"@id\":\"https:\\\/\\\/www.babcock-wanson.com\\\/fr\\\/#\\\/schema\\\/logo\\\/image\\\/\",\"url\":\"https:\\\/\\\/www.babcock-wanson.com\\\/wp-content\\\/uploads\\\/2024\\\/02\\\/Babcock-Wanson-1200x1200-1.png\",\"contentUrl\":\"https:\\\/\\\/www.babcock-wanson.com\\\/wp-content\\\/uploads\\\/2024\\\/02\\\/Babcock-Wanson-1200x1200-1.png\",\"width\":1200,\"height\":1200,\"caption\":\"Babcock Wanson\"},\"image\":{\"@id\":\"https:\\\/\\\/www.babcock-wanson.com\\\/fr\\\/#\\\/schema\\\/logo\\\/image\\\/\"},\"sameAs\":[\"https:\\\/\\\/www.linkedin.com\\\/company\\\/babcock-wanson\\\/\",\"https:\\\/\\\/www.youtube.com\\\/channel\\\/UCtxl25VieBBsP2kYmtlyv7A\"]}]}<\/script>\n<!-- \/ Yoast SEO Premium plugin. -->","yoast_head_json":{"title":"ORTHOS - Babcock Wanson","description":"Le br\u00fbleur \u00e0 gaz ORTHOS est le r\u00e9sultat d'un ambitieux travail de recherche et d\u00e9veloppement et offre des solutions aux proc\u00e9d\u00e9s qui n\u00e9cessitent pas de grandes variations de puissance","robots":{"index":"index","follow":"follow","max-snippet":"max-snippet:-1","max-image-preview":"max-image-preview:large","max-video-preview":"max-video-preview:-1"},"canonical":"https:\/\/www.babcock-wanson.com\/fr\/produits\/bruleurs-industriels\/orthos\/","og_locale":"fr_FR","og_type":"article","og_title":"ORTHOS","og_description":"Le br\u00fbleur \u00e0 gaz ORTHOS est le r\u00e9sultat d'un ambitieux travail de recherche et d\u00e9veloppement et offre des solutions aux proc\u00e9d\u00e9s qui n\u00e9cessitent pas de grandes variations de puissance","og_url":"https:\/\/www.babcock-wanson.com\/fr\/produits\/bruleurs-industriels\/orthos\/","og_site_name":"Babcock Wanson","article_modified_time":"2020-02-26T22:16:10+00:00","og_image":[{"width":600,"height":400,"url":"https:\/\/www.babcock-wanson.com\/wp-content\/uploads\/2019\/02\/ORTHOS-1.jpg","type":"image\/jpeg"}],"twitter_card":"summary_large_image","schema":{"@context":"https:\/\/schema.org","@graph":[{"@type":"WebPage","@id":"https:\/\/www.babcock-wanson.com\/fr\/produits\/bruleurs-industriels\/orthos\/","url":"https:\/\/www.babcock-wanson.com\/fr\/produits\/bruleurs-industriels\/orthos\/","name":"ORTHOS - Babcock Wanson","isPartOf":{"@id":"https:\/\/www.babcock-wanson.com\/fr\/#website"},"primaryImageOfPage":{"@id":"https:\/\/www.babcock-wanson.com\/fr\/produits\/bruleurs-industriels\/orthos\/#primaryimage"},"image":{"@id":"https:\/\/www.babcock-wanson.com\/fr\/produits\/bruleurs-industriels\/orthos\/#primaryimage"},"thumbnailUrl":"https:\/\/www.babcock-wanson.com\/wp-content\/uploads\/2019\/02\/ORTHOS-1.jpg","datePublished":"2019-02-11T15:39:53+00:00","dateModified":"2020-02-26T22:16:10+00:00","description":"Le br\u00fbleur \u00e0 gaz ORTHOS est le r\u00e9sultat d'un ambitieux travail de recherche et d\u00e9veloppement et offre des solutions aux proc\u00e9d\u00e9s qui n\u00e9cessitent pas de grandes variations de puissance","breadcrumb":{"@id":"https:\/\/www.babcock-wanson.com\/fr\/produits\/bruleurs-industriels\/orthos\/#breadcrumb"},"inLanguage":"fr-FR","potentialAction":[{"@type":"ReadAction","target":["https:\/\/www.babcock-wanson.com\/fr\/produits\/bruleurs-industriels\/orthos\/"]}]},{"@type":"ImageObject","inLanguage":"fr-FR","@id":"https:\/\/www.babcock-wanson.com\/fr\/produits\/bruleurs-industriels\/orthos\/#primaryimage","url":"https:\/\/www.babcock-wanson.com\/wp-content\/uploads\/2019\/02\/ORTHOS-1.jpg","contentUrl":"https:\/\/www.babcock-wanson.com\/wp-content\/uploads\/2019\/02\/ORTHOS-1.jpg","width":600,"height":400,"caption":"ORTHOS"},{"@type":"BreadcrumbList","@id":"https:\/\/www.babcock-wanson.com\/fr\/produits\/bruleurs-industriels\/orthos\/#breadcrumb","itemListElement":[{"@type":"ListItem","position":1,"name":"Accueil","item":"https:\/\/www.babcock-wanson.com\/fr\/"},{"@type":"ListItem","position":2,"name":"Produits","item":"https:\/\/www.babcock-wanson.com\/fr\/shop\/"},{"@type":"ListItem","position":3,"name":"Br\u00fbleurs industriels","item":"https:\/\/www.babcock-wanson.com\/fr\/categorie-produit\/bruleurs-industriels\/"},{"@type":"ListItem","position":4,"name":"ORTHOS"}]},{"@type":"WebSite","@id":"https:\/\/www.babcock-wanson.com\/fr\/#website","url":"https:\/\/www.babcock-wanson.com\/fr\/","name":"Babcock Wanson","description":"","publisher":{"@id":"https:\/\/www.babcock-wanson.com\/fr\/#organization"},"potentialAction":[{"@type":"SearchAction","target":{"@type":"EntryPoint","urlTemplate":"https:\/\/www.babcock-wanson.com\/fr\/?s={search_term_string}"},"query-input":{"@type":"PropertyValueSpecification","valueRequired":true,"valueName":"search_term_string"}}],"inLanguage":"fr-FR"},{"@type":"Organization","@id":"https:\/\/www.babcock-wanson.com\/fr\/#organization","name":"Babcock Wanson","url":"https:\/\/www.babcock-wanson.com\/fr\/","logo":{"@type":"ImageObject","inLanguage":"fr-FR","@id":"https:\/\/www.babcock-wanson.com\/fr\/#\/schema\/logo\/image\/","url":"https:\/\/www.babcock-wanson.com\/wp-content\/uploads\/2024\/02\/Babcock-Wanson-1200x1200-1.png","contentUrl":"https:\/\/www.babcock-wanson.com\/wp-content\/uploads\/2024\/02\/Babcock-Wanson-1200x1200-1.png","width":1200,"height":1200,"caption":"Babcock Wanson"},"image":{"@id":"https:\/\/www.babcock-wanson.com\/fr\/#\/schema\/logo\/image\/"},"sameAs":["https:\/\/www.linkedin.com\/company\/babcock-wanson\/","https:\/\/www.youtube.com\/channel\/UCtxl25VieBBsP2kYmtlyv7A"]}]}},"jetpack_sharing_enabled":true,"_links":{"self":[{"href":"https:\/\/www.babcock-wanson.com\/fr\/wp-json\/wp\/v2\/product\/23663","targetHints":{"allow":["GET"]}}],"collection":[{"href":"https:\/\/www.babcock-wanson.com\/fr\/wp-json\/wp\/v2\/product"}],"about":[{"href":"https:\/\/www.babcock-wanson.com\/fr\/wp-json\/wp\/v2\/types\/product"}],"replies":[{"embeddable":true,"href":"https:\/\/www.babcock-wanson.com\/fr\/wp-json\/wp\/v2\/comments?post=23663"}],"wp:featuredmedia":[{"embeddable":true,"href":"https:\/\/www.babcock-wanson.com\/fr\/wp-json\/wp\/v2\/media\/23667"}],"wp:attachment":[{"href":"https:\/\/www.babcock-wanson.com\/fr\/wp-json\/wp\/v2\/media?parent=23663"}],"wp:term":[{"taxonomy":"product_brand","embeddable":true,"href":"https:\/\/www.babcock-wanson.com\/fr\/wp-json\/wp\/v2\/product_brand?post=23663"},{"taxonomy":"product_cat","embeddable":true,"href":"https:\/\/www.babcock-wanson.com\/fr\/wp-json\/wp\/v2\/product_cat?post=23663"},{"taxonomy":"product_tag","embeddable":true,"href":"https:\/\/www.babcock-wanson.com\/fr\/wp-json\/wp\/v2\/product_tag?post=23663"}],"curies":[{"name":"wp","href":"https:\/\/api.w.org\/{rel}","templated":true}]}}