{"id":23668,"date":"2019-02-11T15:39:46","date_gmt":"2019-02-11T15:39:46","guid":{"rendered":"https:\/\/www.babcock-wanson.com\/products\/non%20class\u00e9\/modulo\/"},"modified":"2024-03-26T16:37:41","modified_gmt":"2024-03-26T16:37:41","slug":"modulo","status":"publish","type":"product","link":"https:\/\/www.babcock-wanson.com\/fr\/produits\/bruleurs-industriels\/modulo\/","title":{"rendered":"Modulo+"},"content":{"rendered":"<div class=\"vgblk-rw-wrapper limit-wrapper\">\n<h3>Br\u00fbleurs \u00e0 gaz Modulo+<\/h3>\n<ul>\n<li>Combustible : Gaz naturel, Gaz liqu\u00e9fi\u00e9<\/li>\n<li>De 2 \u00e0 24 MW<\/li>\n<li>Taux de modulation : de 1 \u00e0 12, ce qui permet un rendement d\u2019exploitation \u00e9lev\u00e9e\u00a0 en raison de la r\u00e9duction du nombre de cycle de start &amp; stop<\/li>\n<li>Fonctionnement tr\u00e8s faible en NOx :\u00a0 \u2264 60mg\/Nm\u00b3 \u00e0 3% d&rsquo;O2 (selon la norme EN676).<\/li>\n<li>Exc\u00e8s d&rsquo;air minimal sur toute la plage de fonctionnement.<\/li>\n<\/ul>\n<\/div>\n<p><!-- .vgblk-rw-wrapper --><\/p>\n","protected":false},"excerpt":{"rendered":"<p>D\u00e9velopp\u00e9s en partenariat avec l&rsquo;ADEME, les br\u00fbleurs \u00e0 gaz Modulo+ de Babcock Wanson offrent une grande souplesse d&rsquo;utilisation, des \u00e9conomies d&rsquo;\u00e9nergie accrues et une r\u00e9duction significative des \u00e9missions de NOx. Modulo+ est livr\u00e9 avec un ventilateur d&rsquo;air de combustion sp\u00e9cialement adapt\u00e9, notamment pour les combustibles mixtes, chacun avec contr\u00f4le de d\u00e9bit, et une t\u00eate de combustion sp\u00e9cialement d\u00e9velopp\u00e9e pour un fonctionnement \u00e0 haut r\u00e9gime et de tr\u00e8s faible taux de NOx.<\/p>\n","protected":false},"featured_media":23671,"comment_status":"closed","ping_status":"closed","template":"","meta":{"_acf_changed":false,"_relevanssi_hide_post":"","_relevanssi_hide_content":"","_relevanssi_pin_for_all":"","_relevanssi_pin_keywords":"","_relevanssi_unpin_keywords":"","_relevanssi_related_keywords":"","_relevanssi_related_include_ids":"","_relevanssi_related_exclude_ids":"","_relevanssi_related_no_append":"","_relevanssi_related_not_related":"","_relevanssi_related_posts":"","_relevanssi_noindex_reason":""},"product_brand":[],"product_cat":[2653],"product_tag":[],"class_list":{"0":"post-23668","1":"product","2":"type-product","3":"status-publish","4":"has-post-thumbnail","6":"product_cat-bruleurs-industriels","8":"first","9":"instock","10":"shipping-taxable","11":"product-type-simple"},"acf":[],"yoast_head":"<!-- This site is optimized with the Yoast SEO Premium plugin v27.4 (Yoast SEO v27.4) - https:\/\/yoast.com\/product\/yoast-seo-premium-wordpress\/ -->\n<title>Modulo+ - Babcock Wanson<\/title>\n<meta name=\"description\" content=\"Les br\u00fbleurs \u00e0 gaz Modulo+ offrent une plus grande souplesse de fonctionnement, permettent de r\u00e9aliser des \u00e9conomies d&#039;\u00e9nergie et r\u00e9duisent consid\u00e9rablement les \u00e9missions de NOx.\" \/>\n<meta name=\"robots\" content=\"index, follow, max-snippet:-1, max-image-preview:large, max-video-preview:-1\" \/>\n<link rel=\"canonical\" href=\"https:\/\/www.babcock-wanson.com\/fr\/produits\/bruleurs-industriels\/modulo\/\" \/>\n<meta property=\"og:locale\" content=\"fr_FR\" \/>\n<meta property=\"og:type\" content=\"article\" \/>\n<meta property=\"og:title\" content=\"Modulo+\" \/>\n<meta property=\"og:description\" content=\"Les br\u00fbleurs \u00e0 gaz Modulo+ offrent une plus grande souplesse de fonctionnement, permettent de r\u00e9aliser des \u00e9conomies d&#039;\u00e9nergie et r\u00e9duisent consid\u00e9rablement les \u00e9missions de NOx.\" \/>\n<meta property=\"og:url\" content=\"https:\/\/www.babcock-wanson.com\/fr\/produits\/bruleurs-industriels\/modulo\/\" \/>\n<meta property=\"og:site_name\" content=\"Babcock Wanson\" \/>\n<meta property=\"article:modified_time\" content=\"2024-03-26T16:37:41+00:00\" \/>\n<meta property=\"og:image\" content=\"https:\/\/www.babcock-wanson.com\/wp-content\/uploads\/2019\/02\/modulo-2.jpg\" \/>\n\t<meta property=\"og:image:width\" content=\"600\" \/>\n\t<meta property=\"og:image:height\" content=\"400\" \/>\n\t<meta property=\"og:image:type\" content=\"image\/jpeg\" \/>\n<meta name=\"twitter:card\" content=\"summary_large_image\" \/>\n<meta name=\"twitter:label1\" content=\"Est. reading time\" \/>\n\t<meta name=\"twitter:data1\" content=\"1 minute\" \/>\n<script type=\"application\/ld+json\" class=\"yoast-schema-graph\">{\"@context\":\"https:\\\/\\\/schema.org\",\"@graph\":[{\"@type\":\"WebPage\",\"@id\":\"https:\\\/\\\/www.babcock-wanson.com\\\/fr\\\/produits\\\/bruleurs-industriels\\\/modulo\\\/\",\"url\":\"https:\\\/\\\/www.babcock-wanson.com\\\/fr\\\/produits\\\/bruleurs-industriels\\\/modulo\\\/\",\"name\":\"Modulo+ - Babcock Wanson\",\"isPartOf\":{\"@id\":\"https:\\\/\\\/www.babcock-wanson.com\\\/fr\\\/#website\"},\"primaryImageOfPage\":{\"@id\":\"https:\\\/\\\/www.babcock-wanson.com\\\/fr\\\/produits\\\/bruleurs-industriels\\\/modulo\\\/#primaryimage\"},\"image\":{\"@id\":\"https:\\\/\\\/www.babcock-wanson.com\\\/fr\\\/produits\\\/bruleurs-industriels\\\/modulo\\\/#primaryimage\"},\"thumbnailUrl\":\"https:\\\/\\\/www.babcock-wanson.com\\\/wp-content\\\/uploads\\\/2019\\\/02\\\/modulo-2.jpg\",\"datePublished\":\"2019-02-11T15:39:46+00:00\",\"dateModified\":\"2024-03-26T16:37:41+00:00\",\"description\":\"Les br\u00fbleurs \u00e0 gaz Modulo+ offrent une plus grande souplesse de fonctionnement, permettent de r\u00e9aliser des \u00e9conomies d'\u00e9nergie et r\u00e9duisent consid\u00e9rablement les \u00e9missions de NOx.\",\"breadcrumb\":{\"@id\":\"https:\\\/\\\/www.babcock-wanson.com\\\/fr\\\/produits\\\/bruleurs-industriels\\\/modulo\\\/#breadcrumb\"},\"inLanguage\":\"fr-FR\",\"potentialAction\":[{\"@type\":\"ReadAction\",\"target\":[\"https:\\\/\\\/www.babcock-wanson.com\\\/fr\\\/produits\\\/bruleurs-industriels\\\/modulo\\\/\"]}]},{\"@type\":\"ImageObject\",\"inLanguage\":\"fr-FR\",\"@id\":\"https:\\\/\\\/www.babcock-wanson.com\\\/fr\\\/produits\\\/bruleurs-industriels\\\/modulo\\\/#primaryimage\",\"url\":\"https:\\\/\\\/www.babcock-wanson.com\\\/wp-content\\\/uploads\\\/2019\\\/02\\\/modulo-2.jpg\",\"contentUrl\":\"https:\\\/\\\/www.babcock-wanson.com\\\/wp-content\\\/uploads\\\/2019\\\/02\\\/modulo-2.jpg\",\"width\":600,\"height\":400,\"caption\":\"modulo\"},{\"@type\":\"BreadcrumbList\",\"@id\":\"https:\\\/\\\/www.babcock-wanson.com\\\/fr\\\/produits\\\/bruleurs-industriels\\\/modulo\\\/#breadcrumb\",\"itemListElement\":[{\"@type\":\"ListItem\",\"position\":1,\"name\":\"Accueil\",\"item\":\"https:\\\/\\\/www.babcock-wanson.com\\\/fr\\\/\"},{\"@type\":\"ListItem\",\"position\":2,\"name\":\"Produits\",\"item\":\"https:\\\/\\\/www.babcock-wanson.com\\\/fr\\\/shop\\\/\"},{\"@type\":\"ListItem\",\"position\":3,\"name\":\"Br\u00fbleurs industriels\",\"item\":\"https:\\\/\\\/www.babcock-wanson.com\\\/fr\\\/categorie-produit\\\/bruleurs-industriels\\\/\"},{\"@type\":\"ListItem\",\"position\":4,\"name\":\"Modulo+\"}]},{\"@type\":\"WebSite\",\"@id\":\"https:\\\/\\\/www.babcock-wanson.com\\\/fr\\\/#website\",\"url\":\"https:\\\/\\\/www.babcock-wanson.com\\\/fr\\\/\",\"name\":\"Babcock Wanson\",\"description\":\"\",\"publisher\":{\"@id\":\"https:\\\/\\\/www.babcock-wanson.com\\\/fr\\\/#organization\"},\"potentialAction\":[{\"@type\":\"SearchAction\",\"target\":{\"@type\":\"EntryPoint\",\"urlTemplate\":\"https:\\\/\\\/www.babcock-wanson.com\\\/fr\\\/?s={search_term_string}\"},\"query-input\":{\"@type\":\"PropertyValueSpecification\",\"valueRequired\":true,\"valueName\":\"search_term_string\"}}],\"inLanguage\":\"fr-FR\"},{\"@type\":\"Organization\",\"@id\":\"https:\\\/\\\/www.babcock-wanson.com\\\/fr\\\/#organization\",\"name\":\"Babcock Wanson\",\"url\":\"https:\\\/\\\/www.babcock-wanson.com\\\/fr\\\/\",\"logo\":{\"@type\":\"ImageObject\",\"inLanguage\":\"fr-FR\",\"@id\":\"https:\\\/\\\/www.babcock-wanson.com\\\/fr\\\/#\\\/schema\\\/logo\\\/image\\\/\",\"url\":\"https:\\\/\\\/www.babcock-wanson.com\\\/wp-content\\\/uploads\\\/2024\\\/02\\\/Babcock-Wanson-1200x1200-1.png\",\"contentUrl\":\"https:\\\/\\\/www.babcock-wanson.com\\\/wp-content\\\/uploads\\\/2024\\\/02\\\/Babcock-Wanson-1200x1200-1.png\",\"width\":1200,\"height\":1200,\"caption\":\"Babcock Wanson\"},\"image\":{\"@id\":\"https:\\\/\\\/www.babcock-wanson.com\\\/fr\\\/#\\\/schema\\\/logo\\\/image\\\/\"},\"sameAs\":[\"https:\\\/\\\/www.linkedin.com\\\/company\\\/babcock-wanson\\\/\",\"https:\\\/\\\/www.youtube.com\\\/channel\\\/UCtxl25VieBBsP2kYmtlyv7A\"]}]}<\/script>\n<!-- \/ Yoast SEO Premium plugin. -->","yoast_head_json":{"title":"Modulo+ - Babcock Wanson","description":"Les br\u00fbleurs \u00e0 gaz Modulo+ offrent une plus grande souplesse de fonctionnement, permettent de r\u00e9aliser des \u00e9conomies d'\u00e9nergie et r\u00e9duisent consid\u00e9rablement les \u00e9missions de NOx.","robots":{"index":"index","follow":"follow","max-snippet":"max-snippet:-1","max-image-preview":"max-image-preview:large","max-video-preview":"max-video-preview:-1"},"canonical":"https:\/\/www.babcock-wanson.com\/fr\/produits\/bruleurs-industriels\/modulo\/","og_locale":"fr_FR","og_type":"article","og_title":"Modulo+","og_description":"Les br\u00fbleurs \u00e0 gaz Modulo+ offrent une plus grande souplesse de fonctionnement, permettent de r\u00e9aliser des \u00e9conomies d'\u00e9nergie et r\u00e9duisent consid\u00e9rablement les \u00e9missions de NOx.","og_url":"https:\/\/www.babcock-wanson.com\/fr\/produits\/bruleurs-industriels\/modulo\/","og_site_name":"Babcock Wanson","article_modified_time":"2024-03-26T16:37:41+00:00","og_image":[{"width":600,"height":400,"url":"https:\/\/www.babcock-wanson.com\/wp-content\/uploads\/2019\/02\/modulo-2.jpg","type":"image\/jpeg"}],"twitter_card":"summary_large_image","twitter_misc":{"Est. reading time":"1 minute"},"schema":{"@context":"https:\/\/schema.org","@graph":[{"@type":"WebPage","@id":"https:\/\/www.babcock-wanson.com\/fr\/produits\/bruleurs-industriels\/modulo\/","url":"https:\/\/www.babcock-wanson.com\/fr\/produits\/bruleurs-industriels\/modulo\/","name":"Modulo+ - Babcock Wanson","isPartOf":{"@id":"https:\/\/www.babcock-wanson.com\/fr\/#website"},"primaryImageOfPage":{"@id":"https:\/\/www.babcock-wanson.com\/fr\/produits\/bruleurs-industriels\/modulo\/#primaryimage"},"image":{"@id":"https:\/\/www.babcock-wanson.com\/fr\/produits\/bruleurs-industriels\/modulo\/#primaryimage"},"thumbnailUrl":"https:\/\/www.babcock-wanson.com\/wp-content\/uploads\/2019\/02\/modulo-2.jpg","datePublished":"2019-02-11T15:39:46+00:00","dateModified":"2024-03-26T16:37:41+00:00","description":"Les br\u00fbleurs \u00e0 gaz Modulo+ offrent une plus grande souplesse de fonctionnement, permettent de r\u00e9aliser des \u00e9conomies d'\u00e9nergie et r\u00e9duisent consid\u00e9rablement les \u00e9missions de NOx.","breadcrumb":{"@id":"https:\/\/www.babcock-wanson.com\/fr\/produits\/bruleurs-industriels\/modulo\/#breadcrumb"},"inLanguage":"fr-FR","potentialAction":[{"@type":"ReadAction","target":["https:\/\/www.babcock-wanson.com\/fr\/produits\/bruleurs-industriels\/modulo\/"]}]},{"@type":"ImageObject","inLanguage":"fr-FR","@id":"https:\/\/www.babcock-wanson.com\/fr\/produits\/bruleurs-industriels\/modulo\/#primaryimage","url":"https:\/\/www.babcock-wanson.com\/wp-content\/uploads\/2019\/02\/modulo-2.jpg","contentUrl":"https:\/\/www.babcock-wanson.com\/wp-content\/uploads\/2019\/02\/modulo-2.jpg","width":600,"height":400,"caption":"modulo"},{"@type":"BreadcrumbList","@id":"https:\/\/www.babcock-wanson.com\/fr\/produits\/bruleurs-industriels\/modulo\/#breadcrumb","itemListElement":[{"@type":"ListItem","position":1,"name":"Accueil","item":"https:\/\/www.babcock-wanson.com\/fr\/"},{"@type":"ListItem","position":2,"name":"Produits","item":"https:\/\/www.babcock-wanson.com\/fr\/shop\/"},{"@type":"ListItem","position":3,"name":"Br\u00fbleurs industriels","item":"https:\/\/www.babcock-wanson.com\/fr\/categorie-produit\/bruleurs-industriels\/"},{"@type":"ListItem","position":4,"name":"Modulo+"}]},{"@type":"WebSite","@id":"https:\/\/www.babcock-wanson.com\/fr\/#website","url":"https:\/\/www.babcock-wanson.com\/fr\/","name":"Babcock Wanson","description":"","publisher":{"@id":"https:\/\/www.babcock-wanson.com\/fr\/#organization"},"potentialAction":[{"@type":"SearchAction","target":{"@type":"EntryPoint","urlTemplate":"https:\/\/www.babcock-wanson.com\/fr\/?s={search_term_string}"},"query-input":{"@type":"PropertyValueSpecification","valueRequired":true,"valueName":"search_term_string"}}],"inLanguage":"fr-FR"},{"@type":"Organization","@id":"https:\/\/www.babcock-wanson.com\/fr\/#organization","name":"Babcock Wanson","url":"https:\/\/www.babcock-wanson.com\/fr\/","logo":{"@type":"ImageObject","inLanguage":"fr-FR","@id":"https:\/\/www.babcock-wanson.com\/fr\/#\/schema\/logo\/image\/","url":"https:\/\/www.babcock-wanson.com\/wp-content\/uploads\/2024\/02\/Babcock-Wanson-1200x1200-1.png","contentUrl":"https:\/\/www.babcock-wanson.com\/wp-content\/uploads\/2024\/02\/Babcock-Wanson-1200x1200-1.png","width":1200,"height":1200,"caption":"Babcock Wanson"},"image":{"@id":"https:\/\/www.babcock-wanson.com\/fr\/#\/schema\/logo\/image\/"},"sameAs":["https:\/\/www.linkedin.com\/company\/babcock-wanson\/","https:\/\/www.youtube.com\/channel\/UCtxl25VieBBsP2kYmtlyv7A"]}]}},"jetpack_sharing_enabled":true,"_links":{"self":[{"href":"https:\/\/www.babcock-wanson.com\/fr\/wp-json\/wp\/v2\/product\/23668","targetHints":{"allow":["GET"]}}],"collection":[{"href":"https:\/\/www.babcock-wanson.com\/fr\/wp-json\/wp\/v2\/product"}],"about":[{"href":"https:\/\/www.babcock-wanson.com\/fr\/wp-json\/wp\/v2\/types\/product"}],"replies":[{"embeddable":true,"href":"https:\/\/www.babcock-wanson.com\/fr\/wp-json\/wp\/v2\/comments?post=23668"}],"wp:featuredmedia":[{"embeddable":true,"href":"https:\/\/www.babcock-wanson.com\/fr\/wp-json\/wp\/v2\/media\/23671"}],"wp:attachment":[{"href":"https:\/\/www.babcock-wanson.com\/fr\/wp-json\/wp\/v2\/media?parent=23668"}],"wp:term":[{"taxonomy":"product_brand","embeddable":true,"href":"https:\/\/www.babcock-wanson.com\/fr\/wp-json\/wp\/v2\/product_brand?post=23668"},{"taxonomy":"product_cat","embeddable":true,"href":"https:\/\/www.babcock-wanson.com\/fr\/wp-json\/wp\/v2\/product_cat?post=23668"},{"taxonomy":"product_tag","embeddable":true,"href":"https:\/\/www.babcock-wanson.com\/fr\/wp-json\/wp\/v2\/product_tag?post=23668"}],"curies":[{"name":"wp","href":"https:\/\/api.w.org\/{rel}","templated":true}]}}