{"id":23672,"date":"2019-02-11T15:39:42","date_gmt":"2019-02-11T15:39:42","guid":{"rendered":"https:\/\/www.babcock-wanson.com\/products\/non%20class\u00e9\/lnta-ta\/"},"modified":"2021-11-08T16:18:24","modified_gmt":"2021-11-08T16:18:24","slug":"lnta-ta","status":"publish","type":"product","link":"https:\/\/www.babcock-wanson.com\/fr\/produits\/bruleurs-industriels\/lnta-ta\/","title":{"rendered":"LNTA &amp; TA"},"content":{"rendered":"<div class=\"vgblk-rw-wrapper limit-wrapper\">\n<h3>Br\u00fbleurs industriels LNTA &amp; TA<\/h3>\n<ul>\n<li>Combustibles : Gaz naturel, gaz liqu\u00e9fi\u00e9, gasoil, mazout moyen et lourd et autres combustibles sp\u00e9cifiques sur demande<\/li>\n<li>LNTA : De 3,5 \u00e0 10,5 MW<\/li>\n<li>TA : de 9 \u00e0 22 MW<\/li>\n<li>LNTA : Ventilateur d&rsquo;air de combustion et moteur du br\u00fbleur enti\u00e8rement int\u00e9gr\u00e9s<\/li>\n<li>TA : L&rsquo;assemblage ind\u00e9pendant du ventilateur d&rsquo;air comburant offre diff\u00e9rentes options d&rsquo;installation sur site<\/li>\n<li>Coque en aluminium moul\u00e9 pour un poids r\u00e9duit<\/li>\n<li>Acc\u00e8s facile \u00e0 tous les composants du br\u00fbleur gr\u00e2ce au syst\u00e8me d&rsquo;ouverture \u00e0 charni\u00e8res<\/li>\n<li>Allumage par allumeur \u00e0 gaz (pilote)<\/li>\n<li>Contr\u00f4le de la d\u00e9faillance de la flamme en fonction du combustible utilis\u00e9 et des exigences\/r\u00e9glementations en mati\u00e8re de contr\u00f4le<\/li>\n<li>Commandes de combustion enti\u00e8rement num\u00e9riques pour un r\u00e9glage pr\u00e9cis de la puissance et un fonctionnement efficace<\/li>\n<li>Commande num\u00e9rique de la position de la t\u00eate du br\u00fbleur pour un fonctionnement optimal et des \u00e9missions ma\u00eetris\u00e9es<\/li>\n<li>Distribution multi-\u00e9tag\u00e9e du combustible combin\u00e9e avec recirculation int\u00e9gr\u00e9e des gaz d&rsquo;\u00e9chappement pour r\u00e9duire les \u00e9missions de NOx<\/li>\n<\/ul>\n<\/div>\n<p><!-- .vgblk-rw-wrapper --><\/p>\n","protected":false},"excerpt":{"rendered":"<p>La gamme de <a href=\"https:\/\/www.babcock-wanson.com\/fr\/categorie-produit\/bruleurs-industriels\/\" target=\"_blank\" rel=\"noopener\">br\u00fbleurs<\/a> \u00e0 air puls\u00e9 LNTA et TA fait partie de l&rsquo;histoire \u00e0 succ\u00e8s de Babcock Wanson dans le domaine des chaudi\u00e8res industrielles. Gr\u00e2ce \u00e0 l&rsquo;am\u00e9lioration perp\u00e9tuelle de cette gamme, elle continue d&rsquo;\u00eatre largement pl\u00e9biscit\u00e9e pour les applications industrielles (tant pour les chaudi\u00e8res que pour les \u00e9quipements de process).<\/p>\n","protected":false},"featured_media":23675,"comment_status":"closed","ping_status":"closed","template":"","meta":{"_acf_changed":false,"_relevanssi_hide_post":"","_relevanssi_hide_content":"","_relevanssi_pin_for_all":"","_relevanssi_pin_keywords":"","_relevanssi_unpin_keywords":"","_relevanssi_related_keywords":"","_relevanssi_related_include_ids":"","_relevanssi_related_exclude_ids":"","_relevanssi_related_no_append":"","_relevanssi_related_not_related":"","_relevanssi_related_posts":"","_relevanssi_noindex_reason":""},"product_brand":[],"product_cat":[2653],"product_tag":[],"class_list":{"0":"post-23672","1":"product","2":"type-product","3":"status-publish","4":"has-post-thumbnail","6":"product_cat-bruleurs-industriels","8":"first","9":"instock","10":"shipping-taxable","11":"product-type-simple"},"acf":[],"yoast_head":"<!-- This site is optimized with the Yoast SEO Premium plugin v27.4 (Yoast SEO v27.4) - https:\/\/yoast.com\/product\/yoast-seo-premium-wordpress\/ -->\n<title>LNTA &amp; TA - Babcock Wanson<\/title>\n<meta name=\"description\" content=\"Les gammes de br\u00fbleurs \u00e0 tirage forc\u00e9 LNTA et TA font partie des grandes r\u00e9ussites de Babcock Wanson dans le domaine des chaudi\u00e8res industrielles.\" \/>\n<meta name=\"robots\" content=\"index, follow, max-snippet:-1, max-image-preview:large, max-video-preview:-1\" \/>\n<link rel=\"canonical\" href=\"https:\/\/www.babcock-wanson.com\/fr\/produits\/bruleurs-industriels\/lnta-ta\/\" \/>\n<meta property=\"og:locale\" content=\"fr_FR\" \/>\n<meta property=\"og:type\" content=\"article\" \/>\n<meta property=\"og:title\" content=\"LNTA &amp; TA\" \/>\n<meta property=\"og:description\" content=\"Les gammes de br\u00fbleurs \u00e0 tirage forc\u00e9 LNTA et TA font partie des grandes r\u00e9ussites de Babcock Wanson dans le domaine des chaudi\u00e8res industrielles.\" \/>\n<meta property=\"og:url\" content=\"https:\/\/www.babcock-wanson.com\/fr\/produits\/bruleurs-industriels\/lnta-ta\/\" \/>\n<meta property=\"og:site_name\" content=\"Babcock Wanson\" \/>\n<meta property=\"article:modified_time\" content=\"2021-11-08T16:18:24+00:00\" \/>\n<meta property=\"og:image\" content=\"https:\/\/www.babcock-wanson.com\/wp-content\/uploads\/2019\/02\/LNTA-TA-5.jpg\" \/>\n\t<meta property=\"og:image:width\" content=\"600\" \/>\n\t<meta property=\"og:image:height\" content=\"400\" \/>\n\t<meta property=\"og:image:type\" content=\"image\/jpeg\" \/>\n<meta name=\"twitter:card\" content=\"summary_large_image\" \/>\n<meta name=\"twitter:label1\" content=\"Est. reading time\" \/>\n\t<meta name=\"twitter:data1\" content=\"1 minute\" \/>\n<script type=\"application\/ld+json\" class=\"yoast-schema-graph\">{\"@context\":\"https:\\\/\\\/schema.org\",\"@graph\":[{\"@type\":\"WebPage\",\"@id\":\"https:\\\/\\\/www.babcock-wanson.com\\\/fr\\\/produits\\\/bruleurs-industriels\\\/lnta-ta\\\/\",\"url\":\"https:\\\/\\\/www.babcock-wanson.com\\\/fr\\\/produits\\\/bruleurs-industriels\\\/lnta-ta\\\/\",\"name\":\"LNTA &amp; TA - Babcock Wanson\",\"isPartOf\":{\"@id\":\"https:\\\/\\\/www.babcock-wanson.com\\\/fr\\\/#website\"},\"primaryImageOfPage\":{\"@id\":\"https:\\\/\\\/www.babcock-wanson.com\\\/fr\\\/produits\\\/bruleurs-industriels\\\/lnta-ta\\\/#primaryimage\"},\"image\":{\"@id\":\"https:\\\/\\\/www.babcock-wanson.com\\\/fr\\\/produits\\\/bruleurs-industriels\\\/lnta-ta\\\/#primaryimage\"},\"thumbnailUrl\":\"https:\\\/\\\/www.babcock-wanson.com\\\/wp-content\\\/uploads\\\/2019\\\/02\\\/LNTA-TA-5.jpg\",\"datePublished\":\"2019-02-11T15:39:42+00:00\",\"dateModified\":\"2021-11-08T16:18:24+00:00\",\"description\":\"Les gammes de br\u00fbleurs \u00e0 tirage forc\u00e9 LNTA et TA font partie des grandes r\u00e9ussites de Babcock Wanson dans le domaine des chaudi\u00e8res industrielles.\",\"breadcrumb\":{\"@id\":\"https:\\\/\\\/www.babcock-wanson.com\\\/fr\\\/produits\\\/bruleurs-industriels\\\/lnta-ta\\\/#breadcrumb\"},\"inLanguage\":\"fr-FR\",\"potentialAction\":[{\"@type\":\"ReadAction\",\"target\":[\"https:\\\/\\\/www.babcock-wanson.com\\\/fr\\\/produits\\\/bruleurs-industriels\\\/lnta-ta\\\/\"]}]},{\"@type\":\"ImageObject\",\"inLanguage\":\"fr-FR\",\"@id\":\"https:\\\/\\\/www.babcock-wanson.com\\\/fr\\\/produits\\\/bruleurs-industriels\\\/lnta-ta\\\/#primaryimage\",\"url\":\"https:\\\/\\\/www.babcock-wanson.com\\\/wp-content\\\/uploads\\\/2019\\\/02\\\/LNTA-TA-5.jpg\",\"contentUrl\":\"https:\\\/\\\/www.babcock-wanson.com\\\/wp-content\\\/uploads\\\/2019\\\/02\\\/LNTA-TA-5.jpg\",\"width\":600,\"height\":400,\"caption\":\"LNTA-TA\"},{\"@type\":\"BreadcrumbList\",\"@id\":\"https:\\\/\\\/www.babcock-wanson.com\\\/fr\\\/produits\\\/bruleurs-industriels\\\/lnta-ta\\\/#breadcrumb\",\"itemListElement\":[{\"@type\":\"ListItem\",\"position\":1,\"name\":\"Accueil\",\"item\":\"https:\\\/\\\/www.babcock-wanson.com\\\/fr\\\/\"},{\"@type\":\"ListItem\",\"position\":2,\"name\":\"Produits\",\"item\":\"https:\\\/\\\/www.babcock-wanson.com\\\/fr\\\/shop\\\/\"},{\"@type\":\"ListItem\",\"position\":3,\"name\":\"Br\u00fbleurs industriels\",\"item\":\"https:\\\/\\\/www.babcock-wanson.com\\\/fr\\\/categorie-produit\\\/bruleurs-industriels\\\/\"},{\"@type\":\"ListItem\",\"position\":4,\"name\":\"LNTA &amp; TA\"}]},{\"@type\":\"WebSite\",\"@id\":\"https:\\\/\\\/www.babcock-wanson.com\\\/fr\\\/#website\",\"url\":\"https:\\\/\\\/www.babcock-wanson.com\\\/fr\\\/\",\"name\":\"Babcock Wanson\",\"description\":\"\",\"publisher\":{\"@id\":\"https:\\\/\\\/www.babcock-wanson.com\\\/fr\\\/#organization\"},\"potentialAction\":[{\"@type\":\"SearchAction\",\"target\":{\"@type\":\"EntryPoint\",\"urlTemplate\":\"https:\\\/\\\/www.babcock-wanson.com\\\/fr\\\/?s={search_term_string}\"},\"query-input\":{\"@type\":\"PropertyValueSpecification\",\"valueRequired\":true,\"valueName\":\"search_term_string\"}}],\"inLanguage\":\"fr-FR\"},{\"@type\":\"Organization\",\"@id\":\"https:\\\/\\\/www.babcock-wanson.com\\\/fr\\\/#organization\",\"name\":\"Babcock Wanson\",\"url\":\"https:\\\/\\\/www.babcock-wanson.com\\\/fr\\\/\",\"logo\":{\"@type\":\"ImageObject\",\"inLanguage\":\"fr-FR\",\"@id\":\"https:\\\/\\\/www.babcock-wanson.com\\\/fr\\\/#\\\/schema\\\/logo\\\/image\\\/\",\"url\":\"https:\\\/\\\/www.babcock-wanson.com\\\/wp-content\\\/uploads\\\/2024\\\/02\\\/Babcock-Wanson-1200x1200-1.png\",\"contentUrl\":\"https:\\\/\\\/www.babcock-wanson.com\\\/wp-content\\\/uploads\\\/2024\\\/02\\\/Babcock-Wanson-1200x1200-1.png\",\"width\":1200,\"height\":1200,\"caption\":\"Babcock Wanson\"},\"image\":{\"@id\":\"https:\\\/\\\/www.babcock-wanson.com\\\/fr\\\/#\\\/schema\\\/logo\\\/image\\\/\"},\"sameAs\":[\"https:\\\/\\\/www.linkedin.com\\\/company\\\/babcock-wanson\\\/\",\"https:\\\/\\\/www.youtube.com\\\/channel\\\/UCtxl25VieBBsP2kYmtlyv7A\"]}]}<\/script>\n<!-- \/ Yoast SEO Premium plugin. -->","yoast_head_json":{"title":"LNTA &amp; TA - Babcock Wanson","description":"Les gammes de br\u00fbleurs \u00e0 tirage forc\u00e9 LNTA et TA font partie des grandes r\u00e9ussites de Babcock Wanson dans le domaine des chaudi\u00e8res industrielles.","robots":{"index":"index","follow":"follow","max-snippet":"max-snippet:-1","max-image-preview":"max-image-preview:large","max-video-preview":"max-video-preview:-1"},"canonical":"https:\/\/www.babcock-wanson.com\/fr\/produits\/bruleurs-industriels\/lnta-ta\/","og_locale":"fr_FR","og_type":"article","og_title":"LNTA &amp; TA","og_description":"Les gammes de br\u00fbleurs \u00e0 tirage forc\u00e9 LNTA et TA font partie des grandes r\u00e9ussites de Babcock Wanson dans le domaine des chaudi\u00e8res industrielles.","og_url":"https:\/\/www.babcock-wanson.com\/fr\/produits\/bruleurs-industriels\/lnta-ta\/","og_site_name":"Babcock Wanson","article_modified_time":"2021-11-08T16:18:24+00:00","og_image":[{"width":600,"height":400,"url":"https:\/\/www.babcock-wanson.com\/wp-content\/uploads\/2019\/02\/LNTA-TA-5.jpg","type":"image\/jpeg"}],"twitter_card":"summary_large_image","twitter_misc":{"Est. reading time":"1 minute"},"schema":{"@context":"https:\/\/schema.org","@graph":[{"@type":"WebPage","@id":"https:\/\/www.babcock-wanson.com\/fr\/produits\/bruleurs-industriels\/lnta-ta\/","url":"https:\/\/www.babcock-wanson.com\/fr\/produits\/bruleurs-industriels\/lnta-ta\/","name":"LNTA &amp; TA - Babcock Wanson","isPartOf":{"@id":"https:\/\/www.babcock-wanson.com\/fr\/#website"},"primaryImageOfPage":{"@id":"https:\/\/www.babcock-wanson.com\/fr\/produits\/bruleurs-industriels\/lnta-ta\/#primaryimage"},"image":{"@id":"https:\/\/www.babcock-wanson.com\/fr\/produits\/bruleurs-industriels\/lnta-ta\/#primaryimage"},"thumbnailUrl":"https:\/\/www.babcock-wanson.com\/wp-content\/uploads\/2019\/02\/LNTA-TA-5.jpg","datePublished":"2019-02-11T15:39:42+00:00","dateModified":"2021-11-08T16:18:24+00:00","description":"Les gammes de br\u00fbleurs \u00e0 tirage forc\u00e9 LNTA et TA font partie des grandes r\u00e9ussites de Babcock Wanson dans le domaine des chaudi\u00e8res industrielles.","breadcrumb":{"@id":"https:\/\/www.babcock-wanson.com\/fr\/produits\/bruleurs-industriels\/lnta-ta\/#breadcrumb"},"inLanguage":"fr-FR","potentialAction":[{"@type":"ReadAction","target":["https:\/\/www.babcock-wanson.com\/fr\/produits\/bruleurs-industriels\/lnta-ta\/"]}]},{"@type":"ImageObject","inLanguage":"fr-FR","@id":"https:\/\/www.babcock-wanson.com\/fr\/produits\/bruleurs-industriels\/lnta-ta\/#primaryimage","url":"https:\/\/www.babcock-wanson.com\/wp-content\/uploads\/2019\/02\/LNTA-TA-5.jpg","contentUrl":"https:\/\/www.babcock-wanson.com\/wp-content\/uploads\/2019\/02\/LNTA-TA-5.jpg","width":600,"height":400,"caption":"LNTA-TA"},{"@type":"BreadcrumbList","@id":"https:\/\/www.babcock-wanson.com\/fr\/produits\/bruleurs-industriels\/lnta-ta\/#breadcrumb","itemListElement":[{"@type":"ListItem","position":1,"name":"Accueil","item":"https:\/\/www.babcock-wanson.com\/fr\/"},{"@type":"ListItem","position":2,"name":"Produits","item":"https:\/\/www.babcock-wanson.com\/fr\/shop\/"},{"@type":"ListItem","position":3,"name":"Br\u00fbleurs industriels","item":"https:\/\/www.babcock-wanson.com\/fr\/categorie-produit\/bruleurs-industriels\/"},{"@type":"ListItem","position":4,"name":"LNTA &amp; TA"}]},{"@type":"WebSite","@id":"https:\/\/www.babcock-wanson.com\/fr\/#website","url":"https:\/\/www.babcock-wanson.com\/fr\/","name":"Babcock Wanson","description":"","publisher":{"@id":"https:\/\/www.babcock-wanson.com\/fr\/#organization"},"potentialAction":[{"@type":"SearchAction","target":{"@type":"EntryPoint","urlTemplate":"https:\/\/www.babcock-wanson.com\/fr\/?s={search_term_string}"},"query-input":{"@type":"PropertyValueSpecification","valueRequired":true,"valueName":"search_term_string"}}],"inLanguage":"fr-FR"},{"@type":"Organization","@id":"https:\/\/www.babcock-wanson.com\/fr\/#organization","name":"Babcock Wanson","url":"https:\/\/www.babcock-wanson.com\/fr\/","logo":{"@type":"ImageObject","inLanguage":"fr-FR","@id":"https:\/\/www.babcock-wanson.com\/fr\/#\/schema\/logo\/image\/","url":"https:\/\/www.babcock-wanson.com\/wp-content\/uploads\/2024\/02\/Babcock-Wanson-1200x1200-1.png","contentUrl":"https:\/\/www.babcock-wanson.com\/wp-content\/uploads\/2024\/02\/Babcock-Wanson-1200x1200-1.png","width":1200,"height":1200,"caption":"Babcock Wanson"},"image":{"@id":"https:\/\/www.babcock-wanson.com\/fr\/#\/schema\/logo\/image\/"},"sameAs":["https:\/\/www.linkedin.com\/company\/babcock-wanson\/","https:\/\/www.youtube.com\/channel\/UCtxl25VieBBsP2kYmtlyv7A"]}]}},"jetpack_sharing_enabled":true,"_links":{"self":[{"href":"https:\/\/www.babcock-wanson.com\/fr\/wp-json\/wp\/v2\/product\/23672","targetHints":{"allow":["GET"]}}],"collection":[{"href":"https:\/\/www.babcock-wanson.com\/fr\/wp-json\/wp\/v2\/product"}],"about":[{"href":"https:\/\/www.babcock-wanson.com\/fr\/wp-json\/wp\/v2\/types\/product"}],"replies":[{"embeddable":true,"href":"https:\/\/www.babcock-wanson.com\/fr\/wp-json\/wp\/v2\/comments?post=23672"}],"wp:featuredmedia":[{"embeddable":true,"href":"https:\/\/www.babcock-wanson.com\/fr\/wp-json\/wp\/v2\/media\/23675"}],"wp:attachment":[{"href":"https:\/\/www.babcock-wanson.com\/fr\/wp-json\/wp\/v2\/media?parent=23672"}],"wp:term":[{"taxonomy":"product_brand","embeddable":true,"href":"https:\/\/www.babcock-wanson.com\/fr\/wp-json\/wp\/v2\/product_brand?post=23672"},{"taxonomy":"product_cat","embeddable":true,"href":"https:\/\/www.babcock-wanson.com\/fr\/wp-json\/wp\/v2\/product_cat?post=23672"},{"taxonomy":"product_tag","embeddable":true,"href":"https:\/\/www.babcock-wanson.com\/fr\/wp-json\/wp\/v2\/product_tag?post=23672"}],"curies":[{"name":"wp","href":"https:\/\/api.w.org\/{rel}","templated":true}]}}