{"id":23676,"date":"2019-02-11T15:39:40","date_gmt":"2019-02-11T15:39:40","guid":{"rendered":"https:\/\/www.babcock-wanson.com\/products\/non%20class\u00e9\/optimo\/"},"modified":"2020-02-26T22:21:14","modified_gmt":"2020-02-26T22:21:14","slug":"optimo","status":"publish","type":"product","link":"https:\/\/www.babcock-wanson.com\/fr\/produits\/bruleurs-industriels\/optimo\/","title":{"rendered":"OPTIMO"},"content":{"rendered":"<div class=\"vgblk-rw-wrapper limit-wrapper\">\n<h3>Br\u00fbleurs \u00e0 air puls\u00e9 OPTIMO<\/h3>\n<ul>\n<li>Combustibles : Gaz naturel, gaz liqu\u00e9fi\u00e9, gasoil, Fioul domestique (LFO ou FOD) et Fioul lourd (HFO) et autres combustibles sp\u00e9cifiques sur demande<\/li>\n<li>OPTIMO 1, 2, 3 &amp; 4 couvrent une large gamme de puissance : de 700 kW \u00e0 12,5 MW<\/li>\n<li>Commandes int\u00e9gr\u00e9es incluant un ventilateur d&rsquo;air de combustion \u00e0 vitesse variable<\/li>\n<li>Bo\u00eetier robuste en acier soud\u00e9<\/li>\n<li>Ventilateur interchangeable, parfaitement optimis\u00e9 et adaptable \u00e0 la gamme de br\u00fbleurs<\/li>\n<li>Fonctionnement silencieux<\/li>\n<li>T\u00eate de combustion haute performance pour NOx &lt; 100 mg\/Nm\u00b3 (gaz naturel &#8211; gaz de combustion sec et 3% O2)<\/li>\n<li>Fen\u00eatre de visualisation de la flamme pour faciliter l&rsquo;installation et l&rsquo;entretien du br\u00fbleur<\/li>\n<li>Commandes de combustion enti\u00e8rement num\u00e9riques pour un fonctionnement efficace<\/li>\n<\/ul>\n<\/div>\n<p><!-- .vgblk-rw-wrapper --><\/p>\n","protected":false},"excerpt":{"rendered":"<p>Les br\u00fbleurs de la gamme OPTIMO sont des br\u00fbleurs \u00e0 air puls\u00e9. Ils constituent le c\u0153ur de la gamme Babcock Wanson et couvrent une large gamme de puissances et de combustibles tout en offrant des performances \u00e9nerg\u00e9tiques et environnementales tr\u00e8s \u00e9lev\u00e9es.<\/p>\n","protected":false},"featured_media":23681,"comment_status":"closed","ping_status":"closed","template":"","meta":{"_acf_changed":false,"_relevanssi_hide_post":"","_relevanssi_hide_content":"","_relevanssi_pin_for_all":"","_relevanssi_pin_keywords":"","_relevanssi_unpin_keywords":"","_relevanssi_related_keywords":"","_relevanssi_related_include_ids":"","_relevanssi_related_exclude_ids":"","_relevanssi_related_no_append":"","_relevanssi_related_not_related":"","_relevanssi_related_posts":"","_relevanssi_noindex_reason":""},"product_brand":[],"product_cat":[2653],"product_tag":[],"class_list":{"0":"post-23676","1":"product","2":"type-product","3":"status-publish","4":"has-post-thumbnail","6":"product_cat-bruleurs-industriels","8":"first","9":"instock","10":"shipping-taxable","11":"product-type-simple"},"acf":[],"yoast_head":"<!-- This site is optimized with the Yoast SEO Premium plugin v27.1 (Yoast SEO v27.1.1) - https:\/\/yoast.com\/product\/yoast-seo-premium-wordpress\/ -->\n<title>OPTIMO - Babcock Wanson<\/title>\n<meta name=\"description\" content=\"Les br\u00fbleurs de la gamme OPTIMO sont des br\u00fbleurs \u00e0 tirage forc\u00e9. Ils constituent le c\u0153ur de la gamme Babcock Wanson et couvrent une large gamme de puissances et de combustibles\" \/>\n<meta name=\"robots\" content=\"index, follow, max-snippet:-1, max-image-preview:large, max-video-preview:-1\" \/>\n<link rel=\"canonical\" href=\"https:\/\/www.babcock-wanson.com\/fr\/produits\/bruleurs-industriels\/optimo\/\" \/>\n<meta property=\"og:locale\" content=\"fr_FR\" \/>\n<meta property=\"og:type\" content=\"article\" \/>\n<meta property=\"og:title\" content=\"OPTIMO\" \/>\n<meta property=\"og:description\" content=\"Les br\u00fbleurs de la gamme OPTIMO sont des br\u00fbleurs \u00e0 tirage forc\u00e9. Ils constituent le c\u0153ur de la gamme Babcock Wanson et couvrent une large gamme de puissances et de combustibles\" \/>\n<meta property=\"og:url\" content=\"https:\/\/www.babcock-wanson.com\/fr\/produits\/bruleurs-industriels\/optimo\/\" \/>\n<meta property=\"og:site_name\" content=\"Babcock Wanson\" \/>\n<meta property=\"article:modified_time\" content=\"2020-02-26T22:21:14+00:00\" \/>\n<meta property=\"og:image\" content=\"https:\/\/www.babcock-wanson.com\/wp-content\/uploads\/2019\/02\/optimo-1.jpg\" \/>\n\t<meta property=\"og:image:width\" content=\"600\" \/>\n\t<meta property=\"og:image:height\" content=\"400\" \/>\n\t<meta property=\"og:image:type\" content=\"image\/jpeg\" \/>\n<meta name=\"twitter:card\" content=\"summary_large_image\" \/>\n<meta name=\"twitter:label1\" content=\"Est. reading time\" \/>\n\t<meta name=\"twitter:data1\" content=\"1 minute\" \/>\n<script type=\"application\/ld+json\" class=\"yoast-schema-graph\">{\"@context\":\"https:\/\/schema.org\",\"@graph\":[{\"@type\":\"WebPage\",\"@id\":\"https:\/\/www.babcock-wanson.com\/fr\/produits\/bruleurs-industriels\/optimo\/\",\"url\":\"https:\/\/www.babcock-wanson.com\/fr\/produits\/bruleurs-industriels\/optimo\/\",\"name\":\"OPTIMO - Babcock Wanson\",\"isPartOf\":{\"@id\":\"https:\/\/www.babcock-wanson.com\/fr\/#website\"},\"primaryImageOfPage\":{\"@id\":\"https:\/\/www.babcock-wanson.com\/fr\/produits\/bruleurs-industriels\/optimo\/#primaryimage\"},\"image\":{\"@id\":\"https:\/\/www.babcock-wanson.com\/fr\/produits\/bruleurs-industriels\/optimo\/#primaryimage\"},\"thumbnailUrl\":\"https:\/\/www.babcock-wanson.com\/wp-content\/uploads\/2019\/02\/optimo-1.jpg\",\"datePublished\":\"2019-02-11T15:39:40+00:00\",\"dateModified\":\"2020-02-26T22:21:14+00:00\",\"description\":\"Les br\u00fbleurs de la gamme OPTIMO sont des br\u00fbleurs \u00e0 tirage forc\u00e9. Ils constituent le c\u0153ur de la gamme Babcock Wanson et couvrent une large gamme de puissances et de combustibles\",\"breadcrumb\":{\"@id\":\"https:\/\/www.babcock-wanson.com\/fr\/produits\/bruleurs-industriels\/optimo\/#breadcrumb\"},\"inLanguage\":\"fr-FR\",\"potentialAction\":[{\"@type\":\"ReadAction\",\"target\":[\"https:\/\/www.babcock-wanson.com\/fr\/produits\/bruleurs-industriels\/optimo\/\"]}]},{\"@type\":\"ImageObject\",\"inLanguage\":\"fr-FR\",\"@id\":\"https:\/\/www.babcock-wanson.com\/fr\/produits\/bruleurs-industriels\/optimo\/#primaryimage\",\"url\":\"https:\/\/www.babcock-wanson.com\/wp-content\/uploads\/2019\/02\/optimo-1.jpg\",\"contentUrl\":\"https:\/\/www.babcock-wanson.com\/wp-content\/uploads\/2019\/02\/optimo-1.jpg\",\"width\":600,\"height\":400,\"caption\":\"optimo\"},{\"@type\":\"BreadcrumbList\",\"@id\":\"https:\/\/www.babcock-wanson.com\/fr\/produits\/bruleurs-industriels\/optimo\/#breadcrumb\",\"itemListElement\":[{\"@type\":\"ListItem\",\"position\":1,\"name\":\"Accueil\",\"item\":\"https:\/\/www.babcock-wanson.com\/fr\/\"},{\"@type\":\"ListItem\",\"position\":2,\"name\":\"Produits\",\"item\":\"https:\/\/www.babcock-wanson.com\/fr\/shop\/\"},{\"@type\":\"ListItem\",\"position\":3,\"name\":\"Br\u00fbleurs industriels\",\"item\":\"https:\/\/www.babcock-wanson.com\/fr\/categorie-produit\/bruleurs-industriels\/\"},{\"@type\":\"ListItem\",\"position\":4,\"name\":\"OPTIMO\"}]},{\"@type\":\"WebSite\",\"@id\":\"https:\/\/www.babcock-wanson.com\/fr\/#website\",\"url\":\"https:\/\/www.babcock-wanson.com\/fr\/\",\"name\":\"Babcock Wanson\",\"description\":\"\",\"publisher\":{\"@id\":\"https:\/\/www.babcock-wanson.com\/fr\/#organization\"},\"potentialAction\":[{\"@type\":\"SearchAction\",\"target\":{\"@type\":\"EntryPoint\",\"urlTemplate\":\"https:\/\/www.babcock-wanson.com\/fr\/?s={search_term_string}\"},\"query-input\":{\"@type\":\"PropertyValueSpecification\",\"valueRequired\":true,\"valueName\":\"search_term_string\"}}],\"inLanguage\":\"fr-FR\"},{\"@type\":\"Organization\",\"@id\":\"https:\/\/www.babcock-wanson.com\/fr\/#organization\",\"name\":\"Babcock Wanson\",\"url\":\"https:\/\/www.babcock-wanson.com\/fr\/\",\"logo\":{\"@type\":\"ImageObject\",\"inLanguage\":\"fr-FR\",\"@id\":\"https:\/\/www.babcock-wanson.com\/fr\/#\/schema\/logo\/image\/\",\"url\":\"https:\/\/www.babcock-wanson.com\/wp-content\/uploads\/2024\/02\/Babcock-Wanson-1200x1200-1.png\",\"contentUrl\":\"https:\/\/www.babcock-wanson.com\/wp-content\/uploads\/2024\/02\/Babcock-Wanson-1200x1200-1.png\",\"width\":1200,\"height\":1200,\"caption\":\"Babcock Wanson\"},\"image\":{\"@id\":\"https:\/\/www.babcock-wanson.com\/fr\/#\/schema\/logo\/image\/\"},\"sameAs\":[\"https:\/\/www.linkedin.com\/company\/babcock-wanson\/\",\"https:\/\/www.youtube.com\/channel\/UCtxl25VieBBsP2kYmtlyv7A\"]}]}<\/script>\n<!-- \/ Yoast SEO Premium plugin. -->","yoast_head_json":{"title":"OPTIMO - Babcock Wanson","description":"Les br\u00fbleurs de la gamme OPTIMO sont des br\u00fbleurs \u00e0 tirage forc\u00e9. Ils constituent le c\u0153ur de la gamme Babcock Wanson et couvrent une large gamme de puissances et de combustibles","robots":{"index":"index","follow":"follow","max-snippet":"max-snippet:-1","max-image-preview":"max-image-preview:large","max-video-preview":"max-video-preview:-1"},"canonical":"https:\/\/www.babcock-wanson.com\/fr\/produits\/bruleurs-industriels\/optimo\/","og_locale":"fr_FR","og_type":"article","og_title":"OPTIMO","og_description":"Les br\u00fbleurs de la gamme OPTIMO sont des br\u00fbleurs \u00e0 tirage forc\u00e9. Ils constituent le c\u0153ur de la gamme Babcock Wanson et couvrent une large gamme de puissances et de combustibles","og_url":"https:\/\/www.babcock-wanson.com\/fr\/produits\/bruleurs-industriels\/optimo\/","og_site_name":"Babcock Wanson","article_modified_time":"2020-02-26T22:21:14+00:00","og_image":[{"width":600,"height":400,"url":"https:\/\/www.babcock-wanson.com\/wp-content\/uploads\/2019\/02\/optimo-1.jpg","type":"image\/jpeg"}],"twitter_card":"summary_large_image","twitter_misc":{"Est. reading time":"1 minute"},"schema":{"@context":"https:\/\/schema.org","@graph":[{"@type":"WebPage","@id":"https:\/\/www.babcock-wanson.com\/fr\/produits\/bruleurs-industriels\/optimo\/","url":"https:\/\/www.babcock-wanson.com\/fr\/produits\/bruleurs-industriels\/optimo\/","name":"OPTIMO - Babcock Wanson","isPartOf":{"@id":"https:\/\/www.babcock-wanson.com\/fr\/#website"},"primaryImageOfPage":{"@id":"https:\/\/www.babcock-wanson.com\/fr\/produits\/bruleurs-industriels\/optimo\/#primaryimage"},"image":{"@id":"https:\/\/www.babcock-wanson.com\/fr\/produits\/bruleurs-industriels\/optimo\/#primaryimage"},"thumbnailUrl":"https:\/\/www.babcock-wanson.com\/wp-content\/uploads\/2019\/02\/optimo-1.jpg","datePublished":"2019-02-11T15:39:40+00:00","dateModified":"2020-02-26T22:21:14+00:00","description":"Les br\u00fbleurs de la gamme OPTIMO sont des br\u00fbleurs \u00e0 tirage forc\u00e9. Ils constituent le c\u0153ur de la gamme Babcock Wanson et couvrent une large gamme de puissances et de combustibles","breadcrumb":{"@id":"https:\/\/www.babcock-wanson.com\/fr\/produits\/bruleurs-industriels\/optimo\/#breadcrumb"},"inLanguage":"fr-FR","potentialAction":[{"@type":"ReadAction","target":["https:\/\/www.babcock-wanson.com\/fr\/produits\/bruleurs-industriels\/optimo\/"]}]},{"@type":"ImageObject","inLanguage":"fr-FR","@id":"https:\/\/www.babcock-wanson.com\/fr\/produits\/bruleurs-industriels\/optimo\/#primaryimage","url":"https:\/\/www.babcock-wanson.com\/wp-content\/uploads\/2019\/02\/optimo-1.jpg","contentUrl":"https:\/\/www.babcock-wanson.com\/wp-content\/uploads\/2019\/02\/optimo-1.jpg","width":600,"height":400,"caption":"optimo"},{"@type":"BreadcrumbList","@id":"https:\/\/www.babcock-wanson.com\/fr\/produits\/bruleurs-industriels\/optimo\/#breadcrumb","itemListElement":[{"@type":"ListItem","position":1,"name":"Accueil","item":"https:\/\/www.babcock-wanson.com\/fr\/"},{"@type":"ListItem","position":2,"name":"Produits","item":"https:\/\/www.babcock-wanson.com\/fr\/shop\/"},{"@type":"ListItem","position":3,"name":"Br\u00fbleurs industriels","item":"https:\/\/www.babcock-wanson.com\/fr\/categorie-produit\/bruleurs-industriels\/"},{"@type":"ListItem","position":4,"name":"OPTIMO"}]},{"@type":"WebSite","@id":"https:\/\/www.babcock-wanson.com\/fr\/#website","url":"https:\/\/www.babcock-wanson.com\/fr\/","name":"Babcock Wanson","description":"","publisher":{"@id":"https:\/\/www.babcock-wanson.com\/fr\/#organization"},"potentialAction":[{"@type":"SearchAction","target":{"@type":"EntryPoint","urlTemplate":"https:\/\/www.babcock-wanson.com\/fr\/?s={search_term_string}"},"query-input":{"@type":"PropertyValueSpecification","valueRequired":true,"valueName":"search_term_string"}}],"inLanguage":"fr-FR"},{"@type":"Organization","@id":"https:\/\/www.babcock-wanson.com\/fr\/#organization","name":"Babcock Wanson","url":"https:\/\/www.babcock-wanson.com\/fr\/","logo":{"@type":"ImageObject","inLanguage":"fr-FR","@id":"https:\/\/www.babcock-wanson.com\/fr\/#\/schema\/logo\/image\/","url":"https:\/\/www.babcock-wanson.com\/wp-content\/uploads\/2024\/02\/Babcock-Wanson-1200x1200-1.png","contentUrl":"https:\/\/www.babcock-wanson.com\/wp-content\/uploads\/2024\/02\/Babcock-Wanson-1200x1200-1.png","width":1200,"height":1200,"caption":"Babcock Wanson"},"image":{"@id":"https:\/\/www.babcock-wanson.com\/fr\/#\/schema\/logo\/image\/"},"sameAs":["https:\/\/www.linkedin.com\/company\/babcock-wanson\/","https:\/\/www.youtube.com\/channel\/UCtxl25VieBBsP2kYmtlyv7A"]}]}},"jetpack_sharing_enabled":true,"_links":{"self":[{"href":"https:\/\/www.babcock-wanson.com\/fr\/wp-json\/wp\/v2\/product\/23676","targetHints":{"allow":["GET"]}}],"collection":[{"href":"https:\/\/www.babcock-wanson.com\/fr\/wp-json\/wp\/v2\/product"}],"about":[{"href":"https:\/\/www.babcock-wanson.com\/fr\/wp-json\/wp\/v2\/types\/product"}],"replies":[{"embeddable":true,"href":"https:\/\/www.babcock-wanson.com\/fr\/wp-json\/wp\/v2\/comments?post=23676"}],"wp:featuredmedia":[{"embeddable":true,"href":"https:\/\/www.babcock-wanson.com\/fr\/wp-json\/wp\/v2\/media\/23681"}],"wp:attachment":[{"href":"https:\/\/www.babcock-wanson.com\/fr\/wp-json\/wp\/v2\/media?parent=23676"}],"wp:term":[{"taxonomy":"product_brand","embeddable":true,"href":"https:\/\/www.babcock-wanson.com\/fr\/wp-json\/wp\/v2\/product_brand?post=23676"},{"taxonomy":"product_cat","embeddable":true,"href":"https:\/\/www.babcock-wanson.com\/fr\/wp-json\/wp\/v2\/product_cat?post=23676"},{"taxonomy":"product_tag","embeddable":true,"href":"https:\/\/www.babcock-wanson.com\/fr\/wp-json\/wp\/v2\/product_tag?post=23676"}],"curies":[{"name":"wp","href":"https:\/\/api.w.org\/{rel}","templated":true}]}}