{"id":23682,"date":"2018-10-23T15:00:15","date_gmt":"2018-10-23T14:00:15","guid":{"rendered":"https:\/\/www.babcock-wanson.com\/products\/non%20class\u00e9\/mixbloc\/"},"modified":"2020-10-14T14:40:01","modified_gmt":"2020-10-14T13:40:01","slug":"mixbloc","status":"publish","type":"product","link":"https:\/\/www.babcock-wanson.com\/fr\/produits\/chauffage-de-procedes-et-locaux\/mixbloc\/","title":{"rendered":"MIXBLOC"},"content":{"rendered":"<div class=\"vgblk-rw-wrapper limit-wrapper\">\n<h3>Caract\u00e9ristiques du g\u00e9n\u00e9rateur d\u2019air chaud direct MIXBLOC<\/h3>\n<ul>\n<li>Aliment\u00e9 au gaz naturel ou au GPL<\/li>\n<li>Peut \u00eatre install\u00e9 dans de petits espaces et s&rsquo;adapter \u00e0 une configuration de conduits existante<\/li>\n<li>Le d\u00e9bit d&rsquo;air peut varier de 50 \u00e0 100 % ou jusqu&rsquo;\u00e0 90 % en utilisant un ventilateur d&rsquo;air de combustion d\u00e9di\u00e9<\/li>\n<li>La r\u00e9gulation modulante permet des rapports de r\u00e9duction allant jusqu&rsquo;\u00e0 20:1<\/li>\n<li>Construit pour un fonctionnement horizontal ou vertical<\/li>\n<li>Peut fonctionner en amont ou en aval du ventilateur d&rsquo;air de process sous pression positive ou n\u00e9gative<\/li>\n<\/ul>\n<\/div>\n<p><!-- .vgblk-rw-wrapper --><\/p>\n","protected":false},"excerpt":{"rendered":"<p><strong>De 50 kW \u00e0 20 MW<\/strong><\/p>\n<p>Le g\u00e9n\u00e9rateur d\u2019air chaud direct MIXBLOC est con\u00e7u pour fournir de l&rsquo;air \u00e0 haute temp\u00e9rature &#8211; jusqu&rsquo;\u00e0 800\u00b0C en version standard &#8211; sans pertes de gaz de combustion. MIXBLOC peut fonctionner en utilisant le flux d&rsquo;air de process comme source d&rsquo;air de combustion ou un ventilateur d&rsquo;air de combustion ind\u00e9pendant. Les br\u00fbleurs sont construits \u00e0 partir de multiples \u00e9l\u00e9ments en \u00ab\u00a0V\u00a0\u00bb assembl\u00e9s dans diff\u00e9rentes configurations pour fournir l&rsquo;apport de chaleur requis.<\/p>\n","protected":false},"featured_media":23114,"comment_status":"closed","ping_status":"closed","template":"","meta":{"_acf_changed":false,"_relevanssi_hide_post":"","_relevanssi_hide_content":"","_relevanssi_pin_for_all":"","_relevanssi_pin_keywords":"","_relevanssi_unpin_keywords":"","_relevanssi_related_keywords":"","_relevanssi_related_include_ids":"","_relevanssi_related_exclude_ids":"","_relevanssi_related_no_append":"","_relevanssi_related_not_related":"","_relevanssi_related_posts":"","_relevanssi_noindex_reason":""},"product_brand":[],"product_cat":[2653,2655],"product_tag":[],"class_list":{"0":"post-23682","1":"product","2":"type-product","3":"status-publish","4":"has-post-thumbnail","6":"product_cat-bruleurs-industriels","7":"product_cat-chauffage-de-procedes-et-locaux","9":"first","10":"instock","11":"shipping-taxable","12":"product-type-simple"},"acf":[],"yoast_head":"<!-- This site is optimized with the Yoast SEO Premium plugin v27.1 (Yoast SEO v27.1.1) - https:\/\/yoast.com\/product\/yoast-seo-premium-wordpress\/ -->\n<title>G\u00e9n\u00e9rateur d\u2019air chaud direct MIXBLOC - Babcock Wanson<\/title>\n<meta name=\"description\" content=\"Le g\u00e9n\u00e9rateur d\u2019air chaud direct MIXBLOC est con\u00e7u pour fournir de l&#039;air \u00e0 haute temp\u00e9rature sans perte de gaz de combustion. Cliquez ici pour en savoir plus\" \/>\n<meta name=\"robots\" content=\"index, follow, max-snippet:-1, max-image-preview:large, max-video-preview:-1\" \/>\n<link rel=\"canonical\" href=\"https:\/\/www.babcock-wanson.com\/fr\/produits\/chauffage-de-procedes-et-locaux\/mixbloc\/\" \/>\n<meta property=\"og:locale\" content=\"fr_FR\" \/>\n<meta property=\"og:type\" content=\"article\" \/>\n<meta property=\"og:title\" content=\"MIXBLOC\" \/>\n<meta property=\"og:description\" content=\"Le g\u00e9n\u00e9rateur d\u2019air chaud direct MIXBLOC est con\u00e7u pour fournir de l&#039;air \u00e0 haute temp\u00e9rature sans perte de gaz de combustion. Cliquez ici pour en savoir plus\" \/>\n<meta property=\"og:url\" content=\"https:\/\/www.babcock-wanson.com\/fr\/produits\/chauffage-de-procedes-et-locaux\/mixbloc\/\" \/>\n<meta property=\"og:site_name\" content=\"Babcock Wanson\" \/>\n<meta property=\"article:modified_time\" content=\"2020-10-14T13:40:01+00:00\" \/>\n<meta property=\"og:image\" content=\"https:\/\/www.babcock-wanson.com\/wp-content\/uploads\/2018\/10\/Mlxbloc-1.png\" \/>\n\t<meta property=\"og:image:width\" content=\"600\" \/>\n\t<meta property=\"og:image:height\" content=\"400\" \/>\n\t<meta property=\"og:image:type\" content=\"image\/png\" \/>\n<meta name=\"twitter:card\" content=\"summary_large_image\" \/>\n<script type=\"application\/ld+json\" class=\"yoast-schema-graph\">{\"@context\":\"https:\/\/schema.org\",\"@graph\":[{\"@type\":\"WebPage\",\"@id\":\"https:\/\/www.babcock-wanson.com\/fr\/produits\/chauffage-de-procedes-et-locaux\/mixbloc\/\",\"url\":\"https:\/\/www.babcock-wanson.com\/fr\/produits\/chauffage-de-procedes-et-locaux\/mixbloc\/\",\"name\":\"G\u00e9n\u00e9rateur d\u2019air chaud direct MIXBLOC - Babcock Wanson\",\"isPartOf\":{\"@id\":\"https:\/\/www.babcock-wanson.com\/fr\/#website\"},\"primaryImageOfPage\":{\"@id\":\"https:\/\/www.babcock-wanson.com\/fr\/produits\/chauffage-de-procedes-et-locaux\/mixbloc\/#primaryimage\"},\"image\":{\"@id\":\"https:\/\/www.babcock-wanson.com\/fr\/produits\/chauffage-de-procedes-et-locaux\/mixbloc\/#primaryimage\"},\"thumbnailUrl\":\"https:\/\/www.babcock-wanson.com\/wp-content\/uploads\/2018\/10\/Mlxbloc-1.png\",\"datePublished\":\"2018-10-23T14:00:15+00:00\",\"dateModified\":\"2020-10-14T13:40:01+00:00\",\"description\":\"Le g\u00e9n\u00e9rateur d\u2019air chaud direct MIXBLOC est con\u00e7u pour fournir de l'air \u00e0 haute temp\u00e9rature sans perte de gaz de combustion. Cliquez ici pour en savoir plus\",\"breadcrumb\":{\"@id\":\"https:\/\/www.babcock-wanson.com\/fr\/produits\/chauffage-de-procedes-et-locaux\/mixbloc\/#breadcrumb\"},\"inLanguage\":\"fr-FR\",\"potentialAction\":[{\"@type\":\"ReadAction\",\"target\":[\"https:\/\/www.babcock-wanson.com\/fr\/produits\/chauffage-de-procedes-et-locaux\/mixbloc\/\"]}]},{\"@type\":\"ImageObject\",\"inLanguage\":\"fr-FR\",\"@id\":\"https:\/\/www.babcock-wanson.com\/fr\/produits\/chauffage-de-procedes-et-locaux\/mixbloc\/#primaryimage\",\"url\":\"https:\/\/www.babcock-wanson.com\/wp-content\/uploads\/2018\/10\/Mlxbloc-1.png\",\"contentUrl\":\"https:\/\/www.babcock-wanson.com\/wp-content\/uploads\/2018\/10\/Mlxbloc-1.png\",\"width\":600,\"height\":400,\"caption\":\"Illsutration Usine d'huile de tournesol\"},{\"@type\":\"BreadcrumbList\",\"@id\":\"https:\/\/www.babcock-wanson.com\/fr\/produits\/chauffage-de-procedes-et-locaux\/mixbloc\/#breadcrumb\",\"itemListElement\":[{\"@type\":\"ListItem\",\"position\":1,\"name\":\"Accueil\",\"item\":\"https:\/\/www.babcock-wanson.com\/fr\/\"},{\"@type\":\"ListItem\",\"position\":2,\"name\":\"Produits\",\"item\":\"https:\/\/www.babcock-wanson.com\/fr\/shop\/\"},{\"@type\":\"ListItem\",\"position\":3,\"name\":\"Chauffage de proc\u00e9d\u00e9s et locaux\",\"item\":\"https:\/\/www.babcock-wanson.com\/fr\/categorie-produit\/chauffage-de-procedes-et-locaux\/\"},{\"@type\":\"ListItem\",\"position\":4,\"name\":\"MIXBLOC\"}]},{\"@type\":\"WebSite\",\"@id\":\"https:\/\/www.babcock-wanson.com\/fr\/#website\",\"url\":\"https:\/\/www.babcock-wanson.com\/fr\/\",\"name\":\"Babcock Wanson\",\"description\":\"\",\"publisher\":{\"@id\":\"https:\/\/www.babcock-wanson.com\/fr\/#organization\"},\"potentialAction\":[{\"@type\":\"SearchAction\",\"target\":{\"@type\":\"EntryPoint\",\"urlTemplate\":\"https:\/\/www.babcock-wanson.com\/fr\/?s={search_term_string}\"},\"query-input\":{\"@type\":\"PropertyValueSpecification\",\"valueRequired\":true,\"valueName\":\"search_term_string\"}}],\"inLanguage\":\"fr-FR\"},{\"@type\":\"Organization\",\"@id\":\"https:\/\/www.babcock-wanson.com\/fr\/#organization\",\"name\":\"Babcock Wanson\",\"url\":\"https:\/\/www.babcock-wanson.com\/fr\/\",\"logo\":{\"@type\":\"ImageObject\",\"inLanguage\":\"fr-FR\",\"@id\":\"https:\/\/www.babcock-wanson.com\/fr\/#\/schema\/logo\/image\/\",\"url\":\"https:\/\/www.babcock-wanson.com\/wp-content\/uploads\/2024\/02\/Babcock-Wanson-1200x1200-1.png\",\"contentUrl\":\"https:\/\/www.babcock-wanson.com\/wp-content\/uploads\/2024\/02\/Babcock-Wanson-1200x1200-1.png\",\"width\":1200,\"height\":1200,\"caption\":\"Babcock Wanson\"},\"image\":{\"@id\":\"https:\/\/www.babcock-wanson.com\/fr\/#\/schema\/logo\/image\/\"},\"sameAs\":[\"https:\/\/www.linkedin.com\/company\/babcock-wanson\/\",\"https:\/\/www.youtube.com\/channel\/UCtxl25VieBBsP2kYmtlyv7A\"]}]}<\/script>\n<!-- \/ Yoast SEO Premium plugin. -->","yoast_head_json":{"title":"G\u00e9n\u00e9rateur d\u2019air chaud direct MIXBLOC - Babcock Wanson","description":"Le g\u00e9n\u00e9rateur d\u2019air chaud direct MIXBLOC est con\u00e7u pour fournir de l'air \u00e0 haute temp\u00e9rature sans perte de gaz de combustion. Cliquez ici pour en savoir plus","robots":{"index":"index","follow":"follow","max-snippet":"max-snippet:-1","max-image-preview":"max-image-preview:large","max-video-preview":"max-video-preview:-1"},"canonical":"https:\/\/www.babcock-wanson.com\/fr\/produits\/chauffage-de-procedes-et-locaux\/mixbloc\/","og_locale":"fr_FR","og_type":"article","og_title":"MIXBLOC","og_description":"Le g\u00e9n\u00e9rateur d\u2019air chaud direct MIXBLOC est con\u00e7u pour fournir de l'air \u00e0 haute temp\u00e9rature sans perte de gaz de combustion. Cliquez ici pour en savoir plus","og_url":"https:\/\/www.babcock-wanson.com\/fr\/produits\/chauffage-de-procedes-et-locaux\/mixbloc\/","og_site_name":"Babcock Wanson","article_modified_time":"2020-10-14T13:40:01+00:00","og_image":[{"width":600,"height":400,"url":"https:\/\/www.babcock-wanson.com\/wp-content\/uploads\/2018\/10\/Mlxbloc-1.png","type":"image\/png"}],"twitter_card":"summary_large_image","schema":{"@context":"https:\/\/schema.org","@graph":[{"@type":"WebPage","@id":"https:\/\/www.babcock-wanson.com\/fr\/produits\/chauffage-de-procedes-et-locaux\/mixbloc\/","url":"https:\/\/www.babcock-wanson.com\/fr\/produits\/chauffage-de-procedes-et-locaux\/mixbloc\/","name":"G\u00e9n\u00e9rateur d\u2019air chaud direct MIXBLOC - Babcock Wanson","isPartOf":{"@id":"https:\/\/www.babcock-wanson.com\/fr\/#website"},"primaryImageOfPage":{"@id":"https:\/\/www.babcock-wanson.com\/fr\/produits\/chauffage-de-procedes-et-locaux\/mixbloc\/#primaryimage"},"image":{"@id":"https:\/\/www.babcock-wanson.com\/fr\/produits\/chauffage-de-procedes-et-locaux\/mixbloc\/#primaryimage"},"thumbnailUrl":"https:\/\/www.babcock-wanson.com\/wp-content\/uploads\/2018\/10\/Mlxbloc-1.png","datePublished":"2018-10-23T14:00:15+00:00","dateModified":"2020-10-14T13:40:01+00:00","description":"Le g\u00e9n\u00e9rateur d\u2019air chaud direct MIXBLOC est con\u00e7u pour fournir de l'air \u00e0 haute temp\u00e9rature sans perte de gaz de combustion. Cliquez ici pour en savoir plus","breadcrumb":{"@id":"https:\/\/www.babcock-wanson.com\/fr\/produits\/chauffage-de-procedes-et-locaux\/mixbloc\/#breadcrumb"},"inLanguage":"fr-FR","potentialAction":[{"@type":"ReadAction","target":["https:\/\/www.babcock-wanson.com\/fr\/produits\/chauffage-de-procedes-et-locaux\/mixbloc\/"]}]},{"@type":"ImageObject","inLanguage":"fr-FR","@id":"https:\/\/www.babcock-wanson.com\/fr\/produits\/chauffage-de-procedes-et-locaux\/mixbloc\/#primaryimage","url":"https:\/\/www.babcock-wanson.com\/wp-content\/uploads\/2018\/10\/Mlxbloc-1.png","contentUrl":"https:\/\/www.babcock-wanson.com\/wp-content\/uploads\/2018\/10\/Mlxbloc-1.png","width":600,"height":400,"caption":"Illsutration Usine d'huile de tournesol"},{"@type":"BreadcrumbList","@id":"https:\/\/www.babcock-wanson.com\/fr\/produits\/chauffage-de-procedes-et-locaux\/mixbloc\/#breadcrumb","itemListElement":[{"@type":"ListItem","position":1,"name":"Accueil","item":"https:\/\/www.babcock-wanson.com\/fr\/"},{"@type":"ListItem","position":2,"name":"Produits","item":"https:\/\/www.babcock-wanson.com\/fr\/shop\/"},{"@type":"ListItem","position":3,"name":"Chauffage de proc\u00e9d\u00e9s et locaux","item":"https:\/\/www.babcock-wanson.com\/fr\/categorie-produit\/chauffage-de-procedes-et-locaux\/"},{"@type":"ListItem","position":4,"name":"MIXBLOC"}]},{"@type":"WebSite","@id":"https:\/\/www.babcock-wanson.com\/fr\/#website","url":"https:\/\/www.babcock-wanson.com\/fr\/","name":"Babcock Wanson","description":"","publisher":{"@id":"https:\/\/www.babcock-wanson.com\/fr\/#organization"},"potentialAction":[{"@type":"SearchAction","target":{"@type":"EntryPoint","urlTemplate":"https:\/\/www.babcock-wanson.com\/fr\/?s={search_term_string}"},"query-input":{"@type":"PropertyValueSpecification","valueRequired":true,"valueName":"search_term_string"}}],"inLanguage":"fr-FR"},{"@type":"Organization","@id":"https:\/\/www.babcock-wanson.com\/fr\/#organization","name":"Babcock Wanson","url":"https:\/\/www.babcock-wanson.com\/fr\/","logo":{"@type":"ImageObject","inLanguage":"fr-FR","@id":"https:\/\/www.babcock-wanson.com\/fr\/#\/schema\/logo\/image\/","url":"https:\/\/www.babcock-wanson.com\/wp-content\/uploads\/2024\/02\/Babcock-Wanson-1200x1200-1.png","contentUrl":"https:\/\/www.babcock-wanson.com\/wp-content\/uploads\/2024\/02\/Babcock-Wanson-1200x1200-1.png","width":1200,"height":1200,"caption":"Babcock Wanson"},"image":{"@id":"https:\/\/www.babcock-wanson.com\/fr\/#\/schema\/logo\/image\/"},"sameAs":["https:\/\/www.linkedin.com\/company\/babcock-wanson\/","https:\/\/www.youtube.com\/channel\/UCtxl25VieBBsP2kYmtlyv7A"]}]}},"jetpack_sharing_enabled":true,"_links":{"self":[{"href":"https:\/\/www.babcock-wanson.com\/fr\/wp-json\/wp\/v2\/product\/23682","targetHints":{"allow":["GET"]}}],"collection":[{"href":"https:\/\/www.babcock-wanson.com\/fr\/wp-json\/wp\/v2\/product"}],"about":[{"href":"https:\/\/www.babcock-wanson.com\/fr\/wp-json\/wp\/v2\/types\/product"}],"replies":[{"embeddable":true,"href":"https:\/\/www.babcock-wanson.com\/fr\/wp-json\/wp\/v2\/comments?post=23682"}],"wp:featuredmedia":[{"embeddable":true,"href":"https:\/\/www.babcock-wanson.com\/fr\/wp-json\/wp\/v2\/media\/23114"}],"wp:attachment":[{"href":"https:\/\/www.babcock-wanson.com\/fr\/wp-json\/wp\/v2\/media?parent=23682"}],"wp:term":[{"taxonomy":"product_brand","embeddable":true,"href":"https:\/\/www.babcock-wanson.com\/fr\/wp-json\/wp\/v2\/product_brand?post=23682"},{"taxonomy":"product_cat","embeddable":true,"href":"https:\/\/www.babcock-wanson.com\/fr\/wp-json\/wp\/v2\/product_cat?post=23682"},{"taxonomy":"product_tag","embeddable":true,"href":"https:\/\/www.babcock-wanson.com\/fr\/wp-json\/wp\/v2\/product_tag?post=23682"}],"curies":[{"name":"wp","href":"https:\/\/api.w.org\/{rel}","templated":true}]}}