{"id":26724,"date":"2020-07-15T14:34:32","date_gmt":"2020-07-15T13:34:32","guid":{"rendered":"https:\/\/www.babcock-wanson.com\/?post_type=product&#038;p=26724"},"modified":"2023-02-02T15:12:18","modified_gmt":"2023-02-02T15:12:18","slug":"steampack","status":"publish","type":"product","link":"https:\/\/www.babcock-wanson.com\/fr\/produits\/chaudieres-tubes-de-fumees\/steampack\/","title":{"rendered":"SteamPack"},"content":{"rendered":"<div class=\"vgblk-rw-wrapper limit-wrapper\">\n<h2>Faible Impact Environnemental<\/h2>\n<p>La s\u00e9rie SteamPack combine les meilleures technologies disponibles et propose un tr\u00e8s haut niveau d\u2019efficacit\u00e9 pour des couts d\u2019exploitation et des \u00e9mission r\u00e9duites. La s\u00e9rie SteamPack est con\u00e7ue pour r\u00e9pondre aux derni\u00e8res l\u00e9gislations environnementales Europ\u00e9ennes, et peut m\u00eame surpasser les exigences r\u00e9glementaires lorsqu\u2019elle est \u00e9quip\u00e9e d\u2019un \u00e9quipement de combustion Babcock Wanson.<\/p>\n<h2>Faible Consommation<\/h2>\n<p><strong>Combinaison parfaite chaudi\u00e8re-br\u00fbleur<\/strong><br \/>\nL\u2019ad\u00e9quation parfaite entre la chambre de combustion de la chaudi\u00e8re et le br\u00fbleur garantit un fonctionnement fiable et efficace. Des rendements sup\u00e9rieurs \u00e0 98% (R-Eco) et 105% (condensation) peuvent \u00eatre atteints lorsqu\u2019elle est \u00e9quip\u00e9e d\u2019un <a href=\"https:\/\/www.babcock-wanson.com\/fr\/produits\/chaudieres-de-recuperation\/economiseur\/\" target=\"_blank\" rel=\"noopener\">\u00e9conomiseur<\/a> Babcock Wanson et d\u2019un <a href=\"https:\/\/www.babcock-wanson.com\/fr\/categorie-produit\/chaudieres-de-recuperation\/\" target=\"_blank\" rel=\"noopener\">syst\u00e8me de r\u00e9cup\u00e9ration de chaleur<\/a> adapt\u00e9s.<br \/>\n<strong>Rendement \u00e9lev\u00e9 sur toute la plage de modulation<\/strong><br \/>\nLa constance du rendement est une caract\u00e9ristique cl\u00e9 des \u00e9quipements Babcock Wanson. La micro-modulation et la t\u00eate de combustion ont \u00e9t\u00e9 sp\u00e9cialement con\u00e7ues pour un contr\u00f4le parfait de l\u2019exc\u00e8s d\u2019air et un fonctionnement non d\u00e9grad\u00e9 \u00e0 bas r\u00e9gime.<br \/>\n<strong>Faible consommation \u00e9lectrique<\/strong><br \/>\nLa tr\u00e8s faible r\u00e9sistance c\u00f4t\u00e9 fum\u00e9es r\u00e9duit consid\u00e9rablement la consommation \u00e9lectrique des ventilateurs, renforc\u00e9e par la g\u00e9n\u00e9ralisation des syst\u00e8mes d\u2019entrainement \u00e0 vitesse variable.<\/p>\n<h2>Co\u00fbts d&rsquo;Exploitation R\u00e9duits<\/h2>\n<p><strong>Robustesse et Long\u00e9vit\u00e9<\/strong><br \/>\nD\u00e9velopp\u00e9es \u00e0 partir de la gamme de chaudi\u00e8res BWR, bien connue par sa construction robuste et sa longue dur\u00e9e de vie, les chaudi\u00e8res SteamPack sont de v\u00e9ritables chaudi\u00e8res trois parcours, et comprennent une chambre d\u2019inversion des gaz de combustion de construction tubulaire offrant une efficacit\u00e9 et une fiabilit\u00e9 in\u00e9gal\u00e9es. Soud\u00e9e \u00e0 l\u2019ext\u00e9rieur du corps sous pression, cette technologie \u00e9prouv\u00e9e (exclusivit\u00e9 Babcock Wanson), ne n\u00e9cessite aucun tirant ni renfort et donne une flexibilit\u00e9 exceptionnelle \u00e0 la dilatation de la virole du corps et du foyer, permettant de grandes variations de charge de vapeur avec des contraintes op\u00e9rationnelles minimales. Refroidie en permanence par la circulation d\u2019eau, la chambre d\u2019inversion des gaz de combustion ne demande qu\u2019un minimum de maintenance et ne n\u00e9cessite aucun r\u00e9fractaire.<br \/>\n<strong>Facilit\u00e9 d\u2019acc\u00e8s<\/strong><br \/>\nLes zones de tubes de fum\u00e9es avant (plaques tubulaires et foyer) restent facilement accessibles gr\u00e2ce aux grandes portes \u00e0 bras r\u00e9glables qui permettent de d\u00e9gager compl\u00e8tement les portes de la fa\u00e7ade. L\u2019inspection \u00e0 l\u2019arri\u00e8re \u00e0 travers la trappe d\u2019inspection est simple est offre un panorama complet de la plaque tubulaire et du foyer dans la zone la plus chauff\u00e9e, depuis l\u2019int\u00e9rieur de la chambre d\u2019inversion des gaz de combustion de construction tubulaire.<br \/>\nLa partie sup\u00e9rieure de la chaudi\u00e8re est enti\u00e8rement recouverte d\u2019une plate-forme l\u00e9g\u00e8re en aluminium offrant un acc\u00e8s s\u00e9curis\u00e9 \u00e0 tous les appareillages install\u00e9s dans cette zone.<br \/>\n<strong>Exploitation \u00c9conomique<\/strong><br \/>\nLes options d\u2019\u00e9quipement standard autorisent un fonctionnement surveill\u00e9 ou sans surveillance selon les modes d\u2019exploitations exclusifs Babcock Wanson certifi\u00e9s apr\u00e8s l\u2019\u00e9valuation des risques par un Organisme Notifi\u00e9 conform\u00e9ment \u00e0 la r\u00e9glementation CE et aux parties prenantes de la norme<br \/>\nEurop\u00e9enne EN12953. Ind\u00e9pendamment du degr\u00e9 d\u2019intervention, entre BW Pr\u00e9sence Permanente, BW3 jours, BW7 jours ou BW720 heures, les chaudi\u00e8res fonctionnent en continu dans les limites autoris\u00e9es et s\u2019arr\u00eatent et se verrouillent automatiquement si les limites sont d\u00e9pass\u00e9es.<\/p>\n<h3>Pourquoi choisir la chaudi\u00e8re tubes de fum\u00e9es SteamPack ?<\/h3>\n<ul>\n<li>Haut rendements et faibles \u00e9missions<\/li>\n<li>Modulation \u00e9lev\u00e9e<\/li>\n<li>Contr\u00f4le \u00e9lectronique de la modulation<\/li>\n<li>Maintenance facile<\/li>\n<li>Robustesse et long\u00e9vit\u00e9<\/li>\n<li>Economiseurs<\/li>\n<li>Connectivit\u00e9 avec notre syst\u00e8me <a href=\"https:\/\/www.babcock-wanson.com\/fr\/2023\/02\/02\/navinergy-la-chaufferie-connectee\/\" target=\"_blank\" rel=\"noopener\">Navinergy<\/a><\/li>\n<li>Pr\u00e9chauffage de l\u2019air comburant<\/li>\n<li>Combustible mixte en option<\/li>\n<li>R\u00e9gulation O2 et CO en option<\/li>\n<li>Mode d\u2019exploitation propri\u00e9taire simple<\/li>\n<li>Une solution vapeur int\u00e9gr\u00e9e<\/li>\n<\/ul>\n<p>&nbsp;<\/p>\n<h2>SteamPack Chaudi\u00e8res Tubes de Fum\u00e9es<\/h2>\n<div class=\"table-responsive\">\n<table style=\"height: 368px\" width=\"1071\">\n<tbody>\n<tr>\n<th class=\"bg-primary text-white\">SteamPack<\/th>\n<th class=\"bg-primary text-white\">Mod\u00e8le<\/th>\n<th>3.5<\/th>\n<th>4.0<\/th>\n<th>5.0<\/th>\n<th>6.0<\/th>\n<th>7.0<\/th>\n<th>8.0<\/th>\n<\/tr>\n<tr>\n<th>Production Vapeur (1)<\/th>\n<th>Kg\/h<\/th>\n<td>3500<\/td>\n<td>4000<\/td>\n<td>5000<\/td>\n<td>6000<\/td>\n<td>7000<\/td>\n<td>8000<\/td>\n<\/tr>\n<tr>\n<th>Puissance (1)<\/th>\n<th>kW<\/th>\n<td>2675<\/td>\n<td>3067<\/td>\n<td>3808<\/td>\n<td>4592<\/td>\n<td>5340<\/td>\n<td>6139<\/td>\n<\/tr>\n<tr class=\"table-secondary\">\n<th class=\"bg-secondary text-white\">Largeur A (2)<\/th>\n<th class=\"bg-secondary text-white\">mm<\/th>\n<td>2450<\/td>\n<td>2450<\/td>\n<td>2650<\/td>\n<td>2650<\/td>\n<td>2950<\/td>\n<td>2950<\/td>\n<\/tr>\n<tr class=\"table-dark\">\n<th class=\"bg-dark text-white\">Longueur B (2)<\/th>\n<th class=\"bg-dark text-white\">mm<\/th>\n<td>6300<\/td>\n<td>6300<\/td>\n<td>6850<\/td>\n<td>7000<\/td>\n<td>7520<\/td>\n<td>7520<\/td>\n<\/tr>\n<tr class=\"table-primary\">\n<th class=\"bg-primary text-white\">Hauteur C (2)<\/th>\n<th class=\"bg-primary text-white\">mm<\/th>\n<td>3400<\/td>\n<td>3400<\/td>\n<td>3550<\/td>\n<td>3550<\/td>\n<td>3850<\/td>\n<td>3850<\/td>\n<\/tr>\n<tr>\n<th>Poids en charge<br \/>\n(pleine d&rsquo;eau)<\/th>\n<th>Kg<\/th>\n<td>17000<\/td>\n<td>17000<\/td>\n<td>24500<\/td>\n<td>25800<\/td>\n<td>31200<\/td>\n<td>32000<\/td>\n<\/tr>\n<\/tbody>\n<\/table>\n<\/div>\n<p>(1) La puissance est donn\u00e9e \u00e0 15 bars avec une eau alimentaire \u00e0 80\u00b0C.<\/p>\n<p>(2) Les dimensions sont globales et incluent le br\u00fbleur et les accessoires mont\u00e9s.<\/p><\/div>\n<p><!-- .vgblk-rw-wrapper --><\/p>\n","protected":false},"excerpt":{"rendered":"<p><strong>Production de vapeur de 3500 kg\/h \u00e0 8000 kg\/h<\/strong><br \/>\nLa chaudi\u00e8re tubes de fum\u00e9es SteamPack est une chaudi\u00e8re 3 parcours disposant d\u2019une boite de retournement aquatubulaire des gaz de combustion. Cette technologie exclusive Babcock Wanson offre une grande flexibilit\u00e9 d\u2019exploitation et assure une efficacit\u00e9 et une fiabilit\u00e9 in\u00e9gal\u00e9es sur le long terme.<\/p>\n","protected":false},"featured_media":28881,"comment_status":"closed","ping_status":"closed","template":"","meta":{"_acf_changed":false,"_relevanssi_hide_post":"","_relevanssi_hide_content":"","_relevanssi_pin_for_all":"","_relevanssi_pin_keywords":"","_relevanssi_unpin_keywords":"","_relevanssi_related_keywords":"","_relevanssi_related_include_ids":"","_relevanssi_related_exclude_ids":"","_relevanssi_related_no_append":"","_relevanssi_related_not_related":"","_relevanssi_related_posts":"","_relevanssi_noindex_reason":""},"product_brand":[],"product_cat":[2650,2656],"product_tag":[],"class_list":{"0":"post-26724","1":"product","2":"type-product","3":"status-publish","4":"has-post-thumbnail","6":"product_cat-chaudieres-tubes-de-fumees","7":"product_cat-chaudieres-vapeur","9":"first","10":"instock","11":"shipping-taxable","12":"product-type-simple"},"acf":[],"yoast_head":"<!-- This site is optimized with the Yoast SEO Premium plugin v27.1 (Yoast SEO v27.1.1) - https:\/\/yoast.com\/product\/yoast-seo-premium-wordpress\/ -->\n<title>SteamPack - Babcock Wanson<\/title>\n<meta name=\"description\" content=\"La chaudi\u00e8re tubes de fum\u00e9es SteamPack est une chaudi\u00e8re 3 parcours disposant d\u2019une boite de retournement aquatubulaire des gaz de combustion.\" \/>\n<meta name=\"robots\" content=\"index, follow, max-snippet:-1, max-image-preview:large, max-video-preview:-1\" \/>\n<link rel=\"canonical\" href=\"https:\/\/www.babcock-wanson.com\/fr\/produits\/chaudieres-tubes-de-fumees\/steampack\/\" \/>\n<meta property=\"og:locale\" content=\"fr_FR\" \/>\n<meta property=\"og:type\" content=\"article\" \/>\n<meta property=\"og:title\" content=\"SteamPack\" \/>\n<meta property=\"og:description\" content=\"La chaudi\u00e8re tubes de fum\u00e9es SteamPack est une chaudi\u00e8re 3 parcours disposant d\u2019une boite de retournement aquatubulaire des gaz de combustion.\" \/>\n<meta property=\"og:url\" content=\"https:\/\/www.babcock-wanson.com\/fr\/produits\/chaudieres-tubes-de-fumees\/steampack\/\" \/>\n<meta property=\"og:site_name\" content=\"Babcock Wanson\" \/>\n<meta property=\"article:modified_time\" content=\"2023-02-02T15:12:18+00:00\" \/>\n<meta property=\"og:image\" content=\"https:\/\/www.babcock-wanson.com\/wp-content\/uploads\/2020\/07\/SteamPack_productpage_0.jpg\" \/>\n\t<meta property=\"og:image:width\" content=\"600\" \/>\n\t<meta property=\"og:image:height\" content=\"400\" \/>\n\t<meta property=\"og:image:type\" content=\"image\/jpeg\" \/>\n<meta name=\"twitter:card\" content=\"summary_large_image\" \/>\n<meta name=\"twitter:label1\" content=\"Est. reading time\" \/>\n\t<meta name=\"twitter:data1\" content=\"3 minutes\" \/>\n<script type=\"application\/ld+json\" class=\"yoast-schema-graph\">{\"@context\":\"https:\/\/schema.org\",\"@graph\":[{\"@type\":\"WebPage\",\"@id\":\"https:\/\/www.babcock-wanson.com\/fr\/produits\/chaudieres-tubes-de-fumees\/steampack\/\",\"url\":\"https:\/\/www.babcock-wanson.com\/fr\/produits\/chaudieres-tubes-de-fumees\/steampack\/\",\"name\":\"SteamPack - Babcock Wanson\",\"isPartOf\":{\"@id\":\"https:\/\/www.babcock-wanson.com\/fr\/#website\"},\"primaryImageOfPage\":{\"@id\":\"https:\/\/www.babcock-wanson.com\/fr\/produits\/chaudieres-tubes-de-fumees\/steampack\/#primaryimage\"},\"image\":{\"@id\":\"https:\/\/www.babcock-wanson.com\/fr\/produits\/chaudieres-tubes-de-fumees\/steampack\/#primaryimage\"},\"thumbnailUrl\":\"https:\/\/www.babcock-wanson.com\/wp-content\/uploads\/2020\/07\/SteamPack_productpage_0.jpg\",\"datePublished\":\"2020-07-15T13:34:32+00:00\",\"dateModified\":\"2023-02-02T15:12:18+00:00\",\"description\":\"La chaudi\u00e8re tubes de fum\u00e9es SteamPack est une chaudi\u00e8re 3 parcours disposant d\u2019une boite de retournement aquatubulaire des gaz de combustion.\",\"breadcrumb\":{\"@id\":\"https:\/\/www.babcock-wanson.com\/fr\/produits\/chaudieres-tubes-de-fumees\/steampack\/#breadcrumb\"},\"inLanguage\":\"fr-FR\",\"potentialAction\":[{\"@type\":\"ReadAction\",\"target\":[\"https:\/\/www.babcock-wanson.com\/fr\/produits\/chaudieres-tubes-de-fumees\/steampack\/\"]}]},{\"@type\":\"ImageObject\",\"inLanguage\":\"fr-FR\",\"@id\":\"https:\/\/www.babcock-wanson.com\/fr\/produits\/chaudieres-tubes-de-fumees\/steampack\/#primaryimage\",\"url\":\"https:\/\/www.babcock-wanson.com\/wp-content\/uploads\/2020\/07\/SteamPack_productpage_0.jpg\",\"contentUrl\":\"https:\/\/www.babcock-wanson.com\/wp-content\/uploads\/2020\/07\/SteamPack_productpage_0.jpg\",\"width\":600,\"height\":400,\"caption\":\"SteamPack - Chaudi\u00e8re Vapeur - Tubes de Fum\u00e9es\"},{\"@type\":\"BreadcrumbList\",\"@id\":\"https:\/\/www.babcock-wanson.com\/fr\/produits\/chaudieres-tubes-de-fumees\/steampack\/#breadcrumb\",\"itemListElement\":[{\"@type\":\"ListItem\",\"position\":1,\"name\":\"Accueil\",\"item\":\"https:\/\/www.babcock-wanson.com\/fr\/\"},{\"@type\":\"ListItem\",\"position\":2,\"name\":\"Produits\",\"item\":\"https:\/\/www.babcock-wanson.com\/fr\/shop\/\"},{\"@type\":\"ListItem\",\"position\":3,\"name\":\"Chaudi\u00e8res tubes de fum\u00e9es\",\"item\":\"https:\/\/www.babcock-wanson.com\/fr\/categorie-produit\/chaudieres-tubes-de-fumees\/\"},{\"@type\":\"ListItem\",\"position\":4,\"name\":\"SteamPack\"}]},{\"@type\":\"WebSite\",\"@id\":\"https:\/\/www.babcock-wanson.com\/fr\/#website\",\"url\":\"https:\/\/www.babcock-wanson.com\/fr\/\",\"name\":\"Babcock Wanson\",\"description\":\"\",\"publisher\":{\"@id\":\"https:\/\/www.babcock-wanson.com\/fr\/#organization\"},\"potentialAction\":[{\"@type\":\"SearchAction\",\"target\":{\"@type\":\"EntryPoint\",\"urlTemplate\":\"https:\/\/www.babcock-wanson.com\/fr\/?s={search_term_string}\"},\"query-input\":{\"@type\":\"PropertyValueSpecification\",\"valueRequired\":true,\"valueName\":\"search_term_string\"}}],\"inLanguage\":\"fr-FR\"},{\"@type\":\"Organization\",\"@id\":\"https:\/\/www.babcock-wanson.com\/fr\/#organization\",\"name\":\"Babcock Wanson\",\"url\":\"https:\/\/www.babcock-wanson.com\/fr\/\",\"logo\":{\"@type\":\"ImageObject\",\"inLanguage\":\"fr-FR\",\"@id\":\"https:\/\/www.babcock-wanson.com\/fr\/#\/schema\/logo\/image\/\",\"url\":\"https:\/\/www.babcock-wanson.com\/wp-content\/uploads\/2024\/02\/Babcock-Wanson-1200x1200-1.png\",\"contentUrl\":\"https:\/\/www.babcock-wanson.com\/wp-content\/uploads\/2024\/02\/Babcock-Wanson-1200x1200-1.png\",\"width\":1200,\"height\":1200,\"caption\":\"Babcock Wanson\"},\"image\":{\"@id\":\"https:\/\/www.babcock-wanson.com\/fr\/#\/schema\/logo\/image\/\"},\"sameAs\":[\"https:\/\/www.linkedin.com\/company\/babcock-wanson\/\",\"https:\/\/www.youtube.com\/channel\/UCtxl25VieBBsP2kYmtlyv7A\"]}]}<\/script>\n<!-- \/ Yoast SEO Premium plugin. -->","yoast_head_json":{"title":"SteamPack - Babcock Wanson","description":"La chaudi\u00e8re tubes de fum\u00e9es SteamPack est une chaudi\u00e8re 3 parcours disposant d\u2019une boite de retournement aquatubulaire des gaz de combustion.","robots":{"index":"index","follow":"follow","max-snippet":"max-snippet:-1","max-image-preview":"max-image-preview:large","max-video-preview":"max-video-preview:-1"},"canonical":"https:\/\/www.babcock-wanson.com\/fr\/produits\/chaudieres-tubes-de-fumees\/steampack\/","og_locale":"fr_FR","og_type":"article","og_title":"SteamPack","og_description":"La chaudi\u00e8re tubes de fum\u00e9es SteamPack est une chaudi\u00e8re 3 parcours disposant d\u2019une boite de retournement aquatubulaire des gaz de combustion.","og_url":"https:\/\/www.babcock-wanson.com\/fr\/produits\/chaudieres-tubes-de-fumees\/steampack\/","og_site_name":"Babcock Wanson","article_modified_time":"2023-02-02T15:12:18+00:00","og_image":[{"width":600,"height":400,"url":"https:\/\/www.babcock-wanson.com\/wp-content\/uploads\/2020\/07\/SteamPack_productpage_0.jpg","type":"image\/jpeg"}],"twitter_card":"summary_large_image","twitter_misc":{"Est. reading time":"3 minutes"},"schema":{"@context":"https:\/\/schema.org","@graph":[{"@type":"WebPage","@id":"https:\/\/www.babcock-wanson.com\/fr\/produits\/chaudieres-tubes-de-fumees\/steampack\/","url":"https:\/\/www.babcock-wanson.com\/fr\/produits\/chaudieres-tubes-de-fumees\/steampack\/","name":"SteamPack - Babcock Wanson","isPartOf":{"@id":"https:\/\/www.babcock-wanson.com\/fr\/#website"},"primaryImageOfPage":{"@id":"https:\/\/www.babcock-wanson.com\/fr\/produits\/chaudieres-tubes-de-fumees\/steampack\/#primaryimage"},"image":{"@id":"https:\/\/www.babcock-wanson.com\/fr\/produits\/chaudieres-tubes-de-fumees\/steampack\/#primaryimage"},"thumbnailUrl":"https:\/\/www.babcock-wanson.com\/wp-content\/uploads\/2020\/07\/SteamPack_productpage_0.jpg","datePublished":"2020-07-15T13:34:32+00:00","dateModified":"2023-02-02T15:12:18+00:00","description":"La chaudi\u00e8re tubes de fum\u00e9es SteamPack est une chaudi\u00e8re 3 parcours disposant d\u2019une boite de retournement aquatubulaire des gaz de combustion.","breadcrumb":{"@id":"https:\/\/www.babcock-wanson.com\/fr\/produits\/chaudieres-tubes-de-fumees\/steampack\/#breadcrumb"},"inLanguage":"fr-FR","potentialAction":[{"@type":"ReadAction","target":["https:\/\/www.babcock-wanson.com\/fr\/produits\/chaudieres-tubes-de-fumees\/steampack\/"]}]},{"@type":"ImageObject","inLanguage":"fr-FR","@id":"https:\/\/www.babcock-wanson.com\/fr\/produits\/chaudieres-tubes-de-fumees\/steampack\/#primaryimage","url":"https:\/\/www.babcock-wanson.com\/wp-content\/uploads\/2020\/07\/SteamPack_productpage_0.jpg","contentUrl":"https:\/\/www.babcock-wanson.com\/wp-content\/uploads\/2020\/07\/SteamPack_productpage_0.jpg","width":600,"height":400,"caption":"SteamPack - Chaudi\u00e8re Vapeur - Tubes de Fum\u00e9es"},{"@type":"BreadcrumbList","@id":"https:\/\/www.babcock-wanson.com\/fr\/produits\/chaudieres-tubes-de-fumees\/steampack\/#breadcrumb","itemListElement":[{"@type":"ListItem","position":1,"name":"Accueil","item":"https:\/\/www.babcock-wanson.com\/fr\/"},{"@type":"ListItem","position":2,"name":"Produits","item":"https:\/\/www.babcock-wanson.com\/fr\/shop\/"},{"@type":"ListItem","position":3,"name":"Chaudi\u00e8res tubes de fum\u00e9es","item":"https:\/\/www.babcock-wanson.com\/fr\/categorie-produit\/chaudieres-tubes-de-fumees\/"},{"@type":"ListItem","position":4,"name":"SteamPack"}]},{"@type":"WebSite","@id":"https:\/\/www.babcock-wanson.com\/fr\/#website","url":"https:\/\/www.babcock-wanson.com\/fr\/","name":"Babcock Wanson","description":"","publisher":{"@id":"https:\/\/www.babcock-wanson.com\/fr\/#organization"},"potentialAction":[{"@type":"SearchAction","target":{"@type":"EntryPoint","urlTemplate":"https:\/\/www.babcock-wanson.com\/fr\/?s={search_term_string}"},"query-input":{"@type":"PropertyValueSpecification","valueRequired":true,"valueName":"search_term_string"}}],"inLanguage":"fr-FR"},{"@type":"Organization","@id":"https:\/\/www.babcock-wanson.com\/fr\/#organization","name":"Babcock Wanson","url":"https:\/\/www.babcock-wanson.com\/fr\/","logo":{"@type":"ImageObject","inLanguage":"fr-FR","@id":"https:\/\/www.babcock-wanson.com\/fr\/#\/schema\/logo\/image\/","url":"https:\/\/www.babcock-wanson.com\/wp-content\/uploads\/2024\/02\/Babcock-Wanson-1200x1200-1.png","contentUrl":"https:\/\/www.babcock-wanson.com\/wp-content\/uploads\/2024\/02\/Babcock-Wanson-1200x1200-1.png","width":1200,"height":1200,"caption":"Babcock Wanson"},"image":{"@id":"https:\/\/www.babcock-wanson.com\/fr\/#\/schema\/logo\/image\/"},"sameAs":["https:\/\/www.linkedin.com\/company\/babcock-wanson\/","https:\/\/www.youtube.com\/channel\/UCtxl25VieBBsP2kYmtlyv7A"]}]}},"jetpack_sharing_enabled":true,"_links":{"self":[{"href":"https:\/\/www.babcock-wanson.com\/fr\/wp-json\/wp\/v2\/product\/26724","targetHints":{"allow":["GET"]}}],"collection":[{"href":"https:\/\/www.babcock-wanson.com\/fr\/wp-json\/wp\/v2\/product"}],"about":[{"href":"https:\/\/www.babcock-wanson.com\/fr\/wp-json\/wp\/v2\/types\/product"}],"replies":[{"embeddable":true,"href":"https:\/\/www.babcock-wanson.com\/fr\/wp-json\/wp\/v2\/comments?post=26724"}],"wp:featuredmedia":[{"embeddable":true,"href":"https:\/\/www.babcock-wanson.com\/fr\/wp-json\/wp\/v2\/media\/28881"}],"wp:attachment":[{"href":"https:\/\/www.babcock-wanson.com\/fr\/wp-json\/wp\/v2\/media?parent=26724"}],"wp:term":[{"taxonomy":"product_brand","embeddable":true,"href":"https:\/\/www.babcock-wanson.com\/fr\/wp-json\/wp\/v2\/product_brand?post=26724"},{"taxonomy":"product_cat","embeddable":true,"href":"https:\/\/www.babcock-wanson.com\/fr\/wp-json\/wp\/v2\/product_cat?post=26724"},{"taxonomy":"product_tag","embeddable":true,"href":"https:\/\/www.babcock-wanson.com\/fr\/wp-json\/wp\/v2\/product_tag?post=26724"}],"curies":[{"name":"wp","href":"https:\/\/api.w.org\/{rel}","templated":true}]}}