{"id":40971,"date":"2021-11-18T16:02:43","date_gmt":"2021-11-18T16:02:43","guid":{"rendered":"https:\/\/www.babcock-wanson.com\/products\/non%20class\u00e9\/e-pack\/"},"modified":"2024-04-16T14:05:23","modified_gmt":"2024-04-16T13:05:23","slug":"e-pack","status":"publish","type":"product","link":"https:\/\/www.babcock-wanson.com\/fr\/produits\/chaudieres-electriques\/e-pack\/","title":{"rendered":"e-Pack"},"content":{"rendered":"<div class=\"vgblk-rw-wrapper limit-wrapper\">\n<h2>Faible Impact Environnemental<\/h2>\n<p><strong>La chaudi\u00e8re \u00e9lectrique industrielle e-Pack offre de nombreux avantages environnementaux et une exploitation quotidienne ais\u00e9e :<\/strong><br \/>\nElle ne consomme aucun combustible fossile et ne rejette donc aucun effluent gazeux \u00e0 l\u2019atmosph\u00e8re. De ce point de vue l\u2019installation est largement facilit\u00e9e : elle ne n\u00e9cessite pas de chemin\u00e9e ni aucun r\u00e9seau d\u2019alimentation en combustible, ni de cuve de stockage. De plus, aucun contr\u00f4le p\u00e9riodique des rejets atmosph\u00e9riques n\u2019est requis.<\/p>\n<p>Des rendements sup\u00e9rieurs \u00e0 99% peuvent \u00eatre atteints puisque toute l\u2019\u00e9nergie \u00e9lectrique entrante est transform\u00e9e en \u00e9nergie thermique (seules quelques pertes thermiques mineures par les parois doivent \u00eatre consid\u00e9r\u00e9es).<\/p>\n<p>Le contr\u00f4le pr\u00e9cis de la pression avec plusieurs \u00e9tages de puissance permet une r\u00e9action rapide de la chaudi\u00e8re aux variations de charge. Il est ainsi possible de faire des d\u00e9marrages rapides pour absorber de la puissance r\u00e9seau disponible ponctuellement.<\/p>\n<h2>Robustesse et long\u00e9vit\u00e9<\/h2>\n<p>Les chaudi\u00e8res e-Pack sont constitu\u00e9es de viroles en acier et de fonds emboutis recevant des thermoplongeurs qui pr\u00e9sentent de nombreux avantages en termes de performance, de mise en oeuvre et \u00e9galement pour les op\u00e9rations de maintenance p\u00e9riodique. Elles sont con\u00e7ues pour permettre \u00e0 la fois un d\u00e9marrage et une production vapeur rapides, tout en pr\u00e9servant les thermoplongeurs de sollicitations trop brutales.<\/p>\n<h2>Exploitation \u00e9conomique<\/h2>\n<p>La r\u00e9gulation et l\u2019instrumentation permettent des <a href=\"https:\/\/www.babcock-wanson.com\/fr\/documentation\/reglementations\/mode-dexploitation\/\" target=\"_blank\" rel=\"noopener\">modes d\u2019exploitation exclusifs Babcock Wanson<\/a> qui seront adapt\u00e9s aux contraintes de tous les process industriels. La chaudi\u00e8re embarque l\u2019interface de surveillance <a href=\"https:\/\/www.babcock-wanson.com\/fr\/2023\/02\/02\/navinergy-la-chaufferie-connectee\/\" target=\"_blank\" rel=\"noopener\">Navinergy<\/a> qui permet le suivi sur place et \u00e0 distance des param\u00e8tres de fonctionnement.<\/p>\n<h2>Facilit\u00e9 d\u2019installation et de mise en service<\/h2>\n<p>La chaudi\u00e8re est livr\u00e9e pr\u00eate \u00e0 fonctionner. Il suffit de la raccorder \u00e0 l\u2019\u00e9lectricit\u00e9, \u00e0 l\u2019eau alimentaire et aux r\u00e9seaux vapeur. La mise en service est maitris\u00e9e et r\u00e9p\u00e9titive et permet de s\u2019affranchir des al\u00e9as qui peuvent rendre la mise en service d\u2019une chaudi\u00e8re avec br\u00fbleur plus difficile d\u2019un site \u00e0 l\u2019autre.<\/p>\n<h3>Pourquoi choisir la gamme e-Pack de Babcock Wanson ?<\/h3>\n<ul>\n<li>Z\u00e9ro \u00e9mission sur site (CO2 &#8211; NOx &#8211; SOx)<\/li>\n<li>Rendement sup\u00e9rieur \u00e0 99%<\/li>\n<li>Modulation \u00e9lev\u00e9e<\/li>\n<li>Maintenance simple et ais\u00e9e<\/li>\n<li>Robustesse et long\u00e9vit\u00e9<\/li>\n<li>Connectivit\u00e9 avec notre syst\u00e8me Navinergy<\/li>\n<li>Mode d\u2019exploitation propri\u00e9taire flexible et adapt\u00e9 aux besoins<\/li>\n<li>Haute disponibilit\u00e9<\/li>\n<li>Simplicit\u00e9 d\u2019installation<\/li>\n<li>Co\u00fbts d\u2019exploitation r\u00e9duits<\/li>\n<\/ul>\n<p>&nbsp;<\/p>\n<h2>Chaudi\u00e8res \u00e9lectriques industrielles e-Pack<\/h2>\n<p>&nbsp;<\/p>\n<table style=\"height: 340px;\" width=\"1139\">\n<tbody>\n<tr>\n<th class=\"bg-primary text-white\">e-Pack<\/th>\n<th class=\"bg-primary text-white\" style=\"text-align: center;\">mod\u00e8le<\/th>\n<th class=\"bg-primary text-white\" style=\"text-align: center;\">300<\/th>\n<th class=\"bg-primary text-white\" style=\"text-align: center;\">600<\/th>\n<th class=\"bg-primary text-white\" style=\"text-align: center;\">900<\/th>\n<th class=\"bg-primary text-white\" style=\"text-align: center;\">1200<\/th>\n<th class=\"bg-primary text-white\" style=\"text-align: center;\">1500<\/th>\n<th class=\"bg-primary text-white\" style=\"text-align: center;\">1800<\/th>\n<th class=\"bg-primary text-white\" style=\"text-align: center;\">2250<\/th>\n<th class=\"bg-primary text-white\" style=\"text-align: center;\">3000<\/th>\n<th class=\"bg-primary text-white\" style=\"text-align: center;\">3600<\/th>\n<th class=\"bg-primary text-white\" style=\"text-align: center;\">4200<\/th>\n<\/tr>\n<tr>\n<th>Production Vapeur (1)<\/th>\n<th style=\"text-align: center;\">kg\/h<\/th>\n<td style=\"text-align: center;\">300<\/td>\n<td style=\"text-align: center;\">600<\/td>\n<td style=\"text-align: center;\">900<\/td>\n<td style=\"text-align: center;\">1200<\/td>\n<td style=\"text-align: center;\">1500<\/td>\n<td style=\"text-align: center;\">1800<\/td>\n<td style=\"text-align: center;\">2250<\/td>\n<td style=\"text-align: center;\">3000<\/td>\n<td style=\"text-align: center;\">3600<\/td>\n<td style=\"text-align: center;\">4200<\/td>\n<\/tr>\n<tr>\n<th>Puissance (1)<\/th>\n<th style=\"text-align: center;\">kW<\/th>\n<td style=\"text-align: center;\">167<\/td>\n<td style=\"text-align: center;\">400<\/td>\n<td style=\"text-align: center;\">600<\/td>\n<td style=\"text-align: center;\">800<\/td>\n<td style=\"text-align: center;\">1000<\/td>\n<td style=\"text-align: center;\">1200<\/td>\n<td style=\"text-align: center;\">1500<\/td>\n<td style=\"text-align: center;\">2000<\/td>\n<td style=\"text-align: center;\">2400<\/td>\n<td style=\"text-align: center;\">2800<\/td>\n<\/tr>\n<tr class=\"table-secondary\">\n<th class=\"bg-secondary text-white\">Largeur A (2)<\/th>\n<th class=\"bg-secondary text-white\" style=\"text-align: center;\">mm<\/th>\n<td style=\"text-align: center;\">1400<\/td>\n<td style=\"text-align: center;\">1700<\/td>\n<td style=\"text-align: center;\">1700<\/td>\n<td style=\"text-align: center;\">1700<\/td>\n<td style=\"text-align: center;\">2000<\/td>\n<td style=\"text-align: center;\">2000<\/td>\n<td style=\"text-align: center;\">2000<\/td>\n<td style=\"text-align: center;\">2400<\/td>\n<td style=\"text-align: center;\">2700<\/td>\n<td style=\"text-align: center;\">2700<\/td>\n<\/tr>\n<tr class=\"table-dark\">\n<th class=\"bg-dark text-white\">Longueur B (2)<\/th>\n<th class=\"bg-dark text-white\" style=\"text-align: center;\">mm<\/th>\n<td style=\"text-align: center;\">3700<\/td>\n<td style=\"text-align: center;\">4400<\/td>\n<td style=\"text-align: center;\">4400<\/td>\n<td style=\"text-align: center;\">4400<\/td>\n<td style=\"text-align: center;\">4500<\/td>\n<td style=\"text-align: center;\">4500<\/td>\n<td style=\"text-align: center;\">4500<\/td>\n<td style=\"text-align: center;\">5100<\/td>\n<td style=\"text-align: center;\">5100<\/td>\n<td style=\"text-align: center;\">4900<\/td>\n<\/tr>\n<tr class=\"table-primary\">\n<th class=\"bg-primary text-white\">Hauteur C (2)<\/th>\n<th class=\"bg-primary text-white\" style=\"text-align: center;\">mm<\/th>\n<td style=\"text-align: center;\">1800<\/td>\n<td style=\"text-align: center;\">2000<\/td>\n<td style=\"text-align: center;\">2000<\/td>\n<td style=\"text-align: center;\">2000<\/td>\n<td style=\"text-align: center;\">2300<\/td>\n<td style=\"text-align: center;\">2300<\/td>\n<td style=\"text-align: center;\">2300<\/td>\n<td style=\"text-align: center;\">2700<\/td>\n<td style=\"text-align: center;\">2700<\/td>\n<td style=\"text-align: center;\">3000<\/td>\n<\/tr>\n<tr>\n<th>Poids en charge (pleine d&rsquo;eau)<\/th>\n<th style=\"text-align: center;\">kg<\/th>\n<td style=\"text-align: center;\">2300<\/td>\n<td style=\"text-align: center;\">3800<\/td>\n<td style=\"text-align: center;\">3900<\/td>\n<td style=\"text-align: center;\">3900<\/td>\n<td style=\"text-align: center;\">5700<\/td>\n<td style=\"text-align: center;\">5700<\/td>\n<td style=\"text-align: center;\">5800<\/td>\n<td style=\"text-align: center;\">10000<\/td>\n<td style=\"text-align: center;\">10100<\/td>\n<td style=\"text-align: center;\">13500<\/td>\n<\/tr>\n<\/tbody>\n<\/table>\n<p>(1) La puissance utile est donn\u00e9e pour 8 barg avec une eau alimentaire \u00e0 90\u00b0C.<\/p>\n<p>(2) Les dimensions sont globales et incluent les thermoplongeurs et les accessoires mont\u00e9s.<\/p>\n<p>Armoire \u00e9lectrique non comprise dans les dimensions<\/p>\n<table style=\"height: 340px;\" width=\"1139\">\n<tbody>\n<tr>\n<th class=\"bg-primary text-white\">e-Pack<\/th>\n<th class=\"bg-primary text-white\" style=\"text-align: center;\">mod\u00e8le<\/th>\n<th class=\"bg-primary text-white\" style=\"text-align: center;\">4800<\/th>\n<th class=\"bg-primary text-white\" style=\"text-align: center;\">5400<\/th>\n<th class=\"bg-primary text-white\" style=\"text-align: center;\">6000<\/th>\n<th class=\"bg-primary text-white\" style=\"text-align: center;\">6600<\/th>\n<th class=\"bg-primary text-white\" style=\"text-align: center;\">7200<\/th>\n<th class=\"bg-primary text-white\" style=\"text-align: center;\">7800<\/th>\n<th class=\"bg-primary text-white\" style=\"text-align: center;\">8400<\/th>\n<th class=\"bg-primary text-white\" style=\"text-align: center;\">9600<\/th>\n<th class=\"bg-primary text-white\" style=\"text-align: center;\">10800<\/th>\n<th class=\"bg-primary text-white\" style=\"text-align: center;\">12000<\/th>\n<\/tr>\n<tr>\n<th>Production Vapeur (1)<\/th>\n<th style=\"text-align: center;\">kg\/h<\/th>\n<td style=\"text-align: center;\">4800<\/td>\n<td style=\"text-align: center;\">5400<\/td>\n<td style=\"text-align: center;\">6000<\/td>\n<td style=\"text-align: center;\">6600<\/td>\n<td style=\"text-align: center;\">7200<\/td>\n<td style=\"text-align: center;\">7800<\/td>\n<td style=\"text-align: center;\">8400<\/td>\n<td style=\"text-align: center;\">9600<\/td>\n<td style=\"text-align: center;\">10800<\/td>\n<td style=\"text-align: center;\">12000<\/td>\n<\/tr>\n<tr>\n<th>Puissance (1)<\/th>\n<th style=\"text-align: center;\">kW<\/th>\n<td style=\"text-align: center;\">3200<\/td>\n<td style=\"text-align: center;\">3600<\/td>\n<td style=\"text-align: center;\">4000<\/td>\n<td style=\"text-align: center;\">4400<\/td>\n<td style=\"text-align: center;\">4800<\/td>\n<td style=\"text-align: center;\">5200<\/td>\n<td style=\"text-align: center;\">5600<\/td>\n<td style=\"text-align: center;\">6400<\/td>\n<td style=\"text-align: center;\">7200<\/td>\n<td style=\"text-align: center;\">8000<\/td>\n<\/tr>\n<tr class=\"table-secondary\">\n<th class=\"bg-secondary text-white\">Largeur A (2)<\/th>\n<th class=\"bg-secondary text-white\" style=\"text-align: center;\">mm<\/th>\n<td style=\"text-align: center;\">2700<\/td>\n<td style=\"text-align: center;\">2900<\/td>\n<td style=\"text-align: center;\">2900<\/td>\n<td style=\"text-align: center;\">2400<\/td>\n<td style=\"text-align: center;\">2400<\/td>\n<td style=\"text-align: center;\">2700<\/td>\n<td style=\"text-align: center;\">2700<\/td>\n<td style=\"text-align: center;\">2700<\/td>\n<td style=\"text-align: center;\">2900<\/td>\n<td style=\"text-align: center;\">2900<\/td>\n<\/tr>\n<tr class=\"table-dark\">\n<th class=\"bg-dark text-white\">Longueur B (2)<\/th>\n<th class=\"bg-dark text-white\" style=\"text-align: center;\">mm<\/th>\n<td style=\"text-align: center;\">4900<\/td>\n<td style=\"text-align: center;\">5000<\/td>\n<td style=\"text-align: center;\">5000<\/td>\n<td style=\"text-align: center;\">7200<\/td>\n<td style=\"text-align: center;\">7200<\/td>\n<td style=\"text-align: center;\">7400<\/td>\n<td style=\"text-align: center;\">7400<\/td>\n<td style=\"text-align: center;\">7400<\/td>\n<td style=\"text-align: center;\">7500<\/td>\n<td style=\"text-align: center;\">7500<\/td>\n<\/tr>\n<tr class=\"table-primary\">\n<th class=\"bg-primary text-white\">Hauteur C (2)<\/th>\n<th class=\"bg-primary text-white\" style=\"text-align: center;\">mm<\/th>\n<td style=\"text-align: center;\">3000<\/td>\n<td style=\"text-align: center;\">3200<\/td>\n<td style=\"text-align: center;\">3200<\/td>\n<td style=\"text-align: center;\">2700<\/td>\n<td style=\"text-align: center;\">2700<\/td>\n<td style=\"text-align: center;\">3000<\/td>\n<td style=\"text-align: center;\">3000<\/td>\n<td style=\"text-align: center;\">3000<\/td>\n<td style=\"text-align: center;\">3200<\/td>\n<td style=\"text-align: center;\">3200<\/td>\n<\/tr>\n<tr>\n<th>Poids en charge (pleine d&rsquo;eau)<\/th>\n<th style=\"text-align: center;\">kg<\/th>\n<td style=\"text-align: center;\">13600<\/td>\n<td style=\"text-align: center;\">16000<\/td>\n<td style=\"text-align: center;\">16100<\/td>\n<td style=\"text-align: center;\">15600<\/td>\n<td style=\"text-align: center;\">15600<\/td>\n<td style=\"text-align: center;\">21500<\/td>\n<td style=\"text-align: center;\">21600<\/td>\n<td style=\"text-align: center;\">21700<\/td>\n<td style=\"text-align: center;\">25600<\/td>\n<td style=\"text-align: center;\">25800<\/td>\n<\/tr>\n<\/tbody>\n<\/table>\n<p>(1) La puissance utile est donn\u00e9e pour 8 barg avec une eau alimentaire \u00e0 90\u00b0C.<\/p>\n<p>(2) Les dimensions sont globales et incluent les thermoplongeurs et les accessoires mont\u00e9s.<\/p>\n<p>Armoire \u00e9lectrique non comprise dans les dimensions<\/p><\/div>\n<p><!-- .vgblk-rw-wrapper --><\/p>\n","protected":false},"excerpt":{"rendered":"<p><strong>Production de vapeur de 300 kg\/h \u00e0 12000 kg\/h<\/strong><br \/>\nDepuis plus de 50 ans, Babcock Wanson poss\u00e8de une solide exp\u00e9rience dans la conception et la fabrication de <a href=\"https:\/\/www.babcock-wanson.com\/fr\/categorie-produit\/chaudieres-electriques\/\" target=\"_blank\" rel=\"noopener\">chaudi\u00e8res \u00e9lectriques<\/a> \u00e0 thermoplongeurs. Ces chaudi\u00e8res ont \u00e9t\u00e9 con\u00e7ues pour r\u00e9pondre aux enjeux actuels d\u2019optimisation \u00e9nerg\u00e9tique et de d\u00e9carbonation de nos clients industriels. La Commission Europ\u00e9enne a notamment fix\u00e9 un objectif de r\u00e9duction des gaz \u00e0 effets de serres de de 55% \u00e0 l\u2019horizon 2030.<\/p>\n<p>La chaudi\u00e8re e-Pack a \u00e9t\u00e9 d\u00e9velopp\u00e9e en combinant les meilleures technologies disponibles, pour atteindre un niveau d\u2019efficacit\u00e9, de fiabilit\u00e9 et de flexibilit\u00e9 maximale tout en n\u2019\u00e9mettant aucune \u00e9mission sur le site de production.<\/p>\n","protected":false},"featured_media":23455,"comment_status":"closed","ping_status":"closed","template":"","meta":{"_acf_changed":false,"_relevanssi_hide_post":"","_relevanssi_hide_content":"","_relevanssi_pin_for_all":"","_relevanssi_pin_keywords":"","_relevanssi_unpin_keywords":"","_relevanssi_related_keywords":"","_relevanssi_related_include_ids":"","_relevanssi_related_exclude_ids":"","_relevanssi_related_no_append":"","_relevanssi_related_not_related":"","_relevanssi_related_posts":"","_relevanssi_noindex_reason":""},"product_brand":[],"product_cat":[2649],"product_tag":[],"class_list":{"0":"post-40971","1":"product","2":"type-product","3":"status-publish","4":"has-post-thumbnail","6":"product_cat-chaudieres-electriques","8":"first","9":"instock","10":"shipping-taxable","11":"product-type-simple"},"acf":[],"yoast_head":"<!-- This site is optimized with the Yoast SEO Premium plugin v27.4 (Yoast SEO v27.4) - https:\/\/yoast.com\/product\/yoast-seo-premium-wordpress\/ -->\n<title>e-Pack - Babcock Wanson<\/title>\n<meta name=\"description\" content=\"La chaudi\u00e8re \u00e9lectrique industrielle e-Pack a \u00e9t\u00e9 d\u00e9velopp\u00e9e r\u00e9pondre aux enjeux actuels d\u2019optimisation \u00e9nerg\u00e9tique et de d\u00e9carbonation.\" \/>\n<meta name=\"robots\" content=\"index, follow, max-snippet:-1, max-image-preview:large, max-video-preview:-1\" \/>\n<link rel=\"canonical\" href=\"https:\/\/www.babcock-wanson.com\/fr\/produits\/chaudieres-electriques\/e-pack\/\" \/>\n<meta property=\"og:locale\" content=\"fr_FR\" \/>\n<meta property=\"og:type\" content=\"article\" \/>\n<meta property=\"og:title\" content=\"e-Pack\" \/>\n<meta property=\"og:description\" content=\"La chaudi\u00e8re \u00e9lectrique industrielle e-Pack a \u00e9t\u00e9 d\u00e9velopp\u00e9e r\u00e9pondre aux enjeux actuels d\u2019optimisation \u00e9nerg\u00e9tique et de d\u00e9carbonation.\" \/>\n<meta property=\"og:url\" content=\"https:\/\/www.babcock-wanson.com\/fr\/produits\/chaudieres-electriques\/e-pack\/\" \/>\n<meta property=\"og:site_name\" content=\"Babcock Wanson\" \/>\n<meta property=\"article:modified_time\" content=\"2024-04-16T13:05:23+00:00\" \/>\n<meta property=\"og:image\" content=\"https:\/\/www.babcock-wanson.com\/wp-content\/uploads\/2018\/11\/VAP-EL-Electric-Boiler-3.jpg\" \/>\n\t<meta property=\"og:image:width\" content=\"600\" \/>\n\t<meta property=\"og:image:height\" content=\"400\" \/>\n\t<meta property=\"og:image:type\" content=\"image\/jpeg\" \/>\n<meta name=\"twitter:card\" content=\"summary_large_image\" \/>\n<meta name=\"twitter:label1\" content=\"Est. reading time\" \/>\n\t<meta name=\"twitter:data1\" content=\"4 minutes\" \/>\n<script type=\"application\/ld+json\" class=\"yoast-schema-graph\">{\"@context\":\"https:\\\/\\\/schema.org\",\"@graph\":[{\"@type\":\"WebPage\",\"@id\":\"https:\\\/\\\/www.babcock-wanson.com\\\/fr\\\/produits\\\/chaudieres-electriques\\\/e-pack\\\/\",\"url\":\"https:\\\/\\\/www.babcock-wanson.com\\\/fr\\\/produits\\\/chaudieres-electriques\\\/e-pack\\\/\",\"name\":\"e-Pack - Babcock Wanson\",\"isPartOf\":{\"@id\":\"https:\\\/\\\/www.babcock-wanson.com\\\/fr\\\/#website\"},\"primaryImageOfPage\":{\"@id\":\"https:\\\/\\\/www.babcock-wanson.com\\\/fr\\\/produits\\\/chaudieres-electriques\\\/e-pack\\\/#primaryimage\"},\"image\":{\"@id\":\"https:\\\/\\\/www.babcock-wanson.com\\\/fr\\\/produits\\\/chaudieres-electriques\\\/e-pack\\\/#primaryimage\"},\"thumbnailUrl\":\"https:\\\/\\\/www.babcock-wanson.com\\\/wp-content\\\/uploads\\\/2018\\\/11\\\/VAP-EL-Electric-Boiler-3.jpg\",\"datePublished\":\"2021-11-18T16:02:43+00:00\",\"dateModified\":\"2024-04-16T13:05:23+00:00\",\"description\":\"La chaudi\u00e8re \u00e9lectrique industrielle e-Pack a \u00e9t\u00e9 d\u00e9velopp\u00e9e r\u00e9pondre aux enjeux actuels d\u2019optimisation \u00e9nerg\u00e9tique et de d\u00e9carbonation.\",\"breadcrumb\":{\"@id\":\"https:\\\/\\\/www.babcock-wanson.com\\\/fr\\\/produits\\\/chaudieres-electriques\\\/e-pack\\\/#breadcrumb\"},\"inLanguage\":\"fr-FR\",\"potentialAction\":[{\"@type\":\"ReadAction\",\"target\":[\"https:\\\/\\\/www.babcock-wanson.com\\\/fr\\\/produits\\\/chaudieres-electriques\\\/e-pack\\\/\"]}]},{\"@type\":\"ImageObject\",\"inLanguage\":\"fr-FR\",\"@id\":\"https:\\\/\\\/www.babcock-wanson.com\\\/fr\\\/produits\\\/chaudieres-electriques\\\/e-pack\\\/#primaryimage\",\"url\":\"https:\\\/\\\/www.babcock-wanson.com\\\/wp-content\\\/uploads\\\/2018\\\/11\\\/VAP-EL-Electric-Boiler-3.jpg\",\"contentUrl\":\"https:\\\/\\\/www.babcock-wanson.com\\\/wp-content\\\/uploads\\\/2018\\\/11\\\/VAP-EL-Electric-Boiler-3.jpg\",\"width\":600,\"height\":400,\"caption\":\"VAP EL Chaudi\u00e8res \u00e9lectriques\"},{\"@type\":\"BreadcrumbList\",\"@id\":\"https:\\\/\\\/www.babcock-wanson.com\\\/fr\\\/produits\\\/chaudieres-electriques\\\/e-pack\\\/#breadcrumb\",\"itemListElement\":[{\"@type\":\"ListItem\",\"position\":1,\"name\":\"Accueil\",\"item\":\"https:\\\/\\\/www.babcock-wanson.com\\\/fr\\\/\"},{\"@type\":\"ListItem\",\"position\":2,\"name\":\"Produits\",\"item\":\"https:\\\/\\\/www.babcock-wanson.com\\\/fr\\\/shop\\\/\"},{\"@type\":\"ListItem\",\"position\":3,\"name\":\"Chaudi\u00e8res \u00e9lectriques industrielles\",\"item\":\"https:\\\/\\\/www.babcock-wanson.com\\\/fr\\\/categorie-produit\\\/chaudieres-electriques\\\/\"},{\"@type\":\"ListItem\",\"position\":4,\"name\":\"e-Pack\"}]},{\"@type\":\"WebSite\",\"@id\":\"https:\\\/\\\/www.babcock-wanson.com\\\/fr\\\/#website\",\"url\":\"https:\\\/\\\/www.babcock-wanson.com\\\/fr\\\/\",\"name\":\"Babcock Wanson\",\"description\":\"\",\"publisher\":{\"@id\":\"https:\\\/\\\/www.babcock-wanson.com\\\/fr\\\/#organization\"},\"potentialAction\":[{\"@type\":\"SearchAction\",\"target\":{\"@type\":\"EntryPoint\",\"urlTemplate\":\"https:\\\/\\\/www.babcock-wanson.com\\\/fr\\\/?s={search_term_string}\"},\"query-input\":{\"@type\":\"PropertyValueSpecification\",\"valueRequired\":true,\"valueName\":\"search_term_string\"}}],\"inLanguage\":\"fr-FR\"},{\"@type\":\"Organization\",\"@id\":\"https:\\\/\\\/www.babcock-wanson.com\\\/fr\\\/#organization\",\"name\":\"Babcock Wanson\",\"url\":\"https:\\\/\\\/www.babcock-wanson.com\\\/fr\\\/\",\"logo\":{\"@type\":\"ImageObject\",\"inLanguage\":\"fr-FR\",\"@id\":\"https:\\\/\\\/www.babcock-wanson.com\\\/fr\\\/#\\\/schema\\\/logo\\\/image\\\/\",\"url\":\"https:\\\/\\\/www.babcock-wanson.com\\\/wp-content\\\/uploads\\\/2024\\\/02\\\/Babcock-Wanson-1200x1200-1.png\",\"contentUrl\":\"https:\\\/\\\/www.babcock-wanson.com\\\/wp-content\\\/uploads\\\/2024\\\/02\\\/Babcock-Wanson-1200x1200-1.png\",\"width\":1200,\"height\":1200,\"caption\":\"Babcock Wanson\"},\"image\":{\"@id\":\"https:\\\/\\\/www.babcock-wanson.com\\\/fr\\\/#\\\/schema\\\/logo\\\/image\\\/\"},\"sameAs\":[\"https:\\\/\\\/www.linkedin.com\\\/company\\\/babcock-wanson\\\/\",\"https:\\\/\\\/www.youtube.com\\\/channel\\\/UCtxl25VieBBsP2kYmtlyv7A\"]}]}<\/script>\n<!-- \/ Yoast SEO Premium plugin. -->","yoast_head_json":{"title":"e-Pack - Babcock Wanson","description":"La chaudi\u00e8re \u00e9lectrique industrielle e-Pack a \u00e9t\u00e9 d\u00e9velopp\u00e9e r\u00e9pondre aux enjeux actuels d\u2019optimisation \u00e9nerg\u00e9tique et de d\u00e9carbonation.","robots":{"index":"index","follow":"follow","max-snippet":"max-snippet:-1","max-image-preview":"max-image-preview:large","max-video-preview":"max-video-preview:-1"},"canonical":"https:\/\/www.babcock-wanson.com\/fr\/produits\/chaudieres-electriques\/e-pack\/","og_locale":"fr_FR","og_type":"article","og_title":"e-Pack","og_description":"La chaudi\u00e8re \u00e9lectrique industrielle e-Pack a \u00e9t\u00e9 d\u00e9velopp\u00e9e r\u00e9pondre aux enjeux actuels d\u2019optimisation \u00e9nerg\u00e9tique et de d\u00e9carbonation.","og_url":"https:\/\/www.babcock-wanson.com\/fr\/produits\/chaudieres-electriques\/e-pack\/","og_site_name":"Babcock Wanson","article_modified_time":"2024-04-16T13:05:23+00:00","og_image":[{"width":600,"height":400,"url":"https:\/\/www.babcock-wanson.com\/wp-content\/uploads\/2018\/11\/VAP-EL-Electric-Boiler-3.jpg","type":"image\/jpeg"}],"twitter_card":"summary_large_image","twitter_misc":{"Est. reading time":"4 minutes"},"schema":{"@context":"https:\/\/schema.org","@graph":[{"@type":"WebPage","@id":"https:\/\/www.babcock-wanson.com\/fr\/produits\/chaudieres-electriques\/e-pack\/","url":"https:\/\/www.babcock-wanson.com\/fr\/produits\/chaudieres-electriques\/e-pack\/","name":"e-Pack - Babcock Wanson","isPartOf":{"@id":"https:\/\/www.babcock-wanson.com\/fr\/#website"},"primaryImageOfPage":{"@id":"https:\/\/www.babcock-wanson.com\/fr\/produits\/chaudieres-electriques\/e-pack\/#primaryimage"},"image":{"@id":"https:\/\/www.babcock-wanson.com\/fr\/produits\/chaudieres-electriques\/e-pack\/#primaryimage"},"thumbnailUrl":"https:\/\/www.babcock-wanson.com\/wp-content\/uploads\/2018\/11\/VAP-EL-Electric-Boiler-3.jpg","datePublished":"2021-11-18T16:02:43+00:00","dateModified":"2024-04-16T13:05:23+00:00","description":"La chaudi\u00e8re \u00e9lectrique industrielle e-Pack a \u00e9t\u00e9 d\u00e9velopp\u00e9e r\u00e9pondre aux enjeux actuels d\u2019optimisation \u00e9nerg\u00e9tique et de d\u00e9carbonation.","breadcrumb":{"@id":"https:\/\/www.babcock-wanson.com\/fr\/produits\/chaudieres-electriques\/e-pack\/#breadcrumb"},"inLanguage":"fr-FR","potentialAction":[{"@type":"ReadAction","target":["https:\/\/www.babcock-wanson.com\/fr\/produits\/chaudieres-electriques\/e-pack\/"]}]},{"@type":"ImageObject","inLanguage":"fr-FR","@id":"https:\/\/www.babcock-wanson.com\/fr\/produits\/chaudieres-electriques\/e-pack\/#primaryimage","url":"https:\/\/www.babcock-wanson.com\/wp-content\/uploads\/2018\/11\/VAP-EL-Electric-Boiler-3.jpg","contentUrl":"https:\/\/www.babcock-wanson.com\/wp-content\/uploads\/2018\/11\/VAP-EL-Electric-Boiler-3.jpg","width":600,"height":400,"caption":"VAP EL Chaudi\u00e8res \u00e9lectriques"},{"@type":"BreadcrumbList","@id":"https:\/\/www.babcock-wanson.com\/fr\/produits\/chaudieres-electriques\/e-pack\/#breadcrumb","itemListElement":[{"@type":"ListItem","position":1,"name":"Accueil","item":"https:\/\/www.babcock-wanson.com\/fr\/"},{"@type":"ListItem","position":2,"name":"Produits","item":"https:\/\/www.babcock-wanson.com\/fr\/shop\/"},{"@type":"ListItem","position":3,"name":"Chaudi\u00e8res \u00e9lectriques industrielles","item":"https:\/\/www.babcock-wanson.com\/fr\/categorie-produit\/chaudieres-electriques\/"},{"@type":"ListItem","position":4,"name":"e-Pack"}]},{"@type":"WebSite","@id":"https:\/\/www.babcock-wanson.com\/fr\/#website","url":"https:\/\/www.babcock-wanson.com\/fr\/","name":"Babcock Wanson","description":"","publisher":{"@id":"https:\/\/www.babcock-wanson.com\/fr\/#organization"},"potentialAction":[{"@type":"SearchAction","target":{"@type":"EntryPoint","urlTemplate":"https:\/\/www.babcock-wanson.com\/fr\/?s={search_term_string}"},"query-input":{"@type":"PropertyValueSpecification","valueRequired":true,"valueName":"search_term_string"}}],"inLanguage":"fr-FR"},{"@type":"Organization","@id":"https:\/\/www.babcock-wanson.com\/fr\/#organization","name":"Babcock Wanson","url":"https:\/\/www.babcock-wanson.com\/fr\/","logo":{"@type":"ImageObject","inLanguage":"fr-FR","@id":"https:\/\/www.babcock-wanson.com\/fr\/#\/schema\/logo\/image\/","url":"https:\/\/www.babcock-wanson.com\/wp-content\/uploads\/2024\/02\/Babcock-Wanson-1200x1200-1.png","contentUrl":"https:\/\/www.babcock-wanson.com\/wp-content\/uploads\/2024\/02\/Babcock-Wanson-1200x1200-1.png","width":1200,"height":1200,"caption":"Babcock Wanson"},"image":{"@id":"https:\/\/www.babcock-wanson.com\/fr\/#\/schema\/logo\/image\/"},"sameAs":["https:\/\/www.linkedin.com\/company\/babcock-wanson\/","https:\/\/www.youtube.com\/channel\/UCtxl25VieBBsP2kYmtlyv7A"]}]}},"jetpack_sharing_enabled":true,"_links":{"self":[{"href":"https:\/\/www.babcock-wanson.com\/fr\/wp-json\/wp\/v2\/product\/40971","targetHints":{"allow":["GET"]}}],"collection":[{"href":"https:\/\/www.babcock-wanson.com\/fr\/wp-json\/wp\/v2\/product"}],"about":[{"href":"https:\/\/www.babcock-wanson.com\/fr\/wp-json\/wp\/v2\/types\/product"}],"replies":[{"embeddable":true,"href":"https:\/\/www.babcock-wanson.com\/fr\/wp-json\/wp\/v2\/comments?post=40971"}],"wp:featuredmedia":[{"embeddable":true,"href":"https:\/\/www.babcock-wanson.com\/fr\/wp-json\/wp\/v2\/media\/23455"}],"wp:attachment":[{"href":"https:\/\/www.babcock-wanson.com\/fr\/wp-json\/wp\/v2\/media?parent=40971"}],"wp:term":[{"taxonomy":"product_brand","embeddable":true,"href":"https:\/\/www.babcock-wanson.com\/fr\/wp-json\/wp\/v2\/product_brand?post=40971"},{"taxonomy":"product_cat","embeddable":true,"href":"https:\/\/www.babcock-wanson.com\/fr\/wp-json\/wp\/v2\/product_cat?post=40971"},{"taxonomy":"product_tag","embeddable":true,"href":"https:\/\/www.babcock-wanson.com\/fr\/wp-json\/wp\/v2\/product_tag?post=40971"}],"curies":[{"name":"wp","href":"https:\/\/api.w.org\/{rel}","templated":true}]}}