{"id":46301,"date":"2023-10-06T16:39:37","date_gmt":"2023-10-06T15:39:37","guid":{"rendered":"https:\/\/www.babcock-wanson.com\/?post_type=product&#038;p=46301"},"modified":"2024-03-14T09:28:04","modified_gmt":"2024-03-14T09:28:04","slug":"powerpack","status":"publish","type":"product","link":"https:\/\/www.babcock-wanson.com\/fr\/produits\/chaudieres-tubes-de-fumees\/powerpack\/","title":{"rendered":"PowerPack"},"content":{"rendered":"<div class=\"vgblk-rw-wrapper limit-wrapper\">\n<h2>Faible Consommation<\/h2>\n<p><strong>Combinaisons parfaite chaudi\u00e8re &#8211; br\u00fbleur<\/strong><br \/>\nL\u2019ad\u00e9quation parfaite entre la chambre de combustion de la chaudi\u00e8re et le br\u00fbleur garantit un fonctionnement fiable et efficace. Des rendements sup\u00e9rieurs \u00e0 98% (R-Eco) et 105% (condensation) peuvent \u00eatre atteints lorsqu\u2019elles sont \u00e9quip\u00e9s d\u2019un \u00e9conomiseur Babcock Wanson et d\u2019un syst\u00e8me de r\u00e9cup\u00e9ration de chaleur adapt\u00e9s<br \/>\n<strong>Rendement \u00e9lev\u00e9 sur toute la plage de modulation<\/strong><br \/>\nLa constance du rendement est une caract\u00e9ristiques cl\u00e9 des chaudi\u00e8res Babcok Wanson. La micro-modulation et la t\u00eate de combustion ont \u00e9t\u00e9 sp\u00e9cialement con\u00e7ues pour un contr\u00f4le parfait de l\u2019exc\u00e8s d\u2019air et un fonctionnement non d\u00e9grad\u00e9 \u00e0 bas r\u00e9gime.<br \/>\n<strong>Faible consommation \u00e9lectrique<\/strong><br \/>\nLa tr\u00e8s faible r\u00e9sistance c\u00f4t\u00e9 fum\u00e9es r\u00e9duit consid\u00e9rablement la consommation \u00e9lectrique des ventilateurs, renforc\u00e9e par la g\u00e9n\u00e9ralisation des syst\u00e8mes d\u2019entra\u00eenement \u00e0 vitesse variable.<\/p>\n<h2>Haute Performance<\/h2>\n<p><strong>Robustesse et Long\u00e9vit\u00e9<\/strong><br \/>\nLes chaudi\u00e8res PowerPack sont de v\u00e9ritables trois parcours et comprennent une chambre d\u2019inversion des gaz de combustion de construction tubulaire offrant une efficacit\u00e9 et une fiabilit\u00e9 in\u00e9gal\u00e9es. Soud\u00e9e \u00e0 l\u2019ext\u00e9rieur du corps sous pression, cette technologie \u00e9prouv\u00e9e, unique \u00e0 Babcock Wanson, ne n\u00e9cessite aucun tirant ni renfort et donne une flexibilit\u00e9 exceptionnelle \u00e0 la dilation de la virole du corps et du foyer permettant de grandes variations de charge de vapeur avec une contrainte op\u00e9rationnelle minimale. Refroidie en permanence par la circulation de l\u2019eau, la chambre d\u2019inversion des gaz de combustion demande un minimum de maintenance et ne n\u00e9cessite aucun b\u00e9ton r\u00e9fractaire.<br \/>\n<strong>Facilit\u00e9 d\u2019acc\u00e8s<\/strong><br \/>\nLes zones de tubes de fum\u00e9e avant (plaque tubulaire et foyer) restent facilement accessibles gr\u00e2ce aux grandes portes \u00e0 bras r\u00e9glables qui permettent de d\u00e9gager compl\u00e8tement les portes de la fa\u00e7ade. L\u2019inspection \u00e0 l\u2019arri\u00e8re par la trappe d\u2019inspection est ais\u00e9 et offre un panorama complet de la plaque tubulaire et du foyer, depuis l\u2019int\u00e9rieur de la chambre d\u2019inversion des gaz de combustion. La partie sup\u00e9rieure de la chaudi\u00e8re est enti\u00e8rement recouverte d\u2019une plate-forme en aluminium l\u00e9ger offrant une accessibilit\u00e9 s\u00fbre \u00e0 tous les appareillages.<br \/>\n<strong>Co\u00fbts d&rsquo;Exploitation R\u00e9duits<\/strong><br \/>\nLa s\u00e9rie Powerpack propose un haut niveau d\u2019instrumentation et de r\u00e9gulation permettant un fonctionnement surveill\u00e9 ou sans surveillance, selon les modes d\u2019exploitation exclusifs Babcock Wanson, adapt\u00e9s aux contraintes de tous les process industriels, conform\u00e9ment \u00e0 la r\u00e9glementation CE et \u00e0 la norme Europ\u00e9enne EN12953.<br \/>\nInd\u00e9pendamment du mode d\u2019intervention, depuis BW Pr\u00e9sence permanente, BW3 jours, BW7 jours jusqu\u2019au BW720 heures, les chaudi\u00e8res fonctionnent en continu dans les limites autoris\u00e9es et s\u2019arr\u00eatent et se verrouillent automatiquement lorsque les limites sont d\u00e9pass\u00e9es.<\/p>\n<h3>Pourquoi choisir la chaudi\u00e8re tubes de fum\u00e9es PowerPack ?<\/h3>\n<ul>\n<li>Tr\u00e8s haut rendements et faibles \u00e9missions<\/li>\n<li>Modulation \u00e9lev\u00e9e<\/li>\n<li>Micromodulation de s\u00e9rie<\/li>\n<li>Maintenance simple et ais\u00e9e<\/li>\n<li>Robustesse et long\u00e9vit\u00e9<\/li>\n<li>Economiseurs<\/li>\n<li>Economiseur \u00e0 condensation (option)<\/li>\n<li>Connectivit\u00e9 avec notre syst\u00e8me Navinergy<\/li>\n<li>Pr\u00e9chauffage de l\u2019air comburant<\/li>\n<li>Combustible mixte (option)<\/li>\n<li>R\u00e9gulation O2 et CO (option)<\/li>\n<li>Une solution vapeur int\u00e9gr\u00e9e<\/li>\n<\/ul>\n<p>&nbsp;<\/p>\n<p>&nbsp;<\/p>\n<h2>PowerPackPack Chaudi\u00e8res Tubes de Fum\u00e9es<\/h2>\n<div class=\"table-responsive\">\n<table style=\"height: 372px;\" width=\"975\">\n<tbody>\n<tr>\n<th class=\"bg-primary text-white\">PowerPack<\/th>\n<th class=\"bg-primary text-white\">Mod\u00e8le<\/th>\n<th>10.0<\/th>\n<th>12.0<\/th>\n<th>15.0<\/th>\n<th>17.0<\/th>\n<th>21.0<\/th>\n<th>25.0<\/th>\n<th>27.0<\/th>\n<th>30.0<\/th>\n<th>34.0<\/th>\n<\/tr>\n<tr>\n<th>Production Vapeur (1)<\/th>\n<th>Kg\/h<\/th>\n<td>10000<\/td>\n<td>12000<\/td>\n<td>15000<\/td>\n<td>17000<\/td>\n<td>21000<\/td>\n<td>25000<\/td>\n<td>27000<\/td>\n<td>30000<\/td>\n<td>34000<\/td>\n<\/tr>\n<tr>\n<th>Puissance (1)<\/th>\n<th>kW<\/th>\n<td>7340<\/td>\n<td>8875<\/td>\n<td>11122<\/td>\n<td>12465<\/td>\n<td>15365<\/td>\n<td>18282<\/td>\n<td>19702<\/td>\n<td>22117<\/td>\n<td>24905<\/td>\n<\/tr>\n<tr class=\"table-secondary\">\n<th class=\"bg-secondary text-white\">Largeur A (2)<\/th>\n<th class=\"bg-secondary text-white\">mm<\/th>\n<td>3410<\/td>\n<td>3485<\/td>\n<td>3605<\/td>\n<td>3865<\/td>\n<td>3940<\/td>\n<td>4030<\/td>\n<td>4290<\/td>\n<td>4480<\/td>\n<td>4795<\/td>\n<\/tr>\n<tr class=\"table-dark\">\n<th class=\"bg-dark text-white\">Longueur B (2)<\/th>\n<th class=\"bg-dark text-white\">mm<\/th>\n<td>8770<\/td>\n<td>10460<\/td>\n<td>10600<\/td>\n<td>11300<\/td>\n<td>12430<\/td>\n<td>13880<\/td>\n<td>14130<\/td>\n<td>14000<\/td>\n<td>16100<\/td>\n<\/tr>\n<tr class=\"table-primary\">\n<th class=\"bg-primary text-white\">Hauteur C (\u00e9conomiseur inclus) (2)<\/th>\n<th class=\"bg-primary text-white\">mm<\/th>\n<td>3940<\/td>\n<td>4050<\/td>\n<td>4250<\/td>\n<td>4330<\/td>\n<td>4530<\/td>\n<td>4900<\/td>\n<td>5100<\/td>\n<td>5560<\/td>\n<td>6060<\/td>\n<\/tr>\n<tr>\n<th>Poids en charge<br \/>\n(pleine d&rsquo;eau)<\/th>\n<th>Kg<\/th>\n<td>42000<\/td>\n<td>41500<\/td>\n<td>46500<\/td>\n<td>51500<\/td>\n<td>75000<\/td>\n<td>80500<\/td>\n<td>91200<\/td>\n<td>100800<\/td>\n<td>108200<\/td>\n<\/tr>\n<\/tbody>\n<\/table>\n<\/div>\n<p>(1) La puissance est donn\u00e9e \u00e0 15 bars avec une eau alimentaire \u00e0 105\u00b0C.<\/p>\n<p>(2) Les dimensions sont globales et incluent le br\u00fbleur et les accessoires mont\u00e9s.<\/p><\/div>\n<p><!-- .vgblk-rw-wrapper --><\/p>\n","protected":false},"excerpt":{"rendered":"<p><strong>Production de vapeur de 10 000 kg\/h \u00e0 34 000 kg\/h<\/strong><br \/>\nLa chaudi\u00e8re tubes de fum\u00e9es PowerPack est une chaudi\u00e8re 3 parcours disposant d\u2019une boite de retournement aquatubulaire des gaz de combustion. Cette technologie exclusive Babcock Wanson offre une grande flexibilit\u00e9 d\u2019exploitation et assure une efficacit\u00e9 et une fiabilit\u00e9 in\u00e9gal\u00e9es sur le long terme.<\/p>\n<h2>Faible Impact Environnemental<\/h2>\n<p>La s\u00e9rie PowerPack combine les meilleures technologies disponibles, pour atteindre un haut niveau d\u2019efficacit\u00e9 associ\u00e9s \u00e0 des co\u00fbts d\u2019exploitation r\u00e9duits et des \u00e9missions ma\u00eetris\u00e9es. La PowerPack est con\u00e7ue pour r\u00e9pondre aux derni\u00e8res l\u00e9gislations environnementales europ\u00e9ennes, voire les surpasser lorsqu\u2019elle est \u00e9quip\u00e9e d\u2019un br\u00fbleur Babcock Wanson.<\/p>\n","protected":false},"featured_media":46302,"comment_status":"closed","ping_status":"closed","template":"","meta":{"_acf_changed":false,"_relevanssi_hide_post":"","_relevanssi_hide_content":"","_relevanssi_pin_for_all":"","_relevanssi_pin_keywords":"","_relevanssi_unpin_keywords":"","_relevanssi_related_keywords":"","_relevanssi_related_include_ids":"","_relevanssi_related_exclude_ids":"","_relevanssi_related_no_append":"","_relevanssi_related_not_related":"","_relevanssi_related_posts":"","_relevanssi_noindex_reason":""},"product_brand":[],"product_cat":[2650,2656],"product_tag":[],"class_list":{"0":"post-46301","1":"product","2":"type-product","3":"status-publish","4":"has-post-thumbnail","6":"product_cat-chaudieres-tubes-de-fumees","7":"product_cat-chaudieres-vapeur","9":"first","10":"instock","11":"shipping-taxable","12":"product-type-simple"},"acf":[],"yoast_head":"<!-- This site is optimized with the Yoast SEO Premium plugin v27.1 (Yoast SEO v27.1.1) - https:\/\/yoast.com\/product\/yoast-seo-premium-wordpress\/ -->\n<title>PowerPack - Babcock Wanson<\/title>\n<meta name=\"description\" content=\"La chaudi\u00e8re tubes de fum\u00e9es PowerPack est une chaudi\u00e8re 3 parcours disposant d\u2019une boite de retournement aquatubulaire des gaz de combustion.\" \/>\n<meta name=\"robots\" content=\"index, follow, max-snippet:-1, max-image-preview:large, max-video-preview:-1\" \/>\n<link rel=\"canonical\" href=\"https:\/\/www.babcock-wanson.com\/fr\/produits\/chaudieres-tubes-de-fumees\/powerpack\/\" \/>\n<meta property=\"og:locale\" content=\"fr_FR\" \/>\n<meta property=\"og:type\" content=\"article\" \/>\n<meta property=\"og:title\" content=\"PowerPack\" \/>\n<meta property=\"og:description\" content=\"La chaudi\u00e8re tubes de fum\u00e9es PowerPack est une chaudi\u00e8re 3 parcours disposant d\u2019une boite de retournement aquatubulaire des gaz de combustion.\" \/>\n<meta property=\"og:url\" content=\"https:\/\/www.babcock-wanson.com\/fr\/produits\/chaudieres-tubes-de-fumees\/powerpack\/\" \/>\n<meta property=\"og:site_name\" content=\"Babcock Wanson\" \/>\n<meta property=\"article:modified_time\" content=\"2024-03-14T09:28:04+00:00\" \/>\n<meta property=\"og:image\" content=\"https:\/\/www.babcock-wanson.com\/wp-content\/uploads\/2023\/10\/POWERPACK-1.jpg\" \/>\n\t<meta property=\"og:image:width\" content=\"800\" \/>\n\t<meta property=\"og:image:height\" content=\"600\" \/>\n\t<meta property=\"og:image:type\" content=\"image\/jpeg\" \/>\n<meta name=\"twitter:card\" content=\"summary_large_image\" \/>\n<meta name=\"twitter:label1\" content=\"Est. reading time\" \/>\n\t<meta name=\"twitter:data1\" content=\"4 minutes\" \/>\n<script type=\"application\/ld+json\" class=\"yoast-schema-graph\">{\"@context\":\"https:\/\/schema.org\",\"@graph\":[{\"@type\":\"WebPage\",\"@id\":\"https:\/\/www.babcock-wanson.com\/fr\/produits\/chaudieres-tubes-de-fumees\/powerpack\/\",\"url\":\"https:\/\/www.babcock-wanson.com\/fr\/produits\/chaudieres-tubes-de-fumees\/powerpack\/\",\"name\":\"PowerPack - Babcock Wanson\",\"isPartOf\":{\"@id\":\"https:\/\/www.babcock-wanson.com\/fr\/#website\"},\"primaryImageOfPage\":{\"@id\":\"https:\/\/www.babcock-wanson.com\/fr\/produits\/chaudieres-tubes-de-fumees\/powerpack\/#primaryimage\"},\"image\":{\"@id\":\"https:\/\/www.babcock-wanson.com\/fr\/produits\/chaudieres-tubes-de-fumees\/powerpack\/#primaryimage\"},\"thumbnailUrl\":\"https:\/\/www.babcock-wanson.com\/wp-content\/uploads\/2023\/10\/POWERPACK-1.jpg\",\"datePublished\":\"2023-10-06T15:39:37+00:00\",\"dateModified\":\"2024-03-14T09:28:04+00:00\",\"description\":\"La chaudi\u00e8re tubes de fum\u00e9es PowerPack est une chaudi\u00e8re 3 parcours disposant d\u2019une boite de retournement aquatubulaire des gaz de combustion.\",\"breadcrumb\":{\"@id\":\"https:\/\/www.babcock-wanson.com\/fr\/produits\/chaudieres-tubes-de-fumees\/powerpack\/#breadcrumb\"},\"inLanguage\":\"fr-FR\",\"potentialAction\":[{\"@type\":\"ReadAction\",\"target\":[\"https:\/\/www.babcock-wanson.com\/fr\/produits\/chaudieres-tubes-de-fumees\/powerpack\/\"]}]},{\"@type\":\"ImageObject\",\"inLanguage\":\"fr-FR\",\"@id\":\"https:\/\/www.babcock-wanson.com\/fr\/produits\/chaudieres-tubes-de-fumees\/powerpack\/#primaryimage\",\"url\":\"https:\/\/www.babcock-wanson.com\/wp-content\/uploads\/2023\/10\/POWERPACK-1.jpg\",\"contentUrl\":\"https:\/\/www.babcock-wanson.com\/wp-content\/uploads\/2023\/10\/POWERPACK-1.jpg\",\"width\":800,\"height\":600,\"caption\":\"Chaudi\u00e8res \u00e0 tubes de fum\u00e9es PowerPack\"},{\"@type\":\"BreadcrumbList\",\"@id\":\"https:\/\/www.babcock-wanson.com\/fr\/produits\/chaudieres-tubes-de-fumees\/powerpack\/#breadcrumb\",\"itemListElement\":[{\"@type\":\"ListItem\",\"position\":1,\"name\":\"Accueil\",\"item\":\"https:\/\/www.babcock-wanson.com\/fr\/\"},{\"@type\":\"ListItem\",\"position\":2,\"name\":\"Produits\",\"item\":\"https:\/\/www.babcock-wanson.com\/fr\/shop\/\"},{\"@type\":\"ListItem\",\"position\":3,\"name\":\"Chaudi\u00e8res tubes de fum\u00e9es\",\"item\":\"https:\/\/www.babcock-wanson.com\/fr\/categorie-produit\/chaudieres-tubes-de-fumees\/\"},{\"@type\":\"ListItem\",\"position\":4,\"name\":\"PowerPack\"}]},{\"@type\":\"WebSite\",\"@id\":\"https:\/\/www.babcock-wanson.com\/fr\/#website\",\"url\":\"https:\/\/www.babcock-wanson.com\/fr\/\",\"name\":\"Babcock Wanson\",\"description\":\"\",\"publisher\":{\"@id\":\"https:\/\/www.babcock-wanson.com\/fr\/#organization\"},\"potentialAction\":[{\"@type\":\"SearchAction\",\"target\":{\"@type\":\"EntryPoint\",\"urlTemplate\":\"https:\/\/www.babcock-wanson.com\/fr\/?s={search_term_string}\"},\"query-input\":{\"@type\":\"PropertyValueSpecification\",\"valueRequired\":true,\"valueName\":\"search_term_string\"}}],\"inLanguage\":\"fr-FR\"},{\"@type\":\"Organization\",\"@id\":\"https:\/\/www.babcock-wanson.com\/fr\/#organization\",\"name\":\"Babcock Wanson\",\"url\":\"https:\/\/www.babcock-wanson.com\/fr\/\",\"logo\":{\"@type\":\"ImageObject\",\"inLanguage\":\"fr-FR\",\"@id\":\"https:\/\/www.babcock-wanson.com\/fr\/#\/schema\/logo\/image\/\",\"url\":\"https:\/\/www.babcock-wanson.com\/wp-content\/uploads\/2024\/02\/Babcock-Wanson-1200x1200-1.png\",\"contentUrl\":\"https:\/\/www.babcock-wanson.com\/wp-content\/uploads\/2024\/02\/Babcock-Wanson-1200x1200-1.png\",\"width\":1200,\"height\":1200,\"caption\":\"Babcock Wanson\"},\"image\":{\"@id\":\"https:\/\/www.babcock-wanson.com\/fr\/#\/schema\/logo\/image\/\"},\"sameAs\":[\"https:\/\/www.linkedin.com\/company\/babcock-wanson\/\",\"https:\/\/www.youtube.com\/channel\/UCtxl25VieBBsP2kYmtlyv7A\"]}]}<\/script>\n<!-- \/ Yoast SEO Premium plugin. -->","yoast_head_json":{"title":"PowerPack - Babcock Wanson","description":"La chaudi\u00e8re tubes de fum\u00e9es PowerPack est une chaudi\u00e8re 3 parcours disposant d\u2019une boite de retournement aquatubulaire des gaz de combustion.","robots":{"index":"index","follow":"follow","max-snippet":"max-snippet:-1","max-image-preview":"max-image-preview:large","max-video-preview":"max-video-preview:-1"},"canonical":"https:\/\/www.babcock-wanson.com\/fr\/produits\/chaudieres-tubes-de-fumees\/powerpack\/","og_locale":"fr_FR","og_type":"article","og_title":"PowerPack","og_description":"La chaudi\u00e8re tubes de fum\u00e9es PowerPack est une chaudi\u00e8re 3 parcours disposant d\u2019une boite de retournement aquatubulaire des gaz de combustion.","og_url":"https:\/\/www.babcock-wanson.com\/fr\/produits\/chaudieres-tubes-de-fumees\/powerpack\/","og_site_name":"Babcock Wanson","article_modified_time":"2024-03-14T09:28:04+00:00","og_image":[{"width":800,"height":600,"url":"https:\/\/www.babcock-wanson.com\/wp-content\/uploads\/2023\/10\/POWERPACK-1.jpg","type":"image\/jpeg"}],"twitter_card":"summary_large_image","twitter_misc":{"Est. reading time":"4 minutes"},"schema":{"@context":"https:\/\/schema.org","@graph":[{"@type":"WebPage","@id":"https:\/\/www.babcock-wanson.com\/fr\/produits\/chaudieres-tubes-de-fumees\/powerpack\/","url":"https:\/\/www.babcock-wanson.com\/fr\/produits\/chaudieres-tubes-de-fumees\/powerpack\/","name":"PowerPack - Babcock Wanson","isPartOf":{"@id":"https:\/\/www.babcock-wanson.com\/fr\/#website"},"primaryImageOfPage":{"@id":"https:\/\/www.babcock-wanson.com\/fr\/produits\/chaudieres-tubes-de-fumees\/powerpack\/#primaryimage"},"image":{"@id":"https:\/\/www.babcock-wanson.com\/fr\/produits\/chaudieres-tubes-de-fumees\/powerpack\/#primaryimage"},"thumbnailUrl":"https:\/\/www.babcock-wanson.com\/wp-content\/uploads\/2023\/10\/POWERPACK-1.jpg","datePublished":"2023-10-06T15:39:37+00:00","dateModified":"2024-03-14T09:28:04+00:00","description":"La chaudi\u00e8re tubes de fum\u00e9es PowerPack est une chaudi\u00e8re 3 parcours disposant d\u2019une boite de retournement aquatubulaire des gaz de combustion.","breadcrumb":{"@id":"https:\/\/www.babcock-wanson.com\/fr\/produits\/chaudieres-tubes-de-fumees\/powerpack\/#breadcrumb"},"inLanguage":"fr-FR","potentialAction":[{"@type":"ReadAction","target":["https:\/\/www.babcock-wanson.com\/fr\/produits\/chaudieres-tubes-de-fumees\/powerpack\/"]}]},{"@type":"ImageObject","inLanguage":"fr-FR","@id":"https:\/\/www.babcock-wanson.com\/fr\/produits\/chaudieres-tubes-de-fumees\/powerpack\/#primaryimage","url":"https:\/\/www.babcock-wanson.com\/wp-content\/uploads\/2023\/10\/POWERPACK-1.jpg","contentUrl":"https:\/\/www.babcock-wanson.com\/wp-content\/uploads\/2023\/10\/POWERPACK-1.jpg","width":800,"height":600,"caption":"Chaudi\u00e8res \u00e0 tubes de fum\u00e9es PowerPack"},{"@type":"BreadcrumbList","@id":"https:\/\/www.babcock-wanson.com\/fr\/produits\/chaudieres-tubes-de-fumees\/powerpack\/#breadcrumb","itemListElement":[{"@type":"ListItem","position":1,"name":"Accueil","item":"https:\/\/www.babcock-wanson.com\/fr\/"},{"@type":"ListItem","position":2,"name":"Produits","item":"https:\/\/www.babcock-wanson.com\/fr\/shop\/"},{"@type":"ListItem","position":3,"name":"Chaudi\u00e8res tubes de fum\u00e9es","item":"https:\/\/www.babcock-wanson.com\/fr\/categorie-produit\/chaudieres-tubes-de-fumees\/"},{"@type":"ListItem","position":4,"name":"PowerPack"}]},{"@type":"WebSite","@id":"https:\/\/www.babcock-wanson.com\/fr\/#website","url":"https:\/\/www.babcock-wanson.com\/fr\/","name":"Babcock Wanson","description":"","publisher":{"@id":"https:\/\/www.babcock-wanson.com\/fr\/#organization"},"potentialAction":[{"@type":"SearchAction","target":{"@type":"EntryPoint","urlTemplate":"https:\/\/www.babcock-wanson.com\/fr\/?s={search_term_string}"},"query-input":{"@type":"PropertyValueSpecification","valueRequired":true,"valueName":"search_term_string"}}],"inLanguage":"fr-FR"},{"@type":"Organization","@id":"https:\/\/www.babcock-wanson.com\/fr\/#organization","name":"Babcock Wanson","url":"https:\/\/www.babcock-wanson.com\/fr\/","logo":{"@type":"ImageObject","inLanguage":"fr-FR","@id":"https:\/\/www.babcock-wanson.com\/fr\/#\/schema\/logo\/image\/","url":"https:\/\/www.babcock-wanson.com\/wp-content\/uploads\/2024\/02\/Babcock-Wanson-1200x1200-1.png","contentUrl":"https:\/\/www.babcock-wanson.com\/wp-content\/uploads\/2024\/02\/Babcock-Wanson-1200x1200-1.png","width":1200,"height":1200,"caption":"Babcock Wanson"},"image":{"@id":"https:\/\/www.babcock-wanson.com\/fr\/#\/schema\/logo\/image\/"},"sameAs":["https:\/\/www.linkedin.com\/company\/babcock-wanson\/","https:\/\/www.youtube.com\/channel\/UCtxl25VieBBsP2kYmtlyv7A"]}]}},"jetpack_sharing_enabled":true,"_links":{"self":[{"href":"https:\/\/www.babcock-wanson.com\/fr\/wp-json\/wp\/v2\/product\/46301","targetHints":{"allow":["GET"]}}],"collection":[{"href":"https:\/\/www.babcock-wanson.com\/fr\/wp-json\/wp\/v2\/product"}],"about":[{"href":"https:\/\/www.babcock-wanson.com\/fr\/wp-json\/wp\/v2\/types\/product"}],"replies":[{"embeddable":true,"href":"https:\/\/www.babcock-wanson.com\/fr\/wp-json\/wp\/v2\/comments?post=46301"}],"wp:featuredmedia":[{"embeddable":true,"href":"https:\/\/www.babcock-wanson.com\/fr\/wp-json\/wp\/v2\/media\/46302"}],"wp:attachment":[{"href":"https:\/\/www.babcock-wanson.com\/fr\/wp-json\/wp\/v2\/media?parent=46301"}],"wp:term":[{"taxonomy":"product_brand","embeddable":true,"href":"https:\/\/www.babcock-wanson.com\/fr\/wp-json\/wp\/v2\/product_brand?post=46301"},{"taxonomy":"product_cat","embeddable":true,"href":"https:\/\/www.babcock-wanson.com\/fr\/wp-json\/wp\/v2\/product_cat?post=46301"},{"taxonomy":"product_tag","embeddable":true,"href":"https:\/\/www.babcock-wanson.com\/fr\/wp-json\/wp\/v2\/product_tag?post=46301"}],"curies":[{"name":"wp","href":"https:\/\/api.w.org\/{rel}","templated":true}]}}