{"id":53924,"date":"2026-04-10T17:03:49","date_gmt":"2026-04-10T16:06:15","guid":{"rendered":"https:\/\/www.babcock-wanson.com\/?post_type=product&#038;p=53924"},"modified":"2026-04-10T17:06:15","modified_gmt":"2026-04-10T16:06:15","slug":"chaudieres-electrodes-haute-tension","status":"publish","type":"product","link":"https:\/\/www.babcock-wanson.com\/fr\/produits\/chaudieres-electriques\/chaudieres-electrodes-haute-tension\/","title":{"rendered":"Chaudi\u00e8res \u00e9lectrodes haute tension"},"content":{"rendered":"<div class=\"vgblk-rw-wrapper limit-wrapper\"><figure id=\"attachment_53891\" aria-describedby=\"caption-attachment-53891\" style=\"width: 409px\" class=\"wp-caption alignright\"><img loading=\"lazy\" decoding=\"async\" class=\" wp-image-53891\" src=\"https:\/\/www.babcock-wanson.com\/wp-content\/uploads\/2026\/04\/Electrode-Boiler-Parat-IEH_edit.webp\" alt=\"Electrode Boiler - Parat IEH_edit\" width=\"409\" height=\"818\" srcset=\"https:\/\/www.babcock-wanson.com\/wp-content\/uploads\/2026\/04\/Electrode-Boiler-Parat-IEH_edit.webp 600w, https:\/\/www.babcock-wanson.com\/wp-content\/uploads\/2026\/04\/Electrode-Boiler-Parat-IEH_edit-150x300.webp 150w, https:\/\/www.babcock-wanson.com\/wp-content\/uploads\/2026\/04\/Electrode-Boiler-Parat-IEH_edit-512x1024.webp 512w, https:\/\/www.babcock-wanson.com\/wp-content\/uploads\/2026\/04\/Electrode-Boiler-Parat-IEH_edit-50x100.webp 50w, https:\/\/www.babcock-wanson.com\/wp-content\/uploads\/2026\/04\/Electrode-Boiler-Parat-IEH_edit-420x840.webp 420w, https:\/\/www.babcock-wanson.com\/wp-content\/uploads\/2026\/04\/Electrode-Boiler-Parat-IEH_edit-315x630.webp 315w\" sizes=\"auto, (max-width: 409px) 100vw, 409px\" \/><figcaption id=\"caption-attachment-53891\" class=\"wp-caption-text\">Electrode Boiler &#8211; Parat IEH<\/figcaption><\/figure><\/p>\n<h2><b>Une r\u00e9duction massive de l\u2019empreinte environnementale<\/b><\/h2>\n<h4>La chaudi\u00e8re \u00e0 \u00e9lectrode haute tension Parat IEH allie performance, r\u00e9activit\u00e9, fiabilit\u00e9, simplicit\u00e9 d\u2019exploitation. Elle est un atout majeur pour accompagner la d\u00e9carbonation de l\u2019industrie, r\u00e9pondre aux exigences environnementales, tout en garantissant performance et comp\u00e9titivit\u00e9.<\/h4>\n<p>&nbsp;<\/p>\n<ul>\n<li>\n<h5>Z\u00e9ro \u00e9mission sur site (CO2 &#8211; NOx\u2013 SOx)<\/h5>\n<\/li>\n<li>\n<h5>Rendement sup\u00e9rieur \u00e0 99%<\/h5>\n<\/li>\n<li>\n<h5>Puissance de 70 MW<\/h5>\n<\/li>\n<li>\n<h5>Pression jusqu\u2019\u00e0 70 barg<\/h5>\n<\/li>\n<li>\n<h5>Taux de modulation \u00e9lev\u00e9 (4% &#8211; 100%)<\/h5>\n<\/li>\n<li>\n<h5>Consommation nulle en mode veille<\/h5>\n<\/li>\n<li>\n<h5>Ne n\u00e9cessite pas de transformateur suppl\u00e9mentaire pour le raccordement au r\u00e9seau<\/h5>\n<\/li>\n<li>\n<h5>Solution de pointe pour la r\u00e9gulation de fr\u00e9quence du r\u00e9seau \u00e9lectrique<\/h5>\n<\/li>\n<\/ul>\n<p>&nbsp;<\/p>\n<p><a href=\"https:\/\/parat.no\/products\/ieh-high-voltage-electrode-boiler\" target=\"_blank\" rel=\"noopener\">Plus d\u2019informations techniques<br \/>\n<\/a><\/div>\n<p><!-- .vgblk-rw-wrapper --><\/p>\n","protected":false},"excerpt":{"rendered":"<h5>La chaudi\u00e8re \u00e0 \u00e9lectrodes haute tension Parat &#8211; IEH est la solution la plus performante pour d\u00e9carboner efficacement les usages vapeur et eau chaude les plus importants. Elle embarque un concentr\u00e9 d\u2019innovations technologiques qui font d\u2019elle une solution de r\u00e9f\u00e9rence dans un contexte o\u00f9 la transition \u00e9nerg\u00e9tique et la r\u00e9duction de l\u2019empreinte carbone sont devenues des priorit\u00e9s strat\u00e9giques pour l\u2019industrie.<\/h5>\n<p>&nbsp;<\/p>\n<ul>\n<li>\n<h5>Limitez la consommation de ressources fortement \u00e9mettrices en gaz \u00e0 effet de serre<\/h5>\n<\/li>\n<li>\n<h5>Tirez parti des mix \u00e9nerg\u00e9tiques bas carbone disponibles<\/h5>\n<\/li>\n<\/ul>\n","protected":false},"featured_media":53901,"comment_status":"closed","ping_status":"closed","template":"","meta":{"_acf_changed":false,"_relevanssi_hide_post":"","_relevanssi_hide_content":"","_relevanssi_pin_for_all":"","_relevanssi_pin_keywords":"","_relevanssi_unpin_keywords":"","_relevanssi_related_keywords":"","_relevanssi_related_include_ids":"","_relevanssi_related_exclude_ids":"","_relevanssi_related_no_append":"","_relevanssi_related_not_related":"","_relevanssi_related_posts":"","_relevanssi_noindex_reason":""},"product_brand":[],"product_cat":[2649],"product_tag":[],"class_list":{"0":"post-53924","1":"product","2":"type-product","3":"status-publish","4":"has-post-thumbnail","6":"product_cat-chaudieres-electriques","8":"first","9":"instock","10":"shipping-taxable","11":"product-type-simple"},"acf":[],"yoast_head":"<!-- This site is optimized with the Yoast SEO Premium plugin v27.4 (Yoast SEO v27.4) - https:\/\/yoast.com\/product\/yoast-seo-premium-wordpress\/ -->\n<title>Chaudi\u00e8res \u00e9lectrodes haute tension - Babcock Wanson<\/title>\n<meta name=\"description\" content=\"La chaudi\u00e8re \u00e0 \u00e9lectrodes haute tension Parat - IEH est la solution la plus performante pour d\u00e9carboner efficacement les usages vapeur et eau chaude les plus importants.\" \/>\n<meta name=\"robots\" content=\"index, follow, max-snippet:-1, max-image-preview:large, max-video-preview:-1\" \/>\n<link rel=\"canonical\" href=\"https:\/\/www.babcock-wanson.com\/fr\/produits\/chaudieres-electriques\/chaudieres-electrodes-haute-tension\/\" \/>\n<meta property=\"og:locale\" content=\"fr_FR\" \/>\n<meta property=\"og:type\" content=\"article\" \/>\n<meta property=\"og:title\" content=\"Chaudi\u00e8res \u00e9lectrodes haute tension\" \/>\n<meta property=\"og:description\" content=\"La chaudi\u00e8re \u00e0 \u00e9lectrodes haute tension Parat - IEH est la solution la plus performante pour d\u00e9carboner efficacement les usages vapeur et eau chaude les plus importants.\" \/>\n<meta property=\"og:url\" content=\"https:\/\/www.babcock-wanson.com\/fr\/produits\/chaudieres-electriques\/chaudieres-electrodes-haute-tension\/\" \/>\n<meta property=\"og:site_name\" content=\"Babcock Wanson\" \/>\n<meta property=\"og:image\" content=\"https:\/\/www.babcock-wanson.com\/wp-content\/uploads\/2026\/04\/Electrode-Boilers_Parat-IEH_1.webp\" \/>\n\t<meta property=\"og:image:width\" content=\"600\" \/>\n\t<meta property=\"og:image:height\" content=\"400\" \/>\n\t<meta property=\"og:image:type\" content=\"image\/webp\" \/>\n<meta name=\"twitter:card\" content=\"summary_large_image\" \/>\n<meta name=\"twitter:label1\" content=\"Est. reading time\" \/>\n\t<meta name=\"twitter:data1\" content=\"2 minutes\" \/>\n<script type=\"application\/ld+json\" class=\"yoast-schema-graph\">{\"@context\":\"https:\\\/\\\/schema.org\",\"@graph\":[{\"@type\":\"WebPage\",\"@id\":\"https:\\\/\\\/www.babcock-wanson.com\\\/fr\\\/produits\\\/chaudieres-electriques\\\/chaudieres-electrodes-haute-tension\\\/\",\"url\":\"https:\\\/\\\/www.babcock-wanson.com\\\/fr\\\/produits\\\/chaudieres-electriques\\\/chaudieres-electrodes-haute-tension\\\/\",\"name\":\"Chaudi\u00e8res \u00e9lectrodes haute tension - Babcock Wanson\",\"isPartOf\":{\"@id\":\"https:\\\/\\\/www.babcock-wanson.com\\\/fr\\\/#website\"},\"primaryImageOfPage\":{\"@id\":\"https:\\\/\\\/www.babcock-wanson.com\\\/fr\\\/produits\\\/chaudieres-electriques\\\/chaudieres-electrodes-haute-tension\\\/#primaryimage\"},\"image\":{\"@id\":\"https:\\\/\\\/www.babcock-wanson.com\\\/fr\\\/produits\\\/chaudieres-electriques\\\/chaudieres-electrodes-haute-tension\\\/#primaryimage\"},\"thumbnailUrl\":\"https:\\\/\\\/www.babcock-wanson.com\\\/wp-content\\\/uploads\\\/2026\\\/04\\\/Electrode-Boilers_Parat-IEH_1.webp\",\"datePublished\":\"2026-04-10T16:06:15+00:00\",\"description\":\"La chaudi\u00e8re \u00e0 \u00e9lectrodes haute tension Parat - IEH est la solution la plus performante pour d\u00e9carboner efficacement les usages vapeur et eau chaude les plus importants.\",\"breadcrumb\":{\"@id\":\"https:\\\/\\\/www.babcock-wanson.com\\\/fr\\\/produits\\\/chaudieres-electriques\\\/chaudieres-electrodes-haute-tension\\\/#breadcrumb\"},\"inLanguage\":\"fr-FR\",\"potentialAction\":[{\"@type\":\"ReadAction\",\"target\":[\"https:\\\/\\\/www.babcock-wanson.com\\\/fr\\\/produits\\\/chaudieres-electriques\\\/chaudieres-electrodes-haute-tension\\\/\"]}]},{\"@type\":\"ImageObject\",\"inLanguage\":\"fr-FR\",\"@id\":\"https:\\\/\\\/www.babcock-wanson.com\\\/fr\\\/produits\\\/chaudieres-electriques\\\/chaudieres-electrodes-haute-tension\\\/#primaryimage\",\"url\":\"https:\\\/\\\/www.babcock-wanson.com\\\/wp-content\\\/uploads\\\/2026\\\/04\\\/Electrode-Boilers_Parat-IEH_1.webp\",\"contentUrl\":\"https:\\\/\\\/www.babcock-wanson.com\\\/wp-content\\\/uploads\\\/2026\\\/04\\\/Electrode-Boilers_Parat-IEH_1.webp\",\"width\":600,\"height\":400,\"caption\":\"Electrode-Boilers_Parat-IEH_1\"},{\"@type\":\"BreadcrumbList\",\"@id\":\"https:\\\/\\\/www.babcock-wanson.com\\\/fr\\\/produits\\\/chaudieres-electriques\\\/chaudieres-electrodes-haute-tension\\\/#breadcrumb\",\"itemListElement\":[{\"@type\":\"ListItem\",\"position\":1,\"name\":\"Accueil\",\"item\":\"https:\\\/\\\/www.babcock-wanson.com\\\/fr\\\/\"},{\"@type\":\"ListItem\",\"position\":2,\"name\":\"Produits\",\"item\":\"https:\\\/\\\/www.babcock-wanson.com\\\/fr\\\/shop\\\/\"},{\"@type\":\"ListItem\",\"position\":3,\"name\":\"Chaudi\u00e8res \u00e9lectriques industrielles\",\"item\":\"https:\\\/\\\/www.babcock-wanson.com\\\/fr\\\/categorie-produit\\\/chaudieres-electriques\\\/\"},{\"@type\":\"ListItem\",\"position\":4,\"name\":\"Chaudi\u00e8res \u00e9lectrodes haute tension\"}]},{\"@type\":\"WebSite\",\"@id\":\"https:\\\/\\\/www.babcock-wanson.com\\\/fr\\\/#website\",\"url\":\"https:\\\/\\\/www.babcock-wanson.com\\\/fr\\\/\",\"name\":\"Babcock Wanson\",\"description\":\"\",\"publisher\":{\"@id\":\"https:\\\/\\\/www.babcock-wanson.com\\\/fr\\\/#organization\"},\"potentialAction\":[{\"@type\":\"SearchAction\",\"target\":{\"@type\":\"EntryPoint\",\"urlTemplate\":\"https:\\\/\\\/www.babcock-wanson.com\\\/fr\\\/?s={search_term_string}\"},\"query-input\":{\"@type\":\"PropertyValueSpecification\",\"valueRequired\":true,\"valueName\":\"search_term_string\"}}],\"inLanguage\":\"fr-FR\"},{\"@type\":\"Organization\",\"@id\":\"https:\\\/\\\/www.babcock-wanson.com\\\/fr\\\/#organization\",\"name\":\"Babcock Wanson\",\"url\":\"https:\\\/\\\/www.babcock-wanson.com\\\/fr\\\/\",\"logo\":{\"@type\":\"ImageObject\",\"inLanguage\":\"fr-FR\",\"@id\":\"https:\\\/\\\/www.babcock-wanson.com\\\/fr\\\/#\\\/schema\\\/logo\\\/image\\\/\",\"url\":\"https:\\\/\\\/www.babcock-wanson.com\\\/wp-content\\\/uploads\\\/2024\\\/02\\\/Babcock-Wanson-1200x1200-1.png\",\"contentUrl\":\"https:\\\/\\\/www.babcock-wanson.com\\\/wp-content\\\/uploads\\\/2024\\\/02\\\/Babcock-Wanson-1200x1200-1.png\",\"width\":1200,\"height\":1200,\"caption\":\"Babcock Wanson\"},\"image\":{\"@id\":\"https:\\\/\\\/www.babcock-wanson.com\\\/fr\\\/#\\\/schema\\\/logo\\\/image\\\/\"},\"sameAs\":[\"https:\\\/\\\/www.linkedin.com\\\/company\\\/babcock-wanson\\\/\",\"https:\\\/\\\/www.youtube.com\\\/channel\\\/UCtxl25VieBBsP2kYmtlyv7A\"]}]}<\/script>\n<!-- \/ Yoast SEO Premium plugin. -->","yoast_head_json":{"title":"Chaudi\u00e8res \u00e9lectrodes haute tension - Babcock Wanson","description":"La chaudi\u00e8re \u00e0 \u00e9lectrodes haute tension Parat - IEH est la solution la plus performante pour d\u00e9carboner efficacement les usages vapeur et eau chaude les plus importants.","robots":{"index":"index","follow":"follow","max-snippet":"max-snippet:-1","max-image-preview":"max-image-preview:large","max-video-preview":"max-video-preview:-1"},"canonical":"https:\/\/www.babcock-wanson.com\/fr\/produits\/chaudieres-electriques\/chaudieres-electrodes-haute-tension\/","og_locale":"fr_FR","og_type":"article","og_title":"Chaudi\u00e8res \u00e9lectrodes haute tension","og_description":"La chaudi\u00e8re \u00e0 \u00e9lectrodes haute tension Parat - IEH est la solution la plus performante pour d\u00e9carboner efficacement les usages vapeur et eau chaude les plus importants.","og_url":"https:\/\/www.babcock-wanson.com\/fr\/produits\/chaudieres-electriques\/chaudieres-electrodes-haute-tension\/","og_site_name":"Babcock Wanson","og_image":[{"width":600,"height":400,"url":"https:\/\/www.babcock-wanson.com\/wp-content\/uploads\/2026\/04\/Electrode-Boilers_Parat-IEH_1.webp","type":"image\/webp"}],"twitter_card":"summary_large_image","twitter_misc":{"Est. reading time":"2 minutes"},"schema":{"@context":"https:\/\/schema.org","@graph":[{"@type":"WebPage","@id":"https:\/\/www.babcock-wanson.com\/fr\/produits\/chaudieres-electriques\/chaudieres-electrodes-haute-tension\/","url":"https:\/\/www.babcock-wanson.com\/fr\/produits\/chaudieres-electriques\/chaudieres-electrodes-haute-tension\/","name":"Chaudi\u00e8res \u00e9lectrodes haute tension - Babcock Wanson","isPartOf":{"@id":"https:\/\/www.babcock-wanson.com\/fr\/#website"},"primaryImageOfPage":{"@id":"https:\/\/www.babcock-wanson.com\/fr\/produits\/chaudieres-electriques\/chaudieres-electrodes-haute-tension\/#primaryimage"},"image":{"@id":"https:\/\/www.babcock-wanson.com\/fr\/produits\/chaudieres-electriques\/chaudieres-electrodes-haute-tension\/#primaryimage"},"thumbnailUrl":"https:\/\/www.babcock-wanson.com\/wp-content\/uploads\/2026\/04\/Electrode-Boilers_Parat-IEH_1.webp","datePublished":"2026-04-10T16:06:15+00:00","description":"La chaudi\u00e8re \u00e0 \u00e9lectrodes haute tension Parat - IEH est la solution la plus performante pour d\u00e9carboner efficacement les usages vapeur et eau chaude les plus importants.","breadcrumb":{"@id":"https:\/\/www.babcock-wanson.com\/fr\/produits\/chaudieres-electriques\/chaudieres-electrodes-haute-tension\/#breadcrumb"},"inLanguage":"fr-FR","potentialAction":[{"@type":"ReadAction","target":["https:\/\/www.babcock-wanson.com\/fr\/produits\/chaudieres-electriques\/chaudieres-electrodes-haute-tension\/"]}]},{"@type":"ImageObject","inLanguage":"fr-FR","@id":"https:\/\/www.babcock-wanson.com\/fr\/produits\/chaudieres-electriques\/chaudieres-electrodes-haute-tension\/#primaryimage","url":"https:\/\/www.babcock-wanson.com\/wp-content\/uploads\/2026\/04\/Electrode-Boilers_Parat-IEH_1.webp","contentUrl":"https:\/\/www.babcock-wanson.com\/wp-content\/uploads\/2026\/04\/Electrode-Boilers_Parat-IEH_1.webp","width":600,"height":400,"caption":"Electrode-Boilers_Parat-IEH_1"},{"@type":"BreadcrumbList","@id":"https:\/\/www.babcock-wanson.com\/fr\/produits\/chaudieres-electriques\/chaudieres-electrodes-haute-tension\/#breadcrumb","itemListElement":[{"@type":"ListItem","position":1,"name":"Accueil","item":"https:\/\/www.babcock-wanson.com\/fr\/"},{"@type":"ListItem","position":2,"name":"Produits","item":"https:\/\/www.babcock-wanson.com\/fr\/shop\/"},{"@type":"ListItem","position":3,"name":"Chaudi\u00e8res \u00e9lectriques industrielles","item":"https:\/\/www.babcock-wanson.com\/fr\/categorie-produit\/chaudieres-electriques\/"},{"@type":"ListItem","position":4,"name":"Chaudi\u00e8res \u00e9lectrodes haute tension"}]},{"@type":"WebSite","@id":"https:\/\/www.babcock-wanson.com\/fr\/#website","url":"https:\/\/www.babcock-wanson.com\/fr\/","name":"Babcock Wanson","description":"","publisher":{"@id":"https:\/\/www.babcock-wanson.com\/fr\/#organization"},"potentialAction":[{"@type":"SearchAction","target":{"@type":"EntryPoint","urlTemplate":"https:\/\/www.babcock-wanson.com\/fr\/?s={search_term_string}"},"query-input":{"@type":"PropertyValueSpecification","valueRequired":true,"valueName":"search_term_string"}}],"inLanguage":"fr-FR"},{"@type":"Organization","@id":"https:\/\/www.babcock-wanson.com\/fr\/#organization","name":"Babcock Wanson","url":"https:\/\/www.babcock-wanson.com\/fr\/","logo":{"@type":"ImageObject","inLanguage":"fr-FR","@id":"https:\/\/www.babcock-wanson.com\/fr\/#\/schema\/logo\/image\/","url":"https:\/\/www.babcock-wanson.com\/wp-content\/uploads\/2024\/02\/Babcock-Wanson-1200x1200-1.png","contentUrl":"https:\/\/www.babcock-wanson.com\/wp-content\/uploads\/2024\/02\/Babcock-Wanson-1200x1200-1.png","width":1200,"height":1200,"caption":"Babcock Wanson"},"image":{"@id":"https:\/\/www.babcock-wanson.com\/fr\/#\/schema\/logo\/image\/"},"sameAs":["https:\/\/www.linkedin.com\/company\/babcock-wanson\/","https:\/\/www.youtube.com\/channel\/UCtxl25VieBBsP2kYmtlyv7A"]}]}},"jetpack_sharing_enabled":true,"_links":{"self":[{"href":"https:\/\/www.babcock-wanson.com\/fr\/wp-json\/wp\/v2\/product\/53924","targetHints":{"allow":["GET"]}}],"collection":[{"href":"https:\/\/www.babcock-wanson.com\/fr\/wp-json\/wp\/v2\/product"}],"about":[{"href":"https:\/\/www.babcock-wanson.com\/fr\/wp-json\/wp\/v2\/types\/product"}],"replies":[{"embeddable":true,"href":"https:\/\/www.babcock-wanson.com\/fr\/wp-json\/wp\/v2\/comments?post=53924"}],"wp:featuredmedia":[{"embeddable":true,"href":"https:\/\/www.babcock-wanson.com\/fr\/wp-json\/wp\/v2\/media\/53901"}],"wp:attachment":[{"href":"https:\/\/www.babcock-wanson.com\/fr\/wp-json\/wp\/v2\/media?parent=53924"}],"wp:term":[{"taxonomy":"product_brand","embeddable":true,"href":"https:\/\/www.babcock-wanson.com\/fr\/wp-json\/wp\/v2\/product_brand?post=53924"},{"taxonomy":"product_cat","embeddable":true,"href":"https:\/\/www.babcock-wanson.com\/fr\/wp-json\/wp\/v2\/product_cat?post=53924"},{"taxonomy":"product_tag","embeddable":true,"href":"https:\/\/www.babcock-wanson.com\/fr\/wp-json\/wp\/v2\/product_tag?post=53924"}],"curies":[{"name":"wp","href":"https:\/\/api.w.org\/{rel}","templated":true}]}}