{"id":24825,"date":"2020-03-16T15:55:46","date_gmt":"2020-03-16T15:55:46","guid":{"rendered":"https:\/\/www.babcock-wanson.com\/profilo-aziendale\/sostenibilita\/"},"modified":"2025-11-04T15:03:30","modified_gmt":"2025-11-04T15:03:30","slug":"sostenibilita","status":"publish","type":"page","link":"https:\/\/www.babcock-wanson.com\/it\/profilo-aziendale\/sostenibilita\/","title":{"rendered":"Sostenibilit\u00e0"},"content":{"rendered":"<div class=\"vgblk-rw-wrapper limit-wrapper\">\n<h2>\n\tBabcock Wanson \u00e8 totalmente impegnata a integrare la sostenibilit\u00e0 nella sua strategia commerciale globale. Lo scopo \u00e8 aiutare i clienti a raggiungere gli obiettivi ambientali prefissati\n\t<\/h2>\n<h3>\n\tImpatto Ambientale\n\t<\/h3>\n\t<p>Le nostre caratteristiche ecosostenibili sono fondamentali per aiutare i nostri clienti a ridurre il loro impatto sull&#8217;ambiente.<\/p>\n<h3>\n\tEfficienza Energetica\n\t<\/h3>\n\t<p>Offriamo molte opzioni di ottimizzazione e lavoreremo con i nostri clienti industriali per mostrare i potenziali risparmi.<\/p>\n<h3>\n\tConformit\u00e0 Normativa\n\t<\/h3>\n\t<p>Le caldaie Babcock Wanson sono conformi, e spesso superiori, ai requisiti degli attuali regolamenti sulle prestazioni.<\/p>\n<h3>\n\tEconomia circolare\n\t<\/h3>\n\t<p>Ci proponiamo di lavorare con fornitori locali di beni e servizi ovunque sia praticabile per ridurre la distanza del trasporto di tutti i materiali.<\/p>\n<h2>\n\tEfficienza Energetica\n\t<\/h2>\n\t<p>Uno dei fattori chiave per raggiungere altissimi livelli di efficienza energetica dei sistemi \u00e8 la capacit\u00e0 dei prodotti Babcock Wanson di funzionare ad altissima temperatura in un semplice circuito energetico chiuso, il pi\u00f9 completo possibile. Questo approccio permette di ottimizzare il trasferimento di energia in modo da raggiungere efficienze fino al 97% (a seconda del prodotto e delle condizioni operative) nel campo operativo della caldaia.<\/p>\n<p>Babcock Wanson offre molte opzioni di ottimizzazione e lavorer\u00e0 con i propri clienti industriali per mostrare i potenziali risparmi ed evidenziare le migliori soluzioni per le loro applicazioni.<\/p>\n\t\t\t\t\t\t\t99%\t\t\t\t\n\t\t\t<style>\n\t\t\t\t.fl-node- .fl-number-bars-container {\n\t\t\t\t\tbackground-color: var( --vamtam-accent-color-7 );\n\t\t\t\t}\n\t\t\t\t.fl-node- .fl-number-bar {\n\t\t\t\t\tbackground-color: var( --vamtam-accent-color-1 );\n\t\t\t\t}\n\t\t\t<\/style>\n\t<p>Efficienza tipica delle nuove caldaie elettriche<\/p>\n\t\t\t\t\t\t\t95%\t\t\t\t\n\t\t\t<style>\n\t\t\t\t.fl-node- .fl-number-bars-container {\n\t\t\t\t\tbackground-color: var( --vamtam-accent-color-7 );\n\t\t\t\t}\n\t\t\t\t.fl-node- .fl-number-bar {\n\t\t\t\t\tbackground-color: var( --vamtam-accent-color-1 );\n\t\t\t\t}\n\t\t\t<\/style>\n\t<p>Efficienza tipica delle nuove caldaie a gas<\/p>\n\t\t\t\t\t\t\t75%\t\t\t\t\n\t\t\t<style>\n\t\t\t\t.fl-node- .fl-number-bars-container {\n\t\t\t\t\tbackground-color: var( --vamtam-accent-color-7 );\n\t\t\t\t}\n\t\t\t\t.fl-node- .fl-number-bar {\n\t\t\t\t\tbackground-color: var( --vamtam-accent-color-1 );\n\t\t\t\t}\n\t\t\t<\/style>\n\t<p>Tipico aumento del tasso di blowdown con l&#8217;osmosi inversa<\/p>\n\t\t\t\t\t\t\t<img loading=\"lazy\" decoding=\"async\" src=\"https:\/\/www.babcock-wanson.com\/wp-content\/uploads\/2019\/02\/boiler-management-training-1.jpg\" alt=\"formazione-gestione-di-caldaie-\" itemprop=\"image\" height=\"400\" width=\"600\" title=\"formazione-gestione-di-caldaie-1\" onerror=\"this.style.display='none'\"  sizes=\"auto, (max-width: 768px) 100vw, 100vw\" srcset=\"https:\/\/www.babcock-wanson.com\/wp-content\/uploads\/2019\/02\/boiler-management-training-1.jpg 600w, https:\/\/www.babcock-wanson.com\/wp-content\/uploads\/2019\/02\/boiler-management-training-1-300x200.jpg 300w, https:\/\/www.babcock-wanson.com\/wp-content\/uploads\/2019\/02\/boiler-management-training-1-420x280.jpg 420w, https:\/\/www.babcock-wanson.com\/wp-content\/uploads\/2019\/02\/boiler-management-training-1-315x210.jpg 315w\" \/>\t\t\t\t\t\t\t\n<h2>\n\t\tConformit\u00e0 e Regolamento\n\t<\/h2>\n\t<p>Le caldaie Babcock Wanson sono conformi, e spesso superiori, ai requisiti degli attuali regolamenti sulle prestazioni.<\/p>\n<p>Babcock Wanson lavora anche con il Carbon Trust per ottimizzare l&#8217;uso dell&#8217;energia con sistemi di riscaldamento a fluido termico di alta qualit\u00e0. Il Carbon Trust \u00e8 un ente internazionale indipendente specializzato, partner di importanti organizzazioni, le quali beneficiano di un aiuto per costruire e vivere un futuro pi\u00f9 sostenibile attraverso la riduzione del carbonio, strategie di efficienza delle risorse e la commercializzazione di tecnologie a basso consumo di carbonio.<\/p>\n<p>DEMOXYA \u00e8 un progetto Babcock Wanson che ha ottenuto un finanziamento dall&#8217;ADEME, l&#8217;Agenzia francese per l&#8217;ambiente e la gestione dell&#8217;energia, nell&#8217;ambito di un bando a sostegno di programmi di Ricerca &amp; Sviluppo finalizzati a migliorare la qualit\u00e0 dell&#8217;aria sia in ambienti interni che esterni. Il nome del progetto \u00e8 l&#8217;acronimo di &#8220;D\u00e9veloppement et d\u00e9monstration de br\u00fbleurs \u00e0 tr\u00e8s faibles \u00e9missions d&#8217;oxydes d&#8217;azote&#8221; (sviluppo e dimostrazione di bruciatori con bassissime emissioni di ossidi di azoto).<\/p>\n<h2>\n\t\tEfficienza di Costi e Tempi\n\t<\/h2>\n\t<p>Per aiutare a identificare riduzioni di costi e potenziali miglioramenti nel funzionamento di una sala caldaie, Babcock Wanson ha sviluppato uno strumento di analisi di sale caldaie in grado di quantificare i possibili risparmi di combustibile prima dell&#8217;investimento. Questo strumento considera tutti i parametri operativi della sala caldaie, dal <a href=\"https:\/\/www.babcock-wanson.com\/it\/categoria-prodotto\/trattamento-acqua-industriale\/\" rel=\"noopener\" target=\"_blank\">trattamento dell&#8217;acqua<\/a> all&#8217;immissione di combustibile fino alle emissioni di scarico.<\/p>\n<p>Tutti i prodotti Babcock Wanson sono progettati per un facile funzionamento e i nostri clienti beneficiano del controllo dei costi associato.<\/p>\n\t\t\t\t\t\t\t<img loading=\"lazy\" decoding=\"async\" src=\"https:\/\/www.babcock-wanson.com\/wp-content\/uploads\/2019\/02\/industrial-boiler-after-sales-service-2.jpg\" alt=\"industriale-caldaie-assistenza-post-vendita\" itemprop=\"image\" height=\"400\" width=\"600\" title=\"industriale-caldaie-assistenza-post-vendita-2\" onerror=\"this.style.display='none'\"  sizes=\"auto, (max-width: 768px) 100vw, 100vw\" srcset=\"https:\/\/www.babcock-wanson.com\/wp-content\/uploads\/2019\/02\/industrial-boiler-after-sales-service-2.jpg 600w, https:\/\/www.babcock-wanson.com\/wp-content\/uploads\/2019\/02\/industrial-boiler-after-sales-service-2-300x200.jpg 300w, https:\/\/www.babcock-wanson.com\/wp-content\/uploads\/2019\/02\/industrial-boiler-after-sales-service-2-420x280.jpg 420w, https:\/\/www.babcock-wanson.com\/wp-content\/uploads\/2019\/02\/industrial-boiler-after-sales-service-2-315x210.jpg 315w\" \/>\t\t\t\t\t\t\t\n\t\t\t\t\t\t\t<img loading=\"lazy\" decoding=\"async\" src=\"https:\/\/www.babcock-wanson.com\/wp-content\/uploads\/2018\/09\/Regenerative-Oxidisers-4.jpg\" alt=\"Ossidatori rigenerativi\" itemprop=\"image\" height=\"400\" width=\"600\" title=\"Ossidatori rigenerativi (4)\" onerror=\"this.style.display='none'\"  sizes=\"auto, (max-width: 768px) 100vw, 100vw\" srcset=\"https:\/\/www.babcock-wanson.com\/wp-content\/uploads\/2018\/09\/Regenerative-Oxidisers-4.jpg 600w, https:\/\/www.babcock-wanson.com\/wp-content\/uploads\/2018\/09\/Regenerative-Oxidisers-4-300x200.jpg 300w, https:\/\/www.babcock-wanson.com\/wp-content\/uploads\/2018\/09\/Regenerative-Oxidisers-4-420x280.jpg 420w, https:\/\/www.babcock-wanson.com\/wp-content\/uploads\/2018\/09\/Regenerative-Oxidisers-4-315x210.jpg 315w\" \/>\t\t\t\t\t\t\t\n<h2>\n\t\tRiduzione di NOx ed Emissioni\n\t<\/h2>\n\t<p>L&#8217;efficienza energetica non \u00e8 l&#8217;unico vantaggio offerto dai prodotti Babcock Wanson; le caratteristiche ecosostenibili sono fondamentali anche per aiutare gli industriali a ridurre il loro impatto sull&#8217;ambiente.<\/p>\n<p>Gli ossidi di azoto, abbreviati in NOx, hanno impatti significativi sulla salute e l&#8217;ambiente. Prodotte negli impianti di combustione, le emissioni di NOx contribuiscono all&#8217;acidificazione degli ambienti naturali, all&#8217;inquinamento fotochimico (smog) e all&#8217;eutrofizzazione (alterazione degli ambienti acquatici dovuta all&#8217;eccessivo sviluppo della vegetazione).<\/p>\n<p>La squadra formata dai tecnici di combustione di Babcock Wanson ha l&#8217;obiettivo di ridurre i NOx generati dalla combustione e migliorare l&#8217;efficienza energetica in virt\u00f9 di un aumento nel campo di modulazione dei nostri bruciatori. Pi\u00f9 la potenza del bruciatore corrisponde rigorosamente al fabbisogno del processo, meno perdite ci sono e pi\u00f9 \u00e8 efficiente il processo generale.<\/p>\n<p>La fornitura di soluzioni ad alta efficienza garantisce, quindi, anche una riduzione delle emissioni di CO<sub>2<\/sub>.<\/p>\n<h2>\n\t\tEconomia Circolare\n\t<\/h2>\n\t<p>Babcock Wanson si propone di lavorare con fornitori locali di beni e servizi ovunque sia praticabile.<\/p>\n<p>Ci proponiamo inoltre di ridurre la distanza del trasporto di tutti i materiali consegnati nei nostri impianti di fabbricazione.<\/p>\n<p>In Babcock Wanson perseguiamo questi obiettivi e, nel farlo, ci impegniamo duramente per rispettare l&#8217;ambiente. Il nostro traguardo \u00e8 promuovere un&#8217;economia circolare che riduca l&#8217;impatto ambientale correlato al ciclo di vita e alla produzione di tutti i nostri prodotti.<\/p>\n\t\t\t\t\t\t\t<img loading=\"lazy\" decoding=\"async\" src=\"https:\/\/www.babcock-wanson.com\/wp-content\/uploads\/2018\/08\/HTV-Indirect-Process-Air-Heaters-4.jpg\" alt=\"Generatore di aria calda di processo indiretto HTV-N \" itemprop=\"image\" height=\"400\" width=\"600\" title=\"Generatore di aria calda di processo indiretto HTV-N (4)\" onerror=\"this.style.display='none'\"  sizes=\"auto, (max-width: 768px) 100vw, 100vw\" srcset=\"https:\/\/www.babcock-wanson.com\/wp-content\/uploads\/2018\/08\/HTV-Indirect-Process-Air-Heaters-4.jpg 600w, https:\/\/www.babcock-wanson.com\/wp-content\/uploads\/2018\/08\/HTV-Indirect-Process-Air-Heaters-4-300x200.jpg 300w, https:\/\/www.babcock-wanson.com\/wp-content\/uploads\/2018\/08\/HTV-Indirect-Process-Air-Heaters-4-420x280.jpg 420w, https:\/\/www.babcock-wanson.com\/wp-content\/uploads\/2018\/08\/HTV-Indirect-Process-Air-Heaters-4-315x210.jpg 315w\" \/>\t\t\t\t\t\t\t\n<h3>\n\tDiventare pi\u00f9 puliti e pi\u00f9 verdi\n\t<\/h3>\n\t<p>Una comprensione maggiore e i miglioramenti nella tecnologia ci forniscono varie opportunit\u00e0 per migliorare il modo in cui operiamo e minimizzare i nostri impatti ambientali in modo pi\u00f9 intelligente e misurato.<\/p>\n\t<a href=\"https:\/\/www.babcock-wanson.com\/it\/contatta-babcock-wanson\/\" target=\"_self\" role=\"button\" rel=\"noopener\">\n\t\t\t\t\tMaggiori Informazioni\n\t<\/a>\n<h3>\n\tIniziative Smarter Green\n\t<\/h3>\n\t<p>Il nostro programma Smarter Green. Smarter Green risponde agli impatti chiave prodotti dalle nostre attivit\u00e0 sull&#8217;ambiente, incluso il cambiamento climatico e l&#8217;uso dell&#8217;energia.<\/p>\n\t<a href=\"https:\/\/www.babcock-wanson.com\/it\/contatta-babcock-wanson\/\" target=\"_self\" role=\"button\" rel=\"noopener\">\n\t\t\t\t\tMaggiori Informazioni\n\t<\/a>\n\n<\/div><!-- .vgblk-rw-wrapper -->","protected":false},"excerpt":{"rendered":"<p>Babcock Wanson \u00e8 totalmente impegnata a integrare la sostenibilit\u00e0 nella sua strategia commerciale globale. Lo scopo \u00e8 aiutare i clienti a raggiungere gli obiettivi ambientali prefissati Impatto Ambientale Le nostre caratteristiche ecosostenibili sono fondamentali per aiutare i nostri clienti a ridurre il loro impatto sull&#8217;ambiente. Efficienza Energetica Offriamo molte opzioni di ottimizzazione e lavoreremo con&#8230;<\/p>\n","protected":false},"author":1,"featured_media":0,"parent":24785,"menu_order":0,"comment_status":"closed","ping_status":"closed","template":"","meta":{"_acf_changed":false,"_relevanssi_hide_post":"","_relevanssi_hide_content":"","_relevanssi_pin_for_all":"","_relevanssi_pin_keywords":"","_relevanssi_unpin_keywords":"","_relevanssi_related_keywords":"","_relevanssi_related_include_ids":"","_relevanssi_related_exclude_ids":"","_relevanssi_related_no_append":"","_relevanssi_related_not_related":"","_relevanssi_related_posts":"","_relevanssi_noindex_reason":"","footnotes":""},"class_list":["post-24825","page","type-page","status-publish","hentry"],"acf":[],"yoast_head":"<!-- This site is optimized with the Yoast SEO Premium plugin v27.4 (Yoast SEO v27.4) - https:\/\/yoast.com\/product\/yoast-seo-premium-wordpress\/ -->\n<title>Sostenibilit\u00e0 - Babcock Wanson<\/title>\n<meta name=\"description\" content=\"Babcock Wanson \u00e8 totalmente impegnata a integrare la sostenibilit\u00e0 nella sua strategia commerciale globale. Clicca per leggi di pi\u00f9\" \/>\n<meta name=\"robots\" content=\"index, follow, max-snippet:-1, max-image-preview:large, max-video-preview:-1\" \/>\n<link rel=\"canonical\" href=\"https:\/\/www.babcock-wanson.com\/it\/profilo-aziendale\/sostenibilita\/\" \/>\n<meta property=\"og:locale\" content=\"it_IT\" \/>\n<meta property=\"og:type\" content=\"article\" \/>\n<meta property=\"og:title\" content=\"Sostenibilit\u00e0\" \/>\n<meta property=\"og:description\" content=\"Babcock Wanson \u00e8 totalmente impegnata a integrare la sostenibilit\u00e0 nella sua strategia commerciale globale. Clicca per leggi di pi\u00f9\" \/>\n<meta property=\"og:url\" content=\"https:\/\/www.babcock-wanson.com\/it\/profilo-aziendale\/sostenibilita\/\" \/>\n<meta property=\"og:site_name\" content=\"Babcock Wanson\" \/>\n<meta property=\"article:modified_time\" content=\"2025-11-04T15:03:30+00:00\" \/>\n<meta property=\"og:image\" content=\"https:\/\/www.babcock-wanson.com\/wp-content\/uploads\/2019\/02\/boiler-management-training-1.jpg\" \/>\n<meta name=\"twitter:card\" content=\"summary_large_image\" \/>\n<meta name=\"twitter:label1\" content=\"Est. reading time\" \/>\n\t<meta name=\"twitter:data1\" content=\"4 minuti\" \/>\n<script type=\"application\/ld+json\" class=\"yoast-schema-graph\">{\"@context\":\"https:\\\/\\\/schema.org\",\"@graph\":[{\"@type\":\"WebPage\",\"@id\":\"https:\\\/\\\/www.babcock-wanson.com\\\/it\\\/profilo-aziendale\\\/sostenibilita\\\/\",\"url\":\"https:\\\/\\\/www.babcock-wanson.com\\\/it\\\/profilo-aziendale\\\/sostenibilita\\\/\",\"name\":\"Sostenibilit\u00e0 - Babcock Wanson\",\"isPartOf\":{\"@id\":\"https:\\\/\\\/www.babcock-wanson.com\\\/it\\\/#website\"},\"primaryImageOfPage\":{\"@id\":\"https:\\\/\\\/www.babcock-wanson.com\\\/it\\\/profilo-aziendale\\\/sostenibilita\\\/#primaryimage\"},\"image\":{\"@id\":\"https:\\\/\\\/www.babcock-wanson.com\\\/it\\\/profilo-aziendale\\\/sostenibilita\\\/#primaryimage\"},\"thumbnailUrl\":\"https:\\\/\\\/www.babcock-wanson.com\\\/wp-content\\\/uploads\\\/2019\\\/02\\\/boiler-management-training-1.jpg\",\"datePublished\":\"2020-03-16T15:55:46+00:00\",\"dateModified\":\"2025-11-04T15:03:30+00:00\",\"description\":\"Babcock Wanson \u00e8 totalmente impegnata a integrare la sostenibilit\u00e0 nella sua strategia commerciale globale. Clicca per leggi di pi\u00f9\",\"breadcrumb\":{\"@id\":\"https:\\\/\\\/www.babcock-wanson.com\\\/it\\\/profilo-aziendale\\\/sostenibilita\\\/#breadcrumb\"},\"inLanguage\":\"it-IT\",\"potentialAction\":[{\"@type\":\"ReadAction\",\"target\":[\"https:\\\/\\\/www.babcock-wanson.com\\\/it\\\/profilo-aziendale\\\/sostenibilita\\\/\"]}]},{\"@type\":\"ImageObject\",\"inLanguage\":\"it-IT\",\"@id\":\"https:\\\/\\\/www.babcock-wanson.com\\\/it\\\/profilo-aziendale\\\/sostenibilita\\\/#primaryimage\",\"url\":\"https:\\\/\\\/www.babcock-wanson.com\\\/wp-content\\\/uploads\\\/2019\\\/02\\\/boiler-management-training-1.jpg\",\"contentUrl\":\"https:\\\/\\\/www.babcock-wanson.com\\\/wp-content\\\/uploads\\\/2019\\\/02\\\/boiler-management-training-1.jpg\"},{\"@type\":\"BreadcrumbList\",\"@id\":\"https:\\\/\\\/www.babcock-wanson.com\\\/it\\\/profilo-aziendale\\\/sostenibilita\\\/#breadcrumb\",\"itemListElement\":[{\"@type\":\"ListItem\",\"position\":1,\"name\":\"Inicio\",\"item\":\"https:\\\/\\\/www.babcock-wanson.com\\\/it\\\/\"},{\"@type\":\"ListItem\",\"position\":2,\"name\":\"Profilo Aziendale\",\"item\":\"https:\\\/\\\/www.babcock-wanson.com\\\/it\\\/profilo-aziendale\\\/\"},{\"@type\":\"ListItem\",\"position\":3,\"name\":\"Sostenibilit\u00e0\"}]},{\"@type\":\"WebSite\",\"@id\":\"https:\\\/\\\/www.babcock-wanson.com\\\/it\\\/#website\",\"url\":\"https:\\\/\\\/www.babcock-wanson.com\\\/it\\\/\",\"name\":\"Babcock Wanson\",\"description\":\"\",\"publisher\":{\"@id\":\"https:\\\/\\\/www.babcock-wanson.com\\\/it\\\/#organization\"},\"potentialAction\":[{\"@type\":\"SearchAction\",\"target\":{\"@type\":\"EntryPoint\",\"urlTemplate\":\"https:\\\/\\\/www.babcock-wanson.com\\\/it\\\/?s={search_term_string}\"},\"query-input\":{\"@type\":\"PropertyValueSpecification\",\"valueRequired\":true,\"valueName\":\"search_term_string\"}}],\"inLanguage\":\"it-IT\"},{\"@type\":\"Organization\",\"@id\":\"https:\\\/\\\/www.babcock-wanson.com\\\/it\\\/#organization\",\"name\":\"Babcock Wanson\",\"url\":\"https:\\\/\\\/www.babcock-wanson.com\\\/it\\\/\",\"logo\":{\"@type\":\"ImageObject\",\"inLanguage\":\"it-IT\",\"@id\":\"https:\\\/\\\/www.babcock-wanson.com\\\/it\\\/#\\\/schema\\\/logo\\\/image\\\/\",\"url\":\"https:\\\/\\\/www.babcock-wanson.com\\\/wp-content\\\/uploads\\\/2024\\\/02\\\/Babcock-Wanson-1200x1200-1.png\",\"contentUrl\":\"https:\\\/\\\/www.babcock-wanson.com\\\/wp-content\\\/uploads\\\/2024\\\/02\\\/Babcock-Wanson-1200x1200-1.png\",\"width\":1200,\"height\":1200,\"caption\":\"Babcock Wanson\"},\"image\":{\"@id\":\"https:\\\/\\\/www.babcock-wanson.com\\\/it\\\/#\\\/schema\\\/logo\\\/image\\\/\"},\"sameAs\":[\"https:\\\/\\\/www.linkedin.com\\\/company\\\/babcock-wanson\\\/\",\"https:\\\/\\\/www.youtube.com\\\/channel\\\/UCtxl25VieBBsP2kYmtlyv7A\"]}]}<\/script>\n<!-- \/ Yoast SEO Premium plugin. -->","yoast_head_json":{"title":"Sostenibilit\u00e0 - Babcock Wanson","description":"Babcock Wanson \u00e8 totalmente impegnata a integrare la sostenibilit\u00e0 nella sua strategia commerciale globale. Clicca per leggi di pi\u00f9","robots":{"index":"index","follow":"follow","max-snippet":"max-snippet:-1","max-image-preview":"max-image-preview:large","max-video-preview":"max-video-preview:-1"},"canonical":"https:\/\/www.babcock-wanson.com\/it\/profilo-aziendale\/sostenibilita\/","og_locale":"it_IT","og_type":"article","og_title":"Sostenibilit\u00e0","og_description":"Babcock Wanson \u00e8 totalmente impegnata a integrare la sostenibilit\u00e0 nella sua strategia commerciale globale. Clicca per leggi di pi\u00f9","og_url":"https:\/\/www.babcock-wanson.com\/it\/profilo-aziendale\/sostenibilita\/","og_site_name":"Babcock Wanson","article_modified_time":"2025-11-04T15:03:30+00:00","og_image":[{"url":"https:\/\/www.babcock-wanson.com\/wp-content\/uploads\/2019\/02\/boiler-management-training-1.jpg","type":"","width":"","height":""}],"twitter_card":"summary_large_image","twitter_misc":{"Est. reading time":"4 minuti"},"schema":{"@context":"https:\/\/schema.org","@graph":[{"@type":"WebPage","@id":"https:\/\/www.babcock-wanson.com\/it\/profilo-aziendale\/sostenibilita\/","url":"https:\/\/www.babcock-wanson.com\/it\/profilo-aziendale\/sostenibilita\/","name":"Sostenibilit\u00e0 - Babcock Wanson","isPartOf":{"@id":"https:\/\/www.babcock-wanson.com\/it\/#website"},"primaryImageOfPage":{"@id":"https:\/\/www.babcock-wanson.com\/it\/profilo-aziendale\/sostenibilita\/#primaryimage"},"image":{"@id":"https:\/\/www.babcock-wanson.com\/it\/profilo-aziendale\/sostenibilita\/#primaryimage"},"thumbnailUrl":"https:\/\/www.babcock-wanson.com\/wp-content\/uploads\/2019\/02\/boiler-management-training-1.jpg","datePublished":"2020-03-16T15:55:46+00:00","dateModified":"2025-11-04T15:03:30+00:00","description":"Babcock Wanson \u00e8 totalmente impegnata a integrare la sostenibilit\u00e0 nella sua strategia commerciale globale. Clicca per leggi di pi\u00f9","breadcrumb":{"@id":"https:\/\/www.babcock-wanson.com\/it\/profilo-aziendale\/sostenibilita\/#breadcrumb"},"inLanguage":"it-IT","potentialAction":[{"@type":"ReadAction","target":["https:\/\/www.babcock-wanson.com\/it\/profilo-aziendale\/sostenibilita\/"]}]},{"@type":"ImageObject","inLanguage":"it-IT","@id":"https:\/\/www.babcock-wanson.com\/it\/profilo-aziendale\/sostenibilita\/#primaryimage","url":"https:\/\/www.babcock-wanson.com\/wp-content\/uploads\/2019\/02\/boiler-management-training-1.jpg","contentUrl":"https:\/\/www.babcock-wanson.com\/wp-content\/uploads\/2019\/02\/boiler-management-training-1.jpg"},{"@type":"BreadcrumbList","@id":"https:\/\/www.babcock-wanson.com\/it\/profilo-aziendale\/sostenibilita\/#breadcrumb","itemListElement":[{"@type":"ListItem","position":1,"name":"Inicio","item":"https:\/\/www.babcock-wanson.com\/it\/"},{"@type":"ListItem","position":2,"name":"Profilo Aziendale","item":"https:\/\/www.babcock-wanson.com\/it\/profilo-aziendale\/"},{"@type":"ListItem","position":3,"name":"Sostenibilit\u00e0"}]},{"@type":"WebSite","@id":"https:\/\/www.babcock-wanson.com\/it\/#website","url":"https:\/\/www.babcock-wanson.com\/it\/","name":"Babcock Wanson","description":"","publisher":{"@id":"https:\/\/www.babcock-wanson.com\/it\/#organization"},"potentialAction":[{"@type":"SearchAction","target":{"@type":"EntryPoint","urlTemplate":"https:\/\/www.babcock-wanson.com\/it\/?s={search_term_string}"},"query-input":{"@type":"PropertyValueSpecification","valueRequired":true,"valueName":"search_term_string"}}],"inLanguage":"it-IT"},{"@type":"Organization","@id":"https:\/\/www.babcock-wanson.com\/it\/#organization","name":"Babcock Wanson","url":"https:\/\/www.babcock-wanson.com\/it\/","logo":{"@type":"ImageObject","inLanguage":"it-IT","@id":"https:\/\/www.babcock-wanson.com\/it\/#\/schema\/logo\/image\/","url":"https:\/\/www.babcock-wanson.com\/wp-content\/uploads\/2024\/02\/Babcock-Wanson-1200x1200-1.png","contentUrl":"https:\/\/www.babcock-wanson.com\/wp-content\/uploads\/2024\/02\/Babcock-Wanson-1200x1200-1.png","width":1200,"height":1200,"caption":"Babcock Wanson"},"image":{"@id":"https:\/\/www.babcock-wanson.com\/it\/#\/schema\/logo\/image\/"},"sameAs":["https:\/\/www.linkedin.com\/company\/babcock-wanson\/","https:\/\/www.youtube.com\/channel\/UCtxl25VieBBsP2kYmtlyv7A"]}]}},"jetpack_sharing_enabled":true,"_links":{"self":[{"href":"https:\/\/www.babcock-wanson.com\/it\/wp-json\/wp\/v2\/pages\/24825","targetHints":{"allow":["GET"]}}],"collection":[{"href":"https:\/\/www.babcock-wanson.com\/it\/wp-json\/wp\/v2\/pages"}],"about":[{"href":"https:\/\/www.babcock-wanson.com\/it\/wp-json\/wp\/v2\/types\/page"}],"author":[{"embeddable":true,"href":"https:\/\/www.babcock-wanson.com\/it\/wp-json\/wp\/v2\/users\/1"}],"replies":[{"embeddable":true,"href":"https:\/\/www.babcock-wanson.com\/it\/wp-json\/wp\/v2\/comments?post=24825"}],"version-history":[{"count":4,"href":"https:\/\/www.babcock-wanson.com\/it\/wp-json\/wp\/v2\/pages\/24825\/revisions"}],"predecessor-version":[{"id":52980,"href":"https:\/\/www.babcock-wanson.com\/it\/wp-json\/wp\/v2\/pages\/24825\/revisions\/52980"}],"up":[{"embeddable":true,"href":"https:\/\/www.babcock-wanson.com\/it\/wp-json\/wp\/v2\/pages\/24785"}],"wp:attachment":[{"href":"https:\/\/www.babcock-wanson.com\/it\/wp-json\/wp\/v2\/media?parent=24825"}],"curies":[{"name":"wp","href":"https:\/\/api.w.org\/{rel}","templated":true}]}}